{"id":1589,"date":"2019-12-07T10:08:35","date_gmt":"2019-12-07T10:08:35","guid":{"rendered":"https:\/\/staging.cerakote.co.uk\/?post_type=product&#038;p=1589"},"modified":"2024-08-05T13:26:38","modified_gmt":"2024-08-05T13:26:38","slug":"infrared-thermometer-se-322","status":"publish","type":"product","link":"https:\/\/www.cerakotesa.com\/fr\/produit\/infrared-thermometer-se-322\/","title":{"rendered":"Thermom\u00e8tre infrarouge SE-322"},"content":{"rendered":"","protected":false},"excerpt":{"rendered":"<p>Cerakote<sup>\u00ae<\/sup> Le thermom\u00e8tre infrarouge sera un excellent compl\u00e9ment \u00e0 votre \u00e9quipement Cerakote.<sup>\u00ae<\/sup> de l'\u00e9quipement. Le fait de conna\u00eetre \u00e0 tout moment la temp\u00e9rature de votre substrat est un \u00e9l\u00e9ment essentiel de votre produit fini. Il s'agit d'un pistolet hautement recommand\u00e9 par notre service de formation et d'un \u00e9l\u00e9ment essentiel pour perfectionner votre m\u00e9tier !<\/p>\n<p>Fonctions principales :<\/p>\n<ul>\n<li>\u00c9cran LCD<\/li>\n<li>Bouton de tension sans contact (NCV)<\/li>\n<li>R\u00e9tro-\u00e9clairage\/pointeur laser\/bouton haut<\/li>\n<li>Bouton de mode<\/li>\n<li>Bouton C\/F\/Down<\/li>\n<li>Compartiment \u00e0 piles<\/li>\n<li>Trou laser<\/li>\n<li>Capteur IR<\/li>\n<li>D\u00e9clenchement de la mesure<\/li>\n<\/ul>\n<p>&nbsp;<\/p>\n<p>Affichage de la temp\u00e9rature de surface :<\/p>\n<ul>\n<li>Ic\u00f4ne de batterie faible<\/li>\n<li>Ic\u00f4ne de pointeur laser<\/li>\n<li>Ic\u00f4ne de r\u00e9tro\u00e9clairage<\/li>\n<li>Indicateur de balayage<\/li>\n<li>Ic\u00f4ne de maintien<\/li>\n<li>Unit\u00e9 de temp\u00e9rature<\/li>\n<li>Temp\u00e9rature actuelle<\/li>\n<li>Niveau de temp\u00e9rature\/\u00e9missivit\u00e9 max. Temp\u00e9rature\/niveau d'\u00e9missivit\u00e9 (guide inclus)<\/li>\n<li>Max. Ic\u00f4ne de temp\u00e9rature<\/li>\n<li>Ic\u00f4ne d'\u00e9missivit\u00e9 r\u00e9glable<\/li>\n<\/ul>","protected":false},"featured_media":12973,"comment_status":"closed","ping_status":"closed","template":"","meta":{"_acf_changed":false},"product_brand":[],"product_cat":[106],"product_tag":[105,583,584,585],"class_list":{"0":"post-1589","1":"product","2":"type-product","3":"status-publish","4":"has-post-thumbnail","6":"product_cat-equipment","7":"product_tag-equipment","8":"product_tag-infrared-thermometer","9":"product_tag-se-322","10":"product_tag-thermometer","11":"product_shipping_class-flat-rate","13":"first","14":"instock","15":"taxable","16":"shipping-taxable","17":"product-type-simple"},"yoast_head":"<!-- This site is optimized with the Yoast SEO plugin v26.7 - https:\/\/yoast.com\/wordpress\/plugins\/seo\/ -->\n<title>Infrared Thermometer SE-322 - Cerakote South Africa<\/title>\n<meta name=\"robots\" content=\"index, follow, max-snippet:-1, max-image-preview:large, max-video-preview:-1\" \/>\n<link rel=\"canonical\" href=\"https:\/\/www.cerakotesa.com\/fr\/produit\/infrared-thermometer-se-322\/\" \/>\n<meta property=\"og:locale\" content=\"fr_FR\" \/>\n<meta property=\"og:type\" content=\"article\" \/>\n<meta property=\"og:title\" content=\"Infrared Thermometer SE-322 - Cerakote South Africa\" \/>\n<meta property=\"og:description\" content=\"Cerakote\u00ae Infrared Thermometer will be a great addition to your Cerakote\u00ae equipment. Being aware of the temperature of your substrate at all times is a vital component of your finished product. This is a highly recommended gun by our training department, and an imperative piece in perfecting your craft!  Main Functions:   LCD Display  Non-Contact Voltage (NCV) button  Backlight\/Laser pointer\/Up button  Mode button  C\/F\/Down button  Battery Compartment  Laser hole  IR sensor  Measurement trigger  &nbsp;  Surface Temperature Display:   Low batter icon  Laser pointer icon  Backlight icon  Scanning indicator  Hold icon  Temperature unit  Current temperature  Max. Temperature\/Emissivity level (guide included)  Max. Temperature icon  Adjustable emissivity icon\" \/>\n<meta property=\"og:url\" content=\"https:\/\/www.cerakotesa.com\/fr\/produit\/infrared-thermometer-se-322\/\" \/>\n<meta property=\"og:site_name\" content=\"Cerakote South Africa\" \/>\n<meta property=\"article:modified_time\" content=\"2024-08-05T13:26:38+00:00\" \/>\n<meta property=\"og:image\" content=\"https:\/\/www.cerakotesa.com\/wp-content\/uploads\/2023\/06\/cerakote-infrared-thermometer-se-322-dt20211001152040044-thumbnail.jpg\" \/>\n\t<meta property=\"og:image:width\" content=\"800\" \/>\n\t<meta property=\"og:image:height\" content=\"800\" \/>\n\t<meta property=\"og:image:type\" content=\"image\/jpeg\" \/>\n<meta name=\"twitter:card\" content=\"summary_large_image\" \/>\n<script type=\"application\/ld+json\" class=\"yoast-schema-graph\">{\"@context\":\"https:\/\/schema.org\",\"@graph\":[{\"@type\":\"WebPage\",\"@id\":\"https:\/\/www.cerakotesa.com\/product\/infrared-thermometer-se-322\/\",\"url\":\"https:\/\/www.cerakotesa.com\/product\/infrared-thermometer-se-322\/\",\"name\":\"Infrared Thermometer SE-322 - Cerakote South Africa\",\"isPartOf\":{\"@id\":\"https:\/\/www.cerakotesa.com\/#website\"},\"primaryImageOfPage\":{\"@id\":\"https:\/\/www.cerakotesa.com\/product\/infrared-thermometer-se-322\/#primaryimage\"},\"image\":{\"@id\":\"https:\/\/www.cerakotesa.com\/product\/infrared-thermometer-se-322\/#primaryimage\"},\"thumbnailUrl\":\"https:\/\/www.cerakotesa.com\/wp-content\/uploads\/2023\/06\/cerakote-infrared-thermometer-se-322-dt20211001152040044-thumbnail.jpg\",\"datePublished\":\"2019-12-07T10:08:35+00:00\",\"dateModified\":\"2024-08-05T13:26:38+00:00\",\"breadcrumb\":{\"@id\":\"https:\/\/www.cerakotesa.com\/product\/infrared-thermometer-se-322\/#breadcrumb\"},\"inLanguage\":\"fr-FR\",\"potentialAction\":[{\"@type\":\"ReadAction\",\"target\":[\"https:\/\/www.cerakotesa.com\/product\/infrared-thermometer-se-322\/\"]}]},{\"@type\":\"ImageObject\",\"inLanguage\":\"fr-FR\",\"@id\":\"https:\/\/www.cerakotesa.com\/product\/infrared-thermometer-se-322\/#primaryimage\",\"url\":\"https:\/\/www.cerakotesa.com\/wp-content\/uploads\/2023\/06\/cerakote-infrared-thermometer-se-322-dt20211001152040044-thumbnail.jpg\",\"contentUrl\":\"https:\/\/www.cerakotesa.com\/wp-content\/uploads\/2023\/06\/cerakote-infrared-thermometer-se-322-dt20211001152040044-thumbnail.jpg\",\"width\":800,\"height\":800},{\"@type\":\"BreadcrumbList\",\"@id\":\"https:\/\/www.cerakotesa.com\/product\/infrared-thermometer-se-322\/#breadcrumb\",\"itemListElement\":[{\"@type\":\"ListItem\",\"position\":1,\"name\":\"Home\",\"item\":\"https:\/\/www.cerakotesa.com\/\"},{\"@type\":\"ListItem\",\"position\":2,\"name\":\"Products\",\"item\":\"https:\/\/www.cerakotesa.com\/shop\/\"},{\"@type\":\"ListItem\",\"position\":3,\"name\":\"Infrared Thermometer SE-322\"}]},{\"@type\":\"WebSite\",\"@id\":\"https:\/\/www.cerakotesa.com\/#website\",\"url\":\"https:\/\/www.cerakotesa.com\/\",\"name\":\"Cerakote South Africa\",\"description\":\"Cerakote is a global leader in the manufacturing of thin-film protective ceramic coatings\",\"potentialAction\":[{\"@type\":\"SearchAction\",\"target\":{\"@type\":\"EntryPoint\",\"urlTemplate\":\"https:\/\/www.cerakotesa.com\/?s={search_term_string}\"},\"query-input\":{\"@type\":\"PropertyValueSpecification\",\"valueRequired\":true,\"valueName\":\"search_term_string\"}}],\"inLanguage\":\"fr-FR\"}]}<\/script>\n<!-- \/ Yoast SEO plugin. -->","yoast_head_json":{"title":"Infrared Thermometer SE-322 - Cerakote South Africa","robots":{"index":"index","follow":"follow","max-snippet":"max-snippet:-1","max-image-preview":"max-image-preview:large","max-video-preview":"max-video-preview:-1"},"canonical":"https:\/\/www.cerakotesa.com\/fr\/produit\/infrared-thermometer-se-322\/","og_locale":"fr_FR","og_type":"article","og_title":"Infrared Thermometer SE-322 - Cerakote South Africa","og_description":"Cerakote\u00ae Infrared Thermometer will be a great addition to your Cerakote\u00ae equipment. Being aware of the temperature of your substrate at all times is a vital component of your finished product. This is a highly recommended gun by our training department, and an imperative piece in perfecting your craft!  Main Functions:   LCD Display  Non-Contact Voltage (NCV) button  Backlight\/Laser pointer\/Up button  Mode button  C\/F\/Down button  Battery Compartment  Laser hole  IR sensor  Measurement trigger  &nbsp;  Surface Temperature Display:   Low batter icon  Laser pointer icon  Backlight icon  Scanning indicator  Hold icon  Temperature unit  Current temperature  Max. Temperature\/Emissivity level (guide included)  Max. Temperature icon  Adjustable emissivity icon","og_url":"https:\/\/www.cerakotesa.com\/fr\/produit\/infrared-thermometer-se-322\/","og_site_name":"Cerakote South Africa","article_modified_time":"2024-08-05T13:26:38+00:00","og_image":[{"width":800,"height":800,"url":"https:\/\/www.cerakotesa.com\/wp-content\/uploads\/2023\/06\/cerakote-infrared-thermometer-se-322-dt20211001152040044-thumbnail.jpg","type":"image\/jpeg"}],"twitter_card":"summary_large_image","schema":{"@context":"https:\/\/schema.org","@graph":[{"@type":"WebPage","@id":"https:\/\/www.cerakotesa.com\/product\/infrared-thermometer-se-322\/","url":"https:\/\/www.cerakotesa.com\/product\/infrared-thermometer-se-322\/","name":"Infrared Thermometer SE-322 - Cerakote South Africa","isPartOf":{"@id":"https:\/\/www.cerakotesa.com\/#website"},"primaryImageOfPage":{"@id":"https:\/\/www.cerakotesa.com\/product\/infrared-thermometer-se-322\/#primaryimage"},"image":{"@id":"https:\/\/www.cerakotesa.com\/product\/infrared-thermometer-se-322\/#primaryimage"},"thumbnailUrl":"https:\/\/www.cerakotesa.com\/wp-content\/uploads\/2023\/06\/cerakote-infrared-thermometer-se-322-dt20211001152040044-thumbnail.jpg","datePublished":"2019-12-07T10:08:35+00:00","dateModified":"2024-08-05T13:26:38+00:00","breadcrumb":{"@id":"https:\/\/www.cerakotesa.com\/product\/infrared-thermometer-se-322\/#breadcrumb"},"inLanguage":"fr-FR","potentialAction":[{"@type":"ReadAction","target":["https:\/\/www.cerakotesa.com\/product\/infrared-thermometer-se-322\/"]}]},{"@type":"ImageObject","inLanguage":"fr-FR","@id":"https:\/\/www.cerakotesa.com\/product\/infrared-thermometer-se-322\/#primaryimage","url":"https:\/\/www.cerakotesa.com\/wp-content\/uploads\/2023\/06\/cerakote-infrared-thermometer-se-322-dt20211001152040044-thumbnail.jpg","contentUrl":"https:\/\/www.cerakotesa.com\/wp-content\/uploads\/2023\/06\/cerakote-infrared-thermometer-se-322-dt20211001152040044-thumbnail.jpg","width":800,"height":800},{"@type":"BreadcrumbList","@id":"https:\/\/www.cerakotesa.com\/product\/infrared-thermometer-se-322\/#breadcrumb","itemListElement":[{"@type":"ListItem","position":1,"name":"Home","item":"https:\/\/www.cerakotesa.com\/"},{"@type":"ListItem","position":2,"name":"Products","item":"https:\/\/www.cerakotesa.com\/shop\/"},{"@type":"ListItem","position":3,"name":"Infrared Thermometer SE-322"}]},{"@type":"WebSite","@id":"https:\/\/www.cerakotesa.com\/#website","url":"https:\/\/www.cerakotesa.com\/","name":"Cerakote South Africa","description":"Cerakote est un leader mondial dans la fabrication de rev\u00eatements c\u00e9ramiques protecteurs en couches minces.","potentialAction":[{"@type":"SearchAction","target":{"@type":"EntryPoint","urlTemplate":"https:\/\/www.cerakotesa.com\/?s={search_term_string}"},"query-input":{"@type":"PropertyValueSpecification","valueRequired":true,"valueName":"search_term_string"}}],"inLanguage":"fr-FR"}]}},"acf":[],"_links":{"self":[{"href":"https:\/\/www.cerakotesa.com\/fr\/wp-json\/wp\/v2\/product\/1589","targetHints":{"allow":["GET"]}}],"collection":[{"href":"https:\/\/www.cerakotesa.com\/fr\/wp-json\/wp\/v2\/product"}],"about":[{"href":"https:\/\/www.cerakotesa.com\/fr\/wp-json\/wp\/v2\/types\/product"}],"replies":[{"embeddable":true,"href":"https:\/\/www.cerakotesa.com\/fr\/wp-json\/wp\/v2\/comments?post=1589"}],"wp:featuredmedia":[{"embeddable":true,"href":"https:\/\/www.cerakotesa.com\/fr\/wp-json\/wp\/v2\/media\/12973"}],"wp:attachment":[{"href":"https:\/\/www.cerakotesa.com\/fr\/wp-json\/wp\/v2\/media?parent=1589"}],"wp:term":[{"taxonomy":"product_brand","embeddable":true,"href":"https:\/\/www.cerakotesa.com\/fr\/wp-json\/wp\/v2\/product_brand?post=1589"},{"taxonomy":"product_cat","embeddable":true,"href":"https:\/\/www.cerakotesa.com\/fr\/wp-json\/wp\/v2\/product_cat?post=1589"},{"taxonomy":"product_tag","embeddable":true,"href":"https:\/\/www.cerakotesa.com\/fr\/wp-json\/wp\/v2\/product_tag?post=1589"}],"curies":[{"name":"wp","href":"https:\/\/api.w.org\/{rel}","templated":true}]}}