{"id":1592,"date":"2019-12-07T10:23:09","date_gmt":"2019-12-07T10:23:09","guid":{"rendered":"https:\/\/staging.cerakote.co.uk\/?post_type=product&#038;p=1592"},"modified":"2025-10-02T09:30:07","modified_gmt":"2025-10-02T09:30:07","slug":"shake-n-blast-canister-se-221","status":"publish","type":"product","link":"https:\/\/www.cerakotesa.com\/fr\/produit\/shake-n-blast-canister-se-221\/","title":{"rendered":"Shake N Blast Canister SE-3115"},"content":{"rendered":"","protected":false},"excerpt":{"rendered":"<p>La bo\u00eete m\u00e9tallique Shake N Blast est parfaite pour le sablage de petites pi\u00e8ces sans risque de perdre des composants. Remarque : la bo\u00eete de grenaillage Shake N Blast est con\u00e7ue pour des pi\u00e8ces d'une taille comprise entre 0,500 pouce cube et 0,087 pouce cube. La dur\u00e9e du sablage sera d\u00e9termin\u00e9e par la taille de la pi\u00e8ce \u00e0 sabler, la quantit\u00e9 de pi\u00e8ces \u00e0 sabler, le type de produit de sablage et la pression d'air. Il est pr\u00e9f\u00e9rable de secouer de haut en bas et d'avant en arri\u00e8re. De plus, l'ajustement l\u00e2che du capuchon est n\u00e9cessaire pour \u00e9viter l'accumulation de grains abrasifs et le blocage du capuchon en place.<\/p>\n<p>Fabriqu\u00e9 aux \u00c9tats-Unis.<\/p>","protected":false},"featured_media":12978,"comment_status":"closed","ping_status":"closed","template":"","meta":{"_acf_changed":false},"product_brand":[],"product_cat":[106],"product_tag":[105,1201,590],"class_list":{"0":"post-1592","1":"product","2":"type-product","3":"status-publish","4":"has-post-thumbnail","6":"product_cat-equipment","7":"product_tag-equipment","8":"product_tag-se-3115","9":"product_tag-shake-n-blast-canister","10":"product_shipping_class-flat-rate","12":"first","13":"instock","14":"taxable","15":"shipping-taxable","16":"product-type-simple"},"yoast_head":"<!-- This site is optimized with the Yoast SEO plugin v26.7 - https:\/\/yoast.com\/wordpress\/plugins\/seo\/ -->\n<title>Shake N Blast Canister SE-3115 - Cerakote South Africa<\/title>\n<meta name=\"robots\" content=\"index, follow, max-snippet:-1, max-image-preview:large, max-video-preview:-1\" \/>\n<link rel=\"canonical\" href=\"https:\/\/www.cerakotesa.com\/fr\/produit\/shake-n-blast-canister-se-221\/\" \/>\n<meta property=\"og:locale\" content=\"fr_FR\" \/>\n<meta property=\"og:type\" content=\"article\" \/>\n<meta property=\"og:title\" content=\"Shake N Blast Canister SE-3115 - Cerakote South Africa\" \/>\n<meta property=\"og:description\" content=\"The Metal Shake N Blast Canister is perfect for blasting small parts without worry of losing any components. Please Note: The Shake N Blast Canister is designed for parts roughly 0.500 inch cube down to a 0.087 inch cube in size. The length of time to blast will be determined by size of the part being blasted, quantity of parts being blasted, type of blast media, and air PSI. It is best to shake both up and down and back and forth. Also, the loose fit of the cap is necessary to prevent the abrasive grains buildup and locking the cap in place.  Made in the USA.\" \/>\n<meta property=\"og:url\" content=\"https:\/\/www.cerakotesa.com\/fr\/produit\/shake-n-blast-canister-se-221\/\" \/>\n<meta property=\"og:site_name\" content=\"Cerakote South Africa\" \/>\n<meta property=\"article:modified_time\" content=\"2025-10-02T09:30:07+00:00\" \/>\n<meta property=\"og:image\" content=\"https:\/\/www.cerakotesa.com\/wp-content\/uploads\/2023\/06\/shake-n-blast-canister-se-221-dt20211001153354201-thumbnail.jpg\" \/>\n\t<meta property=\"og:image:width\" content=\"800\" \/>\n\t<meta property=\"og:image:height\" content=\"800\" \/>\n\t<meta property=\"og:image:type\" content=\"image\/jpeg\" \/>\n<meta name=\"twitter:card\" content=\"summary_large_image\" \/>\n<meta name=\"twitter:label1\" content=\"Dur\u00e9e de lecture estim\u00e9e\" \/>\n\t<meta name=\"twitter:data1\" content=\"1 minute\" \/>\n<script type=\"application\/ld+json\" class=\"yoast-schema-graph\">{\"@context\":\"https:\/\/schema.org\",\"@graph\":[{\"@type\":\"WebPage\",\"@id\":\"https:\/\/www.cerakotesa.com\/product\/shake-n-blast-canister-se-221\/\",\"url\":\"https:\/\/www.cerakotesa.com\/product\/shake-n-blast-canister-se-221\/\",\"name\":\"Shake N Blast Canister SE-3115 - Cerakote South Africa\",\"isPartOf\":{\"@id\":\"https:\/\/www.cerakotesa.com\/#website\"},\"primaryImageOfPage\":{\"@id\":\"https:\/\/www.cerakotesa.com\/product\/shake-n-blast-canister-se-221\/#primaryimage\"},\"image\":{\"@id\":\"https:\/\/www.cerakotesa.com\/product\/shake-n-blast-canister-se-221\/#primaryimage\"},\"thumbnailUrl\":\"https:\/\/www.cerakotesa.com\/wp-content\/uploads\/2023\/06\/shake-n-blast-canister-se-221-dt20211001153354201-thumbnail.jpg\",\"datePublished\":\"2019-12-07T10:23:09+00:00\",\"dateModified\":\"2025-10-02T09:30:07+00:00\",\"breadcrumb\":{\"@id\":\"https:\/\/www.cerakotesa.com\/product\/shake-n-blast-canister-se-221\/#breadcrumb\"},\"inLanguage\":\"fr-FR\",\"potentialAction\":[{\"@type\":\"ReadAction\",\"target\":[\"https:\/\/www.cerakotesa.com\/product\/shake-n-blast-canister-se-221\/\"]}]},{\"@type\":\"ImageObject\",\"inLanguage\":\"fr-FR\",\"@id\":\"https:\/\/www.cerakotesa.com\/product\/shake-n-blast-canister-se-221\/#primaryimage\",\"url\":\"https:\/\/www.cerakotesa.com\/wp-content\/uploads\/2023\/06\/shake-n-blast-canister-se-221-dt20211001153354201-thumbnail.jpg\",\"contentUrl\":\"https:\/\/www.cerakotesa.com\/wp-content\/uploads\/2023\/06\/shake-n-blast-canister-se-221-dt20211001153354201-thumbnail.jpg\",\"width\":800,\"height\":800},{\"@type\":\"BreadcrumbList\",\"@id\":\"https:\/\/www.cerakotesa.com\/product\/shake-n-blast-canister-se-221\/#breadcrumb\",\"itemListElement\":[{\"@type\":\"ListItem\",\"position\":1,\"name\":\"Home\",\"item\":\"https:\/\/www.cerakotesa.com\/\"},{\"@type\":\"ListItem\",\"position\":2,\"name\":\"Products\",\"item\":\"https:\/\/www.cerakotesa.com\/shop\/\"},{\"@type\":\"ListItem\",\"position\":3,\"name\":\"Shake N Blast Canister SE-3115\"}]},{\"@type\":\"WebSite\",\"@id\":\"https:\/\/www.cerakotesa.com\/#website\",\"url\":\"https:\/\/www.cerakotesa.com\/\",\"name\":\"Cerakote South Africa\",\"description\":\"Cerakote is a global leader in the manufacturing of thin-film protective ceramic coatings\",\"potentialAction\":[{\"@type\":\"SearchAction\",\"target\":{\"@type\":\"EntryPoint\",\"urlTemplate\":\"https:\/\/www.cerakotesa.com\/?s={search_term_string}\"},\"query-input\":{\"@type\":\"PropertyValueSpecification\",\"valueRequired\":true,\"valueName\":\"search_term_string\"}}],\"inLanguage\":\"fr-FR\"}]}<\/script>\n<!-- \/ Yoast SEO plugin. -->","yoast_head_json":{"title":"Shake N Blast Canister SE-3115 - Cerakote South Africa","robots":{"index":"index","follow":"follow","max-snippet":"max-snippet:-1","max-image-preview":"max-image-preview:large","max-video-preview":"max-video-preview:-1"},"canonical":"https:\/\/www.cerakotesa.com\/fr\/produit\/shake-n-blast-canister-se-221\/","og_locale":"fr_FR","og_type":"article","og_title":"Shake N Blast Canister SE-3115 - Cerakote South Africa","og_description":"The Metal Shake N Blast Canister is perfect for blasting small parts without worry of losing any components. Please Note: The Shake N Blast Canister is designed for parts roughly 0.500 inch cube down to a 0.087 inch cube in size. The length of time to blast will be determined by size of the part being blasted, quantity of parts being blasted, type of blast media, and air PSI. It is best to shake both up and down and back and forth. Also, the loose fit of the cap is necessary to prevent the abrasive grains buildup and locking the cap in place.  Made in the USA.","og_url":"https:\/\/www.cerakotesa.com\/fr\/produit\/shake-n-blast-canister-se-221\/","og_site_name":"Cerakote South Africa","article_modified_time":"2025-10-02T09:30:07+00:00","og_image":[{"width":800,"height":800,"url":"https:\/\/www.cerakotesa.com\/wp-content\/uploads\/2023\/06\/shake-n-blast-canister-se-221-dt20211001153354201-thumbnail.jpg","type":"image\/jpeg"}],"twitter_card":"summary_large_image","twitter_misc":{"Dur\u00e9e de lecture estim\u00e9e":"1 minute"},"schema":{"@context":"https:\/\/schema.org","@graph":[{"@type":"WebPage","@id":"https:\/\/www.cerakotesa.com\/product\/shake-n-blast-canister-se-221\/","url":"https:\/\/www.cerakotesa.com\/product\/shake-n-blast-canister-se-221\/","name":"Shake N Blast Canister SE-3115 - Cerakote South Africa","isPartOf":{"@id":"https:\/\/www.cerakotesa.com\/#website"},"primaryImageOfPage":{"@id":"https:\/\/www.cerakotesa.com\/product\/shake-n-blast-canister-se-221\/#primaryimage"},"image":{"@id":"https:\/\/www.cerakotesa.com\/product\/shake-n-blast-canister-se-221\/#primaryimage"},"thumbnailUrl":"https:\/\/www.cerakotesa.com\/wp-content\/uploads\/2023\/06\/shake-n-blast-canister-se-221-dt20211001153354201-thumbnail.jpg","datePublished":"2019-12-07T10:23:09+00:00","dateModified":"2025-10-02T09:30:07+00:00","breadcrumb":{"@id":"https:\/\/www.cerakotesa.com\/product\/shake-n-blast-canister-se-221\/#breadcrumb"},"inLanguage":"fr-FR","potentialAction":[{"@type":"ReadAction","target":["https:\/\/www.cerakotesa.com\/product\/shake-n-blast-canister-se-221\/"]}]},{"@type":"ImageObject","inLanguage":"fr-FR","@id":"https:\/\/www.cerakotesa.com\/product\/shake-n-blast-canister-se-221\/#primaryimage","url":"https:\/\/www.cerakotesa.com\/wp-content\/uploads\/2023\/06\/shake-n-blast-canister-se-221-dt20211001153354201-thumbnail.jpg","contentUrl":"https:\/\/www.cerakotesa.com\/wp-content\/uploads\/2023\/06\/shake-n-blast-canister-se-221-dt20211001153354201-thumbnail.jpg","width":800,"height":800},{"@type":"BreadcrumbList","@id":"https:\/\/www.cerakotesa.com\/product\/shake-n-blast-canister-se-221\/#breadcrumb","itemListElement":[{"@type":"ListItem","position":1,"name":"Home","item":"https:\/\/www.cerakotesa.com\/"},{"@type":"ListItem","position":2,"name":"Products","item":"https:\/\/www.cerakotesa.com\/shop\/"},{"@type":"ListItem","position":3,"name":"Shake N Blast Canister SE-3115"}]},{"@type":"WebSite","@id":"https:\/\/www.cerakotesa.com\/#website","url":"https:\/\/www.cerakotesa.com\/","name":"Cerakote South Africa","description":"Cerakote est un leader mondial dans la fabrication de rev\u00eatements c\u00e9ramiques protecteurs en couches minces.","potentialAction":[{"@type":"SearchAction","target":{"@type":"EntryPoint","urlTemplate":"https:\/\/www.cerakotesa.com\/?s={search_term_string}"},"query-input":{"@type":"PropertyValueSpecification","valueRequired":true,"valueName":"search_term_string"}}],"inLanguage":"fr-FR"}]}},"acf":[],"_links":{"self":[{"href":"https:\/\/www.cerakotesa.com\/fr\/wp-json\/wp\/v2\/product\/1592","targetHints":{"allow":["GET"]}}],"collection":[{"href":"https:\/\/www.cerakotesa.com\/fr\/wp-json\/wp\/v2\/product"}],"about":[{"href":"https:\/\/www.cerakotesa.com\/fr\/wp-json\/wp\/v2\/types\/product"}],"replies":[{"embeddable":true,"href":"https:\/\/www.cerakotesa.com\/fr\/wp-json\/wp\/v2\/comments?post=1592"}],"wp:featuredmedia":[{"embeddable":true,"href":"https:\/\/www.cerakotesa.com\/fr\/wp-json\/wp\/v2\/media\/12978"}],"wp:attachment":[{"href":"https:\/\/www.cerakotesa.com\/fr\/wp-json\/wp\/v2\/media?parent=1592"}],"wp:term":[{"taxonomy":"product_brand","embeddable":true,"href":"https:\/\/www.cerakotesa.com\/fr\/wp-json\/wp\/v2\/product_brand?post=1592"},{"taxonomy":"product_cat","embeddable":true,"href":"https:\/\/www.cerakotesa.com\/fr\/wp-json\/wp\/v2\/product_cat?post=1592"},{"taxonomy":"product_tag","embeddable":true,"href":"https:\/\/www.cerakotesa.com\/fr\/wp-json\/wp\/v2\/product_tag?post=1592"}],"curies":[{"name":"wp","href":"https:\/\/api.w.org\/{rel}","templated":true}]}}