{"id":1594,"date":"2019-12-07T10:43:30","date_gmt":"2019-12-07T10:43:30","guid":{"rendered":"https:\/\/staging.cerakote.co.uk\/?post_type=product&#038;p=1594"},"modified":"2026-01-08T14:09:45","modified_gmt":"2026-01-08T14:09:45","slug":"mil-thickness-gauge-se-321","status":"publish","type":"product","link":"https:\/\/www.cerakotesa.com\/fr\/produit\/mil-thickness-gauge-se-321\/","title":{"rendered":"Jauge d'\u00e9paisseur Mil SE-321"},"content":{"rendered":"","protected":false},"excerpt":{"rendered":"<p>La Cerakote<sup>\u00ae<\/sup> La jauge d'\u00e9paisseur Mil est un outil extr\u00eamement utile que tout enrobeur doit poss\u00e9der ! Cette jauge d'\u00e9paisseur peut \u00eatre utilis\u00e9e sur les m\u00e9taux ferreux tels que la fonte, l'acier au carbone et l'acier inoxydable, ainsi que sur les m\u00e9taux non ferreux tels que l'aluminium. Il est essentiel de mesurer correctement le rev\u00eatement pour obtenir un aspect impeccable et une finition uniforme.<\/p>\n<p>La jauge comprend :<\/p>\n<ul>\n<li>\u00c9cran LCD \u00e0 matrice 128 points, menu standard ;<\/li>\n<li>Deux modes de mesure : simple et continu ;<\/li>\n<li>\u00c9talonnage du point z\u00e9ro et \u00e9talonnage multipoint (jusqu'\u00e0 4 points) pour chaque groupe ;<\/li>\n<li>L'utilisateur peut rappeler, effacer des relev\u00e9s sp\u00e9cifiques ou effacer des relev\u00e9s de groupe ;<\/li>\n<li>Affichage des statistiques : moyenne, minimum, maximum et \u00e9cart-type ;<\/li>\n<li>Trois modes de sonde : automatique, magn\u00e9tique et \u00e0 courant de Foucault ;<\/li>\n<li>L'utilisateur peut d\u00e9finir une alarme de limite haute ou basse pour chaque groupe ;<\/li>\n<li>Mise hors tension automatique ;<\/li>\n<li>Interface USB pour la transmission des donn\u00e9es ;<\/li>\n<\/ul>\n<p>Indication de pile faible et d'erreur ;<\/p>\n<p>Le paquet comprend :<\/p>\n<ul>\n<li>Jauge d'\u00e9paisseur de rev\u00eatement<\/li>\n<li>Substrat<\/li>\n<li>Feuille standard<\/li>\n<li>CD et c\u00e2ble USB<\/li>\n<li>Manuel de l'utilisateur<\/li>\n<li>Ne vous contentez pas de la m\u00e9diocrit\u00e9, visez l'excellence.<\/li>\n<\/ul>","protected":false},"featured_media":15654,"comment_status":"closed","ping_status":"closed","template":"","meta":{"_acf_changed":false},"product_brand":[],"product_cat":[106],"product_tag":[105,594,595],"class_list":{"0":"post-1594","1":"product","2":"type-product","3":"status-publish","4":"has-post-thumbnail","6":"product_cat-equipment","7":"product_tag-equipment","8":"product_tag-mil-thickness-gauge","9":"product_tag-se-321","10":"product_shipping_class-flat-rate","12":"first","13":"instock","14":"taxable","15":"shipping-taxable","16":"product-type-simple"},"yoast_head":"<!-- This site is optimized with the Yoast SEO plugin v26.7 - https:\/\/yoast.com\/wordpress\/plugins\/seo\/ -->\n<title>Mil Thickness Gauge SE-321 - Cerakote South Africa<\/title>\n<meta name=\"robots\" content=\"index, follow, max-snippet:-1, max-image-preview:large, max-video-preview:-1\" \/>\n<link rel=\"canonical\" href=\"https:\/\/www.cerakotesa.com\/fr\/produit\/mil-thickness-gauge-se-321\/\" \/>\n<meta property=\"og:locale\" content=\"fr_FR\" \/>\n<meta property=\"og:type\" content=\"article\" \/>\n<meta property=\"og:title\" content=\"Mil Thickness Gauge SE-321 - Cerakote South Africa\" \/>\n<meta property=\"og:description\" content=\"The Cerakote\u00ae Mil Thickness Gauge is an extremely useful tool that any coater must have! This Mil Thickness gauge can be used on ferrous metals such as cast iron, carbon steel and stainless steel as well as non-ferrous metals like aluminum. Ensuring correct measurements of coating is vital for a pristine look and an even finish.  Gauge includes:   128 dot matrix LCD display, standard menu operations;  Two measure mode: single and continuous;  Zero point calibration and multi-point calibration (up to 4 points) for each group;  User can recall, delete specified readings, or delete group readings;  Statistics display; mean, minimum, maximum and standard deviation;  Three probe mode: auto, magnetic, and eddy current;  User can set high or low limit alarm for each group;  Power off automatically;  USB interface to data transmission;  Low battery and error indication;  Package includes:   Coating thickness gauge  Substrate  Standard Foil  CD &amp; USB cable  User manual  Do not settle for mediocracy, strive for excellence.\" \/>\n<meta property=\"og:url\" content=\"https:\/\/www.cerakotesa.com\/fr\/produit\/mil-thickness-gauge-se-321\/\" \/>\n<meta property=\"og:site_name\" content=\"Cerakote South Africa\" \/>\n<meta property=\"article:modified_time\" content=\"2026-01-08T14:09:45+00:00\" \/>\n<meta property=\"og:image\" content=\"https:\/\/www.cerakotesa.com\/wp-content\/uploads\/2019\/12\/cerakote-mil-thickness-gauge-se-321-dt20200608213845168-thumbnail-1.jpg\" \/>\n\t<meta property=\"og:image:width\" content=\"800\" \/>\n\t<meta property=\"og:image:height\" content=\"800\" \/>\n\t<meta property=\"og:image:type\" content=\"image\/jpeg\" \/>\n<meta name=\"twitter:card\" content=\"summary_large_image\" \/>\n<script type=\"application\/ld+json\" class=\"yoast-schema-graph\">{\"@context\":\"https:\/\/schema.org\",\"@graph\":[{\"@type\":\"WebPage\",\"@id\":\"https:\/\/www.cerakotesa.com\/product\/mil-thickness-gauge-se-321\/\",\"url\":\"https:\/\/www.cerakotesa.com\/product\/mil-thickness-gauge-se-321\/\",\"name\":\"Mil Thickness Gauge SE-321 - Cerakote South Africa\",\"isPartOf\":{\"@id\":\"https:\/\/www.cerakotesa.com\/#website\"},\"primaryImageOfPage\":{\"@id\":\"https:\/\/www.cerakotesa.com\/product\/mil-thickness-gauge-se-321\/#primaryimage\"},\"image\":{\"@id\":\"https:\/\/www.cerakotesa.com\/product\/mil-thickness-gauge-se-321\/#primaryimage\"},\"thumbnailUrl\":\"https:\/\/www.cerakotesa.com\/wp-content\/uploads\/2019\/12\/cerakote-mil-thickness-gauge-se-321-dt20200608213845168-thumbnail-1.jpg\",\"datePublished\":\"2019-12-07T10:43:30+00:00\",\"dateModified\":\"2026-01-08T14:09:45+00:00\",\"breadcrumb\":{\"@id\":\"https:\/\/www.cerakotesa.com\/product\/mil-thickness-gauge-se-321\/#breadcrumb\"},\"inLanguage\":\"fr-FR\",\"potentialAction\":[{\"@type\":\"ReadAction\",\"target\":[\"https:\/\/www.cerakotesa.com\/product\/mil-thickness-gauge-se-321\/\"]}]},{\"@type\":\"ImageObject\",\"inLanguage\":\"fr-FR\",\"@id\":\"https:\/\/www.cerakotesa.com\/product\/mil-thickness-gauge-se-321\/#primaryimage\",\"url\":\"https:\/\/www.cerakotesa.com\/wp-content\/uploads\/2019\/12\/cerakote-mil-thickness-gauge-se-321-dt20200608213845168-thumbnail-1.jpg\",\"contentUrl\":\"https:\/\/www.cerakotesa.com\/wp-content\/uploads\/2019\/12\/cerakote-mil-thickness-gauge-se-321-dt20200608213845168-thumbnail-1.jpg\",\"width\":800,\"height\":800},{\"@type\":\"BreadcrumbList\",\"@id\":\"https:\/\/www.cerakotesa.com\/product\/mil-thickness-gauge-se-321\/#breadcrumb\",\"itemListElement\":[{\"@type\":\"ListItem\",\"position\":1,\"name\":\"Home\",\"item\":\"https:\/\/www.cerakotesa.com\/\"},{\"@type\":\"ListItem\",\"position\":2,\"name\":\"Products\",\"item\":\"https:\/\/www.cerakotesa.com\/shop\/\"},{\"@type\":\"ListItem\",\"position\":3,\"name\":\"Mil Thickness Gauge SE-321\"}]},{\"@type\":\"WebSite\",\"@id\":\"https:\/\/www.cerakotesa.com\/#website\",\"url\":\"https:\/\/www.cerakotesa.com\/\",\"name\":\"Cerakote South Africa\",\"description\":\"Cerakote is a global leader in the manufacturing of thin-film protective ceramic coatings\",\"potentialAction\":[{\"@type\":\"SearchAction\",\"target\":{\"@type\":\"EntryPoint\",\"urlTemplate\":\"https:\/\/www.cerakotesa.com\/?s={search_term_string}\"},\"query-input\":{\"@type\":\"PropertyValueSpecification\",\"valueRequired\":true,\"valueName\":\"search_term_string\"}}],\"inLanguage\":\"fr-FR\"}]}<\/script>\n<!-- \/ Yoast SEO plugin. -->","yoast_head_json":{"title":"Mil Thickness Gauge SE-321 - Cerakote South Africa","robots":{"index":"index","follow":"follow","max-snippet":"max-snippet:-1","max-image-preview":"max-image-preview:large","max-video-preview":"max-video-preview:-1"},"canonical":"https:\/\/www.cerakotesa.com\/fr\/produit\/mil-thickness-gauge-se-321\/","og_locale":"fr_FR","og_type":"article","og_title":"Mil Thickness Gauge SE-321 - Cerakote South Africa","og_description":"The Cerakote\u00ae Mil Thickness Gauge is an extremely useful tool that any coater must have! This Mil Thickness gauge can be used on ferrous metals such as cast iron, carbon steel and stainless steel as well as non-ferrous metals like aluminum. Ensuring correct measurements of coating is vital for a pristine look and an even finish.  Gauge includes:   128 dot matrix LCD display, standard menu operations;  Two measure mode: single and continuous;  Zero point calibration and multi-point calibration (up to 4 points) for each group;  User can recall, delete specified readings, or delete group readings;  Statistics display; mean, minimum, maximum and standard deviation;  Three probe mode: auto, magnetic, and eddy current;  User can set high or low limit alarm for each group;  Power off automatically;  USB interface to data transmission;  Low battery and error indication;  Package includes:   Coating thickness gauge  Substrate  Standard Foil  CD &amp; USB cable  User manual  Do not settle for mediocracy, strive for excellence.","og_url":"https:\/\/www.cerakotesa.com\/fr\/produit\/mil-thickness-gauge-se-321\/","og_site_name":"Cerakote South Africa","article_modified_time":"2026-01-08T14:09:45+00:00","og_image":[{"width":800,"height":800,"url":"https:\/\/www.cerakotesa.com\/wp-content\/uploads\/2019\/12\/cerakote-mil-thickness-gauge-se-321-dt20200608213845168-thumbnail-1.jpg","type":"image\/jpeg"}],"twitter_card":"summary_large_image","schema":{"@context":"https:\/\/schema.org","@graph":[{"@type":"WebPage","@id":"https:\/\/www.cerakotesa.com\/product\/mil-thickness-gauge-se-321\/","url":"https:\/\/www.cerakotesa.com\/product\/mil-thickness-gauge-se-321\/","name":"Mil Thickness Gauge SE-321 - Cerakote South Africa","isPartOf":{"@id":"https:\/\/www.cerakotesa.com\/#website"},"primaryImageOfPage":{"@id":"https:\/\/www.cerakotesa.com\/product\/mil-thickness-gauge-se-321\/#primaryimage"},"image":{"@id":"https:\/\/www.cerakotesa.com\/product\/mil-thickness-gauge-se-321\/#primaryimage"},"thumbnailUrl":"https:\/\/www.cerakotesa.com\/wp-content\/uploads\/2019\/12\/cerakote-mil-thickness-gauge-se-321-dt20200608213845168-thumbnail-1.jpg","datePublished":"2019-12-07T10:43:30+00:00","dateModified":"2026-01-08T14:09:45+00:00","breadcrumb":{"@id":"https:\/\/www.cerakotesa.com\/product\/mil-thickness-gauge-se-321\/#breadcrumb"},"inLanguage":"fr-FR","potentialAction":[{"@type":"ReadAction","target":["https:\/\/www.cerakotesa.com\/product\/mil-thickness-gauge-se-321\/"]}]},{"@type":"ImageObject","inLanguage":"fr-FR","@id":"https:\/\/www.cerakotesa.com\/product\/mil-thickness-gauge-se-321\/#primaryimage","url":"https:\/\/www.cerakotesa.com\/wp-content\/uploads\/2019\/12\/cerakote-mil-thickness-gauge-se-321-dt20200608213845168-thumbnail-1.jpg","contentUrl":"https:\/\/www.cerakotesa.com\/wp-content\/uploads\/2019\/12\/cerakote-mil-thickness-gauge-se-321-dt20200608213845168-thumbnail-1.jpg","width":800,"height":800},{"@type":"BreadcrumbList","@id":"https:\/\/www.cerakotesa.com\/product\/mil-thickness-gauge-se-321\/#breadcrumb","itemListElement":[{"@type":"ListItem","position":1,"name":"Home","item":"https:\/\/www.cerakotesa.com\/"},{"@type":"ListItem","position":2,"name":"Products","item":"https:\/\/www.cerakotesa.com\/shop\/"},{"@type":"ListItem","position":3,"name":"Mil Thickness Gauge SE-321"}]},{"@type":"WebSite","@id":"https:\/\/www.cerakotesa.com\/#website","url":"https:\/\/www.cerakotesa.com\/","name":"Cerakote South Africa","description":"Cerakote est un leader mondial dans la fabrication de rev\u00eatements c\u00e9ramiques protecteurs en couches minces.","potentialAction":[{"@type":"SearchAction","target":{"@type":"EntryPoint","urlTemplate":"https:\/\/www.cerakotesa.com\/?s={search_term_string}"},"query-input":{"@type":"PropertyValueSpecification","valueRequired":true,"valueName":"search_term_string"}}],"inLanguage":"fr-FR"}]}},"acf":[],"_links":{"self":[{"href":"https:\/\/www.cerakotesa.com\/fr\/wp-json\/wp\/v2\/product\/1594","targetHints":{"allow":["GET"]}}],"collection":[{"href":"https:\/\/www.cerakotesa.com\/fr\/wp-json\/wp\/v2\/product"}],"about":[{"href":"https:\/\/www.cerakotesa.com\/fr\/wp-json\/wp\/v2\/types\/product"}],"replies":[{"embeddable":true,"href":"https:\/\/www.cerakotesa.com\/fr\/wp-json\/wp\/v2\/comments?post=1594"}],"wp:featuredmedia":[{"embeddable":true,"href":"https:\/\/www.cerakotesa.com\/fr\/wp-json\/wp\/v2\/media\/15654"}],"wp:attachment":[{"href":"https:\/\/www.cerakotesa.com\/fr\/wp-json\/wp\/v2\/media?parent=1594"}],"wp:term":[{"taxonomy":"product_brand","embeddable":true,"href":"https:\/\/www.cerakotesa.com\/fr\/wp-json\/wp\/v2\/product_brand?post=1594"},{"taxonomy":"product_cat","embeddable":true,"href":"https:\/\/www.cerakotesa.com\/fr\/wp-json\/wp\/v2\/product_cat?post=1594"},{"taxonomy":"product_tag","embeddable":true,"href":"https:\/\/www.cerakotesa.com\/fr\/wp-json\/wp\/v2\/product_tag?post=1594"}],"curies":[{"name":"wp","href":"https:\/\/api.w.org\/{rel}","templated":true}]}}