{"id":15954,"date":"2023-11-20T15:52:12","date_gmt":"2023-11-20T15:52:12","guid":{"rendered":"https:\/\/www.cerakotesa.com\/?post_type=product&#038;p=15954"},"modified":"2025-02-26T14:37:14","modified_gmt":"2025-02-26T14:37:14","slug":"ceramic-headlight-restoration-detailer-pack-20-ceramic-wipes-ah-828","status":"publish","type":"product","link":"https:\/\/www.cerakotesa.com\/fr\/produit\/ceramic-headlight-restoration-detailer-pack-20-ceramic-wipes-ah-828\/","title":{"rendered":"Kit de restauration des phares en c\u00e9ramique (20 lingettes en c\u00e9ramique) AH-828"},"content":{"rendered":"","protected":false},"excerpt":{"rendered":"<p>Cerakote est diff\u00e9rent des autres kits de restauration de phares car nous fabriquons un v\u00e9ritable rev\u00eatement c\u00e9ramique de qualit\u00e9 professionnelle qui se lie chimiquement aux phares et fournit une protection UV qui r\u00e9siste \u00e0 l'\u00e9preuve du temps.<\/p>\n<p><strong>\u00c0 LA DEMANDE G\u00c9N\u00c9RALE !<\/strong>Le pack professionnel Cerakote Headlight Step 3 a \u00e9t\u00e9 con\u00e7u \u00e0 la demande g\u00e9n\u00e9rale pour les professionnels de l'esth\u00e9tique et les concessionnaires automobiles qui ont besoin d'un acc\u00e8s rapide et facile \u00e0 de multiples applications de restauration de phares.<\/p>\n<p><strong>PROT\u00c9GEZ VOS PHARES<\/strong>Notre technologie c\u00e9ramique inorganique vous offre une protection contre l'oxydation de surface pendant toute la dur\u00e9e de vie de votre v\u00e9hicule !<\/p>\n<p><strong>RAPIDE ET FACILE \u00c0 APPLIQUER<\/strong>Une fois la surface pr\u00e9par\u00e9e (selon votre m\u00e9thode pr\u00e9f\u00e9r\u00e9e ou selon nos instructions), l'application de la c\u00e9ramique ne prend que quelques minutes et durcit en quelques heures seulement ! Profitez d'une clart\u00e9 durable.<\/p>\n<p><strong>SOMMAIRE<\/strong>Chaque Pro-Pack contient 20 lingettes Ceramic Clear Coat, assurant la protection de jusqu'\u00e0 10 v\u00e9hicules ! Ce Pro-Pack ne contient pas de lingettes anti-oxydation de l'\u00e9tape 1 ni de mat\u00e9riel de pon\u00e7age. Utilisez vos propres m\u00e9thodes de pr\u00e9paration !<\/p>","protected":false},"featured_media":20639,"comment_status":"open","ping_status":"closed","template":"","meta":{"_acf_changed":false},"product_brand":[],"product_cat":[1056],"product_tag":[1057,691],"class_list":{"0":"post-15954","1":"product","2":"type-product","3":"status-publish","4":"has-post-thumbnail","6":"product_cat-auto-home","7":"product_tag-bulk-pack","8":"product_tag-headlight","10":"first","11":"instock","12":"taxable","13":"shipping-taxable","14":"product-type-simple"},"yoast_head":"<!-- This site is optimized with the Yoast SEO plugin v26.7 - https:\/\/yoast.com\/wordpress\/plugins\/seo\/ -->\n<title>Ceramic Headlight Restoration Detailer Pack (20 Ceramic Wipes) AH-828 - Cerakote South Africa<\/title>\n<meta name=\"description\" content=\"Cerakote is different than other headlight restoration kits because we manufacture a true professional grade ceramic coating that chemically bonds to the headlights and provides UV protection that stands the test of time.\" \/>\n<meta name=\"robots\" content=\"index, follow, max-snippet:-1, max-image-preview:large, max-video-preview:-1\" \/>\n<link rel=\"canonical\" href=\"https:\/\/www.cerakotesa.com\/fr\/produit\/ceramic-headlight-restoration-detailer-pack-20-ceramic-wipes-ah-828\/\" \/>\n<meta property=\"og:locale\" content=\"fr_FR\" \/>\n<meta property=\"og:type\" content=\"article\" \/>\n<meta property=\"og:title\" content=\"Ceramic Headlight Restoration Detailer Pack (20 Ceramic Wipes) AH-828 - Cerakote South Africa\" \/>\n<meta property=\"og:description\" content=\"Cerakote is different than other headlight restoration kits because we manufacture a true professional grade ceramic coating that chemically bonds to the headlights and provides UV protection that stands the test of time.\" \/>\n<meta property=\"og:url\" content=\"https:\/\/www.cerakotesa.com\/fr\/produit\/ceramic-headlight-restoration-detailer-pack-20-ceramic-wipes-ah-828\/\" \/>\n<meta property=\"og:site_name\" content=\"Cerakote South Africa\" \/>\n<meta property=\"article:modified_time\" content=\"2025-02-26T14:37:14+00:00\" \/>\n<meta property=\"og:image\" content=\"https:\/\/www.cerakotesa.com\/wp-content\/uploads\/2023\/11\/CCC_Pro_Pack_Headlight_Step3__29466.jpg\" \/>\n\t<meta property=\"og:image:width\" content=\"1280\" \/>\n\t<meta property=\"og:image:height\" content=\"1280\" \/>\n\t<meta property=\"og:image:type\" content=\"image\/jpeg\" \/>\n<meta name=\"twitter:card\" content=\"summary_large_image\" \/>\n<meta name=\"twitter:label1\" content=\"Dur\u00e9e de lecture estim\u00e9e\" \/>\n\t<meta name=\"twitter:data1\" content=\"1 minute\" \/>\n<script type=\"application\/ld+json\" class=\"yoast-schema-graph\">{\"@context\":\"https:\/\/schema.org\",\"@graph\":[{\"@type\":\"WebPage\",\"@id\":\"https:\/\/www.cerakotesa.com\/product\/ceramic-headlight-restoration-detailer-pack-20-ceramic-wipes-ah-828\/\",\"url\":\"https:\/\/www.cerakotesa.com\/product\/ceramic-headlight-restoration-detailer-pack-20-ceramic-wipes-ah-828\/\",\"name\":\"Ceramic Headlight Restoration Detailer Pack (20 Ceramic Wipes) AH-828 - Cerakote South Africa\",\"isPartOf\":{\"@id\":\"https:\/\/www.cerakotesa.com\/#website\"},\"primaryImageOfPage\":{\"@id\":\"https:\/\/www.cerakotesa.com\/product\/ceramic-headlight-restoration-detailer-pack-20-ceramic-wipes-ah-828\/#primaryimage\"},\"image\":{\"@id\":\"https:\/\/www.cerakotesa.com\/product\/ceramic-headlight-restoration-detailer-pack-20-ceramic-wipes-ah-828\/#primaryimage\"},\"thumbnailUrl\":\"https:\/\/www.cerakotesa.com\/wp-content\/uploads\/2023\/11\/CCC_Pro_Pack_Headlight_Step3__29466.jpg\",\"datePublished\":\"2023-11-20T15:52:12+00:00\",\"dateModified\":\"2025-02-26T14:37:14+00:00\",\"description\":\"Cerakote is different than other headlight restoration kits because we manufacture a true professional grade ceramic coating that chemically bonds to the headlights and provides UV protection that stands the test of time.\",\"breadcrumb\":{\"@id\":\"https:\/\/www.cerakotesa.com\/product\/ceramic-headlight-restoration-detailer-pack-20-ceramic-wipes-ah-828\/#breadcrumb\"},\"inLanguage\":\"fr-FR\",\"potentialAction\":[{\"@type\":\"ReadAction\",\"target\":[\"https:\/\/www.cerakotesa.com\/product\/ceramic-headlight-restoration-detailer-pack-20-ceramic-wipes-ah-828\/\"]}]},{\"@type\":\"ImageObject\",\"inLanguage\":\"fr-FR\",\"@id\":\"https:\/\/www.cerakotesa.com\/product\/ceramic-headlight-restoration-detailer-pack-20-ceramic-wipes-ah-828\/#primaryimage\",\"url\":\"https:\/\/www.cerakotesa.com\/wp-content\/uploads\/2023\/11\/CCC_Pro_Pack_Headlight_Step3__29466.jpg\",\"contentUrl\":\"https:\/\/www.cerakotesa.com\/wp-content\/uploads\/2023\/11\/CCC_Pro_Pack_Headlight_Step3__29466.jpg\",\"width\":1280,\"height\":1280},{\"@type\":\"BreadcrumbList\",\"@id\":\"https:\/\/www.cerakotesa.com\/product\/ceramic-headlight-restoration-detailer-pack-20-ceramic-wipes-ah-828\/#breadcrumb\",\"itemListElement\":[{\"@type\":\"ListItem\",\"position\":1,\"name\":\"Home\",\"item\":\"https:\/\/www.cerakotesa.com\/\"},{\"@type\":\"ListItem\",\"position\":2,\"name\":\"Products\",\"item\":\"https:\/\/www.cerakotesa.com\/shop\/\"},{\"@type\":\"ListItem\",\"position\":3,\"name\":\"Ceramic Headlight Restoration Detailer Pack (20 Ceramic Wipes) AH-828\"}]},{\"@type\":\"WebSite\",\"@id\":\"https:\/\/www.cerakotesa.com\/#website\",\"url\":\"https:\/\/www.cerakotesa.com\/\",\"name\":\"Cerakote South Africa\",\"description\":\"Cerakote is a global leader in the manufacturing of thin-film protective ceramic coatings\",\"potentialAction\":[{\"@type\":\"SearchAction\",\"target\":{\"@type\":\"EntryPoint\",\"urlTemplate\":\"https:\/\/www.cerakotesa.com\/?s={search_term_string}\"},\"query-input\":{\"@type\":\"PropertyValueSpecification\",\"valueRequired\":true,\"valueName\":\"search_term_string\"}}],\"inLanguage\":\"fr-FR\"}]}<\/script>\n<!-- \/ Yoast SEO plugin. -->","yoast_head_json":{"title":"Ceramic Headlight Restoration Detailer Pack (20 Ceramic Wipes) AH-828 - Cerakote South Africa","description":"Cerakote est diff\u00e9rent des autres kits de restauration de phares car nous fabriquons un v\u00e9ritable rev\u00eatement c\u00e9ramique de qualit\u00e9 professionnelle qui se lie chimiquement aux phares et fournit une protection UV qui r\u00e9siste \u00e0 l'\u00e9preuve du temps.","robots":{"index":"index","follow":"follow","max-snippet":"max-snippet:-1","max-image-preview":"max-image-preview:large","max-video-preview":"max-video-preview:-1"},"canonical":"https:\/\/www.cerakotesa.com\/fr\/produit\/ceramic-headlight-restoration-detailer-pack-20-ceramic-wipes-ah-828\/","og_locale":"fr_FR","og_type":"article","og_title":"Ceramic Headlight Restoration Detailer Pack (20 Ceramic Wipes) AH-828 - Cerakote South Africa","og_description":"Cerakote is different than other headlight restoration kits because we manufacture a true professional grade ceramic coating that chemically bonds to the headlights and provides UV protection that stands the test of time.","og_url":"https:\/\/www.cerakotesa.com\/fr\/produit\/ceramic-headlight-restoration-detailer-pack-20-ceramic-wipes-ah-828\/","og_site_name":"Cerakote South Africa","article_modified_time":"2025-02-26T14:37:14+00:00","og_image":[{"width":1280,"height":1280,"url":"https:\/\/www.cerakotesa.com\/wp-content\/uploads\/2023\/11\/CCC_Pro_Pack_Headlight_Step3__29466.jpg","type":"image\/jpeg"}],"twitter_card":"summary_large_image","twitter_misc":{"Dur\u00e9e de lecture estim\u00e9e":"1 minute"},"schema":{"@context":"https:\/\/schema.org","@graph":[{"@type":"WebPage","@id":"https:\/\/www.cerakotesa.com\/product\/ceramic-headlight-restoration-detailer-pack-20-ceramic-wipes-ah-828\/","url":"https:\/\/www.cerakotesa.com\/product\/ceramic-headlight-restoration-detailer-pack-20-ceramic-wipes-ah-828\/","name":"Ceramic Headlight Restoration Detailer Pack (20 Ceramic Wipes) AH-828 - Cerakote South Africa","isPartOf":{"@id":"https:\/\/www.cerakotesa.com\/#website"},"primaryImageOfPage":{"@id":"https:\/\/www.cerakotesa.com\/product\/ceramic-headlight-restoration-detailer-pack-20-ceramic-wipes-ah-828\/#primaryimage"},"image":{"@id":"https:\/\/www.cerakotesa.com\/product\/ceramic-headlight-restoration-detailer-pack-20-ceramic-wipes-ah-828\/#primaryimage"},"thumbnailUrl":"https:\/\/www.cerakotesa.com\/wp-content\/uploads\/2023\/11\/CCC_Pro_Pack_Headlight_Step3__29466.jpg","datePublished":"2023-11-20T15:52:12+00:00","dateModified":"2025-02-26T14:37:14+00:00","description":"Cerakote est diff\u00e9rent des autres kits de restauration de phares car nous fabriquons un v\u00e9ritable rev\u00eatement c\u00e9ramique de qualit\u00e9 professionnelle qui se lie chimiquement aux phares et fournit une protection UV qui r\u00e9siste \u00e0 l'\u00e9preuve du temps.","breadcrumb":{"@id":"https:\/\/www.cerakotesa.com\/product\/ceramic-headlight-restoration-detailer-pack-20-ceramic-wipes-ah-828\/#breadcrumb"},"inLanguage":"fr-FR","potentialAction":[{"@type":"ReadAction","target":["https:\/\/www.cerakotesa.com\/product\/ceramic-headlight-restoration-detailer-pack-20-ceramic-wipes-ah-828\/"]}]},{"@type":"ImageObject","inLanguage":"fr-FR","@id":"https:\/\/www.cerakotesa.com\/product\/ceramic-headlight-restoration-detailer-pack-20-ceramic-wipes-ah-828\/#primaryimage","url":"https:\/\/www.cerakotesa.com\/wp-content\/uploads\/2023\/11\/CCC_Pro_Pack_Headlight_Step3__29466.jpg","contentUrl":"https:\/\/www.cerakotesa.com\/wp-content\/uploads\/2023\/11\/CCC_Pro_Pack_Headlight_Step3__29466.jpg","width":1280,"height":1280},{"@type":"BreadcrumbList","@id":"https:\/\/www.cerakotesa.com\/product\/ceramic-headlight-restoration-detailer-pack-20-ceramic-wipes-ah-828\/#breadcrumb","itemListElement":[{"@type":"ListItem","position":1,"name":"Home","item":"https:\/\/www.cerakotesa.com\/"},{"@type":"ListItem","position":2,"name":"Products","item":"https:\/\/www.cerakotesa.com\/shop\/"},{"@type":"ListItem","position":3,"name":"Ceramic Headlight Restoration Detailer Pack (20 Ceramic Wipes) AH-828"}]},{"@type":"WebSite","@id":"https:\/\/www.cerakotesa.com\/#website","url":"https:\/\/www.cerakotesa.com\/","name":"Cerakote South Africa","description":"Cerakote est un leader mondial dans la fabrication de rev\u00eatements c\u00e9ramiques protecteurs en couches minces.","potentialAction":[{"@type":"SearchAction","target":{"@type":"EntryPoint","urlTemplate":"https:\/\/www.cerakotesa.com\/?s={search_term_string}"},"query-input":{"@type":"PropertyValueSpecification","valueRequired":true,"valueName":"search_term_string"}}],"inLanguage":"fr-FR"}]}},"acf":[],"_links":{"self":[{"href":"https:\/\/www.cerakotesa.com\/fr\/wp-json\/wp\/v2\/product\/15954","targetHints":{"allow":["GET"]}}],"collection":[{"href":"https:\/\/www.cerakotesa.com\/fr\/wp-json\/wp\/v2\/product"}],"about":[{"href":"https:\/\/www.cerakotesa.com\/fr\/wp-json\/wp\/v2\/types\/product"}],"replies":[{"embeddable":true,"href":"https:\/\/www.cerakotesa.com\/fr\/wp-json\/wp\/v2\/comments?post=15954"}],"wp:featuredmedia":[{"embeddable":true,"href":"https:\/\/www.cerakotesa.com\/fr\/wp-json\/wp\/v2\/media\/20639"}],"wp:attachment":[{"href":"https:\/\/www.cerakotesa.com\/fr\/wp-json\/wp\/v2\/media?parent=15954"}],"wp:term":[{"taxonomy":"product_brand","embeddable":true,"href":"https:\/\/www.cerakotesa.com\/fr\/wp-json\/wp\/v2\/product_brand?post=15954"},{"taxonomy":"product_cat","embeddable":true,"href":"https:\/\/www.cerakotesa.com\/fr\/wp-json\/wp\/v2\/product_cat?post=15954"},{"taxonomy":"product_tag","embeddable":true,"href":"https:\/\/www.cerakotesa.com\/fr\/wp-json\/wp\/v2\/product_tag?post=15954"}],"curies":[{"name":"wp","href":"https:\/\/api.w.org\/{rel}","templated":true}]}}