{"id":1614,"date":"2019-12-09T12:06:11","date_gmt":"2019-12-09T12:06:11","guid":{"rendered":"https:\/\/staging.cerakote.co.uk\/?post_type=product&#038;p=1614"},"modified":"2024-08-05T13:26:42","modified_gmt":"2024-08-05T13:26:42","slug":"travel-mug-to-go-cup-plug-kit-se-261","status":"publish","type":"product","link":"https:\/\/www.cerakotesa.com\/fr\/produit\/travel-mug-to-go-cup-plug-kit-se-261\/","title":{"rendered":"Kit de bouchons pour mugs de voyage\/tasses \u00e0 emporter SE-261"},"content":{"rendered":"","protected":false},"excerpt":{"rendered":"<p>Nous avons le Travel Mug\/To-Go Cup Plug Kit que vous attendiez. Cr\u00e9ez votre gobelet d\u00e8s aujourd'hui ! Ce kit dynamique comprend (1) rouleau de ruban adh\u00e9sif \u00e0 haute temp\u00e9rature de \u215c'' pouce et (4) bouchons de diff\u00e9rentes tailles, allant de 1 \u215e'' \u00e0 4'' de diam\u00e8tre et de 1'' \u00e0 1 \u00bd'' de profondeur.<\/p>\n<p>Notre kit de bouchons est le seul kit de bouchons en silicone haute temp\u00e9rature sur le march\u00e9.<\/p>\n<p>Bouchon rouge : Le contour est de 3 \u00bc'' par 4'' avec une profondeur de 1 \u00bd''.<br \/>\nBouchon blanc : Le contour est de 3\u2033 par 3 \u00bd'' avec une profondeur de 1 \u00bd''.<br \/>\nBouchon sarcelle : Le contour est de 2 \u00be'' par 3 \u00bc'' avec une profondeur de 1 \u00bd''.<br \/>\nBouchon bleu : Le contour est de 1 \u215e'' par 2 \u00bc'' avec une profondeur de 1''.<\/p>\n<p>Ces bouchons en silicone haute temp\u00e9rature incroyablement durables ne sont pas seulement utiles pour les tasses. Ils peuvent \u00eatre utilis\u00e9s avec des lunettes de vis\u00e9e et des jumelles, des tuyaux d'\u00e9chappement, des tasses, des lampes de poche, des vases et bien plus encore !<\/p>\n<p>Les bouchons sont con\u00e7us pour obturer les zones que vous souhaitez prot\u00e9ger pendant la pulv\u00e9risation. Nos bouchons ont une temp\u00e9rature maximale de 315\u00b0C (600\u00b0F).<\/p>\n<p>Ne manquez pas votre chance de parfaire une exp\u00e9rience de rev\u00eatement et procurez-vous d\u00e8s aujourd'hui votre kit d'obturation !<\/p>\n<p>*Ce kit de bouchons est compatible avec les glaci\u00e8res Yeti, Rtic, Hydro Flask, Engel, Ozark Trail, Klean Kanteen, 50\/50, Orca, Lit et bien d'autres encore.<\/p>","protected":false},"featured_media":15652,"comment_status":"closed","ping_status":"closed","template":"","meta":{"_acf_changed":false},"product_brand":[],"product_cat":[106],"product_tag":[105,591,630,631],"class_list":{"0":"post-1614","1":"product","2":"type-product","3":"status-publish","4":"has-post-thumbnail","6":"product_cat-equipment","7":"product_tag-equipment","8":"product_tag-plug-kit","9":"product_tag-se-261","10":"product_tag-travel-mug-to-go-cup-plug-kit","11":"product_shipping_class-flat-rate","13":"first","14":"instock","15":"taxable","16":"shipping-taxable","17":"product-type-simple"},"yoast_head":"<!-- This site is optimized with the Yoast SEO plugin v26.7 - https:\/\/yoast.com\/wordpress\/plugins\/seo\/ -->\n<title>Travel Mug\/To-Go Cup Plug Kit SE-261 - Cerakote South Africa<\/title>\n<meta name=\"robots\" content=\"index, follow, max-snippet:-1, max-image-preview:large, max-video-preview:-1\" \/>\n<link rel=\"canonical\" href=\"https:\/\/www.cerakotesa.com\/fr\/produit\/travel-mug-to-go-cup-plug-kit-se-261\/\" \/>\n<meta property=\"og:locale\" content=\"fr_FR\" \/>\n<meta property=\"og:type\" content=\"article\" \/>\n<meta property=\"og:title\" content=\"Travel Mug\/To-Go Cup Plug Kit SE-261 - Cerakote South Africa\" \/>\n<meta property=\"og:description\" content=\"We have the Travel Mug\/To-Go Cup Plug Kit you have been waiting for. Create your cup today! This dynamic kit includes (1) roll of \u215c\u2019\u2019 inch high heat tape and (4) varying sizes of plugs, ranging from 1 \u215e\u2018\u2019 to 4\u2019\u2019 in diameter and 1\u2019\u2019 to 1 \u00bd\u2019\u2019 in depth.  Our Plug Kit is the only high temperature silicone plug kit on the market.  Red plug: Contour is 3 \u00bc\u2019\u2019 by 4\u2019\u2019 with a 1 \u00bd\u2019\u2019 depth. White plug: Contour is 3&quot; by 3 \u00bd\u2019\u2019 with a 1 \u00bd\u2019\u2019 depth. Teal plug: Contour is 2 \u00be\u2019\u2019 by 3 \u00bc\u2019\u2019 with a 1 \u00bd\u2019\u2019 depth. Blue plug: Contour is 1 \u215e\u2019\u2019 by 2 \u00bc\u2019\u2019 with a 1\u2019\u2019 depth.  These incredibly durable high temp silicone plugs are good for more than just cups. They can be used with scopes and binoculars, exhaust pipes, mugs, flashlights, vases, and more!  Plugs are designed to plug areas that you want to protect while spraying. Our plugs are rated up to 600\u00b0F (315\u00b0C).  Don\u2019t miss your chance to perfect a coating experience and grab your plug kit today!  *This plug kit will work for Yeti, Rtic, Hydro Flask, Engel, Ozark Trail, Klean Kanteen, 50\/50, Orca, Lit Coolers and more.\" \/>\n<meta property=\"og:url\" content=\"https:\/\/www.cerakotesa.com\/fr\/produit\/travel-mug-to-go-cup-plug-kit-se-261\/\" \/>\n<meta property=\"og:site_name\" content=\"Cerakote South Africa\" \/>\n<meta property=\"article:modified_time\" content=\"2024-08-05T13:26:42+00:00\" \/>\n<meta property=\"og:image\" content=\"https:\/\/www.cerakotesa.com\/wp-content\/uploads\/2019\/12\/plug-kit-for-travel-mugs-to-go-cups-se-261-dt20211001153804903-thumbnail-1.jpg\" \/>\n\t<meta property=\"og:image:width\" content=\"800\" \/>\n\t<meta property=\"og:image:height\" content=\"800\" \/>\n\t<meta property=\"og:image:type\" content=\"image\/jpeg\" \/>\n<meta name=\"twitter:card\" content=\"summary_large_image\" \/>\n<script type=\"application\/ld+json\" class=\"yoast-schema-graph\">{\"@context\":\"https:\/\/schema.org\",\"@graph\":[{\"@type\":\"WebPage\",\"@id\":\"https:\/\/www.cerakotesa.com\/product\/travel-mug-to-go-cup-plug-kit-se-261\/\",\"url\":\"https:\/\/www.cerakotesa.com\/product\/travel-mug-to-go-cup-plug-kit-se-261\/\",\"name\":\"Travel Mug\/To-Go Cup Plug Kit SE-261 - Cerakote South Africa\",\"isPartOf\":{\"@id\":\"https:\/\/www.cerakotesa.com\/#website\"},\"primaryImageOfPage\":{\"@id\":\"https:\/\/www.cerakotesa.com\/product\/travel-mug-to-go-cup-plug-kit-se-261\/#primaryimage\"},\"image\":{\"@id\":\"https:\/\/www.cerakotesa.com\/product\/travel-mug-to-go-cup-plug-kit-se-261\/#primaryimage\"},\"thumbnailUrl\":\"https:\/\/www.cerakotesa.com\/wp-content\/uploads\/2019\/12\/plug-kit-for-travel-mugs-to-go-cups-se-261-dt20211001153804903-thumbnail-1.jpg\",\"datePublished\":\"2019-12-09T12:06:11+00:00\",\"dateModified\":\"2024-08-05T13:26:42+00:00\",\"breadcrumb\":{\"@id\":\"https:\/\/www.cerakotesa.com\/product\/travel-mug-to-go-cup-plug-kit-se-261\/#breadcrumb\"},\"inLanguage\":\"fr-FR\",\"potentialAction\":[{\"@type\":\"ReadAction\",\"target\":[\"https:\/\/www.cerakotesa.com\/product\/travel-mug-to-go-cup-plug-kit-se-261\/\"]}]},{\"@type\":\"ImageObject\",\"inLanguage\":\"fr-FR\",\"@id\":\"https:\/\/www.cerakotesa.com\/product\/travel-mug-to-go-cup-plug-kit-se-261\/#primaryimage\",\"url\":\"https:\/\/www.cerakotesa.com\/wp-content\/uploads\/2019\/12\/plug-kit-for-travel-mugs-to-go-cups-se-261-dt20211001153804903-thumbnail-1.jpg\",\"contentUrl\":\"https:\/\/www.cerakotesa.com\/wp-content\/uploads\/2019\/12\/plug-kit-for-travel-mugs-to-go-cups-se-261-dt20211001153804903-thumbnail-1.jpg\",\"width\":800,\"height\":800},{\"@type\":\"BreadcrumbList\",\"@id\":\"https:\/\/www.cerakotesa.com\/product\/travel-mug-to-go-cup-plug-kit-se-261\/#breadcrumb\",\"itemListElement\":[{\"@type\":\"ListItem\",\"position\":1,\"name\":\"Home\",\"item\":\"https:\/\/www.cerakotesa.com\/\"},{\"@type\":\"ListItem\",\"position\":2,\"name\":\"Products\",\"item\":\"https:\/\/www.cerakotesa.com\/shop\/\"},{\"@type\":\"ListItem\",\"position\":3,\"name\":\"Travel Mug\/To-Go Cup Plug Kit SE-261\"}]},{\"@type\":\"WebSite\",\"@id\":\"https:\/\/www.cerakotesa.com\/#website\",\"url\":\"https:\/\/www.cerakotesa.com\/\",\"name\":\"Cerakote South Africa\",\"description\":\"Cerakote is a global leader in the manufacturing of thin-film protective ceramic coatings\",\"potentialAction\":[{\"@type\":\"SearchAction\",\"target\":{\"@type\":\"EntryPoint\",\"urlTemplate\":\"https:\/\/www.cerakotesa.com\/?s={search_term_string}\"},\"query-input\":{\"@type\":\"PropertyValueSpecification\",\"valueRequired\":true,\"valueName\":\"search_term_string\"}}],\"inLanguage\":\"fr-FR\"}]}<\/script>\n<!-- \/ Yoast SEO plugin. -->","yoast_head_json":{"title":"Travel Mug\/To-Go Cup Plug Kit SE-261 - Cerakote South Africa","robots":{"index":"index","follow":"follow","max-snippet":"max-snippet:-1","max-image-preview":"max-image-preview:large","max-video-preview":"max-video-preview:-1"},"canonical":"https:\/\/www.cerakotesa.com\/fr\/produit\/travel-mug-to-go-cup-plug-kit-se-261\/","og_locale":"fr_FR","og_type":"article","og_title":"Travel Mug\/To-Go Cup Plug Kit SE-261 - Cerakote South Africa","og_description":"We have the Travel Mug\/To-Go Cup Plug Kit you have been waiting for. Create your cup today! This dynamic kit includes (1) roll of \u215c\u2019\u2019 inch high heat tape and (4) varying sizes of plugs, ranging from 1 \u215e\u2018\u2019 to 4\u2019\u2019 in diameter and 1\u2019\u2019 to 1 \u00bd\u2019\u2019 in depth.  Our Plug Kit is the only high temperature silicone plug kit on the market.  Red plug: Contour is 3 \u00bc\u2019\u2019 by 4\u2019\u2019 with a 1 \u00bd\u2019\u2019 depth. White plug: Contour is 3\" by 3 \u00bd\u2019\u2019 with a 1 \u00bd\u2019\u2019 depth. Teal plug: Contour is 2 \u00be\u2019\u2019 by 3 \u00bc\u2019\u2019 with a 1 \u00bd\u2019\u2019 depth. Blue plug: Contour is 1 \u215e\u2019\u2019 by 2 \u00bc\u2019\u2019 with a 1\u2019\u2019 depth.  These incredibly durable high temp silicone plugs are good for more than just cups. They can be used with scopes and binoculars, exhaust pipes, mugs, flashlights, vases, and more!  Plugs are designed to plug areas that you want to protect while spraying. Our plugs are rated up to 600\u00b0F (315\u00b0C).  Don\u2019t miss your chance to perfect a coating experience and grab your plug kit today!  *This plug kit will work for Yeti, Rtic, Hydro Flask, Engel, Ozark Trail, Klean Kanteen, 50\/50, Orca, Lit Coolers and more.","og_url":"https:\/\/www.cerakotesa.com\/fr\/produit\/travel-mug-to-go-cup-plug-kit-se-261\/","og_site_name":"Cerakote South Africa","article_modified_time":"2024-08-05T13:26:42+00:00","og_image":[{"width":800,"height":800,"url":"https:\/\/www.cerakotesa.com\/wp-content\/uploads\/2019\/12\/plug-kit-for-travel-mugs-to-go-cups-se-261-dt20211001153804903-thumbnail-1.jpg","type":"image\/jpeg"}],"twitter_card":"summary_large_image","schema":{"@context":"https:\/\/schema.org","@graph":[{"@type":"WebPage","@id":"https:\/\/www.cerakotesa.com\/product\/travel-mug-to-go-cup-plug-kit-se-261\/","url":"https:\/\/www.cerakotesa.com\/product\/travel-mug-to-go-cup-plug-kit-se-261\/","name":"Travel Mug\/To-Go Cup Plug Kit SE-261 - Cerakote South Africa","isPartOf":{"@id":"https:\/\/www.cerakotesa.com\/#website"},"primaryImageOfPage":{"@id":"https:\/\/www.cerakotesa.com\/product\/travel-mug-to-go-cup-plug-kit-se-261\/#primaryimage"},"image":{"@id":"https:\/\/www.cerakotesa.com\/product\/travel-mug-to-go-cup-plug-kit-se-261\/#primaryimage"},"thumbnailUrl":"https:\/\/www.cerakotesa.com\/wp-content\/uploads\/2019\/12\/plug-kit-for-travel-mugs-to-go-cups-se-261-dt20211001153804903-thumbnail-1.jpg","datePublished":"2019-12-09T12:06:11+00:00","dateModified":"2024-08-05T13:26:42+00:00","breadcrumb":{"@id":"https:\/\/www.cerakotesa.com\/product\/travel-mug-to-go-cup-plug-kit-se-261\/#breadcrumb"},"inLanguage":"fr-FR","potentialAction":[{"@type":"ReadAction","target":["https:\/\/www.cerakotesa.com\/product\/travel-mug-to-go-cup-plug-kit-se-261\/"]}]},{"@type":"ImageObject","inLanguage":"fr-FR","@id":"https:\/\/www.cerakotesa.com\/product\/travel-mug-to-go-cup-plug-kit-se-261\/#primaryimage","url":"https:\/\/www.cerakotesa.com\/wp-content\/uploads\/2019\/12\/plug-kit-for-travel-mugs-to-go-cups-se-261-dt20211001153804903-thumbnail-1.jpg","contentUrl":"https:\/\/www.cerakotesa.com\/wp-content\/uploads\/2019\/12\/plug-kit-for-travel-mugs-to-go-cups-se-261-dt20211001153804903-thumbnail-1.jpg","width":800,"height":800},{"@type":"BreadcrumbList","@id":"https:\/\/www.cerakotesa.com\/product\/travel-mug-to-go-cup-plug-kit-se-261\/#breadcrumb","itemListElement":[{"@type":"ListItem","position":1,"name":"Home","item":"https:\/\/www.cerakotesa.com\/"},{"@type":"ListItem","position":2,"name":"Products","item":"https:\/\/www.cerakotesa.com\/shop\/"},{"@type":"ListItem","position":3,"name":"Travel Mug\/To-Go Cup Plug Kit SE-261"}]},{"@type":"WebSite","@id":"https:\/\/www.cerakotesa.com\/#website","url":"https:\/\/www.cerakotesa.com\/","name":"Cerakote South Africa","description":"Cerakote est un leader mondial dans la fabrication de rev\u00eatements c\u00e9ramiques protecteurs en couches minces.","potentialAction":[{"@type":"SearchAction","target":{"@type":"EntryPoint","urlTemplate":"https:\/\/www.cerakotesa.com\/?s={search_term_string}"},"query-input":{"@type":"PropertyValueSpecification","valueRequired":true,"valueName":"search_term_string"}}],"inLanguage":"fr-FR"}]}},"acf":[],"_links":{"self":[{"href":"https:\/\/www.cerakotesa.com\/fr\/wp-json\/wp\/v2\/product\/1614","targetHints":{"allow":["GET"]}}],"collection":[{"href":"https:\/\/www.cerakotesa.com\/fr\/wp-json\/wp\/v2\/product"}],"about":[{"href":"https:\/\/www.cerakotesa.com\/fr\/wp-json\/wp\/v2\/types\/product"}],"replies":[{"embeddable":true,"href":"https:\/\/www.cerakotesa.com\/fr\/wp-json\/wp\/v2\/comments?post=1614"}],"wp:featuredmedia":[{"embeddable":true,"href":"https:\/\/www.cerakotesa.com\/fr\/wp-json\/wp\/v2\/media\/15652"}],"wp:attachment":[{"href":"https:\/\/www.cerakotesa.com\/fr\/wp-json\/wp\/v2\/media?parent=1614"}],"wp:term":[{"taxonomy":"product_brand","embeddable":true,"href":"https:\/\/www.cerakotesa.com\/fr\/wp-json\/wp\/v2\/product_brand?post=1614"},{"taxonomy":"product_cat","embeddable":true,"href":"https:\/\/www.cerakotesa.com\/fr\/wp-json\/wp\/v2\/product_cat?post=1614"},{"taxonomy":"product_tag","embeddable":true,"href":"https:\/\/www.cerakotesa.com\/fr\/wp-json\/wp\/v2\/product_tag?post=1614"}],"curies":[{"name":"wp","href":"https:\/\/api.w.org\/{rel}","templated":true}]}}