{"id":1615,"date":"2019-12-09T12:09:27","date_gmt":"2019-12-09T12:09:27","guid":{"rendered":"https:\/\/staging.cerakote.co.uk\/?post_type=product&#038;p=1615"},"modified":"2024-08-05T13:26:42","modified_gmt":"2024-08-05T13:26:42","slug":"50ml-glass-graduated-cylinder-se-147b","status":"publish","type":"product","link":"https:\/\/www.cerakotesa.com\/fr\/produit\/50ml-glass-graduated-cylinder-se-147b\/","title":{"rendered":"Cylindre gradu\u00e9 en verre de 50ml SE-147B"},"content":{"rendered":"","protected":false},"excerpt":{"rendered":"<p>La petite \u00e9prouvette gradu\u00e9e en verre de 50 ml est parfaite pour m\u00e9langer de plus petites quantit\u00e9s de rev\u00eatements Cerakote de la s\u00e9rie H, par exemple pour des applications sur une seule arme \u00e0 feu.<\/p>","protected":false},"featured_media":13687,"comment_status":"closed","ping_status":"closed","template":"","meta":{"_acf_changed":false},"product_brand":[],"product_cat":[106],"product_tag":[632,105,633],"class_list":{"0":"post-1615","1":"product","2":"type-product","3":"status-publish","4":"has-post-thumbnail","6":"product_cat-equipment","7":"product_tag-50ml-glass-graduated-cylinder","8":"product_tag-equipment","9":"product_tag-se-147b","10":"product_shipping_class-flat-rate","12":"first","13":"instock","14":"taxable","15":"shipping-taxable","16":"product-type-simple"},"yoast_head":"<!-- This site is optimized with the Yoast SEO plugin v26.7 - https:\/\/yoast.com\/wordpress\/plugins\/seo\/ -->\n<title>50ml Glass Graduated Cylinder SE-147B - Cerakote South Africa<\/title>\n<meta name=\"robots\" content=\"index, follow, max-snippet:-1, max-image-preview:large, max-video-preview:-1\" \/>\n<link rel=\"canonical\" href=\"https:\/\/www.cerakotesa.com\/fr\/produit\/50ml-glass-graduated-cylinder-se-147b\/\" \/>\n<meta property=\"og:locale\" content=\"fr_FR\" \/>\n<meta property=\"og:type\" content=\"article\" \/>\n<meta property=\"og:title\" content=\"50ml Glass Graduated Cylinder SE-147B - Cerakote South Africa\" \/>\n<meta property=\"og:description\" content=\"The smaller 50ml glass graduated cylinder is perfect for those mixing smaller amounts of Cerakote H series Coatings such as single firearm applications.\" \/>\n<meta property=\"og:url\" content=\"https:\/\/www.cerakotesa.com\/fr\/produit\/50ml-glass-graduated-cylinder-se-147b\/\" \/>\n<meta property=\"og:site_name\" content=\"Cerakote South Africa\" \/>\n<meta property=\"article:modified_time\" content=\"2024-08-05T13:26:42+00:00\" \/>\n<meta property=\"og:image\" content=\"https:\/\/www.cerakotesa.com\/wp-content\/uploads\/2023\/06\/50-ML-CYLINDER.jpg\" \/>\n\t<meta property=\"og:image:width\" content=\"1762\" \/>\n\t<meta property=\"og:image:height\" content=\"1761\" \/>\n\t<meta property=\"og:image:type\" content=\"image\/jpeg\" \/>\n<meta name=\"twitter:card\" content=\"summary_large_image\" \/>\n<script type=\"application\/ld+json\" class=\"yoast-schema-graph\">{\"@context\":\"https:\/\/schema.org\",\"@graph\":[{\"@type\":\"WebPage\",\"@id\":\"https:\/\/www.cerakotesa.com\/it\/prodotto\/50ml-glass-graduated-cylinder-se-147b\/\",\"url\":\"https:\/\/www.cerakotesa.com\/it\/prodotto\/50ml-glass-graduated-cylinder-se-147b\/\",\"name\":\"50ml Glass Graduated Cylinder SE-147B - Cerakote South Africa\",\"isPartOf\":{\"@id\":\"https:\/\/www.cerakotesa.com\/#website\"},\"primaryImageOfPage\":{\"@id\":\"https:\/\/www.cerakotesa.com\/it\/prodotto\/50ml-glass-graduated-cylinder-se-147b\/#primaryimage\"},\"image\":{\"@id\":\"https:\/\/www.cerakotesa.com\/it\/prodotto\/50ml-glass-graduated-cylinder-se-147b\/#primaryimage\"},\"thumbnailUrl\":\"https:\/\/www.cerakotesa.com\/wp-content\/uploads\/2023\/06\/50-ML-CYLINDER.jpg\",\"datePublished\":\"2019-12-09T12:09:27+00:00\",\"dateModified\":\"2024-08-05T13:26:42+00:00\",\"breadcrumb\":{\"@id\":\"https:\/\/www.cerakotesa.com\/it\/prodotto\/50ml-glass-graduated-cylinder-se-147b\/#breadcrumb\"},\"inLanguage\":\"fr-FR\",\"potentialAction\":[{\"@type\":\"ReadAction\",\"target\":[\"https:\/\/www.cerakotesa.com\/it\/prodotto\/50ml-glass-graduated-cylinder-se-147b\/\"]}]},{\"@type\":\"ImageObject\",\"inLanguage\":\"fr-FR\",\"@id\":\"https:\/\/www.cerakotesa.com\/it\/prodotto\/50ml-glass-graduated-cylinder-se-147b\/#primaryimage\",\"url\":\"https:\/\/www.cerakotesa.com\/wp-content\/uploads\/2023\/06\/50-ML-CYLINDER.jpg\",\"contentUrl\":\"https:\/\/www.cerakotesa.com\/wp-content\/uploads\/2023\/06\/50-ML-CYLINDER.jpg\",\"width\":1762,\"height\":1761},{\"@type\":\"BreadcrumbList\",\"@id\":\"https:\/\/www.cerakotesa.com\/it\/prodotto\/50ml-glass-graduated-cylinder-se-147b\/#breadcrumb\",\"itemListElement\":[{\"@type\":\"ListItem\",\"position\":1,\"name\":\"Home\",\"item\":\"https:\/\/www.cerakotesa.com\/\"},{\"@type\":\"ListItem\",\"position\":2,\"name\":\"Products\",\"item\":\"https:\/\/www.cerakotesa.com\/shop\/\"},{\"@type\":\"ListItem\",\"position\":3,\"name\":\"50ml Glass Graduated Cylinder SE-147B\"}]},{\"@type\":\"WebSite\",\"@id\":\"https:\/\/www.cerakotesa.com\/#website\",\"url\":\"https:\/\/www.cerakotesa.com\/\",\"name\":\"Cerakote South Africa\",\"description\":\"Cerakote is a global leader in the manufacturing of thin-film protective ceramic coatings\",\"potentialAction\":[{\"@type\":\"SearchAction\",\"target\":{\"@type\":\"EntryPoint\",\"urlTemplate\":\"https:\/\/www.cerakotesa.com\/?s={search_term_string}\"},\"query-input\":{\"@type\":\"PropertyValueSpecification\",\"valueRequired\":true,\"valueName\":\"search_term_string\"}}],\"inLanguage\":\"fr-FR\"}]}<\/script>\n<!-- \/ Yoast SEO plugin. -->","yoast_head_json":{"title":"50ml Glass Graduated Cylinder SE-147B - Cerakote South Africa","robots":{"index":"index","follow":"follow","max-snippet":"max-snippet:-1","max-image-preview":"max-image-preview:large","max-video-preview":"max-video-preview:-1"},"canonical":"https:\/\/www.cerakotesa.com\/fr\/produit\/50ml-glass-graduated-cylinder-se-147b\/","og_locale":"fr_FR","og_type":"article","og_title":"50ml Glass Graduated Cylinder SE-147B - Cerakote South Africa","og_description":"The smaller 50ml glass graduated cylinder is perfect for those mixing smaller amounts of Cerakote H series Coatings such as single firearm applications.","og_url":"https:\/\/www.cerakotesa.com\/fr\/produit\/50ml-glass-graduated-cylinder-se-147b\/","og_site_name":"Cerakote South Africa","article_modified_time":"2024-08-05T13:26:42+00:00","og_image":[{"width":1762,"height":1761,"url":"https:\/\/www.cerakotesa.com\/wp-content\/uploads\/2023\/06\/50-ML-CYLINDER.jpg","type":"image\/jpeg"}],"twitter_card":"summary_large_image","schema":{"@context":"https:\/\/schema.org","@graph":[{"@type":"WebPage","@id":"https:\/\/www.cerakotesa.com\/it\/prodotto\/50ml-glass-graduated-cylinder-se-147b\/","url":"https:\/\/www.cerakotesa.com\/it\/prodotto\/50ml-glass-graduated-cylinder-se-147b\/","name":"50ml Glass Graduated Cylinder SE-147B - Cerakote South Africa","isPartOf":{"@id":"https:\/\/www.cerakotesa.com\/#website"},"primaryImageOfPage":{"@id":"https:\/\/www.cerakotesa.com\/it\/prodotto\/50ml-glass-graduated-cylinder-se-147b\/#primaryimage"},"image":{"@id":"https:\/\/www.cerakotesa.com\/it\/prodotto\/50ml-glass-graduated-cylinder-se-147b\/#primaryimage"},"thumbnailUrl":"https:\/\/www.cerakotesa.com\/wp-content\/uploads\/2023\/06\/50-ML-CYLINDER.jpg","datePublished":"2019-12-09T12:09:27+00:00","dateModified":"2024-08-05T13:26:42+00:00","breadcrumb":{"@id":"https:\/\/www.cerakotesa.com\/it\/prodotto\/50ml-glass-graduated-cylinder-se-147b\/#breadcrumb"},"inLanguage":"fr-FR","potentialAction":[{"@type":"ReadAction","target":["https:\/\/www.cerakotesa.com\/it\/prodotto\/50ml-glass-graduated-cylinder-se-147b\/"]}]},{"@type":"ImageObject","inLanguage":"fr-FR","@id":"https:\/\/www.cerakotesa.com\/it\/prodotto\/50ml-glass-graduated-cylinder-se-147b\/#primaryimage","url":"https:\/\/www.cerakotesa.com\/wp-content\/uploads\/2023\/06\/50-ML-CYLINDER.jpg","contentUrl":"https:\/\/www.cerakotesa.com\/wp-content\/uploads\/2023\/06\/50-ML-CYLINDER.jpg","width":1762,"height":1761},{"@type":"BreadcrumbList","@id":"https:\/\/www.cerakotesa.com\/it\/prodotto\/50ml-glass-graduated-cylinder-se-147b\/#breadcrumb","itemListElement":[{"@type":"ListItem","position":1,"name":"Home","item":"https:\/\/www.cerakotesa.com\/"},{"@type":"ListItem","position":2,"name":"Products","item":"https:\/\/www.cerakotesa.com\/shop\/"},{"@type":"ListItem","position":3,"name":"50ml Glass Graduated Cylinder SE-147B"}]},{"@type":"WebSite","@id":"https:\/\/www.cerakotesa.com\/#website","url":"https:\/\/www.cerakotesa.com\/","name":"Cerakote South Africa","description":"Cerakote est un leader mondial dans la fabrication de rev\u00eatements c\u00e9ramiques protecteurs en couches minces.","potentialAction":[{"@type":"SearchAction","target":{"@type":"EntryPoint","urlTemplate":"https:\/\/www.cerakotesa.com\/?s={search_term_string}"},"query-input":{"@type":"PropertyValueSpecification","valueRequired":true,"valueName":"search_term_string"}}],"inLanguage":"fr-FR"}]}},"acf":[],"_links":{"self":[{"href":"https:\/\/www.cerakotesa.com\/fr\/wp-json\/wp\/v2\/product\/1615","targetHints":{"allow":["GET"]}}],"collection":[{"href":"https:\/\/www.cerakotesa.com\/fr\/wp-json\/wp\/v2\/product"}],"about":[{"href":"https:\/\/www.cerakotesa.com\/fr\/wp-json\/wp\/v2\/types\/product"}],"replies":[{"embeddable":true,"href":"https:\/\/www.cerakotesa.com\/fr\/wp-json\/wp\/v2\/comments?post=1615"}],"wp:featuredmedia":[{"embeddable":true,"href":"https:\/\/www.cerakotesa.com\/fr\/wp-json\/wp\/v2\/media\/13687"}],"wp:attachment":[{"href":"https:\/\/www.cerakotesa.com\/fr\/wp-json\/wp\/v2\/media?parent=1615"}],"wp:term":[{"taxonomy":"product_brand","embeddable":true,"href":"https:\/\/www.cerakotesa.com\/fr\/wp-json\/wp\/v2\/product_brand?post=1615"},{"taxonomy":"product_cat","embeddable":true,"href":"https:\/\/www.cerakotesa.com\/fr\/wp-json\/wp\/v2\/product_cat?post=1615"},{"taxonomy":"product_tag","embeddable":true,"href":"https:\/\/www.cerakotesa.com\/fr\/wp-json\/wp\/v2\/product_tag?post=1615"}],"curies":[{"name":"wp","href":"https:\/\/api.w.org\/{rel}","templated":true}]}}