{"id":1617,"date":"2019-12-09T12:13:44","date_gmt":"2019-12-09T12:13:44","guid":{"rendered":"https:\/\/staging.cerakote.co.uk\/?post_type=product&#038;p=1617"},"modified":"2025-03-04T12:05:22","modified_gmt":"2025-03-04T12:05:22","slug":"grey-scotch-brite-20-pack-se-358","status":"publish","type":"product","link":"https:\/\/www.cerakotesa.com\/fr\/produit\/grey-scotch-brite-20-pack-se-358\/","title":{"rendered":"Scotch Brite gris paquet de 20 SE-358"},"content":{"rendered":"","protected":false},"excerpt":{"rendered":"<p>Nous voulons nous assurer que vous disposez de tous les outils n\u00e9cessaires pour r\u00e9ussir. Le Scotch Brite est un outil essentiel dans le processus de Cerakoting ! Nous recommandons le scotch brite pour les pi\u00e8ces qui ne peuvent pas \u00eatre sabl\u00e9es. Les pi\u00e8ces telles que le polym\u00e8re, le plastique, la fibre de verre et certains composites. Le Scotch Brite permet d'enlever la brillance avant le rev\u00eatement et de donner au substrat une couche de gravure \u00e0 laquelle adh\u00e9rer. Si vous recouvrez des pi\u00e8ces qui ne peuvent pas \u00eatre sabl\u00e9es, assurez-vous d'obtenir votre scotch brite d\u00e8s aujourd'hui !<\/p>\n<ul>\n<li>L'action de finition ultra fine surpasse celle de la laine d'acier pour le nettoyage, le m\u00e9lange, la pr\u00e9paration et la finition du m\u00e9tal, du bois, des plastiques et des composites.<\/li>\n<li>Se comporte comme une laine d'acier de grade 00 sans se d\u00e9chiqueter, rouiller ou \u00e9clater.<\/li>\n<li>Le coussin s'adapte aux surfaces irr\u00e9guli\u00e8res et s'ins\u00e8re dans les coins sans perdre en performance.<\/li>\n<li>Nettoie le m\u00e9tal, les composites et d'autres mat\u00e9riaux sans alt\u00e9rer le mat\u00e9riau de base<\/li>\n<\/ul>","protected":false},"featured_media":13689,"comment_status":"closed","ping_status":"closed","template":"","meta":{"_acf_changed":false},"product_brand":[],"product_cat":[106],"product_tag":[110,105,111,112],"class_list":{"0":"post-1617","1":"product","2":"type-product","3":"status-publish","4":"has-post-thumbnail","6":"product_cat-equipment","7":"product_tag-20-pack","8":"product_tag-equipment","9":"product_tag-grey-scotch-brite","10":"product_tag-se-358","11":"product_shipping_class-flat-rate","13":"first","14":"instock","15":"taxable","16":"shipping-taxable","17":"product-type-simple"},"yoast_head":"<!-- This site is optimized with the Yoast SEO plugin v26.7 - https:\/\/yoast.com\/wordpress\/plugins\/seo\/ -->\n<title>Grey Scotch Brite 20-Pack SE-358 - Cerakote South Africa<\/title>\n<meta name=\"robots\" content=\"index, follow, max-snippet:-1, max-image-preview:large, max-video-preview:-1\" \/>\n<link rel=\"canonical\" href=\"https:\/\/www.cerakotesa.com\/fr\/produit\/grey-scotch-brite-20-pack-se-358\/\" \/>\n<meta property=\"og:locale\" content=\"fr_FR\" \/>\n<meta property=\"og:type\" content=\"article\" \/>\n<meta property=\"og:title\" content=\"Grey Scotch Brite 20-Pack SE-358 - Cerakote South Africa\" \/>\n<meta property=\"og:description\" content=\"We want to make sure you have all the tools for success. Scotch Brite is a vital tool in the Cerakoting process! We recommend scotch brite for parts that can?t be sandblasted. Parts such as polymer, plastic, fiberglass, and some composites. Scotch Brite will help remove the sheen before coating and give the substrate an etch to adhere too. If you are coating parts that can?t be sandblasted, make sure you get your scotch brite today!   Ultra fine finishing action outperforms steel wool for cleaning, blending, prepping and finishing on metal, wood, plastics and composites  Performs like steel wool grade 00 without shredding, rusting, or splintering  Pad conforms to irregular surfaces and gets into corners without losing performance  Cleans metal, composites, and other materials without altering the base material\" \/>\n<meta property=\"og:url\" content=\"https:\/\/www.cerakotesa.com\/fr\/produit\/grey-scotch-brite-20-pack-se-358\/\" \/>\n<meta property=\"og:site_name\" content=\"Cerakote South Africa\" \/>\n<meta property=\"article:modified_time\" content=\"2025-03-04T12:05:22+00:00\" \/>\n<meta property=\"og:image\" content=\"https:\/\/www.cerakotesa.com\/wp-content\/uploads\/2023\/06\/se-grey-scotch-20-kit.jpg\" \/>\n\t<meta property=\"og:image:width\" content=\"450\" \/>\n\t<meta property=\"og:image:height\" content=\"450\" \/>\n\t<meta property=\"og:image:type\" content=\"image\/jpeg\" \/>\n<meta name=\"twitter:card\" content=\"summary_large_image\" \/>\n<script type=\"application\/ld+json\" class=\"yoast-schema-graph\">{\"@context\":\"https:\/\/schema.org\",\"@graph\":[{\"@type\":\"WebPage\",\"@id\":\"https:\/\/www.cerakotesa.com\/product\/grey-scotch-brite-20-pack-se-358\/\",\"url\":\"https:\/\/www.cerakotesa.com\/product\/grey-scotch-brite-20-pack-se-358\/\",\"name\":\"Grey Scotch Brite 20-Pack SE-358 - Cerakote South Africa\",\"isPartOf\":{\"@id\":\"https:\/\/www.cerakotesa.com\/#website\"},\"primaryImageOfPage\":{\"@id\":\"https:\/\/www.cerakotesa.com\/product\/grey-scotch-brite-20-pack-se-358\/#primaryimage\"},\"image\":{\"@id\":\"https:\/\/www.cerakotesa.com\/product\/grey-scotch-brite-20-pack-se-358\/#primaryimage\"},\"thumbnailUrl\":\"https:\/\/www.cerakotesa.com\/wp-content\/uploads\/2023\/06\/se-grey-scotch-20-kit.jpg\",\"datePublished\":\"2019-12-09T12:13:44+00:00\",\"dateModified\":\"2025-03-04T12:05:22+00:00\",\"breadcrumb\":{\"@id\":\"https:\/\/www.cerakotesa.com\/product\/grey-scotch-brite-20-pack-se-358\/#breadcrumb\"},\"inLanguage\":\"fr-FR\",\"potentialAction\":[{\"@type\":\"ReadAction\",\"target\":[\"https:\/\/www.cerakotesa.com\/product\/grey-scotch-brite-20-pack-se-358\/\"]}]},{\"@type\":\"ImageObject\",\"inLanguage\":\"fr-FR\",\"@id\":\"https:\/\/www.cerakotesa.com\/product\/grey-scotch-brite-20-pack-se-358\/#primaryimage\",\"url\":\"https:\/\/www.cerakotesa.com\/wp-content\/uploads\/2023\/06\/se-grey-scotch-20-kit.jpg\",\"contentUrl\":\"https:\/\/www.cerakotesa.com\/wp-content\/uploads\/2023\/06\/se-grey-scotch-20-kit.jpg\",\"width\":450,\"height\":450},{\"@type\":\"BreadcrumbList\",\"@id\":\"https:\/\/www.cerakotesa.com\/product\/grey-scotch-brite-20-pack-se-358\/#breadcrumb\",\"itemListElement\":[{\"@type\":\"ListItem\",\"position\":1,\"name\":\"Home\",\"item\":\"https:\/\/www.cerakotesa.com\/\"},{\"@type\":\"ListItem\",\"position\":2,\"name\":\"Products\",\"item\":\"https:\/\/www.cerakotesa.com\/shop\/\"},{\"@type\":\"ListItem\",\"position\":3,\"name\":\"Grey Scotch Brite 20-Pack SE-358\"}]},{\"@type\":\"WebSite\",\"@id\":\"https:\/\/www.cerakotesa.com\/#website\",\"url\":\"https:\/\/www.cerakotesa.com\/\",\"name\":\"Cerakote South Africa\",\"description\":\"Cerakote is a global leader in the manufacturing of thin-film protective ceramic coatings\",\"potentialAction\":[{\"@type\":\"SearchAction\",\"target\":{\"@type\":\"EntryPoint\",\"urlTemplate\":\"https:\/\/www.cerakotesa.com\/?s={search_term_string}\"},\"query-input\":{\"@type\":\"PropertyValueSpecification\",\"valueRequired\":true,\"valueName\":\"search_term_string\"}}],\"inLanguage\":\"fr-FR\"}]}<\/script>\n<!-- \/ Yoast SEO plugin. -->","yoast_head_json":{"title":"Grey Scotch Brite 20-Pack SE-358 - Cerakote South Africa","robots":{"index":"index","follow":"follow","max-snippet":"max-snippet:-1","max-image-preview":"max-image-preview:large","max-video-preview":"max-video-preview:-1"},"canonical":"https:\/\/www.cerakotesa.com\/fr\/produit\/grey-scotch-brite-20-pack-se-358\/","og_locale":"fr_FR","og_type":"article","og_title":"Grey Scotch Brite 20-Pack SE-358 - Cerakote South Africa","og_description":"We want to make sure you have all the tools for success. Scotch Brite is a vital tool in the Cerakoting process! We recommend scotch brite for parts that can?t be sandblasted. Parts such as polymer, plastic, fiberglass, and some composites. Scotch Brite will help remove the sheen before coating and give the substrate an etch to adhere too. If you are coating parts that can?t be sandblasted, make sure you get your scotch brite today!   Ultra fine finishing action outperforms steel wool for cleaning, blending, prepping and finishing on metal, wood, plastics and composites  Performs like steel wool grade 00 without shredding, rusting, or splintering  Pad conforms to irregular surfaces and gets into corners without losing performance  Cleans metal, composites, and other materials without altering the base material","og_url":"https:\/\/www.cerakotesa.com\/fr\/produit\/grey-scotch-brite-20-pack-se-358\/","og_site_name":"Cerakote South Africa","article_modified_time":"2025-03-04T12:05:22+00:00","og_image":[{"width":450,"height":450,"url":"https:\/\/www.cerakotesa.com\/wp-content\/uploads\/2023\/06\/se-grey-scotch-20-kit.jpg","type":"image\/jpeg"}],"twitter_card":"summary_large_image","schema":{"@context":"https:\/\/schema.org","@graph":[{"@type":"WebPage","@id":"https:\/\/www.cerakotesa.com\/product\/grey-scotch-brite-20-pack-se-358\/","url":"https:\/\/www.cerakotesa.com\/product\/grey-scotch-brite-20-pack-se-358\/","name":"Grey Scotch Brite 20-Pack SE-358 - Cerakote South Africa","isPartOf":{"@id":"https:\/\/www.cerakotesa.com\/#website"},"primaryImageOfPage":{"@id":"https:\/\/www.cerakotesa.com\/product\/grey-scotch-brite-20-pack-se-358\/#primaryimage"},"image":{"@id":"https:\/\/www.cerakotesa.com\/product\/grey-scotch-brite-20-pack-se-358\/#primaryimage"},"thumbnailUrl":"https:\/\/www.cerakotesa.com\/wp-content\/uploads\/2023\/06\/se-grey-scotch-20-kit.jpg","datePublished":"2019-12-09T12:13:44+00:00","dateModified":"2025-03-04T12:05:22+00:00","breadcrumb":{"@id":"https:\/\/www.cerakotesa.com\/product\/grey-scotch-brite-20-pack-se-358\/#breadcrumb"},"inLanguage":"fr-FR","potentialAction":[{"@type":"ReadAction","target":["https:\/\/www.cerakotesa.com\/product\/grey-scotch-brite-20-pack-se-358\/"]}]},{"@type":"ImageObject","inLanguage":"fr-FR","@id":"https:\/\/www.cerakotesa.com\/product\/grey-scotch-brite-20-pack-se-358\/#primaryimage","url":"https:\/\/www.cerakotesa.com\/wp-content\/uploads\/2023\/06\/se-grey-scotch-20-kit.jpg","contentUrl":"https:\/\/www.cerakotesa.com\/wp-content\/uploads\/2023\/06\/se-grey-scotch-20-kit.jpg","width":450,"height":450},{"@type":"BreadcrumbList","@id":"https:\/\/www.cerakotesa.com\/product\/grey-scotch-brite-20-pack-se-358\/#breadcrumb","itemListElement":[{"@type":"ListItem","position":1,"name":"Home","item":"https:\/\/www.cerakotesa.com\/"},{"@type":"ListItem","position":2,"name":"Products","item":"https:\/\/www.cerakotesa.com\/shop\/"},{"@type":"ListItem","position":3,"name":"Grey Scotch Brite 20-Pack SE-358"}]},{"@type":"WebSite","@id":"https:\/\/www.cerakotesa.com\/#website","url":"https:\/\/www.cerakotesa.com\/","name":"Cerakote South Africa","description":"Cerakote est un leader mondial dans la fabrication de rev\u00eatements c\u00e9ramiques protecteurs en couches minces.","potentialAction":[{"@type":"SearchAction","target":{"@type":"EntryPoint","urlTemplate":"https:\/\/www.cerakotesa.com\/?s={search_term_string}"},"query-input":{"@type":"PropertyValueSpecification","valueRequired":true,"valueName":"search_term_string"}}],"inLanguage":"fr-FR"}]}},"acf":[],"_links":{"self":[{"href":"https:\/\/www.cerakotesa.com\/fr\/wp-json\/wp\/v2\/product\/1617","targetHints":{"allow":["GET"]}}],"collection":[{"href":"https:\/\/www.cerakotesa.com\/fr\/wp-json\/wp\/v2\/product"}],"about":[{"href":"https:\/\/www.cerakotesa.com\/fr\/wp-json\/wp\/v2\/types\/product"}],"replies":[{"embeddable":true,"href":"https:\/\/www.cerakotesa.com\/fr\/wp-json\/wp\/v2\/comments?post=1617"}],"wp:featuredmedia":[{"embeddable":true,"href":"https:\/\/www.cerakotesa.com\/fr\/wp-json\/wp\/v2\/media\/13689"}],"wp:attachment":[{"href":"https:\/\/www.cerakotesa.com\/fr\/wp-json\/wp\/v2\/media?parent=1617"}],"wp:term":[{"taxonomy":"product_brand","embeddable":true,"href":"https:\/\/www.cerakotesa.com\/fr\/wp-json\/wp\/v2\/product_brand?post=1617"},{"taxonomy":"product_cat","embeddable":true,"href":"https:\/\/www.cerakotesa.com\/fr\/wp-json\/wp\/v2\/product_cat?post=1617"},{"taxonomy":"product_tag","embeddable":true,"href":"https:\/\/www.cerakotesa.com\/fr\/wp-json\/wp\/v2\/product_tag?post=1617"}],"curies":[{"name":"wp","href":"https:\/\/api.w.org\/{rel}","templated":true}]}}