{"id":1618,"date":"2019-12-09T12:17:27","date_gmt":"2019-12-09T12:17:27","guid":{"rendered":"https:\/\/staging.cerakote.co.uk\/?post_type=product&#038;p=1618"},"modified":"2025-03-05T15:52:07","modified_gmt":"2025-03-05T15:52:07","slug":"high-bake-vinyl-film-se-345","status":"publish","type":"product","link":"https:\/\/www.cerakotesa.com\/fr\/produit\/high-bake-vinyl-film-se-345\/","title":{"rendered":"Film vinyle \u00e0 cuisson rapide SE-345"},"content":{"rendered":"","protected":false},"excerpt":{"rendered":"<p>Cerakote<sup>\u00ae<\/sup>\u00a0est fi\u00e8re d'offrir maintenant un film de vinyle \u00e0 cuisson rapide. Notre vinyle est un vinyle souple calandr\u00e9 avec un adh\u00e9sif amovible, qui s'enl\u00e8ve proprement de la plupart des surfaces OEM jusqu'\u00e0 1 an, s'il est enlev\u00e9 rapidement apr\u00e8s les cycles de peinture et de durcissement. Affinez vos comp\u00e9tences et essayez quelque chose de nouveau, obtenez notre film vinyle High Bake d\u00e8s aujourd'hui !<\/p>\n<p>Caract\u00e9ristiques :<\/p>\n<ul>\n<li>15\u2033 X 30\u2033 Total 37.5 SF<\/li>\n<li>Temp\u00e9rature nominale de 200\u00b0F avant que l'adh\u00e9sif ne soit laiss\u00e9 sur la pi\u00e8ce<\/li>\n<li>Doublure ind\u00e9formable pour une transformation ais\u00e9e<\/li>\n<li>Excellente r\u00e9sistance aux UV, \u00e0 la temp\u00e9rature, \u00e0 l'humidit\u00e9 et au brouillard salin<\/li>\n<li>Applications promotionnelles \u00e0 court terme<\/li>\n<li>Coupe et d\u00e9sherbage faciles pour des lignes de peinture nettes<\/li>\n<li>Enlevable de la plupart des peintures OEM<\/li>\n<li>Enl\u00e8vement propre lors de l'utilisation de la plupart des cycles de peinture<\/li>\n<\/ul>\n<p>Applications courantes :<\/p>\n<ul>\n<li>Pochoirs de signalisation<\/li>\n<li>Pochoirs OEM<\/li>\n<li>Lettres amovibles<\/li>\n<\/ul>","protected":false},"featured_media":13690,"comment_status":"closed","ping_status":"closed","template":"","meta":{"_acf_changed":false},"product_brand":[],"product_cat":[106],"product_tag":[105,636,637],"class_list":{"0":"post-1618","1":"product","2":"type-product","3":"status-publish","4":"has-post-thumbnail","6":"product_cat-equipment","7":"product_tag-equipment","8":"product_tag-high-bake-vinyl-film","9":"product_tag-se-345","10":"product_shipping_class-flat-rate","12":"first","13":"instock","14":"taxable","15":"shipping-taxable","16":"product-type-simple"},"yoast_head":"<!-- This site is optimized with the Yoast SEO plugin v26.7 - https:\/\/yoast.com\/wordpress\/plugins\/seo\/ -->\n<title>High Bake Vinyl Film SE-345 - Cerakote South Africa<\/title>\n<meta name=\"robots\" content=\"index, follow, max-snippet:-1, max-image-preview:large, max-video-preview:-1\" \/>\n<link rel=\"canonical\" href=\"https:\/\/www.cerakotesa.com\/fr\/produit\/high-bake-vinyl-film-se-345\/\" \/>\n<meta property=\"og:locale\" content=\"fr_FR\" \/>\n<meta property=\"og:type\" content=\"article\" \/>\n<meta property=\"og:title\" content=\"High Bake Vinyl Film SE-345 - Cerakote South Africa\" \/>\n<meta property=\"og:description\" content=\"Cerakote\u00ae\u00a0is proud to now be offering High Bake Vinyl Film. Our Vinyl is a flexible calendared vinyl with removable adhesive, which will cleanly remove from most OEM surfaces up to 1 year, when removed promptly after painting and curing cycles. Sharpen your skills and try something new, get our High Bake Vinyl Film today!  Features:   15&quot; X 30&quot; Total 37.5 SF  Temperature rating of 200\u00b0F before adhesive is left on the part  Dimensionally stable liner for easy converting  Excellent UV, temperature, humidity, and salt-spray resistance  Short Term Promotional Applications  Easy cutting and weeding for crisp paint lines  Removable from most OEM paints  Clean removability when used with most paint cycles  Common Applications:   Sign Stencils  OEM Stencils  Removable Letters\" \/>\n<meta property=\"og:url\" content=\"https:\/\/www.cerakotesa.com\/fr\/produit\/high-bake-vinyl-film-se-345\/\" \/>\n<meta property=\"og:site_name\" content=\"Cerakote South Africa\" \/>\n<meta property=\"article:modified_time\" content=\"2025-03-05T15:52:07+00:00\" \/>\n<meta property=\"og:image\" content=\"https:\/\/www.cerakotesa.com\/wp-content\/uploads\/2023\/06\/high-bake-vinyl-film-se-345-dt20211001151832802-thumbnail.jpg\" \/>\n\t<meta property=\"og:image:width\" content=\"800\" \/>\n\t<meta property=\"og:image:height\" content=\"800\" \/>\n\t<meta property=\"og:image:type\" content=\"image\/jpeg\" \/>\n<meta name=\"twitter:card\" content=\"summary_large_image\" \/>\n<script type=\"application\/ld+json\" class=\"yoast-schema-graph\">{\"@context\":\"https:\/\/schema.org\",\"@graph\":[{\"@type\":\"WebPage\",\"@id\":\"https:\/\/www.cerakotesa.com\/product\/high-bake-vinyl-film-se-345\/\",\"url\":\"https:\/\/www.cerakotesa.com\/product\/high-bake-vinyl-film-se-345\/\",\"name\":\"High Bake Vinyl Film SE-345 - Cerakote South Africa\",\"isPartOf\":{\"@id\":\"https:\/\/www.cerakotesa.com\/#website\"},\"primaryImageOfPage\":{\"@id\":\"https:\/\/www.cerakotesa.com\/product\/high-bake-vinyl-film-se-345\/#primaryimage\"},\"image\":{\"@id\":\"https:\/\/www.cerakotesa.com\/product\/high-bake-vinyl-film-se-345\/#primaryimage\"},\"thumbnailUrl\":\"https:\/\/www.cerakotesa.com\/wp-content\/uploads\/2023\/06\/high-bake-vinyl-film-se-345-dt20211001151832802-thumbnail.jpg\",\"datePublished\":\"2019-12-09T12:17:27+00:00\",\"dateModified\":\"2025-03-05T15:52:07+00:00\",\"breadcrumb\":{\"@id\":\"https:\/\/www.cerakotesa.com\/product\/high-bake-vinyl-film-se-345\/#breadcrumb\"},\"inLanguage\":\"fr-FR\",\"potentialAction\":[{\"@type\":\"ReadAction\",\"target\":[\"https:\/\/www.cerakotesa.com\/product\/high-bake-vinyl-film-se-345\/\"]}]},{\"@type\":\"ImageObject\",\"inLanguage\":\"fr-FR\",\"@id\":\"https:\/\/www.cerakotesa.com\/product\/high-bake-vinyl-film-se-345\/#primaryimage\",\"url\":\"https:\/\/www.cerakotesa.com\/wp-content\/uploads\/2023\/06\/high-bake-vinyl-film-se-345-dt20211001151832802-thumbnail.jpg\",\"contentUrl\":\"https:\/\/www.cerakotesa.com\/wp-content\/uploads\/2023\/06\/high-bake-vinyl-film-se-345-dt20211001151832802-thumbnail.jpg\",\"width\":800,\"height\":800},{\"@type\":\"BreadcrumbList\",\"@id\":\"https:\/\/www.cerakotesa.com\/product\/high-bake-vinyl-film-se-345\/#breadcrumb\",\"itemListElement\":[{\"@type\":\"ListItem\",\"position\":1,\"name\":\"Home\",\"item\":\"https:\/\/www.cerakotesa.com\/\"},{\"@type\":\"ListItem\",\"position\":2,\"name\":\"Products\",\"item\":\"https:\/\/www.cerakotesa.com\/shop\/\"},{\"@type\":\"ListItem\",\"position\":3,\"name\":\"High Bake Vinyl Film SE-345\"}]},{\"@type\":\"WebSite\",\"@id\":\"https:\/\/www.cerakotesa.com\/#website\",\"url\":\"https:\/\/www.cerakotesa.com\/\",\"name\":\"Cerakote South Africa\",\"description\":\"Cerakote is a global leader in the manufacturing of thin-film protective ceramic coatings\",\"potentialAction\":[{\"@type\":\"SearchAction\",\"target\":{\"@type\":\"EntryPoint\",\"urlTemplate\":\"https:\/\/www.cerakotesa.com\/?s={search_term_string}\"},\"query-input\":{\"@type\":\"PropertyValueSpecification\",\"valueRequired\":true,\"valueName\":\"search_term_string\"}}],\"inLanguage\":\"fr-FR\"}]}<\/script>\n<!-- \/ Yoast SEO plugin. -->","yoast_head_json":{"title":"High Bake Vinyl Film SE-345 - Cerakote South Africa","robots":{"index":"index","follow":"follow","max-snippet":"max-snippet:-1","max-image-preview":"max-image-preview:large","max-video-preview":"max-video-preview:-1"},"canonical":"https:\/\/www.cerakotesa.com\/fr\/produit\/high-bake-vinyl-film-se-345\/","og_locale":"fr_FR","og_type":"article","og_title":"High Bake Vinyl Film SE-345 - Cerakote South Africa","og_description":"Cerakote\u00ae\u00a0is proud to now be offering High Bake Vinyl Film. Our Vinyl is a flexible calendared vinyl with removable adhesive, which will cleanly remove from most OEM surfaces up to 1 year, when removed promptly after painting and curing cycles. Sharpen your skills and try something new, get our High Bake Vinyl Film today!  Features:   15\" X 30\" Total 37.5 SF  Temperature rating of 200\u00b0F before adhesive is left on the part  Dimensionally stable liner for easy converting  Excellent UV, temperature, humidity, and salt-spray resistance  Short Term Promotional Applications  Easy cutting and weeding for crisp paint lines  Removable from most OEM paints  Clean removability when used with most paint cycles  Common Applications:   Sign Stencils  OEM Stencils  Removable Letters","og_url":"https:\/\/www.cerakotesa.com\/fr\/produit\/high-bake-vinyl-film-se-345\/","og_site_name":"Cerakote South Africa","article_modified_time":"2025-03-05T15:52:07+00:00","og_image":[{"width":800,"height":800,"url":"https:\/\/www.cerakotesa.com\/wp-content\/uploads\/2023\/06\/high-bake-vinyl-film-se-345-dt20211001151832802-thumbnail.jpg","type":"image\/jpeg"}],"twitter_card":"summary_large_image","schema":{"@context":"https:\/\/schema.org","@graph":[{"@type":"WebPage","@id":"https:\/\/www.cerakotesa.com\/product\/high-bake-vinyl-film-se-345\/","url":"https:\/\/www.cerakotesa.com\/product\/high-bake-vinyl-film-se-345\/","name":"High Bake Vinyl Film SE-345 - Cerakote South Africa","isPartOf":{"@id":"https:\/\/www.cerakotesa.com\/#website"},"primaryImageOfPage":{"@id":"https:\/\/www.cerakotesa.com\/product\/high-bake-vinyl-film-se-345\/#primaryimage"},"image":{"@id":"https:\/\/www.cerakotesa.com\/product\/high-bake-vinyl-film-se-345\/#primaryimage"},"thumbnailUrl":"https:\/\/www.cerakotesa.com\/wp-content\/uploads\/2023\/06\/high-bake-vinyl-film-se-345-dt20211001151832802-thumbnail.jpg","datePublished":"2019-12-09T12:17:27+00:00","dateModified":"2025-03-05T15:52:07+00:00","breadcrumb":{"@id":"https:\/\/www.cerakotesa.com\/product\/high-bake-vinyl-film-se-345\/#breadcrumb"},"inLanguage":"fr-FR","potentialAction":[{"@type":"ReadAction","target":["https:\/\/www.cerakotesa.com\/product\/high-bake-vinyl-film-se-345\/"]}]},{"@type":"ImageObject","inLanguage":"fr-FR","@id":"https:\/\/www.cerakotesa.com\/product\/high-bake-vinyl-film-se-345\/#primaryimage","url":"https:\/\/www.cerakotesa.com\/wp-content\/uploads\/2023\/06\/high-bake-vinyl-film-se-345-dt20211001151832802-thumbnail.jpg","contentUrl":"https:\/\/www.cerakotesa.com\/wp-content\/uploads\/2023\/06\/high-bake-vinyl-film-se-345-dt20211001151832802-thumbnail.jpg","width":800,"height":800},{"@type":"BreadcrumbList","@id":"https:\/\/www.cerakotesa.com\/product\/high-bake-vinyl-film-se-345\/#breadcrumb","itemListElement":[{"@type":"ListItem","position":1,"name":"Home","item":"https:\/\/www.cerakotesa.com\/"},{"@type":"ListItem","position":2,"name":"Products","item":"https:\/\/www.cerakotesa.com\/shop\/"},{"@type":"ListItem","position":3,"name":"High Bake Vinyl Film SE-345"}]},{"@type":"WebSite","@id":"https:\/\/www.cerakotesa.com\/#website","url":"https:\/\/www.cerakotesa.com\/","name":"Cerakote South Africa","description":"Cerakote est un leader mondial dans la fabrication de rev\u00eatements c\u00e9ramiques protecteurs en couches minces.","potentialAction":[{"@type":"SearchAction","target":{"@type":"EntryPoint","urlTemplate":"https:\/\/www.cerakotesa.com\/?s={search_term_string}"},"query-input":{"@type":"PropertyValueSpecification","valueRequired":true,"valueName":"search_term_string"}}],"inLanguage":"fr-FR"}]}},"acf":[],"_links":{"self":[{"href":"https:\/\/www.cerakotesa.com\/fr\/wp-json\/wp\/v2\/product\/1618","targetHints":{"allow":["GET"]}}],"collection":[{"href":"https:\/\/www.cerakotesa.com\/fr\/wp-json\/wp\/v2\/product"}],"about":[{"href":"https:\/\/www.cerakotesa.com\/fr\/wp-json\/wp\/v2\/types\/product"}],"replies":[{"embeddable":true,"href":"https:\/\/www.cerakotesa.com\/fr\/wp-json\/wp\/v2\/comments?post=1618"}],"wp:featuredmedia":[{"embeddable":true,"href":"https:\/\/www.cerakotesa.com\/fr\/wp-json\/wp\/v2\/media\/13690"}],"wp:attachment":[{"href":"https:\/\/www.cerakotesa.com\/fr\/wp-json\/wp\/v2\/media?parent=1618"}],"wp:term":[{"taxonomy":"product_brand","embeddable":true,"href":"https:\/\/www.cerakotesa.com\/fr\/wp-json\/wp\/v2\/product_brand?post=1618"},{"taxonomy":"product_cat","embeddable":true,"href":"https:\/\/www.cerakotesa.com\/fr\/wp-json\/wp\/v2\/product_cat?post=1618"},{"taxonomy":"product_tag","embeddable":true,"href":"https:\/\/www.cerakotesa.com\/fr\/wp-json\/wp\/v2\/product_tag?post=1618"}],"curies":[{"name":"wp","href":"https:\/\/api.w.org\/{rel}","templated":true}]}}