{"id":1624,"date":"2019-12-09T12:38:59","date_gmt":"2019-12-09T12:38:59","guid":{"rendered":"https:\/\/staging.cerakote.co.uk\/?post_type=product&#038;p=1624"},"modified":"2024-08-05T13:26:44","modified_gmt":"2024-08-05T13:26:44","slug":"eye-droppers-x25-se-169","status":"publish","type":"product","link":"https:\/\/www.cerakotesa.com\/fr\/produit\/eye-droppers-x25-se-169\/","title":{"rendered":"Compte-gouttes X25 SE-169"},"content":{"rendered":"","protected":false},"excerpt":{"rendered":"<p>Cerakote propose des compte-gouttes en paquets de 25. Les compte-gouttes sont un excellent outil pour ajouter et retirer des quantit\u00e9s pr\u00e9cises de rev\u00eatement ou de catalyseur et sont jetables pour faciliter le nettoyage. Lors de la cr\u00e9ation de m\u00e9langes personnalis\u00e9s, c'est un excellent outil \u00e0 avoir sous la main !<\/p>","protected":false},"featured_media":13699,"comment_status":"closed","ping_status":"closed","template":"","meta":{"_acf_changed":false},"product_brand":[],"product_cat":[106],"product_tag":[105,649,650],"class_list":{"0":"post-1624","1":"product","2":"type-product","3":"status-publish","4":"has-post-thumbnail","6":"product_cat-equipment","7":"product_tag-equipment","8":"product_tag-eye-droppers-x25","9":"product_tag-se-169","10":"product_shipping_class-flat-rate","12":"first","13":"instock","14":"taxable","15":"shipping-taxable","16":"product-type-simple"},"yoast_head":"<!-- This site is optimized with the Yoast SEO plugin v26.7 - https:\/\/yoast.com\/wordpress\/plugins\/seo\/ -->\n<title>Eye Droppers X25 SE-169 - Cerakote South Africa<\/title>\n<meta name=\"robots\" content=\"index, follow, max-snippet:-1, max-image-preview:large, max-video-preview:-1\" \/>\n<link rel=\"canonical\" href=\"https:\/\/www.cerakotesa.com\/fr\/produit\/eye-droppers-x25-se-169\/\" \/>\n<meta property=\"og:locale\" content=\"fr_FR\" \/>\n<meta property=\"og:type\" content=\"article\" \/>\n<meta property=\"og:title\" content=\"Eye Droppers X25 SE-169 - Cerakote South Africa\" \/>\n<meta property=\"og:description\" content=\"Cerakote offers eyedroppers in packs of 25. Eyedroppers are a great tool for adding and removing precise amounts of coating or catalyst and are disposable for easy cleanup. When creating custom mixes, these are a great tool to have on hand!\" \/>\n<meta property=\"og:url\" content=\"https:\/\/www.cerakotesa.com\/fr\/produit\/eye-droppers-x25-se-169\/\" \/>\n<meta property=\"og:site_name\" content=\"Cerakote South Africa\" \/>\n<meta property=\"article:modified_time\" content=\"2024-08-05T13:26:44+00:00\" \/>\n<meta property=\"og:image\" content=\"https:\/\/www.cerakotesa.com\/wp-content\/uploads\/2023\/06\/eye-dropper-25-count-se-169-dt20211001151531881-thumbnail.jpg\" \/>\n\t<meta property=\"og:image:width\" content=\"800\" \/>\n\t<meta property=\"og:image:height\" content=\"800\" \/>\n\t<meta property=\"og:image:type\" content=\"image\/jpeg\" \/>\n<meta name=\"twitter:card\" content=\"summary_large_image\" \/>\n<script type=\"application\/ld+json\" class=\"yoast-schema-graph\">{\"@context\":\"https:\/\/schema.org\",\"@graph\":[{\"@type\":\"WebPage\",\"@id\":\"https:\/\/www.cerakotesa.com\/product\/eye-droppers-x25-se-169\/\",\"url\":\"https:\/\/www.cerakotesa.com\/product\/eye-droppers-x25-se-169\/\",\"name\":\"Eye Droppers X25 SE-169 - Cerakote South Africa\",\"isPartOf\":{\"@id\":\"https:\/\/www.cerakotesa.com\/#website\"},\"primaryImageOfPage\":{\"@id\":\"https:\/\/www.cerakotesa.com\/product\/eye-droppers-x25-se-169\/#primaryimage\"},\"image\":{\"@id\":\"https:\/\/www.cerakotesa.com\/product\/eye-droppers-x25-se-169\/#primaryimage\"},\"thumbnailUrl\":\"https:\/\/www.cerakotesa.com\/wp-content\/uploads\/2023\/06\/eye-dropper-25-count-se-169-dt20211001151531881-thumbnail.jpg\",\"datePublished\":\"2019-12-09T12:38:59+00:00\",\"dateModified\":\"2024-08-05T13:26:44+00:00\",\"breadcrumb\":{\"@id\":\"https:\/\/www.cerakotesa.com\/product\/eye-droppers-x25-se-169\/#breadcrumb\"},\"inLanguage\":\"fr-FR\",\"potentialAction\":[{\"@type\":\"ReadAction\",\"target\":[\"https:\/\/www.cerakotesa.com\/product\/eye-droppers-x25-se-169\/\"]}]},{\"@type\":\"ImageObject\",\"inLanguage\":\"fr-FR\",\"@id\":\"https:\/\/www.cerakotesa.com\/product\/eye-droppers-x25-se-169\/#primaryimage\",\"url\":\"https:\/\/www.cerakotesa.com\/wp-content\/uploads\/2023\/06\/eye-dropper-25-count-se-169-dt20211001151531881-thumbnail.jpg\",\"contentUrl\":\"https:\/\/www.cerakotesa.com\/wp-content\/uploads\/2023\/06\/eye-dropper-25-count-se-169-dt20211001151531881-thumbnail.jpg\",\"width\":800,\"height\":800},{\"@type\":\"BreadcrumbList\",\"@id\":\"https:\/\/www.cerakotesa.com\/product\/eye-droppers-x25-se-169\/#breadcrumb\",\"itemListElement\":[{\"@type\":\"ListItem\",\"position\":1,\"name\":\"Home\",\"item\":\"https:\/\/www.cerakotesa.com\/\"},{\"@type\":\"ListItem\",\"position\":2,\"name\":\"Products\",\"item\":\"https:\/\/www.cerakotesa.com\/shop\/\"},{\"@type\":\"ListItem\",\"position\":3,\"name\":\"Eye Droppers X25 SE-169\"}]},{\"@type\":\"WebSite\",\"@id\":\"https:\/\/www.cerakotesa.com\/#website\",\"url\":\"https:\/\/www.cerakotesa.com\/\",\"name\":\"Cerakote South Africa\",\"description\":\"Cerakote is a global leader in the manufacturing of thin-film protective ceramic coatings\",\"potentialAction\":[{\"@type\":\"SearchAction\",\"target\":{\"@type\":\"EntryPoint\",\"urlTemplate\":\"https:\/\/www.cerakotesa.com\/?s={search_term_string}\"},\"query-input\":{\"@type\":\"PropertyValueSpecification\",\"valueRequired\":true,\"valueName\":\"search_term_string\"}}],\"inLanguage\":\"fr-FR\"}]}<\/script>\n<!-- \/ Yoast SEO plugin. -->","yoast_head_json":{"title":"Eye Droppers X25 SE-169 - Cerakote South Africa","robots":{"index":"index","follow":"follow","max-snippet":"max-snippet:-1","max-image-preview":"max-image-preview:large","max-video-preview":"max-video-preview:-1"},"canonical":"https:\/\/www.cerakotesa.com\/fr\/produit\/eye-droppers-x25-se-169\/","og_locale":"fr_FR","og_type":"article","og_title":"Eye Droppers X25 SE-169 - Cerakote South Africa","og_description":"Cerakote offers eyedroppers in packs of 25. Eyedroppers are a great tool for adding and removing precise amounts of coating or catalyst and are disposable for easy cleanup. When creating custom mixes, these are a great tool to have on hand!","og_url":"https:\/\/www.cerakotesa.com\/fr\/produit\/eye-droppers-x25-se-169\/","og_site_name":"Cerakote South Africa","article_modified_time":"2024-08-05T13:26:44+00:00","og_image":[{"width":800,"height":800,"url":"https:\/\/www.cerakotesa.com\/wp-content\/uploads\/2023\/06\/eye-dropper-25-count-se-169-dt20211001151531881-thumbnail.jpg","type":"image\/jpeg"}],"twitter_card":"summary_large_image","schema":{"@context":"https:\/\/schema.org","@graph":[{"@type":"WebPage","@id":"https:\/\/www.cerakotesa.com\/product\/eye-droppers-x25-se-169\/","url":"https:\/\/www.cerakotesa.com\/product\/eye-droppers-x25-se-169\/","name":"Eye Droppers X25 SE-169 - Cerakote South Africa","isPartOf":{"@id":"https:\/\/www.cerakotesa.com\/#website"},"primaryImageOfPage":{"@id":"https:\/\/www.cerakotesa.com\/product\/eye-droppers-x25-se-169\/#primaryimage"},"image":{"@id":"https:\/\/www.cerakotesa.com\/product\/eye-droppers-x25-se-169\/#primaryimage"},"thumbnailUrl":"https:\/\/www.cerakotesa.com\/wp-content\/uploads\/2023\/06\/eye-dropper-25-count-se-169-dt20211001151531881-thumbnail.jpg","datePublished":"2019-12-09T12:38:59+00:00","dateModified":"2024-08-05T13:26:44+00:00","breadcrumb":{"@id":"https:\/\/www.cerakotesa.com\/product\/eye-droppers-x25-se-169\/#breadcrumb"},"inLanguage":"fr-FR","potentialAction":[{"@type":"ReadAction","target":["https:\/\/www.cerakotesa.com\/product\/eye-droppers-x25-se-169\/"]}]},{"@type":"ImageObject","inLanguage":"fr-FR","@id":"https:\/\/www.cerakotesa.com\/product\/eye-droppers-x25-se-169\/#primaryimage","url":"https:\/\/www.cerakotesa.com\/wp-content\/uploads\/2023\/06\/eye-dropper-25-count-se-169-dt20211001151531881-thumbnail.jpg","contentUrl":"https:\/\/www.cerakotesa.com\/wp-content\/uploads\/2023\/06\/eye-dropper-25-count-se-169-dt20211001151531881-thumbnail.jpg","width":800,"height":800},{"@type":"BreadcrumbList","@id":"https:\/\/www.cerakotesa.com\/product\/eye-droppers-x25-se-169\/#breadcrumb","itemListElement":[{"@type":"ListItem","position":1,"name":"Home","item":"https:\/\/www.cerakotesa.com\/"},{"@type":"ListItem","position":2,"name":"Products","item":"https:\/\/www.cerakotesa.com\/shop\/"},{"@type":"ListItem","position":3,"name":"Eye Droppers X25 SE-169"}]},{"@type":"WebSite","@id":"https:\/\/www.cerakotesa.com\/#website","url":"https:\/\/www.cerakotesa.com\/","name":"Cerakote South Africa","description":"Cerakote est un leader mondial dans la fabrication de rev\u00eatements c\u00e9ramiques protecteurs en couches minces.","potentialAction":[{"@type":"SearchAction","target":{"@type":"EntryPoint","urlTemplate":"https:\/\/www.cerakotesa.com\/?s={search_term_string}"},"query-input":{"@type":"PropertyValueSpecification","valueRequired":true,"valueName":"search_term_string"}}],"inLanguage":"fr-FR"}]}},"acf":[],"_links":{"self":[{"href":"https:\/\/www.cerakotesa.com\/fr\/wp-json\/wp\/v2\/product\/1624","targetHints":{"allow":["GET"]}}],"collection":[{"href":"https:\/\/www.cerakotesa.com\/fr\/wp-json\/wp\/v2\/product"}],"about":[{"href":"https:\/\/www.cerakotesa.com\/fr\/wp-json\/wp\/v2\/types\/product"}],"replies":[{"embeddable":true,"href":"https:\/\/www.cerakotesa.com\/fr\/wp-json\/wp\/v2\/comments?post=1624"}],"wp:featuredmedia":[{"embeddable":true,"href":"https:\/\/www.cerakotesa.com\/fr\/wp-json\/wp\/v2\/media\/13699"}],"wp:attachment":[{"href":"https:\/\/www.cerakotesa.com\/fr\/wp-json\/wp\/v2\/media?parent=1624"}],"wp:term":[{"taxonomy":"product_brand","embeddable":true,"href":"https:\/\/www.cerakotesa.com\/fr\/wp-json\/wp\/v2\/product_brand?post=1624"},{"taxonomy":"product_cat","embeddable":true,"href":"https:\/\/www.cerakotesa.com\/fr\/wp-json\/wp\/v2\/product_cat?post=1624"},{"taxonomy":"product_tag","embeddable":true,"href":"https:\/\/www.cerakotesa.com\/fr\/wp-json\/wp\/v2\/product_tag?post=1624"}],"curies":[{"name":"wp","href":"https:\/\/api.w.org\/{rel}","templated":true}]}}