{"id":1629,"date":"2019-12-09T12:57:16","date_gmt":"2019-12-09T12:57:16","guid":{"rendered":"https:\/\/staging.cerakote.co.uk\/?post_type=product&#038;p=1629"},"modified":"2024-08-05T13:26:47","modified_gmt":"2024-08-05T13:26:47","slug":"cerakote-firearm-coatings-brochures-50-pack-se-183","status":"publish","type":"product","link":"https:\/\/www.cerakotesa.com\/fr\/produit\/cerakote-firearm-coatings-brochures-50-pack-se-183\/","title":{"rendered":"Brochure CERAKOTE\u00ae paquet de 50 SE-183"},"content":{"rendered":"","protected":false},"excerpt":{"rendered":"<p>Un lot de 50 brochures Cerakote Firearm Coatings, parfaites pour \u00eatre plac\u00e9es dans votre magasin ou pour \u00eatre distribu\u00e9es lors de salons, afin de faire savoir aux clients que vous proposez Cerakote, la norme industrielle en mati\u00e8re de finitions pour armes \u00e0 feu.<\/p>","protected":false},"featured_media":15659,"comment_status":"closed","ping_status":"closed","template":"","meta":{"_acf_changed":false},"product_brand":[],"product_cat":[106],"product_tag":[653,654,105,655],"class_list":{"0":"post-1629","1":"product","2":"type-product","3":"status-publish","4":"has-post-thumbnail","6":"product_cat-equipment","7":"product_tag-50-pack","8":"product_tag-cerakote-firearm-coatings-brochures","9":"product_tag-equipment","10":"product_tag-se-183","11":"product_shipping_class-flat-rate","13":"first","14":"instock","15":"taxable","16":"shipping-taxable","17":"product-type-simple"},"yoast_head":"<!-- This site is optimized with the Yoast SEO plugin v26.7 - https:\/\/yoast.com\/wordpress\/plugins\/seo\/ -->\n<title>CERAKOTE\u00ae Brochure 50 Pack SE-183 - Cerakote South Africa<\/title>\n<meta name=\"robots\" content=\"index, follow, max-snippet:-1, max-image-preview:large, max-video-preview:-1\" \/>\n<link rel=\"canonical\" href=\"https:\/\/www.cerakotesa.com\/fr\/produit\/cerakote-firearm-coatings-brochures-50-pack-se-183\/\" \/>\n<meta property=\"og:locale\" content=\"fr_FR\" \/>\n<meta property=\"og:type\" content=\"article\" \/>\n<meta property=\"og:title\" content=\"CERAKOTE\u00ae Brochure 50 Pack SE-183 - Cerakote South Africa\" \/>\n<meta property=\"og:description\" content=\"A pack of 50 Cerakote Firearm Coatings brochures, perfect to have in your shop or take to shows as a giveaway item, letting customers know that you offer Cerakote, the industry standard in firearm finishes.\" \/>\n<meta property=\"og:url\" content=\"https:\/\/www.cerakotesa.com\/fr\/produit\/cerakote-firearm-coatings-brochures-50-pack-se-183\/\" \/>\n<meta property=\"og:site_name\" content=\"Cerakote South Africa\" \/>\n<meta property=\"article:modified_time\" content=\"2024-08-05T13:26:47+00:00\" \/>\n<meta property=\"og:image\" content=\"https:\/\/www.cerakotesa.com\/wp-content\/uploads\/2019\/12\/cerakote-brochure-100-pack-se-184-dt20211001151355187-thumbnail.jpg\" \/>\n\t<meta property=\"og:image:width\" content=\"800\" \/>\n\t<meta property=\"og:image:height\" content=\"800\" \/>\n\t<meta property=\"og:image:type\" content=\"image\/jpeg\" \/>\n<meta name=\"twitter:card\" content=\"summary_large_image\" \/>\n<script type=\"application\/ld+json\" class=\"yoast-schema-graph\">{\"@context\":\"https:\/\/schema.org\",\"@graph\":[{\"@type\":\"WebPage\",\"@id\":\"https:\/\/www.cerakotesa.com\/product\/cerakote-firearm-coatings-brochures-50-pack-se-183\/\",\"url\":\"https:\/\/www.cerakotesa.com\/product\/cerakote-firearm-coatings-brochures-50-pack-se-183\/\",\"name\":\"CERAKOTE\u00ae Brochure 50 Pack SE-183 - Cerakote South Africa\",\"isPartOf\":{\"@id\":\"https:\/\/www.cerakotesa.com\/#website\"},\"primaryImageOfPage\":{\"@id\":\"https:\/\/www.cerakotesa.com\/product\/cerakote-firearm-coatings-brochures-50-pack-se-183\/#primaryimage\"},\"image\":{\"@id\":\"https:\/\/www.cerakotesa.com\/product\/cerakote-firearm-coatings-brochures-50-pack-se-183\/#primaryimage\"},\"thumbnailUrl\":\"https:\/\/www.cerakotesa.com\/wp-content\/uploads\/2019\/12\/cerakote-brochure-100-pack-se-184-dt20211001151355187-thumbnail.jpg\",\"datePublished\":\"2019-12-09T12:57:16+00:00\",\"dateModified\":\"2024-08-05T13:26:47+00:00\",\"breadcrumb\":{\"@id\":\"https:\/\/www.cerakotesa.com\/product\/cerakote-firearm-coatings-brochures-50-pack-se-183\/#breadcrumb\"},\"inLanguage\":\"fr-FR\",\"potentialAction\":[{\"@type\":\"ReadAction\",\"target\":[\"https:\/\/www.cerakotesa.com\/product\/cerakote-firearm-coatings-brochures-50-pack-se-183\/\"]}]},{\"@type\":\"ImageObject\",\"inLanguage\":\"fr-FR\",\"@id\":\"https:\/\/www.cerakotesa.com\/product\/cerakote-firearm-coatings-brochures-50-pack-se-183\/#primaryimage\",\"url\":\"https:\/\/www.cerakotesa.com\/wp-content\/uploads\/2019\/12\/cerakote-brochure-100-pack-se-184-dt20211001151355187-thumbnail.jpg\",\"contentUrl\":\"https:\/\/www.cerakotesa.com\/wp-content\/uploads\/2019\/12\/cerakote-brochure-100-pack-se-184-dt20211001151355187-thumbnail.jpg\",\"width\":800,\"height\":800},{\"@type\":\"BreadcrumbList\",\"@id\":\"https:\/\/www.cerakotesa.com\/product\/cerakote-firearm-coatings-brochures-50-pack-se-183\/#breadcrumb\",\"itemListElement\":[{\"@type\":\"ListItem\",\"position\":1,\"name\":\"Home\",\"item\":\"https:\/\/www.cerakotesa.com\/\"},{\"@type\":\"ListItem\",\"position\":2,\"name\":\"Products\",\"item\":\"https:\/\/www.cerakotesa.com\/shop\/\"},{\"@type\":\"ListItem\",\"position\":3,\"name\":\"CERAKOTE\u00ae Brochure 50 Pack SE-183\"}]},{\"@type\":\"WebSite\",\"@id\":\"https:\/\/www.cerakotesa.com\/#website\",\"url\":\"https:\/\/www.cerakotesa.com\/\",\"name\":\"Cerakote South Africa\",\"description\":\"Cerakote is a global leader in the manufacturing of thin-film protective ceramic coatings\",\"potentialAction\":[{\"@type\":\"SearchAction\",\"target\":{\"@type\":\"EntryPoint\",\"urlTemplate\":\"https:\/\/www.cerakotesa.com\/?s={search_term_string}\"},\"query-input\":{\"@type\":\"PropertyValueSpecification\",\"valueRequired\":true,\"valueName\":\"search_term_string\"}}],\"inLanguage\":\"fr-FR\"}]}<\/script>\n<!-- \/ Yoast SEO plugin. -->","yoast_head_json":{"title":"CERAKOTE\u00ae Brochure 50 Pack SE-183 - Cerakote South Africa","robots":{"index":"index","follow":"follow","max-snippet":"max-snippet:-1","max-image-preview":"max-image-preview:large","max-video-preview":"max-video-preview:-1"},"canonical":"https:\/\/www.cerakotesa.com\/fr\/produit\/cerakote-firearm-coatings-brochures-50-pack-se-183\/","og_locale":"fr_FR","og_type":"article","og_title":"CERAKOTE\u00ae Brochure 50 Pack SE-183 - Cerakote South Africa","og_description":"A pack of 50 Cerakote Firearm Coatings brochures, perfect to have in your shop or take to shows as a giveaway item, letting customers know that you offer Cerakote, the industry standard in firearm finishes.","og_url":"https:\/\/www.cerakotesa.com\/fr\/produit\/cerakote-firearm-coatings-brochures-50-pack-se-183\/","og_site_name":"Cerakote South Africa","article_modified_time":"2024-08-05T13:26:47+00:00","og_image":[{"width":800,"height":800,"url":"https:\/\/www.cerakotesa.com\/wp-content\/uploads\/2019\/12\/cerakote-brochure-100-pack-se-184-dt20211001151355187-thumbnail.jpg","type":"image\/jpeg"}],"twitter_card":"summary_large_image","schema":{"@context":"https:\/\/schema.org","@graph":[{"@type":"WebPage","@id":"https:\/\/www.cerakotesa.com\/product\/cerakote-firearm-coatings-brochures-50-pack-se-183\/","url":"https:\/\/www.cerakotesa.com\/product\/cerakote-firearm-coatings-brochures-50-pack-se-183\/","name":"CERAKOTE\u00ae Brochure 50 Pack SE-183 - Cerakote South Africa","isPartOf":{"@id":"https:\/\/www.cerakotesa.com\/#website"},"primaryImageOfPage":{"@id":"https:\/\/www.cerakotesa.com\/product\/cerakote-firearm-coatings-brochures-50-pack-se-183\/#primaryimage"},"image":{"@id":"https:\/\/www.cerakotesa.com\/product\/cerakote-firearm-coatings-brochures-50-pack-se-183\/#primaryimage"},"thumbnailUrl":"https:\/\/www.cerakotesa.com\/wp-content\/uploads\/2019\/12\/cerakote-brochure-100-pack-se-184-dt20211001151355187-thumbnail.jpg","datePublished":"2019-12-09T12:57:16+00:00","dateModified":"2024-08-05T13:26:47+00:00","breadcrumb":{"@id":"https:\/\/www.cerakotesa.com\/product\/cerakote-firearm-coatings-brochures-50-pack-se-183\/#breadcrumb"},"inLanguage":"fr-FR","potentialAction":[{"@type":"ReadAction","target":["https:\/\/www.cerakotesa.com\/product\/cerakote-firearm-coatings-brochures-50-pack-se-183\/"]}]},{"@type":"ImageObject","inLanguage":"fr-FR","@id":"https:\/\/www.cerakotesa.com\/product\/cerakote-firearm-coatings-brochures-50-pack-se-183\/#primaryimage","url":"https:\/\/www.cerakotesa.com\/wp-content\/uploads\/2019\/12\/cerakote-brochure-100-pack-se-184-dt20211001151355187-thumbnail.jpg","contentUrl":"https:\/\/www.cerakotesa.com\/wp-content\/uploads\/2019\/12\/cerakote-brochure-100-pack-se-184-dt20211001151355187-thumbnail.jpg","width":800,"height":800},{"@type":"BreadcrumbList","@id":"https:\/\/www.cerakotesa.com\/product\/cerakote-firearm-coatings-brochures-50-pack-se-183\/#breadcrumb","itemListElement":[{"@type":"ListItem","position":1,"name":"Home","item":"https:\/\/www.cerakotesa.com\/"},{"@type":"ListItem","position":2,"name":"Products","item":"https:\/\/www.cerakotesa.com\/shop\/"},{"@type":"ListItem","position":3,"name":"CERAKOTE\u00ae Brochure 50 Pack SE-183"}]},{"@type":"WebSite","@id":"https:\/\/www.cerakotesa.com\/#website","url":"https:\/\/www.cerakotesa.com\/","name":"Cerakote South Africa","description":"Cerakote est un leader mondial dans la fabrication de rev\u00eatements c\u00e9ramiques protecteurs en couches minces.","potentialAction":[{"@type":"SearchAction","target":{"@type":"EntryPoint","urlTemplate":"https:\/\/www.cerakotesa.com\/?s={search_term_string}"},"query-input":{"@type":"PropertyValueSpecification","valueRequired":true,"valueName":"search_term_string"}}],"inLanguage":"fr-FR"}]}},"acf":[],"_links":{"self":[{"href":"https:\/\/www.cerakotesa.com\/fr\/wp-json\/wp\/v2\/product\/1629","targetHints":{"allow":["GET"]}}],"collection":[{"href":"https:\/\/www.cerakotesa.com\/fr\/wp-json\/wp\/v2\/product"}],"about":[{"href":"https:\/\/www.cerakotesa.com\/fr\/wp-json\/wp\/v2\/types\/product"}],"replies":[{"embeddable":true,"href":"https:\/\/www.cerakotesa.com\/fr\/wp-json\/wp\/v2\/comments?post=1629"}],"wp:featuredmedia":[{"embeddable":true,"href":"https:\/\/www.cerakotesa.com\/fr\/wp-json\/wp\/v2\/media\/15659"}],"wp:attachment":[{"href":"https:\/\/www.cerakotesa.com\/fr\/wp-json\/wp\/v2\/media?parent=1629"}],"wp:term":[{"taxonomy":"product_brand","embeddable":true,"href":"https:\/\/www.cerakotesa.com\/fr\/wp-json\/wp\/v2\/product_brand?post=1629"},{"taxonomy":"product_cat","embeddable":true,"href":"https:\/\/www.cerakotesa.com\/fr\/wp-json\/wp\/v2\/product_cat?post=1629"},{"taxonomy":"product_tag","embeddable":true,"href":"https:\/\/www.cerakotesa.com\/fr\/wp-json\/wp\/v2\/product_tag?post=1629"}],"curies":[{"name":"wp","href":"https:\/\/api.w.org\/{rel}","templated":true}]}}