{"id":1649,"date":"2019-12-09T15:30:33","date_gmt":"2019-12-09T15:30:33","guid":{"rendered":"https:\/\/staging.cerakote.co.uk\/?post_type=product&#038;p=1649"},"modified":"2024-08-05T13:26:49","modified_gmt":"2024-08-05T13:26:49","slug":"cerakote-spray-gun-stand-se-301","status":"publish","type":"product","link":"https:\/\/www.cerakotesa.com\/fr\/produit\/cerakote-spray-gun-stand-se-301\/","title":{"rendered":"CERAKOTE\u00ae Support pour pistolet \u00e0 peinture SE-301"},"content":{"rendered":"","protected":false},"excerpt":{"rendered":"<p>Voici notre support pour pistolet de pulv\u00e9risation HVLP. Construit en aluminium solide, ce support maintiendra votre pistolet de pulv\u00e9risation pendant le m\u00e9lange, le filtrage et le nettoyage. Notre personnel de formation professionnelle a trouv\u00e9 le support de pistolet tr\u00e8s utile et indispensable pour votre station de m\u00e9lange Cerakote. Le pistolet n'est pas inclus.<\/p>","protected":false},"featured_media":13849,"comment_status":"closed","ping_status":"closed","template":"","meta":{"_acf_changed":false},"product_brand":[],"product_cat":[106],"product_tag":[674,105,675],"class_list":{"0":"post-1649","1":"product","2":"type-product","3":"status-publish","4":"has-post-thumbnail","6":"product_cat-equipment","7":"product_tag-cerakote-spray-gun-stand","8":"product_tag-equipment","9":"product_tag-se-301","10":"product_shipping_class-flat-rate","12":"first","13":"instock","14":"taxable","15":"shipping-taxable","16":"product-type-simple"},"yoast_head":"<!-- This site is optimized with the Yoast SEO plugin v26.7 - https:\/\/yoast.com\/wordpress\/plugins\/seo\/ -->\n<title>CERAKOTE\u00ae Spray Gun Stand SE-301 - Cerakote South Africa<\/title>\n<meta name=\"robots\" content=\"index, follow, max-snippet:-1, max-image-preview:large, max-video-preview:-1\" \/>\n<link rel=\"canonical\" href=\"https:\/\/www.cerakotesa.com\/fr\/produit\/cerakote-spray-gun-stand-se-301\/\" \/>\n<meta property=\"og:locale\" content=\"fr_FR\" \/>\n<meta property=\"og:type\" content=\"article\" \/>\n<meta property=\"og:title\" content=\"CERAKOTE\u00ae Spray Gun Stand SE-301 - Cerakote South Africa\" \/>\n<meta property=\"og:description\" content=\"Introducing our HVLP spray gun stand. Built out of solid Aluminum this stand will hold your spray gun during mixing, straining, and cleanup. Our Professional training staff has found the spray gun stand to be very useful and a must have for your Cerakote mixing station. Spray gun not included.\" \/>\n<meta property=\"og:url\" content=\"https:\/\/www.cerakotesa.com\/fr\/produit\/cerakote-spray-gun-stand-se-301\/\" \/>\n<meta property=\"og:site_name\" content=\"Cerakote South Africa\" \/>\n<meta property=\"article:modified_time\" content=\"2024-08-05T13:26:49+00:00\" \/>\n<meta property=\"og:image\" content=\"https:\/\/www.cerakotesa.com\/wp-content\/uploads\/2023\/06\/cerakote-spray-gun-stand-se-301-dt20211001153716346-thumbnail.jpg\" \/>\n\t<meta property=\"og:image:width\" content=\"800\" \/>\n\t<meta property=\"og:image:height\" content=\"800\" \/>\n\t<meta property=\"og:image:type\" content=\"image\/jpeg\" \/>\n<meta name=\"twitter:card\" content=\"summary_large_image\" \/>\n<script type=\"application\/ld+json\" class=\"yoast-schema-graph\">{\"@context\":\"https:\/\/schema.org\",\"@graph\":[{\"@type\":\"WebPage\",\"@id\":\"https:\/\/www.cerakotesa.com\/product\/cerakote-spray-gun-stand-se-301\/\",\"url\":\"https:\/\/www.cerakotesa.com\/product\/cerakote-spray-gun-stand-se-301\/\",\"name\":\"CERAKOTE\u00ae Spray Gun Stand SE-301 - Cerakote South Africa\",\"isPartOf\":{\"@id\":\"https:\/\/www.cerakotesa.com\/#website\"},\"primaryImageOfPage\":{\"@id\":\"https:\/\/www.cerakotesa.com\/product\/cerakote-spray-gun-stand-se-301\/#primaryimage\"},\"image\":{\"@id\":\"https:\/\/www.cerakotesa.com\/product\/cerakote-spray-gun-stand-se-301\/#primaryimage\"},\"thumbnailUrl\":\"https:\/\/www.cerakotesa.com\/wp-content\/uploads\/2023\/06\/cerakote-spray-gun-stand-se-301-dt20211001153716346-thumbnail.jpg\",\"datePublished\":\"2019-12-09T15:30:33+00:00\",\"dateModified\":\"2024-08-05T13:26:49+00:00\",\"breadcrumb\":{\"@id\":\"https:\/\/www.cerakotesa.com\/product\/cerakote-spray-gun-stand-se-301\/#breadcrumb\"},\"inLanguage\":\"fr-FR\",\"potentialAction\":[{\"@type\":\"ReadAction\",\"target\":[\"https:\/\/www.cerakotesa.com\/product\/cerakote-spray-gun-stand-se-301\/\"]}]},{\"@type\":\"ImageObject\",\"inLanguage\":\"fr-FR\",\"@id\":\"https:\/\/www.cerakotesa.com\/product\/cerakote-spray-gun-stand-se-301\/#primaryimage\",\"url\":\"https:\/\/www.cerakotesa.com\/wp-content\/uploads\/2023\/06\/cerakote-spray-gun-stand-se-301-dt20211001153716346-thumbnail.jpg\",\"contentUrl\":\"https:\/\/www.cerakotesa.com\/wp-content\/uploads\/2023\/06\/cerakote-spray-gun-stand-se-301-dt20211001153716346-thumbnail.jpg\",\"width\":800,\"height\":800},{\"@type\":\"BreadcrumbList\",\"@id\":\"https:\/\/www.cerakotesa.com\/product\/cerakote-spray-gun-stand-se-301\/#breadcrumb\",\"itemListElement\":[{\"@type\":\"ListItem\",\"position\":1,\"name\":\"Home\",\"item\":\"https:\/\/www.cerakotesa.com\/\"},{\"@type\":\"ListItem\",\"position\":2,\"name\":\"Products\",\"item\":\"https:\/\/www.cerakotesa.com\/shop\/\"},{\"@type\":\"ListItem\",\"position\":3,\"name\":\"CERAKOTE\u00ae Spray Gun Stand SE-301\"}]},{\"@type\":\"WebSite\",\"@id\":\"https:\/\/www.cerakotesa.com\/#website\",\"url\":\"https:\/\/www.cerakotesa.com\/\",\"name\":\"Cerakote South Africa\",\"description\":\"Cerakote is a global leader in the manufacturing of thin-film protective ceramic coatings\",\"potentialAction\":[{\"@type\":\"SearchAction\",\"target\":{\"@type\":\"EntryPoint\",\"urlTemplate\":\"https:\/\/www.cerakotesa.com\/?s={search_term_string}\"},\"query-input\":{\"@type\":\"PropertyValueSpecification\",\"valueRequired\":true,\"valueName\":\"search_term_string\"}}],\"inLanguage\":\"fr-FR\"}]}<\/script>\n<!-- \/ Yoast SEO plugin. -->","yoast_head_json":{"title":"CERAKOTE\u00ae Spray Gun Stand SE-301 - Cerakote South Africa","robots":{"index":"index","follow":"follow","max-snippet":"max-snippet:-1","max-image-preview":"max-image-preview:large","max-video-preview":"max-video-preview:-1"},"canonical":"https:\/\/www.cerakotesa.com\/fr\/produit\/cerakote-spray-gun-stand-se-301\/","og_locale":"fr_FR","og_type":"article","og_title":"CERAKOTE\u00ae Spray Gun Stand SE-301 - Cerakote South Africa","og_description":"Introducing our HVLP spray gun stand. Built out of solid Aluminum this stand will hold your spray gun during mixing, straining, and cleanup. Our Professional training staff has found the spray gun stand to be very useful and a must have for your Cerakote mixing station. Spray gun not included.","og_url":"https:\/\/www.cerakotesa.com\/fr\/produit\/cerakote-spray-gun-stand-se-301\/","og_site_name":"Cerakote South Africa","article_modified_time":"2024-08-05T13:26:49+00:00","og_image":[{"width":800,"height":800,"url":"https:\/\/www.cerakotesa.com\/wp-content\/uploads\/2023\/06\/cerakote-spray-gun-stand-se-301-dt20211001153716346-thumbnail.jpg","type":"image\/jpeg"}],"twitter_card":"summary_large_image","schema":{"@context":"https:\/\/schema.org","@graph":[{"@type":"WebPage","@id":"https:\/\/www.cerakotesa.com\/product\/cerakote-spray-gun-stand-se-301\/","url":"https:\/\/www.cerakotesa.com\/product\/cerakote-spray-gun-stand-se-301\/","name":"CERAKOTE\u00ae Spray Gun Stand SE-301 - Cerakote South Africa","isPartOf":{"@id":"https:\/\/www.cerakotesa.com\/#website"},"primaryImageOfPage":{"@id":"https:\/\/www.cerakotesa.com\/product\/cerakote-spray-gun-stand-se-301\/#primaryimage"},"image":{"@id":"https:\/\/www.cerakotesa.com\/product\/cerakote-spray-gun-stand-se-301\/#primaryimage"},"thumbnailUrl":"https:\/\/www.cerakotesa.com\/wp-content\/uploads\/2023\/06\/cerakote-spray-gun-stand-se-301-dt20211001153716346-thumbnail.jpg","datePublished":"2019-12-09T15:30:33+00:00","dateModified":"2024-08-05T13:26:49+00:00","breadcrumb":{"@id":"https:\/\/www.cerakotesa.com\/product\/cerakote-spray-gun-stand-se-301\/#breadcrumb"},"inLanguage":"fr-FR","potentialAction":[{"@type":"ReadAction","target":["https:\/\/www.cerakotesa.com\/product\/cerakote-spray-gun-stand-se-301\/"]}]},{"@type":"ImageObject","inLanguage":"fr-FR","@id":"https:\/\/www.cerakotesa.com\/product\/cerakote-spray-gun-stand-se-301\/#primaryimage","url":"https:\/\/www.cerakotesa.com\/wp-content\/uploads\/2023\/06\/cerakote-spray-gun-stand-se-301-dt20211001153716346-thumbnail.jpg","contentUrl":"https:\/\/www.cerakotesa.com\/wp-content\/uploads\/2023\/06\/cerakote-spray-gun-stand-se-301-dt20211001153716346-thumbnail.jpg","width":800,"height":800},{"@type":"BreadcrumbList","@id":"https:\/\/www.cerakotesa.com\/product\/cerakote-spray-gun-stand-se-301\/#breadcrumb","itemListElement":[{"@type":"ListItem","position":1,"name":"Home","item":"https:\/\/www.cerakotesa.com\/"},{"@type":"ListItem","position":2,"name":"Products","item":"https:\/\/www.cerakotesa.com\/shop\/"},{"@type":"ListItem","position":3,"name":"CERAKOTE\u00ae Spray Gun Stand SE-301"}]},{"@type":"WebSite","@id":"https:\/\/www.cerakotesa.com\/#website","url":"https:\/\/www.cerakotesa.com\/","name":"Cerakote South Africa","description":"Cerakote est un leader mondial dans la fabrication de rev\u00eatements c\u00e9ramiques protecteurs en couches minces.","potentialAction":[{"@type":"SearchAction","target":{"@type":"EntryPoint","urlTemplate":"https:\/\/www.cerakotesa.com\/?s={search_term_string}"},"query-input":{"@type":"PropertyValueSpecification","valueRequired":true,"valueName":"search_term_string"}}],"inLanguage":"fr-FR"}]}},"acf":[],"_links":{"self":[{"href":"https:\/\/www.cerakotesa.com\/fr\/wp-json\/wp\/v2\/product\/1649","targetHints":{"allow":["GET"]}}],"collection":[{"href":"https:\/\/www.cerakotesa.com\/fr\/wp-json\/wp\/v2\/product"}],"about":[{"href":"https:\/\/www.cerakotesa.com\/fr\/wp-json\/wp\/v2\/types\/product"}],"replies":[{"embeddable":true,"href":"https:\/\/www.cerakotesa.com\/fr\/wp-json\/wp\/v2\/comments?post=1649"}],"wp:featuredmedia":[{"embeddable":true,"href":"https:\/\/www.cerakotesa.com\/fr\/wp-json\/wp\/v2\/media\/13849"}],"wp:attachment":[{"href":"https:\/\/www.cerakotesa.com\/fr\/wp-json\/wp\/v2\/media?parent=1649"}],"wp:term":[{"taxonomy":"product_brand","embeddable":true,"href":"https:\/\/www.cerakotesa.com\/fr\/wp-json\/wp\/v2\/product_brand?post=1649"},{"taxonomy":"product_cat","embeddable":true,"href":"https:\/\/www.cerakotesa.com\/fr\/wp-json\/wp\/v2\/product_cat?post=1649"},{"taxonomy":"product_tag","embeddable":true,"href":"https:\/\/www.cerakotesa.com\/fr\/wp-json\/wp\/v2\/product_tag?post=1649"}],"curies":[{"name":"wp","href":"https:\/\/api.w.org\/{rel}","templated":true}]}}