{"id":1652,"date":"2019-12-09T15:37:51","date_gmt":"2019-12-09T15:37:51","guid":{"rendered":"https:\/\/staging.cerakote.co.uk\/?post_type=product&#038;p=1652"},"modified":"2025-03-12T11:35:01","modified_gmt":"2025-03-12T11:35:01","slug":"cerakote-15-vinyl-cutter-se-349","status":"publish","type":"product","link":"https:\/\/www.cerakotesa.com\/fr\/produit\/cerakote-15-vinyl-cutter-se-349\/","title":{"rendered":"CERAKOTE\u00ae 15\u2033 Coupeur de vinyle SE-349"},"content":{"rendered":"","protected":false},"excerpt":{"rendered":"<p>Cerakote est fi\u00e8re d'offrir la meilleure d\u00e9coupeuse de vinyle de l'industrie, la Graphtec 15\u2033 CE-7000-40. Test\u00e9, \u00e9prouv\u00e9 et utilis\u00e9 par notre personnel de formation professionnel, ce traceur de vinyle peut r\u00e9pondre \u00e0 tous vos besoins en mati\u00e8re de pochoirs Cerakote personnalis\u00e9s. Il s'agit d'une machine performante et de qualit\u00e9, tr\u00e8s fiable et facile \u00e0 utiliser, qui vous permet d'\u00e9largir votre gamme d'op\u00e9rations de d\u00e9coupe.<\/p>\n<ul>\n<li>Garantie d'un an et licence Graphtec ProStudio<\/li>\n<li>Qualit\u00e9 de coupe fiable pour des applications vari\u00e9es<\/li>\n<li>Fonctionnement intuitif et facile<\/li>\n<li>Am\u00e9lioration des logiciels d'application<\/li>\n<li>Nouveau syst\u00e8me ARMS (Advanced Registration Mark Sensor) am\u00e9lior\u00e9<\/li>\n<li>450 grammes de force<\/li>\n<li>Largeur de coupe maximale de 15\u2033.<\/li>\n<li>Capable de d\u00e9couper les pochoirs les plus fins et les plus d\u00e9taill\u00e9s<\/li>\n<\/ul>","protected":false},"featured_media":13854,"comment_status":"closed","ping_status":"closed","template":"","meta":{"_acf_changed":false},"product_brand":[],"product_cat":[106],"product_tag":[681,105,682],"class_list":{"0":"post-1652","1":"product","2":"type-product","3":"status-publish","4":"has-post-thumbnail","6":"product_cat-equipment","7":"product_tag-cerakote-15-vinyl-cutter","8":"product_tag-equipment","9":"product_tag-se-349","10":"product_shipping_class-flat-rate","12":"first","13":"onbackorder","14":"taxable","15":"shipping-taxable","16":"product-type-simple"},"yoast_head":"<!-- This site is optimized with the Yoast SEO plugin v26.7 - https:\/\/yoast.com\/wordpress\/plugins\/seo\/ -->\n<title>CERAKOTE\u00ae 15&quot; Vinyl Cutter SE-349 - Cerakote South Africa<\/title>\n<meta name=\"robots\" content=\"index, follow, max-snippet:-1, max-image-preview:large, max-video-preview:-1\" \/>\n<link rel=\"canonical\" href=\"https:\/\/www.cerakotesa.com\/fr\/produit\/cerakote-15-vinyl-cutter-se-349\/\" \/>\n<meta property=\"og:locale\" content=\"fr_FR\" \/>\n<meta property=\"og:type\" content=\"article\" \/>\n<meta property=\"og:title\" content=\"CERAKOTE\u00ae 15&quot; Vinyl Cutter SE-349 - Cerakote South Africa\" \/>\n<meta property=\"og:description\" content=\"Cerakote is proud to offer the industry-leading vinyl cutter, the Graphtec 15&quot; CE-7000-40. Tested, proven, and used by our professional training staff, this vinyl plotter can handle all of your custom Cerakote stenciling needs. This is a high-performance, quality machine that is very reliable and is easy to operate, allowing you to expand your range of possible cutting operations.   One year warranty and Graphtec ProStudio license  Reliable cutting quality for variety applications  Intuitive and easy operation  Improved application software  New and improved ARMS (Advanced Registration Mark Sensor)  450 grams of force  Maximum cutting width of 15&quot;  Capable of cutting the finest detailed stencils\" \/>\n<meta property=\"og:url\" content=\"https:\/\/www.cerakotesa.com\/fr\/produit\/cerakote-15-vinyl-cutter-se-349\/\" \/>\n<meta property=\"og:site_name\" content=\"Cerakote South Africa\" \/>\n<meta property=\"article:modified_time\" content=\"2025-03-12T11:35:01+00:00\" \/>\n<meta property=\"og:image\" content=\"https:\/\/www.cerakotesa.com\/wp-content\/uploads\/2023\/06\/cerakote-15-vinyl-cutter-se-349-dt20200317183435159-thumbnail.jpg\" \/>\n\t<meta property=\"og:image:width\" content=\"800\" \/>\n\t<meta property=\"og:image:height\" content=\"533\" \/>\n\t<meta property=\"og:image:type\" content=\"image\/jpeg\" \/>\n<meta name=\"twitter:card\" content=\"summary_large_image\" \/>\n<script type=\"application\/ld+json\" class=\"yoast-schema-graph\">{\"@context\":\"https:\/\/schema.org\",\"@graph\":[{\"@type\":\"WebPage\",\"@id\":\"https:\/\/www.cerakotesa.com\/product\/cerakote-15-vinyl-cutter-se-349\/\",\"url\":\"https:\/\/www.cerakotesa.com\/product\/cerakote-15-vinyl-cutter-se-349\/\",\"name\":\"CERAKOTE\u00ae 15\\\" Vinyl Cutter SE-349 - Cerakote South Africa\",\"isPartOf\":{\"@id\":\"https:\/\/www.cerakotesa.com\/#website\"},\"primaryImageOfPage\":{\"@id\":\"https:\/\/www.cerakotesa.com\/product\/cerakote-15-vinyl-cutter-se-349\/#primaryimage\"},\"image\":{\"@id\":\"https:\/\/www.cerakotesa.com\/product\/cerakote-15-vinyl-cutter-se-349\/#primaryimage\"},\"thumbnailUrl\":\"https:\/\/www.cerakotesa.com\/wp-content\/uploads\/2023\/06\/cerakote-15-vinyl-cutter-se-349-dt20200317183435159-thumbnail.jpg\",\"datePublished\":\"2019-12-09T15:37:51+00:00\",\"dateModified\":\"2025-03-12T11:35:01+00:00\",\"breadcrumb\":{\"@id\":\"https:\/\/www.cerakotesa.com\/product\/cerakote-15-vinyl-cutter-se-349\/#breadcrumb\"},\"inLanguage\":\"fr-FR\",\"potentialAction\":[{\"@type\":\"ReadAction\",\"target\":[\"https:\/\/www.cerakotesa.com\/product\/cerakote-15-vinyl-cutter-se-349\/\"]}]},{\"@type\":\"ImageObject\",\"inLanguage\":\"fr-FR\",\"@id\":\"https:\/\/www.cerakotesa.com\/product\/cerakote-15-vinyl-cutter-se-349\/#primaryimage\",\"url\":\"https:\/\/www.cerakotesa.com\/wp-content\/uploads\/2023\/06\/cerakote-15-vinyl-cutter-se-349-dt20200317183435159-thumbnail.jpg\",\"contentUrl\":\"https:\/\/www.cerakotesa.com\/wp-content\/uploads\/2023\/06\/cerakote-15-vinyl-cutter-se-349-dt20200317183435159-thumbnail.jpg\",\"width\":800,\"height\":533},{\"@type\":\"BreadcrumbList\",\"@id\":\"https:\/\/www.cerakotesa.com\/product\/cerakote-15-vinyl-cutter-se-349\/#breadcrumb\",\"itemListElement\":[{\"@type\":\"ListItem\",\"position\":1,\"name\":\"Home\",\"item\":\"https:\/\/www.cerakotesa.com\/\"},{\"@type\":\"ListItem\",\"position\":2,\"name\":\"Products\",\"item\":\"https:\/\/www.cerakotesa.com\/shop\/\"},{\"@type\":\"ListItem\",\"position\":3,\"name\":\"CERAKOTE\u00ae 15&#8243; Vinyl Cutter SE-349\"}]},{\"@type\":\"WebSite\",\"@id\":\"https:\/\/www.cerakotesa.com\/#website\",\"url\":\"https:\/\/www.cerakotesa.com\/\",\"name\":\"Cerakote South Africa\",\"description\":\"Cerakote is a global leader in the manufacturing of thin-film protective ceramic coatings\",\"potentialAction\":[{\"@type\":\"SearchAction\",\"target\":{\"@type\":\"EntryPoint\",\"urlTemplate\":\"https:\/\/www.cerakotesa.com\/?s={search_term_string}\"},\"query-input\":{\"@type\":\"PropertyValueSpecification\",\"valueRequired\":true,\"valueName\":\"search_term_string\"}}],\"inLanguage\":\"fr-FR\"}]}<\/script>\n<!-- \/ Yoast SEO plugin. -->","yoast_head_json":{"title":"CERAKOTE\u00ae 15\" Vinyl Cutter SE-349 - Cerakote South Africa","robots":{"index":"index","follow":"follow","max-snippet":"max-snippet:-1","max-image-preview":"max-image-preview:large","max-video-preview":"max-video-preview:-1"},"canonical":"https:\/\/www.cerakotesa.com\/fr\/produit\/cerakote-15-vinyl-cutter-se-349\/","og_locale":"fr_FR","og_type":"article","og_title":"CERAKOTE\u00ae 15\" Vinyl Cutter SE-349 - Cerakote South Africa","og_description":"Cerakote is proud to offer the industry-leading vinyl cutter, the Graphtec 15\" CE-7000-40. Tested, proven, and used by our professional training staff, this vinyl plotter can handle all of your custom Cerakote stenciling needs. This is a high-performance, quality machine that is very reliable and is easy to operate, allowing you to expand your range of possible cutting operations.   One year warranty and Graphtec ProStudio license  Reliable cutting quality for variety applications  Intuitive and easy operation  Improved application software  New and improved ARMS (Advanced Registration Mark Sensor)  450 grams of force  Maximum cutting width of 15\"  Capable of cutting the finest detailed stencils","og_url":"https:\/\/www.cerakotesa.com\/fr\/produit\/cerakote-15-vinyl-cutter-se-349\/","og_site_name":"Cerakote South Africa","article_modified_time":"2025-03-12T11:35:01+00:00","og_image":[{"width":800,"height":533,"url":"https:\/\/www.cerakotesa.com\/wp-content\/uploads\/2023\/06\/cerakote-15-vinyl-cutter-se-349-dt20200317183435159-thumbnail.jpg","type":"image\/jpeg"}],"twitter_card":"summary_large_image","schema":{"@context":"https:\/\/schema.org","@graph":[{"@type":"WebPage","@id":"https:\/\/www.cerakotesa.com\/product\/cerakote-15-vinyl-cutter-se-349\/","url":"https:\/\/www.cerakotesa.com\/product\/cerakote-15-vinyl-cutter-se-349\/","name":"CERAKOTE\u00ae 15\" Vinyl Cutter SE-349 - Cerakote South Africa","isPartOf":{"@id":"https:\/\/www.cerakotesa.com\/#website"},"primaryImageOfPage":{"@id":"https:\/\/www.cerakotesa.com\/product\/cerakote-15-vinyl-cutter-se-349\/#primaryimage"},"image":{"@id":"https:\/\/www.cerakotesa.com\/product\/cerakote-15-vinyl-cutter-se-349\/#primaryimage"},"thumbnailUrl":"https:\/\/www.cerakotesa.com\/wp-content\/uploads\/2023\/06\/cerakote-15-vinyl-cutter-se-349-dt20200317183435159-thumbnail.jpg","datePublished":"2019-12-09T15:37:51+00:00","dateModified":"2025-03-12T11:35:01+00:00","breadcrumb":{"@id":"https:\/\/www.cerakotesa.com\/product\/cerakote-15-vinyl-cutter-se-349\/#breadcrumb"},"inLanguage":"fr-FR","potentialAction":[{"@type":"ReadAction","target":["https:\/\/www.cerakotesa.com\/product\/cerakote-15-vinyl-cutter-se-349\/"]}]},{"@type":"ImageObject","inLanguage":"fr-FR","@id":"https:\/\/www.cerakotesa.com\/product\/cerakote-15-vinyl-cutter-se-349\/#primaryimage","url":"https:\/\/www.cerakotesa.com\/wp-content\/uploads\/2023\/06\/cerakote-15-vinyl-cutter-se-349-dt20200317183435159-thumbnail.jpg","contentUrl":"https:\/\/www.cerakotesa.com\/wp-content\/uploads\/2023\/06\/cerakote-15-vinyl-cutter-se-349-dt20200317183435159-thumbnail.jpg","width":800,"height":533},{"@type":"BreadcrumbList","@id":"https:\/\/www.cerakotesa.com\/product\/cerakote-15-vinyl-cutter-se-349\/#breadcrumb","itemListElement":[{"@type":"ListItem","position":1,"name":"Home","item":"https:\/\/www.cerakotesa.com\/"},{"@type":"ListItem","position":2,"name":"Products","item":"https:\/\/www.cerakotesa.com\/shop\/"},{"@type":"ListItem","position":3,"name":"CERAKOTE\u00ae 15&#8243; Vinyl Cutter SE-349"}]},{"@type":"WebSite","@id":"https:\/\/www.cerakotesa.com\/#website","url":"https:\/\/www.cerakotesa.com\/","name":"Cerakote South Africa","description":"Cerakote est un leader mondial dans la fabrication de rev\u00eatements c\u00e9ramiques protecteurs en couches minces.","potentialAction":[{"@type":"SearchAction","target":{"@type":"EntryPoint","urlTemplate":"https:\/\/www.cerakotesa.com\/?s={search_term_string}"},"query-input":{"@type":"PropertyValueSpecification","valueRequired":true,"valueName":"search_term_string"}}],"inLanguage":"fr-FR"}]}},"acf":[],"_links":{"self":[{"href":"https:\/\/www.cerakotesa.com\/fr\/wp-json\/wp\/v2\/product\/1652","targetHints":{"allow":["GET"]}}],"collection":[{"href":"https:\/\/www.cerakotesa.com\/fr\/wp-json\/wp\/v2\/product"}],"about":[{"href":"https:\/\/www.cerakotesa.com\/fr\/wp-json\/wp\/v2\/types\/product"}],"replies":[{"embeddable":true,"href":"https:\/\/www.cerakotesa.com\/fr\/wp-json\/wp\/v2\/comments?post=1652"}],"wp:featuredmedia":[{"embeddable":true,"href":"https:\/\/www.cerakotesa.com\/fr\/wp-json\/wp\/v2\/media\/13854"}],"wp:attachment":[{"href":"https:\/\/www.cerakotesa.com\/fr\/wp-json\/wp\/v2\/media?parent=1652"}],"wp:term":[{"taxonomy":"product_brand","embeddable":true,"href":"https:\/\/www.cerakotesa.com\/fr\/wp-json\/wp\/v2\/product_brand?post=1652"},{"taxonomy":"product_cat","embeddable":true,"href":"https:\/\/www.cerakotesa.com\/fr\/wp-json\/wp\/v2\/product_cat?post=1652"},{"taxonomy":"product_tag","embeddable":true,"href":"https:\/\/www.cerakotesa.com\/fr\/wp-json\/wp\/v2\/product_tag?post=1652"}],"curies":[{"name":"wp","href":"https:\/\/api.w.org\/{rel}","templated":true}]}}