{"id":16568,"date":"2024-01-26T10:22:54","date_gmt":"2024-01-26T10:22:54","guid":{"rendered":"https:\/\/www.cerakotesa.com\/?post_type=product&#038;p=16568"},"modified":"2024-08-05T14:18:43","modified_gmt":"2024-08-05T14:18:43","slug":"cerakote-4-125-x-072-v-hook-150-piece-pack-se-522","status":"publish","type":"product","link":"https:\/\/www.cerakotesa.com\/fr\/produit\/cerakote-4-125-x-072-v-hook-150-piece-pack-se-522\/","title":{"rendered":"CERAKOTE\u00ae 4.125 x .072 V Crochet-150 pi\u00e8ces SE-522"},"content":{"rendered":"","protected":false},"excerpt":{"rendered":"<p>Cerakote<sup>\u00ae<\/sup> est fi\u00e8re de vous offrir des crochets r\u00e9utilisables de haute qualit\u00e9 pour tous vos besoins en mati\u00e8re de rayonnage. Ces crochets ont \u00e9t\u00e9 soigneusement s\u00e9lectionn\u00e9s par notre \u00e9quipe Cerakote.<sup>\u00ae<\/sup> Les formateurs veillent \u00e0 ce que vous receviez les meilleurs crochets industriels pour tous les sc\u00e9narios de rev\u00eatement.<\/p>\n<p>150 V Hooks measuring 4.125&#8243; x .072&#8243;<\/p>","protected":false},"featured_media":16572,"comment_status":"open","ping_status":"closed","template":"","meta":{"_acf_changed":false},"product_brand":[],"product_cat":[106],"product_tag":[105,1070,601,1089],"class_list":{"0":"post-16568","1":"product","2":"type-product","3":"status-publish","4":"has-post-thumbnail","6":"product_cat-equipment","7":"product_tag-equipment","8":"product_tag-hook","9":"product_tag-kit","10":"product_tag-se-522","11":"product_shipping_class-flat-rate","13":"first","14":"instock","15":"taxable","16":"shipping-taxable","17":"product-type-simple"},"yoast_head":"<!-- This site is optimized with the Yoast SEO plugin v26.7 - https:\/\/yoast.com\/wordpress\/plugins\/seo\/ -->\n<title>CERAKOTE\u00ae 4.125 x .072 V Hook-150 piece pack SE-522 - Cerakote South Africa<\/title>\n<meta name=\"robots\" content=\"index, follow, max-snippet:-1, max-image-preview:large, max-video-preview:-1\" \/>\n<link rel=\"canonical\" href=\"https:\/\/www.cerakotesa.com\/fr\/produit\/cerakote-4-125-x-072-v-hook-150-piece-pack-se-522\/\" \/>\n<meta property=\"og:locale\" content=\"fr_FR\" \/>\n<meta property=\"og:type\" content=\"article\" \/>\n<meta property=\"og:title\" content=\"CERAKOTE\u00ae 4.125 x .072 V Hook-150 piece pack SE-522 - Cerakote South Africa\" \/>\n<meta property=\"og:description\" content=\"Cerakote\u00ae is proud to offer you high-quality reusable hooks for all your racking needs. These hooks have been skillfully handpicked by our Cerakote\u00ae Trainers ensuring that you receive the best industrial hooks for all coating scenarios.  150 V Hooks measuring 4.125&quot; x .072&quot;\" \/>\n<meta property=\"og:url\" content=\"https:\/\/www.cerakotesa.com\/fr\/produit\/cerakote-4-125-x-072-v-hook-150-piece-pack-se-522\/\" \/>\n<meta property=\"og:site_name\" content=\"Cerakote South Africa\" \/>\n<meta property=\"article:modified_time\" content=\"2024-08-05T14:18:43+00:00\" \/>\n<meta property=\"og:image\" content=\"https:\/\/www.cerakotesa.com\/wp-content\/uploads\/2024\/01\/cerakote-4125x072-v-hook-150-piece-pack-se-522-dt20230621173509532919-thumbnail.jpg\" \/>\n\t<meta property=\"og:image:width\" content=\"600\" \/>\n\t<meta property=\"og:image:height\" content=\"600\" \/>\n\t<meta property=\"og:image:type\" content=\"image\/jpeg\" \/>\n<meta name=\"twitter:card\" content=\"summary_large_image\" \/>\n<script type=\"application\/ld+json\" class=\"yoast-schema-graph\">{\"@context\":\"https:\/\/schema.org\",\"@graph\":[{\"@type\":\"WebPage\",\"@id\":\"https:\/\/www.cerakotesa.com\/product\/cerakote-4-125-x-072-v-hook-150-piece-pack-se-522\/\",\"url\":\"https:\/\/www.cerakotesa.com\/product\/cerakote-4-125-x-072-v-hook-150-piece-pack-se-522\/\",\"name\":\"CERAKOTE\u00ae 4.125 x .072 V Hook-150 piece pack SE-522 - Cerakote South Africa\",\"isPartOf\":{\"@id\":\"https:\/\/www.cerakotesa.com\/#website\"},\"primaryImageOfPage\":{\"@id\":\"https:\/\/www.cerakotesa.com\/product\/cerakote-4-125-x-072-v-hook-150-piece-pack-se-522\/#primaryimage\"},\"image\":{\"@id\":\"https:\/\/www.cerakotesa.com\/product\/cerakote-4-125-x-072-v-hook-150-piece-pack-se-522\/#primaryimage\"},\"thumbnailUrl\":\"https:\/\/www.cerakotesa.com\/wp-content\/uploads\/2024\/01\/cerakote-4125x072-v-hook-150-piece-pack-se-522-dt20230621173509532919-thumbnail.jpg\",\"datePublished\":\"2024-01-26T10:22:54+00:00\",\"dateModified\":\"2024-08-05T14:18:43+00:00\",\"breadcrumb\":{\"@id\":\"https:\/\/www.cerakotesa.com\/product\/cerakote-4-125-x-072-v-hook-150-piece-pack-se-522\/#breadcrumb\"},\"inLanguage\":\"fr-FR\",\"potentialAction\":[{\"@type\":\"ReadAction\",\"target\":[\"https:\/\/www.cerakotesa.com\/product\/cerakote-4-125-x-072-v-hook-150-piece-pack-se-522\/\"]}]},{\"@type\":\"ImageObject\",\"inLanguage\":\"fr-FR\",\"@id\":\"https:\/\/www.cerakotesa.com\/product\/cerakote-4-125-x-072-v-hook-150-piece-pack-se-522\/#primaryimage\",\"url\":\"https:\/\/www.cerakotesa.com\/wp-content\/uploads\/2024\/01\/cerakote-4125x072-v-hook-150-piece-pack-se-522-dt20230621173509532919-thumbnail.jpg\",\"contentUrl\":\"https:\/\/www.cerakotesa.com\/wp-content\/uploads\/2024\/01\/cerakote-4125x072-v-hook-150-piece-pack-se-522-dt20230621173509532919-thumbnail.jpg\",\"width\":600,\"height\":600},{\"@type\":\"BreadcrumbList\",\"@id\":\"https:\/\/www.cerakotesa.com\/product\/cerakote-4-125-x-072-v-hook-150-piece-pack-se-522\/#breadcrumb\",\"itemListElement\":[{\"@type\":\"ListItem\",\"position\":1,\"name\":\"Home\",\"item\":\"https:\/\/www.cerakotesa.com\/\"},{\"@type\":\"ListItem\",\"position\":2,\"name\":\"Products\",\"item\":\"https:\/\/www.cerakotesa.com\/shop\/\"},{\"@type\":\"ListItem\",\"position\":3,\"name\":\"CERAKOTE\u00ae 4.125 x .072 V Hook-150 piece pack SE-522\"}]},{\"@type\":\"WebSite\",\"@id\":\"https:\/\/www.cerakotesa.com\/#website\",\"url\":\"https:\/\/www.cerakotesa.com\/\",\"name\":\"Cerakote South Africa\",\"description\":\"Cerakote is a global leader in the manufacturing of thin-film protective ceramic coatings\",\"potentialAction\":[{\"@type\":\"SearchAction\",\"target\":{\"@type\":\"EntryPoint\",\"urlTemplate\":\"https:\/\/www.cerakotesa.com\/?s={search_term_string}\"},\"query-input\":{\"@type\":\"PropertyValueSpecification\",\"valueRequired\":true,\"valueName\":\"search_term_string\"}}],\"inLanguage\":\"fr-FR\"}]}<\/script>\n<!-- \/ Yoast SEO plugin. -->","yoast_head_json":{"title":"CERAKOTE\u00ae 4.125 x .072 V Hook-150 piece pack SE-522 - Cerakote South Africa","robots":{"index":"index","follow":"follow","max-snippet":"max-snippet:-1","max-image-preview":"max-image-preview:large","max-video-preview":"max-video-preview:-1"},"canonical":"https:\/\/www.cerakotesa.com\/fr\/produit\/cerakote-4-125-x-072-v-hook-150-piece-pack-se-522\/","og_locale":"fr_FR","og_type":"article","og_title":"CERAKOTE\u00ae 4.125 x .072 V Hook-150 piece pack SE-522 - Cerakote South Africa","og_description":"Cerakote\u00ae is proud to offer you high-quality reusable hooks for all your racking needs. These hooks have been skillfully handpicked by our Cerakote\u00ae Trainers ensuring that you receive the best industrial hooks for all coating scenarios.  150 V Hooks measuring 4.125\" x .072\"","og_url":"https:\/\/www.cerakotesa.com\/fr\/produit\/cerakote-4-125-x-072-v-hook-150-piece-pack-se-522\/","og_site_name":"Cerakote South Africa","article_modified_time":"2024-08-05T14:18:43+00:00","og_image":[{"width":600,"height":600,"url":"https:\/\/www.cerakotesa.com\/wp-content\/uploads\/2024\/01\/cerakote-4125x072-v-hook-150-piece-pack-se-522-dt20230621173509532919-thumbnail.jpg","type":"image\/jpeg"}],"twitter_card":"summary_large_image","schema":{"@context":"https:\/\/schema.org","@graph":[{"@type":"WebPage","@id":"https:\/\/www.cerakotesa.com\/product\/cerakote-4-125-x-072-v-hook-150-piece-pack-se-522\/","url":"https:\/\/www.cerakotesa.com\/product\/cerakote-4-125-x-072-v-hook-150-piece-pack-se-522\/","name":"CERAKOTE\u00ae 4.125 x .072 V Hook-150 piece pack SE-522 - Cerakote South Africa","isPartOf":{"@id":"https:\/\/www.cerakotesa.com\/#website"},"primaryImageOfPage":{"@id":"https:\/\/www.cerakotesa.com\/product\/cerakote-4-125-x-072-v-hook-150-piece-pack-se-522\/#primaryimage"},"image":{"@id":"https:\/\/www.cerakotesa.com\/product\/cerakote-4-125-x-072-v-hook-150-piece-pack-se-522\/#primaryimage"},"thumbnailUrl":"https:\/\/www.cerakotesa.com\/wp-content\/uploads\/2024\/01\/cerakote-4125x072-v-hook-150-piece-pack-se-522-dt20230621173509532919-thumbnail.jpg","datePublished":"2024-01-26T10:22:54+00:00","dateModified":"2024-08-05T14:18:43+00:00","breadcrumb":{"@id":"https:\/\/www.cerakotesa.com\/product\/cerakote-4-125-x-072-v-hook-150-piece-pack-se-522\/#breadcrumb"},"inLanguage":"fr-FR","potentialAction":[{"@type":"ReadAction","target":["https:\/\/www.cerakotesa.com\/product\/cerakote-4-125-x-072-v-hook-150-piece-pack-se-522\/"]}]},{"@type":"ImageObject","inLanguage":"fr-FR","@id":"https:\/\/www.cerakotesa.com\/product\/cerakote-4-125-x-072-v-hook-150-piece-pack-se-522\/#primaryimage","url":"https:\/\/www.cerakotesa.com\/wp-content\/uploads\/2024\/01\/cerakote-4125x072-v-hook-150-piece-pack-se-522-dt20230621173509532919-thumbnail.jpg","contentUrl":"https:\/\/www.cerakotesa.com\/wp-content\/uploads\/2024\/01\/cerakote-4125x072-v-hook-150-piece-pack-se-522-dt20230621173509532919-thumbnail.jpg","width":600,"height":600},{"@type":"BreadcrumbList","@id":"https:\/\/www.cerakotesa.com\/product\/cerakote-4-125-x-072-v-hook-150-piece-pack-se-522\/#breadcrumb","itemListElement":[{"@type":"ListItem","position":1,"name":"Home","item":"https:\/\/www.cerakotesa.com\/"},{"@type":"ListItem","position":2,"name":"Products","item":"https:\/\/www.cerakotesa.com\/shop\/"},{"@type":"ListItem","position":3,"name":"CERAKOTE\u00ae 4.125 x .072 V Hook-150 piece pack SE-522"}]},{"@type":"WebSite","@id":"https:\/\/www.cerakotesa.com\/#website","url":"https:\/\/www.cerakotesa.com\/","name":"Cerakote South Africa","description":"Cerakote est un leader mondial dans la fabrication de rev\u00eatements c\u00e9ramiques protecteurs en couches minces.","potentialAction":[{"@type":"SearchAction","target":{"@type":"EntryPoint","urlTemplate":"https:\/\/www.cerakotesa.com\/?s={search_term_string}"},"query-input":{"@type":"PropertyValueSpecification","valueRequired":true,"valueName":"search_term_string"}}],"inLanguage":"fr-FR"}]}},"acf":[],"_links":{"self":[{"href":"https:\/\/www.cerakotesa.com\/fr\/wp-json\/wp\/v2\/product\/16568","targetHints":{"allow":["GET"]}}],"collection":[{"href":"https:\/\/www.cerakotesa.com\/fr\/wp-json\/wp\/v2\/product"}],"about":[{"href":"https:\/\/www.cerakotesa.com\/fr\/wp-json\/wp\/v2\/types\/product"}],"replies":[{"embeddable":true,"href":"https:\/\/www.cerakotesa.com\/fr\/wp-json\/wp\/v2\/comments?post=16568"}],"wp:featuredmedia":[{"embeddable":true,"href":"https:\/\/www.cerakotesa.com\/fr\/wp-json\/wp\/v2\/media\/16572"}],"wp:attachment":[{"href":"https:\/\/www.cerakotesa.com\/fr\/wp-json\/wp\/v2\/media?parent=16568"}],"wp:term":[{"taxonomy":"product_brand","embeddable":true,"href":"https:\/\/www.cerakotesa.com\/fr\/wp-json\/wp\/v2\/product_brand?post=16568"},{"taxonomy":"product_cat","embeddable":true,"href":"https:\/\/www.cerakotesa.com\/fr\/wp-json\/wp\/v2\/product_cat?post=16568"},{"taxonomy":"product_tag","embeddable":true,"href":"https:\/\/www.cerakotesa.com\/fr\/wp-json\/wp\/v2\/product_tag?post=16568"}],"curies":[{"name":"wp","href":"https:\/\/api.w.org\/{rel}","templated":true}]}}