{"id":16716,"date":"2024-02-16T13:31:17","date_gmt":"2024-02-16T13:31:17","guid":{"rendered":"https:\/\/www.cerakotesa.com\/?post_type=product&#038;p=16716"},"modified":"2024-11-12T14:54:46","modified_gmt":"2024-11-12T14:54:46","slug":"airbrush-hose-se-511","status":"publish","type":"product","link":"https:\/\/www.cerakotesa.com\/fr\/produit\/airbrush-hose-se-511\/","title":{"rendered":"Tuyau a\u00e9rographe SE-511"},"content":{"rendered":"","protected":false},"excerpt":{"rendered":"<p>Ce tuyau d'a\u00e9rographe de haute qualit\u00e9 de 6 pieds rend les choses un peu plus faciles lorsque l'on canalise le Bob Ross qui sommeille en nous. Le tuyau tress\u00e9 est \u00e0 la fois r\u00e9sistant aux plis et aux torsions, tout en restant flexible pour que vous puissiez continuer \u00e0 faire ces \"petits nuages heureux\". S'associe bien avec l'a\u00e9rographe TRN II et le kit de 7 connecteurs.<\/p>\n<p>Sp\u00e9cifications :<br \/>\n- Tuyau d'air de qualit\u00e9 sup\u00e9rieure con\u00e7u sp\u00e9cifiquement pour l'a\u00e9rographie<br \/>\n- Connecteurs en zinc, pour une performance sans fuite ; 1\/8\u2033 BSP a\u00e9rographe, 1\/4\u2033 BSP connecteurs<\/p>","protected":false},"featured_media":16717,"comment_status":"open","ping_status":"closed","template":"","meta":{"_acf_changed":false},"product_brand":[],"product_cat":[106],"product_tag":[1095,1093,1094],"class_list":{"0":"post-16716","1":"product","2":"type-product","3":"status-publish","4":"has-post-thumbnail","6":"product_cat-equipment","7":"product_tag-airbrush-hose","8":"product_tag-hose","9":"product_tag-se-511","10":"product_shipping_class-flat-rate","12":"first","13":"instock","14":"taxable","15":"shipping-taxable","16":"product-type-simple"},"yoast_head":"<!-- This site is optimized with the Yoast SEO plugin v26.7 - https:\/\/yoast.com\/wordpress\/plugins\/seo\/ -->\n<title>Airbrush Hose SE-511 - Cerakote South Africa<\/title>\n<meta name=\"robots\" content=\"index, follow, max-snippet:-1, max-image-preview:large, max-video-preview:-1\" \/>\n<link rel=\"canonical\" href=\"https:\/\/www.cerakotesa.com\/fr\/produit\/airbrush-hose-se-511\/\" \/>\n<meta property=\"og:locale\" content=\"fr_FR\" \/>\n<meta property=\"og:type\" content=\"article\" \/>\n<meta property=\"og:title\" content=\"Airbrush Hose SE-511 - Cerakote South Africa\" \/>\n<meta property=\"og:description\" content=\"This high-quality 6-foot airbrush hose makes everything a little easier when channeling your inner Bob Ross. The braided hose is both kink and twist resistant while maintaining flexibility so you can continue to make those \u201chappy little clouds\u201d. Pairs well with the TRN II Airbrush and 7 Connector Kit.  Specs: \u2022 Premium-grade air hose engineered specifically for airbrushing \u2022 Zinc Connectors, for leak-free performance; 1\/8&quot; BSP airbrush, 1\/4&quot; BSP connectors\" \/>\n<meta property=\"og:url\" content=\"https:\/\/www.cerakotesa.com\/fr\/produit\/airbrush-hose-se-511\/\" \/>\n<meta property=\"og:site_name\" content=\"Cerakote South Africa\" \/>\n<meta property=\"article:modified_time\" content=\"2024-11-12T14:54:46+00:00\" \/>\n<meta property=\"og:image\" content=\"https:\/\/www.cerakotesa.com\/wp-content\/uploads\/2024\/02\/airbrush-hose-se-511-dt20220819213219464682-thumbnail.jpg\" \/>\n\t<meta property=\"og:image:width\" content=\"600\" \/>\n\t<meta property=\"og:image:height\" content=\"600\" \/>\n\t<meta property=\"og:image:type\" content=\"image\/jpeg\" \/>\n<meta name=\"twitter:card\" content=\"summary_large_image\" \/>\n<script type=\"application\/ld+json\" class=\"yoast-schema-graph\">{\"@context\":\"https:\/\/schema.org\",\"@graph\":[{\"@type\":\"WebPage\",\"@id\":\"https:\/\/www.cerakotesa.com\/product\/airbrush-hose-se-511\/\",\"url\":\"https:\/\/www.cerakotesa.com\/product\/airbrush-hose-se-511\/\",\"name\":\"Airbrush Hose SE-511 - Cerakote South Africa\",\"isPartOf\":{\"@id\":\"https:\/\/www.cerakotesa.com\/#website\"},\"primaryImageOfPage\":{\"@id\":\"https:\/\/www.cerakotesa.com\/product\/airbrush-hose-se-511\/#primaryimage\"},\"image\":{\"@id\":\"https:\/\/www.cerakotesa.com\/product\/airbrush-hose-se-511\/#primaryimage\"},\"thumbnailUrl\":\"https:\/\/www.cerakotesa.com\/wp-content\/uploads\/2024\/02\/airbrush-hose-se-511-dt20220819213219464682-thumbnail.jpg\",\"datePublished\":\"2024-02-16T13:31:17+00:00\",\"dateModified\":\"2024-11-12T14:54:46+00:00\",\"breadcrumb\":{\"@id\":\"https:\/\/www.cerakotesa.com\/product\/airbrush-hose-se-511\/#breadcrumb\"},\"inLanguage\":\"fr-FR\",\"potentialAction\":[{\"@type\":\"ReadAction\",\"target\":[\"https:\/\/www.cerakotesa.com\/product\/airbrush-hose-se-511\/\"]}]},{\"@type\":\"ImageObject\",\"inLanguage\":\"fr-FR\",\"@id\":\"https:\/\/www.cerakotesa.com\/product\/airbrush-hose-se-511\/#primaryimage\",\"url\":\"https:\/\/www.cerakotesa.com\/wp-content\/uploads\/2024\/02\/airbrush-hose-se-511-dt20220819213219464682-thumbnail.jpg\",\"contentUrl\":\"https:\/\/www.cerakotesa.com\/wp-content\/uploads\/2024\/02\/airbrush-hose-se-511-dt20220819213219464682-thumbnail.jpg\",\"width\":600,\"height\":600},{\"@type\":\"BreadcrumbList\",\"@id\":\"https:\/\/www.cerakotesa.com\/product\/airbrush-hose-se-511\/#breadcrumb\",\"itemListElement\":[{\"@type\":\"ListItem\",\"position\":1,\"name\":\"Home\",\"item\":\"https:\/\/www.cerakotesa.com\/\"},{\"@type\":\"ListItem\",\"position\":2,\"name\":\"Products\",\"item\":\"https:\/\/www.cerakotesa.com\/shop\/\"},{\"@type\":\"ListItem\",\"position\":3,\"name\":\"Airbrush Hose SE-511\"}]},{\"@type\":\"WebSite\",\"@id\":\"https:\/\/www.cerakotesa.com\/#website\",\"url\":\"https:\/\/www.cerakotesa.com\/\",\"name\":\"Cerakote South Africa\",\"description\":\"Cerakote is a global leader in the manufacturing of thin-film protective ceramic coatings\",\"potentialAction\":[{\"@type\":\"SearchAction\",\"target\":{\"@type\":\"EntryPoint\",\"urlTemplate\":\"https:\/\/www.cerakotesa.com\/?s={search_term_string}\"},\"query-input\":{\"@type\":\"PropertyValueSpecification\",\"valueRequired\":true,\"valueName\":\"search_term_string\"}}],\"inLanguage\":\"fr-FR\"}]}<\/script>\n<!-- \/ Yoast SEO plugin. -->","yoast_head_json":{"title":"Airbrush Hose SE-511 - Cerakote South Africa","robots":{"index":"index","follow":"follow","max-snippet":"max-snippet:-1","max-image-preview":"max-image-preview:large","max-video-preview":"max-video-preview:-1"},"canonical":"https:\/\/www.cerakotesa.com\/fr\/produit\/airbrush-hose-se-511\/","og_locale":"fr_FR","og_type":"article","og_title":"Airbrush Hose SE-511 - Cerakote South Africa","og_description":"This high-quality 6-foot airbrush hose makes everything a little easier when channeling your inner Bob Ross. The braided hose is both kink and twist resistant while maintaining flexibility so you can continue to make those \u201chappy little clouds\u201d. Pairs well with the TRN II Airbrush and 7 Connector Kit.  Specs: \u2022 Premium-grade air hose engineered specifically for airbrushing \u2022 Zinc Connectors, for leak-free performance; 1\/8\" BSP airbrush, 1\/4\" BSP connectors","og_url":"https:\/\/www.cerakotesa.com\/fr\/produit\/airbrush-hose-se-511\/","og_site_name":"Cerakote South Africa","article_modified_time":"2024-11-12T14:54:46+00:00","og_image":[{"width":600,"height":600,"url":"https:\/\/www.cerakotesa.com\/wp-content\/uploads\/2024\/02\/airbrush-hose-se-511-dt20220819213219464682-thumbnail.jpg","type":"image\/jpeg"}],"twitter_card":"summary_large_image","schema":{"@context":"https:\/\/schema.org","@graph":[{"@type":"WebPage","@id":"https:\/\/www.cerakotesa.com\/product\/airbrush-hose-se-511\/","url":"https:\/\/www.cerakotesa.com\/product\/airbrush-hose-se-511\/","name":"Airbrush Hose SE-511 - Cerakote South Africa","isPartOf":{"@id":"https:\/\/www.cerakotesa.com\/#website"},"primaryImageOfPage":{"@id":"https:\/\/www.cerakotesa.com\/product\/airbrush-hose-se-511\/#primaryimage"},"image":{"@id":"https:\/\/www.cerakotesa.com\/product\/airbrush-hose-se-511\/#primaryimage"},"thumbnailUrl":"https:\/\/www.cerakotesa.com\/wp-content\/uploads\/2024\/02\/airbrush-hose-se-511-dt20220819213219464682-thumbnail.jpg","datePublished":"2024-02-16T13:31:17+00:00","dateModified":"2024-11-12T14:54:46+00:00","breadcrumb":{"@id":"https:\/\/www.cerakotesa.com\/product\/airbrush-hose-se-511\/#breadcrumb"},"inLanguage":"fr-FR","potentialAction":[{"@type":"ReadAction","target":["https:\/\/www.cerakotesa.com\/product\/airbrush-hose-se-511\/"]}]},{"@type":"ImageObject","inLanguage":"fr-FR","@id":"https:\/\/www.cerakotesa.com\/product\/airbrush-hose-se-511\/#primaryimage","url":"https:\/\/www.cerakotesa.com\/wp-content\/uploads\/2024\/02\/airbrush-hose-se-511-dt20220819213219464682-thumbnail.jpg","contentUrl":"https:\/\/www.cerakotesa.com\/wp-content\/uploads\/2024\/02\/airbrush-hose-se-511-dt20220819213219464682-thumbnail.jpg","width":600,"height":600},{"@type":"BreadcrumbList","@id":"https:\/\/www.cerakotesa.com\/product\/airbrush-hose-se-511\/#breadcrumb","itemListElement":[{"@type":"ListItem","position":1,"name":"Home","item":"https:\/\/www.cerakotesa.com\/"},{"@type":"ListItem","position":2,"name":"Products","item":"https:\/\/www.cerakotesa.com\/shop\/"},{"@type":"ListItem","position":3,"name":"Airbrush Hose SE-511"}]},{"@type":"WebSite","@id":"https:\/\/www.cerakotesa.com\/#website","url":"https:\/\/www.cerakotesa.com\/","name":"Cerakote South Africa","description":"Cerakote est un leader mondial dans la fabrication de rev\u00eatements c\u00e9ramiques protecteurs en couches minces.","potentialAction":[{"@type":"SearchAction","target":{"@type":"EntryPoint","urlTemplate":"https:\/\/www.cerakotesa.com\/?s={search_term_string}"},"query-input":{"@type":"PropertyValueSpecification","valueRequired":true,"valueName":"search_term_string"}}],"inLanguage":"fr-FR"}]}},"acf":[],"_links":{"self":[{"href":"https:\/\/www.cerakotesa.com\/fr\/wp-json\/wp\/v2\/product\/16716","targetHints":{"allow":["GET"]}}],"collection":[{"href":"https:\/\/www.cerakotesa.com\/fr\/wp-json\/wp\/v2\/product"}],"about":[{"href":"https:\/\/www.cerakotesa.com\/fr\/wp-json\/wp\/v2\/types\/product"}],"replies":[{"embeddable":true,"href":"https:\/\/www.cerakotesa.com\/fr\/wp-json\/wp\/v2\/comments?post=16716"}],"wp:featuredmedia":[{"embeddable":true,"href":"https:\/\/www.cerakotesa.com\/fr\/wp-json\/wp\/v2\/media\/16717"}],"wp:attachment":[{"href":"https:\/\/www.cerakotesa.com\/fr\/wp-json\/wp\/v2\/media?parent=16716"}],"wp:term":[{"taxonomy":"product_brand","embeddable":true,"href":"https:\/\/www.cerakotesa.com\/fr\/wp-json\/wp\/v2\/product_brand?post=16716"},{"taxonomy":"product_cat","embeddable":true,"href":"https:\/\/www.cerakotesa.com\/fr\/wp-json\/wp\/v2\/product_cat?post=16716"},{"taxonomy":"product_tag","embeddable":true,"href":"https:\/\/www.cerakotesa.com\/fr\/wp-json\/wp\/v2\/product_tag?post=16716"}],"curies":[{"name":"wp","href":"https:\/\/api.w.org\/{rel}","templated":true}]}}