{"id":1681,"date":"2019-12-19T15:26:39","date_gmt":"2019-12-19T15:26:39","guid":{"rendered":"https:\/\/www.cerakote.co.uk\/?post_type=product&#038;p=1681"},"modified":"2024-08-05T13:26:50","modified_gmt":"2024-08-05T13:26:50","slug":"a-n-i-air-blow-gun-long-nozzle-head-se-ani-100","status":"publish","type":"product","link":"https:\/\/www.cerakotesa.com\/fr\/produit\/a-n-i-air-blow-gun-long-nozzle-head-se-ani-100\/","title":{"rendered":"Soufflette A.N.I. (t\u00eate de buse longue) SE-ANI-100"},"content":{"rendered":"","protected":false},"excerpt":{"rendered":"<h2>Soufflette A.N.I. avec t\u00eate de buse courte ou longue<\/h2>\n<p>Ce pistolet soufflant A.N.I. est \u00e9quip\u00e9 d'une buse de s\u00e9curit\u00e9 qui vous permet de contr\u00f4ler son utilisation. La buse de s\u00e9curit\u00e9 prot\u00e8ge l'utilisateur de l'air sous pression qui pourrait \u00eatre projet\u00e9 vers l'arri\u00e8re ou sur le c\u00f4t\u00e9, comme c'est le cas avec d'autres buses. La soufflette est fabriqu\u00e9e en PA6, ce qui la rend durable - id\u00e9ale pour les ateliers.<\/p>\n<ul>\n<li>Pression maximale : 10 bar (145 psi)<\/li>\n<li>Buse courte ou longue disponible<\/li>\n<li>Filet d'entr\u00e9e femelle de 1\/4\u2033.<\/li>\n<\/ul>","protected":false},"featured_media":13858,"comment_status":"closed","ping_status":"closed","template":"","meta":{"_acf_changed":false},"product_brand":[],"product_cat":[106],"product_tag":[121,683,105,684],"class_list":{"0":"post-1681","1":"product","2":"type-product","3":"status-publish","4":"has-post-thumbnail","6":"product_cat-equipment","7":"product_tag-a-n-i","8":"product_tag-a-n-i-air-blow-gun-long-nozzle-head","9":"product_tag-equipment","10":"product_tag-se-ani-100","11":"product_shipping_class-flat-rate","13":"first","14":"instock","15":"taxable","16":"shipping-taxable","17":"product-type-simple"},"yoast_head":"<!-- This site is optimized with the Yoast SEO plugin v26.7 - https:\/\/yoast.com\/wordpress\/plugins\/seo\/ -->\n<title>A.N.I. Air Blow Gun (Long Nozzle Head) SE-ANI-100 - Cerakote South Africa<\/title>\n<meta name=\"robots\" content=\"index, follow, max-snippet:-1, max-image-preview:large, max-video-preview:-1\" \/>\n<link rel=\"canonical\" href=\"https:\/\/www.cerakotesa.com\/fr\/produit\/a-n-i-air-blow-gun-long-nozzle-head-se-ani-100\/\" \/>\n<meta property=\"og:locale\" content=\"fr_FR\" \/>\n<meta property=\"og:type\" content=\"article\" \/>\n<meta property=\"og:title\" content=\"A.N.I. Air Blow Gun (Long Nozzle Head) SE-ANI-100 - Cerakote South Africa\" \/>\n<meta property=\"og:description\" content=\"A.N.I. Air Blow Gun with Short or Long Nozzle Head This A.N.I. blow gun has a safety nozzle giving you control when using. The safety air nozzle provides the user with protection from pressured air blowing backwards or to the side like some other nozzles may do. The blow gun is made from PA6 material making it durable - ideal for workshops.   Max. pressure: 10 bar (145 psi)  Short or long nozzle available  1\/4&quot; Female inlet thread\" \/>\n<meta property=\"og:url\" content=\"https:\/\/www.cerakotesa.com\/fr\/produit\/a-n-i-air-blow-gun-long-nozzle-head-se-ani-100\/\" \/>\n<meta property=\"og:site_name\" content=\"Cerakote South Africa\" \/>\n<meta property=\"article:modified_time\" content=\"2024-08-05T13:26:50+00:00\" \/>\n<meta property=\"og:image\" content=\"https:\/\/www.cerakotesa.com\/wp-content\/uploads\/2023\/06\/ani-air-blow-gun.jpg\" \/>\n\t<meta property=\"og:image:width\" content=\"450\" \/>\n\t<meta property=\"og:image:height\" content=\"450\" \/>\n\t<meta property=\"og:image:type\" content=\"image\/jpeg\" \/>\n<meta name=\"twitter:card\" content=\"summary_large_image\" \/>\n<script type=\"application\/ld+json\" class=\"yoast-schema-graph\">{\"@context\":\"https:\/\/schema.org\",\"@graph\":[{\"@type\":\"WebPage\",\"@id\":\"https:\/\/www.cerakotesa.com\/product\/a-n-i-air-blow-gun-long-nozzle-head-se-ani-100\/\",\"url\":\"https:\/\/www.cerakotesa.com\/product\/a-n-i-air-blow-gun-long-nozzle-head-se-ani-100\/\",\"name\":\"A.N.I. Air Blow Gun (Long Nozzle Head) SE-ANI-100 - Cerakote South Africa\",\"isPartOf\":{\"@id\":\"https:\/\/www.cerakotesa.com\/#website\"},\"primaryImageOfPage\":{\"@id\":\"https:\/\/www.cerakotesa.com\/product\/a-n-i-air-blow-gun-long-nozzle-head-se-ani-100\/#primaryimage\"},\"image\":{\"@id\":\"https:\/\/www.cerakotesa.com\/product\/a-n-i-air-blow-gun-long-nozzle-head-se-ani-100\/#primaryimage\"},\"thumbnailUrl\":\"https:\/\/www.cerakotesa.com\/wp-content\/uploads\/2023\/06\/ani-air-blow-gun.jpg\",\"datePublished\":\"2019-12-19T15:26:39+00:00\",\"dateModified\":\"2024-08-05T13:26:50+00:00\",\"breadcrumb\":{\"@id\":\"https:\/\/www.cerakotesa.com\/product\/a-n-i-air-blow-gun-long-nozzle-head-se-ani-100\/#breadcrumb\"},\"inLanguage\":\"fr-FR\",\"potentialAction\":[{\"@type\":\"ReadAction\",\"target\":[\"https:\/\/www.cerakotesa.com\/product\/a-n-i-air-blow-gun-long-nozzle-head-se-ani-100\/\"]}]},{\"@type\":\"ImageObject\",\"inLanguage\":\"fr-FR\",\"@id\":\"https:\/\/www.cerakotesa.com\/product\/a-n-i-air-blow-gun-long-nozzle-head-se-ani-100\/#primaryimage\",\"url\":\"https:\/\/www.cerakotesa.com\/wp-content\/uploads\/2023\/06\/ani-air-blow-gun.jpg\",\"contentUrl\":\"https:\/\/www.cerakotesa.com\/wp-content\/uploads\/2023\/06\/ani-air-blow-gun.jpg\",\"width\":450,\"height\":450},{\"@type\":\"BreadcrumbList\",\"@id\":\"https:\/\/www.cerakotesa.com\/product\/a-n-i-air-blow-gun-long-nozzle-head-se-ani-100\/#breadcrumb\",\"itemListElement\":[{\"@type\":\"ListItem\",\"position\":1,\"name\":\"Home\",\"item\":\"https:\/\/www.cerakotesa.com\/\"},{\"@type\":\"ListItem\",\"position\":2,\"name\":\"Products\",\"item\":\"https:\/\/www.cerakotesa.com\/shop\/\"},{\"@type\":\"ListItem\",\"position\":3,\"name\":\"A.N.I. Air Blow Gun (Long Nozzle Head) SE-ANI-100\"}]},{\"@type\":\"WebSite\",\"@id\":\"https:\/\/www.cerakotesa.com\/#website\",\"url\":\"https:\/\/www.cerakotesa.com\/\",\"name\":\"Cerakote South Africa\",\"description\":\"Cerakote is a global leader in the manufacturing of thin-film protective ceramic coatings\",\"potentialAction\":[{\"@type\":\"SearchAction\",\"target\":{\"@type\":\"EntryPoint\",\"urlTemplate\":\"https:\/\/www.cerakotesa.com\/?s={search_term_string}\"},\"query-input\":{\"@type\":\"PropertyValueSpecification\",\"valueRequired\":true,\"valueName\":\"search_term_string\"}}],\"inLanguage\":\"fr-FR\"}]}<\/script>\n<!-- \/ Yoast SEO plugin. -->","yoast_head_json":{"title":"A.N.I. Air Blow Gun (Long Nozzle Head) SE-ANI-100 - Cerakote South Africa","robots":{"index":"index","follow":"follow","max-snippet":"max-snippet:-1","max-image-preview":"max-image-preview:large","max-video-preview":"max-video-preview:-1"},"canonical":"https:\/\/www.cerakotesa.com\/fr\/produit\/a-n-i-air-blow-gun-long-nozzle-head-se-ani-100\/","og_locale":"fr_FR","og_type":"article","og_title":"A.N.I. Air Blow Gun (Long Nozzle Head) SE-ANI-100 - Cerakote South Africa","og_description":"A.N.I. Air Blow Gun with Short or Long Nozzle Head This A.N.I. blow gun has a safety nozzle giving you control when using. The safety air nozzle provides the user with protection from pressured air blowing backwards or to the side like some other nozzles may do. The blow gun is made from PA6 material making it durable - ideal for workshops.   Max. pressure: 10 bar (145 psi)  Short or long nozzle available  1\/4\" Female inlet thread","og_url":"https:\/\/www.cerakotesa.com\/fr\/produit\/a-n-i-air-blow-gun-long-nozzle-head-se-ani-100\/","og_site_name":"Cerakote South Africa","article_modified_time":"2024-08-05T13:26:50+00:00","og_image":[{"width":450,"height":450,"url":"https:\/\/www.cerakotesa.com\/wp-content\/uploads\/2023\/06\/ani-air-blow-gun.jpg","type":"image\/jpeg"}],"twitter_card":"summary_large_image","schema":{"@context":"https:\/\/schema.org","@graph":[{"@type":"WebPage","@id":"https:\/\/www.cerakotesa.com\/product\/a-n-i-air-blow-gun-long-nozzle-head-se-ani-100\/","url":"https:\/\/www.cerakotesa.com\/product\/a-n-i-air-blow-gun-long-nozzle-head-se-ani-100\/","name":"A.N.I. Air Blow Gun (Long Nozzle Head) SE-ANI-100 - Cerakote South Africa","isPartOf":{"@id":"https:\/\/www.cerakotesa.com\/#website"},"primaryImageOfPage":{"@id":"https:\/\/www.cerakotesa.com\/product\/a-n-i-air-blow-gun-long-nozzle-head-se-ani-100\/#primaryimage"},"image":{"@id":"https:\/\/www.cerakotesa.com\/product\/a-n-i-air-blow-gun-long-nozzle-head-se-ani-100\/#primaryimage"},"thumbnailUrl":"https:\/\/www.cerakotesa.com\/wp-content\/uploads\/2023\/06\/ani-air-blow-gun.jpg","datePublished":"2019-12-19T15:26:39+00:00","dateModified":"2024-08-05T13:26:50+00:00","breadcrumb":{"@id":"https:\/\/www.cerakotesa.com\/product\/a-n-i-air-blow-gun-long-nozzle-head-se-ani-100\/#breadcrumb"},"inLanguage":"fr-FR","potentialAction":[{"@type":"ReadAction","target":["https:\/\/www.cerakotesa.com\/product\/a-n-i-air-blow-gun-long-nozzle-head-se-ani-100\/"]}]},{"@type":"ImageObject","inLanguage":"fr-FR","@id":"https:\/\/www.cerakotesa.com\/product\/a-n-i-air-blow-gun-long-nozzle-head-se-ani-100\/#primaryimage","url":"https:\/\/www.cerakotesa.com\/wp-content\/uploads\/2023\/06\/ani-air-blow-gun.jpg","contentUrl":"https:\/\/www.cerakotesa.com\/wp-content\/uploads\/2023\/06\/ani-air-blow-gun.jpg","width":450,"height":450},{"@type":"BreadcrumbList","@id":"https:\/\/www.cerakotesa.com\/product\/a-n-i-air-blow-gun-long-nozzle-head-se-ani-100\/#breadcrumb","itemListElement":[{"@type":"ListItem","position":1,"name":"Home","item":"https:\/\/www.cerakotesa.com\/"},{"@type":"ListItem","position":2,"name":"Products","item":"https:\/\/www.cerakotesa.com\/shop\/"},{"@type":"ListItem","position":3,"name":"A.N.I. Air Blow Gun (Long Nozzle Head) SE-ANI-100"}]},{"@type":"WebSite","@id":"https:\/\/www.cerakotesa.com\/#website","url":"https:\/\/www.cerakotesa.com\/","name":"Cerakote South Africa","description":"Cerakote est un leader mondial dans la fabrication de rev\u00eatements c\u00e9ramiques protecteurs en couches minces.","potentialAction":[{"@type":"SearchAction","target":{"@type":"EntryPoint","urlTemplate":"https:\/\/www.cerakotesa.com\/?s={search_term_string}"},"query-input":{"@type":"PropertyValueSpecification","valueRequired":true,"valueName":"search_term_string"}}],"inLanguage":"fr-FR"}]}},"acf":[],"_links":{"self":[{"href":"https:\/\/www.cerakotesa.com\/fr\/wp-json\/wp\/v2\/product\/1681","targetHints":{"allow":["GET"]}}],"collection":[{"href":"https:\/\/www.cerakotesa.com\/fr\/wp-json\/wp\/v2\/product"}],"about":[{"href":"https:\/\/www.cerakotesa.com\/fr\/wp-json\/wp\/v2\/types\/product"}],"replies":[{"embeddable":true,"href":"https:\/\/www.cerakotesa.com\/fr\/wp-json\/wp\/v2\/comments?post=1681"}],"wp:featuredmedia":[{"embeddable":true,"href":"https:\/\/www.cerakotesa.com\/fr\/wp-json\/wp\/v2\/media\/13858"}],"wp:attachment":[{"href":"https:\/\/www.cerakotesa.com\/fr\/wp-json\/wp\/v2\/media?parent=1681"}],"wp:term":[{"taxonomy":"product_brand","embeddable":true,"href":"https:\/\/www.cerakotesa.com\/fr\/wp-json\/wp\/v2\/product_brand?post=1681"},{"taxonomy":"product_cat","embeddable":true,"href":"https:\/\/www.cerakotesa.com\/fr\/wp-json\/wp\/v2\/product_cat?post=1681"},{"taxonomy":"product_tag","embeddable":true,"href":"https:\/\/www.cerakotesa.com\/fr\/wp-json\/wp\/v2\/product_tag?post=1681"}],"curies":[{"name":"wp","href":"https:\/\/api.w.org\/{rel}","templated":true}]}}