{"id":16867,"date":"2024-03-12T11:34:36","date_gmt":"2024-03-12T11:34:36","guid":{"rendered":"https:\/\/www.cerakotesa.com\/?post_type=product&#038;p=16867"},"modified":"2025-02-26T15:24:05","modified_gmt":"2025-02-26T15:24:05","slug":"cerakote-trim-coat-4-oz-liquid-bulk-kit-ah-trpro","status":"publish","type":"product","link":"https:\/\/www.cerakotesa.com\/fr\/produit\/cerakote-trim-coat-4-oz-liquid-bulk-kit-ah-trpro\/","title":{"rendered":"CERAKOTE\u00ae Trim Coat Professional Pack - Bouteille de 4 oz AH-TRPRO"},"content":{"rendered":"","protected":false},"excerpt":{"rendered":"<p>Cerakote Trim Coat est un rev\u00eatement c\u00e9ramique durable qui adh\u00e8re aux pores des garnitures en plastique non peintes et leur redonne leur aspect d'origine. Mais ce n'est pas tout ! Une fois appliqu\u00e9, il durcit pour former une couche de protection en c\u00e9ramique. Nous avons tellement confiance en notre technologie Trim Coat que nous garantissons qu'elle durera au moins 200 lavages.<\/p>\n<p>Chacun de nos kits professionnels comprend<\/p>\n<ul>\n<li>4 oz de Trim Coat Liquid<\/li>\n<li>2 applicateurs en microfibre<\/li>\n<\/ul>\n<p>Ce kit contient suffisamment de liquide pour traiter 3 v\u00e9hicules normaux, ainsi qu'une m\u00e9thode d'application pratique.<\/p>","protected":false},"featured_media":20655,"comment_status":"open","ping_status":"closed","template":"","meta":{"_acf_changed":false},"product_brand":[],"product_cat":[1056],"product_tag":[1098,570,1099],"class_list":{"0":"post-16867","1":"product","2":"type-product","3":"status-publish","4":"has-post-thumbnail","6":"product_cat-auto-home","7":"product_tag-ah-trpro","8":"product_tag-trim-coat","9":"product_tag-trim-coat-bulk","10":"product_shipping_class-flat-rate","12":"first","13":"instock","14":"taxable","15":"shipping-taxable","16":"product-type-simple"},"yoast_head":"<!-- This site is optimized with the Yoast SEO plugin v26.7 - https:\/\/yoast.com\/wordpress\/plugins\/seo\/ -->\n<title>CERAKOTE\u00ae Trim Coat Professional Pack - 4 oz. Bottle AH-TRPRO - Cerakote South Africa<\/title>\n<meta name=\"description\" content=\"Restores your trim to like-new and is guaranteed to last for 200 washes!\" \/>\n<meta name=\"robots\" content=\"index, follow, max-snippet:-1, max-image-preview:large, max-video-preview:-1\" \/>\n<link rel=\"canonical\" href=\"https:\/\/www.cerakotesa.com\/fr\/produit\/cerakote-trim-coat-4-oz-liquid-bulk-kit-ah-trpro\/\" \/>\n<meta property=\"og:locale\" content=\"fr_FR\" \/>\n<meta property=\"og:type\" content=\"article\" \/>\n<meta property=\"og:title\" content=\"CERAKOTE\u00ae Trim Coat Professional Pack - 4 oz. Bottle AH-TRPRO - Cerakote South Africa\" \/>\n<meta property=\"og:description\" content=\"Restores your trim to like-new and is guaranteed to last for 200 washes!\" \/>\n<meta property=\"og:url\" content=\"https:\/\/www.cerakotesa.com\/fr\/produit\/cerakote-trim-coat-4-oz-liquid-bulk-kit-ah-trpro\/\" \/>\n<meta property=\"og:site_name\" content=\"Cerakote South Africa\" \/>\n<meta property=\"article:modified_time\" content=\"2025-02-26T15:24:05+00:00\" \/>\n<meta property=\"og:image\" content=\"https:\/\/www.cerakotesa.com\/wp-content\/uploads\/2024\/03\/CCC_Paint_4oz__31614.jpg\" \/>\n\t<meta property=\"og:image:width\" content=\"1280\" \/>\n\t<meta property=\"og:image:height\" content=\"1280\" \/>\n\t<meta property=\"og:image:type\" content=\"image\/jpeg\" \/>\n<meta name=\"twitter:card\" content=\"summary_large_image\" \/>\n<meta name=\"twitter:label1\" content=\"Dur\u00e9e de lecture estim\u00e9e\" \/>\n\t<meta name=\"twitter:data1\" content=\"1 minute\" \/>\n<script type=\"application\/ld+json\" class=\"yoast-schema-graph\">{\"@context\":\"https:\/\/schema.org\",\"@graph\":[{\"@type\":\"WebPage\",\"@id\":\"https:\/\/www.cerakotesa.com\/product\/cerakote-trim-coat-4-oz-liquid-bulk-kit-ah-trpro\/\",\"url\":\"https:\/\/www.cerakotesa.com\/product\/cerakote-trim-coat-4-oz-liquid-bulk-kit-ah-trpro\/\",\"name\":\"CERAKOTE\u00ae Trim Coat Professional Pack - 4 oz. Bottle AH-TRPRO - Cerakote South Africa\",\"isPartOf\":{\"@id\":\"https:\/\/www.cerakotesa.com\/#website\"},\"primaryImageOfPage\":{\"@id\":\"https:\/\/www.cerakotesa.com\/product\/cerakote-trim-coat-4-oz-liquid-bulk-kit-ah-trpro\/#primaryimage\"},\"image\":{\"@id\":\"https:\/\/www.cerakotesa.com\/product\/cerakote-trim-coat-4-oz-liquid-bulk-kit-ah-trpro\/#primaryimage\"},\"thumbnailUrl\":\"https:\/\/www.cerakotesa.com\/wp-content\/uploads\/2024\/03\/CCC_Paint_4oz__31614.jpg\",\"datePublished\":\"2024-03-12T11:34:36+00:00\",\"dateModified\":\"2025-02-26T15:24:05+00:00\",\"description\":\"Restores your trim to like-new and is guaranteed to last for 200 washes!\",\"breadcrumb\":{\"@id\":\"https:\/\/www.cerakotesa.com\/product\/cerakote-trim-coat-4-oz-liquid-bulk-kit-ah-trpro\/#breadcrumb\"},\"inLanguage\":\"fr-FR\",\"potentialAction\":[{\"@type\":\"ReadAction\",\"target\":[\"https:\/\/www.cerakotesa.com\/product\/cerakote-trim-coat-4-oz-liquid-bulk-kit-ah-trpro\/\"]}]},{\"@type\":\"ImageObject\",\"inLanguage\":\"fr-FR\",\"@id\":\"https:\/\/www.cerakotesa.com\/product\/cerakote-trim-coat-4-oz-liquid-bulk-kit-ah-trpro\/#primaryimage\",\"url\":\"https:\/\/www.cerakotesa.com\/wp-content\/uploads\/2024\/03\/CCC_Paint_4oz__31614.jpg\",\"contentUrl\":\"https:\/\/www.cerakotesa.com\/wp-content\/uploads\/2024\/03\/CCC_Paint_4oz__31614.jpg\",\"width\":1280,\"height\":1280},{\"@type\":\"BreadcrumbList\",\"@id\":\"https:\/\/www.cerakotesa.com\/product\/cerakote-trim-coat-4-oz-liquid-bulk-kit-ah-trpro\/#breadcrumb\",\"itemListElement\":[{\"@type\":\"ListItem\",\"position\":1,\"name\":\"Home\",\"item\":\"https:\/\/www.cerakotesa.com\/\"},{\"@type\":\"ListItem\",\"position\":2,\"name\":\"Products\",\"item\":\"https:\/\/www.cerakotesa.com\/shop\/\"},{\"@type\":\"ListItem\",\"position\":3,\"name\":\"CERAKOTE\u00ae Trim Coat Professional Pack &#8211; 4 oz. Bottle AH-TRPRO\"}]},{\"@type\":\"WebSite\",\"@id\":\"https:\/\/www.cerakotesa.com\/#website\",\"url\":\"https:\/\/www.cerakotesa.com\/\",\"name\":\"Cerakote South Africa\",\"description\":\"Cerakote is a global leader in the manufacturing of thin-film protective ceramic coatings\",\"potentialAction\":[{\"@type\":\"SearchAction\",\"target\":{\"@type\":\"EntryPoint\",\"urlTemplate\":\"https:\/\/www.cerakotesa.com\/?s={search_term_string}\"},\"query-input\":{\"@type\":\"PropertyValueSpecification\",\"valueRequired\":true,\"valueName\":\"search_term_string\"}}],\"inLanguage\":\"fr-FR\"}]}<\/script>\n<!-- \/ Yoast SEO plugin. -->","yoast_head_json":{"title":"CERAKOTE\u00ae Trim Coat Professional Pack - 4 oz. Bottle AH-TRPRO - Cerakote South Africa","description":"Redonne \u00e0 vos garnitures l'aspect du neuf et est garanti pour 200 lavages !","robots":{"index":"index","follow":"follow","max-snippet":"max-snippet:-1","max-image-preview":"max-image-preview:large","max-video-preview":"max-video-preview:-1"},"canonical":"https:\/\/www.cerakotesa.com\/fr\/produit\/cerakote-trim-coat-4-oz-liquid-bulk-kit-ah-trpro\/","og_locale":"fr_FR","og_type":"article","og_title":"CERAKOTE\u00ae Trim Coat Professional Pack - 4 oz. Bottle AH-TRPRO - Cerakote South Africa","og_description":"Restores your trim to like-new and is guaranteed to last for 200 washes!","og_url":"https:\/\/www.cerakotesa.com\/fr\/produit\/cerakote-trim-coat-4-oz-liquid-bulk-kit-ah-trpro\/","og_site_name":"Cerakote South Africa","article_modified_time":"2025-02-26T15:24:05+00:00","og_image":[{"width":1280,"height":1280,"url":"https:\/\/www.cerakotesa.com\/wp-content\/uploads\/2024\/03\/CCC_Paint_4oz__31614.jpg","type":"image\/jpeg"}],"twitter_card":"summary_large_image","twitter_misc":{"Dur\u00e9e de lecture estim\u00e9e":"1 minute"},"schema":{"@context":"https:\/\/schema.org","@graph":[{"@type":"WebPage","@id":"https:\/\/www.cerakotesa.com\/product\/cerakote-trim-coat-4-oz-liquid-bulk-kit-ah-trpro\/","url":"https:\/\/www.cerakotesa.com\/product\/cerakote-trim-coat-4-oz-liquid-bulk-kit-ah-trpro\/","name":"CERAKOTE\u00ae Trim Coat Professional Pack - 4 oz. Bottle AH-TRPRO - Cerakote South Africa","isPartOf":{"@id":"https:\/\/www.cerakotesa.com\/#website"},"primaryImageOfPage":{"@id":"https:\/\/www.cerakotesa.com\/product\/cerakote-trim-coat-4-oz-liquid-bulk-kit-ah-trpro\/#primaryimage"},"image":{"@id":"https:\/\/www.cerakotesa.com\/product\/cerakote-trim-coat-4-oz-liquid-bulk-kit-ah-trpro\/#primaryimage"},"thumbnailUrl":"https:\/\/www.cerakotesa.com\/wp-content\/uploads\/2024\/03\/CCC_Paint_4oz__31614.jpg","datePublished":"2024-03-12T11:34:36+00:00","dateModified":"2025-02-26T15:24:05+00:00","description":"Redonne \u00e0 vos garnitures l'aspect du neuf et est garanti pour 200 lavages !","breadcrumb":{"@id":"https:\/\/www.cerakotesa.com\/product\/cerakote-trim-coat-4-oz-liquid-bulk-kit-ah-trpro\/#breadcrumb"},"inLanguage":"fr-FR","potentialAction":[{"@type":"ReadAction","target":["https:\/\/www.cerakotesa.com\/product\/cerakote-trim-coat-4-oz-liquid-bulk-kit-ah-trpro\/"]}]},{"@type":"ImageObject","inLanguage":"fr-FR","@id":"https:\/\/www.cerakotesa.com\/product\/cerakote-trim-coat-4-oz-liquid-bulk-kit-ah-trpro\/#primaryimage","url":"https:\/\/www.cerakotesa.com\/wp-content\/uploads\/2024\/03\/CCC_Paint_4oz__31614.jpg","contentUrl":"https:\/\/www.cerakotesa.com\/wp-content\/uploads\/2024\/03\/CCC_Paint_4oz__31614.jpg","width":1280,"height":1280},{"@type":"BreadcrumbList","@id":"https:\/\/www.cerakotesa.com\/product\/cerakote-trim-coat-4-oz-liquid-bulk-kit-ah-trpro\/#breadcrumb","itemListElement":[{"@type":"ListItem","position":1,"name":"Home","item":"https:\/\/www.cerakotesa.com\/"},{"@type":"ListItem","position":2,"name":"Products","item":"https:\/\/www.cerakotesa.com\/shop\/"},{"@type":"ListItem","position":3,"name":"CERAKOTE\u00ae Trim Coat Professional Pack &#8211; 4 oz. Bottle AH-TRPRO"}]},{"@type":"WebSite","@id":"https:\/\/www.cerakotesa.com\/#website","url":"https:\/\/www.cerakotesa.com\/","name":"Cerakote South Africa","description":"Cerakote est un leader mondial dans la fabrication de rev\u00eatements c\u00e9ramiques protecteurs en couches minces.","potentialAction":[{"@type":"SearchAction","target":{"@type":"EntryPoint","urlTemplate":"https:\/\/www.cerakotesa.com\/?s={search_term_string}"},"query-input":{"@type":"PropertyValueSpecification","valueRequired":true,"valueName":"search_term_string"}}],"inLanguage":"fr-FR"}]}},"acf":[],"_links":{"self":[{"href":"https:\/\/www.cerakotesa.com\/fr\/wp-json\/wp\/v2\/product\/16867","targetHints":{"allow":["GET"]}}],"collection":[{"href":"https:\/\/www.cerakotesa.com\/fr\/wp-json\/wp\/v2\/product"}],"about":[{"href":"https:\/\/www.cerakotesa.com\/fr\/wp-json\/wp\/v2\/types\/product"}],"replies":[{"embeddable":true,"href":"https:\/\/www.cerakotesa.com\/fr\/wp-json\/wp\/v2\/comments?post=16867"}],"wp:featuredmedia":[{"embeddable":true,"href":"https:\/\/www.cerakotesa.com\/fr\/wp-json\/wp\/v2\/media\/20655"}],"wp:attachment":[{"href":"https:\/\/www.cerakotesa.com\/fr\/wp-json\/wp\/v2\/media?parent=16867"}],"wp:term":[{"taxonomy":"product_brand","embeddable":true,"href":"https:\/\/www.cerakotesa.com\/fr\/wp-json\/wp\/v2\/product_brand?post=16867"},{"taxonomy":"product_cat","embeddable":true,"href":"https:\/\/www.cerakotesa.com\/fr\/wp-json\/wp\/v2\/product_cat?post=16867"},{"taxonomy":"product_tag","embeddable":true,"href":"https:\/\/www.cerakotesa.com\/fr\/wp-json\/wp\/v2\/product_tag?post=16867"}],"curies":[{"name":"wp","href":"https:\/\/api.w.org\/{rel}","templated":true}]}}