{"id":16975,"date":"2024-03-27T12:16:21","date_gmt":"2024-03-27T12:16:21","guid":{"rendered":"https:\/\/www.cerakotesa.com\/?post_type=product&#038;p=16975"},"modified":"2025-12-18T13:02:40","modified_gmt":"2025-12-18T13:02:40","slug":"silicon-plugs-se-3100","status":"publish","type":"product","link":"https:\/\/www.cerakotesa.com\/fr\/produit\/silicon-plugs-se-3100\/","title":{"rendered":"Bouchons en silicone SE-3100"},"content":{"rendered":"","protected":false},"excerpt":{"rendered":"<p>We decided to take our popular <a href=\"https:\/\/www.cerakotesa.com\/product\/plug-kit-se-220\/\">Kit de bouchons SE-220<\/a> and offer individual plug sizes separately. A size for every project, and quantities that allow your production work to move smoothly.<\/p>\n<ul>\n<li>Temp\u00e9ratures recommand\u00e9es jusqu'\u00e0 315\u00b0C (600\u00b0F)<\/li>\n<li>Creux pour le rendre plus l\u00e9ger et plus conforme<\/li>\n<li>Conique pour s'adapter \u00e0 une gamme de tailles de trous<\/li>\n<li>Great for masking<\/li>\n<li>R\u00e9utilisable<\/li>\n<\/ul>\n<p>Sizes:<\/p>\n<ul>\n<li>Small Pink Plug: (0.063&#8243;-0.188&#8243;) OD, 0.625&#8243; length<\/li>\n<li>Small Light Green Plug: (0.063&#8243;-0.125&#8243;) OD, 0.625&#8243; length<\/li>\n<li>Small Black Plug: (0.125&#8243;-0.250&#8243;) OD, 0.75&#8243; length<\/li>\n<li>Small Red Plug: (0.188&#8243;-0.344&#8243;) OD, 0.625&#8243; length<\/li>\n<li>Small Yellow Plug: (0.250&#8243;-0.375&#8243;) OD, 0.75&#8243; length<\/li>\n<li>Medium Clear Plug: (0.344&#8243;-0.500&#8243;) OD, 0.80&#8243; length<\/li>\n<li>Medium Purple Plug: (0.406&#8243;-0.594&#8243;) OD, 1&#8243; length<\/li>\n<li>Medium Light Green Plug: (0.438&#8243;-0.625&#8243;) OD, 0.85&#8243; length<\/li>\n<li>Medium Pink Plug: (0.500&#8243;-0.656&#8243;) OD, 1&#8243; length<\/li>\n<li>Medium Red Plug: (0.625&#8243;-0.781&#8243;) OD, 1&#8243; length<\/li>\n<li>Large Black Plug: (0.563&#8243;-0.750&#8243;) OD, 1&#8243; length<\/li>\n<li>Large Yellow Plug: (0.719&#8243;-0.938&#8243;) OD, 1&#8243; length<\/li>\n<li>Large Clear Plug: (.750&#8243;-0.100&#8243;) OD, 1&#8243; length<\/li>\n<li>Large Light Green Plug: (0.906&#8243;-1.063&#8243;) OD, 1&#8243; length<\/li>\n<li>Large Dark Green Plug: (1.031&#8243;-1.250&#8243;) OD, 1&#8243; length<\/li>\n<li>Large Blue Plug: (1.188&#8243;-1.438&#8243;) OD, 1&#8243; length<\/li>\n<\/ul>","protected":false},"featured_media":16993,"comment_status":"open","ping_status":"closed","template":"","meta":{"_acf_changed":false},"product_brand":[],"product_cat":[106],"product_tag":[592,1105],"class_list":{"0":"post-16975","1":"product","2":"type-product","3":"status-publish","4":"has-post-thumbnail","6":"product_cat-equipment","7":"product_tag-plugs","8":"product_tag-silicon-plugs","9":"product_shipping_class-flat-rate","11":"first","12":"instock","13":"taxable","14":"shipping-taxable","15":"product-type-variable","16":"has-default-attributes"},"yoast_head":"<!-- This site is optimized with the Yoast SEO plugin v26.7 - https:\/\/yoast.com\/wordpress\/plugins\/seo\/ -->\n<title>Silicon Plugs SE-3100 - Cerakote South Africa<\/title>\n<meta name=\"robots\" content=\"index, follow, max-snippet:-1, max-image-preview:large, max-video-preview:-1\" \/>\n<link rel=\"canonical\" href=\"https:\/\/www.cerakotesa.com\/fr\/produit\/silicon-plugs-se-3100\/\" \/>\n<meta property=\"og:locale\" content=\"fr_FR\" \/>\n<meta property=\"og:type\" content=\"article\" \/>\n<meta property=\"og:title\" content=\"Silicon Plugs SE-3100 - Cerakote South Africa\" \/>\n<meta property=\"og:description\" content=\"We decided to take our popular Plug Kit SE-220 and offer individual plug sizes separately. A size for every project, and quantities that allow your production work to move smoothly.   Recommended temperatures up to 600\u00b0F (315\u00b0C)  Hollow to make it lighter and more conforming  Tapered to fit into a range of hole sizes  Great for masking  Reusable  Sizes:   Small Pink Plug: (0.063&quot;-0.188&quot;) OD, 0.625&quot; length  Small Light Green Plug: (0.063&quot;-0.125&quot;) OD, 0.625&quot; length  Small Black Plug: (0.125&quot;-0.250&quot;) OD, 0.75&quot; length  Small Red Plug: (0.188&quot;-0.344&quot;) OD, 0.625&quot; length  Small Yellow Plug: (0.250&quot;-0.375&quot;) OD, 0.75&quot; length  Medium Clear Plug: (0.344&quot;-0.500&quot;) OD, 0.80&quot; length  Medium Purple Plug: (0.406&quot;-0.594&quot;) OD, 1&quot; length  Medium Light Green Plug: (0.438&quot;-0.625&quot;) OD, 0.85&quot; length  Medium Pink Plug: (0.500&quot;-0.656&quot;) OD, 1&quot; length  Medium Red Plug: (0.625&quot;-0.781&quot;) OD, 1&quot; length  Large Black Plug: (0.563&quot;-0.750&quot;) OD, 1&quot; length  Large Yellow Plug: (0.719&quot;-0.938&quot;) OD, 1&quot; length  Large Clear Plug: (.750&quot;-0.100&quot;) OD, 1&quot; length  Large Light Green Plug: (0.906&quot;-1.063&quot;) OD, 1&quot; length  Large Dark Green Plug: (1.031&quot;-1.250&quot;) OD, 1&quot; length  Large Blue Plug: (1.188&quot;-1.438&quot;) OD, 1&quot; length\" \/>\n<meta property=\"og:url\" content=\"https:\/\/www.cerakotesa.com\/fr\/produit\/silicon-plugs-se-3100\/\" \/>\n<meta property=\"og:site_name\" content=\"Cerakote South Africa\" \/>\n<meta property=\"article:modified_time\" content=\"2025-12-18T13:02:40+00:00\" \/>\n<meta property=\"og:image\" content=\"https:\/\/www.cerakotesa.com\/wp-content\/uploads\/2024\/03\/silicon-plug-063x188-pink-1-000-pc-bag-se-3100-dt20231204214012486212-thumbnail.jpg\" \/>\n\t<meta property=\"og:image:width\" content=\"600\" \/>\n\t<meta property=\"og:image:height\" content=\"600\" \/>\n\t<meta property=\"og:image:type\" content=\"image\/jpeg\" \/>\n<meta name=\"twitter:card\" content=\"summary_large_image\" \/>\n<script type=\"application\/ld+json\" class=\"yoast-schema-graph\">{\"@context\":\"https:\/\/schema.org\",\"@graph\":[{\"@type\":\"WebPage\",\"@id\":\"https:\/\/www.cerakotesa.com\/product\/silicon-plugs-se-3100\/\",\"url\":\"https:\/\/www.cerakotesa.com\/product\/silicon-plugs-se-3100\/\",\"name\":\"Silicon Plugs SE-3100 - Cerakote South Africa\",\"isPartOf\":{\"@id\":\"https:\/\/www.cerakotesa.com\/#website\"},\"primaryImageOfPage\":{\"@id\":\"https:\/\/www.cerakotesa.com\/product\/silicon-plugs-se-3100\/#primaryimage\"},\"image\":{\"@id\":\"https:\/\/www.cerakotesa.com\/product\/silicon-plugs-se-3100\/#primaryimage\"},\"thumbnailUrl\":\"https:\/\/www.cerakotesa.com\/wp-content\/uploads\/2024\/03\/silicon-plug-063x188-pink-1-000-pc-bag-se-3100-dt20231204214012486212-thumbnail.jpg\",\"datePublished\":\"2024-03-27T12:16:21+00:00\",\"dateModified\":\"2025-12-18T13:02:40+00:00\",\"breadcrumb\":{\"@id\":\"https:\/\/www.cerakotesa.com\/product\/silicon-plugs-se-3100\/#breadcrumb\"},\"inLanguage\":\"fr-FR\",\"potentialAction\":[{\"@type\":\"ReadAction\",\"target\":[\"https:\/\/www.cerakotesa.com\/product\/silicon-plugs-se-3100\/\"]}]},{\"@type\":\"ImageObject\",\"inLanguage\":\"fr-FR\",\"@id\":\"https:\/\/www.cerakotesa.com\/product\/silicon-plugs-se-3100\/#primaryimage\",\"url\":\"https:\/\/www.cerakotesa.com\/wp-content\/uploads\/2024\/03\/silicon-plug-063x188-pink-1-000-pc-bag-se-3100-dt20231204214012486212-thumbnail.jpg\",\"contentUrl\":\"https:\/\/www.cerakotesa.com\/wp-content\/uploads\/2024\/03\/silicon-plug-063x188-pink-1-000-pc-bag-se-3100-dt20231204214012486212-thumbnail.jpg\",\"width\":600,\"height\":600},{\"@type\":\"BreadcrumbList\",\"@id\":\"https:\/\/www.cerakotesa.com\/product\/silicon-plugs-se-3100\/#breadcrumb\",\"itemListElement\":[{\"@type\":\"ListItem\",\"position\":1,\"name\":\"Home\",\"item\":\"https:\/\/www.cerakotesa.com\/\"},{\"@type\":\"ListItem\",\"position\":2,\"name\":\"Products\",\"item\":\"https:\/\/www.cerakotesa.com\/shop\/\"},{\"@type\":\"ListItem\",\"position\":3,\"name\":\"Silicon Plugs SE-3100\"}]},{\"@type\":\"WebSite\",\"@id\":\"https:\/\/www.cerakotesa.com\/#website\",\"url\":\"https:\/\/www.cerakotesa.com\/\",\"name\":\"Cerakote South Africa\",\"description\":\"Cerakote is a global leader in the manufacturing of thin-film protective ceramic coatings\",\"potentialAction\":[{\"@type\":\"SearchAction\",\"target\":{\"@type\":\"EntryPoint\",\"urlTemplate\":\"https:\/\/www.cerakotesa.com\/?s={search_term_string}\"},\"query-input\":{\"@type\":\"PropertyValueSpecification\",\"valueRequired\":true,\"valueName\":\"search_term_string\"}}],\"inLanguage\":\"fr-FR\"}]}<\/script>\n<!-- \/ Yoast SEO plugin. -->","yoast_head_json":{"title":"Silicon Plugs SE-3100 - Cerakote South Africa","robots":{"index":"index","follow":"follow","max-snippet":"max-snippet:-1","max-image-preview":"max-image-preview:large","max-video-preview":"max-video-preview:-1"},"canonical":"https:\/\/www.cerakotesa.com\/fr\/produit\/silicon-plugs-se-3100\/","og_locale":"fr_FR","og_type":"article","og_title":"Silicon Plugs SE-3100 - Cerakote South Africa","og_description":"We decided to take our popular Plug Kit SE-220 and offer individual plug sizes separately. A size for every project, and quantities that allow your production work to move smoothly.   Recommended temperatures up to 600\u00b0F (315\u00b0C)  Hollow to make it lighter and more conforming  Tapered to fit into a range of hole sizes  Great for masking  Reusable  Sizes:   Small Pink Plug: (0.063\"-0.188\") OD, 0.625\" length  Small Light Green Plug: (0.063\"-0.125\") OD, 0.625\" length  Small Black Plug: (0.125\"-0.250\") OD, 0.75\" length  Small Red Plug: (0.188\"-0.344\") OD, 0.625\" length  Small Yellow Plug: (0.250\"-0.375\") OD, 0.75\" length  Medium Clear Plug: (0.344\"-0.500\") OD, 0.80\" length  Medium Purple Plug: (0.406\"-0.594\") OD, 1\" length  Medium Light Green Plug: (0.438\"-0.625\") OD, 0.85\" length  Medium Pink Plug: (0.500\"-0.656\") OD, 1\" length  Medium Red Plug: (0.625\"-0.781\") OD, 1\" length  Large Black Plug: (0.563\"-0.750\") OD, 1\" length  Large Yellow Plug: (0.719\"-0.938\") OD, 1\" length  Large Clear Plug: (.750\"-0.100\") OD, 1\" length  Large Light Green Plug: (0.906\"-1.063\") OD, 1\" length  Large Dark Green Plug: (1.031\"-1.250\") OD, 1\" length  Large Blue Plug: (1.188\"-1.438\") OD, 1\" length","og_url":"https:\/\/www.cerakotesa.com\/fr\/produit\/silicon-plugs-se-3100\/","og_site_name":"Cerakote South Africa","article_modified_time":"2025-12-18T13:02:40+00:00","og_image":[{"width":600,"height":600,"url":"https:\/\/www.cerakotesa.com\/wp-content\/uploads\/2024\/03\/silicon-plug-063x188-pink-1-000-pc-bag-se-3100-dt20231204214012486212-thumbnail.jpg","type":"image\/jpeg"}],"twitter_card":"summary_large_image","schema":{"@context":"https:\/\/schema.org","@graph":[{"@type":"WebPage","@id":"https:\/\/www.cerakotesa.com\/product\/silicon-plugs-se-3100\/","url":"https:\/\/www.cerakotesa.com\/product\/silicon-plugs-se-3100\/","name":"Silicon Plugs SE-3100 - Cerakote South Africa","isPartOf":{"@id":"https:\/\/www.cerakotesa.com\/#website"},"primaryImageOfPage":{"@id":"https:\/\/www.cerakotesa.com\/product\/silicon-plugs-se-3100\/#primaryimage"},"image":{"@id":"https:\/\/www.cerakotesa.com\/product\/silicon-plugs-se-3100\/#primaryimage"},"thumbnailUrl":"https:\/\/www.cerakotesa.com\/wp-content\/uploads\/2024\/03\/silicon-plug-063x188-pink-1-000-pc-bag-se-3100-dt20231204214012486212-thumbnail.jpg","datePublished":"2024-03-27T12:16:21+00:00","dateModified":"2025-12-18T13:02:40+00:00","breadcrumb":{"@id":"https:\/\/www.cerakotesa.com\/product\/silicon-plugs-se-3100\/#breadcrumb"},"inLanguage":"fr-FR","potentialAction":[{"@type":"ReadAction","target":["https:\/\/www.cerakotesa.com\/product\/silicon-plugs-se-3100\/"]}]},{"@type":"ImageObject","inLanguage":"fr-FR","@id":"https:\/\/www.cerakotesa.com\/product\/silicon-plugs-se-3100\/#primaryimage","url":"https:\/\/www.cerakotesa.com\/wp-content\/uploads\/2024\/03\/silicon-plug-063x188-pink-1-000-pc-bag-se-3100-dt20231204214012486212-thumbnail.jpg","contentUrl":"https:\/\/www.cerakotesa.com\/wp-content\/uploads\/2024\/03\/silicon-plug-063x188-pink-1-000-pc-bag-se-3100-dt20231204214012486212-thumbnail.jpg","width":600,"height":600},{"@type":"BreadcrumbList","@id":"https:\/\/www.cerakotesa.com\/product\/silicon-plugs-se-3100\/#breadcrumb","itemListElement":[{"@type":"ListItem","position":1,"name":"Home","item":"https:\/\/www.cerakotesa.com\/"},{"@type":"ListItem","position":2,"name":"Products","item":"https:\/\/www.cerakotesa.com\/shop\/"},{"@type":"ListItem","position":3,"name":"Silicon Plugs SE-3100"}]},{"@type":"WebSite","@id":"https:\/\/www.cerakotesa.com\/#website","url":"https:\/\/www.cerakotesa.com\/","name":"Cerakote South Africa","description":"Cerakote est un leader mondial dans la fabrication de rev\u00eatements c\u00e9ramiques protecteurs en couches minces.","potentialAction":[{"@type":"SearchAction","target":{"@type":"EntryPoint","urlTemplate":"https:\/\/www.cerakotesa.com\/?s={search_term_string}"},"query-input":{"@type":"PropertyValueSpecification","valueRequired":true,"valueName":"search_term_string"}}],"inLanguage":"fr-FR"}]}},"acf":[],"_links":{"self":[{"href":"https:\/\/www.cerakotesa.com\/fr\/wp-json\/wp\/v2\/product\/16975","targetHints":{"allow":["GET"]}}],"collection":[{"href":"https:\/\/www.cerakotesa.com\/fr\/wp-json\/wp\/v2\/product"}],"about":[{"href":"https:\/\/www.cerakotesa.com\/fr\/wp-json\/wp\/v2\/types\/product"}],"replies":[{"embeddable":true,"href":"https:\/\/www.cerakotesa.com\/fr\/wp-json\/wp\/v2\/comments?post=16975"}],"wp:featuredmedia":[{"embeddable":true,"href":"https:\/\/www.cerakotesa.com\/fr\/wp-json\/wp\/v2\/media\/16993"}],"wp:attachment":[{"href":"https:\/\/www.cerakotesa.com\/fr\/wp-json\/wp\/v2\/media?parent=16975"}],"wp:term":[{"taxonomy":"product_brand","embeddable":true,"href":"https:\/\/www.cerakotesa.com\/fr\/wp-json\/wp\/v2\/product_brand?post=16975"},{"taxonomy":"product_cat","embeddable":true,"href":"https:\/\/www.cerakotesa.com\/fr\/wp-json\/wp\/v2\/product_cat?post=16975"},{"taxonomy":"product_tag","embeddable":true,"href":"https:\/\/www.cerakotesa.com\/fr\/wp-json\/wp\/v2\/product_tag?post=16975"}],"curies":[{"name":"wp","href":"https:\/\/api.w.org\/{rel}","templated":true}]}}