{"id":17067,"date":"2024-03-28T08:11:36","date_gmt":"2024-03-28T08:11:36","guid":{"rendered":"https:\/\/www.cerakotesa.com\/?post_type=product&#038;p=17067"},"modified":"2024-08-05T14:19:18","modified_gmt":"2024-08-05T14:19:18","slug":"sig-p365-3-1-in-slide-cerakote-laser-fixture-r-3dp-02-107","status":"publish","type":"product","link":"https:\/\/www.cerakotesa.com\/fr\/produit\/sig-p365-3-1-in-slide-cerakote-laser-fixture-r-3dp-02-107\/","title":{"rendered":"SIG\u00ae P365 3.1 in Slide - Cerakote\u00ae Laser Fixture - R-3DP-02-107"},"content":{"rendered":"","protected":false},"excerpt":{"rendered":"<p>Nous avons con\u00e7u cette fixation pour les glissi\u00e8res SIG Sauer\u00ae P365 3.1 in d\u00e9mont\u00e9es. Cette fixation laser maintient la glissi\u00e8re dans 3 positions diff\u00e9rentes, ce qui vous permet d'effectuer du laser sur les deux c\u00f4t\u00e9s et sur le dessus de la glissi\u00e8re. Il s'agit d'une solution facile \u00e0 produire pour personnaliser votre SIG Sauer avec la gravure ou l'imagerie laser Cerakote.<\/p>\n<p>Pour plus d'informations sur l'imagerie laser, cliquez sur <a href=\"https:\/\/www.cerakote.com\/resources\/knowledge-base\/202\/cerakote-laser-imaging\">ici<\/a>.<\/p>\n<p>(Fixation uniquement, les pi\u00e8ces de l'arme \u00e0 feu ne sont pas incluses).<\/p>\n<p>Cadre compatible avec les fixations :<\/p>\n<ul>\n<li><a href=\"https:\/\/www.cerakotesa.com\/product\/sig-p365-frame-cerakote-laser-fixture-r-3dp-02-304\/\">Fixation laser Cerakote\u00ae - Cadre SIG\u00ae P365<\/a><\/li>\n<\/ul>\n<p>https:\/\/www.youtube.com\/watch?v=V8ePCGs2wsA<\/p>","protected":false},"featured_media":17069,"comment_status":"open","ping_status":"closed","template":"","meta":{"_acf_changed":false},"product_brand":[],"product_cat":[106],"product_tag":[1104,1102,1110],"class_list":{"0":"post-17067","1":"product","2":"type-product","3":"status-publish","4":"has-post-thumbnail","6":"product_cat-equipment","7":"product_tag-laser","8":"product_tag-laser-fixture","9":"product_tag-slide","10":"product_shipping_class-flat-rate","12":"first","13":"instock","14":"taxable","15":"shipping-taxable","16":"product-type-simple"},"yoast_head":"<!-- This site is optimized with the Yoast SEO plugin v26.7 - https:\/\/yoast.com\/wordpress\/plugins\/seo\/ -->\n<title>SIG\u00ae P365 3.1 in Slide - Cerakote\u00ae Laser Fixture - R-3DP-02-107 - Cerakote South Africa<\/title>\n<meta name=\"robots\" content=\"index, follow, max-snippet:-1, max-image-preview:large, max-video-preview:-1\" \/>\n<link rel=\"canonical\" href=\"https:\/\/www.cerakotesa.com\/fr\/produit\/sig-p365-3-1-in-slide-cerakote-laser-fixture-r-3dp-02-107\/\" \/>\n<meta property=\"og:locale\" content=\"fr_FR\" \/>\n<meta property=\"og:type\" content=\"article\" \/>\n<meta property=\"og:title\" content=\"SIG\u00ae P365 3.1 in Slide - Cerakote\u00ae Laser Fixture - R-3DP-02-107 - Cerakote South Africa\" \/>\n<meta property=\"og:description\" content=\"We designed this fixture to fit disassembled SIG Sauer\u00ae P365 3.1 in slides. This laser fixture holds the slide in 3 different positions, allowing you to laser both sides, and the top of the slide. This is a production-friendly solution for customizing your SIG Sauer with engraving or Cerakote Laser Imaging.  For more laser imaging information, click here.  (Fixture only, firearm parts not included.)  Compatible Frame Fixtures:   Cerakote\u00ae Laser Fixture - SIG\u00ae P365 Frame  https:\/\/www.youtube.com\/watch?v=V8ePCGs2wsA\" \/>\n<meta property=\"og:url\" content=\"https:\/\/www.cerakotesa.com\/fr\/produit\/sig-p365-3-1-in-slide-cerakote-laser-fixture-r-3dp-02-107\/\" \/>\n<meta property=\"og:site_name\" content=\"Cerakote South Africa\" \/>\n<meta property=\"article:modified_time\" content=\"2024-08-05T14:19:18+00:00\" \/>\n<meta property=\"og:image\" content=\"https:\/\/www.cerakotesa.com\/wp-content\/uploads\/2024\/03\/slide-r-3dp-02-107.jpeg\" \/>\n\t<meta property=\"og:image:width\" content=\"600\" \/>\n\t<meta property=\"og:image:height\" content=\"600\" \/>\n\t<meta property=\"og:image:type\" content=\"image\/jpeg\" \/>\n<meta name=\"twitter:card\" content=\"summary_large_image\" \/>\n<script type=\"application\/ld+json\" class=\"yoast-schema-graph\">{\"@context\":\"https:\/\/schema.org\",\"@graph\":[{\"@type\":\"WebPage\",\"@id\":\"https:\/\/www.cerakotesa.com\/product\/sig-p365-3-1-in-slide-cerakote-laser-fixture-r-3dp-02-107\/\",\"url\":\"https:\/\/www.cerakotesa.com\/product\/sig-p365-3-1-in-slide-cerakote-laser-fixture-r-3dp-02-107\/\",\"name\":\"SIG\u00ae P365 3.1 in Slide - Cerakote\u00ae Laser Fixture - R-3DP-02-107 - Cerakote South Africa\",\"isPartOf\":{\"@id\":\"https:\/\/www.cerakotesa.com\/#website\"},\"primaryImageOfPage\":{\"@id\":\"https:\/\/www.cerakotesa.com\/product\/sig-p365-3-1-in-slide-cerakote-laser-fixture-r-3dp-02-107\/#primaryimage\"},\"image\":{\"@id\":\"https:\/\/www.cerakotesa.com\/product\/sig-p365-3-1-in-slide-cerakote-laser-fixture-r-3dp-02-107\/#primaryimage\"},\"thumbnailUrl\":\"https:\/\/www.cerakotesa.com\/wp-content\/uploads\/2024\/03\/slide-r-3dp-02-107.jpeg\",\"datePublished\":\"2024-03-28T08:11:36+00:00\",\"dateModified\":\"2024-08-05T14:19:18+00:00\",\"breadcrumb\":{\"@id\":\"https:\/\/www.cerakotesa.com\/product\/sig-p365-3-1-in-slide-cerakote-laser-fixture-r-3dp-02-107\/#breadcrumb\"},\"inLanguage\":\"fr-FR\",\"potentialAction\":[{\"@type\":\"ReadAction\",\"target\":[\"https:\/\/www.cerakotesa.com\/product\/sig-p365-3-1-in-slide-cerakote-laser-fixture-r-3dp-02-107\/\"]}]},{\"@type\":\"ImageObject\",\"inLanguage\":\"fr-FR\",\"@id\":\"https:\/\/www.cerakotesa.com\/product\/sig-p365-3-1-in-slide-cerakote-laser-fixture-r-3dp-02-107\/#primaryimage\",\"url\":\"https:\/\/www.cerakotesa.com\/wp-content\/uploads\/2024\/03\/slide-r-3dp-02-107.jpeg\",\"contentUrl\":\"https:\/\/www.cerakotesa.com\/wp-content\/uploads\/2024\/03\/slide-r-3dp-02-107.jpeg\",\"width\":600,\"height\":600},{\"@type\":\"BreadcrumbList\",\"@id\":\"https:\/\/www.cerakotesa.com\/product\/sig-p365-3-1-in-slide-cerakote-laser-fixture-r-3dp-02-107\/#breadcrumb\",\"itemListElement\":[{\"@type\":\"ListItem\",\"position\":1,\"name\":\"Home\",\"item\":\"https:\/\/www.cerakotesa.com\/\"},{\"@type\":\"ListItem\",\"position\":2,\"name\":\"Products\",\"item\":\"https:\/\/www.cerakotesa.com\/shop\/\"},{\"@type\":\"ListItem\",\"position\":3,\"name\":\"SIG\u00ae P365 3.1 in Slide &#8211; Cerakote\u00ae Laser Fixture &#8211; R-3DP-02-107\"}]},{\"@type\":\"WebSite\",\"@id\":\"https:\/\/www.cerakotesa.com\/#website\",\"url\":\"https:\/\/www.cerakotesa.com\/\",\"name\":\"Cerakote South Africa\",\"description\":\"Cerakote is a global leader in the manufacturing of thin-film protective ceramic coatings\",\"potentialAction\":[{\"@type\":\"SearchAction\",\"target\":{\"@type\":\"EntryPoint\",\"urlTemplate\":\"https:\/\/www.cerakotesa.com\/?s={search_term_string}\"},\"query-input\":{\"@type\":\"PropertyValueSpecification\",\"valueRequired\":true,\"valueName\":\"search_term_string\"}}],\"inLanguage\":\"fr-FR\"}]}<\/script>\n<!-- \/ Yoast SEO plugin. -->","yoast_head_json":{"title":"SIG\u00ae P365 3.1 in Slide - Cerakote\u00ae Laser Fixture - R-3DP-02-107 - Cerakote South Africa","robots":{"index":"index","follow":"follow","max-snippet":"max-snippet:-1","max-image-preview":"max-image-preview:large","max-video-preview":"max-video-preview:-1"},"canonical":"https:\/\/www.cerakotesa.com\/fr\/produit\/sig-p365-3-1-in-slide-cerakote-laser-fixture-r-3dp-02-107\/","og_locale":"fr_FR","og_type":"article","og_title":"SIG\u00ae P365 3.1 in Slide - Cerakote\u00ae Laser Fixture - R-3DP-02-107 - Cerakote South Africa","og_description":"We designed this fixture to fit disassembled SIG Sauer\u00ae P365 3.1 in slides. This laser fixture holds the slide in 3 different positions, allowing you to laser both sides, and the top of the slide. This is a production-friendly solution for customizing your SIG Sauer with engraving or Cerakote Laser Imaging.  For more laser imaging information, click here.  (Fixture only, firearm parts not included.)  Compatible Frame Fixtures:   Cerakote\u00ae Laser Fixture - SIG\u00ae P365 Frame  https:\/\/www.youtube.com\/watch?v=V8ePCGs2wsA","og_url":"https:\/\/www.cerakotesa.com\/fr\/produit\/sig-p365-3-1-in-slide-cerakote-laser-fixture-r-3dp-02-107\/","og_site_name":"Cerakote South Africa","article_modified_time":"2024-08-05T14:19:18+00:00","og_image":[{"width":600,"height":600,"url":"https:\/\/www.cerakotesa.com\/wp-content\/uploads\/2024\/03\/slide-r-3dp-02-107.jpeg","type":"image\/jpeg"}],"twitter_card":"summary_large_image","schema":{"@context":"https:\/\/schema.org","@graph":[{"@type":"WebPage","@id":"https:\/\/www.cerakotesa.com\/product\/sig-p365-3-1-in-slide-cerakote-laser-fixture-r-3dp-02-107\/","url":"https:\/\/www.cerakotesa.com\/product\/sig-p365-3-1-in-slide-cerakote-laser-fixture-r-3dp-02-107\/","name":"SIG\u00ae P365 3.1 in Slide - Cerakote\u00ae Laser Fixture - R-3DP-02-107 - Cerakote South Africa","isPartOf":{"@id":"https:\/\/www.cerakotesa.com\/#website"},"primaryImageOfPage":{"@id":"https:\/\/www.cerakotesa.com\/product\/sig-p365-3-1-in-slide-cerakote-laser-fixture-r-3dp-02-107\/#primaryimage"},"image":{"@id":"https:\/\/www.cerakotesa.com\/product\/sig-p365-3-1-in-slide-cerakote-laser-fixture-r-3dp-02-107\/#primaryimage"},"thumbnailUrl":"https:\/\/www.cerakotesa.com\/wp-content\/uploads\/2024\/03\/slide-r-3dp-02-107.jpeg","datePublished":"2024-03-28T08:11:36+00:00","dateModified":"2024-08-05T14:19:18+00:00","breadcrumb":{"@id":"https:\/\/www.cerakotesa.com\/product\/sig-p365-3-1-in-slide-cerakote-laser-fixture-r-3dp-02-107\/#breadcrumb"},"inLanguage":"fr-FR","potentialAction":[{"@type":"ReadAction","target":["https:\/\/www.cerakotesa.com\/product\/sig-p365-3-1-in-slide-cerakote-laser-fixture-r-3dp-02-107\/"]}]},{"@type":"ImageObject","inLanguage":"fr-FR","@id":"https:\/\/www.cerakotesa.com\/product\/sig-p365-3-1-in-slide-cerakote-laser-fixture-r-3dp-02-107\/#primaryimage","url":"https:\/\/www.cerakotesa.com\/wp-content\/uploads\/2024\/03\/slide-r-3dp-02-107.jpeg","contentUrl":"https:\/\/www.cerakotesa.com\/wp-content\/uploads\/2024\/03\/slide-r-3dp-02-107.jpeg","width":600,"height":600},{"@type":"BreadcrumbList","@id":"https:\/\/www.cerakotesa.com\/product\/sig-p365-3-1-in-slide-cerakote-laser-fixture-r-3dp-02-107\/#breadcrumb","itemListElement":[{"@type":"ListItem","position":1,"name":"Home","item":"https:\/\/www.cerakotesa.com\/"},{"@type":"ListItem","position":2,"name":"Products","item":"https:\/\/www.cerakotesa.com\/shop\/"},{"@type":"ListItem","position":3,"name":"SIG\u00ae P365 3.1 in Slide &#8211; Cerakote\u00ae Laser Fixture &#8211; R-3DP-02-107"}]},{"@type":"WebSite","@id":"https:\/\/www.cerakotesa.com\/#website","url":"https:\/\/www.cerakotesa.com\/","name":"Cerakote South Africa","description":"Cerakote est un leader mondial dans la fabrication de rev\u00eatements c\u00e9ramiques protecteurs en couches minces.","potentialAction":[{"@type":"SearchAction","target":{"@type":"EntryPoint","urlTemplate":"https:\/\/www.cerakotesa.com\/?s={search_term_string}"},"query-input":{"@type":"PropertyValueSpecification","valueRequired":true,"valueName":"search_term_string"}}],"inLanguage":"fr-FR"}]}},"acf":[],"_links":{"self":[{"href":"https:\/\/www.cerakotesa.com\/fr\/wp-json\/wp\/v2\/product\/17067","targetHints":{"allow":["GET"]}}],"collection":[{"href":"https:\/\/www.cerakotesa.com\/fr\/wp-json\/wp\/v2\/product"}],"about":[{"href":"https:\/\/www.cerakotesa.com\/fr\/wp-json\/wp\/v2\/types\/product"}],"replies":[{"embeddable":true,"href":"https:\/\/www.cerakotesa.com\/fr\/wp-json\/wp\/v2\/comments?post=17067"}],"wp:featuredmedia":[{"embeddable":true,"href":"https:\/\/www.cerakotesa.com\/fr\/wp-json\/wp\/v2\/media\/17069"}],"wp:attachment":[{"href":"https:\/\/www.cerakotesa.com\/fr\/wp-json\/wp\/v2\/media?parent=17067"}],"wp:term":[{"taxonomy":"product_brand","embeddable":true,"href":"https:\/\/www.cerakotesa.com\/fr\/wp-json\/wp\/v2\/product_brand?post=17067"},{"taxonomy":"product_cat","embeddable":true,"href":"https:\/\/www.cerakotesa.com\/fr\/wp-json\/wp\/v2\/product_cat?post=17067"},{"taxonomy":"product_tag","embeddable":true,"href":"https:\/\/www.cerakotesa.com\/fr\/wp-json\/wp\/v2\/product_tag?post=17067"}],"curies":[{"name":"wp","href":"https:\/\/api.w.org\/{rel}","templated":true}]}}