{"id":17098,"date":"2024-03-28T15:39:23","date_gmt":"2024-03-28T15:39:23","guid":{"rendered":"https:\/\/www.cerakotesa.com\/?post_type=product&#038;p=17098"},"modified":"2024-08-05T14:19:19","modified_gmt":"2024-08-05T14:19:19","slug":"glock-19-slide-cerakote-laser-fixture-r-3dp-01-104","status":"publish","type":"product","link":"https:\/\/www.cerakotesa.com\/fr\/produit\/glock-19-slide-cerakote-laser-fixture-r-3dp-01-104\/","title":{"rendered":"Glock\u00ae 19 Slide - Cerakote\u00ae Laser Fixture - R-3DP-01-104"},"content":{"rendered":"","protected":false},"excerpt":{"rendered":"<p>Nous avons con\u00e7u cette fixation pour s'adapter aux glissi\u00e8res d\u00e9mont\u00e9es de Glock 19 (Gen 3-5). Cette fixation laser maintient la glissi\u00e8re dans 3 positions diff\u00e9rentes, ce qui vous permet d'effectuer du laser sur les deux c\u00f4t\u00e9s et sur le dessus de la glissi\u00e8re. C'est une solution facile \u00e0 produire pour personnaliser votre Glock avec de la gravure ou de l'imagerie laser Cerakote.<\/p>\n<p>Pour plus d'informations sur l'imagerie laser, cliquez sur <a href=\"https:\/\/www.cerakote.com\/resources\/knowledge-base\/202\/cerakote-laser-imaging\">ici<\/a>.<\/p>\n<p>(Fixation uniquement, les pi\u00e8ces de l'arme \u00e0 feu ne sont pas incluses).<\/p>\n<p>Cadre compatible avec les fixations :<\/p>\n<ul>\n<li><a href=\"https:\/\/www.cerakotesa.com\/product\/glock-19-frame-cerakote-laser-fixture-r-3dp-01-302\/\">Fixation laser Cerakote\u00ae - Cadre Glock\u00ae 19<\/a><\/li>\n<\/ul>\n<p>https:\/\/www.youtube.com\/watch?v=V8ePCGs2wsA<\/p>","protected":false},"featured_media":17099,"comment_status":"open","ping_status":"closed","template":"","meta":{"_acf_changed":false},"product_brand":[],"product_cat":[106],"product_tag":[1103,1104,1102],"class_list":{"0":"post-17098","1":"product","2":"type-product","3":"status-publish","4":"has-post-thumbnail","6":"product_cat-equipment","7":"product_tag-glock","8":"product_tag-laser","9":"product_tag-laser-fixture","10":"product_shipping_class-flat-rate","12":"first","13":"instock","14":"taxable","15":"shipping-taxable","16":"product-type-simple"},"yoast_head":"<!-- This site is optimized with the Yoast SEO plugin v26.7 - https:\/\/yoast.com\/wordpress\/plugins\/seo\/ -->\n<title>Glock\u00ae 19 Slide - Cerakote\u00ae Laser Fixture - R-3DP-01-104 - Cerakote South Africa<\/title>\n<meta name=\"robots\" content=\"index, follow, max-snippet:-1, max-image-preview:large, max-video-preview:-1\" \/>\n<link rel=\"canonical\" href=\"https:\/\/www.cerakotesa.com\/fr\/produit\/glock-19-slide-cerakote-laser-fixture-r-3dp-01-104\/\" \/>\n<meta property=\"og:locale\" content=\"fr_FR\" \/>\n<meta property=\"og:type\" content=\"article\" \/>\n<meta property=\"og:title\" content=\"Glock\u00ae 19 Slide - Cerakote\u00ae Laser Fixture - R-3DP-01-104 - Cerakote South Africa\" \/>\n<meta property=\"og:description\" content=\"We designed this fixture to fit disassembled Glock 19 slides (Gen 3-5). This laser fixture holds the slide in 3 different positions, allowing you to laser both sides, and the top of the slide. This is a production-friendly solution for customizing your Glock with engraving or Cerakote Laser Imaging.  For more laser imaging information, click here.  (Fixture only, firearm parts not included.)  Compatible Frame Fixtures:   Cerakote\u00ae Laser Fixture - Glock\u00ae 19 Frame  https:\/\/www.youtube.com\/watch?v=V8ePCGs2wsA\" \/>\n<meta property=\"og:url\" content=\"https:\/\/www.cerakotesa.com\/fr\/produit\/glock-19-slide-cerakote-laser-fixture-r-3dp-01-104\/\" \/>\n<meta property=\"og:site_name\" content=\"Cerakote South Africa\" \/>\n<meta property=\"article:modified_time\" content=\"2024-08-05T14:19:19+00:00\" \/>\n<meta property=\"og:image\" content=\"https:\/\/www.cerakotesa.com\/wp-content\/uploads\/2024\/03\/clf-print-glock-19-slide-r-3dp-01-104-dt20240129225010933083-thumbnail.jpg\" \/>\n\t<meta property=\"og:image:width\" content=\"600\" \/>\n\t<meta property=\"og:image:height\" content=\"600\" \/>\n\t<meta property=\"og:image:type\" content=\"image\/jpeg\" \/>\n<meta name=\"twitter:card\" content=\"summary_large_image\" \/>\n<script type=\"application\/ld+json\" class=\"yoast-schema-graph\">{\"@context\":\"https:\/\/schema.org\",\"@graph\":[{\"@type\":\"WebPage\",\"@id\":\"https:\/\/www.cerakotesa.com\/product\/glock-19-slide-cerakote-laser-fixture-r-3dp-01-104\/\",\"url\":\"https:\/\/www.cerakotesa.com\/product\/glock-19-slide-cerakote-laser-fixture-r-3dp-01-104\/\",\"name\":\"Glock\u00ae 19 Slide - Cerakote\u00ae Laser Fixture - R-3DP-01-104 - Cerakote South Africa\",\"isPartOf\":{\"@id\":\"https:\/\/www.cerakotesa.com\/#website\"},\"primaryImageOfPage\":{\"@id\":\"https:\/\/www.cerakotesa.com\/product\/glock-19-slide-cerakote-laser-fixture-r-3dp-01-104\/#primaryimage\"},\"image\":{\"@id\":\"https:\/\/www.cerakotesa.com\/product\/glock-19-slide-cerakote-laser-fixture-r-3dp-01-104\/#primaryimage\"},\"thumbnailUrl\":\"https:\/\/www.cerakotesa.com\/wp-content\/uploads\/2024\/03\/clf-print-glock-19-slide-r-3dp-01-104-dt20240129225010933083-thumbnail.jpg\",\"datePublished\":\"2024-03-28T15:39:23+00:00\",\"dateModified\":\"2024-08-05T14:19:19+00:00\",\"breadcrumb\":{\"@id\":\"https:\/\/www.cerakotesa.com\/product\/glock-19-slide-cerakote-laser-fixture-r-3dp-01-104\/#breadcrumb\"},\"inLanguage\":\"fr-FR\",\"potentialAction\":[{\"@type\":\"ReadAction\",\"target\":[\"https:\/\/www.cerakotesa.com\/product\/glock-19-slide-cerakote-laser-fixture-r-3dp-01-104\/\"]}]},{\"@type\":\"ImageObject\",\"inLanguage\":\"fr-FR\",\"@id\":\"https:\/\/www.cerakotesa.com\/product\/glock-19-slide-cerakote-laser-fixture-r-3dp-01-104\/#primaryimage\",\"url\":\"https:\/\/www.cerakotesa.com\/wp-content\/uploads\/2024\/03\/clf-print-glock-19-slide-r-3dp-01-104-dt20240129225010933083-thumbnail.jpg\",\"contentUrl\":\"https:\/\/www.cerakotesa.com\/wp-content\/uploads\/2024\/03\/clf-print-glock-19-slide-r-3dp-01-104-dt20240129225010933083-thumbnail.jpg\",\"width\":600,\"height\":600},{\"@type\":\"BreadcrumbList\",\"@id\":\"https:\/\/www.cerakotesa.com\/product\/glock-19-slide-cerakote-laser-fixture-r-3dp-01-104\/#breadcrumb\",\"itemListElement\":[{\"@type\":\"ListItem\",\"position\":1,\"name\":\"Home\",\"item\":\"https:\/\/www.cerakotesa.com\/\"},{\"@type\":\"ListItem\",\"position\":2,\"name\":\"Products\",\"item\":\"https:\/\/www.cerakotesa.com\/shop\/\"},{\"@type\":\"ListItem\",\"position\":3,\"name\":\"Glock\u00ae 19 Slide &#8211; Cerakote\u00ae Laser Fixture &#8211; R-3DP-01-104\"}]},{\"@type\":\"WebSite\",\"@id\":\"https:\/\/www.cerakotesa.com\/#website\",\"url\":\"https:\/\/www.cerakotesa.com\/\",\"name\":\"Cerakote South Africa\",\"description\":\"Cerakote is a global leader in the manufacturing of thin-film protective ceramic coatings\",\"potentialAction\":[{\"@type\":\"SearchAction\",\"target\":{\"@type\":\"EntryPoint\",\"urlTemplate\":\"https:\/\/www.cerakotesa.com\/?s={search_term_string}\"},\"query-input\":{\"@type\":\"PropertyValueSpecification\",\"valueRequired\":true,\"valueName\":\"search_term_string\"}}],\"inLanguage\":\"fr-FR\"}]}<\/script>\n<!-- \/ Yoast SEO plugin. -->","yoast_head_json":{"title":"Glock\u00ae 19 Slide - Cerakote\u00ae Laser Fixture - R-3DP-01-104 - Cerakote South Africa","robots":{"index":"index","follow":"follow","max-snippet":"max-snippet:-1","max-image-preview":"max-image-preview:large","max-video-preview":"max-video-preview:-1"},"canonical":"https:\/\/www.cerakotesa.com\/fr\/produit\/glock-19-slide-cerakote-laser-fixture-r-3dp-01-104\/","og_locale":"fr_FR","og_type":"article","og_title":"Glock\u00ae 19 Slide - Cerakote\u00ae Laser Fixture - R-3DP-01-104 - Cerakote South Africa","og_description":"We designed this fixture to fit disassembled Glock 19 slides (Gen 3-5). This laser fixture holds the slide in 3 different positions, allowing you to laser both sides, and the top of the slide. This is a production-friendly solution for customizing your Glock with engraving or Cerakote Laser Imaging.  For more laser imaging information, click here.  (Fixture only, firearm parts not included.)  Compatible Frame Fixtures:   Cerakote\u00ae Laser Fixture - Glock\u00ae 19 Frame  https:\/\/www.youtube.com\/watch?v=V8ePCGs2wsA","og_url":"https:\/\/www.cerakotesa.com\/fr\/produit\/glock-19-slide-cerakote-laser-fixture-r-3dp-01-104\/","og_site_name":"Cerakote South Africa","article_modified_time":"2024-08-05T14:19:19+00:00","og_image":[{"width":600,"height":600,"url":"https:\/\/www.cerakotesa.com\/wp-content\/uploads\/2024\/03\/clf-print-glock-19-slide-r-3dp-01-104-dt20240129225010933083-thumbnail.jpg","type":"image\/jpeg"}],"twitter_card":"summary_large_image","schema":{"@context":"https:\/\/schema.org","@graph":[{"@type":"WebPage","@id":"https:\/\/www.cerakotesa.com\/product\/glock-19-slide-cerakote-laser-fixture-r-3dp-01-104\/","url":"https:\/\/www.cerakotesa.com\/product\/glock-19-slide-cerakote-laser-fixture-r-3dp-01-104\/","name":"Glock\u00ae 19 Slide - Cerakote\u00ae Laser Fixture - R-3DP-01-104 - Cerakote South Africa","isPartOf":{"@id":"https:\/\/www.cerakotesa.com\/#website"},"primaryImageOfPage":{"@id":"https:\/\/www.cerakotesa.com\/product\/glock-19-slide-cerakote-laser-fixture-r-3dp-01-104\/#primaryimage"},"image":{"@id":"https:\/\/www.cerakotesa.com\/product\/glock-19-slide-cerakote-laser-fixture-r-3dp-01-104\/#primaryimage"},"thumbnailUrl":"https:\/\/www.cerakotesa.com\/wp-content\/uploads\/2024\/03\/clf-print-glock-19-slide-r-3dp-01-104-dt20240129225010933083-thumbnail.jpg","datePublished":"2024-03-28T15:39:23+00:00","dateModified":"2024-08-05T14:19:19+00:00","breadcrumb":{"@id":"https:\/\/www.cerakotesa.com\/product\/glock-19-slide-cerakote-laser-fixture-r-3dp-01-104\/#breadcrumb"},"inLanguage":"fr-FR","potentialAction":[{"@type":"ReadAction","target":["https:\/\/www.cerakotesa.com\/product\/glock-19-slide-cerakote-laser-fixture-r-3dp-01-104\/"]}]},{"@type":"ImageObject","inLanguage":"fr-FR","@id":"https:\/\/www.cerakotesa.com\/product\/glock-19-slide-cerakote-laser-fixture-r-3dp-01-104\/#primaryimage","url":"https:\/\/www.cerakotesa.com\/wp-content\/uploads\/2024\/03\/clf-print-glock-19-slide-r-3dp-01-104-dt20240129225010933083-thumbnail.jpg","contentUrl":"https:\/\/www.cerakotesa.com\/wp-content\/uploads\/2024\/03\/clf-print-glock-19-slide-r-3dp-01-104-dt20240129225010933083-thumbnail.jpg","width":600,"height":600},{"@type":"BreadcrumbList","@id":"https:\/\/www.cerakotesa.com\/product\/glock-19-slide-cerakote-laser-fixture-r-3dp-01-104\/#breadcrumb","itemListElement":[{"@type":"ListItem","position":1,"name":"Home","item":"https:\/\/www.cerakotesa.com\/"},{"@type":"ListItem","position":2,"name":"Products","item":"https:\/\/www.cerakotesa.com\/shop\/"},{"@type":"ListItem","position":3,"name":"Glock\u00ae 19 Slide &#8211; Cerakote\u00ae Laser Fixture &#8211; R-3DP-01-104"}]},{"@type":"WebSite","@id":"https:\/\/www.cerakotesa.com\/#website","url":"https:\/\/www.cerakotesa.com\/","name":"Cerakote South Africa","description":"Cerakote est un leader mondial dans la fabrication de rev\u00eatements c\u00e9ramiques protecteurs en couches minces.","potentialAction":[{"@type":"SearchAction","target":{"@type":"EntryPoint","urlTemplate":"https:\/\/www.cerakotesa.com\/?s={search_term_string}"},"query-input":{"@type":"PropertyValueSpecification","valueRequired":true,"valueName":"search_term_string"}}],"inLanguage":"fr-FR"}]}},"acf":[],"_links":{"self":[{"href":"https:\/\/www.cerakotesa.com\/fr\/wp-json\/wp\/v2\/product\/17098","targetHints":{"allow":["GET"]}}],"collection":[{"href":"https:\/\/www.cerakotesa.com\/fr\/wp-json\/wp\/v2\/product"}],"about":[{"href":"https:\/\/www.cerakotesa.com\/fr\/wp-json\/wp\/v2\/types\/product"}],"replies":[{"embeddable":true,"href":"https:\/\/www.cerakotesa.com\/fr\/wp-json\/wp\/v2\/comments?post=17098"}],"wp:featuredmedia":[{"embeddable":true,"href":"https:\/\/www.cerakotesa.com\/fr\/wp-json\/wp\/v2\/media\/17099"}],"wp:attachment":[{"href":"https:\/\/www.cerakotesa.com\/fr\/wp-json\/wp\/v2\/media?parent=17098"}],"wp:term":[{"taxonomy":"product_brand","embeddable":true,"href":"https:\/\/www.cerakotesa.com\/fr\/wp-json\/wp\/v2\/product_brand?post=17098"},{"taxonomy":"product_cat","embeddable":true,"href":"https:\/\/www.cerakotesa.com\/fr\/wp-json\/wp\/v2\/product_cat?post=17098"},{"taxonomy":"product_tag","embeddable":true,"href":"https:\/\/www.cerakotesa.com\/fr\/wp-json\/wp\/v2\/product_tag?post=17098"}],"curies":[{"name":"wp","href":"https:\/\/api.w.org\/{rel}","templated":true}]}}