{"id":18008,"date":"2024-06-24T12:39:16","date_gmt":"2024-06-24T12:39:16","guid":{"rendered":"https:\/\/www.cerakotesa.com\/?post_type=product&#038;p=18008"},"modified":"2025-04-01T08:29:44","modified_gmt":"2025-04-01T08:29:44","slug":"cerakote-small-degrease-basket-se-520","status":"publish","type":"product","link":"https:\/\/www.cerakotesa.com\/fr\/produit\/cerakote-small-degrease-basket-se-520\/","title":{"rendered":"CERAKOTE\u00ae PETIT PANIER DE D\u00c9GRAISSAGE SE-520"},"content":{"rendered":"","protected":false},"excerpt":{"rendered":"<p>Parfois, il vaut mieux \u00eatre plus petit. Vous avez besoin de plus de place dans votre bac de d\u00e9graissage pour les grosses pi\u00e8ces, mais vous aimez aussi l'aspect pratique d'un panier pour les petites pi\u00e8ces ? Ne cherchez plus ! Nous avons maintenant une bo\u00eete \u00e0 pi\u00e8ces encore plus petite pour vous aider \u00e0 rester organis\u00e9 pendant que vous d\u00e9graissez vos projets.<\/p>\n<p>(Le bac de d\u00e9graissage est configurable. Vous pouvez acheter plusieurs petits paniers de d\u00e9graissage et cr\u00e9er votre propre syst\u00e8me de d\u00e9graissage).<\/p>\n<p>Fabriqu\u00e9 aux \u00c9tats-Unis.<\/p>\n<p>&nbsp;<\/p>\n<p>Contenu du kit :<\/p>\n<p>- Construction en acier galvanis\u00e9<\/p>\n<p>- Les l\u00e8vres maintiennent le bac plus haut dans le r\u00e9servoir<\/p>\n<p>- Id\u00e9al pour les petites pi\u00e8ces<\/p>\n<p>&nbsp;<\/p>\n<p>Produits apparent\u00e9s :<\/p>\n<p>- <a href=\"https:\/\/www.cerakotesa.com\/shop\/equipment\/cerakote-large-degrease-basket-se-519\/\">Grand panier de d\u00e9graissage Cerakote SE-519<\/a><\/p>\n<p>- <a href=\"https:\/\/www.cerakotesa.com\/shop\/equipment\/cerakote-degreasing-tank-2023-se-518\/\">R\u00e9servoir de d\u00e9graissage Cerakote SE-518<\/a><\/p>","protected":false},"featured_media":17997,"comment_status":"open","ping_status":"closed","template":"","meta":{"_acf_changed":false},"product_brand":[],"product_cat":[106],"product_tag":[],"class_list":{"0":"post-18008","1":"product","2":"type-product","3":"status-publish","4":"has-post-thumbnail","6":"product_cat-equipment","7":"product_shipping_class-flat-rate","9":"first","10":"instock","11":"taxable","12":"shipping-taxable","13":"product-type-simple"},"yoast_head":"<!-- This site is optimized with the Yoast SEO plugin v26.7 - https:\/\/yoast.com\/wordpress\/plugins\/seo\/ -->\n<title>CERAKOTE\u00ae SMALL DEGREASE BASKET SE-520 - Cerakote South Africa<\/title>\n<meta name=\"robots\" content=\"index, follow, max-snippet:-1, max-image-preview:large, max-video-preview:-1\" \/>\n<link rel=\"canonical\" href=\"https:\/\/www.cerakotesa.com\/fr\/produit\/cerakote-small-degrease-basket-se-520\/\" \/>\n<meta property=\"og:locale\" content=\"fr_FR\" \/>\n<meta property=\"og:type\" content=\"article\" \/>\n<meta property=\"og:title\" content=\"CERAKOTE\u00ae SMALL DEGREASE BASKET SE-520 - Cerakote South Africa\" \/>\n<meta property=\"og:description\" content=\"Sometimes, smaller is better. Need more room in your degrease tank for larger parts, but do you also like the practicality of a basket for small parts? Well, look no further! We now have an even smaller, small basket part box to help you stay organized while you degrease your projects.  (The degrease tank is configurable. You can buy multiple small degrease baskets and create your own degrease system.)  Made in the USA.  &nbsp;  Kit contents:  \u2022 Galvanized Steel Construction  \u2022 Lips hold the bin higher in the tank  \u2022 Ideal for small parts  &nbsp;  Related Products:  \u2022 Cerakote Large Degrease Basket SE-519  \u2022 Cerakote Degrease Tank SE-518\" \/>\n<meta property=\"og:url\" content=\"https:\/\/www.cerakotesa.com\/fr\/produit\/cerakote-small-degrease-basket-se-520\/\" \/>\n<meta property=\"og:site_name\" content=\"Cerakote South Africa\" \/>\n<meta property=\"article:modified_time\" content=\"2025-04-01T08:29:44+00:00\" \/>\n<meta property=\"og:image\" content=\"https:\/\/www.cerakotesa.com\/wp-content\/uploads\/2024\/06\/cerakote-small-degrease-basket-se-520-dt20230612161603697284-thumbnail.jpg\" \/>\n\t<meta property=\"og:image:width\" content=\"600\" \/>\n\t<meta property=\"og:image:height\" content=\"600\" \/>\n\t<meta property=\"og:image:type\" content=\"image\/jpeg\" \/>\n<meta name=\"twitter:card\" content=\"summary_large_image\" \/>\n<meta name=\"twitter:label1\" content=\"Dur\u00e9e de lecture estim\u00e9e\" \/>\n\t<meta name=\"twitter:data1\" content=\"1 minute\" \/>\n<script type=\"application\/ld+json\" class=\"yoast-schema-graph\">{\"@context\":\"https:\/\/schema.org\",\"@graph\":[{\"@type\":\"WebPage\",\"@id\":\"https:\/\/www.cerakotesa.com\/product\/cerakote-small-degrease-basket-se-520\/\",\"url\":\"https:\/\/www.cerakotesa.com\/product\/cerakote-small-degrease-basket-se-520\/\",\"name\":\"CERAKOTE\u00ae SMALL DEGREASE BASKET SE-520 - Cerakote South Africa\",\"isPartOf\":{\"@id\":\"https:\/\/www.cerakotesa.com\/#website\"},\"primaryImageOfPage\":{\"@id\":\"https:\/\/www.cerakotesa.com\/product\/cerakote-small-degrease-basket-se-520\/#primaryimage\"},\"image\":{\"@id\":\"https:\/\/www.cerakotesa.com\/product\/cerakote-small-degrease-basket-se-520\/#primaryimage\"},\"thumbnailUrl\":\"https:\/\/www.cerakotesa.com\/wp-content\/uploads\/2024\/06\/cerakote-small-degrease-basket-se-520-dt20230612161603697284-thumbnail.jpg\",\"datePublished\":\"2024-06-24T12:39:16+00:00\",\"dateModified\":\"2025-04-01T08:29:44+00:00\",\"breadcrumb\":{\"@id\":\"https:\/\/www.cerakotesa.com\/product\/cerakote-small-degrease-basket-se-520\/#breadcrumb\"},\"inLanguage\":\"fr-FR\",\"potentialAction\":[{\"@type\":\"ReadAction\",\"target\":[\"https:\/\/www.cerakotesa.com\/product\/cerakote-small-degrease-basket-se-520\/\"]}]},{\"@type\":\"ImageObject\",\"inLanguage\":\"fr-FR\",\"@id\":\"https:\/\/www.cerakotesa.com\/product\/cerakote-small-degrease-basket-se-520\/#primaryimage\",\"url\":\"https:\/\/www.cerakotesa.com\/wp-content\/uploads\/2024\/06\/cerakote-small-degrease-basket-se-520-dt20230612161603697284-thumbnail.jpg\",\"contentUrl\":\"https:\/\/www.cerakotesa.com\/wp-content\/uploads\/2024\/06\/cerakote-small-degrease-basket-se-520-dt20230612161603697284-thumbnail.jpg\",\"width\":600,\"height\":600},{\"@type\":\"BreadcrumbList\",\"@id\":\"https:\/\/www.cerakotesa.com\/product\/cerakote-small-degrease-basket-se-520\/#breadcrumb\",\"itemListElement\":[{\"@type\":\"ListItem\",\"position\":1,\"name\":\"Home\",\"item\":\"https:\/\/www.cerakotesa.com\/\"},{\"@type\":\"ListItem\",\"position\":2,\"name\":\"Products\",\"item\":\"https:\/\/www.cerakotesa.com\/shop\/\"},{\"@type\":\"ListItem\",\"position\":3,\"name\":\"CERAKOTE\u00ae SMALL DEGREASE BASKET SE-520\"}]},{\"@type\":\"WebSite\",\"@id\":\"https:\/\/www.cerakotesa.com\/#website\",\"url\":\"https:\/\/www.cerakotesa.com\/\",\"name\":\"Cerakote South Africa\",\"description\":\"Cerakote is a global leader in the manufacturing of thin-film protective ceramic coatings\",\"potentialAction\":[{\"@type\":\"SearchAction\",\"target\":{\"@type\":\"EntryPoint\",\"urlTemplate\":\"https:\/\/www.cerakotesa.com\/?s={search_term_string}\"},\"query-input\":{\"@type\":\"PropertyValueSpecification\",\"valueRequired\":true,\"valueName\":\"search_term_string\"}}],\"inLanguage\":\"fr-FR\"}]}<\/script>\n<!-- \/ Yoast SEO plugin. -->","yoast_head_json":{"title":"CERAKOTE\u00ae SMALL DEGREASE BASKET SE-520 - Cerakote South Africa","robots":{"index":"index","follow":"follow","max-snippet":"max-snippet:-1","max-image-preview":"max-image-preview:large","max-video-preview":"max-video-preview:-1"},"canonical":"https:\/\/www.cerakotesa.com\/fr\/produit\/cerakote-small-degrease-basket-se-520\/","og_locale":"fr_FR","og_type":"article","og_title":"CERAKOTE\u00ae SMALL DEGREASE BASKET SE-520 - Cerakote South Africa","og_description":"Sometimes, smaller is better. Need more room in your degrease tank for larger parts, but do you also like the practicality of a basket for small parts? Well, look no further! We now have an even smaller, small basket part box to help you stay organized while you degrease your projects.  (The degrease tank is configurable. You can buy multiple small degrease baskets and create your own degrease system.)  Made in the USA.  &nbsp;  Kit contents:  \u2022 Galvanized Steel Construction  \u2022 Lips hold the bin higher in the tank  \u2022 Ideal for small parts  &nbsp;  Related Products:  \u2022 Cerakote Large Degrease Basket SE-519  \u2022 Cerakote Degrease Tank SE-518","og_url":"https:\/\/www.cerakotesa.com\/fr\/produit\/cerakote-small-degrease-basket-se-520\/","og_site_name":"Cerakote South Africa","article_modified_time":"2025-04-01T08:29:44+00:00","og_image":[{"width":600,"height":600,"url":"https:\/\/www.cerakotesa.com\/wp-content\/uploads\/2024\/06\/cerakote-small-degrease-basket-se-520-dt20230612161603697284-thumbnail.jpg","type":"image\/jpeg"}],"twitter_card":"summary_large_image","twitter_misc":{"Dur\u00e9e de lecture estim\u00e9e":"1 minute"},"schema":{"@context":"https:\/\/schema.org","@graph":[{"@type":"WebPage","@id":"https:\/\/www.cerakotesa.com\/product\/cerakote-small-degrease-basket-se-520\/","url":"https:\/\/www.cerakotesa.com\/product\/cerakote-small-degrease-basket-se-520\/","name":"CERAKOTE\u00ae SMALL DEGREASE BASKET SE-520 - Cerakote South Africa","isPartOf":{"@id":"https:\/\/www.cerakotesa.com\/#website"},"primaryImageOfPage":{"@id":"https:\/\/www.cerakotesa.com\/product\/cerakote-small-degrease-basket-se-520\/#primaryimage"},"image":{"@id":"https:\/\/www.cerakotesa.com\/product\/cerakote-small-degrease-basket-se-520\/#primaryimage"},"thumbnailUrl":"https:\/\/www.cerakotesa.com\/wp-content\/uploads\/2024\/06\/cerakote-small-degrease-basket-se-520-dt20230612161603697284-thumbnail.jpg","datePublished":"2024-06-24T12:39:16+00:00","dateModified":"2025-04-01T08:29:44+00:00","breadcrumb":{"@id":"https:\/\/www.cerakotesa.com\/product\/cerakote-small-degrease-basket-se-520\/#breadcrumb"},"inLanguage":"fr-FR","potentialAction":[{"@type":"ReadAction","target":["https:\/\/www.cerakotesa.com\/product\/cerakote-small-degrease-basket-se-520\/"]}]},{"@type":"ImageObject","inLanguage":"fr-FR","@id":"https:\/\/www.cerakotesa.com\/product\/cerakote-small-degrease-basket-se-520\/#primaryimage","url":"https:\/\/www.cerakotesa.com\/wp-content\/uploads\/2024\/06\/cerakote-small-degrease-basket-se-520-dt20230612161603697284-thumbnail.jpg","contentUrl":"https:\/\/www.cerakotesa.com\/wp-content\/uploads\/2024\/06\/cerakote-small-degrease-basket-se-520-dt20230612161603697284-thumbnail.jpg","width":600,"height":600},{"@type":"BreadcrumbList","@id":"https:\/\/www.cerakotesa.com\/product\/cerakote-small-degrease-basket-se-520\/#breadcrumb","itemListElement":[{"@type":"ListItem","position":1,"name":"Home","item":"https:\/\/www.cerakotesa.com\/"},{"@type":"ListItem","position":2,"name":"Products","item":"https:\/\/www.cerakotesa.com\/shop\/"},{"@type":"ListItem","position":3,"name":"CERAKOTE\u00ae SMALL DEGREASE BASKET SE-520"}]},{"@type":"WebSite","@id":"https:\/\/www.cerakotesa.com\/#website","url":"https:\/\/www.cerakotesa.com\/","name":"Cerakote South Africa","description":"Cerakote est un leader mondial dans la fabrication de rev\u00eatements c\u00e9ramiques protecteurs en couches minces.","potentialAction":[{"@type":"SearchAction","target":{"@type":"EntryPoint","urlTemplate":"https:\/\/www.cerakotesa.com\/?s={search_term_string}"},"query-input":{"@type":"PropertyValueSpecification","valueRequired":true,"valueName":"search_term_string"}}],"inLanguage":"fr-FR"}]}},"acf":[],"_links":{"self":[{"href":"https:\/\/www.cerakotesa.com\/fr\/wp-json\/wp\/v2\/product\/18008","targetHints":{"allow":["GET"]}}],"collection":[{"href":"https:\/\/www.cerakotesa.com\/fr\/wp-json\/wp\/v2\/product"}],"about":[{"href":"https:\/\/www.cerakotesa.com\/fr\/wp-json\/wp\/v2\/types\/product"}],"replies":[{"embeddable":true,"href":"https:\/\/www.cerakotesa.com\/fr\/wp-json\/wp\/v2\/comments?post=18008"}],"wp:featuredmedia":[{"embeddable":true,"href":"https:\/\/www.cerakotesa.com\/fr\/wp-json\/wp\/v2\/media\/17997"}],"wp:attachment":[{"href":"https:\/\/www.cerakotesa.com\/fr\/wp-json\/wp\/v2\/media?parent=18008"}],"wp:term":[{"taxonomy":"product_brand","embeddable":true,"href":"https:\/\/www.cerakotesa.com\/fr\/wp-json\/wp\/v2\/product_brand?post=18008"},{"taxonomy":"product_cat","embeddable":true,"href":"https:\/\/www.cerakotesa.com\/fr\/wp-json\/wp\/v2\/product_cat?post=18008"},{"taxonomy":"product_tag","embeddable":true,"href":"https:\/\/www.cerakotesa.com\/fr\/wp-json\/wp\/v2\/product_tag?post=18008"}],"curies":[{"name":"wp","href":"https:\/\/api.w.org\/{rel}","templated":true}]}}