{"id":18543,"date":"2024-08-09T09:13:24","date_gmt":"2024-08-09T09:13:24","guid":{"rendered":"https:\/\/www.cerakotesa.com\/?post_type=product&#038;p=18543"},"modified":"2024-08-13T15:13:04","modified_gmt":"2024-08-13T15:13:04","slug":"super-grip-sg-200-oven-cure","status":"publish","type":"product","link":"https:\/\/www.cerakotesa.com\/fr\/produit\/super-grip-sg-200-oven-cure\/","title":{"rendered":"Super Grip - SG-200 - Polym\u00e9risation au four"},"content":{"rendered":"","protected":false},"excerpt":{"rendered":"<p>Super Grip (SG-200) est un rev\u00eatement c\u00e9ramique polym\u00e8re ultra-durable con\u00e7u pour ajouter de l'adh\u00e9rence et de la texture \u00e0 presque toutes les surfaces. Cette version pr\u00eate \u00e0 la production du Super Grip est un rev\u00eatement en deux parties, durci au four, avec une durabilit\u00e9 accrue et un syst\u00e8me de r\u00e9sine \u00e0 durcissement rapide. Il est facile \u00e0 appliquer et peut \u00eatre utilis\u00e9 comme rev\u00eatement autonome pour am\u00e9liorer l'adh\u00e9rence ou en association avec d'autres produits Cerakote pour cr\u00e9er des finitions textur\u00e9es personnalis\u00e9es (voir le guide d'application du Super Grip). Temps de s\u00e9chage et temp\u00e9rature : 250\u00b0F pendant 15 minutes. La texture varie en fonction de la technique d'application. Veillez \u00e0 lire ou \u00e0 regarder le <a href=\"https:\/\/youtu.be\/84INqvx7aJo\">Guide d'application<\/a>.<\/p>\n<p>&nbsp;<\/p>\n<p>Pour de meilleurs r\u00e9sultats, nous recommandons vivement d'utiliser le pistolet Super Grip. Acheter le pistolet Super Grip <a href=\"https:\/\/www.cerakotesa.com\/product\/super-grip-spray-gun-1-7mm-se-3113\/\">ici<\/a>.<\/p>\n<p>&nbsp;<\/p>\n<p>NOTE : Super Grip a une dur\u00e9e de vie de 3 mois et n\u00e9cessite le catalyseur F-100.<\/p>\n<p>&nbsp;<\/p>\n<p>https:\/\/www.youtube.com\/watch?v=84INqvx7aJo<\/p>","protected":false},"featured_media":18549,"comment_status":"open","ping_status":"closed","template":"","meta":{"_acf_changed":false},"product_brand":[],"product_cat":[72],"product_tag":[],"class_list":{"0":"post-18543","1":"product","2":"type-product","3":"status-publish","4":"has-post-thumbnail","6":"product_cat-specialty-coatings","7":"product_shipping_class-flat-rate","9":"first","10":"instock","11":"taxable","12":"shipping-taxable","13":"product-type-variable"},"yoast_head":"<!-- This site is optimized with the Yoast SEO plugin v26.7 - https:\/\/yoast.com\/wordpress\/plugins\/seo\/ -->\n<title>Super Grip - SG-200 - Oven Cure - Cerakote South Africa<\/title>\n<meta name=\"robots\" content=\"index, follow, max-snippet:-1, max-image-preview:large, max-video-preview:-1\" \/>\n<link rel=\"canonical\" href=\"https:\/\/www.cerakotesa.com\/fr\/produit\/super-grip-sg-200-oven-cure\/\" \/>\n<meta property=\"og:locale\" content=\"fr_FR\" \/>\n<meta property=\"og:type\" content=\"article\" \/>\n<meta property=\"og:title\" content=\"Super Grip - SG-200 - Oven Cure - Cerakote South Africa\" \/>\n<meta property=\"og:description\" content=\"Super Grip (SG-200) is an ultra-durable polymer ceramic coating designed to add grip and texture to nearly any surface. This production ready version of Super Grip is an Oven-Cured, two-part coating with increased durability and a fast-curing resin system. It\u2019s easy to apply and can work as a standalone coating for improved grip or it can be used in tandem with other Cerakote products to create custom textured finishes (refer to the Super Grip application guide). Curing time and temp: 250\u00b0F for 15 minutes. The texture will vary with the application technique. Be sure to read or watch the Application Guide.  &nbsp;  For best results, we highly recommend using the Super Grip Spray Gun. Purchase the Super Grip Spray Gun here.  &nbsp;  NOTE: Super Grip has a 3-month shelf life and requires F-100 Catalyst.  &nbsp;  https:\/\/www.youtube.com\/watch?v=84INqvx7aJo\" \/>\n<meta property=\"og:url\" content=\"https:\/\/www.cerakotesa.com\/fr\/produit\/super-grip-sg-200-oven-cure\/\" \/>\n<meta property=\"og:site_name\" content=\"Cerakote South Africa\" \/>\n<meta property=\"article:modified_time\" content=\"2024-08-13T15:13:04+00:00\" \/>\n<meta property=\"og:image\" content=\"https:\/\/www.cerakotesa.com\/wp-content\/uploads\/2024\/08\/super-grip-oven-cure-sg-200-dt20240612145044098954-thumbnail.jpg\" \/>\n\t<meta property=\"og:image:width\" content=\"600\" \/>\n\t<meta property=\"og:image:height\" content=\"600\" \/>\n\t<meta property=\"og:image:type\" content=\"image\/jpeg\" \/>\n<meta name=\"twitter:card\" content=\"summary_large_image\" \/>\n<meta name=\"twitter:label1\" content=\"Dur\u00e9e de lecture estim\u00e9e\" \/>\n\t<meta name=\"twitter:data1\" content=\"1 minute\" \/>\n<script type=\"application\/ld+json\" class=\"yoast-schema-graph\">{\"@context\":\"https:\/\/schema.org\",\"@graph\":[{\"@type\":\"WebPage\",\"@id\":\"https:\/\/www.cerakotesa.com\/product\/super-grip-sg-200-oven-cure\/\",\"url\":\"https:\/\/www.cerakotesa.com\/product\/super-grip-sg-200-oven-cure\/\",\"name\":\"Super Grip - SG-200 - Oven Cure - Cerakote South Africa\",\"isPartOf\":{\"@id\":\"https:\/\/www.cerakotesa.com\/#website\"},\"primaryImageOfPage\":{\"@id\":\"https:\/\/www.cerakotesa.com\/product\/super-grip-sg-200-oven-cure\/#primaryimage\"},\"image\":{\"@id\":\"https:\/\/www.cerakotesa.com\/product\/super-grip-sg-200-oven-cure\/#primaryimage\"},\"thumbnailUrl\":\"https:\/\/www.cerakotesa.com\/wp-content\/uploads\/2024\/08\/super-grip-oven-cure-sg-200-dt20240612145044098954-thumbnail.jpg\",\"datePublished\":\"2024-08-09T09:13:24+00:00\",\"dateModified\":\"2024-08-13T15:13:04+00:00\",\"breadcrumb\":{\"@id\":\"https:\/\/www.cerakotesa.com\/product\/super-grip-sg-200-oven-cure\/#breadcrumb\"},\"inLanguage\":\"fr-FR\",\"potentialAction\":[{\"@type\":\"ReadAction\",\"target\":[\"https:\/\/www.cerakotesa.com\/product\/super-grip-sg-200-oven-cure\/\"]}]},{\"@type\":\"ImageObject\",\"inLanguage\":\"fr-FR\",\"@id\":\"https:\/\/www.cerakotesa.com\/product\/super-grip-sg-200-oven-cure\/#primaryimage\",\"url\":\"https:\/\/www.cerakotesa.com\/wp-content\/uploads\/2024\/08\/super-grip-oven-cure-sg-200-dt20240612145044098954-thumbnail.jpg\",\"contentUrl\":\"https:\/\/www.cerakotesa.com\/wp-content\/uploads\/2024\/08\/super-grip-oven-cure-sg-200-dt20240612145044098954-thumbnail.jpg\",\"width\":600,\"height\":600},{\"@type\":\"BreadcrumbList\",\"@id\":\"https:\/\/www.cerakotesa.com\/product\/super-grip-sg-200-oven-cure\/#breadcrumb\",\"itemListElement\":[{\"@type\":\"ListItem\",\"position\":1,\"name\":\"Home\",\"item\":\"https:\/\/www.cerakotesa.com\/\"},{\"@type\":\"ListItem\",\"position\":2,\"name\":\"Products\",\"item\":\"https:\/\/www.cerakotesa.com\/shop\/\"},{\"@type\":\"ListItem\",\"position\":3,\"name\":\"Super Grip &#8211; SG-200 &#8211; Oven Cure\"}]},{\"@type\":\"WebSite\",\"@id\":\"https:\/\/www.cerakotesa.com\/#website\",\"url\":\"https:\/\/www.cerakotesa.com\/\",\"name\":\"Cerakote South Africa\",\"description\":\"Cerakote is a global leader in the manufacturing of thin-film protective ceramic coatings\",\"potentialAction\":[{\"@type\":\"SearchAction\",\"target\":{\"@type\":\"EntryPoint\",\"urlTemplate\":\"https:\/\/www.cerakotesa.com\/?s={search_term_string}\"},\"query-input\":{\"@type\":\"PropertyValueSpecification\",\"valueRequired\":true,\"valueName\":\"search_term_string\"}}],\"inLanguage\":\"fr-FR\"}]}<\/script>\n<!-- \/ Yoast SEO plugin. -->","yoast_head_json":{"title":"Super Grip - SG-200 - Oven Cure - Cerakote South Africa","robots":{"index":"index","follow":"follow","max-snippet":"max-snippet:-1","max-image-preview":"max-image-preview:large","max-video-preview":"max-video-preview:-1"},"canonical":"https:\/\/www.cerakotesa.com\/fr\/produit\/super-grip-sg-200-oven-cure\/","og_locale":"fr_FR","og_type":"article","og_title":"Super Grip - SG-200 - Oven Cure - Cerakote South Africa","og_description":"Super Grip (SG-200) is an ultra-durable polymer ceramic coating designed to add grip and texture to nearly any surface. This production ready version of Super Grip is an Oven-Cured, two-part coating with increased durability and a fast-curing resin system. It\u2019s easy to apply and can work as a standalone coating for improved grip or it can be used in tandem with other Cerakote products to create custom textured finishes (refer to the Super Grip application guide). Curing time and temp: 250\u00b0F for 15 minutes. The texture will vary with the application technique. Be sure to read or watch the Application Guide.  &nbsp;  For best results, we highly recommend using the Super Grip Spray Gun. Purchase the Super Grip Spray Gun here.  &nbsp;  NOTE: Super Grip has a 3-month shelf life and requires F-100 Catalyst.  &nbsp;  https:\/\/www.youtube.com\/watch?v=84INqvx7aJo","og_url":"https:\/\/www.cerakotesa.com\/fr\/produit\/super-grip-sg-200-oven-cure\/","og_site_name":"Cerakote South Africa","article_modified_time":"2024-08-13T15:13:04+00:00","og_image":[{"width":600,"height":600,"url":"https:\/\/www.cerakotesa.com\/wp-content\/uploads\/2024\/08\/super-grip-oven-cure-sg-200-dt20240612145044098954-thumbnail.jpg","type":"image\/jpeg"}],"twitter_card":"summary_large_image","twitter_misc":{"Dur\u00e9e de lecture estim\u00e9e":"1 minute"},"schema":{"@context":"https:\/\/schema.org","@graph":[{"@type":"WebPage","@id":"https:\/\/www.cerakotesa.com\/product\/super-grip-sg-200-oven-cure\/","url":"https:\/\/www.cerakotesa.com\/product\/super-grip-sg-200-oven-cure\/","name":"Super Grip - SG-200 - Oven Cure - Cerakote South Africa","isPartOf":{"@id":"https:\/\/www.cerakotesa.com\/#website"},"primaryImageOfPage":{"@id":"https:\/\/www.cerakotesa.com\/product\/super-grip-sg-200-oven-cure\/#primaryimage"},"image":{"@id":"https:\/\/www.cerakotesa.com\/product\/super-grip-sg-200-oven-cure\/#primaryimage"},"thumbnailUrl":"https:\/\/www.cerakotesa.com\/wp-content\/uploads\/2024\/08\/super-grip-oven-cure-sg-200-dt20240612145044098954-thumbnail.jpg","datePublished":"2024-08-09T09:13:24+00:00","dateModified":"2024-08-13T15:13:04+00:00","breadcrumb":{"@id":"https:\/\/www.cerakotesa.com\/product\/super-grip-sg-200-oven-cure\/#breadcrumb"},"inLanguage":"fr-FR","potentialAction":[{"@type":"ReadAction","target":["https:\/\/www.cerakotesa.com\/product\/super-grip-sg-200-oven-cure\/"]}]},{"@type":"ImageObject","inLanguage":"fr-FR","@id":"https:\/\/www.cerakotesa.com\/product\/super-grip-sg-200-oven-cure\/#primaryimage","url":"https:\/\/www.cerakotesa.com\/wp-content\/uploads\/2024\/08\/super-grip-oven-cure-sg-200-dt20240612145044098954-thumbnail.jpg","contentUrl":"https:\/\/www.cerakotesa.com\/wp-content\/uploads\/2024\/08\/super-grip-oven-cure-sg-200-dt20240612145044098954-thumbnail.jpg","width":600,"height":600},{"@type":"BreadcrumbList","@id":"https:\/\/www.cerakotesa.com\/product\/super-grip-sg-200-oven-cure\/#breadcrumb","itemListElement":[{"@type":"ListItem","position":1,"name":"Home","item":"https:\/\/www.cerakotesa.com\/"},{"@type":"ListItem","position":2,"name":"Products","item":"https:\/\/www.cerakotesa.com\/shop\/"},{"@type":"ListItem","position":3,"name":"Super Grip &#8211; SG-200 &#8211; Oven Cure"}]},{"@type":"WebSite","@id":"https:\/\/www.cerakotesa.com\/#website","url":"https:\/\/www.cerakotesa.com\/","name":"Cerakote South Africa","description":"Cerakote est un leader mondial dans la fabrication de rev\u00eatements c\u00e9ramiques protecteurs en couches minces.","potentialAction":[{"@type":"SearchAction","target":{"@type":"EntryPoint","urlTemplate":"https:\/\/www.cerakotesa.com\/?s={search_term_string}"},"query-input":{"@type":"PropertyValueSpecification","valueRequired":true,"valueName":"search_term_string"}}],"inLanguage":"fr-FR"}]}},"acf":[],"_links":{"self":[{"href":"https:\/\/www.cerakotesa.com\/fr\/wp-json\/wp\/v2\/product\/18543","targetHints":{"allow":["GET"]}}],"collection":[{"href":"https:\/\/www.cerakotesa.com\/fr\/wp-json\/wp\/v2\/product"}],"about":[{"href":"https:\/\/www.cerakotesa.com\/fr\/wp-json\/wp\/v2\/types\/product"}],"replies":[{"embeddable":true,"href":"https:\/\/www.cerakotesa.com\/fr\/wp-json\/wp\/v2\/comments?post=18543"}],"wp:featuredmedia":[{"embeddable":true,"href":"https:\/\/www.cerakotesa.com\/fr\/wp-json\/wp\/v2\/media\/18549"}],"wp:attachment":[{"href":"https:\/\/www.cerakotesa.com\/fr\/wp-json\/wp\/v2\/media?parent=18543"}],"wp:term":[{"taxonomy":"product_brand","embeddable":true,"href":"https:\/\/www.cerakotesa.com\/fr\/wp-json\/wp\/v2\/product_brand?post=18543"},{"taxonomy":"product_cat","embeddable":true,"href":"https:\/\/www.cerakotesa.com\/fr\/wp-json\/wp\/v2\/product_cat?post=18543"},{"taxonomy":"product_tag","embeddable":true,"href":"https:\/\/www.cerakotesa.com\/fr\/wp-json\/wp\/v2\/product_tag?post=18543"}],"curies":[{"name":"wp","href":"https:\/\/api.w.org\/{rel}","templated":true}]}}