{"id":19910,"date":"2025-01-20T11:17:35","date_gmt":"2025-01-20T11:17:35","guid":{"rendered":"https:\/\/www.cerakotesa.com\/?post_type=product&#038;p=19910"},"modified":"2025-03-12T11:25:55","modified_gmt":"2025-03-12T11:25:55","slug":"magpul-o-d-green","status":"publish","type":"product","link":"https:\/\/www.cerakotesa.com\/fr\/produit\/magpul-o-d-green\/","title":{"rendered":"MagPul O.D. Green F-119"},"content":{"rendered":"","protected":false},"excerpt":{"rendered":"<p>MagPul O.D. Green is a classic military green solid tone with a flat finish. *NOTE: This product comes with a catalyst and requires a <a href=\"https:\/\/www.cerakotesa.com\/product\/cerakote-in-cup-150-mesh-strainer-100-micron-se-276\/\" target=\"_blank\" rel=\"noopener\">Filtre de 150 mailles (SE-276)<\/a>. <b>La s\u00e9rie F est le rev\u00eatement c\u00e9ramique en couche mince sans PFAS le plus performant au monde.<\/b><\/p>\n<p>La s\u00e9rie F est sp\u00e9cialement con\u00e7ue pour la production et la fabrication en grandes quantit\u00e9s en raison de son temps de durcissement rapide et de son programme de durcissement \u00e0 basse temp\u00e9rature. Il s'agit d'un rev\u00eatement en deux parties qui durcit au four et qui est appliqu\u00e9 directement sur le substrat. La s\u00e9rie F poss\u00e8de tous les attributs que vous \u00eates en droit d'attendre de Cerakote. Elle offre une r\u00e9sistance in\u00e9gal\u00e9e \u00e0 la corrosion et aux produits chimiques, une adh\u00e9rence et une flexibilit\u00e9 sup\u00e9rieures, ainsi qu'une duret\u00e9, une durabilit\u00e9 et une r\u00e9sistance \u00e0 l'usure exceptionnelles.<\/p>\n<p><b>La s\u00e9rie F l'est :<\/b><\/p>\n<ul>\n<li>Sans PFAS<\/li>\n<li>Durcissement rapide - durcissement en 15 minutes \u00e0 250\u00b0F \/ 120\u00b0C\n<ul>\n<li>Ou durcir \u00e0 une temp\u00e9rature aussi basse que 180\u00b0F \/ 82\u02daC pendant 1 heure dans une cabine de peinture.<\/li>\n<li>Possibilit\u00e9 de polym\u00e9riser rapidement de grandes pi\u00e8ces<\/li>\n<\/ul>\n<\/li>\n<li>Volume \u00e9lev\u00e9 \/ facilit\u00e9 de production\n<ul>\n<li>R\u00e9duction des goulots d'\u00e9tranglement<\/li>\n<li>Permet d'obtenir un d\u00e9bit plus \u00e9lev\u00e9<\/li>\n<li>\u00c9conomies de temps et d'\u00e9nergie consid\u00e9rables<\/li>\n<li>Augmenter les revenus de votre entreprise<\/li>\n<\/ul>\n<\/li>\n<\/ul>","protected":false},"featured_media":19916,"comment_status":"open","ping_status":"closed","template":"","meta":{"_acf_changed":false},"product_brand":[],"product_cat":[1147,987],"product_tag":[],"class_list":{"0":"post-19910","1":"product","2":"type-product","3":"status-publish","4":"has-post-thumbnail","6":"product_cat-f-series-ovencure","7":"product_cat-cerakote-coatings","9":"first","10":"instock","11":"taxable","12":"shipping-taxable","13":"product-type-variable"},"yoast_head":"<!-- This site is optimized with the Yoast SEO plugin v26.7 - https:\/\/yoast.com\/wordpress\/plugins\/seo\/ -->\n<title>MagPul O.D. Green F-119 - Cerakote South Africa<\/title>\n<meta name=\"description\" content=\"MagPul O.D. Green is a classic military green solid tone with a flat finish. F-Series is the world\u2019s highest performing PFAS free, thin film ceramic coating\" \/>\n<meta name=\"robots\" content=\"index, follow, max-snippet:-1, max-image-preview:large, max-video-preview:-1\" \/>\n<link rel=\"canonical\" href=\"https:\/\/www.cerakotesa.com\/fr\/produit\/magpul-o-d-green\/\" \/>\n<meta property=\"og:locale\" content=\"fr_FR\" \/>\n<meta property=\"og:type\" content=\"article\" \/>\n<meta property=\"og:title\" content=\"MagPul O.D. Green F-119 - Cerakote South Africa\" \/>\n<meta property=\"og:description\" content=\"MagPul O.D. Green is a classic military green solid tone with a flat finish. F-Series is the world\u2019s highest performing PFAS free, thin film ceramic coating\" \/>\n<meta property=\"og:url\" content=\"https:\/\/www.cerakotesa.com\/fr\/produit\/magpul-o-d-green\/\" \/>\n<meta property=\"og:site_name\" content=\"Cerakote South Africa\" \/>\n<meta property=\"article:modified_time\" content=\"2025-03-12T11:25:55+00:00\" \/>\n<meta name=\"twitter:card\" content=\"summary_large_image\" \/>\n<meta name=\"twitter:label1\" content=\"Dur\u00e9e de lecture estim\u00e9e\" \/>\n\t<meta name=\"twitter:data1\" content=\"1 minute\" \/>\n<script type=\"application\/ld+json\" class=\"yoast-schema-graph\">{\"@context\":\"https:\/\/schema.org\",\"@graph\":[{\"@type\":\"WebPage\",\"@id\":\"https:\/\/www.cerakotesa.com\/product\/magpul-o-d-green\/\",\"url\":\"https:\/\/www.cerakotesa.com\/product\/magpul-o-d-green\/\",\"name\":\"MagPul O.D. Green F-119 - Cerakote South Africa\",\"isPartOf\":{\"@id\":\"https:\/\/www.cerakotesa.com\/#website\"},\"primaryImageOfPage\":{\"@id\":\"https:\/\/www.cerakotesa.com\/product\/magpul-o-d-green\/#primaryimage\"},\"image\":{\"@id\":\"https:\/\/www.cerakotesa.com\/product\/magpul-o-d-green\/#primaryimage\"},\"thumbnailUrl\":\"https:\/\/www.cerakotesa.com\/wp-content\/uploads\/2025\/01\/magpul-od-green-f-119-dt20241227172837581681-thumbnail.avif\",\"datePublished\":\"2025-01-20T11:17:35+00:00\",\"dateModified\":\"2025-03-12T11:25:55+00:00\",\"description\":\"MagPul O.D. Green is a classic military green solid tone with a flat finish. F-Series is the world\u2019s highest performing PFAS free, thin film ceramic coating\",\"breadcrumb\":{\"@id\":\"https:\/\/www.cerakotesa.com\/product\/magpul-o-d-green\/#breadcrumb\"},\"inLanguage\":\"fr-FR\",\"potentialAction\":[{\"@type\":\"ReadAction\",\"target\":[\"https:\/\/www.cerakotesa.com\/product\/magpul-o-d-green\/\"]}]},{\"@type\":\"ImageObject\",\"inLanguage\":\"fr-FR\",\"@id\":\"https:\/\/www.cerakotesa.com\/product\/magpul-o-d-green\/#primaryimage\",\"url\":\"https:\/\/www.cerakotesa.com\/wp-content\/uploads\/2025\/01\/magpul-od-green-f-119-dt20241227172837581681-thumbnail.avif\",\"contentUrl\":\"https:\/\/www.cerakotesa.com\/wp-content\/uploads\/2025\/01\/magpul-od-green-f-119-dt20241227172837581681-thumbnail.avif\",\"width\":600,\"height\":600},{\"@type\":\"BreadcrumbList\",\"@id\":\"https:\/\/www.cerakotesa.com\/product\/magpul-o-d-green\/#breadcrumb\",\"itemListElement\":[{\"@type\":\"ListItem\",\"position\":1,\"name\":\"Home\",\"item\":\"https:\/\/www.cerakotesa.com\/\"},{\"@type\":\"ListItem\",\"position\":2,\"name\":\"Products\",\"item\":\"https:\/\/www.cerakotesa.com\/shop\/\"},{\"@type\":\"ListItem\",\"position\":3,\"name\":\"MagPul O.D. Green F-119\"}]},{\"@type\":\"WebSite\",\"@id\":\"https:\/\/www.cerakotesa.com\/#website\",\"url\":\"https:\/\/www.cerakotesa.com\/\",\"name\":\"Cerakote South Africa\",\"description\":\"Cerakote is a global leader in the manufacturing of thin-film protective ceramic coatings\",\"potentialAction\":[{\"@type\":\"SearchAction\",\"target\":{\"@type\":\"EntryPoint\",\"urlTemplate\":\"https:\/\/www.cerakotesa.com\/?s={search_term_string}\"},\"query-input\":{\"@type\":\"PropertyValueSpecification\",\"valueRequired\":true,\"valueName\":\"search_term_string\"}}],\"inLanguage\":\"fr-FR\"}]}<\/script>\n<!-- \/ Yoast SEO plugin. -->","yoast_head_json":{"title":"MagPul O.D. Green F-119 - Cerakote South Africa","description":"MagPul O.D. Green is a classic military green solid tone with a flat finish. F-Series is the world\u2019s highest performing PFAS free, thin film ceramic coating","robots":{"index":"index","follow":"follow","max-snippet":"max-snippet:-1","max-image-preview":"max-image-preview:large","max-video-preview":"max-video-preview:-1"},"canonical":"https:\/\/www.cerakotesa.com\/fr\/produit\/magpul-o-d-green\/","og_locale":"fr_FR","og_type":"article","og_title":"MagPul O.D. Green F-119 - Cerakote South Africa","og_description":"MagPul O.D. Green is a classic military green solid tone with a flat finish. F-Series is the world\u2019s highest performing PFAS free, thin film ceramic coating","og_url":"https:\/\/www.cerakotesa.com\/fr\/produit\/magpul-o-d-green\/","og_site_name":"Cerakote South Africa","article_modified_time":"2025-03-12T11:25:55+00:00","twitter_card":"summary_large_image","twitter_misc":{"Dur\u00e9e de lecture estim\u00e9e":"1 minute"},"schema":{"@context":"https:\/\/schema.org","@graph":[{"@type":"WebPage","@id":"https:\/\/www.cerakotesa.com\/product\/magpul-o-d-green\/","url":"https:\/\/www.cerakotesa.com\/product\/magpul-o-d-green\/","name":"MagPul O.D. Green F-119 - Cerakote South Africa","isPartOf":{"@id":"https:\/\/www.cerakotesa.com\/#website"},"primaryImageOfPage":{"@id":"https:\/\/www.cerakotesa.com\/product\/magpul-o-d-green\/#primaryimage"},"image":{"@id":"https:\/\/www.cerakotesa.com\/product\/magpul-o-d-green\/#primaryimage"},"thumbnailUrl":"https:\/\/www.cerakotesa.com\/wp-content\/uploads\/2025\/01\/magpul-od-green-f-119-dt20241227172837581681-thumbnail.avif","datePublished":"2025-01-20T11:17:35+00:00","dateModified":"2025-03-12T11:25:55+00:00","description":"MagPul O.D. Green is a classic military green solid tone with a flat finish. F-Series is the world\u2019s highest performing PFAS free, thin film ceramic coating","breadcrumb":{"@id":"https:\/\/www.cerakotesa.com\/product\/magpul-o-d-green\/#breadcrumb"},"inLanguage":"fr-FR","potentialAction":[{"@type":"ReadAction","target":["https:\/\/www.cerakotesa.com\/product\/magpul-o-d-green\/"]}]},{"@type":"ImageObject","inLanguage":"fr-FR","@id":"https:\/\/www.cerakotesa.com\/product\/magpul-o-d-green\/#primaryimage","url":"https:\/\/www.cerakotesa.com\/wp-content\/uploads\/2025\/01\/magpul-od-green-f-119-dt20241227172837581681-thumbnail.avif","contentUrl":"https:\/\/www.cerakotesa.com\/wp-content\/uploads\/2025\/01\/magpul-od-green-f-119-dt20241227172837581681-thumbnail.avif","width":600,"height":600},{"@type":"BreadcrumbList","@id":"https:\/\/www.cerakotesa.com\/product\/magpul-o-d-green\/#breadcrumb","itemListElement":[{"@type":"ListItem","position":1,"name":"Home","item":"https:\/\/www.cerakotesa.com\/"},{"@type":"ListItem","position":2,"name":"Products","item":"https:\/\/www.cerakotesa.com\/shop\/"},{"@type":"ListItem","position":3,"name":"MagPul O.D. Green F-119"}]},{"@type":"WebSite","@id":"https:\/\/www.cerakotesa.com\/#website","url":"https:\/\/www.cerakotesa.com\/","name":"Cerakote South Africa","description":"Cerakote est un leader mondial dans la fabrication de rev\u00eatements c\u00e9ramiques protecteurs en couches minces.","potentialAction":[{"@type":"SearchAction","target":{"@type":"EntryPoint","urlTemplate":"https:\/\/www.cerakotesa.com\/?s={search_term_string}"},"query-input":{"@type":"PropertyValueSpecification","valueRequired":true,"valueName":"search_term_string"}}],"inLanguage":"fr-FR"}]}},"acf":[],"_links":{"self":[{"href":"https:\/\/www.cerakotesa.com\/fr\/wp-json\/wp\/v2\/product\/19910","targetHints":{"allow":["GET"]}}],"collection":[{"href":"https:\/\/www.cerakotesa.com\/fr\/wp-json\/wp\/v2\/product"}],"about":[{"href":"https:\/\/www.cerakotesa.com\/fr\/wp-json\/wp\/v2\/types\/product"}],"replies":[{"embeddable":true,"href":"https:\/\/www.cerakotesa.com\/fr\/wp-json\/wp\/v2\/comments?post=19910"}],"wp:featuredmedia":[{"embeddable":true,"href":"https:\/\/www.cerakotesa.com\/fr\/wp-json\/wp\/v2\/media\/19916"}],"wp:attachment":[{"href":"https:\/\/www.cerakotesa.com\/fr\/wp-json\/wp\/v2\/media?parent=19910"}],"wp:term":[{"taxonomy":"product_brand","embeddable":true,"href":"https:\/\/www.cerakotesa.com\/fr\/wp-json\/wp\/v2\/product_brand?post=19910"},{"taxonomy":"product_cat","embeddable":true,"href":"https:\/\/www.cerakotesa.com\/fr\/wp-json\/wp\/v2\/product_cat?post=19910"},{"taxonomy":"product_tag","embeddable":true,"href":"https:\/\/www.cerakotesa.com\/fr\/wp-json\/wp\/v2\/product_tag?post=19910"}],"curies":[{"name":"wp","href":"https:\/\/api.w.org\/{rel}","templated":true}]}}