{"id":20174,"date":"2025-01-30T13:58:19","date_gmt":"2025-01-30T13:58:19","guid":{"rendered":"https:\/\/www.cerakotesa.com\/?post_type=product&#038;p=20174"},"modified":"2025-06-24T12:01:24","modified_gmt":"2025-06-24T12:01:24","slug":"o-d-green-f-105","status":"publish","type":"product","link":"https:\/\/www.cerakotesa.com\/fr\/produit\/o-d-green-f-105\/","title":{"rendered":"O.D. Green F-105"},"content":{"rendered":"<section class=\"section\" id=\"section_1759488157\">\n\t\t<div class=\"section-bg fill\" >\n\t\t\t\t\t\t\t\t\t\n\t\t\t\n\n\t\t<\/div>\n\n\t\t\n\n\t\t<div class=\"section-content relative\">\n\t\t\t\n<div class=\"row\"  id=\"row-1925920711\">\n\n\t<div id=\"col-1894878619\" class=\"col small-12 large-12\"  >\n\t\t\t\t<div class=\"col-inner\"  >\n\t\t\t\n\t\t\t\n<p><strong>Donn\u00e9es techniques du produit :<\/strong><\/p>\n<p><style>\n.table_component {<br \/>\n    overflow: auto;<br \/>\n    width: 100%;<br \/>\n}<\/p>\n<p>.table_component table {<br \/>\n    border: 1px solid #dededf;<br \/>\n    height: 100%;<br \/>\n    width: 100%;<br \/>\n    table-layout: fixed;<br \/>\n    border-collapse: collapse;<br \/>\n    border-spacing: 1px;<br \/>\n    text-align: left;<br \/>\n}<\/p>\n<p>.table_component caption {<br \/>\n    caption-side: top;<br \/>\n    text-align: left;<br \/>\n}<\/p>\n<p>.table_component th {<br \/>\n    border: 1px solid #dededf;<br \/>\n    background-color: #eceff1;<br \/>\n    color: #000000;<br \/>\n    padding: 5px;<br \/>\n}<\/p>\n<p>.table_component td {<br \/>\n    border: 1px solid #dededf;<br \/>\n    background-color: #ffffff;<br \/>\n    color: #000000;<br \/>\n    padding: 5px;<br \/>\n}<br \/>\n<\/style>\n<\/p>\n<div class=\"table_component\" tabindex=\"0\" role=\"region\">\n<table>\n<thead>\n<tr>\n<th>\u00a0<\/th>\n<th>\u00a0<\/th>\n<\/tr>\n<\/thead>\n<tbody>\n<tr>\n<td>Calendrier des cures\u00a0<\/td>\n<td>\n<p>Flash ambiant 15 minutes, cuisson au four 15 minutes@ 250\u00b0F<\/p>\n<\/td>\n<\/tr>\n<tr>\n<td>\u00c9paisseur recommand\u00e9e (mil)<\/td>\n<td>.75<\/td>\n<\/tr>\n<tr>\n<td>Taille de la cr\u00e9pine (maille)<\/td>\n<td>150 (Partie # SE-276)<\/td>\n<\/tr>\n<tr>\n<td>Niveau de brillance \/ Unit\u00e9s (GU)<\/td>\n<td>Flat \/ 1<\/td>\n<\/tr>\n<tr>\n<td>Densit\u00e9 (g\/mL)<\/td>\n<td>1.45<\/td>\n<\/tr>\n<tr>\n<td>% Solides (\u00b12%)<\/td>\n<td>33<\/td>\n<\/tr>\n<tr>\n<td>Viscosit\u00e9 (cP)<\/td>\n<td>21<\/td>\n<\/tr>\n<tr>\n<td>Couverture th\u00e9orique par gal \u00e0 l'\u00e9paisseur recommand\u00e9e (pi\u00b2)<\/td>\n<td>534<\/td>\n<\/tr>\n<tr>\n<td>Stabilit\u00e9 du rev\u00eatement (\u00b0F) Temp. max. Temp.<\/td>\n<td>700<\/td>\n<\/tr>\n<tr>\n<td>Stabilit\u00e9 de la couleur (\u00b0F) Temp. max. Temp.<\/td>\n<td>400<\/td>\n<\/tr>\n<tr>\n<td>R\u00e9sistance chimique<\/td>\n<td>Excellent<\/td>\n<\/tr>\n<tr>\n<td>Stabilit\u00e9 aux UV<\/td>\n<td>Excellent<\/td>\n<\/tr>\n<tr>\n<td>Gouge de duret\u00e9 crayon ASTM D3363<\/td>\n<td>9H<\/td>\n<\/tr>\n<tr>\n<td>Duret\u00e9 du crayon rayure ASTM D3363<\/td>\n<td>8H<\/td>\n<\/tr>\n<tr>\n<td>Adh\u00e9sion transversale ASTM D3359<\/td>\n<td>\n<p>5B<\/p>\n<\/td>\n<\/tr>\n<tr>\n<td>Flexibilit\u00e9 (r\u00e9sistance %) Courbe de mandrin conique ASTM D522<\/td>\n<td>\n<p>100<\/p>\n<\/td>\n<\/tr>\n<tr>\n<td>Performance d'impact directe\/indirecte (in-lbs) ASTM D2794<\/td>\n<td>160\/160<\/td>\n<\/tr>\n<tr>\n<td>Note technique**<\/td>\n<td>Ce rev\u00eatement est exempt de PFAS<\/td>\n<\/tr>\n<\/tbody>\n<\/table>\n<p data-v-8ef39626=\"\">Tous les r\u00e9sultats sont bas\u00e9s sur l'acier grenaill\u00e9 rev\u00eatu \u00e0 l'\u00e9paisseur recommand\u00e9e en utilisant le programme de durcissement recommand\u00e9.<\/p>\n<p data-v-8ef39626=\"\">*Les niveaux de brillance sont mesur\u00e9s \u00e0 un angle de 60\u00b0. Des ajustements aux conditions recommand\u00e9es donneront des r\u00e9sultats diff\u00e9rents. La brillance est affect\u00e9e par la qualit\u00e9 de la pr\u00e9paration et la technique de pulv\u00e9risation. Les r\u00e9sultats sont bas\u00e9s sur l'acier grenaill\u00e9 rev\u00eatu et durci conform\u00e9ment aux sp\u00e9cifications du programme de durcissement.<\/p>\n<p data-v-8ef39626=\"\">**viscosit\u00e9 mesur\u00e9e dans les conditions ambiantes (temp\u00e9rature de l'air, humidit\u00e9 relative) au moment de la fabrication.<\/p>\n<p data-v-8ef39626=\"\"><strong data-v-8ef39626=\"\">Temp\u00e9rature de polym\u00e9risation recommand\u00e9e :<\/strong><\/p>\n<ul data-v-8ef39626=\"\">\n<li data-v-8ef39626=\"\">Veuillez vous r\u00e9f\u00e9rer \u00e0 la sp\u00e9cification du programme de durcissement disponible sur chaque produit Cerakote.<\/li>\n<\/ul>\n<p data-v-8ef39626=\"\"><strong data-v-8ef39626=\"\">Temp\u00e9rature maximale<\/strong>\u00a0est la temp\u00e9rature \u00e0 laquelle la couleur ou le rev\u00eatement est stable.<\/p>\n<p data-v-8ef39626=\"\"><strong data-v-8ef39626=\"\">Essais de r\u00e9sistance chimique :<\/strong>\u00a0Les r\u00e9sultats se r\u00e9f\u00e8rent au changement de couleur bas\u00e9 sur la formulation CIE76. Les r\u00e9sultats vont de :<\/p>\n<ul data-v-8ef39626=\"\">\n<li data-v-8ef39626=\"\"><strong data-v-8ef39626=\"\">Excellent :<\/strong>\u00a0Changement de \u2206E de &lt;2,5<\/li>\n<li data-v-8ef39626=\"\"><strong data-v-8ef39626=\"\">Bon :<\/strong>\u00a0Changement de \u2206E de &lt;3,0<\/li>\n<li data-v-8ef39626=\"\"><strong data-v-8ef39626=\"\">Juste :<\/strong>\u00a0Changement de \u2206E de &lt;3,5<\/li>\n<li data-v-8ef39626=\"\"><strong data-v-8ef39626=\"\">Pauvre :<\/strong>\u00a0Changement de \u2206E de &lt;4,0<\/li>\n<\/ul>\n<p data-v-8ef39626=\"\"><strong data-v-8ef39626=\"\">Les param\u00e8tres d'essai sont les suivants :<\/strong><\/p>\n<ul data-v-8ef39626=\"\">\n<li data-v-8ef39626=\"\"><strong data-v-8ef39626=\"\">Duret\u00e9<\/strong>\u00a0ou les tests de duret\u00e9 des crayons sont mesur\u00e9s de la plus tendre \u00e0 la plus dure comme suit : 9B, 8B, 7B, 6B, 5B, 4B, 3B, 2B, B, HB, F, H, 2H, 3H, 4H, 5H, 6H, 7H, 8H, 9H. Le 9H est le plus difficile.<\/li>\n<li data-v-8ef39626=\"\"><strong data-v-8ef39626=\"\">SG-100 UNIQUEMENT :<\/strong>\u00a0Essai de duret\u00e9 M\u00e9thode A - Une coupe en X est effectu\u00e9e \u00e0 travers le film jusqu'au substrat, un ruban adh\u00e9sif est appliqu\u00e9 sur la coupe puis retir\u00e9, et l'adh\u00e9rence est \u00e9valu\u00e9e qualitativement sur une \u00e9chelle de 0 \u00e0 5.<\/li>\n<li data-v-8ef39626=\"\"><strong data-v-8ef39626=\"\">Adh\u00e9sion<\/strong>\u00a0est mesur\u00e9e sur une \u00e9chelle de 0B, 1B, 2B, 3B, 4B, 5B, 5B \u00e9tant la note la plus \u00e9lev\u00e9e pouvant \u00eatre obtenue.<\/li>\n<li data-v-8ef39626=\"\"><strong data-v-8ef39626=\"\">Flexibilit\u00e9<\/strong>\u00a0ou Conical Mandrel Bend : \"100% Resistance\" est la note la plus \u00e9lev\u00e9e pouvant \u00eatre obtenue et indique que le rev\u00eatement ne s'est pas fissur\u00e9 ou \u00e9caill\u00e9.<\/li>\n<li data-v-8ef39626=\"\"><strong data-v-8ef39626=\"\">Impact Performance (direct\/indirect)<\/strong>\u00a0est mesur\u00e9e sur une \u00e9chelle de 0 \u00e0 160 pouces-livres, 160 pouces-livres \u00e9tant la valeur la plus \u00e9lev\u00e9e pouvant \u00eatre atteinte.<\/li>\n<\/ul>\n<p data-v-8ef39626=\"\">Tous les rev\u00eatements Cerakote sont conformes \u00e0 la r\u00e9glementation sur les COV de l'EPA et ont une teneur en COV faible ou nulle. Pour conna\u00eetre la teneur en COV d'un rev\u00eatement particulier, veuillez contacter\u00a0<a href=\"mailto:sds@nicindustries.com\" target=\"_blank\" rel=\"noopener\" data-v-8ef39626=\"\">sds@nicindustries.com<\/a>\u00a0pour plus d'informations.<\/p>\n<p data-v-8ef39626=\"\">Ces informations sont exactes au mieux de nos connaissances, mais elles ne constituent pas une garantie pour les caract\u00e9ristiques sp\u00e9cifiques du produit et n'\u00e9tablissent pas de relation contractuelle juridiquement valable. Nous vous recommandons d'effectuer des tests ad\u00e9quats dans vos installations afin de d\u00e9terminer si ce produit r\u00e9pond \u00e0 toutes vos exigences.<\/p>\n<p data-v-8ef39626=\"\">N'h\u00e9sitez pas \u00e0 nous envoyer un courriel \u00e0 l'adresse suivante <a href=\"mailto:enquiries@cerakoteeu.com\" target=\"_blank\" rel=\"noopener\" data-v-8ef39626=\"\">enquiries@cerakoteeu.com<\/a>\u00a0 si vous avez des questions.<\/p>\n<\/div>\n<div class=\"row\"  id=\"row-122988055\">\n\n\t<div id=\"col-1457734968\" class=\"col medium-4 small-12 large-4\"  >\n\t\t\t\t<div class=\"col-inner text-center\"  >\n\t\t\t\n\t\t\t\n<a href=\"https:\/\/images.nicindustries.com\/cerakote\/documents\/7009\/cerakote-f-105-od-dt20250113225022324999.pdf?1736808624&#038;_gl=1*17izsfi*_gcl_au*MTA5MjM2ODk3NS4xNzUwMzE5ODc4*_ga*MTk4NjI1NzI1OC4xNzAzMTU2NTIz*_ga_KPM5Q2PRTX*czE3NTA3NjU2MjQkbzI4JGcxJHQxNzUwNzY2MzIyJGoyMSRsMCRoMTE0Mzk3OTA2Ng..\" target=\"_blank\" class=\"button primary\" rel=\"noopener\" >\n\t\t<span>Saftey Data Sheet<\/span>\n\t<\/a>\n\n\t\t<\/div>\n\t\t\t\t\t<\/div>\n\n\t\n\n\t<div id=\"col-81990232\" class=\"col medium-4 small-12 large-4\"  >\n\t\t\t\t<div class=\"col-inner text-center\"  >\n\t\t\t\n\t\t\t\n<a href=\"https:\/\/images.nicindustries.com\/cerakote\/documents\/7028\/f-series-training-manual-dt20250115230026281906.pdf?1747332254&#038;_gl=1*s3lm60*_gcl_au*MTA5MjM2ODk3NS4xNzUwMzE5ODc4*_ga*MTk4NjI1NzI1OC4xNzAzMTU2NTIz*_ga_KPM5Q2PRTX*czE3NTA3NjU2MjQkbzI4JGcxJHQxNzUwNzY2NDQxJGo2MCRsMCRoMTE0Mzk3OTA2Ng..\" target=\"_blank\" class=\"button primary\" rel=\"noopener\" >\n\t\t<span>Guide d'application<\/span>\n\t<\/a>\n\n\t\t<\/div>\n\t\t\t\t\t<\/div>\n\n\t\n\n\t<div id=\"col-855317905\" class=\"col medium-4 small-12 large-4\"  >\n\t\t\t\t<div class=\"col-inner text-center\"  >\n\t\t\t\n\t\t\t\n<a href=\"https:\/\/www.cerakotesa.com\/wp-content\/uploads\/2025\/03\/Print-Product-Specs.pdf\" target=\"_blank\" class=\"button primary\" rel=\"noopener\" >\n\t\t<span>Fiche technique<\/span>\n\t<\/a>\n\n\t\t<\/div>\n\t\t\t\t\t<\/div>\n\n\t\n<\/div>\n\t\t<\/div>\n\t\t\t\t\t<\/div>\n\n\t\n<\/div>\n\t\t<\/div>\n\n\t\t\n<style>\n#section_1759488157 {\n  padding-top: 30px;\n  padding-bottom: 30px;\n}\n<\/style>\n\t<\/section>","protected":false},"excerpt":{"rendered":"<p>O.D. Green est un ton uni vert militaire classique avec une finition plate.<\/p>\n<p class=\"p1\">*REMARQUE : ce produit est livr\u00e9 avec un catalyseur et n\u00e9cessite un\u00a0<a href=\"https:\/\/www.cerakotesa.com\/product\/cerakote-in-cup-150-mesh-strainer-100-micron-se-276\/\">Filtre de 150 mailles (SE-276)<\/a>.\u00a0<b>La s\u00e9rie F est le rev\u00eatement c\u00e9ramique en couche mince sans PFAS le plus performant au monde.<\/b><b><\/b><\/p>\n<p class=\"p1\">La s\u00e9rie F est sp\u00e9cialement con\u00e7ue pour la production et la fabrication en grandes quantit\u00e9s en raison de son temps de durcissement rapide et de son programme de durcissement \u00e0 basse temp\u00e9rature. Il s'agit d'un rev\u00eatement en deux parties qui durcit au four et qui est appliqu\u00e9 directement sur le substrat. La s\u00e9rie F poss\u00e8de tous les attributs que vous \u00eates en droit d'attendre de Cerakote. Elle offre une r\u00e9sistance in\u00e9gal\u00e9e \u00e0 la corrosion et aux produits chimiques, une adh\u00e9rence et une flexibilit\u00e9 sup\u00e9rieures, ainsi qu'une duret\u00e9, une durabilit\u00e9 et une r\u00e9sistance \u00e0 l'usure exceptionnelles.<\/p>\n<p class=\"p1\"><b>La s\u00e9rie F l'est :<\/b><b><\/b><\/p>\n<ul class=\"ul1\">\n<li class=\"li1\">Sans PFAS<\/li>\n<li class=\"li1\">Durcissement rapide - durcissement en 15 minutes \u00e0 250\u00b0F \/ 120\u00b0c\n<ul class=\"ul1\">\n<li class=\"li1\">Ou durcir \u00e0 partir de 180\u00b0F \/ 82\u00b0C pendant 1 heure dans une cabine de peinture.<\/li>\n<li class=\"li1\">Possibilit\u00e9 de polym\u00e9riser rapidement de grandes pi\u00e8ces<\/li>\n<\/ul>\n<\/li>\n<li class=\"li1\">Volume \u00e9lev\u00e9 \/ facilit\u00e9 de production\n<ul class=\"ul1\">\n<li class=\"li1\">R\u00e9duction des goulots d'\u00e9tranglement<\/li>\n<li class=\"li1\">Permet d'obtenir un d\u00e9bit plus \u00e9lev\u00e9<\/li>\n<li class=\"li1\">\u00c9conomies de temps et d'\u00e9nergie consid\u00e9rables<\/li>\n<li class=\"li1\">Augmenter les revenus de votre entreprise<\/li>\n<\/ul>\n<\/li>\n<\/ul>","protected":false},"featured_media":20182,"comment_status":"closed","ping_status":"closed","template":"","meta":{"_acf_changed":false},"product_brand":[],"product_cat":[1147,987],"product_tag":[],"class_list":{"0":"post-20174","1":"product","2":"type-product","3":"status-publish","4":"has-post-thumbnail","6":"product_cat-f-series-ovencure","7":"product_cat-cerakote-coatings","9":"first","10":"instock","11":"taxable","12":"shipping-taxable","13":"product-type-variable"},"yoast_head":"<!-- This site is optimized with the Yoast SEO plugin v26.7 - https:\/\/yoast.com\/wordpress\/plugins\/seo\/ -->\n<title>O.D. Green F-105 - Cerakote South Africa<\/title>\n<meta name=\"robots\" content=\"index, follow, max-snippet:-1, max-image-preview:large, max-video-preview:-1\" \/>\n<link rel=\"canonical\" href=\"https:\/\/www.cerakotesa.com\/fr\/produit\/o-d-green-f-105\/\" \/>\n<meta property=\"og:locale\" content=\"fr_FR\" \/>\n<meta property=\"og:type\" content=\"article\" \/>\n<meta property=\"og:title\" content=\"O.D. Green F-105 - Cerakote South Africa\" \/>\n<meta property=\"og:description\" content=\"O.D. Green is a classic military green solid tone with a flat finish. *NOTE: This product comes with a catalyst and requires a\u00a0150 Mesh Strainer (SE-276).\u00a0F-Series is the world\u2019s highest performing PFAS free, thin film ceramic coating. F-Series is specifically engineered for high volume production and manufacturing due to its fast cure time and low temperature curing schedule. It is an oven cure, two-part coating that is applied directly to the substrate. F-Series has all the attributes you have come to expect from Cerakote. It has unmatched corrosion and chemical resistance, superior adhesion and flexibility, as well as exceptional hardness, durability and wear. F-Series is:    PFAS free  Fast Curing \u2013 cures in 15 minutes at 250\u00b0F \/ 120\u00b0c   Or cure as low as 180\u00b0F \/ 82\u00b0C for 1 hour in a paint booth  Can cure large parts quickly    High volume\/production friendly   Reduces bottle necks  Achieves higher throughput  Saves significant time and energy costs  Puts more revenue into your business\" \/>\n<meta property=\"og:url\" content=\"https:\/\/www.cerakotesa.com\/fr\/produit\/o-d-green-f-105\/\" \/>\n<meta property=\"og:site_name\" content=\"Cerakote South Africa\" \/>\n<meta property=\"article:modified_time\" content=\"2025-06-24T12:01:24+00:00\" \/>\n<meta name=\"twitter:card\" content=\"summary_large_image\" \/>\n<meta name=\"twitter:label1\" content=\"Dur\u00e9e de lecture estim\u00e9e\" \/>\n\t<meta name=\"twitter:data1\" content=\"1 minute\" \/>\n<script type=\"application\/ld+json\" class=\"yoast-schema-graph\">{\"@context\":\"https:\/\/schema.org\",\"@graph\":[{\"@type\":\"WebPage\",\"@id\":\"https:\/\/www.cerakotesa.com\/product\/o-d-green-f-105\/\",\"url\":\"https:\/\/www.cerakotesa.com\/product\/o-d-green-f-105\/\",\"name\":\"O.D. Green F-105 - Cerakote South Africa\",\"isPartOf\":{\"@id\":\"https:\/\/www.cerakotesa.com\/#website\"},\"primaryImageOfPage\":{\"@id\":\"https:\/\/www.cerakotesa.com\/product\/o-d-green-f-105\/#primaryimage\"},\"image\":{\"@id\":\"https:\/\/www.cerakotesa.com\/product\/o-d-green-f-105\/#primaryimage\"},\"thumbnailUrl\":\"https:\/\/www.cerakotesa.com\/wp-content\/uploads\/2025\/01\/od-green-f-105-dt20241227172929313335-thumbnail.avif\",\"datePublished\":\"2025-01-30T13:58:19+00:00\",\"dateModified\":\"2025-06-24T12:01:24+00:00\",\"breadcrumb\":{\"@id\":\"https:\/\/www.cerakotesa.com\/product\/o-d-green-f-105\/#breadcrumb\"},\"inLanguage\":\"fr-FR\",\"potentialAction\":[{\"@type\":\"ReadAction\",\"target\":[\"https:\/\/www.cerakotesa.com\/product\/o-d-green-f-105\/\"]}]},{\"@type\":\"ImageObject\",\"inLanguage\":\"fr-FR\",\"@id\":\"https:\/\/www.cerakotesa.com\/product\/o-d-green-f-105\/#primaryimage\",\"url\":\"https:\/\/www.cerakotesa.com\/wp-content\/uploads\/2025\/01\/od-green-f-105-dt20241227172929313335-thumbnail.avif\",\"contentUrl\":\"https:\/\/www.cerakotesa.com\/wp-content\/uploads\/2025\/01\/od-green-f-105-dt20241227172929313335-thumbnail.avif\",\"width\":600,\"height\":600},{\"@type\":\"BreadcrumbList\",\"@id\":\"https:\/\/www.cerakotesa.com\/product\/o-d-green-f-105\/#breadcrumb\",\"itemListElement\":[{\"@type\":\"ListItem\",\"position\":1,\"name\":\"Home\",\"item\":\"https:\/\/www.cerakotesa.com\/\"},{\"@type\":\"ListItem\",\"position\":2,\"name\":\"Products\",\"item\":\"https:\/\/www.cerakotesa.com\/shop\/\"},{\"@type\":\"ListItem\",\"position\":3,\"name\":\"O.D. Green F-105\"}]},{\"@type\":\"WebSite\",\"@id\":\"https:\/\/www.cerakotesa.com\/#website\",\"url\":\"https:\/\/www.cerakotesa.com\/\",\"name\":\"Cerakote South Africa\",\"description\":\"Cerakote is a global leader in the manufacturing of thin-film protective ceramic coatings\",\"potentialAction\":[{\"@type\":\"SearchAction\",\"target\":{\"@type\":\"EntryPoint\",\"urlTemplate\":\"https:\/\/www.cerakotesa.com\/?s={search_term_string}\"},\"query-input\":{\"@type\":\"PropertyValueSpecification\",\"valueRequired\":true,\"valueName\":\"search_term_string\"}}],\"inLanguage\":\"fr-FR\"}]}<\/script>\n<!-- \/ Yoast SEO plugin. -->","yoast_head_json":{"title":"O.D. Green F-105 - Cerakote South Africa","robots":{"index":"index","follow":"follow","max-snippet":"max-snippet:-1","max-image-preview":"max-image-preview:large","max-video-preview":"max-video-preview:-1"},"canonical":"https:\/\/www.cerakotesa.com\/fr\/produit\/o-d-green-f-105\/","og_locale":"fr_FR","og_type":"article","og_title":"O.D. Green F-105 - Cerakote South Africa","og_description":"O.D. Green is a classic military green solid tone with a flat finish. *NOTE: This product comes with a catalyst and requires a\u00a0150 Mesh Strainer (SE-276).\u00a0F-Series is the world\u2019s highest performing PFAS free, thin film ceramic coating. F-Series is specifically engineered for high volume production and manufacturing due to its fast cure time and low temperature curing schedule. It is an oven cure, two-part coating that is applied directly to the substrate. F-Series has all the attributes you have come to expect from Cerakote. It has unmatched corrosion and chemical resistance, superior adhesion and flexibility, as well as exceptional hardness, durability and wear. F-Series is:    PFAS free  Fast Curing \u2013 cures in 15 minutes at 250\u00b0F \/ 120\u00b0c   Or cure as low as 180\u00b0F \/ 82\u00b0C for 1 hour in a paint booth  Can cure large parts quickly    High volume\/production friendly   Reduces bottle necks  Achieves higher throughput  Saves significant time and energy costs  Puts more revenue into your business","og_url":"https:\/\/www.cerakotesa.com\/fr\/produit\/o-d-green-f-105\/","og_site_name":"Cerakote South Africa","article_modified_time":"2025-06-24T12:01:24+00:00","twitter_card":"summary_large_image","twitter_misc":{"Dur\u00e9e de lecture estim\u00e9e":"1 minute"},"schema":{"@context":"https:\/\/schema.org","@graph":[{"@type":"WebPage","@id":"https:\/\/www.cerakotesa.com\/product\/o-d-green-f-105\/","url":"https:\/\/www.cerakotesa.com\/product\/o-d-green-f-105\/","name":"O.D. Green F-105 - Cerakote South Africa","isPartOf":{"@id":"https:\/\/www.cerakotesa.com\/#website"},"primaryImageOfPage":{"@id":"https:\/\/www.cerakotesa.com\/product\/o-d-green-f-105\/#primaryimage"},"image":{"@id":"https:\/\/www.cerakotesa.com\/product\/o-d-green-f-105\/#primaryimage"},"thumbnailUrl":"https:\/\/www.cerakotesa.com\/wp-content\/uploads\/2025\/01\/od-green-f-105-dt20241227172929313335-thumbnail.avif","datePublished":"2025-01-30T13:58:19+00:00","dateModified":"2025-06-24T12:01:24+00:00","breadcrumb":{"@id":"https:\/\/www.cerakotesa.com\/product\/o-d-green-f-105\/#breadcrumb"},"inLanguage":"fr-FR","potentialAction":[{"@type":"ReadAction","target":["https:\/\/www.cerakotesa.com\/product\/o-d-green-f-105\/"]}]},{"@type":"ImageObject","inLanguage":"fr-FR","@id":"https:\/\/www.cerakotesa.com\/product\/o-d-green-f-105\/#primaryimage","url":"https:\/\/www.cerakotesa.com\/wp-content\/uploads\/2025\/01\/od-green-f-105-dt20241227172929313335-thumbnail.avif","contentUrl":"https:\/\/www.cerakotesa.com\/wp-content\/uploads\/2025\/01\/od-green-f-105-dt20241227172929313335-thumbnail.avif","width":600,"height":600},{"@type":"BreadcrumbList","@id":"https:\/\/www.cerakotesa.com\/product\/o-d-green-f-105\/#breadcrumb","itemListElement":[{"@type":"ListItem","position":1,"name":"Home","item":"https:\/\/www.cerakotesa.com\/"},{"@type":"ListItem","position":2,"name":"Products","item":"https:\/\/www.cerakotesa.com\/shop\/"},{"@type":"ListItem","position":3,"name":"O.D. Green F-105"}]},{"@type":"WebSite","@id":"https:\/\/www.cerakotesa.com\/#website","url":"https:\/\/www.cerakotesa.com\/","name":"Cerakote South Africa","description":"Cerakote est un leader mondial dans la fabrication de rev\u00eatements c\u00e9ramiques protecteurs en couches minces.","potentialAction":[{"@type":"SearchAction","target":{"@type":"EntryPoint","urlTemplate":"https:\/\/www.cerakotesa.com\/?s={search_term_string}"},"query-input":{"@type":"PropertyValueSpecification","valueRequired":true,"valueName":"search_term_string"}}],"inLanguage":"fr-FR"}]}},"acf":[],"_links":{"self":[{"href":"https:\/\/www.cerakotesa.com\/fr\/wp-json\/wp\/v2\/product\/20174","targetHints":{"allow":["GET"]}}],"collection":[{"href":"https:\/\/www.cerakotesa.com\/fr\/wp-json\/wp\/v2\/product"}],"about":[{"href":"https:\/\/www.cerakotesa.com\/fr\/wp-json\/wp\/v2\/types\/product"}],"replies":[{"embeddable":true,"href":"https:\/\/www.cerakotesa.com\/fr\/wp-json\/wp\/v2\/comments?post=20174"}],"wp:featuredmedia":[{"embeddable":true,"href":"https:\/\/www.cerakotesa.com\/fr\/wp-json\/wp\/v2\/media\/20182"}],"wp:attachment":[{"href":"https:\/\/www.cerakotesa.com\/fr\/wp-json\/wp\/v2\/media?parent=20174"}],"wp:term":[{"taxonomy":"product_brand","embeddable":true,"href":"https:\/\/www.cerakotesa.com\/fr\/wp-json\/wp\/v2\/product_brand?post=20174"},{"taxonomy":"product_cat","embeddable":true,"href":"https:\/\/www.cerakotesa.com\/fr\/wp-json\/wp\/v2\/product_cat?post=20174"},{"taxonomy":"product_tag","embeddable":true,"href":"https:\/\/www.cerakotesa.com\/fr\/wp-json\/wp\/v2\/product_tag?post=20174"}],"curies":[{"name":"wp","href":"https:\/\/api.w.org\/{rel}","templated":true}]}}