{"id":20625,"date":"2025-02-26T14:08:23","date_gmt":"2025-02-26T14:08:23","guid":{"rendered":"https:\/\/www.cerakotesa.com\/?post_type=product&#038;p=20625"},"modified":"2025-03-11T17:14:30","modified_gmt":"2025-03-11T17:14:30","slug":"high-foam-vehicle-shampoo-ph-neutral-ah-rchfvs","status":"publish","type":"product","link":"https:\/\/www.cerakotesa.com\/fr\/produit\/high-foam-vehicle-shampoo-ph-neutral-ah-rchfvs\/","title":{"rendered":"Shampooing pour v\u00e9hicules \u00e0 haute teneur en mousse (pH neutre) AH-VEHSHAM"},"content":{"rendered":"","protected":false},"excerpt":{"rendered":"<p>Pourquoi utiliser ?<\/p>\n<p>PREMIUM CAR WASH SOAP - Notre formule tr\u00e8s moussante g\u00e9n\u00e8re une mousse durable qui lubrifie le gant de lavage, r\u00e9duisant les frottements et aidant \u00e0 pr\u00e9venir les rayures et les marques de tourbillon.<\/p>\n<p>TECHNOLOGIE DE NETTOYAGE AVANT-GARD\u00c9E - Elle \u00e9limine sans effort la salet\u00e9 et la crasse de la route, laissant votre v\u00e9hicule impeccable avec un minimum d'effort.<\/p>\n<p>ENTRETIEN DE LA CERAMIQUE ET LAVAGE DE PR\u00c9PARATION - Le shampooing pour v\u00e9hicules Cerakote est exempt de cires et d'additifs pour c\u00e9ramique, ce qui permet d'obtenir une surface propre et exempte de contaminants, parfaite pour appliquer un nouveau rev\u00eatement c\u00e9ramique ou pour entretenir en douceur le rev\u00eatement existant.<\/p>\n<p>Que vous utilisiez un canon \u00e0 mousse ou la m\u00e9thode des deux seaux, vous obtiendrez une mousse \u00e9paisse et durable.<\/p>\n<p>La formule au pH neutre de Cerakote a \u00e9t\u00e9 con\u00e7ue pour nettoyer facilement votre v\u00e9hicule tout en prot\u00e9geant la long\u00e9vit\u00e9 de votre rev\u00eatement en c\u00e9ramique.<\/p>\n<p>Se rince rapidement pour une brillance sans trace et aide \u00e0 r\u00e9duire les taches d'eau.<\/p>\n<p>Il n'y a rien de tel que la satisfaction de voir son v\u00e9hicule propre et sentant bon, avec un parfum subtil d'agrumes qui est rafra\u00eechissant sans \u00eatre trop fort.<\/p>\n<p>&nbsp;<\/p>","protected":false},"featured_media":20626,"comment_status":"closed","ping_status":"closed","template":"","meta":{"_acf_changed":false},"product_brand":[],"product_cat":[1056],"product_tag":[954,33,1156,1157],"class_list":{"0":"post-20625","1":"product","2":"type-product","3":"status-publish","4":"has-post-thumbnail","6":"product_cat-auto-home","7":"product_tag-auto-and-home","8":"product_tag-cerakote","9":"product_tag-high-foam-vehicle-shampoo","10":"product_tag-ph-neutral","12":"first","13":"instock","14":"taxable","15":"shipping-taxable","16":"product-type-variable"},"yoast_head":"<!-- This site is optimized with the Yoast SEO plugin v26.7 - https:\/\/yoast.com\/wordpress\/plugins\/seo\/ -->\n<title>High Foam Vehicle Shampoo (pH Neutral) AH-VEHSHAM - Cerakote South Africa<\/title>\n<meta name=\"description\" content=\"High foaming cleaning technology perfect for prepping or maintaining a ceramic coating!\" \/>\n<meta name=\"robots\" content=\"index, follow, max-snippet:-1, max-image-preview:large, max-video-preview:-1\" \/>\n<link rel=\"canonical\" href=\"https:\/\/www.cerakotesa.com\/fr\/produit\/high-foam-vehicle-shampoo-ph-neutral-ah-rchfvs\/\" \/>\n<meta property=\"og:locale\" content=\"fr_FR\" \/>\n<meta property=\"og:type\" content=\"article\" \/>\n<meta property=\"og:title\" content=\"High Foam Vehicle Shampoo (pH Neutral) AH-VEHSHAM - Cerakote South Africa\" \/>\n<meta property=\"og:description\" content=\"High foaming cleaning technology perfect for prepping or maintaining a ceramic coating!\" \/>\n<meta property=\"og:url\" content=\"https:\/\/www.cerakotesa.com\/fr\/produit\/high-foam-vehicle-shampoo-ph-neutral-ah-rchfvs\/\" \/>\n<meta property=\"og:site_name\" content=\"Cerakote South Africa\" \/>\n<meta property=\"article:modified_time\" content=\"2025-03-11T17:14:30+00:00\" \/>\n<meta property=\"og:image\" content=\"https:\/\/www.cerakotesa.com\/wp-content\/uploads\/2025\/02\/22_source_1738086665.jpg\" \/>\n\t<meta property=\"og:image:width\" content=\"1280\" \/>\n\t<meta property=\"og:image:height\" content=\"1280\" \/>\n\t<meta property=\"og:image:type\" content=\"image\/jpeg\" \/>\n<meta name=\"twitter:card\" content=\"summary_large_image\" \/>\n<meta name=\"twitter:label1\" content=\"Dur\u00e9e de lecture estim\u00e9e\" \/>\n\t<meta name=\"twitter:data1\" content=\"1 minute\" \/>\n<script type=\"application\/ld+json\" class=\"yoast-schema-graph\">{\"@context\":\"https:\/\/schema.org\",\"@graph\":[{\"@type\":\"WebPage\",\"@id\":\"https:\/\/www.cerakotesa.com\/product\/high-foam-vehicle-shampoo-ph-neutral-ah-rchfvs\/\",\"url\":\"https:\/\/www.cerakotesa.com\/product\/high-foam-vehicle-shampoo-ph-neutral-ah-rchfvs\/\",\"name\":\"High Foam Vehicle Shampoo (pH Neutral) AH-VEHSHAM - Cerakote South Africa\",\"isPartOf\":{\"@id\":\"https:\/\/www.cerakotesa.com\/#website\"},\"primaryImageOfPage\":{\"@id\":\"https:\/\/www.cerakotesa.com\/product\/high-foam-vehicle-shampoo-ph-neutral-ah-rchfvs\/#primaryimage\"},\"image\":{\"@id\":\"https:\/\/www.cerakotesa.com\/product\/high-foam-vehicle-shampoo-ph-neutral-ah-rchfvs\/#primaryimage\"},\"thumbnailUrl\":\"https:\/\/www.cerakotesa.com\/wp-content\/uploads\/2025\/02\/22_source_1738086665.jpg\",\"datePublished\":\"2025-02-26T14:08:23+00:00\",\"dateModified\":\"2025-03-11T17:14:30+00:00\",\"description\":\"High foaming cleaning technology perfect for prepping or maintaining a ceramic coating!\",\"breadcrumb\":{\"@id\":\"https:\/\/www.cerakotesa.com\/product\/high-foam-vehicle-shampoo-ph-neutral-ah-rchfvs\/#breadcrumb\"},\"inLanguage\":\"fr-FR\",\"potentialAction\":[{\"@type\":\"ReadAction\",\"target\":[\"https:\/\/www.cerakotesa.com\/product\/high-foam-vehicle-shampoo-ph-neutral-ah-rchfvs\/\"]}]},{\"@type\":\"ImageObject\",\"inLanguage\":\"fr-FR\",\"@id\":\"https:\/\/www.cerakotesa.com\/product\/high-foam-vehicle-shampoo-ph-neutral-ah-rchfvs\/#primaryimage\",\"url\":\"https:\/\/www.cerakotesa.com\/wp-content\/uploads\/2025\/02\/22_source_1738086665.jpg\",\"contentUrl\":\"https:\/\/www.cerakotesa.com\/wp-content\/uploads\/2025\/02\/22_source_1738086665.jpg\",\"width\":1280,\"height\":1280},{\"@type\":\"BreadcrumbList\",\"@id\":\"https:\/\/www.cerakotesa.com\/product\/high-foam-vehicle-shampoo-ph-neutral-ah-rchfvs\/#breadcrumb\",\"itemListElement\":[{\"@type\":\"ListItem\",\"position\":1,\"name\":\"Home\",\"item\":\"https:\/\/www.cerakotesa.com\/\"},{\"@type\":\"ListItem\",\"position\":2,\"name\":\"Products\",\"item\":\"https:\/\/www.cerakotesa.com\/shop\/\"},{\"@type\":\"ListItem\",\"position\":3,\"name\":\"High Foam Vehicle Shampoo (pH Neutral) AH-VEHSHAM\"}]},{\"@type\":\"WebSite\",\"@id\":\"https:\/\/www.cerakotesa.com\/#website\",\"url\":\"https:\/\/www.cerakotesa.com\/\",\"name\":\"Cerakote South Africa\",\"description\":\"Cerakote is a global leader in the manufacturing of thin-film protective ceramic coatings\",\"potentialAction\":[{\"@type\":\"SearchAction\",\"target\":{\"@type\":\"EntryPoint\",\"urlTemplate\":\"https:\/\/www.cerakotesa.com\/?s={search_term_string}\"},\"query-input\":{\"@type\":\"PropertyValueSpecification\",\"valueRequired\":true,\"valueName\":\"search_term_string\"}}],\"inLanguage\":\"fr-FR\"}]}<\/script>\n<!-- \/ Yoast SEO plugin. -->","yoast_head_json":{"title":"High Foam Vehicle Shampoo (pH Neutral) AH-VEHSHAM - Cerakote South Africa","description":"Technologie de nettoyage hautement moussante, parfaite pour pr\u00e9parer ou entretenir un rev\u00eatement c\u00e9ramique !","robots":{"index":"index","follow":"follow","max-snippet":"max-snippet:-1","max-image-preview":"max-image-preview:large","max-video-preview":"max-video-preview:-1"},"canonical":"https:\/\/www.cerakotesa.com\/fr\/produit\/high-foam-vehicle-shampoo-ph-neutral-ah-rchfvs\/","og_locale":"fr_FR","og_type":"article","og_title":"High Foam Vehicle Shampoo (pH Neutral) AH-VEHSHAM - Cerakote South Africa","og_description":"High foaming cleaning technology perfect for prepping or maintaining a ceramic coating!","og_url":"https:\/\/www.cerakotesa.com\/fr\/produit\/high-foam-vehicle-shampoo-ph-neutral-ah-rchfvs\/","og_site_name":"Cerakote South Africa","article_modified_time":"2025-03-11T17:14:30+00:00","og_image":[{"width":1280,"height":1280,"url":"https:\/\/www.cerakotesa.com\/wp-content\/uploads\/2025\/02\/22_source_1738086665.jpg","type":"image\/jpeg"}],"twitter_card":"summary_large_image","twitter_misc":{"Dur\u00e9e de lecture estim\u00e9e":"1 minute"},"schema":{"@context":"https:\/\/schema.org","@graph":[{"@type":"WebPage","@id":"https:\/\/www.cerakotesa.com\/product\/high-foam-vehicle-shampoo-ph-neutral-ah-rchfvs\/","url":"https:\/\/www.cerakotesa.com\/product\/high-foam-vehicle-shampoo-ph-neutral-ah-rchfvs\/","name":"High Foam Vehicle Shampoo (pH Neutral) AH-VEHSHAM - Cerakote South Africa","isPartOf":{"@id":"https:\/\/www.cerakotesa.com\/#website"},"primaryImageOfPage":{"@id":"https:\/\/www.cerakotesa.com\/product\/high-foam-vehicle-shampoo-ph-neutral-ah-rchfvs\/#primaryimage"},"image":{"@id":"https:\/\/www.cerakotesa.com\/product\/high-foam-vehicle-shampoo-ph-neutral-ah-rchfvs\/#primaryimage"},"thumbnailUrl":"https:\/\/www.cerakotesa.com\/wp-content\/uploads\/2025\/02\/22_source_1738086665.jpg","datePublished":"2025-02-26T14:08:23+00:00","dateModified":"2025-03-11T17:14:30+00:00","description":"Technologie de nettoyage hautement moussante, parfaite pour pr\u00e9parer ou entretenir un rev\u00eatement c\u00e9ramique !","breadcrumb":{"@id":"https:\/\/www.cerakotesa.com\/product\/high-foam-vehicle-shampoo-ph-neutral-ah-rchfvs\/#breadcrumb"},"inLanguage":"fr-FR","potentialAction":[{"@type":"ReadAction","target":["https:\/\/www.cerakotesa.com\/product\/high-foam-vehicle-shampoo-ph-neutral-ah-rchfvs\/"]}]},{"@type":"ImageObject","inLanguage":"fr-FR","@id":"https:\/\/www.cerakotesa.com\/product\/high-foam-vehicle-shampoo-ph-neutral-ah-rchfvs\/#primaryimage","url":"https:\/\/www.cerakotesa.com\/wp-content\/uploads\/2025\/02\/22_source_1738086665.jpg","contentUrl":"https:\/\/www.cerakotesa.com\/wp-content\/uploads\/2025\/02\/22_source_1738086665.jpg","width":1280,"height":1280},{"@type":"BreadcrumbList","@id":"https:\/\/www.cerakotesa.com\/product\/high-foam-vehicle-shampoo-ph-neutral-ah-rchfvs\/#breadcrumb","itemListElement":[{"@type":"ListItem","position":1,"name":"Home","item":"https:\/\/www.cerakotesa.com\/"},{"@type":"ListItem","position":2,"name":"Products","item":"https:\/\/www.cerakotesa.com\/shop\/"},{"@type":"ListItem","position":3,"name":"High Foam Vehicle Shampoo (pH Neutral) AH-VEHSHAM"}]},{"@type":"WebSite","@id":"https:\/\/www.cerakotesa.com\/#website","url":"https:\/\/www.cerakotesa.com\/","name":"Cerakote South Africa","description":"Cerakote est un leader mondial dans la fabrication de rev\u00eatements c\u00e9ramiques protecteurs en couches minces.","potentialAction":[{"@type":"SearchAction","target":{"@type":"EntryPoint","urlTemplate":"https:\/\/www.cerakotesa.com\/?s={search_term_string}"},"query-input":{"@type":"PropertyValueSpecification","valueRequired":true,"valueName":"search_term_string"}}],"inLanguage":"fr-FR"}]}},"acf":[],"_links":{"self":[{"href":"https:\/\/www.cerakotesa.com\/fr\/wp-json\/wp\/v2\/product\/20625","targetHints":{"allow":["GET"]}}],"collection":[{"href":"https:\/\/www.cerakotesa.com\/fr\/wp-json\/wp\/v2\/product"}],"about":[{"href":"https:\/\/www.cerakotesa.com\/fr\/wp-json\/wp\/v2\/types\/product"}],"replies":[{"embeddable":true,"href":"https:\/\/www.cerakotesa.com\/fr\/wp-json\/wp\/v2\/comments?post=20625"}],"wp:featuredmedia":[{"embeddable":true,"href":"https:\/\/www.cerakotesa.com\/fr\/wp-json\/wp\/v2\/media\/20626"}],"wp:attachment":[{"href":"https:\/\/www.cerakotesa.com\/fr\/wp-json\/wp\/v2\/media?parent=20625"}],"wp:term":[{"taxonomy":"product_brand","embeddable":true,"href":"https:\/\/www.cerakotesa.com\/fr\/wp-json\/wp\/v2\/product_brand?post=20625"},{"taxonomy":"product_cat","embeddable":true,"href":"https:\/\/www.cerakotesa.com\/fr\/wp-json\/wp\/v2\/product_cat?post=20625"},{"taxonomy":"product_tag","embeddable":true,"href":"https:\/\/www.cerakotesa.com\/fr\/wp-json\/wp\/v2\/product_tag?post=20625"}],"curies":[{"name":"wp","href":"https:\/\/api.w.org\/{rel}","templated":true}]}}