{"id":20630,"date":"2025-02-26T14:14:59","date_gmt":"2025-02-26T14:14:59","guid":{"rendered":"https:\/\/www.cerakotesa.com\/?post_type=product&#038;p=20630"},"modified":"2025-12-11T09:54:03","modified_gmt":"2025-12-11T09:54:03","slug":"cerakote-platinum-rapid-ceramic-paint-sealant-bulk-ah-rcpaint-q","status":"publish","type":"product","link":"https:\/\/www.cerakotesa.com\/fr\/produit\/cerakote-platinum-rapid-ceramic-paint-sealant-bulk-ah-rcpaint-q\/","title":{"rendered":"CERAKOTE\u00ae Platinum Rapid Ceramic Paint Sealant - Vrac AH-RCPAINT"},"content":{"rendered":"","protected":false},"excerpt":{"rendered":"<p>Le Pro-Pack de Cerakote Rapid Ceramic Paint Sealant a \u00e9t\u00e9 con\u00e7u \u00e0 la demande g\u00e9n\u00e9rale pour les professionnels de l'esth\u00e9tique et les concessionnaires automobiles qui ont besoin d'un acc\u00e8s rapide et facile \u00e0 des produits en vrac. Nos options en vrac permettent de multiplier par 4 \u00e0 16 le volume d'application de notre kit standard de 8 oz avec le m\u00eame niveau de performance d'\u00e9lite.<\/p>\n<ul>\n<li>Il s'agit sans conteste du niveau de brillance et d'\u00e9clat le plus \u00e9lev\u00e9 que vous puissiez conna\u00eetre. Obtenez des r\u00e9sultats semblables \u00e0 ceux d'un miroir en une simple application, dans votre propre all\u00e9e.<\/li>\n<li>La v\u00e9ritable technologie c\u00e9ramique de Cerakote repousse l'eau, la salet\u00e9 de la route, la boue et la poussi\u00e8re, ce qui permet \u00e0 votre voiture de rester propre plus longtemps !<\/li>\n<li>Il suffit de laver et de s\u00e9cher votre v\u00e9hicule comme vous le feriez normalement. Vaporisez ensuite uniform\u00e9ment une l\u00e9g\u00e8re couche directement sur un panneau ou une petite zone de votre v\u00e9hicule en utilisant la m\u00e9thode de pulv\u00e9risation de votre choix. Il suffit ensuite de polir avec une serviette en microfibre et de profiter d'une brillance et d'une hydrophobie in\u00e9gal\u00e9es dans l'industrie !<\/li>\n<\/ul>\n<p>Il suffit de le toucher pour se rendre compte de la finesse de cette finition.<\/p>\n<p>Il s'agit sans conteste du niveau de brillance et d'\u00e9clat le plus \u00e9lev\u00e9 que vous puissiez conna\u00eetre. Obtenez des r\u00e9sultats semblables \u00e0 ceux d'un miroir en une simple application, dans votre propre all\u00e9e.<\/p>\n<p>La v\u00e9ritable technologie c\u00e9ramique de Cerakote repousse l'eau, la salet\u00e9 de la route, la boue et la poussi\u00e8re, ce qui permet \u00e0 votre voiture de rester propre plus longtemps !<\/p>\n<p>Il suffit de laver et de s\u00e9cher votre v\u00e9hicule comme vous le feriez normalement. Vaporisez ensuite une l\u00e9g\u00e8re couche directement sur un panneau ou une petite zone de votre v\u00e9hicule, puis polissez l\u00e9g\u00e8rement le rev\u00eatement pour obtenir une brillance incroyable ! Il n'y a rien de plus facile !<\/p>\n<p><a title=\"Vid\u00e9o d&#039;application\" href=\"https:\/\/cerakoteceramics.com\/paint-sealant-instructions\/\">Vid\u00e9o d'application<\/a><\/p>","protected":false},"featured_media":20631,"comment_status":"closed","ping_status":"closed","template":"","meta":{"_acf_changed":false},"product_brand":[],"product_cat":[1056],"product_tag":[1159,954,1158,33,956,958],"class_list":{"0":"post-20630","1":"product","2":"type-product","3":"status-publish","4":"has-post-thumbnail","6":"product_cat-auto-home","7":"product_tag-ah-rcpaint-q","8":"product_tag-auto-and-home","9":"product_tag-bulk","10":"product_tag-cerakote","11":"product_tag-paint-sealant","12":"product_tag-rapid-ceramic","14":"first","15":"instock","16":"taxable","17":"shipping-taxable","18":"product-type-variable"},"yoast_head":"<!-- This site is optimized with the Yoast SEO plugin v26.7 - https:\/\/yoast.com\/wordpress\/plugins\/seo\/ -->\n<title>CERAKOTE\u00ae Platinum Rapid Ceramic Paint Sealant - Bulk AH-RCPAINT - Cerakote South Africa<\/title>\n<meta name=\"description\" content=\"Hands down the highest level of gloss and shine you will ever experience. Achieve mirror-like results in a simple application.\" \/>\n<meta name=\"robots\" content=\"index, follow, max-snippet:-1, max-image-preview:large, max-video-preview:-1\" \/>\n<link rel=\"canonical\" href=\"https:\/\/www.cerakotesa.com\/fr\/produit\/cerakote-platinum-rapid-ceramic-paint-sealant-bulk-ah-rcpaint-q\/\" \/>\n<meta property=\"og:locale\" content=\"fr_FR\" \/>\n<meta property=\"og:type\" content=\"article\" \/>\n<meta property=\"og:title\" content=\"CERAKOTE\u00ae Platinum Rapid Ceramic Paint Sealant - Bulk AH-RCPAINT - Cerakote South Africa\" \/>\n<meta property=\"og:description\" content=\"Hands down the highest level of gloss and shine you will ever experience. Achieve mirror-like results in a simple application.\" \/>\n<meta property=\"og:url\" content=\"https:\/\/www.cerakotesa.com\/fr\/produit\/cerakote-platinum-rapid-ceramic-paint-sealant-bulk-ah-rcpaint-q\/\" \/>\n<meta property=\"og:site_name\" content=\"Cerakote South Africa\" \/>\n<meta property=\"article:modified_time\" content=\"2025-12-11T09:54:03+00:00\" \/>\n<meta property=\"og:image\" content=\"https:\/\/www.cerakotesa.com\/wp-content\/uploads\/2025\/02\/8_source_1740423630.jpg\" \/>\n\t<meta property=\"og:image:width\" content=\"1280\" \/>\n\t<meta property=\"og:image:height\" content=\"1280\" \/>\n\t<meta property=\"og:image:type\" content=\"image\/jpeg\" \/>\n<meta name=\"twitter:card\" content=\"summary_large_image\" \/>\n<meta name=\"twitter:label1\" content=\"Dur\u00e9e de lecture estim\u00e9e\" \/>\n\t<meta name=\"twitter:data1\" content=\"1 minute\" \/>\n<script type=\"application\/ld+json\" class=\"yoast-schema-graph\">{\"@context\":\"https:\/\/schema.org\",\"@graph\":[{\"@type\":\"WebPage\",\"@id\":\"https:\/\/www.cerakotesa.com\/product\/cerakote-platinum-rapid-ceramic-paint-sealant-bulk-ah-rcpaint-q\/\",\"url\":\"https:\/\/www.cerakotesa.com\/product\/cerakote-platinum-rapid-ceramic-paint-sealant-bulk-ah-rcpaint-q\/\",\"name\":\"CERAKOTE\u00ae Platinum Rapid Ceramic Paint Sealant - Bulk AH-RCPAINT - Cerakote South Africa\",\"isPartOf\":{\"@id\":\"https:\/\/www.cerakotesa.com\/#website\"},\"primaryImageOfPage\":{\"@id\":\"https:\/\/www.cerakotesa.com\/product\/cerakote-platinum-rapid-ceramic-paint-sealant-bulk-ah-rcpaint-q\/#primaryimage\"},\"image\":{\"@id\":\"https:\/\/www.cerakotesa.com\/product\/cerakote-platinum-rapid-ceramic-paint-sealant-bulk-ah-rcpaint-q\/#primaryimage\"},\"thumbnailUrl\":\"https:\/\/www.cerakotesa.com\/wp-content\/uploads\/2025\/02\/8_source_1740423630.jpg\",\"datePublished\":\"2025-02-26T14:14:59+00:00\",\"dateModified\":\"2025-12-11T09:54:03+00:00\",\"description\":\"Hands down the highest level of gloss and shine you will ever experience. Achieve mirror-like results in a simple application.\",\"breadcrumb\":{\"@id\":\"https:\/\/www.cerakotesa.com\/product\/cerakote-platinum-rapid-ceramic-paint-sealant-bulk-ah-rcpaint-q\/#breadcrumb\"},\"inLanguage\":\"fr-FR\",\"potentialAction\":[{\"@type\":\"ReadAction\",\"target\":[\"https:\/\/www.cerakotesa.com\/product\/cerakote-platinum-rapid-ceramic-paint-sealant-bulk-ah-rcpaint-q\/\"]}]},{\"@type\":\"ImageObject\",\"inLanguage\":\"fr-FR\",\"@id\":\"https:\/\/www.cerakotesa.com\/product\/cerakote-platinum-rapid-ceramic-paint-sealant-bulk-ah-rcpaint-q\/#primaryimage\",\"url\":\"https:\/\/www.cerakotesa.com\/wp-content\/uploads\/2025\/02\/8_source_1740423630.jpg\",\"contentUrl\":\"https:\/\/www.cerakotesa.com\/wp-content\/uploads\/2025\/02\/8_source_1740423630.jpg\",\"width\":1280,\"height\":1280},{\"@type\":\"BreadcrumbList\",\"@id\":\"https:\/\/www.cerakotesa.com\/product\/cerakote-platinum-rapid-ceramic-paint-sealant-bulk-ah-rcpaint-q\/#breadcrumb\",\"itemListElement\":[{\"@type\":\"ListItem\",\"position\":1,\"name\":\"Home\",\"item\":\"https:\/\/www.cerakotesa.com\/\"},{\"@type\":\"ListItem\",\"position\":2,\"name\":\"Products\",\"item\":\"https:\/\/www.cerakotesa.com\/shop\/\"},{\"@type\":\"ListItem\",\"position\":3,\"name\":\"CERAKOTE\u00ae Platinum Rapid Ceramic Paint Sealant &#8211; Bulk AH-RCPAINT\"}]},{\"@type\":\"WebSite\",\"@id\":\"https:\/\/www.cerakotesa.com\/#website\",\"url\":\"https:\/\/www.cerakotesa.com\/\",\"name\":\"Cerakote South Africa\",\"description\":\"Cerakote is a global leader in the manufacturing of thin-film protective ceramic coatings\",\"potentialAction\":[{\"@type\":\"SearchAction\",\"target\":{\"@type\":\"EntryPoint\",\"urlTemplate\":\"https:\/\/www.cerakotesa.com\/?s={search_term_string}\"},\"query-input\":{\"@type\":\"PropertyValueSpecification\",\"valueRequired\":true,\"valueName\":\"search_term_string\"}}],\"inLanguage\":\"fr-FR\"}]}<\/script>\n<!-- \/ Yoast SEO plugin. -->","yoast_head_json":{"title":"CERAKOTE\u00ae Platinum Rapid Ceramic Paint Sealant - Bulk AH-RCPAINT - Cerakote South Africa","description":"Il s'agit sans conteste du niveau de brillance le plus \u00e9lev\u00e9 que vous puissiez conna\u00eetre. Obtenez des r\u00e9sultats dignes d'un miroir en une simple application.","robots":{"index":"index","follow":"follow","max-snippet":"max-snippet:-1","max-image-preview":"max-image-preview:large","max-video-preview":"max-video-preview:-1"},"canonical":"https:\/\/www.cerakotesa.com\/fr\/produit\/cerakote-platinum-rapid-ceramic-paint-sealant-bulk-ah-rcpaint-q\/","og_locale":"fr_FR","og_type":"article","og_title":"CERAKOTE\u00ae Platinum Rapid Ceramic Paint Sealant - Bulk AH-RCPAINT - Cerakote South Africa","og_description":"Hands down the highest level of gloss and shine you will ever experience. Achieve mirror-like results in a simple application.","og_url":"https:\/\/www.cerakotesa.com\/fr\/produit\/cerakote-platinum-rapid-ceramic-paint-sealant-bulk-ah-rcpaint-q\/","og_site_name":"Cerakote South Africa","article_modified_time":"2025-12-11T09:54:03+00:00","og_image":[{"width":1280,"height":1280,"url":"https:\/\/www.cerakotesa.com\/wp-content\/uploads\/2025\/02\/8_source_1740423630.jpg","type":"image\/jpeg"}],"twitter_card":"summary_large_image","twitter_misc":{"Dur\u00e9e de lecture estim\u00e9e":"1 minute"},"schema":{"@context":"https:\/\/schema.org","@graph":[{"@type":"WebPage","@id":"https:\/\/www.cerakotesa.com\/product\/cerakote-platinum-rapid-ceramic-paint-sealant-bulk-ah-rcpaint-q\/","url":"https:\/\/www.cerakotesa.com\/product\/cerakote-platinum-rapid-ceramic-paint-sealant-bulk-ah-rcpaint-q\/","name":"CERAKOTE\u00ae Platinum Rapid Ceramic Paint Sealant - Bulk AH-RCPAINT - Cerakote South Africa","isPartOf":{"@id":"https:\/\/www.cerakotesa.com\/#website"},"primaryImageOfPage":{"@id":"https:\/\/www.cerakotesa.com\/product\/cerakote-platinum-rapid-ceramic-paint-sealant-bulk-ah-rcpaint-q\/#primaryimage"},"image":{"@id":"https:\/\/www.cerakotesa.com\/product\/cerakote-platinum-rapid-ceramic-paint-sealant-bulk-ah-rcpaint-q\/#primaryimage"},"thumbnailUrl":"https:\/\/www.cerakotesa.com\/wp-content\/uploads\/2025\/02\/8_source_1740423630.jpg","datePublished":"2025-02-26T14:14:59+00:00","dateModified":"2025-12-11T09:54:03+00:00","description":"Il s'agit sans conteste du niveau de brillance le plus \u00e9lev\u00e9 que vous puissiez conna\u00eetre. Obtenez des r\u00e9sultats dignes d'un miroir en une simple application.","breadcrumb":{"@id":"https:\/\/www.cerakotesa.com\/product\/cerakote-platinum-rapid-ceramic-paint-sealant-bulk-ah-rcpaint-q\/#breadcrumb"},"inLanguage":"fr-FR","potentialAction":[{"@type":"ReadAction","target":["https:\/\/www.cerakotesa.com\/product\/cerakote-platinum-rapid-ceramic-paint-sealant-bulk-ah-rcpaint-q\/"]}]},{"@type":"ImageObject","inLanguage":"fr-FR","@id":"https:\/\/www.cerakotesa.com\/product\/cerakote-platinum-rapid-ceramic-paint-sealant-bulk-ah-rcpaint-q\/#primaryimage","url":"https:\/\/www.cerakotesa.com\/wp-content\/uploads\/2025\/02\/8_source_1740423630.jpg","contentUrl":"https:\/\/www.cerakotesa.com\/wp-content\/uploads\/2025\/02\/8_source_1740423630.jpg","width":1280,"height":1280},{"@type":"BreadcrumbList","@id":"https:\/\/www.cerakotesa.com\/product\/cerakote-platinum-rapid-ceramic-paint-sealant-bulk-ah-rcpaint-q\/#breadcrumb","itemListElement":[{"@type":"ListItem","position":1,"name":"Home","item":"https:\/\/www.cerakotesa.com\/"},{"@type":"ListItem","position":2,"name":"Products","item":"https:\/\/www.cerakotesa.com\/shop\/"},{"@type":"ListItem","position":3,"name":"CERAKOTE\u00ae Platinum Rapid Ceramic Paint Sealant &#8211; Bulk AH-RCPAINT"}]},{"@type":"WebSite","@id":"https:\/\/www.cerakotesa.com\/#website","url":"https:\/\/www.cerakotesa.com\/","name":"Cerakote South Africa","description":"Cerakote est un leader mondial dans la fabrication de rev\u00eatements c\u00e9ramiques protecteurs en couches minces.","potentialAction":[{"@type":"SearchAction","target":{"@type":"EntryPoint","urlTemplate":"https:\/\/www.cerakotesa.com\/?s={search_term_string}"},"query-input":{"@type":"PropertyValueSpecification","valueRequired":true,"valueName":"search_term_string"}}],"inLanguage":"fr-FR"}]}},"acf":[],"_links":{"self":[{"href":"https:\/\/www.cerakotesa.com\/fr\/wp-json\/wp\/v2\/product\/20630","targetHints":{"allow":["GET"]}}],"collection":[{"href":"https:\/\/www.cerakotesa.com\/fr\/wp-json\/wp\/v2\/product"}],"about":[{"href":"https:\/\/www.cerakotesa.com\/fr\/wp-json\/wp\/v2\/types\/product"}],"replies":[{"embeddable":true,"href":"https:\/\/www.cerakotesa.com\/fr\/wp-json\/wp\/v2\/comments?post=20630"}],"wp:featuredmedia":[{"embeddable":true,"href":"https:\/\/www.cerakotesa.com\/fr\/wp-json\/wp\/v2\/media\/20631"}],"wp:attachment":[{"href":"https:\/\/www.cerakotesa.com\/fr\/wp-json\/wp\/v2\/media?parent=20630"}],"wp:term":[{"taxonomy":"product_brand","embeddable":true,"href":"https:\/\/www.cerakotesa.com\/fr\/wp-json\/wp\/v2\/product_brand?post=20630"},{"taxonomy":"product_cat","embeddable":true,"href":"https:\/\/www.cerakotesa.com\/fr\/wp-json\/wp\/v2\/product_cat?post=20630"},{"taxonomy":"product_tag","embeddable":true,"href":"https:\/\/www.cerakotesa.com\/fr\/wp-json\/wp\/v2\/product_tag?post=20630"}],"curies":[{"name":"wp","href":"https:\/\/api.w.org\/{rel}","templated":true}]}}