{"id":20826,"date":"2025-03-03T10:32:09","date_gmt":"2025-03-03T10:32:09","guid":{"rendered":"https:\/\/www.cerakotesa.com\/?post_type=product&#038;p=20826"},"modified":"2025-03-03T10:32:43","modified_gmt":"2025-03-03T10:32:43","slug":"f-series-swatch-set-se-2501","status":"publish","type":"product","link":"https:\/\/www.cerakotesa.com\/fr\/produit\/f-series-swatch-set-se-2501\/","title":{"rendered":"Set de montres de la s\u00e9rie F SE-2501"},"content":{"rendered":"","protected":false},"excerpt":{"rendered":"<p>La s\u00e9rie F est sp\u00e9cialement con\u00e7ue pour la production et la fabrication en grandes quantit\u00e9s en raison de son temps de durcissement rapide et de son programme de durcissement \u00e0 basse temp\u00e9rature. L'ensemble d'\u00e9chantillons de la s\u00e9rie F est une collection de nos rev\u00eatements de la s\u00e9rie F. Les \u00e9chantillons vous permettent, ainsi qu'\u00e0 vos clients, de voir et de toucher physiquement le rev\u00eatement. L'ensemble d'\u00e9chantillons de la s\u00e9rie F comprend :<\/p>\n<p>&nbsp;<\/p>\n<ul>\n<li><a href=\"https:\/\/www.cerakote.com\/shop\/cerakote-coating\/F-102\/carbon-black\" target=\"_blank\" rel=\"noopener\">Noir de carbone F-102<\/a><\/li>\n<li><a href=\"https:\/\/www.cerakote.com\/shop\/cerakote-coating\/F-103\/slate\" target=\"_blank\" rel=\"noopener\">Ardoise F-103<\/a><\/li>\n<li><a href=\"https:\/\/www.cerakote.com\/shop\/cerakote-coating\/F-104\/black-shadow\" target=\"_blank\" rel=\"noopener\">Ombre noire F-104<\/a><\/li>\n<li><a href=\"https:\/\/www.cerakote.com\/shop\/cerakote-coating\/F-105\/od-green\" target=\"_blank\" rel=\"noopener\">O.D. Green F-105<\/a><\/li>\n<li><a href=\"https:\/\/www.cerakote.com\/shop\/cerakote-coating\/F-106\/flat-dark-earth\" target=\"_blank\" rel=\"noopener\">Flat Dark Earth F-106<\/a><\/li>\n<li><a href=\"https:\/\/www.cerakote.com\/shop\/cerakote-coating\/F-107\/foliage-green\" target=\"_blank\" rel=\"noopener\">Vert feuillage F-107<\/a><\/li>\n<li><a href=\"https:\/\/www.cerakote.com\/shop\/cerakote-coating\/F-108\/bronze\" target=\"_blank\" rel=\"noopener\">Bronze F-108<\/a><\/li>\n<li><a href=\"https:\/\/www.cerakote.com\/shop\/cerakote-coating\/F-109\/storm\" target=\"_blank\" rel=\"noopener\">Storm F-109<\/a><\/li>\n<li><a href=\"https:\/\/www.cerakote.com\/shop\/cerakote-coating\/F-110\/black-ink\" target=\"_blank\" rel=\"noopener\">Encre noire F-110<\/a><\/li>\n<li><a href=\"https:\/\/www.cerakote.com\/shop\/cerakote-coating\/F-111\/platinum\" target=\"_blank\" rel=\"noopener\">Platine F-111<\/a><\/li>\n<li><a href=\"https:\/\/www.cerakote.com\/shop\/cerakote-coating\/F-112\/satin-aluminum\" target=\"_blank\" rel=\"noopener\">Aluminium satin\u00e9 F-112<\/a><\/li>\n<li><a href=\"https:\/\/www.cerakote.com\/shop\/cerakote-coating\/F-113\/badlands\" target=\"_blank\" rel=\"noopener\">Badlands F-113<\/a><\/li>\n<li><a href=\"https:\/\/www.cerakote.com\/shop\/cerakote-coating\/F-114\/m17-coyote-tan\" target=\"_blank\" rel=\"noopener\">M17 Coyote Tan F-114<\/a><\/li>\n<li><a href=\"https:\/\/www.cerakote.com\/shop\/cerakote-coating\/F-115\/fs-20150\" target=\"_blank\" rel=\"noopener\">FS 20150 F-115<\/a><\/li>\n<li><a href=\"https:\/\/www.cerakote.com\/shop\/cerakote-coating\/F-117\/navy-blue\" target=\"_blank\" rel=\"noopener\">Navy Bleu F-117<\/a><\/li>\n<li><a href=\"https:\/\/www.cerakote.com\/shop\/cerakote-coating\/F-118\/shale\" target=\"_blank\" rel=\"noopener\">Shale F-118<\/a><\/li>\n<li><a href=\"https:\/\/www.cerakote.com\/shop\/cerakote-coating\/F-119\/magpul-od-green\" target=\"_blank\" rel=\"noopener\">MagPul O.D. Green F-119<\/a><\/li>\n<li><a href=\"https:\/\/www.cerakote.com\/shop\/cerakote-coating\/F-120\/shamrock\" target=\"_blank\" rel=\"noopener\">Shamrock F-120<\/a><\/li>\n<li><a href=\"https:\/\/www.cerakote.com\/shop\/cerakote-coating\/F-121\/bolt-blue\" target=\"_blank\" rel=\"noopener\">Bolt Blue F-121<\/a><\/li>\n<li><a href=\"https:\/\/www.cerakote.com\/shop\/cerakote-coating\/F-122\/yellow-jacket\" target=\"_blank\" rel=\"noopener\">Veste jaune F-122<\/a><\/li>\n<li><a href=\"https:\/\/www.cerakote.com\/shop\/cerakote-coating\/F-123\/burnt-orange\" target=\"_blank\" rel=\"noopener\">Orange br\u00fbl\u00e9 F-123<\/a><\/li>\n<li><a href=\"https:\/\/www.cerakote.com\/shop\/cerakote-coating\/FIR-265\/fir-265\" target=\"_blank\" rel=\"noopener\">Flat Dark Earth FIR-265<\/a><\/li>\n<\/ul>","protected":false},"featured_media":20827,"comment_status":"closed","ping_status":"closed","template":"","meta":{"_acf_changed":false},"product_brand":[],"product_cat":[106,978],"product_tag":[33,1169,763],"class_list":{"0":"post-20826","1":"product","2":"type-product","3":"status-publish","4":"has-post-thumbnail","6":"product_cat-equipment","7":"product_cat-swatch-sets-equipment","8":"product_tag-cerakote","9":"product_tag-f-series","10":"product_tag-swatch-set","11":"product_shipping_class-swatches","13":"first","14":"instock","15":"taxable","16":"shipping-taxable","17":"product-type-simple"},"yoast_head":"<!-- This site is optimized with the Yoast SEO plugin v26.7 - https:\/\/yoast.com\/wordpress\/plugins\/seo\/ -->\n<title>F Series Swatch Set SE-2501 - Cerakote South Africa<\/title>\n<meta name=\"robots\" content=\"index, follow, max-snippet:-1, max-image-preview:large, max-video-preview:-1\" \/>\n<link rel=\"canonical\" href=\"https:\/\/www.cerakotesa.com\/fr\/produit\/f-series-swatch-set-se-2501\/\" \/>\n<meta property=\"og:locale\" content=\"fr_FR\" \/>\n<meta property=\"og:type\" content=\"article\" \/>\n<meta property=\"og:title\" content=\"F Series Swatch Set SE-2501 - Cerakote South Africa\" \/>\n<meta property=\"og:description\" content=\"F-Series is specifically engineered for high volume production and manufacturing due to its fast cure time and low temperature curing schedule. The F Series Swatch Set is a collection of our F-Series Coatings. Swatch sets allow you and your customer to physically look at and touch the coating. The F Series Swatch Set includes:  &nbsp;   Carbon Black F-102  Slate F-103  Black Shadow F-104  O.D. Green F-105  Flat Dark Earth F-106  Foliage Green F-107  Bronze F-108  Storm F-109  Black Ink F-110  Platinum F-111  Satin Aluminum F-112  Badlands F-113  M17 Coyote Tan F-114  FS 20150 F-115  Navy Blue F-117  Shale F-118  MagPul O.D. Green F-119  Shamrock F-120  Bolt Blue F-121  Yellow Jacket F-122  Burnt Orange F-123  Flat Dark Earth FIR-265\" \/>\n<meta property=\"og:url\" content=\"https:\/\/www.cerakotesa.com\/fr\/produit\/f-series-swatch-set-se-2501\/\" \/>\n<meta property=\"og:site_name\" content=\"Cerakote South Africa\" \/>\n<meta property=\"article:modified_time\" content=\"2025-03-03T10:32:43+00:00\" \/>\n<meta property=\"og:image\" content=\"https:\/\/www.cerakotesa.com\/wp-content\/uploads\/2025\/03\/f-series-swatch-set-se-2501-dt20250228190356270026-thumbnail.jpg\" \/>\n\t<meta property=\"og:image:width\" content=\"600\" \/>\n\t<meta property=\"og:image:height\" content=\"600\" \/>\n\t<meta property=\"og:image:type\" content=\"image\/jpeg\" \/>\n<meta name=\"twitter:card\" content=\"summary_large_image\" \/>\n<meta name=\"twitter:label1\" content=\"Dur\u00e9e de lecture estim\u00e9e\" \/>\n\t<meta name=\"twitter:data1\" content=\"1 minute\" \/>\n<script type=\"application\/ld+json\" class=\"yoast-schema-graph\">{\"@context\":\"https:\/\/schema.org\",\"@graph\":[{\"@type\":\"WebPage\",\"@id\":\"https:\/\/www.cerakotesa.com\/product\/f-series-swatch-set-se-2501\/\",\"url\":\"https:\/\/www.cerakotesa.com\/product\/f-series-swatch-set-se-2501\/\",\"name\":\"F Series Swatch Set SE-2501 - Cerakote South Africa\",\"isPartOf\":{\"@id\":\"https:\/\/www.cerakotesa.com\/#website\"},\"primaryImageOfPage\":{\"@id\":\"https:\/\/www.cerakotesa.com\/product\/f-series-swatch-set-se-2501\/#primaryimage\"},\"image\":{\"@id\":\"https:\/\/www.cerakotesa.com\/product\/f-series-swatch-set-se-2501\/#primaryimage\"},\"thumbnailUrl\":\"https:\/\/www.cerakotesa.com\/wp-content\/uploads\/2025\/03\/f-series-swatch-set-se-2501-dt20250228190356270026-thumbnail.jpg\",\"datePublished\":\"2025-03-03T10:32:09+00:00\",\"dateModified\":\"2025-03-03T10:32:43+00:00\",\"breadcrumb\":{\"@id\":\"https:\/\/www.cerakotesa.com\/product\/f-series-swatch-set-se-2501\/#breadcrumb\"},\"inLanguage\":\"fr-FR\",\"potentialAction\":[{\"@type\":\"ReadAction\",\"target\":[\"https:\/\/www.cerakotesa.com\/product\/f-series-swatch-set-se-2501\/\"]}]},{\"@type\":\"ImageObject\",\"inLanguage\":\"fr-FR\",\"@id\":\"https:\/\/www.cerakotesa.com\/product\/f-series-swatch-set-se-2501\/#primaryimage\",\"url\":\"https:\/\/www.cerakotesa.com\/wp-content\/uploads\/2025\/03\/f-series-swatch-set-se-2501-dt20250228190356270026-thumbnail.jpg\",\"contentUrl\":\"https:\/\/www.cerakotesa.com\/wp-content\/uploads\/2025\/03\/f-series-swatch-set-se-2501-dt20250228190356270026-thumbnail.jpg\",\"width\":600,\"height\":600},{\"@type\":\"BreadcrumbList\",\"@id\":\"https:\/\/www.cerakotesa.com\/product\/f-series-swatch-set-se-2501\/#breadcrumb\",\"itemListElement\":[{\"@type\":\"ListItem\",\"position\":1,\"name\":\"Home\",\"item\":\"https:\/\/www.cerakotesa.com\/\"},{\"@type\":\"ListItem\",\"position\":2,\"name\":\"Products\",\"item\":\"https:\/\/www.cerakotesa.com\/shop\/\"},{\"@type\":\"ListItem\",\"position\":3,\"name\":\"F Series Swatch Set SE-2501\"}]},{\"@type\":\"WebSite\",\"@id\":\"https:\/\/www.cerakotesa.com\/#website\",\"url\":\"https:\/\/www.cerakotesa.com\/\",\"name\":\"Cerakote South Africa\",\"description\":\"Cerakote is a global leader in the manufacturing of thin-film protective ceramic coatings\",\"potentialAction\":[{\"@type\":\"SearchAction\",\"target\":{\"@type\":\"EntryPoint\",\"urlTemplate\":\"https:\/\/www.cerakotesa.com\/?s={search_term_string}\"},\"query-input\":{\"@type\":\"PropertyValueSpecification\",\"valueRequired\":true,\"valueName\":\"search_term_string\"}}],\"inLanguage\":\"fr-FR\"}]}<\/script>\n<!-- \/ Yoast SEO plugin. -->","yoast_head_json":{"title":"F Series Swatch Set SE-2501 - Cerakote South Africa","robots":{"index":"index","follow":"follow","max-snippet":"max-snippet:-1","max-image-preview":"max-image-preview:large","max-video-preview":"max-video-preview:-1"},"canonical":"https:\/\/www.cerakotesa.com\/fr\/produit\/f-series-swatch-set-se-2501\/","og_locale":"fr_FR","og_type":"article","og_title":"F Series Swatch Set SE-2501 - Cerakote South Africa","og_description":"F-Series is specifically engineered for high volume production and manufacturing due to its fast cure time and low temperature curing schedule. The F Series Swatch Set is a collection of our F-Series Coatings. Swatch sets allow you and your customer to physically look at and touch the coating. The F Series Swatch Set includes:  &nbsp;   Carbon Black F-102  Slate F-103  Black Shadow F-104  O.D. Green F-105  Flat Dark Earth F-106  Foliage Green F-107  Bronze F-108  Storm F-109  Black Ink F-110  Platinum F-111  Satin Aluminum F-112  Badlands F-113  M17 Coyote Tan F-114  FS 20150 F-115  Navy Blue F-117  Shale F-118  MagPul O.D. Green F-119  Shamrock F-120  Bolt Blue F-121  Yellow Jacket F-122  Burnt Orange F-123  Flat Dark Earth FIR-265","og_url":"https:\/\/www.cerakotesa.com\/fr\/produit\/f-series-swatch-set-se-2501\/","og_site_name":"Cerakote South Africa","article_modified_time":"2025-03-03T10:32:43+00:00","og_image":[{"width":600,"height":600,"url":"https:\/\/www.cerakotesa.com\/wp-content\/uploads\/2025\/03\/f-series-swatch-set-se-2501-dt20250228190356270026-thumbnail.jpg","type":"image\/jpeg"}],"twitter_card":"summary_large_image","twitter_misc":{"Dur\u00e9e de lecture estim\u00e9e":"1 minute"},"schema":{"@context":"https:\/\/schema.org","@graph":[{"@type":"WebPage","@id":"https:\/\/www.cerakotesa.com\/product\/f-series-swatch-set-se-2501\/","url":"https:\/\/www.cerakotesa.com\/product\/f-series-swatch-set-se-2501\/","name":"F Series Swatch Set SE-2501 - Cerakote South Africa","isPartOf":{"@id":"https:\/\/www.cerakotesa.com\/#website"},"primaryImageOfPage":{"@id":"https:\/\/www.cerakotesa.com\/product\/f-series-swatch-set-se-2501\/#primaryimage"},"image":{"@id":"https:\/\/www.cerakotesa.com\/product\/f-series-swatch-set-se-2501\/#primaryimage"},"thumbnailUrl":"https:\/\/www.cerakotesa.com\/wp-content\/uploads\/2025\/03\/f-series-swatch-set-se-2501-dt20250228190356270026-thumbnail.jpg","datePublished":"2025-03-03T10:32:09+00:00","dateModified":"2025-03-03T10:32:43+00:00","breadcrumb":{"@id":"https:\/\/www.cerakotesa.com\/product\/f-series-swatch-set-se-2501\/#breadcrumb"},"inLanguage":"fr-FR","potentialAction":[{"@type":"ReadAction","target":["https:\/\/www.cerakotesa.com\/product\/f-series-swatch-set-se-2501\/"]}]},{"@type":"ImageObject","inLanguage":"fr-FR","@id":"https:\/\/www.cerakotesa.com\/product\/f-series-swatch-set-se-2501\/#primaryimage","url":"https:\/\/www.cerakotesa.com\/wp-content\/uploads\/2025\/03\/f-series-swatch-set-se-2501-dt20250228190356270026-thumbnail.jpg","contentUrl":"https:\/\/www.cerakotesa.com\/wp-content\/uploads\/2025\/03\/f-series-swatch-set-se-2501-dt20250228190356270026-thumbnail.jpg","width":600,"height":600},{"@type":"BreadcrumbList","@id":"https:\/\/www.cerakotesa.com\/product\/f-series-swatch-set-se-2501\/#breadcrumb","itemListElement":[{"@type":"ListItem","position":1,"name":"Home","item":"https:\/\/www.cerakotesa.com\/"},{"@type":"ListItem","position":2,"name":"Products","item":"https:\/\/www.cerakotesa.com\/shop\/"},{"@type":"ListItem","position":3,"name":"F Series Swatch Set SE-2501"}]},{"@type":"WebSite","@id":"https:\/\/www.cerakotesa.com\/#website","url":"https:\/\/www.cerakotesa.com\/","name":"Cerakote South Africa","description":"Cerakote est un leader mondial dans la fabrication de rev\u00eatements c\u00e9ramiques protecteurs en couches minces.","potentialAction":[{"@type":"SearchAction","target":{"@type":"EntryPoint","urlTemplate":"https:\/\/www.cerakotesa.com\/?s={search_term_string}"},"query-input":{"@type":"PropertyValueSpecification","valueRequired":true,"valueName":"search_term_string"}}],"inLanguage":"fr-FR"}]}},"acf":[],"_links":{"self":[{"href":"https:\/\/www.cerakotesa.com\/fr\/wp-json\/wp\/v2\/product\/20826","targetHints":{"allow":["GET"]}}],"collection":[{"href":"https:\/\/www.cerakotesa.com\/fr\/wp-json\/wp\/v2\/product"}],"about":[{"href":"https:\/\/www.cerakotesa.com\/fr\/wp-json\/wp\/v2\/types\/product"}],"replies":[{"embeddable":true,"href":"https:\/\/www.cerakotesa.com\/fr\/wp-json\/wp\/v2\/comments?post=20826"}],"wp:featuredmedia":[{"embeddable":true,"href":"https:\/\/www.cerakotesa.com\/fr\/wp-json\/wp\/v2\/media\/20827"}],"wp:attachment":[{"href":"https:\/\/www.cerakotesa.com\/fr\/wp-json\/wp\/v2\/media?parent=20826"}],"wp:term":[{"taxonomy":"product_brand","embeddable":true,"href":"https:\/\/www.cerakotesa.com\/fr\/wp-json\/wp\/v2\/product_brand?post=20826"},{"taxonomy":"product_cat","embeddable":true,"href":"https:\/\/www.cerakotesa.com\/fr\/wp-json\/wp\/v2\/product_cat?post=20826"},{"taxonomy":"product_tag","embeddable":true,"href":"https:\/\/www.cerakotesa.com\/fr\/wp-json\/wp\/v2\/product_tag?post=20826"}],"curies":[{"name":"wp","href":"https:\/\/api.w.org\/{rel}","templated":true}]}}