{"id":21772,"date":"2025-04-29T08:38:20","date_gmt":"2025-04-29T08:38:20","guid":{"rendered":"https:\/\/www.cerakotesa.com\/?post_type=product&#038;p=21772"},"modified":"2025-04-29T08:40:16","modified_gmt":"2025-04-29T08:40:16","slug":"aurelia-bold-black-nitrile-powder-free-gloves-se-sm-01","status":"publish","type":"product","link":"https:\/\/www.cerakotesa.com\/fr\/produit\/aurelia-bold-black-nitrile-powder-free-gloves-se-sm-01\/","title":{"rendered":"Gants noirs en nitrile sans poudre SE-SM-01"},"content":{"rendered":"","protected":false},"excerpt":{"rendered":"<p>Il n'y a rien de pire qu'une bo\u00eete de gants de mauvaise qualit\u00e9... Gardez ces gants propres et utilisez ce que nous utilisons !<\/p>\n<ul>\n<li>\u00a0Les gants d'examen non poudr\u00e9s sont fabriqu\u00e9s en nitrile 100% (non latex), ambidextres, de couleur noire et non st\u00e9riles.<\/li>\n<li>Type : Non st\u00e9rile<\/li>\n<li>Conception et caract\u00e9ristiques du gant : Ambidextre et enti\u00e8rement textur\u00e9<\/li>\n<li>Utilisation : Usage unique<\/li>\n<li>Couleur : Noir<\/li>\n<li>\u00c9paisseur : 5,0 mil<\/li>\n<li>Emballage : 100 pi\u00e8ces par bo\u00eete<\/li>\n<li>Emballage automatis\u00e9 pour am\u00e9liorer la distribution de gants simples<\/li>\n<\/ul>","protected":false},"featured_media":21775,"comment_status":"closed","ping_status":"closed","template":"","meta":{"_acf_changed":false},"product_brand":[],"product_cat":[106],"product_tag":[866,33,867,1189,870,1188],"class_list":{"0":"post-21772","1":"product","2":"type-product","3":"status-publish","4":"has-post-thumbnail","6":"product_cat-equipment","7":"product_tag-black-gloves","8":"product_tag-cerakote","9":"product_tag-gloves","10":"product_tag-latex-free","11":"product_tag-nitrile","12":"product_tag-powder-free","14":"first","15":"instock","16":"taxable","17":"shipping-taxable","18":"product-type-variable"},"yoast_head":"<!-- This site is optimized with the Yoast SEO plugin v26.7 - https:\/\/yoast.com\/wordpress\/plugins\/seo\/ -->\n<title>Bold Black Nitrile Powder Free Gloves SE-SM-01 - Cerakote South Africa<\/title>\n<meta name=\"robots\" content=\"index, follow, max-snippet:-1, max-image-preview:large, max-video-preview:-1\" \/>\n<link rel=\"canonical\" href=\"https:\/\/www.cerakotesa.com\/fr\/produit\/aurelia-bold-black-nitrile-powder-free-gloves-se-sm-01\/\" \/>\n<meta property=\"og:locale\" content=\"fr_FR\" \/>\n<meta property=\"og:type\" content=\"article\" \/>\n<meta property=\"og:title\" content=\"Bold Black Nitrile Powder Free Gloves SE-SM-01 - Cerakote South Africa\" \/>\n<meta property=\"og:description\" content=\"There\u2019s nothing worse than a bad quality box of gloves\u2026 Keep those mitts clean and use what we use!   \u00a0Powder Free Examination Gloves are made from 100% Nitrile (Non Latex), ambidextrous, black color and non-sterile  Type: Non Sterile  Glove Design &amp; Feature: Ambidextrous and Fully Textured  Usage: For Single Use Only  Color: Black  Thickness: 5.0 mil  Packaging: 100 pieces per box  Automated packing to enhance single glove dispensing\" \/>\n<meta property=\"og:url\" content=\"https:\/\/www.cerakotesa.com\/fr\/produit\/aurelia-bold-black-nitrile-powder-free-gloves-se-sm-01\/\" \/>\n<meta property=\"og:site_name\" content=\"Cerakote South Africa\" \/>\n<meta property=\"article:modified_time\" content=\"2025-04-29T08:40:16+00:00\" \/>\n<meta property=\"og:image\" content=\"https:\/\/www.cerakotesa.com\/wp-content\/uploads\/2025\/04\/Screenshot-2025-04-29-at-09.25.02.png\" \/>\n\t<meta property=\"og:image:width\" content=\"1080\" \/>\n\t<meta property=\"og:image:height\" content=\"822\" \/>\n\t<meta property=\"og:image:type\" content=\"image\/png\" \/>\n<meta name=\"twitter:card\" content=\"summary_large_image\" \/>\n<meta name=\"twitter:label1\" content=\"Dur\u00e9e de lecture estim\u00e9e\" \/>\n\t<meta name=\"twitter:data1\" content=\"1 minute\" \/>\n<script type=\"application\/ld+json\" class=\"yoast-schema-graph\">{\"@context\":\"https:\/\/schema.org\",\"@graph\":[{\"@type\":\"WebPage\",\"@id\":\"https:\/\/www.cerakotesa.com\/product\/aurelia-bold-black-nitrile-powder-free-gloves-se-sm-01\/\",\"url\":\"https:\/\/www.cerakotesa.com\/product\/aurelia-bold-black-nitrile-powder-free-gloves-se-sm-01\/\",\"name\":\"Bold Black Nitrile Powder Free Gloves SE-SM-01 - Cerakote South Africa\",\"isPartOf\":{\"@id\":\"https:\/\/www.cerakotesa.com\/#website\"},\"primaryImageOfPage\":{\"@id\":\"https:\/\/www.cerakotesa.com\/product\/aurelia-bold-black-nitrile-powder-free-gloves-se-sm-01\/#primaryimage\"},\"image\":{\"@id\":\"https:\/\/www.cerakotesa.com\/product\/aurelia-bold-black-nitrile-powder-free-gloves-se-sm-01\/#primaryimage\"},\"thumbnailUrl\":\"https:\/\/www.cerakotesa.com\/wp-content\/uploads\/2025\/04\/Screenshot-2025-04-29-at-09.25.02.png\",\"datePublished\":\"2025-04-29T08:38:20+00:00\",\"dateModified\":\"2025-04-29T08:40:16+00:00\",\"breadcrumb\":{\"@id\":\"https:\/\/www.cerakotesa.com\/product\/aurelia-bold-black-nitrile-powder-free-gloves-se-sm-01\/#breadcrumb\"},\"inLanguage\":\"fr-FR\",\"potentialAction\":[{\"@type\":\"ReadAction\",\"target\":[\"https:\/\/www.cerakotesa.com\/product\/aurelia-bold-black-nitrile-powder-free-gloves-se-sm-01\/\"]}]},{\"@type\":\"ImageObject\",\"inLanguage\":\"fr-FR\",\"@id\":\"https:\/\/www.cerakotesa.com\/product\/aurelia-bold-black-nitrile-powder-free-gloves-se-sm-01\/#primaryimage\",\"url\":\"https:\/\/www.cerakotesa.com\/wp-content\/uploads\/2025\/04\/Screenshot-2025-04-29-at-09.25.02.png\",\"contentUrl\":\"https:\/\/www.cerakotesa.com\/wp-content\/uploads\/2025\/04\/Screenshot-2025-04-29-at-09.25.02.png\",\"width\":1080,\"height\":822},{\"@type\":\"BreadcrumbList\",\"@id\":\"https:\/\/www.cerakotesa.com\/product\/aurelia-bold-black-nitrile-powder-free-gloves-se-sm-01\/#breadcrumb\",\"itemListElement\":[{\"@type\":\"ListItem\",\"position\":1,\"name\":\"Home\",\"item\":\"https:\/\/www.cerakotesa.com\/\"},{\"@type\":\"ListItem\",\"position\":2,\"name\":\"Products\",\"item\":\"https:\/\/www.cerakotesa.com\/shop\/\"},{\"@type\":\"ListItem\",\"position\":3,\"name\":\"Bold Black Nitrile Powder Free Gloves SE-SM-01\"}]},{\"@type\":\"WebSite\",\"@id\":\"https:\/\/www.cerakotesa.com\/#website\",\"url\":\"https:\/\/www.cerakotesa.com\/\",\"name\":\"Cerakote South Africa\",\"description\":\"Cerakote is a global leader in the manufacturing of thin-film protective ceramic coatings\",\"potentialAction\":[{\"@type\":\"SearchAction\",\"target\":{\"@type\":\"EntryPoint\",\"urlTemplate\":\"https:\/\/www.cerakotesa.com\/?s={search_term_string}\"},\"query-input\":{\"@type\":\"PropertyValueSpecification\",\"valueRequired\":true,\"valueName\":\"search_term_string\"}}],\"inLanguage\":\"fr-FR\"}]}<\/script>\n<!-- \/ Yoast SEO plugin. -->","yoast_head_json":{"title":"Bold Black Nitrile Powder Free Gloves SE-SM-01 - Cerakote South Africa","robots":{"index":"index","follow":"follow","max-snippet":"max-snippet:-1","max-image-preview":"max-image-preview:large","max-video-preview":"max-video-preview:-1"},"canonical":"https:\/\/www.cerakotesa.com\/fr\/produit\/aurelia-bold-black-nitrile-powder-free-gloves-se-sm-01\/","og_locale":"fr_FR","og_type":"article","og_title":"Bold Black Nitrile Powder Free Gloves SE-SM-01 - Cerakote South Africa","og_description":"There\u2019s nothing worse than a bad quality box of gloves\u2026 Keep those mitts clean and use what we use!   \u00a0Powder Free Examination Gloves are made from 100% Nitrile (Non Latex), ambidextrous, black color and non-sterile  Type: Non Sterile  Glove Design &amp; Feature: Ambidextrous and Fully Textured  Usage: For Single Use Only  Color: Black  Thickness: 5.0 mil  Packaging: 100 pieces per box  Automated packing to enhance single glove dispensing","og_url":"https:\/\/www.cerakotesa.com\/fr\/produit\/aurelia-bold-black-nitrile-powder-free-gloves-se-sm-01\/","og_site_name":"Cerakote South Africa","article_modified_time":"2025-04-29T08:40:16+00:00","og_image":[{"width":1080,"height":822,"url":"https:\/\/www.cerakotesa.com\/wp-content\/uploads\/2025\/04\/Screenshot-2025-04-29-at-09.25.02.png","type":"image\/png"}],"twitter_card":"summary_large_image","twitter_misc":{"Dur\u00e9e de lecture estim\u00e9e":"1 minute"},"schema":{"@context":"https:\/\/schema.org","@graph":[{"@type":"WebPage","@id":"https:\/\/www.cerakotesa.com\/product\/aurelia-bold-black-nitrile-powder-free-gloves-se-sm-01\/","url":"https:\/\/www.cerakotesa.com\/product\/aurelia-bold-black-nitrile-powder-free-gloves-se-sm-01\/","name":"Bold Black Nitrile Powder Free Gloves SE-SM-01 - Cerakote South Africa","isPartOf":{"@id":"https:\/\/www.cerakotesa.com\/#website"},"primaryImageOfPage":{"@id":"https:\/\/www.cerakotesa.com\/product\/aurelia-bold-black-nitrile-powder-free-gloves-se-sm-01\/#primaryimage"},"image":{"@id":"https:\/\/www.cerakotesa.com\/product\/aurelia-bold-black-nitrile-powder-free-gloves-se-sm-01\/#primaryimage"},"thumbnailUrl":"https:\/\/www.cerakotesa.com\/wp-content\/uploads\/2025\/04\/Screenshot-2025-04-29-at-09.25.02.png","datePublished":"2025-04-29T08:38:20+00:00","dateModified":"2025-04-29T08:40:16+00:00","breadcrumb":{"@id":"https:\/\/www.cerakotesa.com\/product\/aurelia-bold-black-nitrile-powder-free-gloves-se-sm-01\/#breadcrumb"},"inLanguage":"fr-FR","potentialAction":[{"@type":"ReadAction","target":["https:\/\/www.cerakotesa.com\/product\/aurelia-bold-black-nitrile-powder-free-gloves-se-sm-01\/"]}]},{"@type":"ImageObject","inLanguage":"fr-FR","@id":"https:\/\/www.cerakotesa.com\/product\/aurelia-bold-black-nitrile-powder-free-gloves-se-sm-01\/#primaryimage","url":"https:\/\/www.cerakotesa.com\/wp-content\/uploads\/2025\/04\/Screenshot-2025-04-29-at-09.25.02.png","contentUrl":"https:\/\/www.cerakotesa.com\/wp-content\/uploads\/2025\/04\/Screenshot-2025-04-29-at-09.25.02.png","width":1080,"height":822},{"@type":"BreadcrumbList","@id":"https:\/\/www.cerakotesa.com\/product\/aurelia-bold-black-nitrile-powder-free-gloves-se-sm-01\/#breadcrumb","itemListElement":[{"@type":"ListItem","position":1,"name":"Home","item":"https:\/\/www.cerakotesa.com\/"},{"@type":"ListItem","position":2,"name":"Products","item":"https:\/\/www.cerakotesa.com\/shop\/"},{"@type":"ListItem","position":3,"name":"Bold Black Nitrile Powder Free Gloves SE-SM-01"}]},{"@type":"WebSite","@id":"https:\/\/www.cerakotesa.com\/#website","url":"https:\/\/www.cerakotesa.com\/","name":"Cerakote South Africa","description":"Cerakote est un leader mondial dans la fabrication de rev\u00eatements c\u00e9ramiques protecteurs en couches minces.","potentialAction":[{"@type":"SearchAction","target":{"@type":"EntryPoint","urlTemplate":"https:\/\/www.cerakotesa.com\/?s={search_term_string}"},"query-input":{"@type":"PropertyValueSpecification","valueRequired":true,"valueName":"search_term_string"}}],"inLanguage":"fr-FR"}]}},"acf":[],"_links":{"self":[{"href":"https:\/\/www.cerakotesa.com\/fr\/wp-json\/wp\/v2\/product\/21772","targetHints":{"allow":["GET"]}}],"collection":[{"href":"https:\/\/www.cerakotesa.com\/fr\/wp-json\/wp\/v2\/product"}],"about":[{"href":"https:\/\/www.cerakotesa.com\/fr\/wp-json\/wp\/v2\/types\/product"}],"replies":[{"embeddable":true,"href":"https:\/\/www.cerakotesa.com\/fr\/wp-json\/wp\/v2\/comments?post=21772"}],"wp:featuredmedia":[{"embeddable":true,"href":"https:\/\/www.cerakotesa.com\/fr\/wp-json\/wp\/v2\/media\/21775"}],"wp:attachment":[{"href":"https:\/\/www.cerakotesa.com\/fr\/wp-json\/wp\/v2\/media?parent=21772"}],"wp:term":[{"taxonomy":"product_brand","embeddable":true,"href":"https:\/\/www.cerakotesa.com\/fr\/wp-json\/wp\/v2\/product_brand?post=21772"},{"taxonomy":"product_cat","embeddable":true,"href":"https:\/\/www.cerakotesa.com\/fr\/wp-json\/wp\/v2\/product_cat?post=21772"},{"taxonomy":"product_tag","embeddable":true,"href":"https:\/\/www.cerakotesa.com\/fr\/wp-json\/wp\/v2\/product_tag?post=21772"}],"curies":[{"name":"wp","href":"https:\/\/api.w.org\/{rel}","templated":true}]}}