{"id":23628,"date":"2025-09-01T08:43:14","date_gmt":"2025-09-01T08:43:14","guid":{"rendered":"https:\/\/www.cerakotesa.com\/?post_type=product&#038;p=23628"},"modified":"2026-01-09T08:57:10","modified_gmt":"2026-01-09T08:57:10","slug":"high-temp-swatch-set-se-2304","status":"publish","type":"product","link":"https:\/\/www.cerakotesa.com\/fr\/produit\/high-temp-swatch-set-se-2304\/","title":{"rendered":"High Temp Swatch Set (SE-2304)"},"content":{"rendered":"<h3><span style=\"color: #555555;\"><span style=\"font-size: 14.4px;\">This exclusive set features a selection of our most popular C-Series and V-Series <\/span><span style=\"caret-color: #555555; font-size: 14.4px;\">couleurs<\/span><span style=\"font-size: 14.4px;\">\u00a0specifically formulated for high-temperature performance and durability. Whether you&#8217;re coating exhaust systems, engine components, or other heat-sensitive parts, this set is an essential tool for anyone working in performance, motorsports, or heavy-duty manufacturing.<\/span><\/span><\/h3>\n<div>\n<p>Les kits d'\u00e9chantillons vous permettent, ainsi qu'\u00e0 votre client, d'observer et de toucher physiquement le rev\u00eatement.<\/p>\n<p><b>The High Temp Swatch Set includes:<\/b><\/p>\n<ul>\n<li style=\"list-style-type: none;\">\n<ul>\n<li><a href=\"https:\/\/www.cerakote.com\/shop\/cerakote-coating\/V-119\/satin-silver\" target=\"_blank\" rel=\"noopener\">Satin Silver V-119<\/a><\/li>\n<li><a href=\"https:\/\/www.cerakote.com\/shop\/cerakote-coating\/V-136\/piston-coat-oven-cure\" target=\"_blank\" rel=\"noopener\">Piston Coat V-136<\/a><\/li>\n<li><a href=\"https:\/\/www.cerakote.com\/shop\/cerakote-coating\/V-139\/titanium-red-piston-coat\" target=\"_blank\" rel=\"noopener\">Titanium Red Piston Manteau V-139<\/a><\/li>\n<li><a href=\"https:\/\/www.cerakote.com\/shop\/cerakote-coating\/V-164\/titanium\" target=\"_blank\" rel=\"noopener\">Titanium V-164<\/a><\/li>\n<li><a href=\"https:\/\/www.cerakote.com\/shop\/cerakote-coating\/V-165\/mag-silver\" target=\"_blank\" rel=\"noopener\">Mag Silver V-165<\/a><\/li>\n<li><a href=\"https:\/\/www.cerakote.com\/shop\/cerakote-coating\/V-166\/cobra-black\" target=\"_blank\" rel=\"noopener\">Cobra Black V-166<\/a><\/li>\n<li><a href=\"https:\/\/www.cerakote.com\/shop\/cerakote-coating\/V-167\/tungsten\" target=\"_blank\" rel=\"noopener\">Tungsten V-167<\/a><\/li>\n<li><a href=\"https:\/\/www.cerakote.com\/shop\/cerakote-coating\/V-168\/cobalt\" target=\"_blank\" rel=\"noopener\">Cobalt V-168<\/a><\/li>\n<li><a href=\"https:\/\/www.cerakote.com\/shop\/cerakote-coating\/V-169\/jet-black\" target=\"_blank\" rel=\"noopener\">Jet Black V-169<\/a><\/li>\n<li><a href=\"https:\/\/www.cerakote.com\/shop\/cerakote-coating\/V-171\/turbine-coat\" target=\"_blank\" rel=\"noopener\">Turbine Coat V-171<\/a><\/li>\n<li><a href=\"https:\/\/www.cerakote.com\/shop\/cerakote-coating\/V-172\/gold\" target=\"_blank\" rel=\"noopener\">Gold V-172<\/a><\/li>\n<li><a href=\"https:\/\/www.cerakote.com\/shop\/cerakote-coating\/C-102\/graphite-black\" target=\"_blank\" rel=\"noopener\">Graphite Black C-102<\/a><\/li>\n<li><a href=\"https:\/\/www.cerakote.com\/shop\/cerakote-coating\/C-187\/transfer-grey\" target=\"_blank\" rel=\"noopener\">Transfert Gris C-187<\/a><\/li>\n<li><a href=\"https:\/\/www.cerakote.com\/shop\/cerakote-coating\/C-189\/blue-titanium\" target=\"_blank\" rel=\"noopener\">Blue Titanium C-189<\/a><\/li>\n<li><a href=\"https:\/\/www.cerakote.com\/shop\/cerakote-coating\/C-239\/sniper-grey\" target=\"_blank\" rel=\"noopener\">Sniper Grey C-239<\/a><\/li>\n<li><a href=\"https:\/\/www.cerakote.com\/shop\/cerakote-coating\/C-7300\/black-velvet\" target=\"_blank\" rel=\"noopener\">Black Velvet C-7300<\/a><\/li>\n<li><a href=\"https:\/\/www.cerakote.com\/shop\/cerakote-coating\/C-7600\/cerakote-glacier-black\" target=\"_blank\" rel=\"noopener\">Cerakote Glacier Black C-7600<\/a><\/li>\n<li><a href=\"https:\/\/www.cerakote.com\/shop\/cerakote-coating\/C-7700\/cerakote-glacier-silver\" target=\"_blank\" rel=\"noopener\">Cerakote Glacier Silver C-7700<\/a><\/li>\n<li><a href=\"https:\/\/www.cerakote.com\/shop\/cerakote-coating\/C-7900\/cerakote-glacier-titanium\" target=\"_blank\" rel=\"noopener\">Cerakote Glacier Titanium C-7900<\/a><\/li>\n<li><a href=\"https:\/\/www.cerakote.com\/shop\/cerakote-coating\/C-8200\/cerakote-glacier-forge\" target=\"_blank\" rel=\"noopener\">Cerakote Glacier Forge C-8200<\/a><\/li>\n<\/ul>\n<\/li>\n<\/ul>\n<\/div>","protected":false},"excerpt":{"rendered":"<p>This exclusive set features a selection of our most popular C-Series and V-Series colours\u00a0specifically formulated for high-temperature performance and durability. Whether you&#8217;re coating exhaust systems, engine components, or other heat-sensitive parts, this set is an essential tool for anyone working in performance, motorsports, or heavy-duty manufacturing. Swatch sets allow you and your customer to physically [&#8230;]","protected":false},"featured_media":23629,"comment_status":"closed","ping_status":"closed","template":"","meta":{"_acf_changed":false},"product_brand":[],"product_cat":[106,978],"product_tag":[1200],"class_list":{"0":"post-23628","1":"product","2":"type-product","3":"status-publish","4":"has-post-thumbnail","6":"product_cat-equipment","7":"product_cat-swatch-sets-equipment","8":"product_tag-swatchset-hightemp-hightempswatchset","9":"product_shipping_class-royal-mail-first-class","11":"first","12":"instock","13":"taxable","14":"shipping-taxable","15":"product-type-simple"},"yoast_head":"<!-- This site is optimized with the Yoast SEO plugin v26.7 - https:\/\/yoast.com\/wordpress\/plugins\/seo\/ -->\n<title>High Temp Swatch Set (SE-2304) - Cerakote South Africa<\/title>\n<meta name=\"robots\" content=\"index, follow, max-snippet:-1, max-image-preview:large, max-video-preview:-1\" \/>\n<link rel=\"canonical\" href=\"https:\/\/www.cerakotesa.com\/fr\/produit\/high-temp-swatch-set-se-2304\/\" \/>\n<meta property=\"og:locale\" content=\"fr_FR\" \/>\n<meta property=\"og:type\" content=\"article\" \/>\n<meta property=\"og:title\" content=\"High Temp Swatch Set (SE-2304) - Cerakote South Africa\" \/>\n<meta property=\"og:description\" content=\"This exclusive set features a selection of our most popular C-Series and V-Series colours\u00a0specifically formulated for high-temperature performance and durability. Whether you&#8217;re coating exhaust systems, engine components, or other heat-sensitive parts, this set is an essential tool for anyone working in performance, motorsports, or heavy-duty manufacturing. Swatch sets allow you and your customer to physically [...]\" \/>\n<meta property=\"og:url\" content=\"https:\/\/www.cerakotesa.com\/fr\/produit\/high-temp-swatch-set-se-2304\/\" \/>\n<meta property=\"og:site_name\" content=\"Cerakote South Africa\" \/>\n<meta property=\"article:modified_time\" content=\"2026-01-09T08:57:10+00:00\" \/>\n<meta name=\"twitter:card\" content=\"summary_large_image\" \/>\n<meta name=\"twitter:label1\" content=\"Dur\u00e9e de lecture estim\u00e9e\" \/>\n\t<meta name=\"twitter:data1\" content=\"1 minute\" \/>\n<script type=\"application\/ld+json\" class=\"yoast-schema-graph\">{\"@context\":\"https:\/\/schema.org\",\"@graph\":[{\"@type\":\"WebPage\",\"@id\":\"https:\/\/www.cerakotesa.com\/product\/high-temp-swatch-set-se-2304\/\",\"url\":\"https:\/\/www.cerakotesa.com\/product\/high-temp-swatch-set-se-2304\/\",\"name\":\"High Temp Swatch Set (SE-2304) - Cerakote South Africa\",\"isPartOf\":{\"@id\":\"https:\/\/www.cerakotesa.com\/#website\"},\"primaryImageOfPage\":{\"@id\":\"https:\/\/www.cerakotesa.com\/product\/high-temp-swatch-set-se-2304\/#primaryimage\"},\"image\":{\"@id\":\"https:\/\/www.cerakotesa.com\/product\/high-temp-swatch-set-se-2304\/#primaryimage\"},\"thumbnailUrl\":\"https:\/\/www.cerakotesa.com\/wp-content\/uploads\/2025\/09\/1800-performance-swatch-set-se-2304-dt20250828164616832627-thumbnail.jpg.avif\",\"datePublished\":\"2025-09-01T08:43:14+00:00\",\"dateModified\":\"2026-01-09T08:57:10+00:00\",\"breadcrumb\":{\"@id\":\"https:\/\/www.cerakotesa.com\/product\/high-temp-swatch-set-se-2304\/#breadcrumb\"},\"inLanguage\":\"fr-FR\",\"potentialAction\":[{\"@type\":\"ReadAction\",\"target\":[\"https:\/\/www.cerakotesa.com\/product\/high-temp-swatch-set-se-2304\/\"]}]},{\"@type\":\"ImageObject\",\"inLanguage\":\"fr-FR\",\"@id\":\"https:\/\/www.cerakotesa.com\/product\/high-temp-swatch-set-se-2304\/#primaryimage\",\"url\":\"https:\/\/www.cerakotesa.com\/wp-content\/uploads\/2025\/09\/1800-performance-swatch-set-se-2304-dt20250828164616832627-thumbnail.jpg.avif\",\"contentUrl\":\"https:\/\/www.cerakotesa.com\/wp-content\/uploads\/2025\/09\/1800-performance-swatch-set-se-2304-dt20250828164616832627-thumbnail.jpg.avif\",\"width\":600,\"height\":600},{\"@type\":\"BreadcrumbList\",\"@id\":\"https:\/\/www.cerakotesa.com\/product\/high-temp-swatch-set-se-2304\/#breadcrumb\",\"itemListElement\":[{\"@type\":\"ListItem\",\"position\":1,\"name\":\"Home\",\"item\":\"https:\/\/www.cerakotesa.com\/\"},{\"@type\":\"ListItem\",\"position\":2,\"name\":\"Products\",\"item\":\"https:\/\/www.cerakotesa.com\/shop\/\"},{\"@type\":\"ListItem\",\"position\":3,\"name\":\"High Temp Swatch Set (SE-2304)\"}]},{\"@type\":\"WebSite\",\"@id\":\"https:\/\/www.cerakotesa.com\/#website\",\"url\":\"https:\/\/www.cerakotesa.com\/\",\"name\":\"Cerakote South Africa\",\"description\":\"Cerakote is a global leader in the manufacturing of thin-film protective ceramic coatings\",\"potentialAction\":[{\"@type\":\"SearchAction\",\"target\":{\"@type\":\"EntryPoint\",\"urlTemplate\":\"https:\/\/www.cerakotesa.com\/?s={search_term_string}\"},\"query-input\":{\"@type\":\"PropertyValueSpecification\",\"valueRequired\":true,\"valueName\":\"search_term_string\"}}],\"inLanguage\":\"fr-FR\"}]}<\/script>\n<!-- \/ Yoast SEO plugin. -->","yoast_head_json":{"title":"High Temp Swatch Set (SE-2304) - Cerakote South Africa","robots":{"index":"index","follow":"follow","max-snippet":"max-snippet:-1","max-image-preview":"max-image-preview:large","max-video-preview":"max-video-preview:-1"},"canonical":"https:\/\/www.cerakotesa.com\/fr\/produit\/high-temp-swatch-set-se-2304\/","og_locale":"fr_FR","og_type":"article","og_title":"High Temp Swatch Set (SE-2304) - Cerakote South Africa","og_description":"This exclusive set features a selection of our most popular C-Series and V-Series colours\u00a0specifically formulated for high-temperature performance and durability. Whether you&#8217;re coating exhaust systems, engine components, or other heat-sensitive parts, this set is an essential tool for anyone working in performance, motorsports, or heavy-duty manufacturing. Swatch sets allow you and your customer to physically [...]","og_url":"https:\/\/www.cerakotesa.com\/fr\/produit\/high-temp-swatch-set-se-2304\/","og_site_name":"Cerakote South Africa","article_modified_time":"2026-01-09T08:57:10+00:00","twitter_card":"summary_large_image","twitter_misc":{"Dur\u00e9e de lecture estim\u00e9e":"1 minute"},"schema":{"@context":"https:\/\/schema.org","@graph":[{"@type":"WebPage","@id":"https:\/\/www.cerakotesa.com\/product\/high-temp-swatch-set-se-2304\/","url":"https:\/\/www.cerakotesa.com\/product\/high-temp-swatch-set-se-2304\/","name":"High Temp Swatch Set (SE-2304) - Cerakote South Africa","isPartOf":{"@id":"https:\/\/www.cerakotesa.com\/#website"},"primaryImageOfPage":{"@id":"https:\/\/www.cerakotesa.com\/product\/high-temp-swatch-set-se-2304\/#primaryimage"},"image":{"@id":"https:\/\/www.cerakotesa.com\/product\/high-temp-swatch-set-se-2304\/#primaryimage"},"thumbnailUrl":"https:\/\/www.cerakotesa.com\/wp-content\/uploads\/2025\/09\/1800-performance-swatch-set-se-2304-dt20250828164616832627-thumbnail.jpg.avif","datePublished":"2025-09-01T08:43:14+00:00","dateModified":"2026-01-09T08:57:10+00:00","breadcrumb":{"@id":"https:\/\/www.cerakotesa.com\/product\/high-temp-swatch-set-se-2304\/#breadcrumb"},"inLanguage":"fr-FR","potentialAction":[{"@type":"ReadAction","target":["https:\/\/www.cerakotesa.com\/product\/high-temp-swatch-set-se-2304\/"]}]},{"@type":"ImageObject","inLanguage":"fr-FR","@id":"https:\/\/www.cerakotesa.com\/product\/high-temp-swatch-set-se-2304\/#primaryimage","url":"https:\/\/www.cerakotesa.com\/wp-content\/uploads\/2025\/09\/1800-performance-swatch-set-se-2304-dt20250828164616832627-thumbnail.jpg.avif","contentUrl":"https:\/\/www.cerakotesa.com\/wp-content\/uploads\/2025\/09\/1800-performance-swatch-set-se-2304-dt20250828164616832627-thumbnail.jpg.avif","width":600,"height":600},{"@type":"BreadcrumbList","@id":"https:\/\/www.cerakotesa.com\/product\/high-temp-swatch-set-se-2304\/#breadcrumb","itemListElement":[{"@type":"ListItem","position":1,"name":"Home","item":"https:\/\/www.cerakotesa.com\/"},{"@type":"ListItem","position":2,"name":"Products","item":"https:\/\/www.cerakotesa.com\/shop\/"},{"@type":"ListItem","position":3,"name":"High Temp Swatch Set (SE-2304)"}]},{"@type":"WebSite","@id":"https:\/\/www.cerakotesa.com\/#website","url":"https:\/\/www.cerakotesa.com\/","name":"Cerakote South Africa","description":"Cerakote est un leader mondial dans la fabrication de rev\u00eatements c\u00e9ramiques protecteurs en couches minces.","potentialAction":[{"@type":"SearchAction","target":{"@type":"EntryPoint","urlTemplate":"https:\/\/www.cerakotesa.com\/?s={search_term_string}"},"query-input":{"@type":"PropertyValueSpecification","valueRequired":true,"valueName":"search_term_string"}}],"inLanguage":"fr-FR"}]}},"acf":[],"_links":{"self":[{"href":"https:\/\/www.cerakotesa.com\/fr\/wp-json\/wp\/v2\/product\/23628","targetHints":{"allow":["GET"]}}],"collection":[{"href":"https:\/\/www.cerakotesa.com\/fr\/wp-json\/wp\/v2\/product"}],"about":[{"href":"https:\/\/www.cerakotesa.com\/fr\/wp-json\/wp\/v2\/types\/product"}],"replies":[{"embeddable":true,"href":"https:\/\/www.cerakotesa.com\/fr\/wp-json\/wp\/v2\/comments?post=23628"}],"wp:featuredmedia":[{"embeddable":true,"href":"https:\/\/www.cerakotesa.com\/fr\/wp-json\/wp\/v2\/media\/23629"}],"wp:attachment":[{"href":"https:\/\/www.cerakotesa.com\/fr\/wp-json\/wp\/v2\/media?parent=23628"}],"wp:term":[{"taxonomy":"product_brand","embeddable":true,"href":"https:\/\/www.cerakotesa.com\/fr\/wp-json\/wp\/v2\/product_brand?post=23628"},{"taxonomy":"product_cat","embeddable":true,"href":"https:\/\/www.cerakotesa.com\/fr\/wp-json\/wp\/v2\/product_cat?post=23628"},{"taxonomy":"product_tag","embeddable":true,"href":"https:\/\/www.cerakotesa.com\/fr\/wp-json\/wp\/v2\/product_tag?post=23628"}],"curies":[{"name":"wp","href":"https:\/\/api.w.org\/{rel}","templated":true}]}}