{"id":24737,"date":"2025-11-26T13:44:11","date_gmt":"2025-11-26T13:44:11","guid":{"rendered":"https:\/\/www.cerakotesa.com\/?post_type=product&#038;p=24737"},"modified":"2025-11-27T10:02:33","modified_gmt":"2025-11-27T10:02:33","slug":"dry-film-lubricant-oven-cure-dfl-200","status":"publish","type":"product","link":"https:\/\/www.cerakotesa.com\/fr\/produit\/dry-film-lubricant-oven-cure-dfl-200\/","title":{"rendered":"DRY FILM LUBRICANT (Oven Cure) DFL-200"},"content":{"rendered":"<section class=\"section\" id=\"section_41558602\">\n\t\t<div class=\"section-bg fill\" >\n\t\t\t\t\t\t\t\t\t\n\t\t\t\n\n\t\t<\/div>\n\n\t\t\n\n\t\t<div class=\"section-content relative\">\n\t\t\t\n<div class=\"row\"  id=\"row-2103926710\">\n\n\t<div id=\"col-1772037058\" class=\"col small-12 large-12\"  >\n\t\t\t\t<div class=\"col-inner\"  >\n\t\t\t\n\t\t\t\n<p><strong>Donn\u00e9es techniques du produit :<\/strong><\/p>\n<style>\n.table_component {<br \/>    overflow: auto;<br \/>    width: 100%;<br \/>}<\/p>\n<p>.table_component table {<br \/>    border: 1px solid #dededf;<br \/>    height: 100%;<br \/>    width: 100%;<br \/>    table-layout: fixed;<br \/>    border-collapse: collapse;<br \/>    border-spacing: 1px;<br \/>    text-align: left;<br \/>}<\/p>\n<p>.table_component caption {<br \/>    caption-side: top;<br \/>    text-align: left;<br \/>}<\/p>\n<p>.table_component th {<br \/>    border: 1px solid #dededf;<br \/>    background-color: #eceff1;<br \/>    color: #000000;<br \/>    padding: 5px;<br \/>}<\/p>\n<p>.table_component td {<br \/>    border: 1px solid #dededf;<br \/>    background-color: #ffffff;<br \/>    color: #000000;<br \/>    padding: 5px;<br \/>}<br \/><\/style>\n<div class=\"table_component\" tabindex=\"0\" role=\"region\">\n<table>\n<thead>\n<tr>\n<th><\/th>\n<th><\/th>\n<\/tr>\n<\/thead>\n<tbody>\n<tr>\n<td>Calendrier des cures<\/td>\n<td>Flash ambiant 15 minutes, cuisson au four 15 minutes@ 250\u00b0F<\/td>\n<\/tr>\n<tr>\n<td>\u00c9paisseur recommand\u00e9e (mil)<\/td>\n<td>.25 &#8211; .75<\/td>\n<\/tr>\n<tr>\n<td>Taille de la cr\u00e9pine (maille)<\/td>\n<td>325<\/td>\n<\/tr>\n<tr>\n<td>Niveau de brillance \/ Unit\u00e9s (GU)<\/td>\n<td>Matte \/ 7<\/td>\n<\/tr>\n<tr>\n<td>Densit\u00e9 (g\/mL)<\/td>\n<td>1.31<\/td>\n<\/tr>\n<tr>\n<td>% Solides (\u00b12%)<\/td>\n<td>23<\/td>\n<\/tr>\n<tr>\n<td>Viscosit\u00e9 (cP)<\/td>\n<td>5.8<\/td>\n<\/tr>\n<tr>\n<td>Couverture th\u00e9orique par gal \u00e0 l'\u00e9paisseur recommand\u00e9e (pi\u00b2)<\/td>\n<td>738<\/td>\n<\/tr>\n<tr>\n<td>Corrosion Resistance (Hrs) ASTM B117<\/td>\n<td>Limited Corrosion Resistance<\/td>\n<\/tr>\n<tr>\n<td>Stabilit\u00e9 du rev\u00eatement (\u00b0F) Temp. max. Temp.<\/td>\n<td>1400<\/td>\n<\/tr>\n<tr>\n<td>Color Stability (F\u00b0) Max Temp.<\/td>\n<td>400<\/td>\n<\/tr>\n<tr>\n<td>Stabilit\u00e9 aux UV<\/td>\n<td>Bon<\/td>\n<\/tr>\n<tr>\n<td>Gouge de duret\u00e9 crayon ASTM D3363<\/td>\n<td>9H<\/td>\n<\/tr>\n<tr>\n<td>Duret\u00e9 du crayon rayure ASTM D3363<\/td>\n<td>6H<\/td>\n<\/tr>\n<tr>\n<td>Flexibilit\u00e9 (r\u00e9sistance %) Courbe de mandrin conique ASTM D522<\/td>\n<td>100<\/td>\n<\/tr>\n<tr>\n<td>Performance d'impact directe\/indirecte (in-lbs) ASTM D2794<\/td>\n<td>160\/160<\/td>\n<\/tr>\n<\/tbody>\n<\/table>\n<p data-v-8ef39626=\"\">Tous les r\u00e9sultats sont bas\u00e9s sur l'acier grenaill\u00e9 rev\u00eatu \u00e0 l'\u00e9paisseur recommand\u00e9e en utilisant le programme de durcissement recommand\u00e9.<\/p>\n<p data-v-8ef39626=\"\">*Les niveaux de brillance sont mesur\u00e9s \u00e0 un angle de 60\u00b0. Des ajustements aux conditions recommand\u00e9es donneront des r\u00e9sultats diff\u00e9rents. La brillance est affect\u00e9e par la qualit\u00e9 de la pr\u00e9paration et la technique de pulv\u00e9risation. Les r\u00e9sultats sont bas\u00e9s sur l'acier grenaill\u00e9 rev\u00eatu et durci conform\u00e9ment aux sp\u00e9cifications du programme de durcissement.<\/p>\n<p data-v-8ef39626=\"\">**viscosit\u00e9 mesur\u00e9e dans les conditions ambiantes (temp\u00e9rature de l'air, humidit\u00e9 relative) au moment de la fabrication.<\/p>\n<p data-v-8ef39626=\"\"><strong data-v-8ef39626=\"\">Temp\u00e9rature de polym\u00e9risation recommand\u00e9e :<\/strong><\/p>\n<ul data-v-8ef39626=\"\">\n<li data-v-8ef39626=\"\">Veuillez vous r\u00e9f\u00e9rer \u00e0 la sp\u00e9cification du programme de durcissement disponible sur chaque produit Cerakote.<\/li>\n<\/ul>\n<p data-v-8ef39626=\"\"><strong data-v-8ef39626=\"\">Temp\u00e9rature maximale<\/strong>\u00a0est la temp\u00e9rature \u00e0 laquelle la couleur ou le rev\u00eatement est stable.<\/p>\n<p data-v-8ef39626=\"\"><strong data-v-8ef39626=\"\">Essais de r\u00e9sistance chimique :<\/strong>\u00a0Les r\u00e9sultats se r\u00e9f\u00e8rent au changement de couleur bas\u00e9 sur la formulation CIE76. Les r\u00e9sultats vont de :<\/p>\n<ul data-v-8ef39626=\"\">\n<li data-v-8ef39626=\"\"><strong data-v-8ef39626=\"\">Excellent :<\/strong>\u00a0Changement de \u2206E de &lt;2,5<\/li>\n<li data-v-8ef39626=\"\"><strong data-v-8ef39626=\"\">Bon :<\/strong>\u00a0Changement de \u2206E de &lt;3,0<\/li>\n<li data-v-8ef39626=\"\"><strong data-v-8ef39626=\"\">Juste :<\/strong>\u00a0Changement de \u2206E de &lt;3,5<\/li>\n<li data-v-8ef39626=\"\"><strong data-v-8ef39626=\"\">Pauvre :<\/strong>\u00a0Changement de \u2206E de &lt;4,0<\/li>\n<\/ul>\n<p data-v-8ef39626=\"\"><strong data-v-8ef39626=\"\">Les param\u00e8tres d'essai sont les suivants :<\/strong><\/p>\n<ul data-v-8ef39626=\"\">\n<li data-v-8ef39626=\"\"><strong data-v-8ef39626=\"\">Duret\u00e9<\/strong>\u00a0ou les tests de duret\u00e9 des crayons sont mesur\u00e9s de la plus tendre \u00e0 la plus dure comme suit : 9B, 8B, 7B, 6B, 5B, 4B, 3B, 2B, B, HB, F, H, 2H, 3H, 4H, 5H, 6H, 7H, 8H, 9H. Le 9H est le plus difficile.<\/li>\n<li data-v-8ef39626=\"\"><strong data-v-8ef39626=\"\">SG-100 UNIQUEMENT :<\/strong>\u00a0Essai de duret\u00e9 M\u00e9thode A - Une coupe en X est effectu\u00e9e \u00e0 travers le film jusqu'au substrat, un ruban adh\u00e9sif est appliqu\u00e9 sur la coupe puis retir\u00e9, et l'adh\u00e9rence est \u00e9valu\u00e9e qualitativement sur une \u00e9chelle de 0 \u00e0 5.<\/li>\n<li data-v-8ef39626=\"\"><strong data-v-8ef39626=\"\">Adh\u00e9sion<\/strong>\u00a0est mesur\u00e9e sur une \u00e9chelle de 0B, 1B, 2B, 3B, 4B, 5B, 5B \u00e9tant la note la plus \u00e9lev\u00e9e pouvant \u00eatre obtenue.<\/li>\n<li data-v-8ef39626=\"\"><strong data-v-8ef39626=\"\">Flexibilit\u00e9<\/strong>\u00a0ou Conical Mandrel Bend : \"100% Resistance\" est la note la plus \u00e9lev\u00e9e pouvant \u00eatre obtenue et indique que le rev\u00eatement ne s'est pas fissur\u00e9 ou \u00e9caill\u00e9.<\/li>\n<li data-v-8ef39626=\"\"><strong data-v-8ef39626=\"\">Impact Performance (direct\/indirect)<\/strong>\u00a0est mesur\u00e9e sur une \u00e9chelle de 0 \u00e0 160 pouces-livres, 160 pouces-livres \u00e9tant la valeur la plus \u00e9lev\u00e9e pouvant \u00eatre atteinte.<\/li>\n<\/ul>\n<p data-v-8ef39626=\"\">Tous les rev\u00eatements Cerakote sont conformes \u00e0 la r\u00e9glementation sur les COV de l'EPA et ont une teneur en COV faible ou nulle. Pour conna\u00eetre la teneur en COV d'un rev\u00eatement particulier, veuillez contacter\u00a0<a href=\"mailto:sds@nicindustries.com\" target=\"_blank\" rel=\"noopener\" data-v-8ef39626=\"\">sds@nicindustries.com<\/a>\u00a0pour plus d'informations.<\/p>\n<p data-v-8ef39626=\"\">Ces informations sont exactes au mieux de nos connaissances, mais elles ne constituent pas une garantie pour les caract\u00e9ristiques sp\u00e9cifiques du produit et n'\u00e9tablissent pas de relation contractuelle juridiquement valable. Nous vous recommandons d'effectuer des tests ad\u00e9quats dans vos installations afin de d\u00e9terminer si ce produit r\u00e9pond \u00e0 toutes vos exigences.<\/p>\n<p data-v-8ef39626=\"\">N'h\u00e9sitez pas \u00e0 nous envoyer un courriel \u00e0 l'adresse suivante <a href=\"mailto:enquiries@cerakoteeu.com\" target=\"_blank\" rel=\"noopener\" data-v-8ef39626=\"\">enquiries@cerakoteeu.com<\/a>\u00a0 si vous avez des questions.<\/p>\n<\/div>\n<div class=\"row\"  id=\"row-1634930663\">\n\n\t<div id=\"col-661545546\" class=\"col medium-4 small-12 large-4\"  >\n\t\t\t\t<div class=\"col-inner text-center\"  >\n\t\t\t\n\t\t\t\n<a href=\"https:\/\/www.cerakotesa.com\/wp-content\/uploads\/2025\/11\/cerakote-dfl-200-dry-film-lubricant-dt20251031000318150613.pdf\" target=\"_blank\" class=\"button primary\" rel=\"noopener\" >\n\t\t<span>Fiche de donn\u00e9es de s\u00e9curit\u00e9<\/span>\n\t<\/a>\n\n\t\t<\/div>\n\t\t\t\t\t<\/div>\n\n\t\n\n\t<div id=\"col-1634731104\" class=\"col medium-4 small-12 large-4\"  >\n\t\t\t\t<div class=\"col-inner text-center\"  >\n\t\t\t\n\t\t\t\n<a href=\"https:\/\/www.cerakotesa.com\/wp-content\/uploads\/2025\/11\/DFL-200-Application-Guide-11_18_25.pdf\" target=\"_blank\" class=\"button primary\" rel=\"noopener\" >\n\t\t<span>Guide d'application<\/span>\n\t<\/a>\n\n\t\t<\/div>\n\t\t\t\t\t<\/div>\n\n\t\n\n\t<div id=\"col-1618366980\" class=\"col medium-4 small-12 large-4\"  >\n\t\t\t\t<div class=\"col-inner text-center\"  >\n\t\t\t\n\t\t\t\n\t\t<\/div>\n\t\t\t\t\t<\/div>\n\n\t\n<\/div>\n\t\t<\/div>\n\t\t\t\t\t<\/div>\n\n\t\n<\/div>\n\t\t<\/div>\n\n\t\t\n<style>\n#section_41558602 {\n  padding-top: 30px;\n  padding-bottom: 30px;\n}\n<\/style>\n\t<\/section>","protected":false},"excerpt":{"rendered":"<p>Cerakote\u00ae Dry Film Lubricant is a first-to-market, PFAS-free, ceramic-based coating engineered for extreme durability and low-friction performance in high-wear environments. Formulated with advanced solid lubricants, it delivers superior efficiency, abrasion resistance, and REACH\/RoHS compliance without relying on fluoropolymers.<\/p>\n<p>Ideal for aerospace, defense, automotive, and industrial applications, this coating cures fast at low temperatures, integrates easily into any production workflow, and outperforms traditional options like Molykote\u00ae, Teflon\u00ae, and Xylan\u00ae. This product uses <a href=\"https:\/\/www.cerakotesa.com\/product\/f-series-catalyst-f-100\/\" target=\"_blank\" rel=\"noopener\">F-100 Catalyst<\/a> and requires a <a href=\"https:\/\/www.cerakotesa.com\/product\/cerakote-in-cup-100-mesh-strainer-150-micron-se-275\/\" target=\"_blank\" rel=\"noopener\">325 Mesh Strainer (SE-275)<\/a>.<\/p>\n<p><b>Key Benefits:<\/b><\/p>\n<ul>\n<li style=\"list-style-type: none;\">\n<ul>\n<li>Ultra-low friction for improved efficiency<\/li>\n<\/ul>\n<\/li>\n<\/ul>\n<ul>\n<li style=\"list-style-type: none;\">\n<ul>\n<li>Exceptional wear resistance under heavy load<\/li>\n<\/ul>\n<\/li>\n<\/ul>\n<ul>\n<li style=\"list-style-type: none;\">\n<ul>\n<li>PFAS-free and regulatory compliant<\/li>\n<\/ul>\n<\/li>\n<\/ul>\n<ul>\n<li style=\"list-style-type: none;\">\n<ul>\n<li>Fast, low-temp cure for streamlined production<\/li>\n<\/ul>\n<\/li>\n<\/ul>\n<ul>\n<li style=\"list-style-type: none;\">\n<ul>\n<li>Over 40% slicker than Teflon<\/li>\n<\/ul>\n<\/li>\n<\/ul>\n<p>&nbsp;<\/p>\n<p><small><b>Note: The unique properties of our proprietary Dry Film Lubricant coating enable it to reduce friction and wear over time. As part of this process, the outermost layer of the coating is engineered to be a &#8216;sacrificial&#8217; lubricating film. This results in the formation of an ultra-thin, low-friction layer on the contacting surface, which ensures smooth operation. A small amount of this material may be noticeable upon initial handling, this is a normal function of the coating and confirms it is performing as intended.<\/b><\/small><\/p>","protected":false},"featured_media":24738,"comment_status":"closed","ping_status":"closed","template":"","meta":{"_acf_changed":false},"product_brand":[],"product_cat":[987,72],"product_tag":[],"class_list":{"0":"post-24737","1":"product","2":"type-product","3":"status-publish","4":"has-post-thumbnail","6":"product_cat-cerakote-coatings","7":"product_cat-specialty-coatings","8":"product_shipping_class-flat-rate","10":"first","11":"instock","12":"taxable","13":"shipping-taxable","14":"product-type-variable"},"yoast_head":"<!-- This site is optimized with the Yoast SEO plugin v26.7 - https:\/\/yoast.com\/wordpress\/plugins\/seo\/ -->\n<title>DRY FILM LUBRICANT (Oven Cure) DFL-200 - Cerakote South Africa<\/title>\n<meta name=\"robots\" content=\"index, follow, max-snippet:-1, max-image-preview:large, max-video-preview:-1\" \/>\n<link rel=\"canonical\" href=\"https:\/\/www.cerakotesa.com\/fr\/produit\/dry-film-lubricant-oven-cure-dfl-200\/\" \/>\n<meta property=\"og:locale\" content=\"fr_FR\" \/>\n<meta property=\"og:type\" content=\"article\" \/>\n<meta property=\"og:title\" content=\"DRY FILM LUBRICANT (Oven Cure) DFL-200 - Cerakote South Africa\" \/>\n<meta property=\"og:description\" content=\"Cerakote\u00ae Dry Film Lubricant is a first-to-market, PFAS-free, ceramic-based coating engineered for extreme durability and low-friction performance in high-wear environments. Formulated with advanced solid lubricants, it delivers superior efficiency, abrasion resistance, and REACH\/RoHS compliance without relying on fluoropolymers.  Ideal for aerospace, defense, automotive, and industrial applications, this coating cures fast at low temperatures, integrates easily into any production workflow, and outperforms traditional options like Molykote\u00ae, Teflon\u00ae, and Xylan\u00ae. This product uses F-100 Catalyst and requires a 325 Mesh Strainer (SE-275).  Key Benefits:      Ultra-low friction for improved efficiency         Exceptional wear resistance under heavy load         PFAS-free and regulatory compliant         Fast, low-temp cure for streamlined production         Over 40% slicker than Teflon    &nbsp;  Note: The unique properties of our proprietary Dry Film Lubricant coating enable it to reduce friction and wear over time. As part of this process, the outermost layer of the coating is engineered to be a &#039;sacrificial&#039; lubricating film. This results in the formation of an ultra-thin, low-friction layer on the contacting surface, which ensures smooth operation. A small amount of this material may be noticeable upon initial handling, this is a normal function of the coating and confirms it is performing as intended.\" \/>\n<meta property=\"og:url\" content=\"https:\/\/www.cerakotesa.com\/fr\/produit\/dry-film-lubricant-oven-cure-dfl-200\/\" \/>\n<meta property=\"og:site_name\" content=\"Cerakote South Africa\" \/>\n<meta property=\"article:modified_time\" content=\"2025-11-27T10:02:33+00:00\" \/>\n<meta name=\"twitter:card\" content=\"summary_large_image\" \/>\n<meta name=\"twitter:label1\" content=\"Dur\u00e9e de lecture estim\u00e9e\" \/>\n\t<meta name=\"twitter:data1\" content=\"3 minutes\" \/>\n<script type=\"application\/ld+json\" class=\"yoast-schema-graph\">{\"@context\":\"https:\/\/schema.org\",\"@graph\":[{\"@type\":\"WebPage\",\"@id\":\"https:\/\/www.cerakotesa.com\/product\/dry-film-lubricant-oven-cure-dfl-200\/\",\"url\":\"https:\/\/www.cerakotesa.com\/product\/dry-film-lubricant-oven-cure-dfl-200\/\",\"name\":\"DRY FILM LUBRICANT (Oven Cure) DFL-200 - Cerakote South Africa\",\"isPartOf\":{\"@id\":\"https:\/\/www.cerakotesa.com\/#website\"},\"primaryImageOfPage\":{\"@id\":\"https:\/\/www.cerakotesa.com\/product\/dry-film-lubricant-oven-cure-dfl-200\/#primaryimage\"},\"image\":{\"@id\":\"https:\/\/www.cerakotesa.com\/product\/dry-film-lubricant-oven-cure-dfl-200\/#primaryimage\"},\"thumbnailUrl\":\"https:\/\/www.cerakotesa.com\/wp-content\/uploads\/2025\/11\/dry-film-lubricant-oven-cure-dfl-200-dt20251017183816028804-thumbnail.avif\",\"datePublished\":\"2025-11-26T13:44:11+00:00\",\"dateModified\":\"2025-11-27T10:02:33+00:00\",\"breadcrumb\":{\"@id\":\"https:\/\/www.cerakotesa.com\/product\/dry-film-lubricant-oven-cure-dfl-200\/#breadcrumb\"},\"inLanguage\":\"fr-FR\",\"potentialAction\":[{\"@type\":\"ReadAction\",\"target\":[\"https:\/\/www.cerakotesa.com\/product\/dry-film-lubricant-oven-cure-dfl-200\/\"]}]},{\"@type\":\"ImageObject\",\"inLanguage\":\"fr-FR\",\"@id\":\"https:\/\/www.cerakotesa.com\/product\/dry-film-lubricant-oven-cure-dfl-200\/#primaryimage\",\"url\":\"https:\/\/www.cerakotesa.com\/wp-content\/uploads\/2025\/11\/dry-film-lubricant-oven-cure-dfl-200-dt20251017183816028804-thumbnail.avif\",\"contentUrl\":\"https:\/\/www.cerakotesa.com\/wp-content\/uploads\/2025\/11\/dry-film-lubricant-oven-cure-dfl-200-dt20251017183816028804-thumbnail.avif\",\"width\":600,\"height\":600},{\"@type\":\"BreadcrumbList\",\"@id\":\"https:\/\/www.cerakotesa.com\/product\/dry-film-lubricant-oven-cure-dfl-200\/#breadcrumb\",\"itemListElement\":[{\"@type\":\"ListItem\",\"position\":1,\"name\":\"Home\",\"item\":\"https:\/\/www.cerakotesa.com\/\"},{\"@type\":\"ListItem\",\"position\":2,\"name\":\"Products\",\"item\":\"https:\/\/www.cerakotesa.com\/shop\/\"},{\"@type\":\"ListItem\",\"position\":3,\"name\":\"DRY FILM LUBRICANT (Oven Cure) DFL-200\"}]},{\"@type\":\"WebSite\",\"@id\":\"https:\/\/www.cerakotesa.com\/#website\",\"url\":\"https:\/\/www.cerakotesa.com\/\",\"name\":\"Cerakote South Africa\",\"description\":\"Cerakote is a global leader in the manufacturing of thin-film protective ceramic coatings\",\"potentialAction\":[{\"@type\":\"SearchAction\",\"target\":{\"@type\":\"EntryPoint\",\"urlTemplate\":\"https:\/\/www.cerakotesa.com\/?s={search_term_string}\"},\"query-input\":{\"@type\":\"PropertyValueSpecification\",\"valueRequired\":true,\"valueName\":\"search_term_string\"}}],\"inLanguage\":\"fr-FR\"}]}<\/script>\n<!-- \/ Yoast SEO plugin. -->","yoast_head_json":{"title":"DRY FILM LUBRICANT (Oven Cure) DFL-200 - Cerakote South Africa","robots":{"index":"index","follow":"follow","max-snippet":"max-snippet:-1","max-image-preview":"max-image-preview:large","max-video-preview":"max-video-preview:-1"},"canonical":"https:\/\/www.cerakotesa.com\/fr\/produit\/dry-film-lubricant-oven-cure-dfl-200\/","og_locale":"fr_FR","og_type":"article","og_title":"DRY FILM LUBRICANT (Oven Cure) DFL-200 - Cerakote South Africa","og_description":"Cerakote\u00ae Dry Film Lubricant is a first-to-market, PFAS-free, ceramic-based coating engineered for extreme durability and low-friction performance in high-wear environments. Formulated with advanced solid lubricants, it delivers superior efficiency, abrasion resistance, and REACH\/RoHS compliance without relying on fluoropolymers.  Ideal for aerospace, defense, automotive, and industrial applications, this coating cures fast at low temperatures, integrates easily into any production workflow, and outperforms traditional options like Molykote\u00ae, Teflon\u00ae, and Xylan\u00ae. This product uses F-100 Catalyst and requires a 325 Mesh Strainer (SE-275).  Key Benefits:      Ultra-low friction for improved efficiency         Exceptional wear resistance under heavy load         PFAS-free and regulatory compliant         Fast, low-temp cure for streamlined production         Over 40% slicker than Teflon    &nbsp;  Note: The unique properties of our proprietary Dry Film Lubricant coating enable it to reduce friction and wear over time. As part of this process, the outermost layer of the coating is engineered to be a 'sacrificial' lubricating film. This results in the formation of an ultra-thin, low-friction layer on the contacting surface, which ensures smooth operation. A small amount of this material may be noticeable upon initial handling, this is a normal function of the coating and confirms it is performing as intended.","og_url":"https:\/\/www.cerakotesa.com\/fr\/produit\/dry-film-lubricant-oven-cure-dfl-200\/","og_site_name":"Cerakote South Africa","article_modified_time":"2025-11-27T10:02:33+00:00","twitter_card":"summary_large_image","twitter_misc":{"Dur\u00e9e de lecture estim\u00e9e":"3 minutes"},"schema":{"@context":"https:\/\/schema.org","@graph":[{"@type":"WebPage","@id":"https:\/\/www.cerakotesa.com\/product\/dry-film-lubricant-oven-cure-dfl-200\/","url":"https:\/\/www.cerakotesa.com\/product\/dry-film-lubricant-oven-cure-dfl-200\/","name":"DRY FILM LUBRICANT (Oven Cure) DFL-200 - Cerakote South Africa","isPartOf":{"@id":"https:\/\/www.cerakotesa.com\/#website"},"primaryImageOfPage":{"@id":"https:\/\/www.cerakotesa.com\/product\/dry-film-lubricant-oven-cure-dfl-200\/#primaryimage"},"image":{"@id":"https:\/\/www.cerakotesa.com\/product\/dry-film-lubricant-oven-cure-dfl-200\/#primaryimage"},"thumbnailUrl":"https:\/\/www.cerakotesa.com\/wp-content\/uploads\/2025\/11\/dry-film-lubricant-oven-cure-dfl-200-dt20251017183816028804-thumbnail.avif","datePublished":"2025-11-26T13:44:11+00:00","dateModified":"2025-11-27T10:02:33+00:00","breadcrumb":{"@id":"https:\/\/www.cerakotesa.com\/product\/dry-film-lubricant-oven-cure-dfl-200\/#breadcrumb"},"inLanguage":"fr-FR","potentialAction":[{"@type":"ReadAction","target":["https:\/\/www.cerakotesa.com\/product\/dry-film-lubricant-oven-cure-dfl-200\/"]}]},{"@type":"ImageObject","inLanguage":"fr-FR","@id":"https:\/\/www.cerakotesa.com\/product\/dry-film-lubricant-oven-cure-dfl-200\/#primaryimage","url":"https:\/\/www.cerakotesa.com\/wp-content\/uploads\/2025\/11\/dry-film-lubricant-oven-cure-dfl-200-dt20251017183816028804-thumbnail.avif","contentUrl":"https:\/\/www.cerakotesa.com\/wp-content\/uploads\/2025\/11\/dry-film-lubricant-oven-cure-dfl-200-dt20251017183816028804-thumbnail.avif","width":600,"height":600},{"@type":"BreadcrumbList","@id":"https:\/\/www.cerakotesa.com\/product\/dry-film-lubricant-oven-cure-dfl-200\/#breadcrumb","itemListElement":[{"@type":"ListItem","position":1,"name":"Home","item":"https:\/\/www.cerakotesa.com\/"},{"@type":"ListItem","position":2,"name":"Products","item":"https:\/\/www.cerakotesa.com\/shop\/"},{"@type":"ListItem","position":3,"name":"DRY FILM LUBRICANT (Oven Cure) DFL-200"}]},{"@type":"WebSite","@id":"https:\/\/www.cerakotesa.com\/#website","url":"https:\/\/www.cerakotesa.com\/","name":"Cerakote South Africa","description":"Cerakote est un leader mondial dans la fabrication de rev\u00eatements c\u00e9ramiques protecteurs en couches minces.","potentialAction":[{"@type":"SearchAction","target":{"@type":"EntryPoint","urlTemplate":"https:\/\/www.cerakotesa.com\/?s={search_term_string}"},"query-input":{"@type":"PropertyValueSpecification","valueRequired":true,"valueName":"search_term_string"}}],"inLanguage":"fr-FR"}]}},"acf":[],"_links":{"self":[{"href":"https:\/\/www.cerakotesa.com\/fr\/wp-json\/wp\/v2\/product\/24737","targetHints":{"allow":["GET"]}}],"collection":[{"href":"https:\/\/www.cerakotesa.com\/fr\/wp-json\/wp\/v2\/product"}],"about":[{"href":"https:\/\/www.cerakotesa.com\/fr\/wp-json\/wp\/v2\/types\/product"}],"replies":[{"embeddable":true,"href":"https:\/\/www.cerakotesa.com\/fr\/wp-json\/wp\/v2\/comments?post=24737"}],"wp:featuredmedia":[{"embeddable":true,"href":"https:\/\/www.cerakotesa.com\/fr\/wp-json\/wp\/v2\/media\/24738"}],"wp:attachment":[{"href":"https:\/\/www.cerakotesa.com\/fr\/wp-json\/wp\/v2\/media?parent=24737"}],"wp:term":[{"taxonomy":"product_brand","embeddable":true,"href":"https:\/\/www.cerakotesa.com\/fr\/wp-json\/wp\/v2\/product_brand?post=24737"},{"taxonomy":"product_cat","embeddable":true,"href":"https:\/\/www.cerakotesa.com\/fr\/wp-json\/wp\/v2\/product_cat?post=24737"},{"taxonomy":"product_tag","embeddable":true,"href":"https:\/\/www.cerakotesa.com\/fr\/wp-json\/wp\/v2\/product_tag?post=24737"}],"curies":[{"name":"wp","href":"https:\/\/api.w.org\/{rel}","templated":true}]}}