{"id":2899,"date":"2020-03-09T16:09:47","date_gmt":"2020-03-09T16:09:47","guid":{"rendered":"https:\/\/www.cerakote.co.uk\/?post_type=product&#038;p=2899"},"modified":"2025-02-26T15:03:16","modified_gmt":"2025-02-26T15:03:16","slug":"cerakote-ceramic-headlight-restoration-kit","status":"publish","type":"product","link":"https:\/\/www.cerakotesa.com\/fr\/produit\/cerakote-ceramic-headlight-restoration-kit\/","title":{"rendered":"CERAKOTE\u00ae Kit de restauration des phares en c\u00e9ramique AH-HLKIT"},"content":{"rendered":"","protected":false},"excerpt":{"rendered":"<p>La restauration des phares Cerakote s'effectue en 3 \u00e9tapes rapides et faciles, sans aucun outil \u00e9lectrique. Cerakote est diff\u00e9rent des autres kits de restauration de phares car nous fabriquons un v\u00e9ritable rev\u00eatement c\u00e9ramique de qualit\u00e9 professionnelle qui se lie chimiquement aux phares et fournit une protection UV qui r\u00e9siste \u00e0 l'\u00e9preuve du temps.<\/p>\n<ul>\n<li style=\"list-style-type: none;\">\n<ul>\n<li>Chaque kit contient suffisamment de produit pour restaurer et prot\u00e9ger 2 phares. Le contenu de chaque kit est le suivant :\n<ul>\n<li>(8) Lingettes d'\u00e9limination de l'oxydation de l'\u00e9tape 1<\/li>\n<li>(1) Sanding Pommel\u00e9<\/li>\n<li>(4) Disques Sanding (2 de chaque grain)<\/li>\n<li>(2) Lingettes pour rev\u00eatement c\u00e9ramique de l'\u00e9tape 3<\/li>\n<\/ul>\n<\/li>\n<\/ul>\n<\/li>\n<\/ul>\n<div>\n<p>Ne manquez pas de regarder notre vid\u00e9o de candidature ci-dessous pour obtenir des instructions rapides et faciles !<\/p>\n\n<\/div>","protected":false},"featured_media":20648,"comment_status":"closed","ping_status":"closed","template":"","meta":{"_acf_changed":false},"product_brand":[],"product_cat":[1056,106,989],"product_tag":[566,691,692],"class_list":{"0":"post-2899","1":"product","2":"type-product","3":"status-publish","4":"has-post-thumbnail","6":"product_cat-auto-home","7":"product_cat-equipment","8":"product_cat-diy-ceramic-headlight-restoration-kit","9":"product_tag-autohome","10":"product_tag-headlight","11":"product_tag-headlight-kit","12":"product_shipping_class-royal-mail-first-class","14":"first","15":"instock","16":"taxable","17":"shipping-taxable","18":"product-type-simple"},"yoast_head":"<!-- This site is optimized with the Yoast SEO plugin v26.7 - https:\/\/yoast.com\/wordpress\/plugins\/seo\/ -->\n<title>CERAKOTE\u00ae Ceramic Headlight Restoration Kit AH-HLKIT - Cerakote South Africa<\/title>\n<meta name=\"description\" content=\"Guaranteed to restore your headlights to like-new and protect them for as long as you own your vehicle!\" \/>\n<meta name=\"robots\" content=\"index, follow, max-snippet:-1, max-image-preview:large, max-video-preview:-1\" \/>\n<link rel=\"canonical\" href=\"https:\/\/www.cerakotesa.com\/fr\/produit\/cerakote-ceramic-headlight-restoration-kit\/\" \/>\n<meta property=\"og:locale\" content=\"fr_FR\" \/>\n<meta property=\"og:type\" content=\"article\" \/>\n<meta property=\"og:title\" content=\"CERAKOTE\u00ae Ceramic Headlight Restoration Kit AH-HLKIT - Cerakote South Africa\" \/>\n<meta property=\"og:description\" content=\"Guaranteed to restore your headlights to like-new and protect them for as long as you own your vehicle!\" \/>\n<meta property=\"og:url\" content=\"https:\/\/www.cerakotesa.com\/fr\/produit\/cerakote-ceramic-headlight-restoration-kit\/\" \/>\n<meta property=\"og:site_name\" content=\"Cerakote South Africa\" \/>\n<meta property=\"article:modified_time\" content=\"2025-02-26T15:03:16+00:00\" \/>\n<meta property=\"og:image\" content=\"https:\/\/www.cerakotesa.com\/wp-content\/uploads\/2020\/03\/CCC_Headlight_Mktplc_Box__36652.jpg\" \/>\n\t<meta property=\"og:image:width\" content=\"1280\" \/>\n\t<meta property=\"og:image:height\" content=\"1280\" \/>\n\t<meta property=\"og:image:type\" content=\"image\/jpeg\" \/>\n<meta name=\"twitter:card\" content=\"summary_large_image\" \/>\n<meta name=\"twitter:label1\" content=\"Dur\u00e9e de lecture estim\u00e9e\" \/>\n\t<meta name=\"twitter:data1\" content=\"1 minute\" \/>\n<script type=\"application\/ld+json\" class=\"yoast-schema-graph\">{\"@context\":\"https:\/\/schema.org\",\"@graph\":[{\"@type\":\"WebPage\",\"@id\":\"https:\/\/www.cerakotesa.com\/product\/cerakote-ceramic-headlight-restoration-kit\/\",\"url\":\"https:\/\/www.cerakotesa.com\/product\/cerakote-ceramic-headlight-restoration-kit\/\",\"name\":\"CERAKOTE\u00ae Ceramic Headlight Restoration Kit AH-HLKIT - Cerakote South Africa\",\"isPartOf\":{\"@id\":\"https:\/\/www.cerakotesa.com\/#website\"},\"primaryImageOfPage\":{\"@id\":\"https:\/\/www.cerakotesa.com\/product\/cerakote-ceramic-headlight-restoration-kit\/#primaryimage\"},\"image\":{\"@id\":\"https:\/\/www.cerakotesa.com\/product\/cerakote-ceramic-headlight-restoration-kit\/#primaryimage\"},\"thumbnailUrl\":\"https:\/\/www.cerakotesa.com\/wp-content\/uploads\/2020\/03\/CCC_Headlight_Mktplc_Box__36652.jpg\",\"datePublished\":\"2020-03-09T16:09:47+00:00\",\"dateModified\":\"2025-02-26T15:03:16+00:00\",\"description\":\"Guaranteed to restore your headlights to like-new and protect them for as long as you own your vehicle!\",\"breadcrumb\":{\"@id\":\"https:\/\/www.cerakotesa.com\/product\/cerakote-ceramic-headlight-restoration-kit\/#breadcrumb\"},\"inLanguage\":\"fr-FR\",\"potentialAction\":[{\"@type\":\"ReadAction\",\"target\":[\"https:\/\/www.cerakotesa.com\/product\/cerakote-ceramic-headlight-restoration-kit\/\"]}]},{\"@type\":\"ImageObject\",\"inLanguage\":\"fr-FR\",\"@id\":\"https:\/\/www.cerakotesa.com\/product\/cerakote-ceramic-headlight-restoration-kit\/#primaryimage\",\"url\":\"https:\/\/www.cerakotesa.com\/wp-content\/uploads\/2020\/03\/CCC_Headlight_Mktplc_Box__36652.jpg\",\"contentUrl\":\"https:\/\/www.cerakotesa.com\/wp-content\/uploads\/2020\/03\/CCC_Headlight_Mktplc_Box__36652.jpg\",\"width\":1280,\"height\":1280},{\"@type\":\"BreadcrumbList\",\"@id\":\"https:\/\/www.cerakotesa.com\/product\/cerakote-ceramic-headlight-restoration-kit\/#breadcrumb\",\"itemListElement\":[{\"@type\":\"ListItem\",\"position\":1,\"name\":\"Home\",\"item\":\"https:\/\/www.cerakotesa.com\/\"},{\"@type\":\"ListItem\",\"position\":2,\"name\":\"Products\",\"item\":\"https:\/\/www.cerakotesa.com\/shop\/\"},{\"@type\":\"ListItem\",\"position\":3,\"name\":\"CERAKOTE\u00ae Ceramic Headlight Restoration Kit AH-HLKIT\"}]},{\"@type\":\"WebSite\",\"@id\":\"https:\/\/www.cerakotesa.com\/#website\",\"url\":\"https:\/\/www.cerakotesa.com\/\",\"name\":\"Cerakote South Africa\",\"description\":\"Cerakote is a global leader in the manufacturing of thin-film protective ceramic coatings\",\"potentialAction\":[{\"@type\":\"SearchAction\",\"target\":{\"@type\":\"EntryPoint\",\"urlTemplate\":\"https:\/\/www.cerakotesa.com\/?s={search_term_string}\"},\"query-input\":{\"@type\":\"PropertyValueSpecification\",\"valueRequired\":true,\"valueName\":\"search_term_string\"}}],\"inLanguage\":\"fr-FR\"}]}<\/script>\n<!-- \/ Yoast SEO plugin. -->","yoast_head_json":{"title":"CERAKOTE\u00ae Ceramic Headlight Restoration Kit AH-HLKIT - Cerakote South Africa","description":"La garantie d'une remise \u00e0 neuf de vos phares et de leur protection pendant toute la dur\u00e9e de vie de votre v\u00e9hicule !","robots":{"index":"index","follow":"follow","max-snippet":"max-snippet:-1","max-image-preview":"max-image-preview:large","max-video-preview":"max-video-preview:-1"},"canonical":"https:\/\/www.cerakotesa.com\/fr\/produit\/cerakote-ceramic-headlight-restoration-kit\/","og_locale":"fr_FR","og_type":"article","og_title":"CERAKOTE\u00ae Ceramic Headlight Restoration Kit AH-HLKIT - Cerakote South Africa","og_description":"Guaranteed to restore your headlights to like-new and protect them for as long as you own your vehicle!","og_url":"https:\/\/www.cerakotesa.com\/fr\/produit\/cerakote-ceramic-headlight-restoration-kit\/","og_site_name":"Cerakote South Africa","article_modified_time":"2025-02-26T15:03:16+00:00","og_image":[{"width":1280,"height":1280,"url":"https:\/\/www.cerakotesa.com\/wp-content\/uploads\/2020\/03\/CCC_Headlight_Mktplc_Box__36652.jpg","type":"image\/jpeg"}],"twitter_card":"summary_large_image","twitter_misc":{"Dur\u00e9e de lecture estim\u00e9e":"1 minute"},"schema":{"@context":"https:\/\/schema.org","@graph":[{"@type":"WebPage","@id":"https:\/\/www.cerakotesa.com\/product\/cerakote-ceramic-headlight-restoration-kit\/","url":"https:\/\/www.cerakotesa.com\/product\/cerakote-ceramic-headlight-restoration-kit\/","name":"CERAKOTE\u00ae Ceramic Headlight Restoration Kit AH-HLKIT - Cerakote South Africa","isPartOf":{"@id":"https:\/\/www.cerakotesa.com\/#website"},"primaryImageOfPage":{"@id":"https:\/\/www.cerakotesa.com\/product\/cerakote-ceramic-headlight-restoration-kit\/#primaryimage"},"image":{"@id":"https:\/\/www.cerakotesa.com\/product\/cerakote-ceramic-headlight-restoration-kit\/#primaryimage"},"thumbnailUrl":"https:\/\/www.cerakotesa.com\/wp-content\/uploads\/2020\/03\/CCC_Headlight_Mktplc_Box__36652.jpg","datePublished":"2020-03-09T16:09:47+00:00","dateModified":"2025-02-26T15:03:16+00:00","description":"La garantie d'une remise \u00e0 neuf de vos phares et de leur protection pendant toute la dur\u00e9e de vie de votre v\u00e9hicule !","breadcrumb":{"@id":"https:\/\/www.cerakotesa.com\/product\/cerakote-ceramic-headlight-restoration-kit\/#breadcrumb"},"inLanguage":"fr-FR","potentialAction":[{"@type":"ReadAction","target":["https:\/\/www.cerakotesa.com\/product\/cerakote-ceramic-headlight-restoration-kit\/"]}]},{"@type":"ImageObject","inLanguage":"fr-FR","@id":"https:\/\/www.cerakotesa.com\/product\/cerakote-ceramic-headlight-restoration-kit\/#primaryimage","url":"https:\/\/www.cerakotesa.com\/wp-content\/uploads\/2020\/03\/CCC_Headlight_Mktplc_Box__36652.jpg","contentUrl":"https:\/\/www.cerakotesa.com\/wp-content\/uploads\/2020\/03\/CCC_Headlight_Mktplc_Box__36652.jpg","width":1280,"height":1280},{"@type":"BreadcrumbList","@id":"https:\/\/www.cerakotesa.com\/product\/cerakote-ceramic-headlight-restoration-kit\/#breadcrumb","itemListElement":[{"@type":"ListItem","position":1,"name":"Home","item":"https:\/\/www.cerakotesa.com\/"},{"@type":"ListItem","position":2,"name":"Products","item":"https:\/\/www.cerakotesa.com\/shop\/"},{"@type":"ListItem","position":3,"name":"CERAKOTE\u00ae Ceramic Headlight Restoration Kit AH-HLKIT"}]},{"@type":"WebSite","@id":"https:\/\/www.cerakotesa.com\/#website","url":"https:\/\/www.cerakotesa.com\/","name":"Cerakote South Africa","description":"Cerakote est un leader mondial dans la fabrication de rev\u00eatements c\u00e9ramiques protecteurs en couches minces.","potentialAction":[{"@type":"SearchAction","target":{"@type":"EntryPoint","urlTemplate":"https:\/\/www.cerakotesa.com\/?s={search_term_string}"},"query-input":{"@type":"PropertyValueSpecification","valueRequired":true,"valueName":"search_term_string"}}],"inLanguage":"fr-FR"}]}},"acf":[],"_links":{"self":[{"href":"https:\/\/www.cerakotesa.com\/fr\/wp-json\/wp\/v2\/product\/2899","targetHints":{"allow":["GET"]}}],"collection":[{"href":"https:\/\/www.cerakotesa.com\/fr\/wp-json\/wp\/v2\/product"}],"about":[{"href":"https:\/\/www.cerakotesa.com\/fr\/wp-json\/wp\/v2\/types\/product"}],"replies":[{"embeddable":true,"href":"https:\/\/www.cerakotesa.com\/fr\/wp-json\/wp\/v2\/comments?post=2899"}],"wp:featuredmedia":[{"embeddable":true,"href":"https:\/\/www.cerakotesa.com\/fr\/wp-json\/wp\/v2\/media\/20648"}],"wp:attachment":[{"href":"https:\/\/www.cerakotesa.com\/fr\/wp-json\/wp\/v2\/media?parent=2899"}],"wp:term":[{"taxonomy":"product_brand","embeddable":true,"href":"https:\/\/www.cerakotesa.com\/fr\/wp-json\/wp\/v2\/product_brand?post=2899"},{"taxonomy":"product_cat","embeddable":true,"href":"https:\/\/www.cerakotesa.com\/fr\/wp-json\/wp\/v2\/product_cat?post=2899"},{"taxonomy":"product_tag","embeddable":true,"href":"https:\/\/www.cerakotesa.com\/fr\/wp-json\/wp\/v2\/product_tag?post=2899"}],"curies":[{"name":"wp","href":"https:\/\/api.w.org\/{rel}","templated":true}]}}