{"id":3294,"date":"2020-04-21T10:32:53","date_gmt":"2020-04-21T10:32:53","guid":{"rendered":"https:\/\/www.cerakote.co.uk\/?post_type=product&#038;p=3294"},"modified":"2024-11-12T15:57:24","modified_gmt":"2024-11-12T15:57:24","slug":"h-series-3-colour-starter-kit","status":"publish","type":"product","link":"https:\/\/www.cerakotesa.com\/fr\/produit\/h-series-3-colour-starter-kit\/","title":{"rendered":"Kit de d\u00e9marrage 3 couleurs de la s\u00e9rie H"},"content":{"rendered":"","protected":false},"excerpt":{"rendered":"<p>Le kit de d\u00e9marrage Cerakote pour le rev\u00eatement c\u00e9ramique de la s\u00e9rie H vous offre ce dont vous avez besoin pour pulv\u00e9riser des couleurs uniques, deux tons, ou m\u00eame des motifs camouflage et des motifs multiples sans investissement important.<\/p>\n<p><b>Notre kit de d\u00e9marrage de la s\u00e9rie H comprend<\/b><\/p>\n<ul>\n<li>(3) Bouteilles de test de 4 oz. incluant le catalyseur (durcisseur). Choisissez parmi les couleurs ci-dessous. Chaque testeur est suffisant pour recouvrir facilement 4 \u00e0 5 gobelets (format 20 oz).<\/li>\n<li>Pistolet de pulv\u00e9risation - Il s'agit d'un pistolet de pulv\u00e9risation HVLP de niveau interm\u00e9diaire, approuv\u00e9 par le formateur Cerakote. Il est dot\u00e9 de 3 r\u00e9glages (mod\u00e8le de ventilateur, air et liquide), d'un godet en aluminium et d'un kit de nettoyage.<\/li>\n<li>(5) Filtres jetables<\/li>\n<li><a href=\"https:\/\/www.cerakotesa.com\/product\/50ml-glass-graduated-cylinder-se-147b\/\">Cylindre gradu\u00e9 de 50 ml<\/a> pour mesurer<\/li>\n<li>Manuel de formation<\/li>\n<\/ul>\n<p><strong>Veuillez choisir 3 des couleurs suivantes :<\/strong><\/p>\n<ul>\n<li>H-148 Burnt Bronze<\/li>\n<li>H-294 Midnight Bronze<\/li>\n<li>H-146 Graphite Black<\/li>\n<li>H-190 Armor Black<\/li>\n<li>H-237 Tungsten<\/li>\n<li>H-151 Satin Aluminium<\/li>\n<li>H-112 Cobalt<\/li>\n<li>H-297 Stormtrooper White<\/li>\n<li>H-128 Hunter Orange<\/li>\n<li>H-171 NRA Blue<\/li>\n<li>H-232 O.D. Green<\/li>\n<li>H-265 Flat Dark Earth<\/li>\n<\/ul>\n<p><strong>Veuillez l'indiquer lors de votre achat ou envoyez-nous un courriel \u00e0 l'adresse orders@cerakoteeu.com pour confirmer votre choix de couleur.<\/strong>.<\/p>","protected":false},"featured_media":13899,"comment_status":"closed","ping_status":"closed","template":"","meta":{"_acf_changed":false},"product_brand":[],"product_cat":[693],"product_tag":[33,36,694],"class_list":{"0":"post-3294","1":"product","2":"type-product","3":"status-publish","4":"has-post-thumbnail","6":"product_cat-cerakote-kits","7":"product_tag-cerakote","8":"product_tag-h-series","9":"product_tag-starter-kit","10":"product_shipping_class-flat-rate","12":"first","13":"instock","14":"taxable","15":"shipping-taxable","16":"product-type-simple"},"yoast_head":"<!-- This site is optimized with the Yoast SEO plugin v26.7 - https:\/\/yoast.com\/wordpress\/plugins\/seo\/ -->\n<title>H Series 3 Colour Starter Kit - Cerakote South Africa<\/title>\n<meta name=\"description\" content=\"Starter kits give you a perfect introduction into Cerakote application. All the tools you need including a training manual so you can perfect the process.\" \/>\n<meta name=\"robots\" content=\"index, follow, max-snippet:-1, max-image-preview:large, max-video-preview:-1\" \/>\n<link rel=\"canonical\" href=\"https:\/\/www.cerakotesa.com\/fr\/produit\/h-series-3-colour-starter-kit\/\" \/>\n<meta property=\"og:locale\" content=\"fr_FR\" \/>\n<meta property=\"og:type\" content=\"article\" \/>\n<meta property=\"og:title\" content=\"H Series 3 Colour Starter Kit - Cerakote South Africa\" \/>\n<meta property=\"og:description\" content=\"Starter kits give you a perfect introduction into Cerakote application. All the tools you need including a training manual so you can perfect the process.\" \/>\n<meta property=\"og:url\" content=\"https:\/\/www.cerakotesa.com\/fr\/produit\/h-series-3-colour-starter-kit\/\" \/>\n<meta property=\"og:site_name\" content=\"Cerakote South Africa\" \/>\n<meta property=\"article:modified_time\" content=\"2024-11-12T15:57:24+00:00\" \/>\n<meta property=\"og:image\" content=\"https:\/\/www.cerakotesa.com\/wp-content\/uploads\/2023\/06\/h-series-3-color-starter-kit-tester-17995-1h-kitht3-dt20211104142326292-thumbnail.jpg\" \/>\n\t<meta property=\"og:image:width\" content=\"800\" \/>\n\t<meta property=\"og:image:height\" content=\"800\" \/>\n\t<meta property=\"og:image:type\" content=\"image\/jpeg\" \/>\n<meta name=\"twitter:card\" content=\"summary_large_image\" \/>\n<script type=\"application\/ld+json\" class=\"yoast-schema-graph\">{\"@context\":\"https:\/\/schema.org\",\"@graph\":[{\"@type\":\"WebPage\",\"@id\":\"https:\/\/www.cerakotesa.com\/it\/prodotto\/h-series-3-colour-starter-kit\/\",\"url\":\"https:\/\/www.cerakotesa.com\/it\/prodotto\/h-series-3-colour-starter-kit\/\",\"name\":\"H Series 3 Colour Starter Kit - Cerakote South Africa\",\"isPartOf\":{\"@id\":\"https:\/\/www.cerakotesa.com\/#website\"},\"primaryImageOfPage\":{\"@id\":\"https:\/\/www.cerakotesa.com\/it\/prodotto\/h-series-3-colour-starter-kit\/#primaryimage\"},\"image\":{\"@id\":\"https:\/\/www.cerakotesa.com\/it\/prodotto\/h-series-3-colour-starter-kit\/#primaryimage\"},\"thumbnailUrl\":\"https:\/\/www.cerakotesa.com\/wp-content\/uploads\/2023\/06\/h-series-3-color-starter-kit-tester-17995-1h-kitht3-dt20211104142326292-thumbnail.jpg\",\"datePublished\":\"2020-04-21T10:32:53+00:00\",\"dateModified\":\"2024-11-12T15:57:24+00:00\",\"description\":\"Starter kits give you a perfect introduction into Cerakote application. All the tools you need including a training manual so you can perfect the process.\",\"breadcrumb\":{\"@id\":\"https:\/\/www.cerakotesa.com\/it\/prodotto\/h-series-3-colour-starter-kit\/#breadcrumb\"},\"inLanguage\":\"fr-FR\",\"potentialAction\":[{\"@type\":\"ReadAction\",\"target\":[\"https:\/\/www.cerakotesa.com\/it\/prodotto\/h-series-3-colour-starter-kit\/\"]}]},{\"@type\":\"ImageObject\",\"inLanguage\":\"fr-FR\",\"@id\":\"https:\/\/www.cerakotesa.com\/it\/prodotto\/h-series-3-colour-starter-kit\/#primaryimage\",\"url\":\"https:\/\/www.cerakotesa.com\/wp-content\/uploads\/2023\/06\/h-series-3-color-starter-kit-tester-17995-1h-kitht3-dt20211104142326292-thumbnail.jpg\",\"contentUrl\":\"https:\/\/www.cerakotesa.com\/wp-content\/uploads\/2023\/06\/h-series-3-color-starter-kit-tester-17995-1h-kitht3-dt20211104142326292-thumbnail.jpg\",\"width\":800,\"height\":800},{\"@type\":\"BreadcrumbList\",\"@id\":\"https:\/\/www.cerakotesa.com\/it\/prodotto\/h-series-3-colour-starter-kit\/#breadcrumb\",\"itemListElement\":[{\"@type\":\"ListItem\",\"position\":1,\"name\":\"Home\",\"item\":\"https:\/\/www.cerakotesa.com\/\"},{\"@type\":\"ListItem\",\"position\":2,\"name\":\"Products\",\"item\":\"https:\/\/www.cerakotesa.com\/shop\/\"},{\"@type\":\"ListItem\",\"position\":3,\"name\":\"H Series 3 Colour Starter Kit\"}]},{\"@type\":\"WebSite\",\"@id\":\"https:\/\/www.cerakotesa.com\/#website\",\"url\":\"https:\/\/www.cerakotesa.com\/\",\"name\":\"Cerakote South Africa\",\"description\":\"Cerakote is a global leader in the manufacturing of thin-film protective ceramic coatings\",\"potentialAction\":[{\"@type\":\"SearchAction\",\"target\":{\"@type\":\"EntryPoint\",\"urlTemplate\":\"https:\/\/www.cerakotesa.com\/?s={search_term_string}\"},\"query-input\":{\"@type\":\"PropertyValueSpecification\",\"valueRequired\":true,\"valueName\":\"search_term_string\"}}],\"inLanguage\":\"fr-FR\"}]}<\/script>\n<!-- \/ Yoast SEO plugin. -->","yoast_head_json":{"title":"H Series 3 Colour Starter Kit - Cerakote South Africa","description":"Les kits de d\u00e9marrage vous offrent une introduction parfaite \u00e0 l'application de Cerakote. Tous les outils dont vous avez besoin, y compris un manuel de formation, vous permettent de perfectionner le processus.","robots":{"index":"index","follow":"follow","max-snippet":"max-snippet:-1","max-image-preview":"max-image-preview:large","max-video-preview":"max-video-preview:-1"},"canonical":"https:\/\/www.cerakotesa.com\/fr\/produit\/h-series-3-colour-starter-kit\/","og_locale":"fr_FR","og_type":"article","og_title":"H Series 3 Colour Starter Kit - Cerakote South Africa","og_description":"Starter kits give you a perfect introduction into Cerakote application. All the tools you need including a training manual so you can perfect the process.","og_url":"https:\/\/www.cerakotesa.com\/fr\/produit\/h-series-3-colour-starter-kit\/","og_site_name":"Cerakote South Africa","article_modified_time":"2024-11-12T15:57:24+00:00","og_image":[{"width":800,"height":800,"url":"https:\/\/www.cerakotesa.com\/wp-content\/uploads\/2023\/06\/h-series-3-color-starter-kit-tester-17995-1h-kitht3-dt20211104142326292-thumbnail.jpg","type":"image\/jpeg"}],"twitter_card":"summary_large_image","schema":{"@context":"https:\/\/schema.org","@graph":[{"@type":"WebPage","@id":"https:\/\/www.cerakotesa.com\/it\/prodotto\/h-series-3-colour-starter-kit\/","url":"https:\/\/www.cerakotesa.com\/it\/prodotto\/h-series-3-colour-starter-kit\/","name":"H Series 3 Colour Starter Kit - Cerakote South Africa","isPartOf":{"@id":"https:\/\/www.cerakotesa.com\/#website"},"primaryImageOfPage":{"@id":"https:\/\/www.cerakotesa.com\/it\/prodotto\/h-series-3-colour-starter-kit\/#primaryimage"},"image":{"@id":"https:\/\/www.cerakotesa.com\/it\/prodotto\/h-series-3-colour-starter-kit\/#primaryimage"},"thumbnailUrl":"https:\/\/www.cerakotesa.com\/wp-content\/uploads\/2023\/06\/h-series-3-color-starter-kit-tester-17995-1h-kitht3-dt20211104142326292-thumbnail.jpg","datePublished":"2020-04-21T10:32:53+00:00","dateModified":"2024-11-12T15:57:24+00:00","description":"Les kits de d\u00e9marrage vous offrent une introduction parfaite \u00e0 l'application de Cerakote. Tous les outils dont vous avez besoin, y compris un manuel de formation, vous permettent de perfectionner le processus.","breadcrumb":{"@id":"https:\/\/www.cerakotesa.com\/it\/prodotto\/h-series-3-colour-starter-kit\/#breadcrumb"},"inLanguage":"fr-FR","potentialAction":[{"@type":"ReadAction","target":["https:\/\/www.cerakotesa.com\/it\/prodotto\/h-series-3-colour-starter-kit\/"]}]},{"@type":"ImageObject","inLanguage":"fr-FR","@id":"https:\/\/www.cerakotesa.com\/it\/prodotto\/h-series-3-colour-starter-kit\/#primaryimage","url":"https:\/\/www.cerakotesa.com\/wp-content\/uploads\/2023\/06\/h-series-3-color-starter-kit-tester-17995-1h-kitht3-dt20211104142326292-thumbnail.jpg","contentUrl":"https:\/\/www.cerakotesa.com\/wp-content\/uploads\/2023\/06\/h-series-3-color-starter-kit-tester-17995-1h-kitht3-dt20211104142326292-thumbnail.jpg","width":800,"height":800},{"@type":"BreadcrumbList","@id":"https:\/\/www.cerakotesa.com\/it\/prodotto\/h-series-3-colour-starter-kit\/#breadcrumb","itemListElement":[{"@type":"ListItem","position":1,"name":"Home","item":"https:\/\/www.cerakotesa.com\/"},{"@type":"ListItem","position":2,"name":"Products","item":"https:\/\/www.cerakotesa.com\/shop\/"},{"@type":"ListItem","position":3,"name":"H Series 3 Colour Starter Kit"}]},{"@type":"WebSite","@id":"https:\/\/www.cerakotesa.com\/#website","url":"https:\/\/www.cerakotesa.com\/","name":"Cerakote South Africa","description":"Cerakote est un leader mondial dans la fabrication de rev\u00eatements c\u00e9ramiques protecteurs en couches minces.","potentialAction":[{"@type":"SearchAction","target":{"@type":"EntryPoint","urlTemplate":"https:\/\/www.cerakotesa.com\/?s={search_term_string}"},"query-input":{"@type":"PropertyValueSpecification","valueRequired":true,"valueName":"search_term_string"}}],"inLanguage":"fr-FR"}]}},"acf":[],"_links":{"self":[{"href":"https:\/\/www.cerakotesa.com\/fr\/wp-json\/wp\/v2\/product\/3294","targetHints":{"allow":["GET"]}}],"collection":[{"href":"https:\/\/www.cerakotesa.com\/fr\/wp-json\/wp\/v2\/product"}],"about":[{"href":"https:\/\/www.cerakotesa.com\/fr\/wp-json\/wp\/v2\/types\/product"}],"replies":[{"embeddable":true,"href":"https:\/\/www.cerakotesa.com\/fr\/wp-json\/wp\/v2\/comments?post=3294"}],"wp:featuredmedia":[{"embeddable":true,"href":"https:\/\/www.cerakotesa.com\/fr\/wp-json\/wp\/v2\/media\/13899"}],"wp:attachment":[{"href":"https:\/\/www.cerakotesa.com\/fr\/wp-json\/wp\/v2\/media?parent=3294"}],"wp:term":[{"taxonomy":"product_brand","embeddable":true,"href":"https:\/\/www.cerakotesa.com\/fr\/wp-json\/wp\/v2\/product_brand?post=3294"},{"taxonomy":"product_cat","embeddable":true,"href":"https:\/\/www.cerakotesa.com\/fr\/wp-json\/wp\/v2\/product_cat?post=3294"},{"taxonomy":"product_tag","embeddable":true,"href":"https:\/\/www.cerakotesa.com\/fr\/wp-json\/wp\/v2\/product_tag?post=3294"}],"curies":[{"name":"wp","href":"https:\/\/api.w.org\/{rel}","templated":true}]}}