{"id":3342,"date":"2020-04-29T19:53:24","date_gmt":"2020-04-29T19:53:24","guid":{"rendered":"https:\/\/www.cerakote.co.uk\/?post_type=product&#038;p=3342"},"modified":"2024-08-05T14:08:37","modified_gmt":"2024-08-05T14:08:37","slug":"pink-sherbet-h-328","status":"publish","type":"product","link":"https:\/\/www.cerakotesa.com\/fr\/produit\/pink-sherbet-h-328\/","title":{"rendered":"Pink Sherbet H-328"},"content":{"rendered":"","protected":false},"excerpt":{"rendered":"<p>Cerakote Pink Sherbet est un rose riche avec une finition \u00e9l\u00e9gante. \u00c0 la lumi\u00e8re noire, cette couleur se transforme en un rose vif extraordinaire qui vous fera tomber \u00e0 la renverse. (Il ne s'agit pas d'un produit phosphorescent).<\/p>\n<p>*REMARQUE : ce produit est livr\u00e9 avec un catalyseur et n\u00e9cessite un <a href=\"https:\/\/www.cerakotesa.com\/product\/cerakote-in-cup-150-mesh-strainer-100-micron-se-276\/\">Filtre de 150 mailles (SE-276)<\/a>.<\/p>\n<p>Les rev\u00eatements Cerakote de la s\u00e9rie H r\u00e9sistent durablement \u00e0 la corrosion et offrent des niveaux de duret\u00e9 et d'adh\u00e9rence in\u00e9gal\u00e9s. Ces rev\u00eatements sont \u00e9galement r\u00e9sistants \u00e0 la plupart des solvants et des produits chimiques. Les rev\u00eatements Cerakote de la s\u00e9rie H reposent sur une technologie c\u00e9ramique unique qui conf\u00e8re au rev\u00eatement final \u00e0 la fois souplesse et excellente r\u00e9sistance \u00e0 l'usure. D\u00e9couvrez les rev\u00eatements de la s\u00e9rie H de Cerakote <a href=\"https:\/\/www.cerakotesa.com\/documents\/\">Ressources<\/a> pour obtenir des guides d'application des produits, des fiches techniques et des informations sur les FDS.<\/p>","protected":false},"featured_media":3348,"comment_status":"closed","ping_status":"closed","template":"","meta":{"_acf_changed":false},"product_brand":[],"product_cat":[37],"product_tag":[33,36,695,211,696],"class_list":{"0":"post-3342","1":"product","2":"type-product","3":"status-publish","4":"has-post-thumbnail","6":"product_cat-h-series-coatings","7":"product_tag-cerakote","8":"product_tag-h-series","9":"product_tag-h-328","10":"product_tag-pink","11":"product_tag-pink-sherbet","12":"product_shipping_class-flat-rate","14":"first","15":"instock","16":"taxable","17":"shipping-taxable","18":"product-type-variable"},"yoast_head":"<!-- This site is optimized with the Yoast SEO plugin v26.7 - https:\/\/yoast.com\/wordpress\/plugins\/seo\/ -->\n<title>Pink Sherbet H-328 - Cerakote South Africa<\/title>\n<meta name=\"robots\" content=\"index, follow, max-snippet:-1, max-image-preview:large, max-video-preview:-1\" \/>\n<link rel=\"canonical\" href=\"https:\/\/www.cerakotesa.com\/fr\/produit\/pink-sherbet-h-328\/\" \/>\n<meta property=\"og:locale\" content=\"fr_FR\" \/>\n<meta property=\"og:type\" content=\"article\" \/>\n<meta property=\"og:title\" content=\"Pink Sherbet H-328 - Cerakote South Africa\" \/>\n<meta property=\"og:description\" content=\"Cerakote Pink Sherbet is a rich taffy pink with a sleek finish. In blacklight, this color transforms into an extraordinary hot pink that will knock your socks off. (This is not a glow-in-the-dark product.) *NOTE: This product comes with a catalyst and requires a 150 Mesh Strainer (SE-276). Cerakote H Series coatings are durable corrosion-resistant and provide unparalleled levels of hardness and adhesion. These coatings are also resistant to most solvents and chemicals. The foundation for Cerakote H Series coatings is a unique ceramic technology that imparts both flexibility and excellent wear resistance to the final coating. Check out the Resources section for product application guides, technical data sheets and SDS information.\" \/>\n<meta property=\"og:url\" content=\"https:\/\/www.cerakotesa.com\/fr\/produit\/pink-sherbet-h-328\/\" \/>\n<meta property=\"og:site_name\" content=\"Cerakote South Africa\" \/>\n<meta property=\"article:modified_time\" content=\"2024-08-05T14:08:37+00:00\" \/>\n<meta property=\"og:image\" content=\"https:\/\/www.cerakotesa.com\/wp-content\/uploads\/2020\/04\/pink-sherbet-h-328-dt20200313171150577-thumbnail.jpg\" \/>\n\t<meta property=\"og:image:width\" content=\"800\" \/>\n\t<meta property=\"og:image:height\" content=\"800\" \/>\n\t<meta property=\"og:image:type\" content=\"image\/jpeg\" \/>\n<meta name=\"twitter:card\" content=\"summary_large_image\" \/>\n<script type=\"application\/ld+json\" class=\"yoast-schema-graph\">{\"@context\":\"https:\/\/schema.org\",\"@graph\":[{\"@type\":\"WebPage\",\"@id\":\"https:\/\/www.cerakotesa.com\/product\/pink-sherbet-h-328\/\",\"url\":\"https:\/\/www.cerakotesa.com\/product\/pink-sherbet-h-328\/\",\"name\":\"Pink Sherbet H-328 - Cerakote South Africa\",\"isPartOf\":{\"@id\":\"https:\/\/www.cerakotesa.com\/#website\"},\"primaryImageOfPage\":{\"@id\":\"https:\/\/www.cerakotesa.com\/product\/pink-sherbet-h-328\/#primaryimage\"},\"image\":{\"@id\":\"https:\/\/www.cerakotesa.com\/product\/pink-sherbet-h-328\/#primaryimage\"},\"thumbnailUrl\":\"https:\/\/www.cerakotesa.com\/wp-content\/uploads\/2020\/04\/pink-sherbet-h-328-dt20200313171150577-thumbnail.jpg\",\"datePublished\":\"2020-04-29T19:53:24+00:00\",\"dateModified\":\"2024-08-05T14:08:37+00:00\",\"breadcrumb\":{\"@id\":\"https:\/\/www.cerakotesa.com\/product\/pink-sherbet-h-328\/#breadcrumb\"},\"inLanguage\":\"fr-FR\",\"potentialAction\":[{\"@type\":\"ReadAction\",\"target\":[\"https:\/\/www.cerakotesa.com\/product\/pink-sherbet-h-328\/\"]}]},{\"@type\":\"ImageObject\",\"inLanguage\":\"fr-FR\",\"@id\":\"https:\/\/www.cerakotesa.com\/product\/pink-sherbet-h-328\/#primaryimage\",\"url\":\"https:\/\/www.cerakotesa.com\/wp-content\/uploads\/2020\/04\/pink-sherbet-h-328-dt20200313171150577-thumbnail.jpg\",\"contentUrl\":\"https:\/\/www.cerakotesa.com\/wp-content\/uploads\/2020\/04\/pink-sherbet-h-328-dt20200313171150577-thumbnail.jpg\",\"width\":800,\"height\":800,\"caption\":\"a rich taffy pink\"},{\"@type\":\"BreadcrumbList\",\"@id\":\"https:\/\/www.cerakotesa.com\/product\/pink-sherbet-h-328\/#breadcrumb\",\"itemListElement\":[{\"@type\":\"ListItem\",\"position\":1,\"name\":\"Home\",\"item\":\"https:\/\/www.cerakotesa.com\/\"},{\"@type\":\"ListItem\",\"position\":2,\"name\":\"Products\",\"item\":\"https:\/\/www.cerakotesa.com\/shop\/\"},{\"@type\":\"ListItem\",\"position\":3,\"name\":\"Pink Sherbet H-328\"}]},{\"@type\":\"WebSite\",\"@id\":\"https:\/\/www.cerakotesa.com\/#website\",\"url\":\"https:\/\/www.cerakotesa.com\/\",\"name\":\"Cerakote South Africa\",\"description\":\"Cerakote is a global leader in the manufacturing of thin-film protective ceramic coatings\",\"potentialAction\":[{\"@type\":\"SearchAction\",\"target\":{\"@type\":\"EntryPoint\",\"urlTemplate\":\"https:\/\/www.cerakotesa.com\/?s={search_term_string}\"},\"query-input\":{\"@type\":\"PropertyValueSpecification\",\"valueRequired\":true,\"valueName\":\"search_term_string\"}}],\"inLanguage\":\"fr-FR\"}]}<\/script>\n<!-- \/ Yoast SEO plugin. -->","yoast_head_json":{"title":"Pink Sherbet H-328 - Cerakote South Africa","robots":{"index":"index","follow":"follow","max-snippet":"max-snippet:-1","max-image-preview":"max-image-preview:large","max-video-preview":"max-video-preview:-1"},"canonical":"https:\/\/www.cerakotesa.com\/fr\/produit\/pink-sherbet-h-328\/","og_locale":"fr_FR","og_type":"article","og_title":"Pink Sherbet H-328 - Cerakote South Africa","og_description":"Cerakote Pink Sherbet is a rich taffy pink with a sleek finish. In blacklight, this color transforms into an extraordinary hot pink that will knock your socks off. (This is not a glow-in-the-dark product.) *NOTE: This product comes with a catalyst and requires a 150 Mesh Strainer (SE-276). Cerakote H Series coatings are durable corrosion-resistant and provide unparalleled levels of hardness and adhesion. These coatings are also resistant to most solvents and chemicals. The foundation for Cerakote H Series coatings is a unique ceramic technology that imparts both flexibility and excellent wear resistance to the final coating. Check out the Resources section for product application guides, technical data sheets and SDS information.","og_url":"https:\/\/www.cerakotesa.com\/fr\/produit\/pink-sherbet-h-328\/","og_site_name":"Cerakote South Africa","article_modified_time":"2024-08-05T14:08:37+00:00","og_image":[{"width":800,"height":800,"url":"https:\/\/www.cerakotesa.com\/wp-content\/uploads\/2020\/04\/pink-sherbet-h-328-dt20200313171150577-thumbnail.jpg","type":"image\/jpeg"}],"twitter_card":"summary_large_image","schema":{"@context":"https:\/\/schema.org","@graph":[{"@type":"WebPage","@id":"https:\/\/www.cerakotesa.com\/product\/pink-sherbet-h-328\/","url":"https:\/\/www.cerakotesa.com\/product\/pink-sherbet-h-328\/","name":"Pink Sherbet H-328 - Cerakote South Africa","isPartOf":{"@id":"https:\/\/www.cerakotesa.com\/#website"},"primaryImageOfPage":{"@id":"https:\/\/www.cerakotesa.com\/product\/pink-sherbet-h-328\/#primaryimage"},"image":{"@id":"https:\/\/www.cerakotesa.com\/product\/pink-sherbet-h-328\/#primaryimage"},"thumbnailUrl":"https:\/\/www.cerakotesa.com\/wp-content\/uploads\/2020\/04\/pink-sherbet-h-328-dt20200313171150577-thumbnail.jpg","datePublished":"2020-04-29T19:53:24+00:00","dateModified":"2024-08-05T14:08:37+00:00","breadcrumb":{"@id":"https:\/\/www.cerakotesa.com\/product\/pink-sherbet-h-328\/#breadcrumb"},"inLanguage":"fr-FR","potentialAction":[{"@type":"ReadAction","target":["https:\/\/www.cerakotesa.com\/product\/pink-sherbet-h-328\/"]}]},{"@type":"ImageObject","inLanguage":"fr-FR","@id":"https:\/\/www.cerakotesa.com\/product\/pink-sherbet-h-328\/#primaryimage","url":"https:\/\/www.cerakotesa.com\/wp-content\/uploads\/2020\/04\/pink-sherbet-h-328-dt20200313171150577-thumbnail.jpg","contentUrl":"https:\/\/www.cerakotesa.com\/wp-content\/uploads\/2020\/04\/pink-sherbet-h-328-dt20200313171150577-thumbnail.jpg","width":800,"height":800,"caption":"a rich taffy pink"},{"@type":"BreadcrumbList","@id":"https:\/\/www.cerakotesa.com\/product\/pink-sherbet-h-328\/#breadcrumb","itemListElement":[{"@type":"ListItem","position":1,"name":"Home","item":"https:\/\/www.cerakotesa.com\/"},{"@type":"ListItem","position":2,"name":"Products","item":"https:\/\/www.cerakotesa.com\/shop\/"},{"@type":"ListItem","position":3,"name":"Pink Sherbet H-328"}]},{"@type":"WebSite","@id":"https:\/\/www.cerakotesa.com\/#website","url":"https:\/\/www.cerakotesa.com\/","name":"Cerakote South Africa","description":"Cerakote est un leader mondial dans la fabrication de rev\u00eatements c\u00e9ramiques protecteurs en couches minces.","potentialAction":[{"@type":"SearchAction","target":{"@type":"EntryPoint","urlTemplate":"https:\/\/www.cerakotesa.com\/?s={search_term_string}"},"query-input":{"@type":"PropertyValueSpecification","valueRequired":true,"valueName":"search_term_string"}}],"inLanguage":"fr-FR"}]}},"acf":[],"_links":{"self":[{"href":"https:\/\/www.cerakotesa.com\/fr\/wp-json\/wp\/v2\/product\/3342","targetHints":{"allow":["GET"]}}],"collection":[{"href":"https:\/\/www.cerakotesa.com\/fr\/wp-json\/wp\/v2\/product"}],"about":[{"href":"https:\/\/www.cerakotesa.com\/fr\/wp-json\/wp\/v2\/types\/product"}],"replies":[{"embeddable":true,"href":"https:\/\/www.cerakotesa.com\/fr\/wp-json\/wp\/v2\/comments?post=3342"}],"wp:featuredmedia":[{"embeddable":true,"href":"https:\/\/www.cerakotesa.com\/fr\/wp-json\/wp\/v2\/media\/3348"}],"wp:attachment":[{"href":"https:\/\/www.cerakotesa.com\/fr\/wp-json\/wp\/v2\/media?parent=3342"}],"wp:term":[{"taxonomy":"product_brand","embeddable":true,"href":"https:\/\/www.cerakotesa.com\/fr\/wp-json\/wp\/v2\/product_brand?post=3342"},{"taxonomy":"product_cat","embeddable":true,"href":"https:\/\/www.cerakotesa.com\/fr\/wp-json\/wp\/v2\/product_cat?post=3342"},{"taxonomy":"product_tag","embeddable":true,"href":"https:\/\/www.cerakotesa.com\/fr\/wp-json\/wp\/v2\/product_tag?post=3342"}],"curies":[{"name":"wp","href":"https:\/\/api.w.org\/{rel}","templated":true}]}}