{"id":335,"date":"2019-11-29T14:59:10","date_gmt":"2019-11-29T14:59:10","guid":{"rendered":"https:\/\/staging.cerakote.co.uk\/?post_type=product&#038;p=335"},"modified":"2025-11-26T11:41:35","modified_gmt":"2025-11-26T11:41:35","slug":"concrete-e-160","status":"publish","type":"product","link":"https:\/\/www.cerakotesa.com\/fr\/produit\/concrete-e-160\/","title":{"rendered":"Concrete E-160"},"content":{"rendered":"","protected":false},"excerpt":{"rendered":"<p>Cerakote Elite Concrete est un gris moyen.<\/p>\n<p>Nous avons port\u00e9 les performances de pointe de la s\u00e9rie H de Cerakote \u00e0 un niveau sup\u00e9rieur et am\u00e9lior\u00e9 la duret\u00e9, la r\u00e9sistance \u00e0 l'abrasion et le pouvoir lubrifiant, le tout dans une application plus fine. Nous y sommes parvenus en d\u00e9veloppant une technologie de r\u00e9sine avanc\u00e9e qui permet l'incorporation des c\u00e9ramiques techniques les plus performantes.<\/p>\n<p>Note : Tous les produits Elite sont livr\u00e9s avec un catalyseur et requi\u00e8rent un\u00a0<a href=\"https:\/\/www.cerakotesa.com\/product\/elite-series-325-mesh-strainer-44-micron-se-277\/\">Tamis 325 mesh (SE-277)<\/a>. Vous trouverez les guides d'application des produits, les fiches techniques et les informations sur les FDS dans le site Web de la Commission europ\u00e9enne. <a href=\"https:\/\/www.cerakotesa.com\/documents\/\">Ressources<\/a> section.<\/p>","protected":false},"featured_media":6202,"comment_status":"closed","ping_status":"closed","template":"","meta":{"_acf_changed":false},"product_brand":[],"product_cat":[101],"product_tag":[33,169,170,171,100],"class_list":{"0":"post-335","1":"product","2":"type-product","3":"status-publish","4":"has-post-thumbnail","6":"product_cat-elite-series","7":"product_tag-cerakote","8":"product_tag-concrete","9":"product_tag-e-160","10":"product_tag-e160","11":"product_tag-elite","12":"product_shipping_class-flat-rate","14":"first","15":"instock","16":"taxable","17":"shipping-taxable","18":"product-type-variable"},"yoast_head":"<!-- This site is optimized with the Yoast SEO plugin v26.7 - https:\/\/yoast.com\/wordpress\/plugins\/seo\/ -->\n<title>Concrete E-160 - Cerakote South Africa<\/title>\n<meta name=\"robots\" content=\"index, follow, max-snippet:-1, max-image-preview:large, max-video-preview:-1\" \/>\n<link rel=\"canonical\" href=\"https:\/\/www.cerakotesa.com\/fr\/produit\/concrete-e-160\/\" \/>\n<meta property=\"og:locale\" content=\"fr_FR\" \/>\n<meta property=\"og:type\" content=\"article\" \/>\n<meta property=\"og:title\" content=\"Concrete E-160 - Cerakote South Africa\" \/>\n<meta property=\"og:description\" content=\"Cerakote Elite Concrete is a medium grey. We have taken the industry leading performance of Cerakote H Series to the next level and improved hardness, abrasion resistance and lubricity, all in a thinner application. We have accomplished this by developing an advanced resin technology that enables the incorporation of the highest performance engineered ceramics. Note: All Elite products come with a catalyst and require a\u00a0325 Mesh Strainer (SE-277). Find product application guides, technical data sheets and SDS information in the Resources section.\" \/>\n<meta property=\"og:url\" content=\"https:\/\/www.cerakotesa.com\/fr\/produit\/concrete-e-160\/\" \/>\n<meta property=\"og:site_name\" content=\"Cerakote South Africa\" \/>\n<meta property=\"article:modified_time\" content=\"2025-11-26T11:41:35+00:00\" \/>\n<meta property=\"og:image\" content=\"https:\/\/www.cerakotesa.com\/wp-content\/uploads\/2019\/11\/E-160-1.jpg\" \/>\n\t<meta property=\"og:image:width\" content=\"800\" \/>\n\t<meta property=\"og:image:height\" content=\"800\" \/>\n\t<meta property=\"og:image:type\" content=\"image\/jpeg\" \/>\n<meta name=\"twitter:card\" content=\"summary_large_image\" \/>\n<script type=\"application\/ld+json\" class=\"yoast-schema-graph\">{\"@context\":\"https:\/\/schema.org\",\"@graph\":[{\"@type\":\"WebPage\",\"@id\":\"https:\/\/www.cerakotesa.com\/product\/concrete-e-160\/\",\"url\":\"https:\/\/www.cerakotesa.com\/product\/concrete-e-160\/\",\"name\":\"Concrete E-160 - Cerakote South Africa\",\"isPartOf\":{\"@id\":\"https:\/\/www.cerakotesa.com\/#website\"},\"primaryImageOfPage\":{\"@id\":\"https:\/\/www.cerakotesa.com\/product\/concrete-e-160\/#primaryimage\"},\"image\":{\"@id\":\"https:\/\/www.cerakotesa.com\/product\/concrete-e-160\/#primaryimage\"},\"thumbnailUrl\":\"https:\/\/www.cerakotesa.com\/wp-content\/uploads\/2019\/11\/E-160-1.jpg\",\"datePublished\":\"2019-11-29T14:59:10+00:00\",\"dateModified\":\"2025-11-26T11:41:35+00:00\",\"breadcrumb\":{\"@id\":\"https:\/\/www.cerakotesa.com\/product\/concrete-e-160\/#breadcrumb\"},\"inLanguage\":\"fr-FR\",\"potentialAction\":[{\"@type\":\"ReadAction\",\"target\":[\"https:\/\/www.cerakotesa.com\/product\/concrete-e-160\/\"]}]},{\"@type\":\"ImageObject\",\"inLanguage\":\"fr-FR\",\"@id\":\"https:\/\/www.cerakotesa.com\/product\/concrete-e-160\/#primaryimage\",\"url\":\"https:\/\/www.cerakotesa.com\/wp-content\/uploads\/2019\/11\/E-160-1.jpg\",\"contentUrl\":\"https:\/\/www.cerakotesa.com\/wp-content\/uploads\/2019\/11\/E-160-1.jpg\",\"width\":800,\"height\":800},{\"@type\":\"BreadcrumbList\",\"@id\":\"https:\/\/www.cerakotesa.com\/product\/concrete-e-160\/#breadcrumb\",\"itemListElement\":[{\"@type\":\"ListItem\",\"position\":1,\"name\":\"Home\",\"item\":\"https:\/\/www.cerakotesa.com\/\"},{\"@type\":\"ListItem\",\"position\":2,\"name\":\"Products\",\"item\":\"https:\/\/www.cerakotesa.com\/shop\/\"},{\"@type\":\"ListItem\",\"position\":3,\"name\":\"Concrete E-160\"}]},{\"@type\":\"WebSite\",\"@id\":\"https:\/\/www.cerakotesa.com\/#website\",\"url\":\"https:\/\/www.cerakotesa.com\/\",\"name\":\"Cerakote South Africa\",\"description\":\"Cerakote is a global leader in the manufacturing of thin-film protective ceramic coatings\",\"potentialAction\":[{\"@type\":\"SearchAction\",\"target\":{\"@type\":\"EntryPoint\",\"urlTemplate\":\"https:\/\/www.cerakotesa.com\/?s={search_term_string}\"},\"query-input\":{\"@type\":\"PropertyValueSpecification\",\"valueRequired\":true,\"valueName\":\"search_term_string\"}}],\"inLanguage\":\"fr-FR\"}]}<\/script>\n<!-- \/ Yoast SEO plugin. -->","yoast_head_json":{"title":"Concrete E-160 - Cerakote South Africa","robots":{"index":"index","follow":"follow","max-snippet":"max-snippet:-1","max-image-preview":"max-image-preview:large","max-video-preview":"max-video-preview:-1"},"canonical":"https:\/\/www.cerakotesa.com\/fr\/produit\/concrete-e-160\/","og_locale":"fr_FR","og_type":"article","og_title":"Concrete E-160 - Cerakote South Africa","og_description":"Cerakote Elite Concrete is a medium grey. We have taken the industry leading performance of Cerakote H Series to the next level and improved hardness, abrasion resistance and lubricity, all in a thinner application. We have accomplished this by developing an advanced resin technology that enables the incorporation of the highest performance engineered ceramics. Note: All Elite products come with a catalyst and require a\u00a0325 Mesh Strainer (SE-277). Find product application guides, technical data sheets and SDS information in the Resources section.","og_url":"https:\/\/www.cerakotesa.com\/fr\/produit\/concrete-e-160\/","og_site_name":"Cerakote South Africa","article_modified_time":"2025-11-26T11:41:35+00:00","og_image":[{"width":800,"height":800,"url":"https:\/\/www.cerakotesa.com\/wp-content\/uploads\/2019\/11\/E-160-1.jpg","type":"image\/jpeg"}],"twitter_card":"summary_large_image","schema":{"@context":"https:\/\/schema.org","@graph":[{"@type":"WebPage","@id":"https:\/\/www.cerakotesa.com\/product\/concrete-e-160\/","url":"https:\/\/www.cerakotesa.com\/product\/concrete-e-160\/","name":"Concrete E-160 - Cerakote South Africa","isPartOf":{"@id":"https:\/\/www.cerakotesa.com\/#website"},"primaryImageOfPage":{"@id":"https:\/\/www.cerakotesa.com\/product\/concrete-e-160\/#primaryimage"},"image":{"@id":"https:\/\/www.cerakotesa.com\/product\/concrete-e-160\/#primaryimage"},"thumbnailUrl":"https:\/\/www.cerakotesa.com\/wp-content\/uploads\/2019\/11\/E-160-1.jpg","datePublished":"2019-11-29T14:59:10+00:00","dateModified":"2025-11-26T11:41:35+00:00","breadcrumb":{"@id":"https:\/\/www.cerakotesa.com\/product\/concrete-e-160\/#breadcrumb"},"inLanguage":"fr-FR","potentialAction":[{"@type":"ReadAction","target":["https:\/\/www.cerakotesa.com\/product\/concrete-e-160\/"]}]},{"@type":"ImageObject","inLanguage":"fr-FR","@id":"https:\/\/www.cerakotesa.com\/product\/concrete-e-160\/#primaryimage","url":"https:\/\/www.cerakotesa.com\/wp-content\/uploads\/2019\/11\/E-160-1.jpg","contentUrl":"https:\/\/www.cerakotesa.com\/wp-content\/uploads\/2019\/11\/E-160-1.jpg","width":800,"height":800},{"@type":"BreadcrumbList","@id":"https:\/\/www.cerakotesa.com\/product\/concrete-e-160\/#breadcrumb","itemListElement":[{"@type":"ListItem","position":1,"name":"Home","item":"https:\/\/www.cerakotesa.com\/"},{"@type":"ListItem","position":2,"name":"Products","item":"https:\/\/www.cerakotesa.com\/shop\/"},{"@type":"ListItem","position":3,"name":"Concrete E-160"}]},{"@type":"WebSite","@id":"https:\/\/www.cerakotesa.com\/#website","url":"https:\/\/www.cerakotesa.com\/","name":"Cerakote South Africa","description":"Cerakote est un leader mondial dans la fabrication de rev\u00eatements c\u00e9ramiques protecteurs en couches minces.","potentialAction":[{"@type":"SearchAction","target":{"@type":"EntryPoint","urlTemplate":"https:\/\/www.cerakotesa.com\/?s={search_term_string}"},"query-input":{"@type":"PropertyValueSpecification","valueRequired":true,"valueName":"search_term_string"}}],"inLanguage":"fr-FR"}]}},"acf":[],"_links":{"self":[{"href":"https:\/\/www.cerakotesa.com\/fr\/wp-json\/wp\/v2\/product\/335","targetHints":{"allow":["GET"]}}],"collection":[{"href":"https:\/\/www.cerakotesa.com\/fr\/wp-json\/wp\/v2\/product"}],"about":[{"href":"https:\/\/www.cerakotesa.com\/fr\/wp-json\/wp\/v2\/types\/product"}],"replies":[{"embeddable":true,"href":"https:\/\/www.cerakotesa.com\/fr\/wp-json\/wp\/v2\/comments?post=335"}],"wp:featuredmedia":[{"embeddable":true,"href":"https:\/\/www.cerakotesa.com\/fr\/wp-json\/wp\/v2\/media\/6202"}],"wp:attachment":[{"href":"https:\/\/www.cerakotesa.com\/fr\/wp-json\/wp\/v2\/media?parent=335"}],"wp:term":[{"taxonomy":"product_brand","embeddable":true,"href":"https:\/\/www.cerakotesa.com\/fr\/wp-json\/wp\/v2\/product_brand?post=335"},{"taxonomy":"product_cat","embeddable":true,"href":"https:\/\/www.cerakotesa.com\/fr\/wp-json\/wp\/v2\/product_cat?post=335"},{"taxonomy":"product_tag","embeddable":true,"href":"https:\/\/www.cerakotesa.com\/fr\/wp-json\/wp\/v2\/product_tag?post=335"}],"curies":[{"name":"wp","href":"https:\/\/api.w.org\/{rel}","templated":true}]}}