{"id":3867,"date":"2020-07-24T13:31:36","date_gmt":"2020-07-24T13:31:36","guid":{"rendered":"https:\/\/www.cerakote.co.uk\/?post_type=product&#038;p=3867"},"modified":"2024-08-05T13:27:01","modified_gmt":"2024-08-05T13:27:01","slug":"cerakote-applied-here-poster-se-179","status":"publish","type":"product","link":"https:\/\/www.cerakotesa.com\/fr\/produit\/cerakote-applied-here-poster-se-179\/","title":{"rendered":"CERAKOTE\u00ae appliqu\u00e9 ici Poster SE-179"},"content":{"rendered":"","protected":false},"excerpt":{"rendered":"<p>Le poster officiel \"Cerakote Applied Here\" est imprim\u00e9 sur un mat\u00e9riau de haute qualit\u00e9, r\u00e9sistant \u00e0 la d\u00e9chirure. Il est pr\u00eat \u00e0 \u00eatre encadr\u00e9 ou accroch\u00e9 tel quel. Vous pouvez montrer que vous \u00eates pr\u00eat pour le Cerakote en accrochant ce poster \u00e0 l'int\u00e9rieur de votre atelier, lors d'une exposition ou \u00e0 l'ext\u00e9rieur dans les intemp\u00e9ries. C'est le moyen id\u00e9al de faire savoir au monde que \"Cerakote est appliqu\u00e9 ici !\".<\/p>\n<p>Ce poster mesure 18\u2033 x 24\u2033.<\/p>","protected":false},"featured_media":13913,"comment_status":"closed","ping_status":"closed","template":"","meta":{"_acf_changed":false},"product_brand":[],"product_cat":[106],"product_tag":[33,710,105,711],"class_list":{"0":"post-3867","1":"product","2":"type-product","3":"status-publish","4":"has-post-thumbnail","6":"product_cat-equipment","7":"product_tag-cerakote","8":"product_tag-cerakote-applied-here-poster","9":"product_tag-equipment","10":"product_tag-se-179","11":"product_shipping_class-flat-rate","13":"first","14":"instock","15":"taxable","16":"shipping-taxable","17":"product-type-simple"},"yoast_head":"<!-- This site is optimized with the Yoast SEO plugin v26.7 - https:\/\/yoast.com\/wordpress\/plugins\/seo\/ -->\n<title>CERAKOTE\u00ae Applied Here Poster SE-179 - Cerakote South Africa<\/title>\n<meta name=\"robots\" content=\"index, follow, max-snippet:-1, max-image-preview:large, max-video-preview:-1\" \/>\n<link rel=\"canonical\" href=\"https:\/\/www.cerakotesa.com\/fr\/produit\/cerakote-applied-here-poster-se-179\/\" \/>\n<meta property=\"og:locale\" content=\"fr_FR\" \/>\n<meta property=\"og:type\" content=\"article\" \/>\n<meta property=\"og:title\" content=\"CERAKOTE\u00ae Applied Here Poster SE-179 - Cerakote South Africa\" \/>\n<meta property=\"og:description\" content=\"The Official &quot;Cerakote Applied Here&quot; Poster is printed on a high quality, tear-resistant material. It is ready to frame or hang as is. You can show off your Cerakote readiness by hanging up this poster inside your shop, at a show, or outside in the elements. It&#039;s the perfect way to let the world know that &quot;Cerakote is Applied Here!&quot;  This poster is 18&quot; x 24&quot;.\" \/>\n<meta property=\"og:url\" content=\"https:\/\/www.cerakotesa.com\/fr\/produit\/cerakote-applied-here-poster-se-179\/\" \/>\n<meta property=\"og:site_name\" content=\"Cerakote South Africa\" \/>\n<meta property=\"article:modified_time\" content=\"2024-08-05T13:27:01+00:00\" \/>\n<meta property=\"og:image\" content=\"https:\/\/www.cerakotesa.com\/wp-content\/uploads\/2023\/06\/Cerakote-Applied-Here-Poster.jpg\" \/>\n\t<meta property=\"og:image:width\" content=\"800\" \/>\n\t<meta property=\"og:image:height\" content=\"800\" \/>\n\t<meta property=\"og:image:type\" content=\"image\/jpeg\" \/>\n<meta name=\"twitter:card\" content=\"summary_large_image\" \/>\n<script type=\"application\/ld+json\" class=\"yoast-schema-graph\">{\"@context\":\"https:\/\/schema.org\",\"@graph\":[{\"@type\":\"WebPage\",\"@id\":\"https:\/\/www.cerakotesa.com\/product\/cerakote-applied-here-poster-se-179\/\",\"url\":\"https:\/\/www.cerakotesa.com\/product\/cerakote-applied-here-poster-se-179\/\",\"name\":\"CERAKOTE\u00ae Applied Here Poster SE-179 - Cerakote South Africa\",\"isPartOf\":{\"@id\":\"https:\/\/www.cerakotesa.com\/#website\"},\"primaryImageOfPage\":{\"@id\":\"https:\/\/www.cerakotesa.com\/product\/cerakote-applied-here-poster-se-179\/#primaryimage\"},\"image\":{\"@id\":\"https:\/\/www.cerakotesa.com\/product\/cerakote-applied-here-poster-se-179\/#primaryimage\"},\"thumbnailUrl\":\"https:\/\/www.cerakotesa.com\/wp-content\/uploads\/2023\/06\/Cerakote-Applied-Here-Poster.jpg\",\"datePublished\":\"2020-07-24T13:31:36+00:00\",\"dateModified\":\"2024-08-05T13:27:01+00:00\",\"breadcrumb\":{\"@id\":\"https:\/\/www.cerakotesa.com\/product\/cerakote-applied-here-poster-se-179\/#breadcrumb\"},\"inLanguage\":\"fr-FR\",\"potentialAction\":[{\"@type\":\"ReadAction\",\"target\":[\"https:\/\/www.cerakotesa.com\/product\/cerakote-applied-here-poster-se-179\/\"]}]},{\"@type\":\"ImageObject\",\"inLanguage\":\"fr-FR\",\"@id\":\"https:\/\/www.cerakotesa.com\/product\/cerakote-applied-here-poster-se-179\/#primaryimage\",\"url\":\"https:\/\/www.cerakotesa.com\/wp-content\/uploads\/2023\/06\/Cerakote-Applied-Here-Poster.jpg\",\"contentUrl\":\"https:\/\/www.cerakotesa.com\/wp-content\/uploads\/2023\/06\/Cerakote-Applied-Here-Poster.jpg\",\"width\":800,\"height\":800},{\"@type\":\"BreadcrumbList\",\"@id\":\"https:\/\/www.cerakotesa.com\/product\/cerakote-applied-here-poster-se-179\/#breadcrumb\",\"itemListElement\":[{\"@type\":\"ListItem\",\"position\":1,\"name\":\"Home\",\"item\":\"https:\/\/www.cerakotesa.com\/\"},{\"@type\":\"ListItem\",\"position\":2,\"name\":\"Products\",\"item\":\"https:\/\/www.cerakotesa.com\/shop\/\"},{\"@type\":\"ListItem\",\"position\":3,\"name\":\"CERAKOTE\u00ae Applied Here Poster SE-179\"}]},{\"@type\":\"WebSite\",\"@id\":\"https:\/\/www.cerakotesa.com\/#website\",\"url\":\"https:\/\/www.cerakotesa.com\/\",\"name\":\"Cerakote South Africa\",\"description\":\"Cerakote is a global leader in the manufacturing of thin-film protective ceramic coatings\",\"potentialAction\":[{\"@type\":\"SearchAction\",\"target\":{\"@type\":\"EntryPoint\",\"urlTemplate\":\"https:\/\/www.cerakotesa.com\/?s={search_term_string}\"},\"query-input\":{\"@type\":\"PropertyValueSpecification\",\"valueRequired\":true,\"valueName\":\"search_term_string\"}}],\"inLanguage\":\"fr-FR\"}]}<\/script>\n<!-- \/ Yoast SEO plugin. -->","yoast_head_json":{"title":"CERAKOTE\u00ae Applied Here Poster SE-179 - Cerakote South Africa","robots":{"index":"index","follow":"follow","max-snippet":"max-snippet:-1","max-image-preview":"max-image-preview:large","max-video-preview":"max-video-preview:-1"},"canonical":"https:\/\/www.cerakotesa.com\/fr\/produit\/cerakote-applied-here-poster-se-179\/","og_locale":"fr_FR","og_type":"article","og_title":"CERAKOTE\u00ae Applied Here Poster SE-179 - Cerakote South Africa","og_description":"The Official \"Cerakote Applied Here\" Poster is printed on a high quality, tear-resistant material. It is ready to frame or hang as is. You can show off your Cerakote readiness by hanging up this poster inside your shop, at a show, or outside in the elements. It's the perfect way to let the world know that \"Cerakote is Applied Here!\"  This poster is 18\" x 24\".","og_url":"https:\/\/www.cerakotesa.com\/fr\/produit\/cerakote-applied-here-poster-se-179\/","og_site_name":"Cerakote South Africa","article_modified_time":"2024-08-05T13:27:01+00:00","og_image":[{"width":800,"height":800,"url":"https:\/\/www.cerakotesa.com\/wp-content\/uploads\/2023\/06\/Cerakote-Applied-Here-Poster.jpg","type":"image\/jpeg"}],"twitter_card":"summary_large_image","schema":{"@context":"https:\/\/schema.org","@graph":[{"@type":"WebPage","@id":"https:\/\/www.cerakotesa.com\/product\/cerakote-applied-here-poster-se-179\/","url":"https:\/\/www.cerakotesa.com\/product\/cerakote-applied-here-poster-se-179\/","name":"CERAKOTE\u00ae Applied Here Poster SE-179 - Cerakote South Africa","isPartOf":{"@id":"https:\/\/www.cerakotesa.com\/#website"},"primaryImageOfPage":{"@id":"https:\/\/www.cerakotesa.com\/product\/cerakote-applied-here-poster-se-179\/#primaryimage"},"image":{"@id":"https:\/\/www.cerakotesa.com\/product\/cerakote-applied-here-poster-se-179\/#primaryimage"},"thumbnailUrl":"https:\/\/www.cerakotesa.com\/wp-content\/uploads\/2023\/06\/Cerakote-Applied-Here-Poster.jpg","datePublished":"2020-07-24T13:31:36+00:00","dateModified":"2024-08-05T13:27:01+00:00","breadcrumb":{"@id":"https:\/\/www.cerakotesa.com\/product\/cerakote-applied-here-poster-se-179\/#breadcrumb"},"inLanguage":"fr-FR","potentialAction":[{"@type":"ReadAction","target":["https:\/\/www.cerakotesa.com\/product\/cerakote-applied-here-poster-se-179\/"]}]},{"@type":"ImageObject","inLanguage":"fr-FR","@id":"https:\/\/www.cerakotesa.com\/product\/cerakote-applied-here-poster-se-179\/#primaryimage","url":"https:\/\/www.cerakotesa.com\/wp-content\/uploads\/2023\/06\/Cerakote-Applied-Here-Poster.jpg","contentUrl":"https:\/\/www.cerakotesa.com\/wp-content\/uploads\/2023\/06\/Cerakote-Applied-Here-Poster.jpg","width":800,"height":800},{"@type":"BreadcrumbList","@id":"https:\/\/www.cerakotesa.com\/product\/cerakote-applied-here-poster-se-179\/#breadcrumb","itemListElement":[{"@type":"ListItem","position":1,"name":"Home","item":"https:\/\/www.cerakotesa.com\/"},{"@type":"ListItem","position":2,"name":"Products","item":"https:\/\/www.cerakotesa.com\/shop\/"},{"@type":"ListItem","position":3,"name":"CERAKOTE\u00ae Applied Here Poster SE-179"}]},{"@type":"WebSite","@id":"https:\/\/www.cerakotesa.com\/#website","url":"https:\/\/www.cerakotesa.com\/","name":"Cerakote South Africa","description":"Cerakote est un leader mondial dans la fabrication de rev\u00eatements c\u00e9ramiques protecteurs en couches minces.","potentialAction":[{"@type":"SearchAction","target":{"@type":"EntryPoint","urlTemplate":"https:\/\/www.cerakotesa.com\/?s={search_term_string}"},"query-input":{"@type":"PropertyValueSpecification","valueRequired":true,"valueName":"search_term_string"}}],"inLanguage":"fr-FR"}]}},"acf":[],"_links":{"self":[{"href":"https:\/\/www.cerakotesa.com\/fr\/wp-json\/wp\/v2\/product\/3867","targetHints":{"allow":["GET"]}}],"collection":[{"href":"https:\/\/www.cerakotesa.com\/fr\/wp-json\/wp\/v2\/product"}],"about":[{"href":"https:\/\/www.cerakotesa.com\/fr\/wp-json\/wp\/v2\/types\/product"}],"replies":[{"embeddable":true,"href":"https:\/\/www.cerakotesa.com\/fr\/wp-json\/wp\/v2\/comments?post=3867"}],"wp:featuredmedia":[{"embeddable":true,"href":"https:\/\/www.cerakotesa.com\/fr\/wp-json\/wp\/v2\/media\/13913"}],"wp:attachment":[{"href":"https:\/\/www.cerakotesa.com\/fr\/wp-json\/wp\/v2\/media?parent=3867"}],"wp:term":[{"taxonomy":"product_brand","embeddable":true,"href":"https:\/\/www.cerakotesa.com\/fr\/wp-json\/wp\/v2\/product_brand?post=3867"},{"taxonomy":"product_cat","embeddable":true,"href":"https:\/\/www.cerakotesa.com\/fr\/wp-json\/wp\/v2\/product_cat?post=3867"},{"taxonomy":"product_tag","embeddable":true,"href":"https:\/\/www.cerakotesa.com\/fr\/wp-json\/wp\/v2\/product_tag?post=3867"}],"curies":[{"name":"wp","href":"https:\/\/api.w.org\/{rel}","templated":true}]}}