{"id":4883,"date":"2020-11-06T14:10:44","date_gmt":"2020-11-06T14:10:44","guid":{"rendered":"https:\/\/www.cerakote.co.uk\/?post_type=product&#038;p=4883"},"modified":"2025-03-10T09:29:56","modified_gmt":"2025-03-10T09:29:56","slug":"camo-swatch-set-se-2302","status":"publish","type":"product","link":"https:\/\/www.cerakotesa.com\/fr\/produit\/camo-swatch-set-se-2302\/","title":{"rendered":"Jeu d'\u00e9chantillons Camo SE-2302"},"content":{"rendered":"","protected":false},"excerpt":{"rendered":"<p>Les kits d'\u00e9chantillons Cerakote sont des articles \u00e0 forte demande et \u00e0 forte intensit\u00e9 de main d'\u0153uvre, dont la fabrication peut prendre jusqu'\u00e0 deux semaines.<\/p>\n<p>Les kits d'\u00e9chantillons vous permettent, ainsi qu'\u00e0 votre client, d'observer et de toucher physiquement le rev\u00eatement.<\/p>\n<p>Notre nouvelle MultiCam<sup>\u00ae<\/sup> L'ensemble des \u00e9chantillons de la s\u00e9rie comprend<\/p>\n<ul>\n<li>MultiCam<sup>\u00ae<\/sup> Vert p\u00e2le H-339<\/li>\n<li>MultiCam<sup>\u00ae<\/sup> Vert clair H-340<\/li>\n<li>MultiCam<sup>\u00ae<\/sup> Vert fonc\u00e9 H-341<\/li>\n<li>MultiCam<sup>\u00ae<\/sup> Marron fonc\u00e9 H-342<\/li>\n<li>MultiCam<sup>\u00ae<\/sup> Vert vif H-343<\/li>\n<li>MultiCam<sup>\u00ae<\/sup> Olive H-344<\/li>\n<li>MultiCam<sup>\u00ae<\/sup> Gris fonc\u00e9 H-345<\/li>\n<li>Benelli<sup>\u00ae<\/sup> Sand H-143<\/li>\n<li>Desert Sand H-199<\/li>\n<li>Glock<sup>\u00ae<\/sup> FDE H-261<\/li>\n<li>Chocolate Brown H-258<\/li>\n<li>McMillan<sup>\u00ae<\/sup> Tan H-203<\/li>\n<li>Barrett<sup>\u00ae<\/sup> Marron H-269<\/li>\n<li>Mil Spec Green H-264<\/li>\n<li>Plum Brown H-298<\/li>\n<li>Snow White H-136<\/li>\n<li>Battleship Grey H-213<\/li>\n<li>Sniper Green H-229<\/li>\n<li>Sig\u2122 Gris fonc\u00e9 H-210<\/li>\n<li>Graphite Black H-146<\/li>\n<\/ul>","protected":false},"featured_media":20946,"comment_status":"closed","ping_status":"closed","template":"","meta":{"_acf_changed":false},"product_brand":[],"product_cat":[106,978],"product_tag":[1167,573,763],"class_list":{"0":"post-4883","1":"product","2":"type-product","3":"status-publish","4":"has-post-thumbnail","6":"product_cat-equipment","7":"product_cat-swatch-sets-equipment","8":"product_tag-camo-se-2302","9":"product_tag-swatch","10":"product_tag-swatch-set","11":"product_shipping_class-royal-mail-first-class","13":"first","14":"instock","15":"taxable","16":"shipping-taxable","17":"product-type-simple"},"yoast_head":"<!-- This site is optimized with the Yoast SEO plugin v26.7 - https:\/\/yoast.com\/wordpress\/plugins\/seo\/ -->\n<title>Camo Swatch Set SE-2302 - Cerakote South Africa<\/title>\n<meta name=\"robots\" content=\"index, follow, max-snippet:-1, max-image-preview:large, max-video-preview:-1\" \/>\n<link rel=\"canonical\" href=\"https:\/\/www.cerakotesa.com\/fr\/produit\/camo-swatch-set-se-2302\/\" \/>\n<meta property=\"og:locale\" content=\"fr_FR\" \/>\n<meta property=\"og:type\" content=\"article\" \/>\n<meta property=\"og:title\" content=\"Camo Swatch Set SE-2302 - Cerakote South Africa\" \/>\n<meta property=\"og:description\" content=\"Cerakote Swatch Sets are a high demand, labor intensive item and can take up to two weeks to fulfill.  Swatch sets allow you and your customer to physically look at and touch the coating.  Our new MultiCam\u00ae Series Swatch Set includes:   MultiCam\u00ae Pale Green H-339  MultiCam\u00ae Light Green H-340  MultiCam\u00ae Dark Green H-341  MultiCam\u00ae Dark Brown H-342  MultiCam\u00ae Bright Green H-343  MultiCam\u00ae Olive H-344  MultiCam\u00ae Dark Grey H-345  Benelli\u00ae Sand H-143  Desert Sand H-199  Glock\u00ae FDE H-261  Chocolate Brown H-258  McMillan\u00ae Tan H-203  Barrett\u00ae Brown H-269  Mil Spec Green H-264  Plum Brown H-298  Snow White H-136  Battleship Grey H-213  Sniper Green H-229  Sig\u2122 Dark Grey H-210  Graphite Black H-146\" \/>\n<meta property=\"og:url\" content=\"https:\/\/www.cerakotesa.com\/fr\/produit\/camo-swatch-set-se-2302\/\" \/>\n<meta property=\"og:site_name\" content=\"Cerakote South Africa\" \/>\n<meta property=\"article:modified_time\" content=\"2025-03-10T09:29:56+00:00\" \/>\n<meta property=\"og:image\" content=\"https:\/\/www.cerakotesa.com\/wp-content\/uploads\/2025\/03\/Cerakote_Swatch_Sets_0003_SE-2302_Camo_Set_02.19.25.jpg\" \/>\n\t<meta property=\"og:image:width\" content=\"1500\" \/>\n\t<meta property=\"og:image:height\" content=\"1500\" \/>\n\t<meta property=\"og:image:type\" content=\"image\/jpeg\" \/>\n<meta name=\"twitter:card\" content=\"summary_large_image\" \/>\n<meta name=\"twitter:label1\" content=\"Dur\u00e9e de lecture estim\u00e9e\" \/>\n\t<meta name=\"twitter:data1\" content=\"1 minute\" \/>\n<script type=\"application\/ld+json\" class=\"yoast-schema-graph\">{\"@context\":\"https:\/\/schema.org\",\"@graph\":[{\"@type\":\"WebPage\",\"@id\":\"https:\/\/www.cerakotesa.com\/product\/camo-swatch-set-se-2302\/\",\"url\":\"https:\/\/www.cerakotesa.com\/product\/camo-swatch-set-se-2302\/\",\"name\":\"Camo Swatch Set SE-2302 - Cerakote South Africa\",\"isPartOf\":{\"@id\":\"https:\/\/www.cerakotesa.com\/#website\"},\"primaryImageOfPage\":{\"@id\":\"https:\/\/www.cerakotesa.com\/product\/camo-swatch-set-se-2302\/#primaryimage\"},\"image\":{\"@id\":\"https:\/\/www.cerakotesa.com\/product\/camo-swatch-set-se-2302\/#primaryimage\"},\"thumbnailUrl\":\"https:\/\/www.cerakotesa.com\/wp-content\/uploads\/2025\/03\/Cerakote_Swatch_Sets_0003_SE-2302_Camo_Set_02.19.25.jpg\",\"datePublished\":\"2020-11-06T14:10:44+00:00\",\"dateModified\":\"2025-03-10T09:29:56+00:00\",\"breadcrumb\":{\"@id\":\"https:\/\/www.cerakotesa.com\/product\/camo-swatch-set-se-2302\/#breadcrumb\"},\"inLanguage\":\"fr-FR\",\"potentialAction\":[{\"@type\":\"ReadAction\",\"target\":[\"https:\/\/www.cerakotesa.com\/product\/camo-swatch-set-se-2302\/\"]}]},{\"@type\":\"ImageObject\",\"inLanguage\":\"fr-FR\",\"@id\":\"https:\/\/www.cerakotesa.com\/product\/camo-swatch-set-se-2302\/#primaryimage\",\"url\":\"https:\/\/www.cerakotesa.com\/wp-content\/uploads\/2025\/03\/Cerakote_Swatch_Sets_0003_SE-2302_Camo_Set_02.19.25.jpg\",\"contentUrl\":\"https:\/\/www.cerakotesa.com\/wp-content\/uploads\/2025\/03\/Cerakote_Swatch_Sets_0003_SE-2302_Camo_Set_02.19.25.jpg\",\"width\":1500,\"height\":1500},{\"@type\":\"BreadcrumbList\",\"@id\":\"https:\/\/www.cerakotesa.com\/product\/camo-swatch-set-se-2302\/#breadcrumb\",\"itemListElement\":[{\"@type\":\"ListItem\",\"position\":1,\"name\":\"Home\",\"item\":\"https:\/\/www.cerakotesa.com\/\"},{\"@type\":\"ListItem\",\"position\":2,\"name\":\"Products\",\"item\":\"https:\/\/www.cerakotesa.com\/shop\/\"},{\"@type\":\"ListItem\",\"position\":3,\"name\":\"Camo Swatch Set SE-2302\"}]},{\"@type\":\"WebSite\",\"@id\":\"https:\/\/www.cerakotesa.com\/#website\",\"url\":\"https:\/\/www.cerakotesa.com\/\",\"name\":\"Cerakote South Africa\",\"description\":\"Cerakote is a global leader in the manufacturing of thin-film protective ceramic coatings\",\"potentialAction\":[{\"@type\":\"SearchAction\",\"target\":{\"@type\":\"EntryPoint\",\"urlTemplate\":\"https:\/\/www.cerakotesa.com\/?s={search_term_string}\"},\"query-input\":{\"@type\":\"PropertyValueSpecification\",\"valueRequired\":true,\"valueName\":\"search_term_string\"}}],\"inLanguage\":\"fr-FR\"}]}<\/script>\n<!-- \/ Yoast SEO plugin. -->","yoast_head_json":{"title":"Camo Swatch Set SE-2302 - Cerakote South Africa","robots":{"index":"index","follow":"follow","max-snippet":"max-snippet:-1","max-image-preview":"max-image-preview:large","max-video-preview":"max-video-preview:-1"},"canonical":"https:\/\/www.cerakotesa.com\/fr\/produit\/camo-swatch-set-se-2302\/","og_locale":"fr_FR","og_type":"article","og_title":"Camo Swatch Set SE-2302 - Cerakote South Africa","og_description":"Cerakote Swatch Sets are a high demand, labor intensive item and can take up to two weeks to fulfill.  Swatch sets allow you and your customer to physically look at and touch the coating.  Our new MultiCam\u00ae Series Swatch Set includes:   MultiCam\u00ae Pale Green H-339  MultiCam\u00ae Light Green H-340  MultiCam\u00ae Dark Green H-341  MultiCam\u00ae Dark Brown H-342  MultiCam\u00ae Bright Green H-343  MultiCam\u00ae Olive H-344  MultiCam\u00ae Dark Grey H-345  Benelli\u00ae Sand H-143  Desert Sand H-199  Glock\u00ae FDE H-261  Chocolate Brown H-258  McMillan\u00ae Tan H-203  Barrett\u00ae Brown H-269  Mil Spec Green H-264  Plum Brown H-298  Snow White H-136  Battleship Grey H-213  Sniper Green H-229  Sig\u2122 Dark Grey H-210  Graphite Black H-146","og_url":"https:\/\/www.cerakotesa.com\/fr\/produit\/camo-swatch-set-se-2302\/","og_site_name":"Cerakote South Africa","article_modified_time":"2025-03-10T09:29:56+00:00","og_image":[{"width":1500,"height":1500,"url":"https:\/\/www.cerakotesa.com\/wp-content\/uploads\/2025\/03\/Cerakote_Swatch_Sets_0003_SE-2302_Camo_Set_02.19.25.jpg","type":"image\/jpeg"}],"twitter_card":"summary_large_image","twitter_misc":{"Dur\u00e9e de lecture estim\u00e9e":"1 minute"},"schema":{"@context":"https:\/\/schema.org","@graph":[{"@type":"WebPage","@id":"https:\/\/www.cerakotesa.com\/product\/camo-swatch-set-se-2302\/","url":"https:\/\/www.cerakotesa.com\/product\/camo-swatch-set-se-2302\/","name":"Camo Swatch Set SE-2302 - Cerakote South Africa","isPartOf":{"@id":"https:\/\/www.cerakotesa.com\/#website"},"primaryImageOfPage":{"@id":"https:\/\/www.cerakotesa.com\/product\/camo-swatch-set-se-2302\/#primaryimage"},"image":{"@id":"https:\/\/www.cerakotesa.com\/product\/camo-swatch-set-se-2302\/#primaryimage"},"thumbnailUrl":"https:\/\/www.cerakotesa.com\/wp-content\/uploads\/2025\/03\/Cerakote_Swatch_Sets_0003_SE-2302_Camo_Set_02.19.25.jpg","datePublished":"2020-11-06T14:10:44+00:00","dateModified":"2025-03-10T09:29:56+00:00","breadcrumb":{"@id":"https:\/\/www.cerakotesa.com\/product\/camo-swatch-set-se-2302\/#breadcrumb"},"inLanguage":"fr-FR","potentialAction":[{"@type":"ReadAction","target":["https:\/\/www.cerakotesa.com\/product\/camo-swatch-set-se-2302\/"]}]},{"@type":"ImageObject","inLanguage":"fr-FR","@id":"https:\/\/www.cerakotesa.com\/product\/camo-swatch-set-se-2302\/#primaryimage","url":"https:\/\/www.cerakotesa.com\/wp-content\/uploads\/2025\/03\/Cerakote_Swatch_Sets_0003_SE-2302_Camo_Set_02.19.25.jpg","contentUrl":"https:\/\/www.cerakotesa.com\/wp-content\/uploads\/2025\/03\/Cerakote_Swatch_Sets_0003_SE-2302_Camo_Set_02.19.25.jpg","width":1500,"height":1500},{"@type":"BreadcrumbList","@id":"https:\/\/www.cerakotesa.com\/product\/camo-swatch-set-se-2302\/#breadcrumb","itemListElement":[{"@type":"ListItem","position":1,"name":"Home","item":"https:\/\/www.cerakotesa.com\/"},{"@type":"ListItem","position":2,"name":"Products","item":"https:\/\/www.cerakotesa.com\/shop\/"},{"@type":"ListItem","position":3,"name":"Camo Swatch Set SE-2302"}]},{"@type":"WebSite","@id":"https:\/\/www.cerakotesa.com\/#website","url":"https:\/\/www.cerakotesa.com\/","name":"Cerakote South Africa","description":"Cerakote est un leader mondial dans la fabrication de rev\u00eatements c\u00e9ramiques protecteurs en couches minces.","potentialAction":[{"@type":"SearchAction","target":{"@type":"EntryPoint","urlTemplate":"https:\/\/www.cerakotesa.com\/?s={search_term_string}"},"query-input":{"@type":"PropertyValueSpecification","valueRequired":true,"valueName":"search_term_string"}}],"inLanguage":"fr-FR"}]}},"acf":[],"_links":{"self":[{"href":"https:\/\/www.cerakotesa.com\/fr\/wp-json\/wp\/v2\/product\/4883","targetHints":{"allow":["GET"]}}],"collection":[{"href":"https:\/\/www.cerakotesa.com\/fr\/wp-json\/wp\/v2\/product"}],"about":[{"href":"https:\/\/www.cerakotesa.com\/fr\/wp-json\/wp\/v2\/types\/product"}],"replies":[{"embeddable":true,"href":"https:\/\/www.cerakotesa.com\/fr\/wp-json\/wp\/v2\/comments?post=4883"}],"wp:featuredmedia":[{"embeddable":true,"href":"https:\/\/www.cerakotesa.com\/fr\/wp-json\/wp\/v2\/media\/20946"}],"wp:attachment":[{"href":"https:\/\/www.cerakotesa.com\/fr\/wp-json\/wp\/v2\/media?parent=4883"}],"wp:term":[{"taxonomy":"product_brand","embeddable":true,"href":"https:\/\/www.cerakotesa.com\/fr\/wp-json\/wp\/v2\/product_brand?post=4883"},{"taxonomy":"product_cat","embeddable":true,"href":"https:\/\/www.cerakotesa.com\/fr\/wp-json\/wp\/v2\/product_cat?post=4883"},{"taxonomy":"product_tag","embeddable":true,"href":"https:\/\/www.cerakotesa.com\/fr\/wp-json\/wp\/v2\/product_tag?post=4883"}],"curies":[{"name":"wp","href":"https:\/\/api.w.org\/{rel}","templated":true}]}}