{"id":7284,"date":"2021-07-13T10:23:24","date_gmt":"2021-07-13T10:23:24","guid":{"rendered":"https:\/\/www.cerakote.co.uk\/?post_type=product&#038;p=7284"},"modified":"2025-03-24T11:54:36","modified_gmt":"2025-03-24T11:54:36","slug":"h-series-24-colour-pro-kit","status":"publish","type":"product","link":"https:\/\/www.cerakotesa.com\/fr\/produit\/h-series-24-colour-pro-kit\/","title":{"rendered":"S\u00e9rie H 24 Colour Pro Kit (TESTER)"},"content":{"rendered":"","protected":false},"excerpt":{"rendered":"<div>\n<p>Le kit d'essai 24 couleurs Cerakote Pro offre \u00e0 l'applicateur professionnel des possibilit\u00e9s infinies de combinaisons de couleurs et de travaux personnalis\u00e9s, appliqu\u00e9s avec l'\u00e9quipement haut de gamme con\u00e7u pour faire le travail correctement.<\/p>\n<p>NOTE : Si vous avez besoin d'aide pour construire votre kit ou si vous souhaitez modifier ce kit, veuillez envoyer un courriel \u00e0 orders@cerakoteeu.com ou nous appeler au 01284 599003.<\/p>\n<p><b>Ce kit comprend<\/b><\/p>\n<ul>\n<li>(24) bouteilles d'essai de 4 oz dans votre choix de couleurs avec durcisseur - Chaque bouteille d'essai est suffisante pour recouvrir 4 \u00e0 5 gobelets (format 20 oz).<\/li>\n<li>(1) <a href=\"https:\/\/www.cerakotesa.com\/product\/50ml-glass-graduated-cylinder-se-147b\/\">Cylindre gradu\u00e9 de 50ML<\/a> pour mesurer<\/li>\n<li>Manuel de formation<\/li>\n<li>(1) <a href=\"https:\/\/www.cerakotesa.com\/product\/cerakote-in-cup-mesh-strainer-3-pack-se-278\/\">Filtre dans la tasse<\/a> dans la taille de votre choix. Choisissez parmi <a href=\"https:\/\/www.cerakotesa.com\/product\/cerakote-in-cup-100-mesh-strainer-150-micron-se-275\/\">100<\/a>, <a href=\"https:\/\/www.cerakotesa.com\/product\/cerakote-in-cup-150-mesh-strainer-100-micron-se-276\/\">150<\/a> et <a href=\"https:\/\/www.cerakotesa.com\/product\/elite-series-325-mesh-strainer-44-micron-se-277\/\">325<\/a> Maille<\/li>\n<li>(1) <a href=\"https:\/\/www.cerakotesa.com\/product\/iwata-lph80-spray-gun-kit-se-138\/\">IWATA LPH80 Pistolet \u00e0 peinture<\/a><\/li>\n<li>(1) <a href=\"https:\/\/www.cerakotesa.com\/product\/cup-for-lph80-se-150\/\">Coupe en aluminium IWATA<\/a><\/li>\n<li>(1) <a href=\"https:\/\/www.cerakotesa.com\/product\/wash-bottle-se-257\/\">Flacon de lavage<\/a><\/li>\n<\/ul>\n<p><strong>Veuillez noter sur votre bon de commande ou envoyez-nous un courriel \u00e0 orders@cerakoteeu.com pour confirmer vos choix de couleurs et la taille des mailles de la cr\u00e9pine.<\/strong>.<\/p>\n\n<\/div>","protected":false},"featured_media":7285,"comment_status":"closed","ping_status":"closed","template":"","meta":{"_acf_changed":false},"product_brand":[],"product_cat":[106,693],"product_tag":[601,823],"class_list":{"0":"post-7284","1":"product","2":"type-product","3":"status-publish","4":"has-post-thumbnail","6":"product_cat-equipment","7":"product_cat-cerakote-kits","8":"product_tag-kit","9":"product_tag-pro-kit","10":"product_shipping_class-flat-rate","12":"first","13":"instock","14":"taxable","15":"shipping-taxable","16":"product-type-simple"},"yoast_head":"<!-- This site is optimized with the Yoast SEO plugin v26.7 - https:\/\/yoast.com\/wordpress\/plugins\/seo\/ -->\n<title>H Series 24 Colour Pro Kit (TESTER) - Cerakote South Africa<\/title>\n<meta name=\"robots\" content=\"index, follow, max-snippet:-1, max-image-preview:large, max-video-preview:-1\" \/>\n<link rel=\"canonical\" href=\"https:\/\/www.cerakotesa.com\/fr\/produit\/h-series-24-colour-pro-kit\/\" \/>\n<meta property=\"og:locale\" content=\"fr_FR\" \/>\n<meta property=\"og:type\" content=\"article\" \/>\n<meta property=\"og:title\" content=\"H Series 24 Colour Pro Kit (TESTER) - Cerakote South Africa\" \/>\n<meta property=\"og:description\" content=\"The 24 Color Cerakote Pro Tester Kit gives the professional applicator endless possibilities for color combination and custom jobs, applied with the top of the line equipment built to do the job right. NOTE: If you need help building your kit or you\u2019d like to modify this kit, please email orders@cerakoteeu.com or give us a call on 01284 599003  This kit includes:   (24) 4oz tester bottles in your choice of colors with hardener \u2013 Each tester is enough to coat 4 to 5 tumblers (20 oz. size).  (1) 50ML graduated cylinder for measuring  Training Manual  (1) In-cup strainer in your choice of size. Choose from 100, 150 and 325 Mesh  (1) IWATA LPH80 Spray Gun  (1) IWATA Aluminium Cup  (1) Wash bottle  Please make a note on your order purchase or email us on orders@cerakoteeu.com to confirm your colour choices and strainer mesh size.\" \/>\n<meta property=\"og:url\" content=\"https:\/\/www.cerakotesa.com\/fr\/produit\/h-series-24-colour-pro-kit\/\" \/>\n<meta property=\"og:site_name\" content=\"Cerakote South Africa\" \/>\n<meta property=\"article:modified_time\" content=\"2025-03-24T11:54:36+00:00\" \/>\n<meta property=\"og:image\" content=\"https:\/\/www.cerakotesa.com\/wp-content\/uploads\/2021\/07\/24-color-cerakote-pro-kit-tester-1h-kitc24-dt20190724225309368-thumbnail.jpg\" \/>\n\t<meta property=\"og:image:width\" content=\"800\" \/>\n\t<meta property=\"og:image:height\" content=\"800\" \/>\n\t<meta property=\"og:image:type\" content=\"image\/jpeg\" \/>\n<meta name=\"twitter:card\" content=\"summary_large_image\" \/>\n<script type=\"application\/ld+json\" class=\"yoast-schema-graph\">{\"@context\":\"https:\/\/schema.org\",\"@graph\":[{\"@type\":\"WebPage\",\"@id\":\"https:\/\/www.cerakotesa.com\/product\/h-series-24-colour-pro-kit\/\",\"url\":\"https:\/\/www.cerakotesa.com\/product\/h-series-24-colour-pro-kit\/\",\"name\":\"H Series 24 Colour Pro Kit (TESTER) - Cerakote South Africa\",\"isPartOf\":{\"@id\":\"https:\/\/www.cerakotesa.com\/#website\"},\"primaryImageOfPage\":{\"@id\":\"https:\/\/www.cerakotesa.com\/product\/h-series-24-colour-pro-kit\/#primaryimage\"},\"image\":{\"@id\":\"https:\/\/www.cerakotesa.com\/product\/h-series-24-colour-pro-kit\/#primaryimage\"},\"thumbnailUrl\":\"https:\/\/www.cerakotesa.com\/wp-content\/uploads\/2021\/07\/24-color-cerakote-pro-kit-tester-1h-kitc24-dt20190724225309368-thumbnail.jpg\",\"datePublished\":\"2021-07-13T10:23:24+00:00\",\"dateModified\":\"2025-03-24T11:54:36+00:00\",\"breadcrumb\":{\"@id\":\"https:\/\/www.cerakotesa.com\/product\/h-series-24-colour-pro-kit\/#breadcrumb\"},\"inLanguage\":\"fr-FR\",\"potentialAction\":[{\"@type\":\"ReadAction\",\"target\":[\"https:\/\/www.cerakotesa.com\/product\/h-series-24-colour-pro-kit\/\"]}]},{\"@type\":\"ImageObject\",\"inLanguage\":\"fr-FR\",\"@id\":\"https:\/\/www.cerakotesa.com\/product\/h-series-24-colour-pro-kit\/#primaryimage\",\"url\":\"https:\/\/www.cerakotesa.com\/wp-content\/uploads\/2021\/07\/24-color-cerakote-pro-kit-tester-1h-kitc24-dt20190724225309368-thumbnail.jpg\",\"contentUrl\":\"https:\/\/www.cerakotesa.com\/wp-content\/uploads\/2021\/07\/24-color-cerakote-pro-kit-tester-1h-kitc24-dt20190724225309368-thumbnail.jpg\",\"width\":800,\"height\":800},{\"@type\":\"BreadcrumbList\",\"@id\":\"https:\/\/www.cerakotesa.com\/product\/h-series-24-colour-pro-kit\/#breadcrumb\",\"itemListElement\":[{\"@type\":\"ListItem\",\"position\":1,\"name\":\"Home\",\"item\":\"https:\/\/www.cerakotesa.com\/\"},{\"@type\":\"ListItem\",\"position\":2,\"name\":\"Products\",\"item\":\"https:\/\/www.cerakotesa.com\/shop\/\"},{\"@type\":\"ListItem\",\"position\":3,\"name\":\"H Series 24 Colour Pro Kit (TESTER)\"}]},{\"@type\":\"WebSite\",\"@id\":\"https:\/\/www.cerakotesa.com\/#website\",\"url\":\"https:\/\/www.cerakotesa.com\/\",\"name\":\"Cerakote South Africa\",\"description\":\"Cerakote is a global leader in the manufacturing of thin-film protective ceramic coatings\",\"potentialAction\":[{\"@type\":\"SearchAction\",\"target\":{\"@type\":\"EntryPoint\",\"urlTemplate\":\"https:\/\/www.cerakotesa.com\/?s={search_term_string}\"},\"query-input\":{\"@type\":\"PropertyValueSpecification\",\"valueRequired\":true,\"valueName\":\"search_term_string\"}}],\"inLanguage\":\"fr-FR\"}]}<\/script>\n<!-- \/ Yoast SEO plugin. -->","yoast_head_json":{"title":"H Series 24 Colour Pro Kit (TESTER) - Cerakote South Africa","robots":{"index":"index","follow":"follow","max-snippet":"max-snippet:-1","max-image-preview":"max-image-preview:large","max-video-preview":"max-video-preview:-1"},"canonical":"https:\/\/www.cerakotesa.com\/fr\/produit\/h-series-24-colour-pro-kit\/","og_locale":"fr_FR","og_type":"article","og_title":"H Series 24 Colour Pro Kit (TESTER) - Cerakote South Africa","og_description":"The 24 Color Cerakote Pro Tester Kit gives the professional applicator endless possibilities for color combination and custom jobs, applied with the top of the line equipment built to do the job right. NOTE: If you need help building your kit or you\u2019d like to modify this kit, please email orders@cerakoteeu.com or give us a call on 01284 599003  This kit includes:   (24) 4oz tester bottles in your choice of colors with hardener \u2013 Each tester is enough to coat 4 to 5 tumblers (20 oz. size).  (1) 50ML graduated cylinder for measuring  Training Manual  (1) In-cup strainer in your choice of size. Choose from 100, 150 and 325 Mesh  (1) IWATA LPH80 Spray Gun  (1) IWATA Aluminium Cup  (1) Wash bottle  Please make a note on your order purchase or email us on orders@cerakoteeu.com to confirm your colour choices and strainer mesh size.","og_url":"https:\/\/www.cerakotesa.com\/fr\/produit\/h-series-24-colour-pro-kit\/","og_site_name":"Cerakote South Africa","article_modified_time":"2025-03-24T11:54:36+00:00","og_image":[{"width":800,"height":800,"url":"https:\/\/www.cerakotesa.com\/wp-content\/uploads\/2021\/07\/24-color-cerakote-pro-kit-tester-1h-kitc24-dt20190724225309368-thumbnail.jpg","type":"image\/jpeg"}],"twitter_card":"summary_large_image","schema":{"@context":"https:\/\/schema.org","@graph":[{"@type":"WebPage","@id":"https:\/\/www.cerakotesa.com\/product\/h-series-24-colour-pro-kit\/","url":"https:\/\/www.cerakotesa.com\/product\/h-series-24-colour-pro-kit\/","name":"H Series 24 Colour Pro Kit (TESTER) - Cerakote South Africa","isPartOf":{"@id":"https:\/\/www.cerakotesa.com\/#website"},"primaryImageOfPage":{"@id":"https:\/\/www.cerakotesa.com\/product\/h-series-24-colour-pro-kit\/#primaryimage"},"image":{"@id":"https:\/\/www.cerakotesa.com\/product\/h-series-24-colour-pro-kit\/#primaryimage"},"thumbnailUrl":"https:\/\/www.cerakotesa.com\/wp-content\/uploads\/2021\/07\/24-color-cerakote-pro-kit-tester-1h-kitc24-dt20190724225309368-thumbnail.jpg","datePublished":"2021-07-13T10:23:24+00:00","dateModified":"2025-03-24T11:54:36+00:00","breadcrumb":{"@id":"https:\/\/www.cerakotesa.com\/product\/h-series-24-colour-pro-kit\/#breadcrumb"},"inLanguage":"fr-FR","potentialAction":[{"@type":"ReadAction","target":["https:\/\/www.cerakotesa.com\/product\/h-series-24-colour-pro-kit\/"]}]},{"@type":"ImageObject","inLanguage":"fr-FR","@id":"https:\/\/www.cerakotesa.com\/product\/h-series-24-colour-pro-kit\/#primaryimage","url":"https:\/\/www.cerakotesa.com\/wp-content\/uploads\/2021\/07\/24-color-cerakote-pro-kit-tester-1h-kitc24-dt20190724225309368-thumbnail.jpg","contentUrl":"https:\/\/www.cerakotesa.com\/wp-content\/uploads\/2021\/07\/24-color-cerakote-pro-kit-tester-1h-kitc24-dt20190724225309368-thumbnail.jpg","width":800,"height":800},{"@type":"BreadcrumbList","@id":"https:\/\/www.cerakotesa.com\/product\/h-series-24-colour-pro-kit\/#breadcrumb","itemListElement":[{"@type":"ListItem","position":1,"name":"Home","item":"https:\/\/www.cerakotesa.com\/"},{"@type":"ListItem","position":2,"name":"Products","item":"https:\/\/www.cerakotesa.com\/shop\/"},{"@type":"ListItem","position":3,"name":"H Series 24 Colour Pro Kit (TESTER)"}]},{"@type":"WebSite","@id":"https:\/\/www.cerakotesa.com\/#website","url":"https:\/\/www.cerakotesa.com\/","name":"Cerakote South Africa","description":"Cerakote est un leader mondial dans la fabrication de rev\u00eatements c\u00e9ramiques protecteurs en couches minces.","potentialAction":[{"@type":"SearchAction","target":{"@type":"EntryPoint","urlTemplate":"https:\/\/www.cerakotesa.com\/?s={search_term_string}"},"query-input":{"@type":"PropertyValueSpecification","valueRequired":true,"valueName":"search_term_string"}}],"inLanguage":"fr-FR"}]}},"acf":[],"_links":{"self":[{"href":"https:\/\/www.cerakotesa.com\/fr\/wp-json\/wp\/v2\/product\/7284","targetHints":{"allow":["GET"]}}],"collection":[{"href":"https:\/\/www.cerakotesa.com\/fr\/wp-json\/wp\/v2\/product"}],"about":[{"href":"https:\/\/www.cerakotesa.com\/fr\/wp-json\/wp\/v2\/types\/product"}],"replies":[{"embeddable":true,"href":"https:\/\/www.cerakotesa.com\/fr\/wp-json\/wp\/v2\/comments?post=7284"}],"wp:featuredmedia":[{"embeddable":true,"href":"https:\/\/www.cerakotesa.com\/fr\/wp-json\/wp\/v2\/media\/7285"}],"wp:attachment":[{"href":"https:\/\/www.cerakotesa.com\/fr\/wp-json\/wp\/v2\/media?parent=7284"}],"wp:term":[{"taxonomy":"product_brand","embeddable":true,"href":"https:\/\/www.cerakotesa.com\/fr\/wp-json\/wp\/v2\/product_brand?post=7284"},{"taxonomy":"product_cat","embeddable":true,"href":"https:\/\/www.cerakotesa.com\/fr\/wp-json\/wp\/v2\/product_cat?post=7284"},{"taxonomy":"product_tag","embeddable":true,"href":"https:\/\/www.cerakotesa.com\/fr\/wp-json\/wp\/v2\/product_tag?post=7284"}],"curies":[{"name":"wp","href":"https:\/\/api.w.org\/{rel}","templated":true}]}}