{"id":7628,"date":"2021-09-03T13:53:59","date_gmt":"2021-09-03T13:53:59","guid":{"rendered":"https:\/\/www.cerakote.co.uk\/?post_type=product&#038;p=7628"},"modified":"2025-07-01T08:54:17","modified_gmt":"2025-07-01T08:54:17","slug":"navy-e-220","status":"publish","type":"product","link":"https:\/\/www.cerakotesa.com\/fr\/produit\/navy-e-220\/","title":{"rendered":"Navy E-220"},"content":{"rendered":"<section class=\"section\" id=\"section_2066035964\">\n\t\t<div class=\"section-bg fill\" >\n\t\t\t\t\t\t\t\t\t\n\t\t\t\n\n\t\t<\/div>\n\n\t\t\n\n\t\t<div class=\"section-content relative\">\n\t\t\t\n<div class=\"row\"  id=\"row-1307791257\">\n\n\t<div id=\"col-983047483\" class=\"col small-12 large-12\"  >\n\t\t\t\t<div class=\"col-inner\"  >\n\t\t\t\n\t\t\t\n<p><strong>Donn\u00e9es techniques du produit :<\/strong><\/p>\n<p><style>\n.table_component {<br \/>\n    overflow: auto;<br \/>\n    width: 100%;<br \/>\n}<\/p>\n<p>.table_component table {<br \/>\n    border: 1px solid #dededf;<br \/>\n    height: 100%;<br \/>\n    width: 100%;<br \/>\n    table-layout: fixed;<br \/>\n    border-collapse: collapse;<br \/>\n    border-spacing: 1px;<br \/>\n    text-align: left;<br \/>\n}<\/p>\n<p>.table_component caption {<br \/>\n    caption-side: top;<br \/>\n    text-align: left;<br \/>\n}<\/p>\n<p>.table_component th {<br \/>\n    border: 1px solid #dededf;<br \/>\n    background-color: #eceff1;<br \/>\n    color: #000000;<br \/>\n    padding: 5px;<br \/>\n}<\/p>\n<p>.table_component td {<br \/>\n    border: 1px solid #dededf;<br \/>\n    background-color: #ffffff;<br \/>\n    color: #000000;<br \/>\n    padding: 5px;<br \/>\n}<br \/>\n<\/style>\n<\/p>\n<div class=\"table_component\" tabindex=\"0\" role=\"region\">\n<table>\n<thead>\n<tr>\n<th>\u00a0<\/th>\n<th>\u00a0<\/th>\n<\/tr>\n<\/thead>\n<tbody>\n<tr>\n<td>Calendrier des cures\u00a0<\/td>\n<td>\n<p>Ambient Flash 15 Minutes, Oven cure 1 Hour @ 300\u00b0F<\/p>\n<\/td>\n<\/tr>\n<tr>\n<td>\u00c9paisseur recommand\u00e9e (mil)<\/td>\n<td>.75<\/td>\n<\/tr>\n<tr>\n<td>Taille de la cr\u00e9pine (maille)<\/td>\n<td>325 (Part # SE-277)<\/td>\n<\/tr>\n<tr>\n<td>Niveau de brillance \/ Unit\u00e9s (GU)<\/td>\n<td>Matte \/ 7<\/td>\n<\/tr>\n<tr>\n<td>Densit\u00e9 (g\/mL)<\/td>\n<td>1.39<\/td>\n<\/tr>\n<tr>\n<td>% Solides (\u00b12%)<\/td>\n<td>43<\/td>\n<\/tr>\n<tr>\n<td>Viscosit\u00e9 (cP)<\/td>\n<td>76<\/td>\n<\/tr>\n<tr>\n<td>Couverture th\u00e9orique par gal \u00e0 l'\u00e9paisseur recommand\u00e9e (pi\u00b2)<\/td>\n<td>926<\/td>\n<\/tr>\n<tr>\n<td>Stabilit\u00e9 du rev\u00eatement (\u00b0F) Temp. max. Temp.<\/td>\n<td>500+<\/td>\n<\/tr>\n<tr>\n<td>Stabilit\u00e9 de la couleur (\u00b0F) Temp. max. Temp.<\/td>\n<td>350<\/td>\n<\/tr>\n<tr>\n<td>R\u00e9sistance chimique<\/td>\n<td>Juste<\/td>\n<\/tr>\n<tr>\n<td>Stabilit\u00e9 aux UV<\/td>\n<td>Juste<\/td>\n<\/tr>\n<tr>\n<td>Corrosion Resistance (Hrs) ASTM B117<\/td>\n<td>4000+<\/td>\n<\/tr>\n<tr>\n<td>Gouge de duret\u00e9 crayon ASTM D3363<\/td>\n<td>9H<\/td>\n<\/tr>\n<tr>\n<td>Duret\u00e9 du crayon rayure ASTM D3363<\/td>\n<td>8H<\/td>\n<\/tr>\n<tr>\n<td>Adh\u00e9sion transversale ASTM D3359<\/td>\n<td>\n<p>5B<\/p>\n<\/td>\n<\/tr>\n<tr>\n<td>Flexibilit\u00e9 (r\u00e9sistance %) Courbe de mandrin conique ASTM D522<\/td>\n<td>\n<p>100<\/p>\n<\/td>\n<\/tr>\n<tr>\n<td>Performance d'impact directe\/indirecte (in-lbs) ASTM D2794<\/td>\n<td>160\/160<\/td>\n<\/tr>\n<\/tbody>\n<\/table>\n<p data-v-8ef39626=\"\">Tous les r\u00e9sultats sont bas\u00e9s sur l'acier grenaill\u00e9 rev\u00eatu \u00e0 l'\u00e9paisseur recommand\u00e9e en utilisant le programme de durcissement recommand\u00e9.<\/p>\n<p data-v-8ef39626=\"\">*Les niveaux de brillance sont mesur\u00e9s \u00e0 un angle de 60\u00b0. Des ajustements aux conditions recommand\u00e9es donneront des r\u00e9sultats diff\u00e9rents. La brillance est affect\u00e9e par la qualit\u00e9 de la pr\u00e9paration et la technique de pulv\u00e9risation. Les r\u00e9sultats sont bas\u00e9s sur l'acier grenaill\u00e9 rev\u00eatu et durci conform\u00e9ment aux sp\u00e9cifications du programme de durcissement.<\/p>\n<p data-v-8ef39626=\"\">**viscosit\u00e9 mesur\u00e9e dans les conditions ambiantes (temp\u00e9rature de l'air, humidit\u00e9 relative) au moment de la fabrication.<\/p>\n<p data-v-8ef39626=\"\"><strong data-v-8ef39626=\"\">Temp\u00e9rature de polym\u00e9risation recommand\u00e9e :<\/strong><\/p>\n<ul data-v-8ef39626=\"\">\n<li data-v-8ef39626=\"\">Veuillez vous r\u00e9f\u00e9rer \u00e0 la sp\u00e9cification du programme de durcissement disponible sur chaque produit Cerakote.<\/li>\n<\/ul>\n<p data-v-8ef39626=\"\"><strong data-v-8ef39626=\"\">Temp\u00e9rature maximale<\/strong>\u00a0est la temp\u00e9rature \u00e0 laquelle la couleur ou le rev\u00eatement est stable.<\/p>\n<p data-v-8ef39626=\"\"><strong data-v-8ef39626=\"\">Essais de r\u00e9sistance chimique :<\/strong>\u00a0Les r\u00e9sultats se r\u00e9f\u00e8rent au changement de couleur bas\u00e9 sur la formulation CIE76. Les r\u00e9sultats vont de :<\/p>\n<ul data-v-8ef39626=\"\">\n<li data-v-8ef39626=\"\"><strong data-v-8ef39626=\"\">Excellent :<\/strong>\u00a0Changement de \u2206E de &lt;2,5<\/li>\n<li data-v-8ef39626=\"\"><strong data-v-8ef39626=\"\">Bon :<\/strong>\u00a0Changement de \u2206E de &lt;3,0<\/li>\n<li data-v-8ef39626=\"\"><strong data-v-8ef39626=\"\">Juste :<\/strong>\u00a0Changement de \u2206E de &lt;3,5<\/li>\n<li data-v-8ef39626=\"\"><strong data-v-8ef39626=\"\">Pauvre :<\/strong>\u00a0Changement de \u2206E de &lt;4,0<\/li>\n<\/ul>\n<p data-v-8ef39626=\"\"><strong data-v-8ef39626=\"\">Les param\u00e8tres d'essai sont les suivants :<\/strong><\/p>\n<ul data-v-8ef39626=\"\">\n<li data-v-8ef39626=\"\"><strong data-v-8ef39626=\"\">Duret\u00e9<\/strong>\u00a0ou les tests de duret\u00e9 des crayons sont mesur\u00e9s de la plus tendre \u00e0 la plus dure comme suit : 9B, 8B, 7B, 6B, 5B, 4B, 3B, 2B, B, HB, F, H, 2H, 3H, 4H, 5H, 6H, 7H, 8H, 9H. Le 9H est le plus difficile.<\/li>\n<li data-v-8ef39626=\"\"><strong data-v-8ef39626=\"\">SG-100 UNIQUEMENT :<\/strong>\u00a0Essai de duret\u00e9 M\u00e9thode A - Une coupe en X est effectu\u00e9e \u00e0 travers le film jusqu'au substrat, un ruban adh\u00e9sif est appliqu\u00e9 sur la coupe puis retir\u00e9, et l'adh\u00e9rence est \u00e9valu\u00e9e qualitativement sur une \u00e9chelle de 0 \u00e0 5.<\/li>\n<li data-v-8ef39626=\"\"><strong data-v-8ef39626=\"\">Adh\u00e9sion<\/strong>\u00a0est mesur\u00e9e sur une \u00e9chelle de 0B, 1B, 2B, 3B, 4B, 5B, 5B \u00e9tant la note la plus \u00e9lev\u00e9e pouvant \u00eatre obtenue.<\/li>\n<li data-v-8ef39626=\"\"><strong data-v-8ef39626=\"\">Flexibilit\u00e9<\/strong>\u00a0ou Conical Mandrel Bend : \"100% Resistance\" est la note la plus \u00e9lev\u00e9e pouvant \u00eatre obtenue et indique que le rev\u00eatement ne s'est pas fissur\u00e9 ou \u00e9caill\u00e9.<\/li>\n<li data-v-8ef39626=\"\"><strong data-v-8ef39626=\"\">Impact Performance (direct\/indirect)<\/strong>\u00a0est mesur\u00e9e sur une \u00e9chelle de 0 \u00e0 160 pouces-livres, 160 pouces-livres \u00e9tant la valeur la plus \u00e9lev\u00e9e pouvant \u00eatre atteinte.<\/li>\n<\/ul>\n<p data-v-8ef39626=\"\">Tous les rev\u00eatements Cerakote sont conformes \u00e0 la r\u00e9glementation sur les COV de l'EPA et ont une teneur en COV faible ou nulle. Pour conna\u00eetre la teneur en COV d'un rev\u00eatement particulier, veuillez contacter\u00a0<a href=\"mailto:sds@nicindustries.com\" target=\"_blank\" rel=\"noopener\" data-v-8ef39626=\"\">sds@nicindustries.com<\/a>\u00a0pour plus d'informations.<\/p>\n<p data-v-8ef39626=\"\">Ces informations sont exactes au mieux de nos connaissances, mais elles ne constituent pas une garantie pour les caract\u00e9ristiques sp\u00e9cifiques du produit et n'\u00e9tablissent pas de relation contractuelle juridiquement valable. Nous vous recommandons d'effectuer des tests ad\u00e9quats dans vos installations afin de d\u00e9terminer si ce produit r\u00e9pond \u00e0 toutes vos exigences.<\/p>\n<p data-v-8ef39626=\"\">N'h\u00e9sitez pas \u00e0 nous envoyer un courriel \u00e0 l'adresse suivante <a href=\"mailto:enquiries@cerakoteeu.com\" target=\"_blank\" rel=\"noopener\" data-v-8ef39626=\"\">enquiries@cerakoteeu.com<\/a>\u00a0 si vous avez des questions.<\/p>\n<\/div>\n<div class=\"row\"  id=\"row-778468251\">\n\n\t<div id=\"col-1696064572\" class=\"col medium-4 small-12 large-4\"  >\n\t\t\t\t<div class=\"col-inner text-center\"  >\n\t\t\t\n\t\t\t\n<a href=\"https:\/\/images.nicindustries.com\/cerakote\/documents\/858\/cerakote-elite-series-part-a-dt20211117154856027.pdf?1697561730&#038;_gl=1*11nz1hw*_gcl_au*MTA5MjM2ODk3NS4xNzUwMzE5ODc4*_ga*MTk4NjI1NzI1OC4xNzAzMTU2NTIz*_ga_KPM5Q2PRTX*czE3NTEzNTk3ODAkbzMxJGcxJHQxNzUxMzU5ODA3JGozMyRsMCRoODE3Njk5OTE4\" target=\"_blank\" class=\"button primary\" rel=\"noopener\" >\n\t\t<span>Fiche de donn\u00e9es de s\u00e9curit\u00e9<\/span>\n\t<\/a>\n\n\t\t<\/div>\n\t\t\t\t\t<\/div>\n\n\t\n\n\t<div id=\"col-1156133893\" class=\"col medium-4 small-12 large-4\"  >\n\t\t\t\t<div class=\"col-inner text-center\"  >\n\t\t\t\n\t\t\t\n<a href=\"https:\/\/images.nicindustries.com\/cerakote\/documents\/7356\/elite-h-series-training-manual-dt20250515201451724233.pdf?1747340094&#038;_gl=1*1domn2o*_gcl_au*MTA5MjM2ODk3NS4xNzUwMzE5ODc4*_ga*MTk4NjI1NzI1OC4xNzAzMTU2NTIz*_ga_KPM5Q2PRTX*czE3NTEzNTk3ODAkbzMxJGcxJHQxNzUxMzYwMDE2JGo0NSRsMCRoODE3Njk5OTE4\" target=\"_blank\" class=\"button primary\" rel=\"noopener\" >\n\t\t<span>Guide d'application<\/span>\n\t<\/a>\n\n\t\t<\/div>\n\t\t\t\t\t<\/div>\n\n\t\n\n\t<div id=\"col-1221949583\" class=\"col medium-4 small-12 large-4\"  >\n\t\t\t\t<div class=\"col-inner text-center\"  >\n\t\t\t\n\t\t\t\n<a href=\"https:\/\/images.nicindustries.com\/cerakote\/documents\/2408\/e-series-tds-dt20230713191048690301.pdf?1689275451&#038;_gl=1*10smg8y*_gcl_au*MTUyOTUzNzQ3Mi4xNjg0Nzc2NTY2*_ga*MzAzMjMwODIwLjE2ODQ3NzY1NjY.*_ga_KPM5Q2PRTX*MTY5MTY1NDE1MS4xNTUuMS4xNjkxNjU1MTU2LjM0LjAuMA..&#038;_ga=2.18505017.1019272491.1691654152-303230820.1684776566\" target=\"_blank\" class=\"button primary\" rel=\"noopener\" >\n\t\t<span>Fiche technique<\/span>\n\t<\/a>\n\n\t\t<\/div>\n\t\t\t\t\t<\/div>\n\n\t\n<\/div>\n\t\t<\/div>\n\t\t\t\t\t<\/div>\n\n\t\n<\/div>\n\t\t<\/div>\n\n\t\t\n<style>\n#section_2066035964 {\n  padding-top: 30px;\n  padding-bottom: 30px;\n}\n<\/style>\n\t<\/section>","protected":false},"excerpt":{"rendered":"<p>Cerakote Elite Navy est un bleu marine fonc\u00e9 et royal.<\/p>\n<p>Nous avons port\u00e9 les performances de pointe de la s\u00e9rie H de Cerakote \u00e0 un niveau sup\u00e9rieur. Les rev\u00eatements Cerakote Elite offrent une duret\u00e9, une r\u00e9sistance \u00e0 l'abrasion et un pouvoir lubrifiant am\u00e9lior\u00e9s, le tout dans une application plus fine. Nous y sommes parvenus en d\u00e9veloppant une technologie de r\u00e9sine avanc\u00e9e qui permet d'incorporer les c\u00e9ramiques techniques les plus performantes.<\/p>\n<p>Note : Tous les produits Elite sont livr\u00e9s avec un catalyseur et requi\u00e8rent un <a href=\"https:\/\/www.cerakotesa.com\/product\/elite-series-325-mesh-strainer-44-micron-se-277\/\">Tamis 325 mesh (SE-277)<\/a>. Vous trouverez les guides d'application des produits, les fiches techniques et les informations sur les FDS dans le site Web de la Commission europ\u00e9enne. <a href=\"https:\/\/www.cerakotesa.com\/documents\/\" target=\"_blank\" rel=\"noopener\">Section des ressources<\/a>.<\/p>","protected":false},"featured_media":7634,"comment_status":"closed","ping_status":"closed","template":"","meta":{"_acf_changed":false},"product_brand":[],"product_cat":[101],"product_tag":[212,776,838,839,100,282],"class_list":{"0":"post-7628","1":"product","2":"type-product","3":"status-publish","4":"has-post-thumbnail","6":"product_cat-elite-series","7":"product_tag-blue","8":"product_tag-e-series","9":"product_tag-e-220","10":"product_tag-e220","11":"product_tag-elite","12":"product_tag-navy","13":"product_shipping_class-flat-rate","15":"first","16":"instock","17":"taxable","18":"shipping-taxable","19":"product-type-variable"},"yoast_head":"<!-- This site is optimized with the Yoast SEO plugin v26.7 - https:\/\/yoast.com\/wordpress\/plugins\/seo\/ -->\n<title>Navy E-220 - Cerakote South Africa<\/title>\n<meta name=\"robots\" content=\"index, follow, max-snippet:-1, max-image-preview:large, max-video-preview:-1\" \/>\n<link rel=\"canonical\" href=\"https:\/\/www.cerakotesa.com\/fr\/produit\/navy-e-220\/\" \/>\n<meta property=\"og:locale\" content=\"fr_FR\" \/>\n<meta property=\"og:type\" content=\"article\" \/>\n<meta property=\"og:title\" content=\"Navy E-220 - Cerakote South Africa\" \/>\n<meta property=\"og:description\" content=\"Cerakote Elite Navy is a dark, regal navy blue.  We have taken the industry leading performance of Cerakote H Series to the next level. Cerakote Elite coatings offer improved hardness, abrasion resistance and lubricity, all in a thinner application. We have accomplished this by developing an advanced resin technology that enables the incorporation of the highest performance engineered ceramics.  Note: All Elite products come with a catalyst and require a 325 Mesh Strainer (SE-277). Find product application guides, technical data sheets and SDS information in the Resources section.\" \/>\n<meta property=\"og:url\" content=\"https:\/\/www.cerakotesa.com\/fr\/produit\/navy-e-220\/\" \/>\n<meta property=\"og:site_name\" content=\"Cerakote South Africa\" \/>\n<meta property=\"article:modified_time\" content=\"2025-07-01T08:54:17+00:00\" \/>\n<meta property=\"og:image\" content=\"https:\/\/www.cerakotesa.com\/wp-content\/uploads\/2021\/09\/navy-e-220-dt20210813183028641-thumbnail.jpg\" \/>\n\t<meta property=\"og:image:width\" content=\"800\" \/>\n\t<meta property=\"og:image:height\" content=\"800\" \/>\n\t<meta property=\"og:image:type\" content=\"image\/jpeg\" \/>\n<meta name=\"twitter:card\" content=\"summary_large_image\" \/>\n<meta name=\"twitter:label1\" content=\"Dur\u00e9e de lecture estim\u00e9e\" \/>\n\t<meta name=\"twitter:data1\" content=\"1 minute\" \/>\n<script type=\"application\/ld+json\" class=\"yoast-schema-graph\">{\"@context\":\"https:\/\/schema.org\",\"@graph\":[{\"@type\":\"WebPage\",\"@id\":\"https:\/\/www.cerakotesa.com\/product\/navy-e-220\/\",\"url\":\"https:\/\/www.cerakotesa.com\/product\/navy-e-220\/\",\"name\":\"Navy E-220 - Cerakote South Africa\",\"isPartOf\":{\"@id\":\"https:\/\/www.cerakotesa.com\/#website\"},\"primaryImageOfPage\":{\"@id\":\"https:\/\/www.cerakotesa.com\/product\/navy-e-220\/#primaryimage\"},\"image\":{\"@id\":\"https:\/\/www.cerakotesa.com\/product\/navy-e-220\/#primaryimage\"},\"thumbnailUrl\":\"https:\/\/www.cerakotesa.com\/wp-content\/uploads\/2021\/09\/navy-e-220-dt20210813183028641-thumbnail.jpg\",\"datePublished\":\"2021-09-03T13:53:59+00:00\",\"dateModified\":\"2025-07-01T08:54:17+00:00\",\"breadcrumb\":{\"@id\":\"https:\/\/www.cerakotesa.com\/product\/navy-e-220\/#breadcrumb\"},\"inLanguage\":\"fr-FR\",\"potentialAction\":[{\"@type\":\"ReadAction\",\"target\":[\"https:\/\/www.cerakotesa.com\/product\/navy-e-220\/\"]}]},{\"@type\":\"ImageObject\",\"inLanguage\":\"fr-FR\",\"@id\":\"https:\/\/www.cerakotesa.com\/product\/navy-e-220\/#primaryimage\",\"url\":\"https:\/\/www.cerakotesa.com\/wp-content\/uploads\/2021\/09\/navy-e-220-dt20210813183028641-thumbnail.jpg\",\"contentUrl\":\"https:\/\/www.cerakotesa.com\/wp-content\/uploads\/2021\/09\/navy-e-220-dt20210813183028641-thumbnail.jpg\",\"width\":800,\"height\":800},{\"@type\":\"BreadcrumbList\",\"@id\":\"https:\/\/www.cerakotesa.com\/product\/navy-e-220\/#breadcrumb\",\"itemListElement\":[{\"@type\":\"ListItem\",\"position\":1,\"name\":\"Home\",\"item\":\"https:\/\/www.cerakotesa.com\/\"},{\"@type\":\"ListItem\",\"position\":2,\"name\":\"Products\",\"item\":\"https:\/\/www.cerakotesa.com\/shop\/\"},{\"@type\":\"ListItem\",\"position\":3,\"name\":\"Navy E-220\"}]},{\"@type\":\"WebSite\",\"@id\":\"https:\/\/www.cerakotesa.com\/#website\",\"url\":\"https:\/\/www.cerakotesa.com\/\",\"name\":\"Cerakote South Africa\",\"description\":\"Cerakote is a global leader in the manufacturing of thin-film protective ceramic coatings\",\"potentialAction\":[{\"@type\":\"SearchAction\",\"target\":{\"@type\":\"EntryPoint\",\"urlTemplate\":\"https:\/\/www.cerakotesa.com\/?s={search_term_string}\"},\"query-input\":{\"@type\":\"PropertyValueSpecification\",\"valueRequired\":true,\"valueName\":\"search_term_string\"}}],\"inLanguage\":\"fr-FR\"}]}<\/script>\n<!-- \/ Yoast SEO plugin. -->","yoast_head_json":{"title":"Navy E-220 - Cerakote South Africa","robots":{"index":"index","follow":"follow","max-snippet":"max-snippet:-1","max-image-preview":"max-image-preview:large","max-video-preview":"max-video-preview:-1"},"canonical":"https:\/\/www.cerakotesa.com\/fr\/produit\/navy-e-220\/","og_locale":"fr_FR","og_type":"article","og_title":"Navy E-220 - Cerakote South Africa","og_description":"Cerakote Elite Navy is a dark, regal navy blue.  We have taken the industry leading performance of Cerakote H Series to the next level. Cerakote Elite coatings offer improved hardness, abrasion resistance and lubricity, all in a thinner application. We have accomplished this by developing an advanced resin technology that enables the incorporation of the highest performance engineered ceramics.  Note: All Elite products come with a catalyst and require a 325 Mesh Strainer (SE-277). Find product application guides, technical data sheets and SDS information in the Resources section.","og_url":"https:\/\/www.cerakotesa.com\/fr\/produit\/navy-e-220\/","og_site_name":"Cerakote South Africa","article_modified_time":"2025-07-01T08:54:17+00:00","og_image":[{"width":800,"height":800,"url":"https:\/\/www.cerakotesa.com\/wp-content\/uploads\/2021\/09\/navy-e-220-dt20210813183028641-thumbnail.jpg","type":"image\/jpeg"}],"twitter_card":"summary_large_image","twitter_misc":{"Dur\u00e9e de lecture estim\u00e9e":"1 minute"},"schema":{"@context":"https:\/\/schema.org","@graph":[{"@type":"WebPage","@id":"https:\/\/www.cerakotesa.com\/product\/navy-e-220\/","url":"https:\/\/www.cerakotesa.com\/product\/navy-e-220\/","name":"Navy E-220 - Cerakote South Africa","isPartOf":{"@id":"https:\/\/www.cerakotesa.com\/#website"},"primaryImageOfPage":{"@id":"https:\/\/www.cerakotesa.com\/product\/navy-e-220\/#primaryimage"},"image":{"@id":"https:\/\/www.cerakotesa.com\/product\/navy-e-220\/#primaryimage"},"thumbnailUrl":"https:\/\/www.cerakotesa.com\/wp-content\/uploads\/2021\/09\/navy-e-220-dt20210813183028641-thumbnail.jpg","datePublished":"2021-09-03T13:53:59+00:00","dateModified":"2025-07-01T08:54:17+00:00","breadcrumb":{"@id":"https:\/\/www.cerakotesa.com\/product\/navy-e-220\/#breadcrumb"},"inLanguage":"fr-FR","potentialAction":[{"@type":"ReadAction","target":["https:\/\/www.cerakotesa.com\/product\/navy-e-220\/"]}]},{"@type":"ImageObject","inLanguage":"fr-FR","@id":"https:\/\/www.cerakotesa.com\/product\/navy-e-220\/#primaryimage","url":"https:\/\/www.cerakotesa.com\/wp-content\/uploads\/2021\/09\/navy-e-220-dt20210813183028641-thumbnail.jpg","contentUrl":"https:\/\/www.cerakotesa.com\/wp-content\/uploads\/2021\/09\/navy-e-220-dt20210813183028641-thumbnail.jpg","width":800,"height":800},{"@type":"BreadcrumbList","@id":"https:\/\/www.cerakotesa.com\/product\/navy-e-220\/#breadcrumb","itemListElement":[{"@type":"ListItem","position":1,"name":"Home","item":"https:\/\/www.cerakotesa.com\/"},{"@type":"ListItem","position":2,"name":"Products","item":"https:\/\/www.cerakotesa.com\/shop\/"},{"@type":"ListItem","position":3,"name":"Navy E-220"}]},{"@type":"WebSite","@id":"https:\/\/www.cerakotesa.com\/#website","url":"https:\/\/www.cerakotesa.com\/","name":"Cerakote South Africa","description":"Cerakote est un leader mondial dans la fabrication de rev\u00eatements c\u00e9ramiques protecteurs en couches minces.","potentialAction":[{"@type":"SearchAction","target":{"@type":"EntryPoint","urlTemplate":"https:\/\/www.cerakotesa.com\/?s={search_term_string}"},"query-input":{"@type":"PropertyValueSpecification","valueRequired":true,"valueName":"search_term_string"}}],"inLanguage":"fr-FR"}]}},"acf":[],"_links":{"self":[{"href":"https:\/\/www.cerakotesa.com\/fr\/wp-json\/wp\/v2\/product\/7628","targetHints":{"allow":["GET"]}}],"collection":[{"href":"https:\/\/www.cerakotesa.com\/fr\/wp-json\/wp\/v2\/product"}],"about":[{"href":"https:\/\/www.cerakotesa.com\/fr\/wp-json\/wp\/v2\/types\/product"}],"replies":[{"embeddable":true,"href":"https:\/\/www.cerakotesa.com\/fr\/wp-json\/wp\/v2\/comments?post=7628"}],"wp:featuredmedia":[{"embeddable":true,"href":"https:\/\/www.cerakotesa.com\/fr\/wp-json\/wp\/v2\/media\/7634"}],"wp:attachment":[{"href":"https:\/\/www.cerakotesa.com\/fr\/wp-json\/wp\/v2\/media?parent=7628"}],"wp:term":[{"taxonomy":"product_brand","embeddable":true,"href":"https:\/\/www.cerakotesa.com\/fr\/wp-json\/wp\/v2\/product_brand?post=7628"},{"taxonomy":"product_cat","embeddable":true,"href":"https:\/\/www.cerakotesa.com\/fr\/wp-json\/wp\/v2\/product_cat?post=7628"},{"taxonomy":"product_tag","embeddable":true,"href":"https:\/\/www.cerakotesa.com\/fr\/wp-json\/wp\/v2\/product_tag?post=7628"}],"curies":[{"name":"wp","href":"https:\/\/api.w.org\/{rel}","templated":true}]}}