{"id":7729,"date":"2021-09-21T15:20:34","date_gmt":"2021-09-21T14:20:34","guid":{"rendered":"https:\/\/www.cerakote.co.uk\/?post_type=product&#038;p=7729"},"modified":"2026-01-08T12:55:03","modified_gmt":"2026-01-08T12:55:03","slug":"heavy-duty-rotating-hanging-spinner-hook-se-387","status":"publish","type":"product","link":"https:\/\/www.cerakotesa.com\/fr\/produit\/heavy-duty-rotating-hanging-spinner-hook-se-387\/","title":{"rendered":"Crochet rotatif pour suspendre des objets lourds SE-387"},"content":{"rendered":"","protected":false},"excerpt":{"rendered":"<p>Si vous pulv\u00e9risez des pi\u00e8ces, une rotation de 360\u00b0 est INDISPENSABLE pour appliquer un rev\u00eatement sur une pi\u00e8ce avec facilit\u00e9 et efficacit\u00e9.<\/p>\n<p>Faites tourner et pulv\u00e9risez, c'est la seule fa\u00e7on de proc\u00e9der.<\/p>\n<p>Description : Crochet en acier massif dot\u00e9 d'un double roulement \u00e0 billes. Cette conception lui permet de tourner sans entrave dans plusieurs directions.<\/p>\n<p>La boucle en haut rend les options de montage faciles et infinies. Id\u00e9al pour un stand, un magasin ou un garage.<\/p>\n<p>Sp\u00e9cifications :<\/p>\n<ul>\n<li>5 \"L X 2 \"W<\/li>\n<li>Capacit\u00e9 de poids de 250 livres<\/li>\n<li>Acier robuste<\/li>\n<\/ul>","protected":false},"featured_media":7733,"comment_status":"closed","ping_status":"closed","template":"","meta":{"_acf_changed":false},"product_brand":[],"product_cat":[106],"product_tag":[844],"class_list":{"0":"post-7729","1":"product","2":"type-product","3":"status-publish","4":"has-post-thumbnail","6":"product_cat-equipment","7":"product_tag-swivel-hook","8":"product_shipping_class-royal-mail-first-class","10":"first","11":"instock","12":"taxable","13":"shipping-taxable","14":"product-type-simple"},"yoast_head":"<!-- This site is optimized with the Yoast SEO plugin v26.7 - https:\/\/yoast.com\/wordpress\/plugins\/seo\/ -->\n<title>Heavy Duty Rotating Hanging Spinner Hook SE-387 - Cerakote South Africa<\/title>\n<meta name=\"robots\" content=\"index, follow, max-snippet:-1, max-image-preview:large, max-video-preview:-1\" \/>\n<link rel=\"canonical\" href=\"https:\/\/www.cerakotesa.com\/fr\/produit\/heavy-duty-rotating-hanging-spinner-hook-se-387\/\" \/>\n<meta property=\"og:locale\" content=\"fr_FR\" \/>\n<meta property=\"og:type\" content=\"article\" \/>\n<meta property=\"og:title\" content=\"Heavy Duty Rotating Hanging Spinner Hook SE-387 - Cerakote South Africa\" \/>\n<meta property=\"og:description\" content=\"If you\u2019re spraying parts, then 360\u00b0 of rotation is CRITICAL to adequately apply a coating to a part with ease and proficiency. Spin and spray, it\u2019s the only way. Description: Solid steel hook that incorporates a double ball bearing design. This design allows it to rotate unhindered in multiple directions. The loop at the top makes mounting options easy and endless. Great for any booth, shop, or garage. Specs:  5\u201dL X 2\u201dW  250lb Weight Capacity  Heavy Duty Steel\" \/>\n<meta property=\"og:url\" content=\"https:\/\/www.cerakotesa.com\/fr\/produit\/heavy-duty-rotating-hanging-spinner-hook-se-387\/\" \/>\n<meta property=\"og:site_name\" content=\"Cerakote South Africa\" \/>\n<meta property=\"article:modified_time\" content=\"2026-01-08T12:55:03+00:00\" \/>\n<meta property=\"og:image\" content=\"https:\/\/www.cerakotesa.com\/wp-content\/uploads\/2021\/09\/Cerakote-Hook.jpg\" \/>\n\t<meta property=\"og:image:width\" content=\"800\" \/>\n\t<meta property=\"og:image:height\" content=\"800\" \/>\n\t<meta property=\"og:image:type\" content=\"image\/jpeg\" \/>\n<meta name=\"twitter:card\" content=\"summary_large_image\" \/>\n<script type=\"application\/ld+json\" class=\"yoast-schema-graph\">{\"@context\":\"https:\/\/schema.org\",\"@graph\":[{\"@type\":\"WebPage\",\"@id\":\"https:\/\/www.cerakotesa.com\/product\/heavy-duty-rotating-hanging-spinner-hook-se-387\/\",\"url\":\"https:\/\/www.cerakotesa.com\/product\/heavy-duty-rotating-hanging-spinner-hook-se-387\/\",\"name\":\"Heavy Duty Rotating Hanging Spinner Hook SE-387 - Cerakote South Africa\",\"isPartOf\":{\"@id\":\"https:\/\/www.cerakotesa.com\/#website\"},\"primaryImageOfPage\":{\"@id\":\"https:\/\/www.cerakotesa.com\/product\/heavy-duty-rotating-hanging-spinner-hook-se-387\/#primaryimage\"},\"image\":{\"@id\":\"https:\/\/www.cerakotesa.com\/product\/heavy-duty-rotating-hanging-spinner-hook-se-387\/#primaryimage\"},\"thumbnailUrl\":\"https:\/\/www.cerakotesa.com\/wp-content\/uploads\/2021\/09\/Cerakote-Hook.jpg\",\"datePublished\":\"2021-09-21T14:20:34+00:00\",\"dateModified\":\"2026-01-08T12:55:03+00:00\",\"breadcrumb\":{\"@id\":\"https:\/\/www.cerakotesa.com\/product\/heavy-duty-rotating-hanging-spinner-hook-se-387\/#breadcrumb\"},\"inLanguage\":\"fr-FR\",\"potentialAction\":[{\"@type\":\"ReadAction\",\"target\":[\"https:\/\/www.cerakotesa.com\/product\/heavy-duty-rotating-hanging-spinner-hook-se-387\/\"]}]},{\"@type\":\"ImageObject\",\"inLanguage\":\"fr-FR\",\"@id\":\"https:\/\/www.cerakotesa.com\/product\/heavy-duty-rotating-hanging-spinner-hook-se-387\/#primaryimage\",\"url\":\"https:\/\/www.cerakotesa.com\/wp-content\/uploads\/2021\/09\/Cerakote-Hook.jpg\",\"contentUrl\":\"https:\/\/www.cerakotesa.com\/wp-content\/uploads\/2021\/09\/Cerakote-Hook.jpg\",\"width\":800,\"height\":800},{\"@type\":\"BreadcrumbList\",\"@id\":\"https:\/\/www.cerakotesa.com\/product\/heavy-duty-rotating-hanging-spinner-hook-se-387\/#breadcrumb\",\"itemListElement\":[{\"@type\":\"ListItem\",\"position\":1,\"name\":\"Home\",\"item\":\"https:\/\/www.cerakotesa.com\/\"},{\"@type\":\"ListItem\",\"position\":2,\"name\":\"Products\",\"item\":\"https:\/\/www.cerakotesa.com\/shop\/\"},{\"@type\":\"ListItem\",\"position\":3,\"name\":\"Heavy Duty Rotating Hanging Spinner Hook SE-387\"}]},{\"@type\":\"WebSite\",\"@id\":\"https:\/\/www.cerakotesa.com\/#website\",\"url\":\"https:\/\/www.cerakotesa.com\/\",\"name\":\"Cerakote South Africa\",\"description\":\"Cerakote is a global leader in the manufacturing of thin-film protective ceramic coatings\",\"potentialAction\":[{\"@type\":\"SearchAction\",\"target\":{\"@type\":\"EntryPoint\",\"urlTemplate\":\"https:\/\/www.cerakotesa.com\/?s={search_term_string}\"},\"query-input\":{\"@type\":\"PropertyValueSpecification\",\"valueRequired\":true,\"valueName\":\"search_term_string\"}}],\"inLanguage\":\"fr-FR\"}]}<\/script>\n<!-- \/ Yoast SEO plugin. -->","yoast_head_json":{"title":"Heavy Duty Rotating Hanging Spinner Hook SE-387 - Cerakote South Africa","robots":{"index":"index","follow":"follow","max-snippet":"max-snippet:-1","max-image-preview":"max-image-preview:large","max-video-preview":"max-video-preview:-1"},"canonical":"https:\/\/www.cerakotesa.com\/fr\/produit\/heavy-duty-rotating-hanging-spinner-hook-se-387\/","og_locale":"fr_FR","og_type":"article","og_title":"Heavy Duty Rotating Hanging Spinner Hook SE-387 - Cerakote South Africa","og_description":"If you\u2019re spraying parts, then 360\u00b0 of rotation is CRITICAL to adequately apply a coating to a part with ease and proficiency. Spin and spray, it\u2019s the only way. Description: Solid steel hook that incorporates a double ball bearing design. This design allows it to rotate unhindered in multiple directions. The loop at the top makes mounting options easy and endless. Great for any booth, shop, or garage. Specs:  5\u201dL X 2\u201dW  250lb Weight Capacity  Heavy Duty Steel","og_url":"https:\/\/www.cerakotesa.com\/fr\/produit\/heavy-duty-rotating-hanging-spinner-hook-se-387\/","og_site_name":"Cerakote South Africa","article_modified_time":"2026-01-08T12:55:03+00:00","og_image":[{"width":800,"height":800,"url":"https:\/\/www.cerakotesa.com\/wp-content\/uploads\/2021\/09\/Cerakote-Hook.jpg","type":"image\/jpeg"}],"twitter_card":"summary_large_image","schema":{"@context":"https:\/\/schema.org","@graph":[{"@type":"WebPage","@id":"https:\/\/www.cerakotesa.com\/product\/heavy-duty-rotating-hanging-spinner-hook-se-387\/","url":"https:\/\/www.cerakotesa.com\/product\/heavy-duty-rotating-hanging-spinner-hook-se-387\/","name":"Heavy Duty Rotating Hanging Spinner Hook SE-387 - Cerakote South Africa","isPartOf":{"@id":"https:\/\/www.cerakotesa.com\/#website"},"primaryImageOfPage":{"@id":"https:\/\/www.cerakotesa.com\/product\/heavy-duty-rotating-hanging-spinner-hook-se-387\/#primaryimage"},"image":{"@id":"https:\/\/www.cerakotesa.com\/product\/heavy-duty-rotating-hanging-spinner-hook-se-387\/#primaryimage"},"thumbnailUrl":"https:\/\/www.cerakotesa.com\/wp-content\/uploads\/2021\/09\/Cerakote-Hook.jpg","datePublished":"2021-09-21T14:20:34+00:00","dateModified":"2026-01-08T12:55:03+00:00","breadcrumb":{"@id":"https:\/\/www.cerakotesa.com\/product\/heavy-duty-rotating-hanging-spinner-hook-se-387\/#breadcrumb"},"inLanguage":"fr-FR","potentialAction":[{"@type":"ReadAction","target":["https:\/\/www.cerakotesa.com\/product\/heavy-duty-rotating-hanging-spinner-hook-se-387\/"]}]},{"@type":"ImageObject","inLanguage":"fr-FR","@id":"https:\/\/www.cerakotesa.com\/product\/heavy-duty-rotating-hanging-spinner-hook-se-387\/#primaryimage","url":"https:\/\/www.cerakotesa.com\/wp-content\/uploads\/2021\/09\/Cerakote-Hook.jpg","contentUrl":"https:\/\/www.cerakotesa.com\/wp-content\/uploads\/2021\/09\/Cerakote-Hook.jpg","width":800,"height":800},{"@type":"BreadcrumbList","@id":"https:\/\/www.cerakotesa.com\/product\/heavy-duty-rotating-hanging-spinner-hook-se-387\/#breadcrumb","itemListElement":[{"@type":"ListItem","position":1,"name":"Home","item":"https:\/\/www.cerakotesa.com\/"},{"@type":"ListItem","position":2,"name":"Products","item":"https:\/\/www.cerakotesa.com\/shop\/"},{"@type":"ListItem","position":3,"name":"Heavy Duty Rotating Hanging Spinner Hook SE-387"}]},{"@type":"WebSite","@id":"https:\/\/www.cerakotesa.com\/#website","url":"https:\/\/www.cerakotesa.com\/","name":"Cerakote South Africa","description":"Cerakote est un leader mondial dans la fabrication de rev\u00eatements c\u00e9ramiques protecteurs en couches minces.","potentialAction":[{"@type":"SearchAction","target":{"@type":"EntryPoint","urlTemplate":"https:\/\/www.cerakotesa.com\/?s={search_term_string}"},"query-input":{"@type":"PropertyValueSpecification","valueRequired":true,"valueName":"search_term_string"}}],"inLanguage":"fr-FR"}]}},"acf":[],"_links":{"self":[{"href":"https:\/\/www.cerakotesa.com\/fr\/wp-json\/wp\/v2\/product\/7729","targetHints":{"allow":["GET"]}}],"collection":[{"href":"https:\/\/www.cerakotesa.com\/fr\/wp-json\/wp\/v2\/product"}],"about":[{"href":"https:\/\/www.cerakotesa.com\/fr\/wp-json\/wp\/v2\/types\/product"}],"replies":[{"embeddable":true,"href":"https:\/\/www.cerakotesa.com\/fr\/wp-json\/wp\/v2\/comments?post=7729"}],"wp:featuredmedia":[{"embeddable":true,"href":"https:\/\/www.cerakotesa.com\/fr\/wp-json\/wp\/v2\/media\/7733"}],"wp:attachment":[{"href":"https:\/\/www.cerakotesa.com\/fr\/wp-json\/wp\/v2\/media?parent=7729"}],"wp:term":[{"taxonomy":"product_brand","embeddable":true,"href":"https:\/\/www.cerakotesa.com\/fr\/wp-json\/wp\/v2\/product_brand?post=7729"},{"taxonomy":"product_cat","embeddable":true,"href":"https:\/\/www.cerakotesa.com\/fr\/wp-json\/wp\/v2\/product_cat?post=7729"},{"taxonomy":"product_tag","embeddable":true,"href":"https:\/\/www.cerakotesa.com\/fr\/wp-json\/wp\/v2\/product_tag?post=7729"}],"curies":[{"name":"wp","href":"https:\/\/api.w.org\/{rel}","templated":true}]}}