{"id":8877,"date":"2022-02-08T12:00:55","date_gmt":"2022-02-08T12:00:55","guid":{"rendered":"https:\/\/www.cerakote.co.uk\/?post_type=product&#038;p=8877"},"modified":"2026-01-08T12:55:40","modified_gmt":"2026-01-08T12:55:40","slug":"cylinder-bottle-brush-se-389","status":"publish","type":"product","link":"https:\/\/www.cerakotesa.com\/fr\/produit\/cylinder-bottle-brush-se-389\/","title":{"rendered":"Brosse \u00e0 bouteilles SE-389"},"content":{"rendered":"","protected":false},"excerpt":{"rendered":"<p>Comment nettoyer les cylindres gradu\u00e9s ?<\/p>\n<p>Vous enfoncez un chiffon d'atelier aussi loin que possible et vous le passez ensuite \u00e0 la raclette ? EH BIEN, ARR\u00caTEZ !<\/p>\n<p>Facilitez-vous la vie et utilisez un goupillon pour nettoyer toute votre verrerie ! Ces brosses ont \u00e9t\u00e9 con\u00e7ues pour s'adapter aux espaces restreints et nettoyer la c\u00e9racote sur les parois du verre gr\u00e2ce \u00e0 leurs poils en nylon.<\/p>\n<p>Conseil de pro : Remplissez l'\u00e9prouvette gradu\u00e9e d'une petite quantit\u00e9 d'ac\u00e9tone, puis faites entrer et sortir le pinceau en le faisant tourner pour nettoyer les parois du rev\u00eatement.<\/p>\n<p>Sp\u00e9cifications :<\/p>\n<p>- 7 \"L x 2 \u00bc\"W<\/p>\n<p>- Poils en nylon<\/p>\n<p>- Poign\u00e9e en acier tress\u00e9, id\u00e9ale pour \u00eatre accroch\u00e9e aux tableaux magn\u00e9tiques<\/p>","protected":false},"featured_media":8878,"comment_status":"closed","ping_status":"closed","template":"","meta":{"_acf_changed":false},"product_brand":[],"product_cat":[106],"product_tag":[880],"class_list":{"0":"post-8877","1":"product","2":"type-product","3":"status-publish","4":"has-post-thumbnail","6":"product_cat-equipment","7":"product_tag-bottle-brush","8":"product_shipping_class-flat-rate","10":"first","11":"instock","12":"taxable","13":"shipping-taxable","14":"product-type-simple"},"yoast_head":"<!-- This site is optimized with the Yoast SEO plugin v26.7 - https:\/\/yoast.com\/wordpress\/plugins\/seo\/ -->\n<title>Cylinder Bottle Brush SE-389 - Cerakote South Africa<\/title>\n<meta name=\"robots\" content=\"index, follow, max-snippet:-1, max-image-preview:large, max-video-preview:-1\" \/>\n<link rel=\"canonical\" href=\"https:\/\/www.cerakotesa.com\/fr\/produit\/cylinder-bottle-brush-se-389\/\" \/>\n<meta property=\"og:locale\" content=\"fr_FR\" \/>\n<meta property=\"og:type\" content=\"article\" \/>\n<meta property=\"og:title\" content=\"Cylinder Bottle Brush SE-389 - Cerakote South Africa\" \/>\n<meta property=\"og:description\" content=\"How do you clean your graduated cylinders? Do you shove a shop towel as far as possible and then squeegee it around?\u00a0WELL, STOP IT! Make life easier and use a bottle brush for cleaning all of your glassware! These brushes were designed to fit into tight spaces and clean Cerakote off the walls of the glass with their nylon bristles. Pro Tip: Fill the graduated cylinder with a small amount of acetone and then run the brush in and out while swirling it around to clean the walls of the coating. Specs: \u2022 7\u201dL x 2 \u00bc\u201dW \u2022 Nylon Bristles \u2022 Steel braided handle, great for hanging on magnet boards\" \/>\n<meta property=\"og:url\" content=\"https:\/\/www.cerakotesa.com\/fr\/produit\/cylinder-bottle-brush-se-389\/\" \/>\n<meta property=\"og:site_name\" content=\"Cerakote South Africa\" \/>\n<meta property=\"article:modified_time\" content=\"2026-01-08T12:55:40+00:00\" \/>\n<meta property=\"og:image\" content=\"https:\/\/www.cerakotesa.com\/wp-content\/uploads\/2022\/02\/cylinder-bottle-brush-se-389-dt20211001150848328-thumbnail.jpg\" \/>\n\t<meta property=\"og:image:width\" content=\"800\" \/>\n\t<meta property=\"og:image:height\" content=\"800\" \/>\n\t<meta property=\"og:image:type\" content=\"image\/jpeg\" \/>\n<meta name=\"twitter:card\" content=\"summary_large_image\" \/>\n<script type=\"application\/ld+json\" class=\"yoast-schema-graph\">{\"@context\":\"https:\/\/schema.org\",\"@graph\":[{\"@type\":\"WebPage\",\"@id\":\"https:\/\/www.cerakotesa.com\/product\/cylinder-bottle-brush-se-389\/\",\"url\":\"https:\/\/www.cerakotesa.com\/product\/cylinder-bottle-brush-se-389\/\",\"name\":\"Cylinder Bottle Brush SE-389 - Cerakote South Africa\",\"isPartOf\":{\"@id\":\"https:\/\/www.cerakotesa.com\/#website\"},\"primaryImageOfPage\":{\"@id\":\"https:\/\/www.cerakotesa.com\/product\/cylinder-bottle-brush-se-389\/#primaryimage\"},\"image\":{\"@id\":\"https:\/\/www.cerakotesa.com\/product\/cylinder-bottle-brush-se-389\/#primaryimage\"},\"thumbnailUrl\":\"https:\/\/www.cerakotesa.com\/wp-content\/uploads\/2022\/02\/cylinder-bottle-brush-se-389-dt20211001150848328-thumbnail.jpg\",\"datePublished\":\"2022-02-08T12:00:55+00:00\",\"dateModified\":\"2026-01-08T12:55:40+00:00\",\"breadcrumb\":{\"@id\":\"https:\/\/www.cerakotesa.com\/product\/cylinder-bottle-brush-se-389\/#breadcrumb\"},\"inLanguage\":\"fr-FR\",\"potentialAction\":[{\"@type\":\"ReadAction\",\"target\":[\"https:\/\/www.cerakotesa.com\/product\/cylinder-bottle-brush-se-389\/\"]}]},{\"@type\":\"ImageObject\",\"inLanguage\":\"fr-FR\",\"@id\":\"https:\/\/www.cerakotesa.com\/product\/cylinder-bottle-brush-se-389\/#primaryimage\",\"url\":\"https:\/\/www.cerakotesa.com\/wp-content\/uploads\/2022\/02\/cylinder-bottle-brush-se-389-dt20211001150848328-thumbnail.jpg\",\"contentUrl\":\"https:\/\/www.cerakotesa.com\/wp-content\/uploads\/2022\/02\/cylinder-bottle-brush-se-389-dt20211001150848328-thumbnail.jpg\",\"width\":800,\"height\":800},{\"@type\":\"BreadcrumbList\",\"@id\":\"https:\/\/www.cerakotesa.com\/product\/cylinder-bottle-brush-se-389\/#breadcrumb\",\"itemListElement\":[{\"@type\":\"ListItem\",\"position\":1,\"name\":\"Home\",\"item\":\"https:\/\/www.cerakotesa.com\/\"},{\"@type\":\"ListItem\",\"position\":2,\"name\":\"Products\",\"item\":\"https:\/\/www.cerakotesa.com\/shop\/\"},{\"@type\":\"ListItem\",\"position\":3,\"name\":\"Cylinder Bottle Brush SE-389\"}]},{\"@type\":\"WebSite\",\"@id\":\"https:\/\/www.cerakotesa.com\/#website\",\"url\":\"https:\/\/www.cerakotesa.com\/\",\"name\":\"Cerakote South Africa\",\"description\":\"Cerakote is a global leader in the manufacturing of thin-film protective ceramic coatings\",\"potentialAction\":[{\"@type\":\"SearchAction\",\"target\":{\"@type\":\"EntryPoint\",\"urlTemplate\":\"https:\/\/www.cerakotesa.com\/?s={search_term_string}\"},\"query-input\":{\"@type\":\"PropertyValueSpecification\",\"valueRequired\":true,\"valueName\":\"search_term_string\"}}],\"inLanguage\":\"fr-FR\"}]}<\/script>\n<!-- \/ Yoast SEO plugin. -->","yoast_head_json":{"title":"Cylinder Bottle Brush SE-389 - Cerakote South Africa","robots":{"index":"index","follow":"follow","max-snippet":"max-snippet:-1","max-image-preview":"max-image-preview:large","max-video-preview":"max-video-preview:-1"},"canonical":"https:\/\/www.cerakotesa.com\/fr\/produit\/cylinder-bottle-brush-se-389\/","og_locale":"fr_FR","og_type":"article","og_title":"Cylinder Bottle Brush SE-389 - Cerakote South Africa","og_description":"How do you clean your graduated cylinders? Do you shove a shop towel as far as possible and then squeegee it around?\u00a0WELL, STOP IT! Make life easier and use a bottle brush for cleaning all of your glassware! These brushes were designed to fit into tight spaces and clean Cerakote off the walls of the glass with their nylon bristles. Pro Tip: Fill the graduated cylinder with a small amount of acetone and then run the brush in and out while swirling it around to clean the walls of the coating. Specs: \u2022 7\u201dL x 2 \u00bc\u201dW \u2022 Nylon Bristles \u2022 Steel braided handle, great for hanging on magnet boards","og_url":"https:\/\/www.cerakotesa.com\/fr\/produit\/cylinder-bottle-brush-se-389\/","og_site_name":"Cerakote South Africa","article_modified_time":"2026-01-08T12:55:40+00:00","og_image":[{"width":800,"height":800,"url":"https:\/\/www.cerakotesa.com\/wp-content\/uploads\/2022\/02\/cylinder-bottle-brush-se-389-dt20211001150848328-thumbnail.jpg","type":"image\/jpeg"}],"twitter_card":"summary_large_image","schema":{"@context":"https:\/\/schema.org","@graph":[{"@type":"WebPage","@id":"https:\/\/www.cerakotesa.com\/product\/cylinder-bottle-brush-se-389\/","url":"https:\/\/www.cerakotesa.com\/product\/cylinder-bottle-brush-se-389\/","name":"Cylinder Bottle Brush SE-389 - Cerakote South Africa","isPartOf":{"@id":"https:\/\/www.cerakotesa.com\/#website"},"primaryImageOfPage":{"@id":"https:\/\/www.cerakotesa.com\/product\/cylinder-bottle-brush-se-389\/#primaryimage"},"image":{"@id":"https:\/\/www.cerakotesa.com\/product\/cylinder-bottle-brush-se-389\/#primaryimage"},"thumbnailUrl":"https:\/\/www.cerakotesa.com\/wp-content\/uploads\/2022\/02\/cylinder-bottle-brush-se-389-dt20211001150848328-thumbnail.jpg","datePublished":"2022-02-08T12:00:55+00:00","dateModified":"2026-01-08T12:55:40+00:00","breadcrumb":{"@id":"https:\/\/www.cerakotesa.com\/product\/cylinder-bottle-brush-se-389\/#breadcrumb"},"inLanguage":"fr-FR","potentialAction":[{"@type":"ReadAction","target":["https:\/\/www.cerakotesa.com\/product\/cylinder-bottle-brush-se-389\/"]}]},{"@type":"ImageObject","inLanguage":"fr-FR","@id":"https:\/\/www.cerakotesa.com\/product\/cylinder-bottle-brush-se-389\/#primaryimage","url":"https:\/\/www.cerakotesa.com\/wp-content\/uploads\/2022\/02\/cylinder-bottle-brush-se-389-dt20211001150848328-thumbnail.jpg","contentUrl":"https:\/\/www.cerakotesa.com\/wp-content\/uploads\/2022\/02\/cylinder-bottle-brush-se-389-dt20211001150848328-thumbnail.jpg","width":800,"height":800},{"@type":"BreadcrumbList","@id":"https:\/\/www.cerakotesa.com\/product\/cylinder-bottle-brush-se-389\/#breadcrumb","itemListElement":[{"@type":"ListItem","position":1,"name":"Home","item":"https:\/\/www.cerakotesa.com\/"},{"@type":"ListItem","position":2,"name":"Products","item":"https:\/\/www.cerakotesa.com\/shop\/"},{"@type":"ListItem","position":3,"name":"Cylinder Bottle Brush SE-389"}]},{"@type":"WebSite","@id":"https:\/\/www.cerakotesa.com\/#website","url":"https:\/\/www.cerakotesa.com\/","name":"Cerakote South Africa","description":"Cerakote est un leader mondial dans la fabrication de rev\u00eatements c\u00e9ramiques protecteurs en couches minces.","potentialAction":[{"@type":"SearchAction","target":{"@type":"EntryPoint","urlTemplate":"https:\/\/www.cerakotesa.com\/?s={search_term_string}"},"query-input":{"@type":"PropertyValueSpecification","valueRequired":true,"valueName":"search_term_string"}}],"inLanguage":"fr-FR"}]}},"acf":[],"_links":{"self":[{"href":"https:\/\/www.cerakotesa.com\/fr\/wp-json\/wp\/v2\/product\/8877","targetHints":{"allow":["GET"]}}],"collection":[{"href":"https:\/\/www.cerakotesa.com\/fr\/wp-json\/wp\/v2\/product"}],"about":[{"href":"https:\/\/www.cerakotesa.com\/fr\/wp-json\/wp\/v2\/types\/product"}],"replies":[{"embeddable":true,"href":"https:\/\/www.cerakotesa.com\/fr\/wp-json\/wp\/v2\/comments?post=8877"}],"wp:featuredmedia":[{"embeddable":true,"href":"https:\/\/www.cerakotesa.com\/fr\/wp-json\/wp\/v2\/media\/8878"}],"wp:attachment":[{"href":"https:\/\/www.cerakotesa.com\/fr\/wp-json\/wp\/v2\/media?parent=8877"}],"wp:term":[{"taxonomy":"product_brand","embeddable":true,"href":"https:\/\/www.cerakotesa.com\/fr\/wp-json\/wp\/v2\/product_brand?post=8877"},{"taxonomy":"product_cat","embeddable":true,"href":"https:\/\/www.cerakotesa.com\/fr\/wp-json\/wp\/v2\/product_cat?post=8877"},{"taxonomy":"product_tag","embeddable":true,"href":"https:\/\/www.cerakotesa.com\/fr\/wp-json\/wp\/v2\/product_tag?post=8877"}],"curies":[{"name":"wp","href":"https:\/\/api.w.org\/{rel}","templated":true}]}}