{"id":8891,"date":"2022-02-08T13:41:27","date_gmt":"2022-02-08T13:41:27","guid":{"rendered":"https:\/\/www.cerakote.co.uk\/?post_type=product&#038;p=8891"},"modified":"2025-05-12T10:48:02","modified_gmt":"2025-05-12T10:48:02","slug":"icon-patch-trucker-hat-app-163","status":"publish","type":"product","link":"https:\/\/www.cerakotesa.com\/fr\/produit\/icon-patch-trucker-hat-app-163\/","title":{"rendered":"Mousqueton Northwoods APP-123"},"content":{"rendered":"","protected":false},"excerpt":{"rendered":"<p>La casquette Northwoods Snapback est fabriqu\u00e9e sur le c\u00e9l\u00e8bre mod\u00e8le Richardson 312. Au premier plan de cette casquette se trouve un \u00e9cusson en PVC personnalis\u00e9 qui ajoute une touche unique, faisant de cette casquette un accessoire remarquable pour toute aventure en plein air ou toute sortie d\u00e9contract\u00e9e. La casquette 312 est r\u00e9put\u00e9e pour son design profil\u00e9 et son dos en tissu confortable. Elle est dot\u00e9e d'une visi\u00e8re pr\u00e9-courb\u00e9e, d'un bandeau en coton doux et d'une fermeture \u00e0 bouton-pression r\u00e9glable. La garantie d'un ajustement parfait pour toutes les tailles de t\u00eate. Am\u00e9liorez votre jeu de t\u00eate avec la casquette Northwoods Snapback.<b>Sp\u00e9cifications<\/b><\/p>\n<ul>\n<li><b>Tirage limit\u00e9 \u00e0 99 exemplaires<\/b><\/li>\n<li><b>65% polyester, 35% coton m\u00e9lang\u00e9<\/b><\/li>\n<li><b>Chapeau \u00e0 6 panneaux<\/b><\/li>\n<li><b>Bandeau<\/b><\/li>\n<li><b>Bouton-pression r\u00e9glable au dos<\/b><\/li>\n<\/ul>","protected":false},"featured_media":20863,"comment_status":"closed","ping_status":"closed","template":"","meta":{"_acf_changed":false},"product_brand":[],"product_cat":[106,883],"product_tag":[884],"class_list":{"0":"post-8891","1":"product","2":"type-product","3":"status-publish","4":"has-post-thumbnail","6":"product_cat-equipment","7":"product_cat-apparel","8":"product_tag-hat","9":"product_shipping_class-flat-rate","11":"first","12":"instock","13":"taxable","14":"shipping-taxable","15":"product-type-variable"},"yoast_head":"<!-- This site is optimized with the Yoast SEO plugin v26.7 - https:\/\/yoast.com\/wordpress\/plugins\/seo\/ -->\n<title>Northwoods Snapback APP-123 - Cerakote South Africa<\/title>\n<meta name=\"robots\" content=\"index, follow, max-snippet:-1, max-image-preview:large, max-video-preview:-1\" \/>\n<link rel=\"canonical\" href=\"https:\/\/www.cerakotesa.com\/fr\/produit\/icon-patch-trucker-hat-app-163\/\" \/>\n<meta property=\"og:locale\" content=\"fr_FR\" \/>\n<meta property=\"og:type\" content=\"article\" \/>\n<meta property=\"og:title\" content=\"Northwoods Snapback APP-123 - Cerakote South Africa\" \/>\n<meta property=\"og:description\" content=\"The Northwoods Snapback is crafted on the renowned Richardson 312. At the forefront of this hat is a custom PVC patch that adds a unique touch, making it a standout accessory for any outdoor adventure or casual outing. The 312 is renowned for its bestselling mid-profile design and comfortable cloth back, this hat offers both style and functionality. It features a pre-curved bill, a soft cotton sweatband, and an adjustable snapback closure. Guaranteed a perfect fit for all head sizes. Upgrade your headwear game with the Northwoods Snapback.Specifications   Limited Run of 99  65% polyester, 35% cotton blend  6-panel hat  Sweatband  Adjustable snap at back\" \/>\n<meta property=\"og:url\" content=\"https:\/\/www.cerakotesa.com\/fr\/produit\/icon-patch-trucker-hat-app-163\/\" \/>\n<meta property=\"og:site_name\" content=\"Cerakote South Africa\" \/>\n<meta property=\"article:modified_time\" content=\"2025-05-12T10:48:02+00:00\" \/>\n<meta name=\"twitter:card\" content=\"summary_large_image\" \/>\n<meta name=\"twitter:label1\" content=\"Dur\u00e9e de lecture estim\u00e9e\" \/>\n\t<meta name=\"twitter:data1\" content=\"1 minute\" \/>\n<script type=\"application\/ld+json\" class=\"yoast-schema-graph\">{\"@context\":\"https:\/\/schema.org\",\"@graph\":[{\"@type\":\"WebPage\",\"@id\":\"https:\/\/www.cerakotesa.com\/product\/icon-patch-trucker-hat-app-163\/\",\"url\":\"https:\/\/www.cerakotesa.com\/product\/icon-patch-trucker-hat-app-163\/\",\"name\":\"Northwoods Snapback APP-123 - Cerakote South Africa\",\"isPartOf\":{\"@id\":\"https:\/\/www.cerakotesa.com\/#website\"},\"primaryImageOfPage\":{\"@id\":\"https:\/\/www.cerakotesa.com\/product\/icon-patch-trucker-hat-app-163\/#primaryimage\"},\"image\":{\"@id\":\"https:\/\/www.cerakotesa.com\/product\/icon-patch-trucker-hat-app-163\/#primaryimage\"},\"thumbnailUrl\":\"https:\/\/www.cerakotesa.com\/wp-content\/uploads\/2022\/02\/blocky-patch-flexfit-hat-app-123-dt20240212224957499472-thumbnail.jpg.avif\",\"datePublished\":\"2022-02-08T13:41:27+00:00\",\"dateModified\":\"2025-05-12T10:48:02+00:00\",\"breadcrumb\":{\"@id\":\"https:\/\/www.cerakotesa.com\/product\/icon-patch-trucker-hat-app-163\/#breadcrumb\"},\"inLanguage\":\"fr-FR\",\"potentialAction\":[{\"@type\":\"ReadAction\",\"target\":[\"https:\/\/www.cerakotesa.com\/product\/icon-patch-trucker-hat-app-163\/\"]}]},{\"@type\":\"ImageObject\",\"inLanguage\":\"fr-FR\",\"@id\":\"https:\/\/www.cerakotesa.com\/product\/icon-patch-trucker-hat-app-163\/#primaryimage\",\"url\":\"https:\/\/www.cerakotesa.com\/wp-content\/uploads\/2022\/02\/blocky-patch-flexfit-hat-app-123-dt20240212224957499472-thumbnail.jpg.avif\",\"contentUrl\":\"https:\/\/www.cerakotesa.com\/wp-content\/uploads\/2022\/02\/blocky-patch-flexfit-hat-app-123-dt20240212224957499472-thumbnail.jpg.avif\",\"width\":600,\"height\":600},{\"@type\":\"BreadcrumbList\",\"@id\":\"https:\/\/www.cerakotesa.com\/product\/icon-patch-trucker-hat-app-163\/#breadcrumb\",\"itemListElement\":[{\"@type\":\"ListItem\",\"position\":1,\"name\":\"Home\",\"item\":\"https:\/\/www.cerakotesa.com\/\"},{\"@type\":\"ListItem\",\"position\":2,\"name\":\"Products\",\"item\":\"https:\/\/www.cerakotesa.com\/shop\/\"},{\"@type\":\"ListItem\",\"position\":3,\"name\":\"Northwoods Snapback APP-123\"}]},{\"@type\":\"WebSite\",\"@id\":\"https:\/\/www.cerakotesa.com\/#website\",\"url\":\"https:\/\/www.cerakotesa.com\/\",\"name\":\"Cerakote South Africa\",\"description\":\"Cerakote is a global leader in the manufacturing of thin-film protective ceramic coatings\",\"potentialAction\":[{\"@type\":\"SearchAction\",\"target\":{\"@type\":\"EntryPoint\",\"urlTemplate\":\"https:\/\/www.cerakotesa.com\/?s={search_term_string}\"},\"query-input\":{\"@type\":\"PropertyValueSpecification\",\"valueRequired\":true,\"valueName\":\"search_term_string\"}}],\"inLanguage\":\"fr-FR\"}]}<\/script>\n<!-- \/ Yoast SEO plugin. -->","yoast_head_json":{"title":"Northwoods Snapback APP-123 - Cerakote South Africa","robots":{"index":"index","follow":"follow","max-snippet":"max-snippet:-1","max-image-preview":"max-image-preview:large","max-video-preview":"max-video-preview:-1"},"canonical":"https:\/\/www.cerakotesa.com\/fr\/produit\/icon-patch-trucker-hat-app-163\/","og_locale":"fr_FR","og_type":"article","og_title":"Northwoods Snapback APP-123 - Cerakote South Africa","og_description":"The Northwoods Snapback is crafted on the renowned Richardson 312. At the forefront of this hat is a custom PVC patch that adds a unique touch, making it a standout accessory for any outdoor adventure or casual outing. The 312 is renowned for its bestselling mid-profile design and comfortable cloth back, this hat offers both style and functionality. It features a pre-curved bill, a soft cotton sweatband, and an adjustable snapback closure. Guaranteed a perfect fit for all head sizes. Upgrade your headwear game with the Northwoods Snapback.Specifications   Limited Run of 99  65% polyester, 35% cotton blend  6-panel hat  Sweatband  Adjustable snap at back","og_url":"https:\/\/www.cerakotesa.com\/fr\/produit\/icon-patch-trucker-hat-app-163\/","og_site_name":"Cerakote South Africa","article_modified_time":"2025-05-12T10:48:02+00:00","twitter_card":"summary_large_image","twitter_misc":{"Dur\u00e9e de lecture estim\u00e9e":"1 minute"},"schema":{"@context":"https:\/\/schema.org","@graph":[{"@type":"WebPage","@id":"https:\/\/www.cerakotesa.com\/product\/icon-patch-trucker-hat-app-163\/","url":"https:\/\/www.cerakotesa.com\/product\/icon-patch-trucker-hat-app-163\/","name":"Northwoods Snapback APP-123 - Cerakote South Africa","isPartOf":{"@id":"https:\/\/www.cerakotesa.com\/#website"},"primaryImageOfPage":{"@id":"https:\/\/www.cerakotesa.com\/product\/icon-patch-trucker-hat-app-163\/#primaryimage"},"image":{"@id":"https:\/\/www.cerakotesa.com\/product\/icon-patch-trucker-hat-app-163\/#primaryimage"},"thumbnailUrl":"https:\/\/www.cerakotesa.com\/wp-content\/uploads\/2022\/02\/blocky-patch-flexfit-hat-app-123-dt20240212224957499472-thumbnail.jpg.avif","datePublished":"2022-02-08T13:41:27+00:00","dateModified":"2025-05-12T10:48:02+00:00","breadcrumb":{"@id":"https:\/\/www.cerakotesa.com\/product\/icon-patch-trucker-hat-app-163\/#breadcrumb"},"inLanguage":"fr-FR","potentialAction":[{"@type":"ReadAction","target":["https:\/\/www.cerakotesa.com\/product\/icon-patch-trucker-hat-app-163\/"]}]},{"@type":"ImageObject","inLanguage":"fr-FR","@id":"https:\/\/www.cerakotesa.com\/product\/icon-patch-trucker-hat-app-163\/#primaryimage","url":"https:\/\/www.cerakotesa.com\/wp-content\/uploads\/2022\/02\/blocky-patch-flexfit-hat-app-123-dt20240212224957499472-thumbnail.jpg.avif","contentUrl":"https:\/\/www.cerakotesa.com\/wp-content\/uploads\/2022\/02\/blocky-patch-flexfit-hat-app-123-dt20240212224957499472-thumbnail.jpg.avif","width":600,"height":600},{"@type":"BreadcrumbList","@id":"https:\/\/www.cerakotesa.com\/product\/icon-patch-trucker-hat-app-163\/#breadcrumb","itemListElement":[{"@type":"ListItem","position":1,"name":"Home","item":"https:\/\/www.cerakotesa.com\/"},{"@type":"ListItem","position":2,"name":"Products","item":"https:\/\/www.cerakotesa.com\/shop\/"},{"@type":"ListItem","position":3,"name":"Northwoods Snapback APP-123"}]},{"@type":"WebSite","@id":"https:\/\/www.cerakotesa.com\/#website","url":"https:\/\/www.cerakotesa.com\/","name":"Cerakote South Africa","description":"Cerakote est un leader mondial dans la fabrication de rev\u00eatements c\u00e9ramiques protecteurs en couches minces.","potentialAction":[{"@type":"SearchAction","target":{"@type":"EntryPoint","urlTemplate":"https:\/\/www.cerakotesa.com\/?s={search_term_string}"},"query-input":{"@type":"PropertyValueSpecification","valueRequired":true,"valueName":"search_term_string"}}],"inLanguage":"fr-FR"}]}},"acf":[],"_links":{"self":[{"href":"https:\/\/www.cerakotesa.com\/fr\/wp-json\/wp\/v2\/product\/8891","targetHints":{"allow":["GET"]}}],"collection":[{"href":"https:\/\/www.cerakotesa.com\/fr\/wp-json\/wp\/v2\/product"}],"about":[{"href":"https:\/\/www.cerakotesa.com\/fr\/wp-json\/wp\/v2\/types\/product"}],"replies":[{"embeddable":true,"href":"https:\/\/www.cerakotesa.com\/fr\/wp-json\/wp\/v2\/comments?post=8891"}],"wp:featuredmedia":[{"embeddable":true,"href":"https:\/\/www.cerakotesa.com\/fr\/wp-json\/wp\/v2\/media\/20863"}],"wp:attachment":[{"href":"https:\/\/www.cerakotesa.com\/fr\/wp-json\/wp\/v2\/media?parent=8891"}],"wp:term":[{"taxonomy":"product_brand","embeddable":true,"href":"https:\/\/www.cerakotesa.com\/fr\/wp-json\/wp\/v2\/product_brand?post=8891"},{"taxonomy":"product_cat","embeddable":true,"href":"https:\/\/www.cerakotesa.com\/fr\/wp-json\/wp\/v2\/product_cat?post=8891"},{"taxonomy":"product_tag","embeddable":true,"href":"https:\/\/www.cerakotesa.com\/fr\/wp-json\/wp\/v2\/product_tag?post=8891"}],"curies":[{"name":"wp","href":"https:\/\/api.w.org\/{rel}","templated":true}]}}