{"id":9021,"date":"2022-02-16T16:33:55","date_gmt":"2022-02-16T16:33:55","guid":{"rendered":"https:\/\/www.cerakote.co.uk\/?post_type=product&#038;p=9021"},"modified":"2025-12-16T11:27:50","modified_gmt":"2025-12-16T11:27:50","slug":"dark-brown-h-342","status":"publish","type":"product","link":"https:\/\/www.cerakotesa.com\/fr\/produit\/dark-brown-h-342\/","title":{"rendered":"Marron fonc\u00e9 H-342"},"content":{"rendered":"","protected":false},"excerpt":{"rendered":"<p>Cerakote MultiCam\u00ae Dark Brown is a warm hue of cocoa brown. This colour was developed for Crye Precision MultiCam\u00ae Arid.<\/p>\n<p>*REMARQUE : ce produit est livr\u00e9 avec un catalyseur et n\u00e9cessite un <a href=\"https:\/\/www.cerakotesa.com\/product\/cerakote-in-cup-150-mesh-strainer-100-micron-se-276\/\">Filtre de 150 mailles (SE-276).<\/a><\/p>\n<p>Les rev\u00eatements Cerakote de la s\u00e9rie H sont durables, r\u00e9sistants \u00e0 la corrosion et offrent des niveaux de duret\u00e9 et d'adh\u00e9rence in\u00e9gal\u00e9s. Ces rev\u00eatements sont \u00e9galement r\u00e9sistants \u00e0 la plupart des solvants et des produits chimiques. Les rev\u00eatements de la s\u00e9rie H de Cerakote reposent sur une technologie c\u00e9ramique unique qui conf\u00e8re au rev\u00eatement final \u00e0 la fois une flexibilit\u00e9 et une excellente r\u00e9sistance \u00e0 l'usure. D\u00e9couvrez les rev\u00eatements de la s\u00e9rie H de Cerakote <a href=\"https:\/\/www.cerakotesa.com\/documents\/\">Ressources<\/a> pour obtenir des guides d'application des produits, des fiches techniques et des informations sur les FDS.<\/p>\n<p><i><small>Note: Purchase of Cerakote\u00ae product does not grant a license to use the product in connection with the reproduction or other application of camouflage patterns that are or may be similar to MultiCam\u00ae, which patterns are the intellectual property of Crye Precision LLC. If you are interested in applying this Cerakote\u00ae product as part of a MultiCam\u00ae pattern on any end goods, whether for personal use or for resale, you may either (i) arrange for an applicator within the network of Cerakote\u00ae certified applicators that has been authorized and licensed by Crye Precision LLC to apply the Cerakote\u00ae product as part of a MultiCam\u00ae pattern; or (ii) contact <a href=\"mailto:legal@cryeprecision.com\">legal@cryeprecision.com<\/a> to inquire about obtaining a license directly from Crye Precision LLC to apply the pattern yourself.<\/small><\/i><\/p>","protected":false},"featured_media":9026,"comment_status":"closed","ping_status":"closed","template":"","meta":{"_acf_changed":false},"product_brand":[],"product_cat":[37],"product_tag":[33,906,1164,36,907],"class_list":{"0":"post-9021","1":"product","2":"type-product","3":"status-publish","4":"has-post-thumbnail","6":"product_cat-h-series-coatings","7":"product_tag-cerakote","8":"product_tag-dark-brown","9":"product_tag-dark-brown-h-342","10":"product_tag-h-series","11":"product_tag-h-342","12":"product_shipping_class-flat-rate","14":"first","15":"instock","16":"taxable","17":"shipping-taxable","18":"product-type-variable"},"yoast_head":"<!-- This site is optimized with the Yoast SEO plugin v26.7 - https:\/\/yoast.com\/wordpress\/plugins\/seo\/ -->\n<title>Dark Brown H-342 - Cerakote South Africa<\/title>\n<meta name=\"robots\" content=\"index, follow, max-snippet:-1, max-image-preview:large, max-video-preview:-1\" \/>\n<link rel=\"canonical\" href=\"https:\/\/www.cerakotesa.com\/fr\/produit\/dark-brown-h-342\/\" \/>\n<meta property=\"og:locale\" content=\"fr_FR\" \/>\n<meta property=\"og:type\" content=\"article\" \/>\n<meta property=\"og:title\" content=\"Dark Brown H-342 - Cerakote South Africa\" \/>\n<meta property=\"og:description\" content=\"Cerakote MultiCam\u00ae Dark Brown is a warm hue of cocoa brown. This colour was developed for Crye Precision MultiCam\u00ae Arid.  *NOTE: This product comes with a catalyst and requires a 150 Mesh Strainer (SE-276).  Cerakote H Series coatings are durable, corrosion-resistant, and provide unparalleled levels of hardness and adhesion. These coatings are also resistant to most solvents and chemicals. The foundation for Cerakote H Series coatings is a unique ceramic technology that imparts both flexibility and excellent wear resistance to the final coating. Check out the Resources section for product application guides, technical data sheets and SDS information.  Note: Purchase of Cerakote\u00ae product does not grant a license to use the product in connection with the reproduction or other application of camouflage patterns that are or may be similar to MultiCam\u00ae, which patterns are the intellectual property of Crye Precision LLC. If you are interested in applying this Cerakote\u00ae product as part of a MultiCam\u00ae pattern on any end goods, whether for personal use or for resale, you may either (i) arrange for an applicator within the network of Cerakote\u00ae certified applicators that has been authorized and licensed by Crye Precision LLC to apply the Cerakote\u00ae product as part of a MultiCam\u00ae pattern; or (ii) contact legal@cryeprecision.com to inquire about obtaining a license directly from Crye Precision LLC to apply the pattern yourself.\" \/>\n<meta property=\"og:url\" content=\"https:\/\/www.cerakotesa.com\/fr\/produit\/dark-brown-h-342\/\" \/>\n<meta property=\"og:site_name\" content=\"Cerakote South Africa\" \/>\n<meta property=\"article:modified_time\" content=\"2025-12-16T11:27:50+00:00\" \/>\n<meta property=\"og:image\" content=\"https:\/\/www.cerakotesa.com\/wp-content\/uploads\/2022\/02\/multicam-dark-brown-h-342-dt2020011722194097-thumbnail.jpeg\" \/>\n\t<meta property=\"og:image:width\" content=\"600\" \/>\n\t<meta property=\"og:image:height\" content=\"600\" \/>\n\t<meta property=\"og:image:type\" content=\"image\/jpeg\" \/>\n<meta name=\"twitter:card\" content=\"summary_large_image\" \/>\n<meta name=\"twitter:label1\" content=\"Dur\u00e9e de lecture estim\u00e9e\" \/>\n\t<meta name=\"twitter:data1\" content=\"1 minute\" \/>\n<script type=\"application\/ld+json\" class=\"yoast-schema-graph\">{\"@context\":\"https:\/\/schema.org\",\"@graph\":[{\"@type\":\"WebPage\",\"@id\":\"https:\/\/www.cerakotesa.com\/product\/dark-brown-h-342\/\",\"url\":\"https:\/\/www.cerakotesa.com\/product\/dark-brown-h-342\/\",\"name\":\"Dark Brown H-342 - Cerakote South Africa\",\"isPartOf\":{\"@id\":\"https:\/\/www.cerakotesa.com\/#website\"},\"primaryImageOfPage\":{\"@id\":\"https:\/\/www.cerakotesa.com\/product\/dark-brown-h-342\/#primaryimage\"},\"image\":{\"@id\":\"https:\/\/www.cerakotesa.com\/product\/dark-brown-h-342\/#primaryimage\"},\"thumbnailUrl\":\"https:\/\/www.cerakotesa.com\/wp-content\/uploads\/2022\/02\/multicam-dark-brown-h-342-dt2020011722194097-thumbnail.jpeg\",\"datePublished\":\"2022-02-16T16:33:55+00:00\",\"dateModified\":\"2025-12-16T11:27:50+00:00\",\"breadcrumb\":{\"@id\":\"https:\/\/www.cerakotesa.com\/product\/dark-brown-h-342\/#breadcrumb\"},\"inLanguage\":\"fr-FR\",\"potentialAction\":[{\"@type\":\"ReadAction\",\"target\":[\"https:\/\/www.cerakotesa.com\/product\/dark-brown-h-342\/\"]}]},{\"@type\":\"ImageObject\",\"inLanguage\":\"fr-FR\",\"@id\":\"https:\/\/www.cerakotesa.com\/product\/dark-brown-h-342\/#primaryimage\",\"url\":\"https:\/\/www.cerakotesa.com\/wp-content\/uploads\/2022\/02\/multicam-dark-brown-h-342-dt2020011722194097-thumbnail.jpeg\",\"contentUrl\":\"https:\/\/www.cerakotesa.com\/wp-content\/uploads\/2022\/02\/multicam-dark-brown-h-342-dt2020011722194097-thumbnail.jpeg\",\"width\":600,\"height\":600,\"caption\":\"A warm hue of cocoa brown\"},{\"@type\":\"BreadcrumbList\",\"@id\":\"https:\/\/www.cerakotesa.com\/product\/dark-brown-h-342\/#breadcrumb\",\"itemListElement\":[{\"@type\":\"ListItem\",\"position\":1,\"name\":\"Home\",\"item\":\"https:\/\/www.cerakotesa.com\/\"},{\"@type\":\"ListItem\",\"position\":2,\"name\":\"Products\",\"item\":\"https:\/\/www.cerakotesa.com\/shop\/\"},{\"@type\":\"ListItem\",\"position\":3,\"name\":\"Dark Brown H-342\"}]},{\"@type\":\"WebSite\",\"@id\":\"https:\/\/www.cerakotesa.com\/#website\",\"url\":\"https:\/\/www.cerakotesa.com\/\",\"name\":\"Cerakote South Africa\",\"description\":\"Cerakote is a global leader in the manufacturing of thin-film protective ceramic coatings\",\"potentialAction\":[{\"@type\":\"SearchAction\",\"target\":{\"@type\":\"EntryPoint\",\"urlTemplate\":\"https:\/\/www.cerakotesa.com\/?s={search_term_string}\"},\"query-input\":{\"@type\":\"PropertyValueSpecification\",\"valueRequired\":true,\"valueName\":\"search_term_string\"}}],\"inLanguage\":\"fr-FR\"}]}<\/script>\n<!-- \/ Yoast SEO plugin. -->","yoast_head_json":{"title":"Dark Brown H-342 - Cerakote South Africa","robots":{"index":"index","follow":"follow","max-snippet":"max-snippet:-1","max-image-preview":"max-image-preview:large","max-video-preview":"max-video-preview:-1"},"canonical":"https:\/\/www.cerakotesa.com\/fr\/produit\/dark-brown-h-342\/","og_locale":"fr_FR","og_type":"article","og_title":"Dark Brown H-342 - Cerakote South Africa","og_description":"Cerakote MultiCam\u00ae Dark Brown is a warm hue of cocoa brown. This colour was developed for Crye Precision MultiCam\u00ae Arid.  *NOTE: This product comes with a catalyst and requires a 150 Mesh Strainer (SE-276).  Cerakote H Series coatings are durable, corrosion-resistant, and provide unparalleled levels of hardness and adhesion. These coatings are also resistant to most solvents and chemicals. The foundation for Cerakote H Series coatings is a unique ceramic technology that imparts both flexibility and excellent wear resistance to the final coating. Check out the Resources section for product application guides, technical data sheets and SDS information.  Note: Purchase of Cerakote\u00ae product does not grant a license to use the product in connection with the reproduction or other application of camouflage patterns that are or may be similar to MultiCam\u00ae, which patterns are the intellectual property of Crye Precision LLC. If you are interested in applying this Cerakote\u00ae product as part of a MultiCam\u00ae pattern on any end goods, whether for personal use or for resale, you may either (i) arrange for an applicator within the network of Cerakote\u00ae certified applicators that has been authorized and licensed by Crye Precision LLC to apply the Cerakote\u00ae product as part of a MultiCam\u00ae pattern; or (ii) contact legal@cryeprecision.com to inquire about obtaining a license directly from Crye Precision LLC to apply the pattern yourself.","og_url":"https:\/\/www.cerakotesa.com\/fr\/produit\/dark-brown-h-342\/","og_site_name":"Cerakote South Africa","article_modified_time":"2025-12-16T11:27:50+00:00","og_image":[{"width":600,"height":600,"url":"https:\/\/www.cerakotesa.com\/wp-content\/uploads\/2022\/02\/multicam-dark-brown-h-342-dt2020011722194097-thumbnail.jpeg","type":"image\/jpeg"}],"twitter_card":"summary_large_image","twitter_misc":{"Dur\u00e9e de lecture estim\u00e9e":"1 minute"},"schema":{"@context":"https:\/\/schema.org","@graph":[{"@type":"WebPage","@id":"https:\/\/www.cerakotesa.com\/product\/dark-brown-h-342\/","url":"https:\/\/www.cerakotesa.com\/product\/dark-brown-h-342\/","name":"Dark Brown H-342 - Cerakote South Africa","isPartOf":{"@id":"https:\/\/www.cerakotesa.com\/#website"},"primaryImageOfPage":{"@id":"https:\/\/www.cerakotesa.com\/product\/dark-brown-h-342\/#primaryimage"},"image":{"@id":"https:\/\/www.cerakotesa.com\/product\/dark-brown-h-342\/#primaryimage"},"thumbnailUrl":"https:\/\/www.cerakotesa.com\/wp-content\/uploads\/2022\/02\/multicam-dark-brown-h-342-dt2020011722194097-thumbnail.jpeg","datePublished":"2022-02-16T16:33:55+00:00","dateModified":"2025-12-16T11:27:50+00:00","breadcrumb":{"@id":"https:\/\/www.cerakotesa.com\/product\/dark-brown-h-342\/#breadcrumb"},"inLanguage":"fr-FR","potentialAction":[{"@type":"ReadAction","target":["https:\/\/www.cerakotesa.com\/product\/dark-brown-h-342\/"]}]},{"@type":"ImageObject","inLanguage":"fr-FR","@id":"https:\/\/www.cerakotesa.com\/product\/dark-brown-h-342\/#primaryimage","url":"https:\/\/www.cerakotesa.com\/wp-content\/uploads\/2022\/02\/multicam-dark-brown-h-342-dt2020011722194097-thumbnail.jpeg","contentUrl":"https:\/\/www.cerakotesa.com\/wp-content\/uploads\/2022\/02\/multicam-dark-brown-h-342-dt2020011722194097-thumbnail.jpeg","width":600,"height":600,"caption":"A warm hue of cocoa brown"},{"@type":"BreadcrumbList","@id":"https:\/\/www.cerakotesa.com\/product\/dark-brown-h-342\/#breadcrumb","itemListElement":[{"@type":"ListItem","position":1,"name":"Home","item":"https:\/\/www.cerakotesa.com\/"},{"@type":"ListItem","position":2,"name":"Products","item":"https:\/\/www.cerakotesa.com\/shop\/"},{"@type":"ListItem","position":3,"name":"Dark Brown H-342"}]},{"@type":"WebSite","@id":"https:\/\/www.cerakotesa.com\/#website","url":"https:\/\/www.cerakotesa.com\/","name":"Cerakote South Africa","description":"Cerakote est un leader mondial dans la fabrication de rev\u00eatements c\u00e9ramiques protecteurs en couches minces.","potentialAction":[{"@type":"SearchAction","target":{"@type":"EntryPoint","urlTemplate":"https:\/\/www.cerakotesa.com\/?s={search_term_string}"},"query-input":{"@type":"PropertyValueSpecification","valueRequired":true,"valueName":"search_term_string"}}],"inLanguage":"fr-FR"}]}},"acf":[],"_links":{"self":[{"href":"https:\/\/www.cerakotesa.com\/fr\/wp-json\/wp\/v2\/product\/9021","targetHints":{"allow":["GET"]}}],"collection":[{"href":"https:\/\/www.cerakotesa.com\/fr\/wp-json\/wp\/v2\/product"}],"about":[{"href":"https:\/\/www.cerakotesa.com\/fr\/wp-json\/wp\/v2\/types\/product"}],"replies":[{"embeddable":true,"href":"https:\/\/www.cerakotesa.com\/fr\/wp-json\/wp\/v2\/comments?post=9021"}],"wp:featuredmedia":[{"embeddable":true,"href":"https:\/\/www.cerakotesa.com\/fr\/wp-json\/wp\/v2\/media\/9026"}],"wp:attachment":[{"href":"https:\/\/www.cerakotesa.com\/fr\/wp-json\/wp\/v2\/media?parent=9021"}],"wp:term":[{"taxonomy":"product_brand","embeddable":true,"href":"https:\/\/www.cerakotesa.com\/fr\/wp-json\/wp\/v2\/product_brand?post=9021"},{"taxonomy":"product_cat","embeddable":true,"href":"https:\/\/www.cerakotesa.com\/fr\/wp-json\/wp\/v2\/product_cat?post=9021"},{"taxonomy":"product_tag","embeddable":true,"href":"https:\/\/www.cerakotesa.com\/fr\/wp-json\/wp\/v2\/product_tag?post=9021"}],"curies":[{"name":"wp","href":"https:\/\/api.w.org\/{rel}","templated":true}]}}