{"id":9365,"date":"2022-03-24T09:48:01","date_gmt":"2022-03-24T09:48:01","guid":{"rendered":"https:\/\/www.cerakote.co.uk\/?post_type=product&#038;p=9365"},"modified":"2025-02-28T09:28:58","modified_gmt":"2025-02-28T09:28:58","slug":"cerakote-ceramic-glass-coat-protectant-ah-glasscoat","status":"publish","type":"product","link":"https:\/\/www.cerakotesa.com\/fr\/produit\/cerakote-ceramic-glass-coat-protectant-ah-glasscoat\/","title":{"rendered":"Cerakote\u00ae Ceramic Glass Coat Protectant AH-GLASSCOAT"},"content":{"rendered":"","protected":false},"excerpt":{"rendered":"<p>Transformez votre exp\u00e9rience de conduite avec le scellant Cerakote Ceramic Glass Coating Sealant, con\u00e7u pour les pare-brise automobiles. Notre technologie c\u00e9ramique de pointe cr\u00e9e une barri\u00e8re hydrophobe qui am\u00e9liore consid\u00e9rablement la visibilit\u00e9 et la s\u00e9curit\u00e9 dans diverses conditions m\u00e9t\u00e9orologiques. Cette formule facile \u00e0 appliquer offre non seulement un \u00e9cran protecteur transparent contre les \u00e9l\u00e9ments, mais pr\u00e9serve \u00e9galement l'\u00e9tat impeccable de votre verre. Convenant aussi bien aux bricoleurs qu'aux professionnels, ce rev\u00eatement pour vitres garantit des r\u00e9sultats durables et des performances sup\u00e9rieures. Choisissez Cerakote pour une clart\u00e9 et une protection in\u00e9gal\u00e9es.<\/p>\n<p>Chacun de nos kits de protection de la couche de verre c\u00e9ramique comprend :<\/p>\n<ul>\n<li>(4) Lingettes pour rev\u00eatement de verre c\u00e9ramique<\/li>\n<li>(1) Serviette en microfibre de haute qualit\u00e9<\/li>\n<li>(1) Paire de gants d'application<\/li>\n<\/ul>\n<p>Suffisamment de produit pour recouvrir deux pare-brise ou un pare-brise et deux vitres !<\/p>\n<p>Notre guide d'application d\u00e9taill\u00e9 est disponible \u00e0 l'adresse suivante <a href=\"https:\/\/cerakoteceramics.com\/glass-coat-protectant-instructions\">ici<\/a>.<\/p>","protected":false},"featured_media":20636,"comment_status":"closed","ping_status":"closed","template":"","meta":{"_acf_changed":false},"product_brand":[],"product_cat":[1056,106,917],"product_tag":[566,916,918,919,920],"class_list":{"0":"post-9365","1":"product","2":"type-product","3":"status-publish","4":"has-post-thumbnail","6":"product_cat-auto-home","7":"product_cat-equipment","8":"product_cat-diy-glass-coat","9":"product_tag-autohome","10":"product_tag-cerakote-glass-coat","11":"product_tag-glass","12":"product_tag-glass-coat","13":"product_tag-glass-kit","14":"product_shipping_class-royal-mail-first-class","16":"first","17":"instock","18":"taxable","19":"shipping-taxable","20":"product-type-simple"},"yoast_head":"<!-- This site is optimized with the Yoast SEO plugin v26.7 - https:\/\/yoast.com\/wordpress\/plugins\/seo\/ -->\n<title>Cerakote\u00ae Ceramic Glass Coat Protectant AH-GLASSCOAT - Cerakote South Africa<\/title>\n<meta name=\"description\" content=\"Maximum Water Shedding!\" \/>\n<meta name=\"robots\" content=\"index, follow, max-snippet:-1, max-image-preview:large, max-video-preview:-1\" \/>\n<link rel=\"canonical\" href=\"https:\/\/www.cerakotesa.com\/fr\/produit\/cerakote-ceramic-glass-coat-protectant-ah-glasscoat\/\" \/>\n<meta property=\"og:locale\" content=\"fr_FR\" \/>\n<meta property=\"og:type\" content=\"article\" \/>\n<meta property=\"og:title\" content=\"Cerakote\u00ae Ceramic Glass Coat Protectant AH-GLASSCOAT - Cerakote South Africa\" \/>\n<meta property=\"og:description\" content=\"Maximum Water Shedding!\" \/>\n<meta property=\"og:url\" content=\"https:\/\/www.cerakotesa.com\/fr\/produit\/cerakote-ceramic-glass-coat-protectant-ah-glasscoat\/\" \/>\n<meta property=\"og:site_name\" content=\"Cerakote South Africa\" \/>\n<meta property=\"article:modified_time\" content=\"2025-02-28T09:28:58+00:00\" \/>\n<meta property=\"og:image\" content=\"https:\/\/www.cerakotesa.com\/wp-content\/uploads\/2022\/03\/CCC_Glass_MktPlc_Hero__57463.jpg\" \/>\n\t<meta property=\"og:image:width\" content=\"1280\" \/>\n\t<meta property=\"og:image:height\" content=\"1280\" \/>\n\t<meta property=\"og:image:type\" content=\"image\/jpeg\" \/>\n<meta name=\"twitter:card\" content=\"summary_large_image\" \/>\n<meta name=\"twitter:label1\" content=\"Dur\u00e9e de lecture estim\u00e9e\" \/>\n\t<meta name=\"twitter:data1\" content=\"1 minute\" \/>\n<script type=\"application\/ld+json\" class=\"yoast-schema-graph\">{\"@context\":\"https:\/\/schema.org\",\"@graph\":[{\"@type\":\"WebPage\",\"@id\":\"https:\/\/www.cerakotesa.com\/product\/cerakote-ceramic-glass-coat-protectant-ah-glasscoat\/\",\"url\":\"https:\/\/www.cerakotesa.com\/product\/cerakote-ceramic-glass-coat-protectant-ah-glasscoat\/\",\"name\":\"Cerakote\u00ae Ceramic Glass Coat Protectant AH-GLASSCOAT - Cerakote South Africa\",\"isPartOf\":{\"@id\":\"https:\/\/www.cerakotesa.com\/#website\"},\"primaryImageOfPage\":{\"@id\":\"https:\/\/www.cerakotesa.com\/product\/cerakote-ceramic-glass-coat-protectant-ah-glasscoat\/#primaryimage\"},\"image\":{\"@id\":\"https:\/\/www.cerakotesa.com\/product\/cerakote-ceramic-glass-coat-protectant-ah-glasscoat\/#primaryimage\"},\"thumbnailUrl\":\"https:\/\/www.cerakotesa.com\/wp-content\/uploads\/2022\/03\/CCC_Glass_MktPlc_Hero__57463.jpg\",\"datePublished\":\"2022-03-24T09:48:01+00:00\",\"dateModified\":\"2025-02-28T09:28:58+00:00\",\"description\":\"Maximum Water Shedding!\",\"breadcrumb\":{\"@id\":\"https:\/\/www.cerakotesa.com\/product\/cerakote-ceramic-glass-coat-protectant-ah-glasscoat\/#breadcrumb\"},\"inLanguage\":\"fr-FR\",\"potentialAction\":[{\"@type\":\"ReadAction\",\"target\":[\"https:\/\/www.cerakotesa.com\/product\/cerakote-ceramic-glass-coat-protectant-ah-glasscoat\/\"]}]},{\"@type\":\"ImageObject\",\"inLanguage\":\"fr-FR\",\"@id\":\"https:\/\/www.cerakotesa.com\/product\/cerakote-ceramic-glass-coat-protectant-ah-glasscoat\/#primaryimage\",\"url\":\"https:\/\/www.cerakotesa.com\/wp-content\/uploads\/2022\/03\/CCC_Glass_MktPlc_Hero__57463.jpg\",\"contentUrl\":\"https:\/\/www.cerakotesa.com\/wp-content\/uploads\/2022\/03\/CCC_Glass_MktPlc_Hero__57463.jpg\",\"width\":1280,\"height\":1280},{\"@type\":\"BreadcrumbList\",\"@id\":\"https:\/\/www.cerakotesa.com\/product\/cerakote-ceramic-glass-coat-protectant-ah-glasscoat\/#breadcrumb\",\"itemListElement\":[{\"@type\":\"ListItem\",\"position\":1,\"name\":\"Home\",\"item\":\"https:\/\/www.cerakotesa.com\/\"},{\"@type\":\"ListItem\",\"position\":2,\"name\":\"Products\",\"item\":\"https:\/\/www.cerakotesa.com\/shop\/\"},{\"@type\":\"ListItem\",\"position\":3,\"name\":\"Cerakote\u00ae Ceramic Glass Coat Protectant AH-GLASSCOAT\"}]},{\"@type\":\"WebSite\",\"@id\":\"https:\/\/www.cerakotesa.com\/#website\",\"url\":\"https:\/\/www.cerakotesa.com\/\",\"name\":\"Cerakote South Africa\",\"description\":\"Cerakote is a global leader in the manufacturing of thin-film protective ceramic coatings\",\"potentialAction\":[{\"@type\":\"SearchAction\",\"target\":{\"@type\":\"EntryPoint\",\"urlTemplate\":\"https:\/\/www.cerakotesa.com\/?s={search_term_string}\"},\"query-input\":{\"@type\":\"PropertyValueSpecification\",\"valueRequired\":true,\"valueName\":\"search_term_string\"}}],\"inLanguage\":\"fr-FR\"}]}<\/script>\n<!-- \/ Yoast SEO plugin. -->","yoast_head_json":{"title":"Cerakote\u00ae Ceramic Glass Coat Protectant AH-GLASSCOAT - Cerakote South Africa","description":"Une \u00e9vacuation maximale de l'eau !","robots":{"index":"index","follow":"follow","max-snippet":"max-snippet:-1","max-image-preview":"max-image-preview:large","max-video-preview":"max-video-preview:-1"},"canonical":"https:\/\/www.cerakotesa.com\/fr\/produit\/cerakote-ceramic-glass-coat-protectant-ah-glasscoat\/","og_locale":"fr_FR","og_type":"article","og_title":"Cerakote\u00ae Ceramic Glass Coat Protectant AH-GLASSCOAT - Cerakote South Africa","og_description":"Maximum Water Shedding!","og_url":"https:\/\/www.cerakotesa.com\/fr\/produit\/cerakote-ceramic-glass-coat-protectant-ah-glasscoat\/","og_site_name":"Cerakote South Africa","article_modified_time":"2025-02-28T09:28:58+00:00","og_image":[{"width":1280,"height":1280,"url":"https:\/\/www.cerakotesa.com\/wp-content\/uploads\/2022\/03\/CCC_Glass_MktPlc_Hero__57463.jpg","type":"image\/jpeg"}],"twitter_card":"summary_large_image","twitter_misc":{"Dur\u00e9e de lecture estim\u00e9e":"1 minute"},"schema":{"@context":"https:\/\/schema.org","@graph":[{"@type":"WebPage","@id":"https:\/\/www.cerakotesa.com\/product\/cerakote-ceramic-glass-coat-protectant-ah-glasscoat\/","url":"https:\/\/www.cerakotesa.com\/product\/cerakote-ceramic-glass-coat-protectant-ah-glasscoat\/","name":"Cerakote\u00ae Ceramic Glass Coat Protectant AH-GLASSCOAT - Cerakote South Africa","isPartOf":{"@id":"https:\/\/www.cerakotesa.com\/#website"},"primaryImageOfPage":{"@id":"https:\/\/www.cerakotesa.com\/product\/cerakote-ceramic-glass-coat-protectant-ah-glasscoat\/#primaryimage"},"image":{"@id":"https:\/\/www.cerakotesa.com\/product\/cerakote-ceramic-glass-coat-protectant-ah-glasscoat\/#primaryimage"},"thumbnailUrl":"https:\/\/www.cerakotesa.com\/wp-content\/uploads\/2022\/03\/CCC_Glass_MktPlc_Hero__57463.jpg","datePublished":"2022-03-24T09:48:01+00:00","dateModified":"2025-02-28T09:28:58+00:00","description":"Une \u00e9vacuation maximale de l'eau !","breadcrumb":{"@id":"https:\/\/www.cerakotesa.com\/product\/cerakote-ceramic-glass-coat-protectant-ah-glasscoat\/#breadcrumb"},"inLanguage":"fr-FR","potentialAction":[{"@type":"ReadAction","target":["https:\/\/www.cerakotesa.com\/product\/cerakote-ceramic-glass-coat-protectant-ah-glasscoat\/"]}]},{"@type":"ImageObject","inLanguage":"fr-FR","@id":"https:\/\/www.cerakotesa.com\/product\/cerakote-ceramic-glass-coat-protectant-ah-glasscoat\/#primaryimage","url":"https:\/\/www.cerakotesa.com\/wp-content\/uploads\/2022\/03\/CCC_Glass_MktPlc_Hero__57463.jpg","contentUrl":"https:\/\/www.cerakotesa.com\/wp-content\/uploads\/2022\/03\/CCC_Glass_MktPlc_Hero__57463.jpg","width":1280,"height":1280},{"@type":"BreadcrumbList","@id":"https:\/\/www.cerakotesa.com\/product\/cerakote-ceramic-glass-coat-protectant-ah-glasscoat\/#breadcrumb","itemListElement":[{"@type":"ListItem","position":1,"name":"Home","item":"https:\/\/www.cerakotesa.com\/"},{"@type":"ListItem","position":2,"name":"Products","item":"https:\/\/www.cerakotesa.com\/shop\/"},{"@type":"ListItem","position":3,"name":"Cerakote\u00ae Ceramic Glass Coat Protectant AH-GLASSCOAT"}]},{"@type":"WebSite","@id":"https:\/\/www.cerakotesa.com\/#website","url":"https:\/\/www.cerakotesa.com\/","name":"Cerakote South Africa","description":"Cerakote est un leader mondial dans la fabrication de rev\u00eatements c\u00e9ramiques protecteurs en couches minces.","potentialAction":[{"@type":"SearchAction","target":{"@type":"EntryPoint","urlTemplate":"https:\/\/www.cerakotesa.com\/?s={search_term_string}"},"query-input":{"@type":"PropertyValueSpecification","valueRequired":true,"valueName":"search_term_string"}}],"inLanguage":"fr-FR"}]}},"acf":[],"_links":{"self":[{"href":"https:\/\/www.cerakotesa.com\/fr\/wp-json\/wp\/v2\/product\/9365","targetHints":{"allow":["GET"]}}],"collection":[{"href":"https:\/\/www.cerakotesa.com\/fr\/wp-json\/wp\/v2\/product"}],"about":[{"href":"https:\/\/www.cerakotesa.com\/fr\/wp-json\/wp\/v2\/types\/product"}],"replies":[{"embeddable":true,"href":"https:\/\/www.cerakotesa.com\/fr\/wp-json\/wp\/v2\/comments?post=9365"}],"wp:featuredmedia":[{"embeddable":true,"href":"https:\/\/www.cerakotesa.com\/fr\/wp-json\/wp\/v2\/media\/20636"}],"wp:attachment":[{"href":"https:\/\/www.cerakotesa.com\/fr\/wp-json\/wp\/v2\/media?parent=9365"}],"wp:term":[{"taxonomy":"product_brand","embeddable":true,"href":"https:\/\/www.cerakotesa.com\/fr\/wp-json\/wp\/v2\/product_brand?post=9365"},{"taxonomy":"product_cat","embeddable":true,"href":"https:\/\/www.cerakotesa.com\/fr\/wp-json\/wp\/v2\/product_cat?post=9365"},{"taxonomy":"product_tag","embeddable":true,"href":"https:\/\/www.cerakotesa.com\/fr\/wp-json\/wp\/v2\/product_tag?post=9365"}],"curies":[{"name":"wp","href":"https:\/\/api.w.org\/{rel}","templated":true}]}}