{"id":11167,"date":"2022-08-11T15:58:38","date_gmt":"2022-08-11T14:58:38","guid":{"rendered":"https:\/\/www.cerakote.co.uk\/?page_id=11167"},"modified":"2022-08-11T15:58:38","modified_gmt":"2022-08-11T14:58:38","slug":"why-is-my-coating-discolouring","status":"publish","type":"page","link":"https:\/\/www.cerakotesa.com\/it\/knowledge-base\/why-is-my-coating-discolouring\/","title":{"rendered":"Perch\u00e9 il mio rivestimento si scolorisce dopo il ciclo di polimerizzazione?"},"content":{"rendered":"<section class=\"section\" id=\"section_2087002350\">\n\t\t<div class=\"section-bg fill\" >\n\t\t\t\t\t\t\t\t\t\n\t\t\t\n\n\t\t<\/div>\n\n\t\t\n\n\t\t<div class=\"section-content relative\">\n\t\t\t\n<div class=\"row\"  id=\"row-959874471\">\n\n\t<div id=\"col-1295123928\" class=\"col small-12 large-12\"  >\n\t\t\t\t<div class=\"col-inner\"  >\n\t\t\t\n\t\t\t\n<h2 class=\"uppercase\">Perch\u00e9 il mio rivestimento si scolorisce dopo il ciclo di polimerizzazione?<\/h2>\n\t<div class=\"img has-hover x md-x lg-x y md-y lg-y\" id=\"image_166046858\">\n\t\t\t\t\t\t\t\t<div class=\"img-inner dark\" >\n\t\t\t<img loading=\"lazy\" decoding=\"async\" width=\"2048\" height=\"887\" src=\"https:\/\/www.cerakotesa.com\/wp-content\/uploads\/2022\/08\/cerakoteknowledgebasearticlecorrectcuretimes-dt20220729165233217098.webp\" class=\"attachment-original size-original\" alt=\"\" srcset=\"https:\/\/www.cerakotesa.com\/wp-content\/uploads\/2022\/08\/cerakoteknowledgebasearticlecorrectcuretimes-dt20220729165233217098.webp 2048w, https:\/\/www.cerakotesa.com\/wp-content\/uploads\/2022\/08\/cerakoteknowledgebasearticlecorrectcuretimes-dt20220729165233217098-247x107.webp 247w, https:\/\/www.cerakotesa.com\/wp-content\/uploads\/2022\/08\/cerakoteknowledgebasearticlecorrectcuretimes-dt20220729165233217098-510x221.webp 510w, https:\/\/www.cerakotesa.com\/wp-content\/uploads\/2022\/08\/cerakoteknowledgebasearticlecorrectcuretimes-dt20220729165233217098-300x130.webp 300w, https:\/\/www.cerakotesa.com\/wp-content\/uploads\/2022\/08\/cerakoteknowledgebasearticlecorrectcuretimes-dt20220729165233217098-1024x444.webp 1024w, https:\/\/www.cerakotesa.com\/wp-content\/uploads\/2022\/08\/cerakoteknowledgebasearticlecorrectcuretimes-dt20220729165233217098-768x333.webp 768w, https:\/\/www.cerakotesa.com\/wp-content\/uploads\/2022\/08\/cerakoteknowledgebasearticlecorrectcuretimes-dt20220729165233217098-1536x665.webp 1536w\" sizes=\"auto, (max-width: 2048px) 100vw, 2048px\" \/>\t\t\t\t\t\t\n\t\t\t\t\t<\/div>\n\t\t\t\t\t\t\t\t\n<style>\n#image_166046858 {\n  width: 100%;\n}\n<\/style>\n\t<\/div>\n\t\n<p>Tempi di polimerizzazione corretti<\/p>\n\t\t<\/div>\n\t\t\t\t\t<\/div>\n\n\t\n<\/div>\n\t\t<\/div>\n\n\t\t\n<style>\n#section_2087002350 {\n  padding-top: 30px;\n  padding-bottom: 30px;\n}\n<\/style>\n\t<\/section>\n\t\n\n\t<section class=\"section\" id=\"section_1344329180\">\n\t\t<div class=\"section-bg fill\" >\n\t\t\t\t\t\t\t\t\t\n\t\t\t\n\n\t\t<\/div>\n\n\t\t\n\n\t\t<div class=\"section-content relative\">\n\t\t\t\n<div class=\"row\"  id=\"row-829459813\">\n\n\t<div id=\"col-1082883760\" class=\"col small-12 large-12\"  >\n\t\t\t\t<div class=\"col-inner\"  >\n\t\t\t\n\t\t\t\n<h2 class=\"heading2\">STABILIT\u00c0 DEL COLORE<\/h2>\n<p>Alcuni colori della serie H di Cerakote hanno una \"Stabilit\u00e0 del colore (F\u00b0) Temperatura massima\" inferiore alla \"Stabilit\u00e0 del rivestimento (F\u00b0) Temperatura massima\".<\/p>\n<p>Stabilit\u00e0 del colore significa che a una certa temperatura i pigmenti all'interno del rivestimento saranno soggetti a variazioni di colore attraverso il processo di polimerizzazione termica.<\/p>\n<p>Questo effetto pu\u00f2 essere pi\u00f9 evidente con i colori pigmentati pi\u00f9 chiari, come il bianco, il giallo o l'arancione.<\/p>\n<p>Prima di polimerizzare il prossimo colore della serie H a pigmentazione pi\u00f9 chiara, consultare la \"Temperatura massima di stabilit\u00e0 del colore (F\u00b0)\" nelle schede tecniche della serie H (TDS), disponibili sul sito web di Cerakote, per determinare le temperature massime di polimerizzazione.<\/p>\n<p>Cerakote raccomanda di polimerizzare tutte le parti metalliche rivestite con la Serie H con il nostro ciclo di polimerizzazione standard a 250\u00b0F per 2 ore per garantire prestazioni adeguate in termini di durata ed estetica (lo scolorimento di qualsiasi rivestimento non si verificher\u00e0 a 250\u00b0F per 2 ore).<\/p>\n\t<div class=\"img has-hover x md-x lg-x y md-y lg-y\" id=\"image_1328615228\">\n\t\t\t\t\t\t\t\t<div class=\"img-inner dark\" >\n\t\t\t<img loading=\"lazy\" decoding=\"async\" width=\"2048\" height=\"887\" src=\"https:\/\/www.cerakotesa.com\/wp-content\/uploads\/2022\/08\/cerakoteknowledgebasearticleincorrectcuretimes-dt20220729165232549146.webp\" class=\"attachment-original size-original\" alt=\"\" srcset=\"https:\/\/www.cerakotesa.com\/wp-content\/uploads\/2022\/08\/cerakoteknowledgebasearticleincorrectcuretimes-dt20220729165232549146.webp 2048w, https:\/\/www.cerakotesa.com\/wp-content\/uploads\/2022\/08\/cerakoteknowledgebasearticleincorrectcuretimes-dt20220729165232549146-247x107.webp 247w, https:\/\/www.cerakotesa.com\/wp-content\/uploads\/2022\/08\/cerakoteknowledgebasearticleincorrectcuretimes-dt20220729165232549146-510x221.webp 510w, https:\/\/www.cerakotesa.com\/wp-content\/uploads\/2022\/08\/cerakoteknowledgebasearticleincorrectcuretimes-dt20220729165232549146-300x130.webp 300w, https:\/\/www.cerakotesa.com\/wp-content\/uploads\/2022\/08\/cerakoteknowledgebasearticleincorrectcuretimes-dt20220729165232549146-1024x444.webp 1024w, https:\/\/www.cerakotesa.com\/wp-content\/uploads\/2022\/08\/cerakoteknowledgebasearticleincorrectcuretimes-dt20220729165232549146-768x333.webp 768w, https:\/\/www.cerakotesa.com\/wp-content\/uploads\/2022\/08\/cerakoteknowledgebasearticleincorrectcuretimes-dt20220729165232549146-1536x665.webp 1536w\" sizes=\"auto, (max-width: 2048px) 100vw, 2048px\" \/>\t\t\t\t\t\t\n\t\t\t\t\t<\/div>\n\t\t\t\t\t\t\t\t\n<style>\n#image_1328615228 {\n  width: 100%;\n}\n<\/style>\n\t<\/div>\n\t\n<p>Tempi di polimerizzazione errati<\/p>\n\t\t<\/div>\n\t\t\t\t\t<\/div>\n\n\t\n<\/div>\n\t\t<\/div>\n\n\t\t\n<style>\n#section_1344329180 {\n  padding-top: 30px;\n  padding-bottom: 30px;\n}\n<\/style>\n\t<\/section>","protected":false},"excerpt":{"rendered":"","protected":false},"author":1,"featured_media":0,"parent":3966,"menu_order":0,"comment_status":"closed","ping_status":"closed","template":"","meta":{"_acf_changed":false,"footnotes":""},"class_list":["post-11167","page","type-page","status-publish","hentry"],"yoast_head":"<!-- This site is optimized with the Yoast SEO plugin v26.7 - https:\/\/yoast.com\/wordpress\/plugins\/seo\/ -->\n<title>Why Is My Coating Discolouring After the Cure Cycle? - Cerakote South Africa<\/title>\n<meta name=\"robots\" content=\"index, follow, max-snippet:-1, max-image-preview:large, max-video-preview:-1\" \/>\n<link rel=\"canonical\" href=\"https:\/\/www.cerakotesa.com\/it\/knowledge-base\/why-is-my-coating-discolouring\/\" \/>\n<meta property=\"og:locale\" content=\"it_IT\" \/>\n<meta property=\"og:type\" content=\"article\" \/>\n<meta property=\"og:title\" content=\"Why Is My Coating Discolouring After the Cure Cycle? - Cerakote South Africa\" \/>\n<meta property=\"og:url\" content=\"https:\/\/www.cerakotesa.com\/it\/knowledge-base\/why-is-my-coating-discolouring\/\" \/>\n<meta property=\"og:site_name\" content=\"Cerakote South Africa\" \/>\n<meta name=\"twitter:card\" content=\"summary_large_image\" \/>\n<meta name=\"twitter:label1\" content=\"Tempo di lettura stimato\" \/>\n\t<meta name=\"twitter:data1\" content=\"1 minuto\" \/>\n<script type=\"application\/ld+json\" class=\"yoast-schema-graph\">{\"@context\":\"https:\/\/schema.org\",\"@graph\":[{\"@type\":\"WebPage\",\"@id\":\"https:\/\/www.cerakotesa.com\/knowledge-base\/why-is-my-coating-discolouring\/\",\"url\":\"https:\/\/www.cerakotesa.com\/knowledge-base\/why-is-my-coating-discolouring\/\",\"name\":\"Why Is My Coating Discolouring After the Cure Cycle? - Cerakote South Africa\",\"isPartOf\":{\"@id\":\"https:\/\/www.cerakotesa.com\/#website\"},\"datePublished\":\"2022-08-11T14:58:38+00:00\",\"breadcrumb\":{\"@id\":\"https:\/\/www.cerakotesa.com\/knowledge-base\/why-is-my-coating-discolouring\/#breadcrumb\"},\"inLanguage\":\"it-IT\",\"potentialAction\":[{\"@type\":\"ReadAction\",\"target\":[\"https:\/\/www.cerakotesa.com\/knowledge-base\/why-is-my-coating-discolouring\/\"]}]},{\"@type\":\"BreadcrumbList\",\"@id\":\"https:\/\/www.cerakotesa.com\/knowledge-base\/why-is-my-coating-discolouring\/#breadcrumb\",\"itemListElement\":[{\"@type\":\"ListItem\",\"position\":1,\"name\":\"Home\",\"item\":\"https:\/\/www.cerakotesa.com\/\"},{\"@type\":\"ListItem\",\"position\":2,\"name\":\"Knowledge Base\",\"item\":\"https:\/\/www.cerakotesa.com\/knowledge-base\/\"},{\"@type\":\"ListItem\",\"position\":3,\"name\":\"Why Is My Coating Discolouring After the Cure Cycle?\"}]},{\"@type\":\"WebSite\",\"@id\":\"https:\/\/www.cerakotesa.com\/#website\",\"url\":\"https:\/\/www.cerakotesa.com\/\",\"name\":\"Cerakote South Africa\",\"description\":\"Cerakote is a global leader in the manufacturing of thin-film protective ceramic coatings\",\"potentialAction\":[{\"@type\":\"SearchAction\",\"target\":{\"@type\":\"EntryPoint\",\"urlTemplate\":\"https:\/\/www.cerakotesa.com\/?s={search_term_string}\"},\"query-input\":{\"@type\":\"PropertyValueSpecification\",\"valueRequired\":true,\"valueName\":\"search_term_string\"}}],\"inLanguage\":\"it-IT\"}]}<\/script>\n<!-- \/ Yoast SEO plugin. -->","yoast_head_json":{"title":"Why Is My Coating Discolouring After the Cure Cycle? - Cerakote South Africa","robots":{"index":"index","follow":"follow","max-snippet":"max-snippet:-1","max-image-preview":"max-image-preview:large","max-video-preview":"max-video-preview:-1"},"canonical":"https:\/\/www.cerakotesa.com\/it\/knowledge-base\/why-is-my-coating-discolouring\/","og_locale":"it_IT","og_type":"article","og_title":"Why Is My Coating Discolouring After the Cure Cycle? - Cerakote South Africa","og_url":"https:\/\/www.cerakotesa.com\/it\/knowledge-base\/why-is-my-coating-discolouring\/","og_site_name":"Cerakote South Africa","twitter_card":"summary_large_image","twitter_misc":{"Tempo di lettura stimato":"1 minuto"},"schema":{"@context":"https:\/\/schema.org","@graph":[{"@type":"WebPage","@id":"https:\/\/www.cerakotesa.com\/knowledge-base\/why-is-my-coating-discolouring\/","url":"https:\/\/www.cerakotesa.com\/knowledge-base\/why-is-my-coating-discolouring\/","name":"Why Is My Coating Discolouring After the Cure Cycle? - Cerakote South Africa","isPartOf":{"@id":"https:\/\/www.cerakotesa.com\/#website"},"datePublished":"2022-08-11T14:58:38+00:00","breadcrumb":{"@id":"https:\/\/www.cerakotesa.com\/knowledge-base\/why-is-my-coating-discolouring\/#breadcrumb"},"inLanguage":"it-IT","potentialAction":[{"@type":"ReadAction","target":["https:\/\/www.cerakotesa.com\/knowledge-base\/why-is-my-coating-discolouring\/"]}]},{"@type":"BreadcrumbList","@id":"https:\/\/www.cerakotesa.com\/knowledge-base\/why-is-my-coating-discolouring\/#breadcrumb","itemListElement":[{"@type":"ListItem","position":1,"name":"Home","item":"https:\/\/www.cerakotesa.com\/"},{"@type":"ListItem","position":2,"name":"Knowledge Base","item":"https:\/\/www.cerakotesa.com\/knowledge-base\/"},{"@type":"ListItem","position":3,"name":"Why Is My Coating Discolouring After the Cure Cycle?"}]},{"@type":"WebSite","@id":"https:\/\/www.cerakotesa.com\/#website","url":"https:\/\/www.cerakotesa.com\/","name":"Cerakote South Africa","description":"Cerakote \u00e8 leader mondiale nella produzione di rivestimenti ceramici protettivi a film sottile.","potentialAction":[{"@type":"SearchAction","target":{"@type":"EntryPoint","urlTemplate":"https:\/\/www.cerakotesa.com\/?s={search_term_string}"},"query-input":{"@type":"PropertyValueSpecification","valueRequired":true,"valueName":"search_term_string"}}],"inLanguage":"it-IT"}]}},"acf":[],"_links":{"self":[{"href":"https:\/\/www.cerakotesa.com\/it\/wp-json\/wp\/v2\/pages\/11167","targetHints":{"allow":["GET"]}}],"collection":[{"href":"https:\/\/www.cerakotesa.com\/it\/wp-json\/wp\/v2\/pages"}],"about":[{"href":"https:\/\/www.cerakotesa.com\/it\/wp-json\/wp\/v2\/types\/page"}],"author":[{"embeddable":true,"href":"https:\/\/www.cerakotesa.com\/it\/wp-json\/wp\/v2\/users\/1"}],"replies":[{"embeddable":true,"href":"https:\/\/www.cerakotesa.com\/it\/wp-json\/wp\/v2\/comments?post=11167"}],"version-history":[{"count":0,"href":"https:\/\/www.cerakotesa.com\/it\/wp-json\/wp\/v2\/pages\/11167\/revisions"}],"up":[{"embeddable":true,"href":"https:\/\/www.cerakotesa.com\/it\/wp-json\/wp\/v2\/pages\/3966"}],"wp:attachment":[{"href":"https:\/\/www.cerakotesa.com\/it\/wp-json\/wp\/v2\/media?parent=11167"}],"curies":[{"name":"wp","href":"https:\/\/api.w.org\/{rel}","templated":true}]}}