{"id":11175,"date":"2022-08-11T16:09:04","date_gmt":"2022-08-11T15:09:04","guid":{"rendered":"https:\/\/www.cerakote.co.uk\/?page_id=11175"},"modified":"2022-08-11T16:09:04","modified_gmt":"2022-08-11T15:09:04","slug":"how-to-prep-a-chrome","status":"publish","type":"page","link":"https:\/\/www.cerakotesa.com\/it\/knowledge-base\/how-to-prep-a-chrome\/","title":{"rendered":"Come preparare una superficie cromata"},"content":{"rendered":"<section class=\"section\" id=\"section_421366544\">\n\t\t<div class=\"section-bg fill\" >\n\t\t\t\t\t\t\t\t\t\n\t\t\t\n\n\t\t<\/div>\n\n\t\t\n\n\t\t<div class=\"section-content relative\">\n\t\t\t\n<div class=\"row\"  id=\"row-1582530296\">\n\n\t<div id=\"col-264731518\" class=\"col small-12 large-12\"  >\n\t\t\t\t<div class=\"col-inner\"  >\n\t\t\t\n\t\t\t\n<h2 class=\"uppercase\">Come preparare una superficie cromata<\/h2>\n\t\t<\/div>\n\t\t\t\t\t<\/div>\n\n\t\n<\/div>\n<div class=\"row\"  id=\"row-6215137\">\n\n\t<div id=\"col-507244132\" class=\"col small-12 large-12\"  >\n\t\t\t\t<div class=\"col-inner\"  >\n\t\t\t\n\t\t\t\n<h2 class=\"heading2\">UNA SUPERFICIE PERFETTA PER LA CERAKOTE<\/h2>\n<p>1TP229La sabbiatura di una finitura esistente fino al substrato nudo \u00e8 una fase importante e necessaria per la maggior parte delle applicazioni Cerakote. Alcune finiture, tuttavia, sono pi\u00f9 difficili da rimuovere con i mezzi di sabbiatura per ottenere un profilo superficiale adeguato. Una cromatura dura di qualit\u00e0 \u00e8 un esempio di finitura che non si rimuove facilmente o rapidamente. Fortunatamente, non \u00e8 necessario rimuovere completamente la cromatura dura per far aderire meccanicamente il Cerakote. Una finitura cromata dura di qualit\u00e0 \u00e8 una superficie perfetta per l'applicazione di Cerakote.<\/p>\n\t<div class=\"img has-hover x md-x lg-x y md-y lg-y\" id=\"image_238038084\">\n\t\t\t\t\t\t\t\t<div class=\"img-inner dark\" >\n\t\t\t<img loading=\"lazy\" decoding=\"async\" width=\"1200\" height=\"579\" src=\"https:\/\/www.cerakotesa.com\/wp-content\/uploads\/2022\/08\/etchedchrome-dt20220208173951042928.webp\" class=\"attachment-original size-original\" alt=\"\" srcset=\"https:\/\/www.cerakotesa.com\/wp-content\/uploads\/2022\/08\/etchedchrome-dt20220208173951042928.webp 1200w, https:\/\/www.cerakotesa.com\/wp-content\/uploads\/2022\/08\/etchedchrome-dt20220208173951042928-247x119.webp 247w, https:\/\/www.cerakotesa.com\/wp-content\/uploads\/2022\/08\/etchedchrome-dt20220208173951042928-510x246.webp 510w, https:\/\/www.cerakotesa.com\/wp-content\/uploads\/2022\/08\/etchedchrome-dt20220208173951042928-300x145.webp 300w, https:\/\/www.cerakotesa.com\/wp-content\/uploads\/2022\/08\/etchedchrome-dt20220208173951042928-1024x494.webp 1024w, https:\/\/www.cerakotesa.com\/wp-content\/uploads\/2022\/08\/etchedchrome-dt20220208173951042928-768x371.webp 768w\" sizes=\"auto, (max-width: 1200px) 100vw, 1200px\" \/>\t\t\t\t\t\t\n\t\t\t\t\t<\/div>\n\t\t\t\t\t\t\t\t\n<style>\n#image_238038084 {\n  width: 100%;\n}\n<\/style>\n\t<\/div>\n\t\n\t<div id=\"gap-1387752296\" class=\"gap-element clearfix\" style=\"display:block; height:auto;\">\n\t\t\n<style>\n#gap-1387752296 {\n  padding-top: 30px;\n}\n<\/style>\n\t<\/div>\n\t\n<h2 class=\"heading2\">L'ETCH-BLASTING<\/h2>\n<p>Invece di spendere tempo prezioso per sabbiare completamente la cromatura dura dal substrato, la sabbiatura ad acqua \u00e8 sufficiente per ottenere l'adesione meccanica di un profilo sulla superficie cromata. La sabbiatura ad acqua si ottiene impostando la pressione dell'aria della cabina di sabbiatura a 30-40 psi, pressione di esercizio. Durante la sabbiatura, muoversi rapidamente e uniformemente sul pezzo \"opacizzando\" la finitura cromata. Ripetere l'operazione fino a quando l'intero pezzo non presenta un profilo inciso uniforme e nessun \"punto lucido\".<br \/>\nSe la finitura originale non \u00e8 un vero cromo duro, ma un cromo decorativo, la placcatura si sfalda e deve essere rimossa completamente. Questa stessa regola si applica anche all'anodizzazione dura, rendendo la sabbiatura ad acqua la soluzione pi\u00f9 efficace.<\/p>\n<p><strong>La resistenza del Cerakote \u00e8 pari a quella del substrato su cui viene applicato.<\/strong><\/p>\n<p>L'applicazione di Cerakote su una finitura che non \u00e8 ben aderente al metallo di base far\u00e0 s\u00ec che il Cerakote si stacchi come la finitura originale.<\/p>\n\t\t<\/div>\n\t\t\t\t\t<\/div>\n\n\t\n<\/div>\n\t\t<\/div>\n\n\t\t\n<style>\n#section_421366544 {\n  padding-top: 30px;\n  padding-bottom: 30px;\n}\n<\/style>\n\t<\/section>","protected":false},"excerpt":{"rendered":"","protected":false},"author":1,"featured_media":0,"parent":3966,"menu_order":0,"comment_status":"closed","ping_status":"closed","template":"","meta":{"_acf_changed":false,"footnotes":""},"class_list":["post-11175","page","type-page","status-publish","hentry"],"yoast_head":"<!-- This site is optimized with the Yoast SEO plugin v26.7 - https:\/\/yoast.com\/wordpress\/plugins\/seo\/ -->\n<title>How to Prep A Chrome Plated Surface - Cerakote South Africa<\/title>\n<meta name=\"robots\" content=\"index, follow, max-snippet:-1, max-image-preview:large, max-video-preview:-1\" \/>\n<link rel=\"canonical\" href=\"https:\/\/www.cerakotesa.com\/it\/knowledge-base\/how-to-prep-a-chrome\/\" \/>\n<meta property=\"og:locale\" content=\"it_IT\" \/>\n<meta property=\"og:type\" content=\"article\" \/>\n<meta property=\"og:title\" content=\"How to Prep A Chrome Plated Surface - Cerakote South Africa\" \/>\n<meta property=\"og:url\" content=\"https:\/\/www.cerakotesa.com\/it\/knowledge-base\/how-to-prep-a-chrome\/\" \/>\n<meta property=\"og:site_name\" content=\"Cerakote South Africa\" \/>\n<meta name=\"twitter:card\" content=\"summary_large_image\" \/>\n<meta name=\"twitter:label1\" content=\"Tempo di lettura stimato\" \/>\n\t<meta name=\"twitter:data1\" content=\"2 minuti\" \/>\n<script type=\"application\/ld+json\" class=\"yoast-schema-graph\">{\"@context\":\"https:\/\/schema.org\",\"@graph\":[{\"@type\":\"WebPage\",\"@id\":\"https:\/\/www.cerakotesa.com\/knowledge-base\/how-to-prep-a-chrome\/\",\"url\":\"https:\/\/www.cerakotesa.com\/knowledge-base\/how-to-prep-a-chrome\/\",\"name\":\"How to Prep A Chrome Plated Surface - Cerakote South Africa\",\"isPartOf\":{\"@id\":\"https:\/\/www.cerakotesa.com\/#website\"},\"datePublished\":\"2022-08-11T15:09:04+00:00\",\"breadcrumb\":{\"@id\":\"https:\/\/www.cerakotesa.com\/knowledge-base\/how-to-prep-a-chrome\/#breadcrumb\"},\"inLanguage\":\"it-IT\",\"potentialAction\":[{\"@type\":\"ReadAction\",\"target\":[\"https:\/\/www.cerakotesa.com\/knowledge-base\/how-to-prep-a-chrome\/\"]}]},{\"@type\":\"BreadcrumbList\",\"@id\":\"https:\/\/www.cerakotesa.com\/knowledge-base\/how-to-prep-a-chrome\/#breadcrumb\",\"itemListElement\":[{\"@type\":\"ListItem\",\"position\":1,\"name\":\"Home\",\"item\":\"https:\/\/www.cerakotesa.com\/\"},{\"@type\":\"ListItem\",\"position\":2,\"name\":\"Knowledge Base\",\"item\":\"https:\/\/www.cerakotesa.com\/knowledge-base\/\"},{\"@type\":\"ListItem\",\"position\":3,\"name\":\"How to Prep A Chrome Plated Surface\"}]},{\"@type\":\"WebSite\",\"@id\":\"https:\/\/www.cerakotesa.com\/#website\",\"url\":\"https:\/\/www.cerakotesa.com\/\",\"name\":\"Cerakote South Africa\",\"description\":\"Cerakote is a global leader in the manufacturing of thin-film protective ceramic coatings\",\"potentialAction\":[{\"@type\":\"SearchAction\",\"target\":{\"@type\":\"EntryPoint\",\"urlTemplate\":\"https:\/\/www.cerakotesa.com\/?s={search_term_string}\"},\"query-input\":{\"@type\":\"PropertyValueSpecification\",\"valueRequired\":true,\"valueName\":\"search_term_string\"}}],\"inLanguage\":\"it-IT\"}]}<\/script>\n<!-- \/ Yoast SEO plugin. -->","yoast_head_json":{"title":"How to Prep A Chrome Plated Surface - Cerakote South Africa","robots":{"index":"index","follow":"follow","max-snippet":"max-snippet:-1","max-image-preview":"max-image-preview:large","max-video-preview":"max-video-preview:-1"},"canonical":"https:\/\/www.cerakotesa.com\/it\/knowledge-base\/how-to-prep-a-chrome\/","og_locale":"it_IT","og_type":"article","og_title":"How to Prep A Chrome Plated Surface - Cerakote South Africa","og_url":"https:\/\/www.cerakotesa.com\/it\/knowledge-base\/how-to-prep-a-chrome\/","og_site_name":"Cerakote South Africa","twitter_card":"summary_large_image","twitter_misc":{"Tempo di lettura stimato":"2 minuti"},"schema":{"@context":"https:\/\/schema.org","@graph":[{"@type":"WebPage","@id":"https:\/\/www.cerakotesa.com\/knowledge-base\/how-to-prep-a-chrome\/","url":"https:\/\/www.cerakotesa.com\/knowledge-base\/how-to-prep-a-chrome\/","name":"How to Prep A Chrome Plated Surface - Cerakote South Africa","isPartOf":{"@id":"https:\/\/www.cerakotesa.com\/#website"},"datePublished":"2022-08-11T15:09:04+00:00","breadcrumb":{"@id":"https:\/\/www.cerakotesa.com\/knowledge-base\/how-to-prep-a-chrome\/#breadcrumb"},"inLanguage":"it-IT","potentialAction":[{"@type":"ReadAction","target":["https:\/\/www.cerakotesa.com\/knowledge-base\/how-to-prep-a-chrome\/"]}]},{"@type":"BreadcrumbList","@id":"https:\/\/www.cerakotesa.com\/knowledge-base\/how-to-prep-a-chrome\/#breadcrumb","itemListElement":[{"@type":"ListItem","position":1,"name":"Home","item":"https:\/\/www.cerakotesa.com\/"},{"@type":"ListItem","position":2,"name":"Knowledge Base","item":"https:\/\/www.cerakotesa.com\/knowledge-base\/"},{"@type":"ListItem","position":3,"name":"How to Prep A Chrome Plated Surface"}]},{"@type":"WebSite","@id":"https:\/\/www.cerakotesa.com\/#website","url":"https:\/\/www.cerakotesa.com\/","name":"Cerakote South Africa","description":"Cerakote \u00e8 leader mondiale nella produzione di rivestimenti ceramici protettivi a film sottile.","potentialAction":[{"@type":"SearchAction","target":{"@type":"EntryPoint","urlTemplate":"https:\/\/www.cerakotesa.com\/?s={search_term_string}"},"query-input":{"@type":"PropertyValueSpecification","valueRequired":true,"valueName":"search_term_string"}}],"inLanguage":"it-IT"}]}},"acf":[],"_links":{"self":[{"href":"https:\/\/www.cerakotesa.com\/it\/wp-json\/wp\/v2\/pages\/11175","targetHints":{"allow":["GET"]}}],"collection":[{"href":"https:\/\/www.cerakotesa.com\/it\/wp-json\/wp\/v2\/pages"}],"about":[{"href":"https:\/\/www.cerakotesa.com\/it\/wp-json\/wp\/v2\/types\/page"}],"author":[{"embeddable":true,"href":"https:\/\/www.cerakotesa.com\/it\/wp-json\/wp\/v2\/users\/1"}],"replies":[{"embeddable":true,"href":"https:\/\/www.cerakotesa.com\/it\/wp-json\/wp\/v2\/comments?post=11175"}],"version-history":[{"count":0,"href":"https:\/\/www.cerakotesa.com\/it\/wp-json\/wp\/v2\/pages\/11175\/revisions"}],"up":[{"embeddable":true,"href":"https:\/\/www.cerakotesa.com\/it\/wp-json\/wp\/v2\/pages\/3966"}],"wp:attachment":[{"href":"https:\/\/www.cerakotesa.com\/it\/wp-json\/wp\/v2\/media?parent=11175"}],"curies":[{"name":"wp","href":"https:\/\/api.w.org\/{rel}","templated":true}]}}