{"id":17135,"date":"2024-04-01T15:40:44","date_gmt":"2024-04-01T15:40:44","guid":{"rendered":"https:\/\/www.cerakotesa.com\/?page_id=17135"},"modified":"2024-04-01T16:03:39","modified_gmt":"2024-04-01T16:03:39","slug":"performance-driven-industrial-coating-solutions","status":"publish","type":"page","link":"https:\/\/www.cerakotesa.com\/it\/cerakote-industries\/performance-driven-industrial-coating-solutions\/","title":{"rendered":"Soluzioni di rivestimento industriale orientate alle prestazioni"},"content":{"rendered":"<div class=\"banner has-hover\" id=\"banner-2110611866\">\n          <div class=\"banner-inner fill\">\n        <div class=\"banner-bg fill\" >\n            <img loading=\"lazy\" decoding=\"async\" width=\"1020\" height=\"349\" src=\"https:\/\/www.cerakotesa.com\/wp-content\/uploads\/2024\/04\/performance-driven-industrial-coating-solutions-1170x400-header-dt20240110181117482714-1024x350.webp\" class=\"bg attachment-large size-large\" alt=\"\" \/>                        <div class=\"overlay\"><\/div>            \n                    <\/div>\n\t\t\n        <div class=\"banner-layers container\">\n            <div class=\"fill banner-link\"><\/div>            \n\n   <div id=\"text-box-465308728\" class=\"text-box banner-layer x50 md-x50 lg-x50 y50 md-y50 lg-y50 res-text\">\n                                <div class=\"text-box-content text dark\">\n              \n              <div class=\"text-inner text-center\">\n                  \n\n<h1>SOLUZIONI DI RIVESTIMENTO INDUSTRIALE ORIENTATE ALLE PRESTAZIONI<\/h1>\n<p class=\"lead\"><span style=\"color:#FFFFFF; font-size: 18px\">Le prestazioni di Cerakote non sono solo il nostro obiettivo: sono la nostra garanzia.<\/p>\n\n\n              <\/div>\n           <\/div>\n                            \n<style>\n#text-box-465308728 .text-box-content {\n  background-color: rgba(0, 0, 0, 0.75);\n  font-size: 100%;\n}\n#text-box-465308728 {\n  width: 60%;\n}\n<\/style>\n    <\/div>\n \n\n        <\/div>\n      <\/div>\n\n            \n<style>\n#banner-2110611866 {\n  padding-top: 500px;\n}\n#banner-2110611866 .overlay {\n  background-color: rgba(0, 0, 0, 0.17);\n}\n<\/style>\n  <\/div>\n\n\n\n\t<section class=\"section\" id=\"section_758347078\">\n\t\t<div class=\"section-bg fill\" >\n\t\t\t\t\t\t\t\t\t\n\t\t\t\n\n\t\t<\/div>\n\n\t\t\n\n\t\t<div class=\"section-content relative\">\n\t\t\t\n\n<div class=\"row\"  id=\"row-848932504\">\n\n\n\t<div id=\"col-796086656\" class=\"col small-12 large-12\"  >\n\t\t\t\t<div class=\"col-inner\"  >\n\t\t\t\n\t\t\t\n\n<div class=\"row\">\n<p>Sappiamo che nel settore dei rivestimenti industriali le prestazioni non sono un optional, ma una necessit\u00e0 assoluta. Cerakote si dedica allo sviluppo di rivestimenti che non solo soddisfano, ma superano le esigenze delle applicazioni pi\u00f9 difficili del settore.<\/p>\n<\/div>\n<div class=\"row\">\n<h2><span style=\"color: #f69422;\">IL NOSTRO IMPEGNO PER LA PERFORMANCE<\/h2>\n<p>La nostra missione \u00e8 fornire rivestimenti industriali che superino costantemente la concorrenza. Ecco cosa ci distingue:<\/p>\n<p><strong>Tecnologia all'avanguardia:<\/strong>\u00a0i nostri rivestimenti sono formulati in modo esclusivo utilizzando i pi\u00f9 recenti progressi nella scienza dei materiali ceramici e nella tecnologia dei polimeri. Questo garantisce prestazioni superiori, come durata, resistenza alla corrosione e longevit\u00e0.<\/p>\n<p><strong>Soluzioni funzionali:<\/strong>\u00a0sappiamo che ogni applicazione industriale \u00e8 unica. Ecco perch\u00e9 produciamo rivestimenti funzionali su misura per le vostre esigenze specifiche. Che si tratti di macchinari pesanti, condutture o infrastrutture critiche, vi copriamo noi.<\/p>\n<p><strong>Risultati comprovati:<\/strong>\u00a0I nostri rivestimenti hanno un'esperienza di successo in un'ampia gamma di settori. I nostri clienti soddisfatti riferiscono costantemente di una maggiore durata delle apparecchiature, di una riduzione dei costi di manutenzione e di un miglioramento delle prestazioni generali.<\/p>\n<\/div>\n\n\t<div class=\"img has-hover x md-x lg-x y md-y lg-y\" id=\"image_1209289657\">\n\t\t\t\t\t\t\t\t<div class=\"img-inner dark\" >\n\t\t\t<img loading=\"lazy\" decoding=\"async\" width=\"1020\" height=\"349\" src=\"https:\/\/www.cerakotesa.com\/wp-content\/uploads\/2024\/04\/body4-dt20240110181118490379-1024x350.webp\" class=\"attachment-large size-large\" alt=\"\" srcset=\"https:\/\/www.cerakotesa.com\/wp-content\/uploads\/2024\/04\/body4-dt20240110181118490379-1024x350.webp 1024w, https:\/\/www.cerakotesa.com\/wp-content\/uploads\/2024\/04\/body4-dt20240110181118490379-300x103.webp 300w, https:\/\/www.cerakotesa.com\/wp-content\/uploads\/2024\/04\/body4-dt20240110181118490379-768x263.webp 768w, https:\/\/www.cerakotesa.com\/wp-content\/uploads\/2024\/04\/body4-dt20240110181118490379-1536x525.webp 1536w, https:\/\/www.cerakotesa.com\/wp-content\/uploads\/2024\/04\/body4-dt20240110181118490379-18x6.webp 18w, https:\/\/www.cerakotesa.com\/wp-content\/uploads\/2024\/04\/body4-dt20240110181118490379-32x11.webp 32w, https:\/\/www.cerakotesa.com\/wp-content\/uploads\/2024\/04\/body4-dt20240110181118490379-31x11.webp 31w, https:\/\/www.cerakotesa.com\/wp-content\/uploads\/2024\/04\/body4-dt20240110181118490379-247x84.webp 247w, https:\/\/www.cerakotesa.com\/wp-content\/uploads\/2024\/04\/body4-dt20240110181118490379-510x174.webp 510w, https:\/\/www.cerakotesa.com\/wp-content\/uploads\/2024\/04\/body4-dt20240110181118490379.webp 2048w\" sizes=\"auto, (max-width: 1020px) 100vw, 1020px\" \/>\t\t\t\t\t\t\n\t\t\t\t\t<\/div>\n\t\t\t\t\t\t\t\t\n<style>\n#image_1209289657 {\n  width: 100%;\n}\n<\/style>\n\t<\/div>\n\t\n\n<h2><span style=\"color: #f69422;\">PRESTAZIONI CHIAVE<\/h2>\n\n\n\t\t<\/div>\n\t\t\t\t\t<\/div>\n\n\t\n\n<\/div>\n<div class=\"row\"  id=\"row-2135969191\">\n\n\n\t<div id=\"col-23389186\" class=\"col medium-4 small-12 large-4\"  >\n\t\t\t\t<div class=\"col-inner\"  >\n\t\t\t\n\t\t\t\n\n<h4>DURATA ECCEZIONALE<\/h4>\n<p>I nostri rivestimenti industriali sono progettati per resistere alle condizioni pi\u00f9 difficili, garantendo un'usura pi\u00f9 lunga, un impatto migliore e una maggiore resistenza all'abrasione.<\/p>\n\n\t\t<\/div>\n\t\t\t\t\t<\/div>\n\n\t\n\n\t<div id=\"col-539314314\" class=\"col medium-4 small-12 large-4\"  >\n\t\t\t\t<div class=\"col-inner\"  >\n\t\t\t\n\t\t\t\n\n<h4>RESISTENZA ALLA CORROSIONE<\/h4>\n<p>Non lasciamo che la corrosione intacchi i vostri investimenti. I nostri rivestimenti offrono una protezione leader nel settore contro la ruggine e altri elementi corrosivi.<\/p>\n\n\t\t<\/div>\n\t\t\t\t\t<\/div>\n\n\t\n\n\t<div id=\"col-644266343\" class=\"col medium-4 small-12 large-4\"  >\n\t\t\t\t<div class=\"col-inner\"  >\n\t\t\t\n\t\t\t\n\n<h4>RESISTENZA CHIMICA<\/h4>\n<p>Le sostanze chimiche aggressive non possono competere con i nostri rivestimenti. Resistono anche alle sostanze pi\u00f9 aggressive, mantenendo i vostri beni al sicuro.<\/p>\n\n\t\t<\/div>\n\t\t\t\t\t<\/div>\n\n\t\n\n<\/div>\n<div class=\"row\"  id=\"row-1451722386\">\n\n\n\t<div id=\"col-861524888\" class=\"col medium-4 small-12 large-4\"  >\n\t\t\t\t<div class=\"col-inner\"  >\n\t\t\t\n\t\t\t\n\n<h4>APPLICAZIONE DIRETTA AL SUBSTRATO<\/h4>\n<p>I nostri rivestimenti industriali sono progettati per resistere alle condizioni pi\u00f9 difficili, assicurando che le vostre apparecchiature rimangano protette e funzionanti pi\u00f9 a lungo.<\/p>\n\n\t\t<\/div>\n\t\t\t\t\t<\/div>\n\n\t\n\n\t<div id=\"col-2017982601\" class=\"col medium-4 small-12 large-4\"  >\n\t\t\t\t<div class=\"col-inner\"  >\n\t\t\t\n\t\t\t\n\n<h4>RIVESTIMENTI A FILM SOTTILE<\/h4>\n<p>Il design a film sottile di Cerakote consente la massima protezione dalla corrosione su superfici con tolleranze ridotte.<\/p>\n\n\t\t<\/div>\n\t\t\t\t\t<\/div>\n\n\t\n\n\t<div id=\"col-2093390128\" class=\"col medium-4 small-12 large-4\"  >\n\t\t\t\t<div class=\"col-inner\"  >\n\t\t\t\n\t\t\t\n\n<h4>STABILIT\u00c0 ALLE ALTE TEMPERATURE<\/h4>\n<p>Che si tratti di caldo o freddo estremo, i nostri rivestimenti mantengono la loro integrit\u00e0, assicurando prestazioni costanti in qualsiasi ambiente.<\/p>\n\n\t\t<\/div>\n\t\t\t\t\t<\/div>\n\n\t\n\n<\/div>\n<div class=\"row\"  id=\"row-843134860\">\n\n\n\t<div id=\"col-1290413408\" class=\"col medium-4 small-12 large-4\"  >\n\t\t\t\t<div class=\"col-inner\"  >\n\t\t\t\n\t\t\t\n\n<h4>IDROFOBO E OLEOFOBO<\/h4>\n<p>Finiture resistenti all'acqua e all'olio, ideali per qualsiasi superficie di Classe A.<\/p>\n\n\t\t<\/div>\n\t\t\t\t\t<\/div>\n\n\t\n\n\t<div id=\"col-1959493776\" class=\"col medium-4 small-12 large-4\"  >\n\t\t\t\t<div class=\"col-inner\"  >\n\t\t\t\n\t\t\t\n\n<h4>BASSO COEFFICIENTE DI ATTRITO<\/h4>\n<p>Rivestimenti lucidi e antiaderenti in grado di competere con il Teflon\u00ae e altri lubrificanti a film secco, oltre a garantire una resistenza superiore alla corrosione.<\/p>\n\n\t\t<\/div>\n\t\t\t\t\t<\/div>\n\n\t\n\n\t<div id=\"col-1591305172\" class=\"col medium-4 small-12 large-4\"  >\n\t\t\t\t<div class=\"col-inner\"  >\n\t\t\t\n\t\t\t\n\n<h4>SOLUZIONI PERSONALIZZATE<\/h4>\n<p>Lavoriamo a stretto contatto con voi per comprendere le vostre esigenze specifiche e fornire rivestimenti su misura che soddisfino le vostre specifiche di prestazione.<\/p>\n\n\t\t<\/div>\n\t\t\t\t\t<\/div>\n\n\t\n\n<\/div>\n<div class=\"row\"  id=\"row-651870310\">\n\n\n\t<div id=\"col-1246289957\" class=\"col small-12 large-12\"  >\n\t\t\t\t<div class=\"col-inner\"  >\n\t\t\t\n\t\t\t\n\n\t<div class=\"img has-hover x md-x lg-x y md-y lg-y\" id=\"image_21790056\">\n\t\t\t\t\t\t\t\t<div class=\"img-inner dark\" >\n\t\t\t<img loading=\"lazy\" decoding=\"async\" width=\"1020\" height=\"349\" src=\"https:\/\/www.cerakotesa.com\/wp-content\/uploads\/2024\/04\/oil-gasvalves1170x400-dt20210203184929826-1024x350.webp\" class=\"attachment-large size-large\" alt=\"\" srcset=\"https:\/\/www.cerakotesa.com\/wp-content\/uploads\/2024\/04\/oil-gasvalves1170x400-dt20210203184929826-1024x350.webp 1024w, https:\/\/www.cerakotesa.com\/wp-content\/uploads\/2024\/04\/oil-gasvalves1170x400-dt20210203184929826-300x103.webp 300w, https:\/\/www.cerakotesa.com\/wp-content\/uploads\/2024\/04\/oil-gasvalves1170x400-dt20210203184929826-768x263.webp 768w, https:\/\/www.cerakotesa.com\/wp-content\/uploads\/2024\/04\/oil-gasvalves1170x400-dt20210203184929826-18x6.webp 18w, https:\/\/www.cerakotesa.com\/wp-content\/uploads\/2024\/04\/oil-gasvalves1170x400-dt20210203184929826-32x11.webp 32w, https:\/\/www.cerakotesa.com\/wp-content\/uploads\/2024\/04\/oil-gasvalves1170x400-dt20210203184929826-31x11.webp 31w, https:\/\/www.cerakotesa.com\/wp-content\/uploads\/2024\/04\/oil-gasvalves1170x400-dt20210203184929826-247x84.webp 247w, https:\/\/www.cerakotesa.com\/wp-content\/uploads\/2024\/04\/oil-gasvalves1170x400-dt20210203184929826-510x174.webp 510w, https:\/\/www.cerakotesa.com\/wp-content\/uploads\/2024\/04\/oil-gasvalves1170x400-dt20210203184929826.webp 1170w\" sizes=\"auto, (max-width: 1020px) 100vw, 1020px\" \/>\t\t\t\t\t\t\n\t\t\t\t\t<\/div>\n\t\t\t\t\t\t\t\t\n<style>\n#image_21790056 {\n  width: 100%;\n}\n<\/style>\n\t<\/div>\n\t\n\n\n\t\t<\/div>\n\t\t\t\t\t<\/div>\n\n\t\n\n<\/div>\n<div class=\"row\"  id=\"row-337688206\">\n\n\n\t<div id=\"col-1661950671\" class=\"col small-12 large-12\"  >\n\t\t\t\t<div class=\"col-inner\"  >\n\t\t\t\n\t\t\t\n\n<h2><span style=\"color: #f69422;\">CONSIDERAZIONI AMBIENTALI<\/h2>\n<ul>\n<li><strong>Rivestimenti conformi alle norme VOC:<\/strong>\u00a0I nostri rivestimenti sono conformi ai VOC in tutti i 50 stati.<\/li>\n<li><strong>Rivestimenti conformi a REACH\/RoHS:<\/strong>\u00a0Cerakote soddisfa gli standard normativi per i clienti dell'Unione Europea.<\/li>\n<li><strong>Minerali di conflitto:<\/strong>\u00a0Non utilizziamo \"minerali di conflitto\" nei nostri prodotti.<\/li>\n<li><strong>Senza piombo e metalli pesanti:<\/strong>\u00a0I nostri rivestimenti non contengono metalli pesanti come piombo, cobalto o cromo esavalente.<\/li>\n<\/ul>\n\n<div class=\"row\"  id=\"row-1880121356\">\n\n\n\t<div id=\"col-407358938\" class=\"col medium-6 small-12 large-6\"  >\n\t\t\t\t<div class=\"col-inner\"  >\n\t\t\t\n\t\t\t\n\n\t<div class=\"img has-hover x md-x lg-x y md-y lg-y\" id=\"image_34212161\">\n\t\t\t\t\t\t\t\t<div class=\"img-inner dark\" >\n\t\t\t<img loading=\"lazy\" decoding=\"async\" width=\"530\" height=\"530\" src=\"https:\/\/www.cerakotesa.com\/wp-content\/uploads\/2024\/04\/0000body2-dt20240110181119504986.webp\" class=\"attachment-large size-large\" alt=\"\" srcset=\"https:\/\/www.cerakotesa.com\/wp-content\/uploads\/2024\/04\/0000body2-dt20240110181119504986.webp 530w, https:\/\/www.cerakotesa.com\/wp-content\/uploads\/2024\/04\/0000body2-dt20240110181119504986-300x300.webp 300w, https:\/\/www.cerakotesa.com\/wp-content\/uploads\/2024\/04\/0000body2-dt20240110181119504986-150x150.webp 150w, https:\/\/www.cerakotesa.com\/wp-content\/uploads\/2024\/04\/0000body2-dt20240110181119504986-12x12.webp 12w, https:\/\/www.cerakotesa.com\/wp-content\/uploads\/2024\/04\/0000body2-dt20240110181119504986-32x32.webp 32w, https:\/\/www.cerakotesa.com\/wp-content\/uploads\/2024\/04\/0000body2-dt20240110181119504986-80x80.webp 80w, https:\/\/www.cerakotesa.com\/wp-content\/uploads\/2024\/04\/0000body2-dt20240110181119504986-27x27.webp 27w, https:\/\/www.cerakotesa.com\/wp-content\/uploads\/2024\/04\/0000body2-dt20240110181119504986-247x247.webp 247w, https:\/\/www.cerakotesa.com\/wp-content\/uploads\/2024\/04\/0000body2-dt20240110181119504986-510x510.webp 510w, https:\/\/www.cerakotesa.com\/wp-content\/uploads\/2024\/04\/0000body2-dt20240110181119504986-100x100.webp 100w\" sizes=\"auto, (max-width: 530px) 100vw, 530px\" \/>\t\t\t\t\t\t\n\t\t\t\t\t<\/div>\n\t\t\t\t\t\t\t\t\n<style>\n#image_34212161 {\n  width: 100%;\n}\n<\/style>\n\t<\/div>\n\t\n\n\n\t\t<\/div>\n\t\t\t\t\t<\/div>\n\n\t\n\n\t<div id=\"col-963046735\" class=\"col medium-6 small-12 large-6\"  >\n\t\t\t\t<div class=\"col-inner\"  >\n\t\t\t\n\t\t\t\n\n\t<div class=\"img has-hover x md-x lg-x y md-y lg-y\" id=\"image_1782253928\">\n\t\t\t\t\t\t\t\t<div class=\"img-inner dark\" >\n\t\t\t<img loading=\"lazy\" decoding=\"async\" width=\"530\" height=\"530\" src=\"https:\/\/www.cerakotesa.com\/wp-content\/uploads\/2024\/04\/0001body1-dt20240110181116800824.webp\" class=\"attachment-large size-large\" alt=\"\" srcset=\"https:\/\/www.cerakotesa.com\/wp-content\/uploads\/2024\/04\/0001body1-dt20240110181116800824.webp 530w, https:\/\/www.cerakotesa.com\/wp-content\/uploads\/2024\/04\/0001body1-dt20240110181116800824-300x300.webp 300w, https:\/\/www.cerakotesa.com\/wp-content\/uploads\/2024\/04\/0001body1-dt20240110181116800824-150x150.webp 150w, https:\/\/www.cerakotesa.com\/wp-content\/uploads\/2024\/04\/0001body1-dt20240110181116800824-12x12.webp 12w, https:\/\/www.cerakotesa.com\/wp-content\/uploads\/2024\/04\/0001body1-dt20240110181116800824-32x32.webp 32w, https:\/\/www.cerakotesa.com\/wp-content\/uploads\/2024\/04\/0001body1-dt20240110181116800824-80x80.webp 80w, https:\/\/www.cerakotesa.com\/wp-content\/uploads\/2024\/04\/0001body1-dt20240110181116800824-27x27.webp 27w, https:\/\/www.cerakotesa.com\/wp-content\/uploads\/2024\/04\/0001body1-dt20240110181116800824-247x247.webp 247w, https:\/\/www.cerakotesa.com\/wp-content\/uploads\/2024\/04\/0001body1-dt20240110181116800824-510x510.webp 510w, https:\/\/www.cerakotesa.com\/wp-content\/uploads\/2024\/04\/0001body1-dt20240110181116800824-100x100.webp 100w\" sizes=\"auto, (max-width: 530px) 100vw, 530px\" \/>\t\t\t\t\t\t\n\t\t\t\t\t<\/div>\n\t\t\t\t\t\t\t\t\n<style>\n#image_1782253928 {\n  width: 100%;\n}\n<\/style>\n\t<\/div>\n\t\n\n\n\t\t<\/div>\n\t\t\t\t\t<\/div>\n\n\t\n\n<\/div>\n<div class=\"row\"  id=\"row-706054499\">\n\n\n\t<div id=\"col-1801970075\" class=\"col small-12 large-12\"  >\n\t\t\t\t<div class=\"col-inner\"  >\n\t\t\t\n\t\t\t\n\n<h2><span style=\"color: #f69422;\">IL CERAKOTE \u00c8 UN'ALTERNATIVA PER<\/h2>\n\n<div class=\"row\"  id=\"row-1480988696\">\n\n\n\t<div id=\"col-973259032\" class=\"col medium-4 small-12 large-4\"  >\n\t\t\t\t<div class=\"col-inner\"  >\n\t\t\t\n\t\t\t\n\n<ul>\n<li>Anodizzazione<\/li>\n<li>Conversioni del cromato<\/li>\n<li>E-Coat<\/li>\n<li>Zincatura<\/li>\n<li>Nichelatura<\/li>\n<\/ul>\n\n\t\t<\/div>\n\t\t\t\t\t<\/div>\n\n\t\n\n\t<div id=\"col-475186796\" class=\"col medium-4 small-12 large-4\"  >\n\t\t\t\t<div class=\"col-inner\"  >\n\t\t\t\n\t\t\t\n\n<ul>\n<li>Nitrurazione<\/li>\n<li>Vernice<\/li>\n<li>Fosfato<\/li>\n<li>Rivestimento in polvere<\/li>\n<li>PTFE<\/li>\n<\/ul>\n\n\t\t<\/div>\n\t\t\t\t\t<\/div>\n\n\t\n\n\t<div id=\"col-232642591\" class=\"col medium-4 small-12 large-4\"  >\n\t\t\t\t<div class=\"col-inner\"  >\n\t\t\t\n\t\t\t\n\n<ul>\n<li>PVD<\/li>\n<li>Xylan\u00ae\/Teflon\u00ae<\/li>\n<li>Zincatura<\/li>\n<\/ul>\n\n\t\t<\/div>\n\t\t\t\t\t<\/div>\n\n\t\n\n<\/div>\n<p>Quando si tratta di rivestimenti industriali, sappiamo che le prestazioni sono importanti. Scegliete Cerakote per rivestimenti che non solo soddisfano, ma superano le aspettative vostre e dei vostri clienti. Il nostro impegno \u00e8 quello di produrre soluzioni di rivestimento ceramico della massima qualit\u00e0 per le vostre esigenze specifiche. Contattateci oggi stesso per scoprire come il vantaggio prestazionale di Cerakote pu\u00f2 aiutarvi.<\/p>\n<div class=\"video video-fit mb\" style=\"padding-top:56.25%;\"><iframe loading=\"lazy\" title=\"Cerakote vs. Teflon\u00ae e Xylan\u00ae | Chi finir\u00e0 forte?\" width=\"1020\" height=\"574\" src=\"https:\/\/www.youtube.com\/embed\/AoGdWMDoNGw?feature=oembed\" frameborder=\"0\" allow=\"accelerometer; autoplay; clipboard-write; encrypted-media; gyroscope; picture-in-picture; web-share\" referrerpolicy=\"strict-origin-when-cross-origin\" allowfullscreen><\/iframe><\/div>\n\n<h2><span style=\"color: #f69422;\">CONTATTATECI OGGI STESSO<\/span><\/h2>\n<p>Siete pronti a migliorare la durata, la sicurezza e la protezione delle vostre apparecchiature industriali? Contattate oggi stesso il nostro team di esperti. Siamo qui per rispondere alle vostre domande, fornire assistenza tecnica e collaborare con voi per trovare la soluzione di rivestimento perfetta per le vostre specifiche esigenze industriali.<\/p>\n<p><strong>Contattateci oggi stesso:<\/strong> <a href=\"mailto:enquiries@cerakoteeu.com\" target=\"_blank\" rel=\"noopener\">enquiries@cerakoteeu.com<\/a><\/p>\n\n\t\t<\/div>\n\t\t\t\t\t<\/div>\n\n\t\n\n<\/div>\n\n\t\t<\/div>\n\t\t\t\t\t<\/div>\n\n\t\n\n<\/div>\n\n\t\t<\/div>\n\n\t\t\n<style>\n#section_758347078 {\n  padding-top: 30px;\n  padding-bottom: 30px;\n}\n<\/style>\n\t<\/section>","protected":false},"excerpt":{"rendered":"","protected":false},"author":1,"featured_media":0,"parent":6831,"menu_order":0,"comment_status":"closed","ping_status":"closed","template":"","meta":{"_acf_changed":false,"footnotes":""},"class_list":["post-17135","page","type-page","status-publish","hentry"],"yoast_head":"<!-- This site is optimized with the Yoast SEO plugin v26.7 - https:\/\/yoast.com\/wordpress\/plugins\/seo\/ -->\n<title>Performance Driven Industrial Coating Solutions - Cerakote South Africa<\/title>\n<meta name=\"robots\" content=\"index, follow, max-snippet:-1, max-image-preview:large, max-video-preview:-1\" \/>\n<link rel=\"canonical\" href=\"https:\/\/www.cerakotesa.com\/it\/cerakote-industries\/performance-driven-industrial-coating-solutions\/\" \/>\n<meta property=\"og:locale\" content=\"it_IT\" \/>\n<meta property=\"og:type\" content=\"article\" \/>\n<meta property=\"og:title\" content=\"Performance Driven Industrial Coating Solutions - Cerakote South Africa\" \/>\n<meta property=\"og:url\" content=\"https:\/\/www.cerakotesa.com\/it\/cerakote-industries\/performance-driven-industrial-coating-solutions\/\" \/>\n<meta property=\"og:site_name\" content=\"Cerakote South Africa\" \/>\n<meta property=\"article:modified_time\" content=\"2024-04-01T16:03:39+00:00\" \/>\n<meta name=\"twitter:card\" content=\"summary_large_image\" \/>\n<meta name=\"twitter:label1\" content=\"Tempo di lettura stimato\" \/>\n\t<meta name=\"twitter:data1\" content=\"3 minuti\" \/>\n<script type=\"application\/ld+json\" class=\"yoast-schema-graph\">{\"@context\":\"https:\/\/schema.org\",\"@graph\":[{\"@type\":\"WebPage\",\"@id\":\"https:\/\/www.cerakotesa.com\/cerakote-industries\/performance-driven-industrial-coating-solutions\/\",\"url\":\"https:\/\/www.cerakotesa.com\/cerakote-industries\/performance-driven-industrial-coating-solutions\/\",\"name\":\"Performance Driven Industrial Coating Solutions - Cerakote South Africa\",\"isPartOf\":{\"@id\":\"https:\/\/www.cerakotesa.com\/#website\"},\"datePublished\":\"2024-04-01T15:40:44+00:00\",\"dateModified\":\"2024-04-01T16:03:39+00:00\",\"breadcrumb\":{\"@id\":\"https:\/\/www.cerakotesa.com\/cerakote-industries\/performance-driven-industrial-coating-solutions\/#breadcrumb\"},\"inLanguage\":\"it-IT\",\"potentialAction\":[{\"@type\":\"ReadAction\",\"target\":[\"https:\/\/www.cerakotesa.com\/cerakote-industries\/performance-driven-industrial-coating-solutions\/\"]}]},{\"@type\":\"BreadcrumbList\",\"@id\":\"https:\/\/www.cerakotesa.com\/cerakote-industries\/performance-driven-industrial-coating-solutions\/#breadcrumb\",\"itemListElement\":[{\"@type\":\"ListItem\",\"position\":1,\"name\":\"Home\",\"item\":\"https:\/\/www.cerakotesa.com\/\"},{\"@type\":\"ListItem\",\"position\":2,\"name\":\"Industries\",\"item\":\"https:\/\/www.cerakotesa.com\/cerakote-industries\/\"},{\"@type\":\"ListItem\",\"position\":3,\"name\":\"Performance Driven Industrial Coating Solutions\"}]},{\"@type\":\"WebSite\",\"@id\":\"https:\/\/www.cerakotesa.com\/#website\",\"url\":\"https:\/\/www.cerakotesa.com\/\",\"name\":\"Cerakote South Africa\",\"description\":\"Cerakote is a global leader in the manufacturing of thin-film protective ceramic coatings\",\"potentialAction\":[{\"@type\":\"SearchAction\",\"target\":{\"@type\":\"EntryPoint\",\"urlTemplate\":\"https:\/\/www.cerakotesa.com\/?s={search_term_string}\"},\"query-input\":{\"@type\":\"PropertyValueSpecification\",\"valueRequired\":true,\"valueName\":\"search_term_string\"}}],\"inLanguage\":\"it-IT\"}]}<\/script>\n<!-- \/ Yoast SEO plugin. -->","yoast_head_json":{"title":"Performance Driven Industrial Coating Solutions - Cerakote South Africa","robots":{"index":"index","follow":"follow","max-snippet":"max-snippet:-1","max-image-preview":"max-image-preview:large","max-video-preview":"max-video-preview:-1"},"canonical":"https:\/\/www.cerakotesa.com\/it\/cerakote-industries\/performance-driven-industrial-coating-solutions\/","og_locale":"it_IT","og_type":"article","og_title":"Performance Driven Industrial Coating Solutions - Cerakote South Africa","og_url":"https:\/\/www.cerakotesa.com\/it\/cerakote-industries\/performance-driven-industrial-coating-solutions\/","og_site_name":"Cerakote South Africa","article_modified_time":"2024-04-01T16:03:39+00:00","twitter_card":"summary_large_image","twitter_misc":{"Tempo di lettura stimato":"3 minuti"},"schema":{"@context":"https:\/\/schema.org","@graph":[{"@type":"WebPage","@id":"https:\/\/www.cerakotesa.com\/cerakote-industries\/performance-driven-industrial-coating-solutions\/","url":"https:\/\/www.cerakotesa.com\/cerakote-industries\/performance-driven-industrial-coating-solutions\/","name":"Performance Driven Industrial Coating Solutions - Cerakote South Africa","isPartOf":{"@id":"https:\/\/www.cerakotesa.com\/#website"},"datePublished":"2024-04-01T15:40:44+00:00","dateModified":"2024-04-01T16:03:39+00:00","breadcrumb":{"@id":"https:\/\/www.cerakotesa.com\/cerakote-industries\/performance-driven-industrial-coating-solutions\/#breadcrumb"},"inLanguage":"it-IT","potentialAction":[{"@type":"ReadAction","target":["https:\/\/www.cerakotesa.com\/cerakote-industries\/performance-driven-industrial-coating-solutions\/"]}]},{"@type":"BreadcrumbList","@id":"https:\/\/www.cerakotesa.com\/cerakote-industries\/performance-driven-industrial-coating-solutions\/#breadcrumb","itemListElement":[{"@type":"ListItem","position":1,"name":"Home","item":"https:\/\/www.cerakotesa.com\/"},{"@type":"ListItem","position":2,"name":"Industries","item":"https:\/\/www.cerakotesa.com\/cerakote-industries\/"},{"@type":"ListItem","position":3,"name":"Performance Driven Industrial Coating Solutions"}]},{"@type":"WebSite","@id":"https:\/\/www.cerakotesa.com\/#website","url":"https:\/\/www.cerakotesa.com\/","name":"Cerakote South Africa","description":"Cerakote \u00e8 leader mondiale nella produzione di rivestimenti ceramici protettivi a film sottile.","potentialAction":[{"@type":"SearchAction","target":{"@type":"EntryPoint","urlTemplate":"https:\/\/www.cerakotesa.com\/?s={search_term_string}"},"query-input":{"@type":"PropertyValueSpecification","valueRequired":true,"valueName":"search_term_string"}}],"inLanguage":"it-IT"}]}},"acf":[],"_links":{"self":[{"href":"https:\/\/www.cerakotesa.com\/it\/wp-json\/wp\/v2\/pages\/17135","targetHints":{"allow":["GET"]}}],"collection":[{"href":"https:\/\/www.cerakotesa.com\/it\/wp-json\/wp\/v2\/pages"}],"about":[{"href":"https:\/\/www.cerakotesa.com\/it\/wp-json\/wp\/v2\/types\/page"}],"author":[{"embeddable":true,"href":"https:\/\/www.cerakotesa.com\/it\/wp-json\/wp\/v2\/users\/1"}],"replies":[{"embeddable":true,"href":"https:\/\/www.cerakotesa.com\/it\/wp-json\/wp\/v2\/comments?post=17135"}],"version-history":[{"count":0,"href":"https:\/\/www.cerakotesa.com\/it\/wp-json\/wp\/v2\/pages\/17135\/revisions"}],"up":[{"embeddable":true,"href":"https:\/\/www.cerakotesa.com\/it\/wp-json\/wp\/v2\/pages\/6831"}],"wp:attachment":[{"href":"https:\/\/www.cerakotesa.com\/it\/wp-json\/wp\/v2\/media?parent=17135"}],"curies":[{"name":"wp","href":"https:\/\/api.w.org\/{rel}","templated":true}]}}