{"id":17143,"date":"2024-04-01T15:52:00","date_gmt":"2024-04-01T15:52:00","guid":{"rendered":"https:\/\/www.cerakotesa.com\/?page_id=17143"},"modified":"2024-04-01T16:03:30","modified_gmt":"2024-04-01T16:03:30","slug":"medical-device-coating-solutions","status":"publish","type":"page","link":"https:\/\/www.cerakotesa.com\/it\/cerakote-industries\/medical-device-coating-solutions\/","title":{"rendered":"Soluzioni di rivestimento per dispositivi medici"},"content":{"rendered":"<div class=\"banner has-hover\" id=\"banner-13837435\">\n          <div class=\"banner-inner fill\">\n        <div class=\"banner-bg fill\" >\n            <img loading=\"lazy\" decoding=\"async\" width=\"1020\" height=\"349\" src=\"https:\/\/www.cerakotesa.com\/wp-content\/uploads\/2024\/04\/01headermicroscope-dt20240119221653970405-1024x350.webp\" class=\"bg attachment-large size-large\" alt=\"\" \/>                        <div class=\"overlay\"><\/div>            \n                    <\/div>\n\t\t\n        <div class=\"banner-layers container\">\n            <div class=\"fill banner-link\"><\/div>            \n\n   <div id=\"text-box-1638067582\" class=\"text-box banner-layer x50 md-x50 lg-x50 y50 md-y50 lg-y50 res-text\">\n                                <div class=\"text-box-content text dark\">\n              \n              <div class=\"text-inner text-center\">\n                  \n\n<h1>SOLUZIONI DI RIVESTIMENTO PER DISPOSITIVI MEDICI<\/h1>\n\n              <\/div>\n           <\/div>\n                            \n<style>\n#text-box-1638067582 .text-box-content {\n  background-color: rgba(0, 0, 0, 0.75);\n  font-size: 100%;\n}\n#text-box-1638067582 {\n  width: 60%;\n}\n<\/style>\n    <\/div>\n \n\n        <\/div>\n      <\/div>\n\n              <div class=\"height-fix is-invisible\"><img loading=\"lazy\" decoding=\"async\" width=\"1020\" height=\"349\" src=\"https:\/\/www.cerakotesa.com\/wp-content\/uploads\/2024\/04\/01headermicroscope-dt20240119221653970405-1024x350.webp\" class=\"attachment-large size-large\" alt=\"\" srcset=\"https:\/\/www.cerakotesa.com\/wp-content\/uploads\/2024\/04\/01headermicroscope-dt20240119221653970405-1024x350.webp 1024w, https:\/\/www.cerakotesa.com\/wp-content\/uploads\/2024\/04\/01headermicroscope-dt20240119221653970405-300x103.webp 300w, https:\/\/www.cerakotesa.com\/wp-content\/uploads\/2024\/04\/01headermicroscope-dt20240119221653970405-768x263.webp 768w, https:\/\/www.cerakotesa.com\/wp-content\/uploads\/2024\/04\/01headermicroscope-dt20240119221653970405-18x6.webp 18w, https:\/\/www.cerakotesa.com\/wp-content\/uploads\/2024\/04\/01headermicroscope-dt20240119221653970405-32x11.webp 32w, https:\/\/www.cerakotesa.com\/wp-content\/uploads\/2024\/04\/01headermicroscope-dt20240119221653970405-31x11.webp 31w, https:\/\/www.cerakotesa.com\/wp-content\/uploads\/2024\/04\/01headermicroscope-dt20240119221653970405-247x84.webp 247w, https:\/\/www.cerakotesa.com\/wp-content\/uploads\/2024\/04\/01headermicroscope-dt20240119221653970405-510x174.webp 510w, https:\/\/www.cerakotesa.com\/wp-content\/uploads\/2024\/04\/01headermicroscope-dt20240119221653970405.webp 1170w\" sizes=\"auto, (max-width: 1020px) 100vw, 1020px\" \/><\/div>\n            \n<style>\n#banner-13837435 .overlay {\n  background-color: rgba(0, 0, 0, 0.17);\n}\n<\/style>\n  <\/div>\n\n\n\n\t<section class=\"section\" id=\"section_1708222774\">\n\t\t<div class=\"section-bg fill\" >\n\t\t\t\t\t\t\t\t\t\n\t\t\t\n\n\t\t<\/div>\n\n\t\t\n\n\t\t<div class=\"section-content relative\">\n\t\t\t\n\n<div class=\"row\"  id=\"row-2101528322\">\n\n\n\t<div id=\"col-1578056100\" class=\"col small-12 large-12\"  >\n\t\t\t\t<div class=\"col-inner\"  >\n\t\t\t\n\t\t\t\n\n<p>Cerakote \u00e8 il produttore leader di rivestimenti ceramici industriali e si dedica a fornire soluzioni di rivestimento avanzate per il settore dei dispositivi medici. Siamo consapevoli dell'importanza critica della precisione, della sicurezza e della conformit\u00e0 in questo settore. I nostri rivestimenti sono progettati per soddisfare e superare queste esigenze.<\/p>\n\t<div class=\"img has-hover x md-x lg-x y md-y lg-y\" id=\"image_66282784\">\n\t\t\t\t\t\t\t\t<div class=\"img-inner dark\" >\n\t\t\t<img loading=\"lazy\" decoding=\"async\" width=\"1020\" height=\"349\" src=\"https:\/\/www.cerakotesa.com\/wp-content\/uploads\/2024\/04\/02fullwidthbodyprosthetic-dt20240119221650001449-1024x350.webp\" class=\"attachment-large size-large\" alt=\"\" srcset=\"https:\/\/www.cerakotesa.com\/wp-content\/uploads\/2024\/04\/02fullwidthbodyprosthetic-dt20240119221650001449-1024x350.webp 1024w, https:\/\/www.cerakotesa.com\/wp-content\/uploads\/2024\/04\/02fullwidthbodyprosthetic-dt20240119221650001449-300x103.webp 300w, https:\/\/www.cerakotesa.com\/wp-content\/uploads\/2024\/04\/02fullwidthbodyprosthetic-dt20240119221650001449-768x263.webp 768w, https:\/\/www.cerakotesa.com\/wp-content\/uploads\/2024\/04\/02fullwidthbodyprosthetic-dt20240119221650001449-18x6.webp 18w, https:\/\/www.cerakotesa.com\/wp-content\/uploads\/2024\/04\/02fullwidthbodyprosthetic-dt20240119221650001449-32x11.webp 32w, https:\/\/www.cerakotesa.com\/wp-content\/uploads\/2024\/04\/02fullwidthbodyprosthetic-dt20240119221650001449-31x11.webp 31w, https:\/\/www.cerakotesa.com\/wp-content\/uploads\/2024\/04\/02fullwidthbodyprosthetic-dt20240119221650001449-247x84.webp 247w, https:\/\/www.cerakotesa.com\/wp-content\/uploads\/2024\/04\/02fullwidthbodyprosthetic-dt20240119221650001449-510x174.webp 510w, https:\/\/www.cerakotesa.com\/wp-content\/uploads\/2024\/04\/02fullwidthbodyprosthetic-dt20240119221650001449.webp 1170w\" sizes=\"auto, (max-width: 1020px) 100vw, 1020px\" \/>\t\t\t\t\t\t\n\t\t\t\t\t<\/div>\n\t\t\t\t\t\t\t\t\n<style>\n#image_66282784 {\n  width: 100%;\n}\n<\/style>\n\t<\/div>\n\t\n\n<h2><span style=\"color: #f69422;\">PERCH\u00c9 SCEGLIERE I RIVESTIMENTI IN CERAKOTE PER I DISPOSITIVI MEDICI?<\/h2>\n<p><strong>Prestazioni eccezionali<\/strong><\/p>\n<p>I nostri rivestimenti sono progettati per migliorare le prestazioni dei dispositivi medici, dagli strumenti chirurgici alle apparecchiature diagnostiche. Con un'attenzione particolare alla durata e all'affidabilit\u00e0, garantiamo che le finiture dei vostri dispositivi durino per tutto il loro ciclo di vita.<\/p>\n<p><strong>Biocompatibilit\u00e0<\/strong><\/p>\n<p>Nel settore dei dispositivi medici, la biocompatibilit\u00e0 non \u00e8 negoziabile. I nostri rivestimenti sono formulati in modo da soddisfare i pi\u00f9 severi standard di biocompatibilit\u00e0, garantendo la sicurezza del contatto con il corpo umano.<\/p>\n<ul>\n<li><a href=\"https:\/\/images.nicindustries.com\/cerakote\/documents\/5433\/acute-systemic-toxicity-test-on-cerakote-e-100-elite-blackout-dt20231219000302435653.pdf?_gl=1*k6b8p3*_gcl_au*Mzc2MDg2MTM4LjE3MTEwMjcxNDk.*_ga*MzA1NTg5MjI4LjE3MTEwMjcxNDk.*_ga_KPM5Q2PRTX*MTcxMTk4MjgyNS4zLjEuMTcxMTk4NjA2MS41Ny4wLjA.\" target=\"_blank\" rel=\"noopener\">Test di tossicit\u00e0 sistemica acuta<\/a><\/li>\n<li><a href=\"https:\/\/images.nicindustries.com\/cerakote\/documents\/5429\/cytotoxicity-mem-elution-test-with-cerakote-blackout-e-100-dt20231218235307294383.pdf\" target=\"_blank\" rel=\"noopener\">Test di citotossicit\u00e0 acuta MEM Elution Test<\/a><\/li>\n<li><a href=\"https:\/\/images.nicindustries.com\/cerakote\/documents\/5430\/hemolysis-test-on-cerakote-blackout-e-100-dt20231218235348853886.pdf\" target=\"_blank\" rel=\"noopener\">Test di emolisi<\/a><\/li>\n<li><a href=\"https:\/\/images.nicindustries.com\/cerakote\/documents\/5431\/intracutaneous-reactivity-test-with-cerakote-elite-blackout-e-100-dt20231218235557858339.pdf\" target=\"_blank\" rel=\"noopener\">Test di reattivit\u00e0 intracutanea<\/a><\/li>\n<li><a href=\"https:\/\/images.nicindustries.com\/cerakote\/documents\/5435\/pyrogenicity-test-with-cerakote-e-100-elite-blackout-dt20231219194430408436.pdf\" target=\"_blank\" rel=\"noopener\">Test di pirogenicit\u00e0<\/a><\/li>\n<\/ul>\n<p><strong>Conformit\u00e0 normativa<\/strong><\/p>\n<p>Siamo consapevoli della complessit\u00e0 e dell'evoluzione del panorama normativo del settore dei dispositivi medici. I nostri rivestimenti sono sviluppati tenendo conto della piena conformit\u00e0, aiutandovi a superare con facilit\u00e0 i requisiti normativi.<\/p>\n<p><strong>Protezione anticorrosione superiore<\/strong><\/p>\n<p>Nel mondo di oggi, il controllo delle infezioni \u00e8 fondamentale. I nostri rivestimenti possono incorporare propriet\u00e0 antimicrobiche, fornendo un ulteriore livello di protezione contro gli agenti patogeni e contribuendo alla sicurezza del paziente.<\/p>\n<p><strong>Maggiore durata<\/strong><\/p>\n<p>I dispositivi medici sono sottoposti a condizioni rigorose. I nostri rivestimenti aggiungono un ulteriore strato di protezione, migliorando la durata dei dispositivi e riducendo i costi di manutenzione e sostituzione.<\/p>\n<p><strong>Rivestimenti funzionali per l'industria dei dispositivi medici<\/strong><\/p>\n<p>Noi di Cerakote offriamo una gamma di rivestimenti su misura per le esigenze specifiche del settore dei dispositivi medici:<\/p>\n<ul>\n<li><strong>Rivestimenti antiriflesso:<\/strong>\u00a0Migliorano la visibilit\u00e0 negli ambienti chirurgici e nelle apparecchiature diagnostiche, aumentando la precisione e riducendo l'affaticamento degli occhi.<\/li>\n<li><strong>Rivestimenti idrofobici e oleofobici:<\/strong>\u00a0Mantengono i dispositivi al riparo da umidit\u00e0 e olio, garantendo prestazioni costanti in ogni condizione.<\/li>\n<li><strong>Rivestimenti biocompatibili:<\/strong>\u00a0Progettati per soddisfare i pi\u00f9 severi standard di biocompatibilit\u00e0, sono sicuri per l'uso in dispositivi medici che entrano in contatto con il corpo umano.<\/li>\n<li><strong>Rivestimenti resistenti alla corrosione:<\/strong>\u00a0Protezione da ambienti difficili, come la sterilizzazione e i detergenti corrosivi.<\/li>\n<li><strong>Rivestimenti protettivi durevoli:<\/strong>\u00a0Aumentate la durata dei vostri dispositivi proteggendoli da usura, abrasione e corrosione.<\/li>\n<\/ul>\n\n\t<div class=\"img has-hover x md-x lg-x y md-y lg-y\" id=\"image_2109240342\">\n\t\t\t\t\t\t\t\t<div class=\"img-inner dark\" >\n\t\t\t<img loading=\"lazy\" decoding=\"async\" width=\"1020\" height=\"349\" src=\"https:\/\/www.cerakotesa.com\/wp-content\/uploads\/2024\/04\/03fullwidthbodydragonfly-dt20240119221650928457-1024x350.webp\" class=\"attachment-large size-large\" alt=\"\" srcset=\"https:\/\/www.cerakotesa.com\/wp-content\/uploads\/2024\/04\/03fullwidthbodydragonfly-dt20240119221650928457-1024x350.webp 1024w, https:\/\/www.cerakotesa.com\/wp-content\/uploads\/2024\/04\/03fullwidthbodydragonfly-dt20240119221650928457-300x103.webp 300w, https:\/\/www.cerakotesa.com\/wp-content\/uploads\/2024\/04\/03fullwidthbodydragonfly-dt20240119221650928457-768x263.webp 768w, https:\/\/www.cerakotesa.com\/wp-content\/uploads\/2024\/04\/03fullwidthbodydragonfly-dt20240119221650928457-18x6.webp 18w, https:\/\/www.cerakotesa.com\/wp-content\/uploads\/2024\/04\/03fullwidthbodydragonfly-dt20240119221650928457-32x11.webp 32w, https:\/\/www.cerakotesa.com\/wp-content\/uploads\/2024\/04\/03fullwidthbodydragonfly-dt20240119221650928457-31x11.webp 31w, https:\/\/www.cerakotesa.com\/wp-content\/uploads\/2024\/04\/03fullwidthbodydragonfly-dt20240119221650928457-247x84.webp 247w, https:\/\/www.cerakotesa.com\/wp-content\/uploads\/2024\/04\/03fullwidthbodydragonfly-dt20240119221650928457-510x174.webp 510w, https:\/\/www.cerakotesa.com\/wp-content\/uploads\/2024\/04\/03fullwidthbodydragonfly-dt20240119221650928457.webp 1170w\" sizes=\"auto, (max-width: 1020px) 100vw, 1020px\" \/>\t\t\t\t\t\t\n\t\t\t\t\t<\/div>\n\t\t\t\t\t\t\t\t\n<style>\n#image_2109240342 {\n  width: 100%;\n}\n<\/style>\n\t<\/div>\n\t\n\n<h2><span style=\"color: #f69422;\">PROVATE LA DIFFERENZA DI CERAKOTE<\/h2>\n<p>Con una tradizione di innovazione e un impegno all'eccellenza, Cerakote \u00e8 il vostro partner ideale nel settore dei dispositivi medici. I nostri rivestimenti godono della fiducia dei principali produttori di dispositivi medici in tutto il mondo.<\/p>\n\n<div class=\"row\"  id=\"row-973509586\">\n\n\n\t<div id=\"col-1618314925\" class=\"col medium-6 small-12 large-6\"  >\n\t\t\t\t<div class=\"col-inner\"  >\n\t\t\t\n\t\t\t\n\n\t<div class=\"img has-hover x md-x lg-x y md-y lg-y\" id=\"image_535468709\">\n\t\t\t\t\t\t\t\t<div class=\"img-inner dark\" >\n\t\t\t<img loading=\"lazy\" decoding=\"async\" width=\"600\" height=\"600\" src=\"https:\/\/www.cerakotesa.com\/wp-content\/uploads\/2024\/04\/04sidebysideleftbabyhelmet-dt20240119221655770357.webp\" class=\"attachment-large size-large\" alt=\"\" srcset=\"https:\/\/www.cerakotesa.com\/wp-content\/uploads\/2024\/04\/04sidebysideleftbabyhelmet-dt20240119221655770357.webp 600w, https:\/\/www.cerakotesa.com\/wp-content\/uploads\/2024\/04\/04sidebysideleftbabyhelmet-dt20240119221655770357-300x300.webp 300w, https:\/\/www.cerakotesa.com\/wp-content\/uploads\/2024\/04\/04sidebysideleftbabyhelmet-dt20240119221655770357-150x150.webp 150w, https:\/\/www.cerakotesa.com\/wp-content\/uploads\/2024\/04\/04sidebysideleftbabyhelmet-dt20240119221655770357-12x12.webp 12w, https:\/\/www.cerakotesa.com\/wp-content\/uploads\/2024\/04\/04sidebysideleftbabyhelmet-dt20240119221655770357-32x32.webp 32w, https:\/\/www.cerakotesa.com\/wp-content\/uploads\/2024\/04\/04sidebysideleftbabyhelmet-dt20240119221655770357-80x80.webp 80w, https:\/\/www.cerakotesa.com\/wp-content\/uploads\/2024\/04\/04sidebysideleftbabyhelmet-dt20240119221655770357-27x27.webp 27w, https:\/\/www.cerakotesa.com\/wp-content\/uploads\/2024\/04\/04sidebysideleftbabyhelmet-dt20240119221655770357-247x247.webp 247w, https:\/\/www.cerakotesa.com\/wp-content\/uploads\/2024\/04\/04sidebysideleftbabyhelmet-dt20240119221655770357-510x510.webp 510w, https:\/\/www.cerakotesa.com\/wp-content\/uploads\/2024\/04\/04sidebysideleftbabyhelmet-dt20240119221655770357-100x100.webp 100w\" sizes=\"auto, (max-width: 600px) 100vw, 600px\" \/>\t\t\t\t\t\t\n\t\t\t\t\t<\/div>\n\t\t\t\t\t\t\t\t\n<style>\n#image_535468709 {\n  width: 100%;\n}\n<\/style>\n\t<\/div>\n\t\n\n\n\t\t<\/div>\n\t\t\t\t\t<\/div>\n\n\t\n\n\t<div id=\"col-1496689455\" class=\"col medium-6 small-12 large-6\"  >\n\t\t\t\t<div class=\"col-inner\"  >\n\t\t\t\n\t\t\t\n\n\t<div class=\"img has-hover x md-x lg-x y md-y lg-y\" id=\"image_1892415392\">\n\t\t\t\t\t\t\t\t<div class=\"img-inner dark\" >\n\t\t\t<img loading=\"lazy\" decoding=\"async\" width=\"600\" height=\"600\" src=\"https:\/\/www.cerakotesa.com\/wp-content\/uploads\/2024\/04\/05sidebysiderightbabyhelmet-dt20240119221652469441.webp\" class=\"attachment-large size-large\" alt=\"\" srcset=\"https:\/\/www.cerakotesa.com\/wp-content\/uploads\/2024\/04\/05sidebysiderightbabyhelmet-dt20240119221652469441.webp 600w, https:\/\/www.cerakotesa.com\/wp-content\/uploads\/2024\/04\/05sidebysiderightbabyhelmet-dt20240119221652469441-300x300.webp 300w, https:\/\/www.cerakotesa.com\/wp-content\/uploads\/2024\/04\/05sidebysiderightbabyhelmet-dt20240119221652469441-150x150.webp 150w, https:\/\/www.cerakotesa.com\/wp-content\/uploads\/2024\/04\/05sidebysiderightbabyhelmet-dt20240119221652469441-12x12.webp 12w, https:\/\/www.cerakotesa.com\/wp-content\/uploads\/2024\/04\/05sidebysiderightbabyhelmet-dt20240119221652469441-32x32.webp 32w, https:\/\/www.cerakotesa.com\/wp-content\/uploads\/2024\/04\/05sidebysiderightbabyhelmet-dt20240119221652469441-80x80.webp 80w, https:\/\/www.cerakotesa.com\/wp-content\/uploads\/2024\/04\/05sidebysiderightbabyhelmet-dt20240119221652469441-27x27.webp 27w, https:\/\/www.cerakotesa.com\/wp-content\/uploads\/2024\/04\/05sidebysiderightbabyhelmet-dt20240119221652469441-247x247.webp 247w, https:\/\/www.cerakotesa.com\/wp-content\/uploads\/2024\/04\/05sidebysiderightbabyhelmet-dt20240119221652469441-510x510.webp 510w, https:\/\/www.cerakotesa.com\/wp-content\/uploads\/2024\/04\/05sidebysiderightbabyhelmet-dt20240119221652469441-100x100.webp 100w\" sizes=\"auto, (max-width: 600px) 100vw, 600px\" \/>\t\t\t\t\t\t\n\t\t\t\t\t<\/div>\n\t\t\t\t\t\t\t\t\n<style>\n#image_1892415392 {\n  width: 100%;\n}\n<\/style>\n\t<\/div>\n\t\n\n\n\t\t<\/div>\n\t\t\t\t\t<\/div>\n\n\t\n\n<\/div>\n<div class=\"row\"  id=\"row-1409475506\">\n\n\n\t<div id=\"col-1633625494\" class=\"col small-12 large-12\"  >\n\t\t\t\t<div class=\"col-inner\"  >\n\t\t\t\n\t\t\t\n\n<h2><span style=\"color: #f69422;\">CONTATTATECI OGGI STESSO<\/h2>\n<p>Siete pronti a sperimentare i vantaggi dei nostri rivestimenti per dispositivi medici? Contattate oggi stesso il nostro team dedicato. Siamo qui per rispondere alle vostre domande, fornire assistenza tecnica e collaborare con voi per trovare la soluzione di rivestimento perfetta per le vostre esigenze specifiche.<\/p>\n<p>Garantite la sicurezza, le prestazioni e la conformit\u00e0 dei vostri dispositivi medici con i rivestimenti Cerakote. Affidatevi a un partner che comprende le sfide uniche del settore medicale e si dedica al vostro successo.<\/p>\n<p><strong>Contattateci oggi stesso:<\/strong> <a href=\"mailto:enquiries@cerakoteeu.com\" target=\"_blank\" rel=\"noopener\">enquiries@cerakoteeu.com<\/a><\/p>\n\n\n\t\t<\/div>\n\t\t\t\t\t<\/div>\n\n\t\n\n<\/div>\n\n\t\t<\/div>\n\t\t\t\t\t<\/div>\n\n\t\n\n<\/div>\n\n\t\t<\/div>\n\n\t\t\n<style>\n#section_1708222774 {\n  padding-top: 30px;\n  padding-bottom: 30px;\n}\n<\/style>\n\t<\/section>","protected":false},"excerpt":{"rendered":"","protected":false},"author":1,"featured_media":0,"parent":6831,"menu_order":0,"comment_status":"closed","ping_status":"closed","template":"","meta":{"_acf_changed":false,"footnotes":""},"class_list":["post-17143","page","type-page","status-publish","hentry"],"yoast_head":"<!-- This site is optimized with the Yoast SEO plugin v26.7 - https:\/\/yoast.com\/wordpress\/plugins\/seo\/ -->\n<title>Medical Device Coating Solutions - Cerakote South Africa<\/title>\n<meta name=\"robots\" content=\"index, follow, max-snippet:-1, max-image-preview:large, max-video-preview:-1\" \/>\n<link rel=\"canonical\" href=\"https:\/\/www.cerakotesa.com\/it\/cerakote-industries\/medical-device-coating-solutions\/\" \/>\n<meta property=\"og:locale\" content=\"it_IT\" \/>\n<meta property=\"og:type\" content=\"article\" \/>\n<meta property=\"og:title\" content=\"Medical Device Coating Solutions - Cerakote South Africa\" \/>\n<meta property=\"og:url\" content=\"https:\/\/www.cerakotesa.com\/it\/cerakote-industries\/medical-device-coating-solutions\/\" \/>\n<meta property=\"og:site_name\" content=\"Cerakote South Africa\" \/>\n<meta property=\"article:modified_time\" content=\"2024-04-01T16:03:30+00:00\" \/>\n<meta name=\"twitter:card\" content=\"summary_large_image\" \/>\n<meta name=\"twitter:label1\" content=\"Tempo di lettura stimato\" \/>\n\t<meta name=\"twitter:data1\" content=\"3 minuti\" \/>\n<script type=\"application\/ld+json\" class=\"yoast-schema-graph\">{\"@context\":\"https:\/\/schema.org\",\"@graph\":[{\"@type\":\"WebPage\",\"@id\":\"https:\/\/www.cerakotesa.com\/cerakote-industries\/medical-device-coating-solutions\/\",\"url\":\"https:\/\/www.cerakotesa.com\/cerakote-industries\/medical-device-coating-solutions\/\",\"name\":\"Medical Device Coating Solutions - Cerakote South Africa\",\"isPartOf\":{\"@id\":\"https:\/\/www.cerakotesa.com\/#website\"},\"datePublished\":\"2024-04-01T15:52:00+00:00\",\"dateModified\":\"2024-04-01T16:03:30+00:00\",\"breadcrumb\":{\"@id\":\"https:\/\/www.cerakotesa.com\/cerakote-industries\/medical-device-coating-solutions\/#breadcrumb\"},\"inLanguage\":\"it-IT\",\"potentialAction\":[{\"@type\":\"ReadAction\",\"target\":[\"https:\/\/www.cerakotesa.com\/cerakote-industries\/medical-device-coating-solutions\/\"]}]},{\"@type\":\"BreadcrumbList\",\"@id\":\"https:\/\/www.cerakotesa.com\/cerakote-industries\/medical-device-coating-solutions\/#breadcrumb\",\"itemListElement\":[{\"@type\":\"ListItem\",\"position\":1,\"name\":\"Home\",\"item\":\"https:\/\/www.cerakotesa.com\/\"},{\"@type\":\"ListItem\",\"position\":2,\"name\":\"Industries\",\"item\":\"https:\/\/www.cerakotesa.com\/cerakote-industries\/\"},{\"@type\":\"ListItem\",\"position\":3,\"name\":\"Medical Device Coating Solutions\"}]},{\"@type\":\"WebSite\",\"@id\":\"https:\/\/www.cerakotesa.com\/#website\",\"url\":\"https:\/\/www.cerakotesa.com\/\",\"name\":\"Cerakote South Africa\",\"description\":\"Cerakote is a global leader in the manufacturing of thin-film protective ceramic coatings\",\"potentialAction\":[{\"@type\":\"SearchAction\",\"target\":{\"@type\":\"EntryPoint\",\"urlTemplate\":\"https:\/\/www.cerakotesa.com\/?s={search_term_string}\"},\"query-input\":{\"@type\":\"PropertyValueSpecification\",\"valueRequired\":true,\"valueName\":\"search_term_string\"}}],\"inLanguage\":\"it-IT\"}]}<\/script>\n<!-- \/ Yoast SEO plugin. -->","yoast_head_json":{"title":"Medical Device Coating Solutions - Cerakote South Africa","robots":{"index":"index","follow":"follow","max-snippet":"max-snippet:-1","max-image-preview":"max-image-preview:large","max-video-preview":"max-video-preview:-1"},"canonical":"https:\/\/www.cerakotesa.com\/it\/cerakote-industries\/medical-device-coating-solutions\/","og_locale":"it_IT","og_type":"article","og_title":"Medical Device Coating Solutions - Cerakote South Africa","og_url":"https:\/\/www.cerakotesa.com\/it\/cerakote-industries\/medical-device-coating-solutions\/","og_site_name":"Cerakote South Africa","article_modified_time":"2024-04-01T16:03:30+00:00","twitter_card":"summary_large_image","twitter_misc":{"Tempo di lettura stimato":"3 minuti"},"schema":{"@context":"https:\/\/schema.org","@graph":[{"@type":"WebPage","@id":"https:\/\/www.cerakotesa.com\/cerakote-industries\/medical-device-coating-solutions\/","url":"https:\/\/www.cerakotesa.com\/cerakote-industries\/medical-device-coating-solutions\/","name":"Medical Device Coating Solutions - Cerakote South Africa","isPartOf":{"@id":"https:\/\/www.cerakotesa.com\/#website"},"datePublished":"2024-04-01T15:52:00+00:00","dateModified":"2024-04-01T16:03:30+00:00","breadcrumb":{"@id":"https:\/\/www.cerakotesa.com\/cerakote-industries\/medical-device-coating-solutions\/#breadcrumb"},"inLanguage":"it-IT","potentialAction":[{"@type":"ReadAction","target":["https:\/\/www.cerakotesa.com\/cerakote-industries\/medical-device-coating-solutions\/"]}]},{"@type":"BreadcrumbList","@id":"https:\/\/www.cerakotesa.com\/cerakote-industries\/medical-device-coating-solutions\/#breadcrumb","itemListElement":[{"@type":"ListItem","position":1,"name":"Home","item":"https:\/\/www.cerakotesa.com\/"},{"@type":"ListItem","position":2,"name":"Industries","item":"https:\/\/www.cerakotesa.com\/cerakote-industries\/"},{"@type":"ListItem","position":3,"name":"Medical Device Coating Solutions"}]},{"@type":"WebSite","@id":"https:\/\/www.cerakotesa.com\/#website","url":"https:\/\/www.cerakotesa.com\/","name":"Cerakote South Africa","description":"Cerakote \u00e8 leader mondiale nella produzione di rivestimenti ceramici protettivi a film sottile.","potentialAction":[{"@type":"SearchAction","target":{"@type":"EntryPoint","urlTemplate":"https:\/\/www.cerakotesa.com\/?s={search_term_string}"},"query-input":{"@type":"PropertyValueSpecification","valueRequired":true,"valueName":"search_term_string"}}],"inLanguage":"it-IT"}]}},"acf":[],"_links":{"self":[{"href":"https:\/\/www.cerakotesa.com\/it\/wp-json\/wp\/v2\/pages\/17143","targetHints":{"allow":["GET"]}}],"collection":[{"href":"https:\/\/www.cerakotesa.com\/it\/wp-json\/wp\/v2\/pages"}],"about":[{"href":"https:\/\/www.cerakotesa.com\/it\/wp-json\/wp\/v2\/types\/page"}],"author":[{"embeddable":true,"href":"https:\/\/www.cerakotesa.com\/it\/wp-json\/wp\/v2\/users\/1"}],"replies":[{"embeddable":true,"href":"https:\/\/www.cerakotesa.com\/it\/wp-json\/wp\/v2\/comments?post=17143"}],"version-history":[{"count":0,"href":"https:\/\/www.cerakotesa.com\/it\/wp-json\/wp\/v2\/pages\/17143\/revisions"}],"up":[{"embeddable":true,"href":"https:\/\/www.cerakotesa.com\/it\/wp-json\/wp\/v2\/pages\/6831"}],"wp:attachment":[{"href":"https:\/\/www.cerakotesa.com\/it\/wp-json\/wp\/v2\/media?parent=17143"}],"curies":[{"name":"wp","href":"https:\/\/api.w.org\/{rel}","templated":true}]}}