{"id":20274,"date":"2025-02-04T09:50:44","date_gmt":"2025-02-04T09:50:44","guid":{"rendered":"https:\/\/www.cerakotesa.com\/?page_id=20274"},"modified":"2025-02-04T10:02:33","modified_gmt":"2025-02-04T10:02:33","slug":"cerakote-suomi","status":"publish","type":"page","link":"https:\/\/www.cerakotesa.com\/it\/cerakote-suomi\/","title":{"rendered":"Cerakote Suomi"},"content":{"rendered":"<div class=\"banner has-hover\" id=\"banner-512221600\">\n          <div class=\"banner-inner fill\">\n        <div class=\"banner-bg fill\" >\n            <img loading=\"lazy\" decoding=\"async\" width=\"1020\" height=\"680\" src=\"https:\/\/www.cerakotesa.com\/wp-content\/uploads\/2025\/02\/AdobeStock_126956224-1024x683.jpeg\" class=\"bg attachment-large size-large\" alt=\"\" \/>                                    \n                    <\/div>\n\t\t\n        <div class=\"banner-layers container\">\n            <div class=\"fill banner-link\"><\/div>            \n\n   <div id=\"text-box-1092181268\" class=\"text-box banner-layer x50 md-x50 lg-x50 y50 md-y50 lg-y50 res-text\">\n                                <div class=\"text-box-content text box-shadow-3 dark\">\n              \n              <div class=\"text-inner text-center\">\n                  \n\n\t<div id=\"text-3247953347\" class=\"text\">\n\t\t\n\n<h1>Cerakote Suomi<\/h1>\n<p><span style=\"color: #fff;\">Olemme ylpeit\u00e4 siit\u00e4, ett\u00e4 olemme Cerakoten virallinen jakelija Euroopassa, ja toimipaikkamme on Corkissa, Irlannissa. Cerakote EU tarjoaa myynti-, tuki-, koulutus- ja jakelupalveluja koko Euroopan unionin alueella, mik\u00e4 tekee Cerakoten ostamisesta ja k\u00e4ytt\u00e4misest\u00e4 helppoa ja edullista Suomesta, maailman johtavasta ultraohuiden keraamisten pinnoitteiden valmistajasta.<\/span><\/p>\n\n\t\t\n<style>\n#text-3247953347 {\n  color: rgb(255, 255, 255);\n}\n#text-3247953347 > * {\n  color: rgb(255, 255, 255);\n}\n<\/style>\n\t<\/div>\n\t\n\n              <\/div>\n           <\/div>\n                            \n<style>\n#text-box-1092181268 .text-box-content {\n  background-color: rgba(58, 58, 57, 0.839);\n  border-radius: 10px;\n  font-size: 100%;\n}\n#text-box-1092181268 {\n  width: 60%;\n}\n<\/style>\n    <\/div>\n \n\n        <\/div>\n      <\/div>\n\n            \n<style>\n#banner-512221600 {\n  padding-top: 500px;\n}\n<\/style>\n  <\/div>\n\n\n\n\t<section class=\"section\" id=\"section_1169487630\">\n\t\t<div class=\"section-bg fill\" >\n\t\t\t\t\t\t\t\t\t\n\t\t\t\n\n\t\t<\/div>\n\n\t\t\n\n\t\t<div class=\"section-content relative\">\n\t\t\t\n\n<div class=\"row\"  id=\"row-500440355\">\n\n\n\t<div id=\"col-1962310521\" class=\"col small-12 large-12\"  >\n\t\t\t\t<div class=\"col-inner\"  >\n\t\t\t\n\t\t\t\n\n\t<div id=\"text-1011801344\" class=\"text\">\n\t\t\n\n<h2>Suomen ja Euroopan parhaat hinnat Cerakote EU<\/h2>\n\n\t\t\n<style>\n#text-1011801344 {\n  text-align: center;\n}\n<\/style>\n\t<\/div>\n\t\n\n\t\t<\/div>\n\t\t\t\t\t<\/div>\n\n\t\n\n<\/div>\n<div class=\"row\"  id=\"row-47892686\">\n\n\n\t<div id=\"col-212598010\" class=\"col medium-5 small-12 large-5\"  >\n\t\t\t\t<div class=\"col-inner\"  >\n\t\t\t\n\t\t\t\n\n\n\t\t<\/div>\n\t\t\t\t\t<\/div>\n\n\t\n\n\t<div id=\"col-1704913393\" class=\"col medium-2 small-12 large-2\"  >\n\t\t\t\t<div class=\"col-inner\"  >\n\t\t\t\n\t\t\t\n\n\t<div class=\"img has-hover x md-x lg-x y md-y lg-y\" id=\"image_1774607615\">\n\t\t\t\t\t\t\t\t<div class=\"img-inner dark\" >\n\t\t\t<img loading=\"lazy\" decoding=\"async\" width=\"1020\" height=\"1020\" src=\"https:\/\/www.cerakotesa.com\/wp-content\/uploads\/2025\/02\/AdobeStock_891822880-1024x1024.png\" class=\"attachment-large size-large\" alt=\"\" srcset=\"https:\/\/www.cerakotesa.com\/wp-content\/uploads\/2025\/02\/AdobeStock_891822880-1024x1024.png 1024w, https:\/\/www.cerakotesa.com\/wp-content\/uploads\/2025\/02\/AdobeStock_891822880-300x300.png 300w, https:\/\/www.cerakotesa.com\/wp-content\/uploads\/2025\/02\/AdobeStock_891822880-150x150.png 150w, https:\/\/www.cerakotesa.com\/wp-content\/uploads\/2025\/02\/AdobeStock_891822880-768x768.png 768w, https:\/\/www.cerakotesa.com\/wp-content\/uploads\/2025\/02\/AdobeStock_891822880-1536x1536.png 1536w, https:\/\/www.cerakotesa.com\/wp-content\/uploads\/2025\/02\/AdobeStock_891822880-2048x2048.png 2048w, https:\/\/www.cerakotesa.com\/wp-content\/uploads\/2025\/02\/AdobeStock_891822880-12x12.png 12w, https:\/\/www.cerakotesa.com\/wp-content\/uploads\/2025\/02\/AdobeStock_891822880-32x32.png 32w, https:\/\/www.cerakotesa.com\/wp-content\/uploads\/2025\/02\/AdobeStock_891822880-80x80.png 80w, https:\/\/www.cerakotesa.com\/wp-content\/uploads\/2025\/02\/AdobeStock_891822880-27x27.png 27w, https:\/\/www.cerakotesa.com\/wp-content\/uploads\/2025\/02\/AdobeStock_891822880-247x247.png 247w, https:\/\/www.cerakotesa.com\/wp-content\/uploads\/2025\/02\/AdobeStock_891822880-510x510.png 510w, https:\/\/www.cerakotesa.com\/wp-content\/uploads\/2025\/02\/AdobeStock_891822880-100x100.png 100w\" sizes=\"auto, (max-width: 1020px) 100vw, 1020px\" \/>\t\t\t\t\t\t\n\t\t\t\t\t<\/div>\n\t\t\t\t\t\t\t\t\n<style>\n#image_1774607615 {\n  width: 100%;\n}\n<\/style>\n\t<\/div>\n\t\n\n\n\t\t<\/div>\n\t\t\t\t\t<\/div>\n\n\t\n\n\t<div id=\"col-959477616\" class=\"col medium-5 small-12 large-5\"  >\n\t\t\t\t<div class=\"col-inner\"  >\n\t\t\t\n\t\t\t\n\n\n\t\t<\/div>\n\t\t\t\t\t<\/div>\n\n\t\n\n<\/div>\n<div class=\"row\"  id=\"row-1942089569\">\n\n\n\t<div id=\"col-1320758700\" class=\"col medium-4 small-12 large-4\"  >\n\t\t\t\t<div class=\"col-inner\"  >\n\t\t\t\n\t\t\t\n\n\n\t\t<\/div>\n\t\t\t\t\t<\/div>\n\n\t\n\n\t<div id=\"col-940895046\" class=\"col medium-4 small-12 large-4\"  >\n\t\t\t\t<div class=\"col-inner\"  >\n\t\t\t\n\t\t\t\n\n\t<div id=\"text-1769380028\" class=\"text\">\n\t\t\n\n<p style=\"text-align: center;\">Toimituskustannukset Suomeen:<\/p>\n<p style=\"text-align: center;\"><strong><span class=\"woocommerce-Price-currencySymbol\">\u20ac<\/span>7.50<\/strong><\/p>\n\n\t\t\n<style>\n#text-1769380028 {\n  font-size: 1.3rem;\n}\n<\/style>\n\t<\/div>\n\t\n<div class=\"row\"  id=\"row-1670910213\">\n\n\n\t<div id=\"col-1663325508\" class=\"col medium-2 small-12 large-2\"  >\n\t\t\t\t<div class=\"col-inner\"  >\n\t\t\t\n\t\t\t\n\n\n\t\t<\/div>\n\t\t\t\t\t<\/div>\n\n\t\n\n\t<div id=\"col-438233196\" class=\"col medium-8 small-12 large-8\"  >\n\t\t\t\t<div class=\"col-inner\"  >\n\t\t\t\n\t\t\t\n\n<a href=\"https:\/\/www.cerakotesa.com\/shop-cerakote-coatings\/\" class=\"button primary expand\" >\n\t\t<span>N\u00e4yt\u00e4 tuotteet<\/span>\n\t<\/a>\n\n\n\n\t\t<\/div>\n\t\t\t\t\t<\/div>\n\n\t\n\n\t<div id=\"col-959525819\" class=\"col medium-2 small-12 large-2\"  >\n\t\t\t\t<div class=\"col-inner\"  >\n\t\t\t\n\t\t\t\n\n\n\t\t<\/div>\n\t\t\t\t\t<\/div>\n\n\t\n\n<\/div>\n\n\t\t<\/div>\n\t\t\t\t\t<\/div>\n\n\t\n\n\t<div id=\"col-1288539914\" class=\"col medium-4 small-12 large-4\"  >\n\t\t\t\t<div class=\"col-inner\"  >\n\t\t\t\n\t\t\t\n\n\n\t\t<\/div>\n\t\t\t\t\t<\/div>\n\n\t\n\n<\/div>\n\n\t\t<\/div>\n\n\t\t\n<style>\n#section_1169487630 {\n  padding-top: 30px;\n  padding-bottom: 30px;\n}\n<\/style>\n\t<\/section>\n\t\n\n\t<section class=\"section dark\" id=\"section_281085610\">\n\t\t<div class=\"section-bg fill\" >\n\t\t\t\t\t\t\t\t\t\n\t\t\t\n\n\t\t<\/div>\n\n\t\t\n\n\t\t<div class=\"section-content relative\">\n\t\t\t\n\n<div class=\"row\"  id=\"row-1642288402\">\n\n\n\t<div id=\"col-813748556\" class=\"col small-12 large-12\"  >\n\t\t\t\t<div class=\"col-inner\"  >\n\t\t\t\n\t\t\t\n\n\t<div id=\"text-730305108\" class=\"text\">\n\t\t\n\n<div class=\"caption-inner\">\n<p><span style=\"color: #f69422;\"><strong>Vastaanota tilauksesi nopeasti!<\/strong><\/span> Tilaukset l\u00e4hetet\u00e4\u00e4n jakelijaltamme 3-5 ty\u00f6p\u00e4iv\u00e4n kuluessa, ja ne saapuvat sinulle yleens\u00e4 4-7 ty\u00f6p\u00e4iv\u00e4n kuluessa. Jotkin syrj\u00e4iset kohteet voivat vaatia lis\u00e4aikaa.<\/p>\n<\/div>\n<div class=\"caption-inner\">\n<p><strong><span style=\"color: #f69422;\">Miksi Cerakote?<\/span><\/strong> Tervetuloa Cerakoteen, ainoaan keraamisten pinnoitteiden valmistajaan. Cerakote on maailman johtava keraamisten ohutkalvopinnoitteiden ja teknologian valmistaja. Kehittyneit\u00e4 pinnoitteitamme k\u00e4ytet\u00e4\u00e4n autoteollisuudesta ilmailu- ja avaruusteollisuuteen ja kuluttaja-alalta puolustukseen. Kiitos, ett\u00e4 valitsit Cerakoten.<\/p>\n<\/div>\n\t\t\n<style>\n#text-730305108 {\n  font-size: 1.35rem;\n}\n<\/style>\n\t<\/div>\n\t\n<a href=\"https:\/\/www.cerakotesa.com\/shop-cerakote-coatings\/\" class=\"button primary\" >\n\t\t<span>N\u00e4yt\u00e4 tuotteet<\/span>\n\t<\/a>\n\n\n\n\t\t<\/div>\n\t\t\t\t\t<\/div>\n\n\t\n\n<\/div>\n\n\t\t<\/div>\n\n\t\t\n<style>\n#section_281085610 {\n  padding-top: 30px;\n  padding-bottom: 30px;\n  background-color: rgb(225, 225, 225);\n}\n<\/style>\n\t<\/section>","protected":false},"excerpt":{"rendered":"","protected":false},"author":1,"featured_media":0,"parent":0,"menu_order":0,"comment_status":"closed","ping_status":"closed","template":"page-blank.php","meta":{"_acf_changed":false,"footnotes":""},"class_list":["post-20274","page","type-page","status-publish","hentry"],"yoast_head":"<!-- This site is optimized with the Yoast SEO plugin v26.7 - https:\/\/yoast.com\/wordpress\/plugins\/seo\/ -->\n<title>Cerakote Suomi - Cerakote South Africa<\/title>\n<meta name=\"description\" content=\"Suomen ja Euroopan parhaat hinnat Cerakote EU. Olemme ylpeit\u00e4 siit\u00e4, ett\u00e4 olemme Cerakoten virallinen jakelija Euroopassa, ja toimipaikkamme on Corkissa, Irlannissa.\" \/>\n<meta name=\"robots\" content=\"index, follow, max-snippet:-1, max-image-preview:large, max-video-preview:-1\" \/>\n<link rel=\"canonical\" href=\"https:\/\/www.cerakotesa.com\/it\/cerakote-suomi\/\" \/>\n<meta property=\"og:locale\" content=\"it_IT\" \/>\n<meta property=\"og:type\" content=\"article\" \/>\n<meta property=\"og:title\" content=\"Cerakote Suomi - Cerakote South Africa\" \/>\n<meta property=\"og:description\" content=\"Suomen ja Euroopan parhaat hinnat Cerakote EU. Olemme ylpeit\u00e4 siit\u00e4, ett\u00e4 olemme Cerakoten virallinen jakelija Euroopassa, ja toimipaikkamme on Corkissa, Irlannissa.\" \/>\n<meta property=\"og:url\" content=\"https:\/\/www.cerakotesa.com\/it\/cerakote-suomi\/\" \/>\n<meta property=\"og:site_name\" content=\"Cerakote South Africa\" \/>\n<meta property=\"article:modified_time\" content=\"2025-02-04T10:02:33+00:00\" \/>\n<meta name=\"twitter:card\" content=\"summary_large_image\" \/>\n<meta name=\"twitter:label1\" content=\"Tempo di lettura stimato\" \/>\n\t<meta name=\"twitter:data1\" content=\"1 minuto\" \/>\n<script type=\"application\/ld+json\" class=\"yoast-schema-graph\">{\"@context\":\"https:\/\/schema.org\",\"@graph\":[{\"@type\":\"WebPage\",\"@id\":\"https:\/\/www.cerakotesa.com\/cerakote-suomi\/\",\"url\":\"https:\/\/www.cerakotesa.com\/cerakote-suomi\/\",\"name\":\"Cerakote Suomi - Cerakote South Africa\",\"isPartOf\":{\"@id\":\"https:\/\/www.cerakotesa.com\/#website\"},\"datePublished\":\"2025-02-04T09:50:44+00:00\",\"dateModified\":\"2025-02-04T10:02:33+00:00\",\"description\":\"Suomen ja Euroopan parhaat hinnat Cerakote EU. Olemme ylpeit\u00e4 siit\u00e4, ett\u00e4 olemme Cerakoten virallinen jakelija Euroopassa, ja toimipaikkamme on Corkissa, Irlannissa.\",\"breadcrumb\":{\"@id\":\"https:\/\/www.cerakotesa.com\/cerakote-suomi\/#breadcrumb\"},\"inLanguage\":\"it-IT\",\"potentialAction\":[{\"@type\":\"ReadAction\",\"target\":[\"https:\/\/www.cerakotesa.com\/cerakote-suomi\/\"]}]},{\"@type\":\"BreadcrumbList\",\"@id\":\"https:\/\/www.cerakotesa.com\/cerakote-suomi\/#breadcrumb\",\"itemListElement\":[{\"@type\":\"ListItem\",\"position\":1,\"name\":\"Home\",\"item\":\"https:\/\/www.cerakotesa.com\/\"},{\"@type\":\"ListItem\",\"position\":2,\"name\":\"Cerakote Suomi\"}]},{\"@type\":\"WebSite\",\"@id\":\"https:\/\/www.cerakotesa.com\/#website\",\"url\":\"https:\/\/www.cerakotesa.com\/\",\"name\":\"Cerakote South Africa\",\"description\":\"Cerakote is a global leader in the manufacturing of thin-film protective ceramic coatings\",\"potentialAction\":[{\"@type\":\"SearchAction\",\"target\":{\"@type\":\"EntryPoint\",\"urlTemplate\":\"https:\/\/www.cerakotesa.com\/?s={search_term_string}\"},\"query-input\":{\"@type\":\"PropertyValueSpecification\",\"valueRequired\":true,\"valueName\":\"search_term_string\"}}],\"inLanguage\":\"it-IT\"}]}<\/script>\n<!-- \/ Yoast SEO plugin. -->","yoast_head_json":{"title":"Cerakote Suomi - Cerakote South Africa","description":"Suomen ja Euroopan parhaat hinnat Cerakote EU. Olemme ylpeit\u00e4 siit\u00e4, ett\u00e4 olemme Cerakoten virallinen jakelija Euroopassa, ja toimipaikkamme on Corkissa, Irlannissa.","robots":{"index":"index","follow":"follow","max-snippet":"max-snippet:-1","max-image-preview":"max-image-preview:large","max-video-preview":"max-video-preview:-1"},"canonical":"https:\/\/www.cerakotesa.com\/it\/cerakote-suomi\/","og_locale":"it_IT","og_type":"article","og_title":"Cerakote Suomi - Cerakote South Africa","og_description":"Suomen ja Euroopan parhaat hinnat Cerakote EU. Olemme ylpeit\u00e4 siit\u00e4, ett\u00e4 olemme Cerakoten virallinen jakelija Euroopassa, ja toimipaikkamme on Corkissa, Irlannissa.","og_url":"https:\/\/www.cerakotesa.com\/it\/cerakote-suomi\/","og_site_name":"Cerakote South Africa","article_modified_time":"2025-02-04T10:02:33+00:00","twitter_card":"summary_large_image","twitter_misc":{"Tempo di lettura stimato":"1 minuto"},"schema":{"@context":"https:\/\/schema.org","@graph":[{"@type":"WebPage","@id":"https:\/\/www.cerakotesa.com\/cerakote-suomi\/","url":"https:\/\/www.cerakotesa.com\/cerakote-suomi\/","name":"Cerakote Suomi - Cerakote South Africa","isPartOf":{"@id":"https:\/\/www.cerakotesa.com\/#website"},"datePublished":"2025-02-04T09:50:44+00:00","dateModified":"2025-02-04T10:02:33+00:00","description":"Suomen ja Euroopan parhaat hinnat Cerakote EU. Olemme ylpeit\u00e4 siit\u00e4, ett\u00e4 olemme Cerakoten virallinen jakelija Euroopassa, ja toimipaikkamme on Corkissa, Irlannissa.","breadcrumb":{"@id":"https:\/\/www.cerakotesa.com\/cerakote-suomi\/#breadcrumb"},"inLanguage":"it-IT","potentialAction":[{"@type":"ReadAction","target":["https:\/\/www.cerakotesa.com\/cerakote-suomi\/"]}]},{"@type":"BreadcrumbList","@id":"https:\/\/www.cerakotesa.com\/cerakote-suomi\/#breadcrumb","itemListElement":[{"@type":"ListItem","position":1,"name":"Home","item":"https:\/\/www.cerakotesa.com\/"},{"@type":"ListItem","position":2,"name":"Cerakote Suomi"}]},{"@type":"WebSite","@id":"https:\/\/www.cerakotesa.com\/#website","url":"https:\/\/www.cerakotesa.com\/","name":"Cerakote South Africa","description":"Cerakote \u00e8 leader mondiale nella produzione di rivestimenti ceramici protettivi a film sottile.","potentialAction":[{"@type":"SearchAction","target":{"@type":"EntryPoint","urlTemplate":"https:\/\/www.cerakotesa.com\/?s={search_term_string}"},"query-input":{"@type":"PropertyValueSpecification","valueRequired":true,"valueName":"search_term_string"}}],"inLanguage":"it-IT"}]}},"acf":[],"_links":{"self":[{"href":"https:\/\/www.cerakotesa.com\/it\/wp-json\/wp\/v2\/pages\/20274","targetHints":{"allow":["GET"]}}],"collection":[{"href":"https:\/\/www.cerakotesa.com\/it\/wp-json\/wp\/v2\/pages"}],"about":[{"href":"https:\/\/www.cerakotesa.com\/it\/wp-json\/wp\/v2\/types\/page"}],"author":[{"embeddable":true,"href":"https:\/\/www.cerakotesa.com\/it\/wp-json\/wp\/v2\/users\/1"}],"replies":[{"embeddable":true,"href":"https:\/\/www.cerakotesa.com\/it\/wp-json\/wp\/v2\/comments?post=20274"}],"version-history":[{"count":0,"href":"https:\/\/www.cerakotesa.com\/it\/wp-json\/wp\/v2\/pages\/20274\/revisions"}],"wp:attachment":[{"href":"https:\/\/www.cerakotesa.com\/it\/wp-json\/wp\/v2\/media?parent=20274"}],"curies":[{"name":"wp","href":"https:\/\/api.w.org\/{rel}","templated":true}]}}