{"id":22111,"date":"2025-05-22T14:33:18","date_gmt":"2025-05-22T14:33:18","guid":{"rendered":"https:\/\/www.cerakotesa.com\/?page_id=22111"},"modified":"2025-05-26T12:15:10","modified_gmt":"2025-05-26T12:15:10","slug":"cerakote-for-titanium","status":"publish","type":"page","link":"https:\/\/www.cerakotesa.com\/it\/cerakote-for-titanium\/","title":{"rendered":"Cerakote per Titanium"},"content":{"rendered":"<section class=\"section\" id=\"section_823165951\">\n\t\t<div class=\"section-bg fill\" >\n\t\t\t\t\t\t\t\t\t\n\t\t\t\n\n\t\t<\/div>\n\n\t\t\n\n\t\t<div class=\"section-content relative\">\n\t\t\t\n\n<div class=\"row\"  id=\"row-2140066426\">\n\n\n\t<div id=\"col-1766335069\" class=\"col small-12 large-12\"  >\n\t\t\t\t<div class=\"col-inner\"  >\n\t\t\t\n\t\t\t\n\n\n  <div class=\"banner has-hover\" id=\"banner-716628397\">\n          <div class=\"banner-inner fill\">\n        <div class=\"banner-bg fill\" >\n            <img loading=\"lazy\" decoding=\"async\" width=\"1020\" height=\"349\" src=\"https:\/\/www.cerakotesa.com\/wp-content\/uploads\/2025\/05\/01cerakoteforcompositematerialsheader1170x400-dt20250430224035746172-1024x350.jpg\" class=\"bg attachment-large size-large\" alt=\"\" \/>                                    \n                    <\/div>\n\t\t\n        <div class=\"banner-layers container\">\n            <div class=\"fill banner-link\"><\/div>            \n\n   <div id=\"text-box-1222064827\" class=\"text-box banner-layer x50 md-x50 lg-x50 y50 md-y50 lg-y50 res-text\">\n                                <div class=\"text-box-content text dark\">\n              \n              <div class=\"text-inner text-center\">\n                  \n\n\t<div id=\"text-70990205\" class=\"text\">\n\t\t\n\n<h1>CERAKOTE\u00ae per Titanium<\/h1>\n\t\t\n<style>\n#text-70990205 {\n  font-size: 1.8rem;\n}\n<\/style>\n\t<\/div>\n\t\n\t<div id=\"text-1426894603\" class=\"text\">\n\t\t\n\n<p><span style=\"color: white;\">Durata e stile ineguagliabili<\/p>\n\t\t\n<style>\n#text-1426894603 {\n  color: rgb(255,255,255);\n}\n#text-1426894603 > * {\n  color: rgb(255,255,255);\n}\n<\/style>\n\t<\/div>\n\t\n\n              <\/div>\n           <\/div>\n                            \n<style>\n#text-box-1222064827 {\n  margin: 0px 0px 0px 0px;\n  width: 90%;\n}\n#text-box-1222064827 .text-box-content {\n  background-color: rgba(0, 0, 0, 0.75);\n  font-size: 100%;\n}\n#text-box-1222064827 .text-inner {\n  padding: 19px 0px 15px 0px;\n}\n@media (min-width:550px) {\n  #text-box-1222064827 .text-inner {\n    padding: 15px 0px 15px 0px;\n  }\n  #text-box-1222064827 {\n    width: 60%;\n  }\n}\n<\/style>\n    <\/div>\n \n\n        <\/div>\n      <\/div>\n\n            \n<style>\n#banner-716628397 {\n  padding-top: 500px;\n}\n<\/style>\n  <\/div>\n\n\n<div class=\"row\"  id=\"row-2120175494\">\n\n\n\t<div id=\"col-1279352813\" class=\"col small-12 large-12\"  >\n\t\t\t\t<div class=\"col-inner\"  >\n\t\t\t\n\t\t\t\n\n<p>L'Titanium \u00e8 ben noto per la sua forza, le sue propriet\u00e0 di leggerezza e la sua naturale resistenza alla corrosione, che lo rendono una scelta popolare in tutti i settori, da quello automobilistico e aerospaziale ai beni di consumo e alle attrezzature tattiche. Tuttavia, anche il titanio pu\u00f2 beneficiare di una maggiore protezione e personalizzazione, ed \u00e8 qui che entra in gioco Cerakote.<\/p>\n<p style=\"text-align: left;\">Continuate a leggere per saperne di pi\u00f9, oppure:<\/p>\n<a href=\"\/contact\" class=\"button primary\" >\n\t\t<span>Contattate il nostro account manager oggi stesso!<\/span>\n\t<\/a>\n\n\n\n\t\t<\/div>\n\t\t\t\t\t<\/div>\n\n\t\n\n<\/div>\n\t<div class=\"img has-hover x md-x lg-x y md-y lg-y\" id=\"image_1603154840\">\n\t\t\t\t\t\t\t\t<div class=\"img-inner dark\" >\n\t\t\t<img loading=\"lazy\" decoding=\"async\" width=\"1020\" height=\"349\" src=\"https:\/\/www.cerakotesa.com\/wp-content\/uploads\/2025\/05\/02cerakotefortitaniumfullwidth1170x400-dt20250501200548528908-1024x350.jpg\" class=\"attachment-large size-large\" alt=\"\" srcset=\"https:\/\/www.cerakotesa.com\/wp-content\/uploads\/2025\/05\/02cerakotefortitaniumfullwidth1170x400-dt20250501200548528908-1024x350.jpg 1024w, https:\/\/www.cerakotesa.com\/wp-content\/uploads\/2025\/05\/02cerakotefortitaniumfullwidth1170x400-dt20250501200548528908-300x103.jpg 300w, https:\/\/www.cerakotesa.com\/wp-content\/uploads\/2025\/05\/02cerakotefortitaniumfullwidth1170x400-dt20250501200548528908-768x263.jpg 768w, https:\/\/www.cerakotesa.com\/wp-content\/uploads\/2025\/05\/02cerakotefortitaniumfullwidth1170x400-dt20250501200548528908-18x6.jpg 18w, https:\/\/www.cerakotesa.com\/wp-content\/uploads\/2025\/05\/02cerakotefortitaniumfullwidth1170x400-dt20250501200548528908-32x11.jpg 32w, https:\/\/www.cerakotesa.com\/wp-content\/uploads\/2025\/05\/02cerakotefortitaniumfullwidth1170x400-dt20250501200548528908-31x11.jpg 31w, https:\/\/www.cerakotesa.com\/wp-content\/uploads\/2025\/05\/02cerakotefortitaniumfullwidth1170x400-dt20250501200548528908-247x84.jpg 247w, https:\/\/www.cerakotesa.com\/wp-content\/uploads\/2025\/05\/02cerakotefortitaniumfullwidth1170x400-dt20250501200548528908-510x174.jpg 510w, https:\/\/www.cerakotesa.com\/wp-content\/uploads\/2025\/05\/02cerakotefortitaniumfullwidth1170x400-dt20250501200548528908.avif 1170w\" sizes=\"auto, (max-width: 1020px) 100vw, 1020px\" \/>\t\t\t\t\t\t\n\t\t\t\t\t<\/div>\n\t\t\t\t\t\t\t\t\n<style>\n#image_1603154840 {\n  width: 100%;\n}\n<\/style>\n\t<\/div>\n\t\n\n<h2>Perch\u00e9 il Cerakote e il titanio sono un binomio perfetto<\/h2>\n<p>Cerakote \u00e8 un rivestimento a base di ceramica che offre una protezione superiore e opzioni estetiche per le superfici metalliche. Applicato al titanio, Cerakote offre diversi vantaggi chiave:<\/p>\n<div>\n<h4>1. Maggiore resistenza alla corrosione<\/h4>\n<p>Mentre il titanio \u00e8 naturalmente resistente alla corrosione, il Cerakote aggiunge un ulteriore livello di difesa, soprattutto in ambienti estremi. \u00c8 particolarmente utile in ambienti marini, industriali o ad alta umidit\u00e0, dove l'esposizione prolungata a condizioni difficili pu\u00f2 logorare anche i materiali pi\u00f9 resistenti.<\/p>\n<\/div>\n<div>\n<h4>2. Maggiore resistenza all'usura<\/h4>\n<p>Cerakote migliora significativamente la durezza superficiale del titanio, aiutando a prevenire graffi, scalfitture e usura quotidiana. \u00c8 ideale per i prodotti sottoposti a frequenti manipolazioni o abrasioni, come utensili, ingranaggi e componenti automobilistici.<\/p>\n<\/div>\n<div>\n<h4>3. Tolleranza alle alte temperature<\/h4>\n<p>Il Cerakote \u00e8 in grado di resistere alle alte temperature, fornendo una protezione aggiuntiva ai componenti in titanio esposti al calore. Questo lo rende una scelta perfetta per applicazioni come sistemi di scarico, armi da fuoco e attrezzature industriali.<\/p>\n<\/div>\n<div>\n<h4>4. Protezione chimica<\/h4>\n<p>Il Cerakote funge da barriera contro oli, solventi e sostanze chimiche che potrebbero altrimenti danneggiare le superfici in titanio. Ci\u00f2 \u00e8 particolarmente utile nelle applicazioni tattiche, industriali e automobilistiche, dove l'esposizione alle sostanze chimiche \u00e8 comune.<\/p>\n<\/div>\n<div>\n<h4>5. Personalizzazione ed estetica<\/h4>\n<p>Con un'ampia gamma di colori e finiture disponibili, Cerakote consente di realizzare design e marchi personalizzati. Cerakote offre opzioni durevoli e personalizzabili che i rivestimenti tradizionali non possono eguagliare.<\/p>\n<\/div>\n<div>\n<h4>6. Rivestimento leggero<\/h4>\n<p>Il Cerakote aggiunge un peso minimo ai componenti in titanio, preservando il vantaggio di leggerezza del materiale di base. Ci\u00f2 \u00e8 particolarmente importante nei settori in cui il risparmio di peso contribuisce alle prestazioni e all'efficienza.<\/p>\n<\/div>\n<div>\n<h4>7. Applicazioni con tolleranze strette<\/h4>\n<p>Cerakote \u00e8 un rivestimento ultrasottile a base di ceramica, perfetto per le applicazioni con tolleranze ridotte.<\/p>\n<\/div>\n\t<div class=\"img has-hover x md-x lg-x y md-y lg-y\" id=\"image_116616708\">\n\t\t\t\t\t\t\t\t<div class=\"img-inner dark\" >\n\t\t\t<img loading=\"lazy\" decoding=\"async\" width=\"1020\" height=\"349\" src=\"https:\/\/www.cerakotesa.com\/wp-content\/uploads\/2025\/05\/03cerakotefortitaniumfullwidth1170x400-dt20250501200554085032-1024x350.jpg\" class=\"attachment-large size-large\" alt=\"\" srcset=\"https:\/\/www.cerakotesa.com\/wp-content\/uploads\/2025\/05\/03cerakotefortitaniumfullwidth1170x400-dt20250501200554085032-1024x350.jpg 1024w, https:\/\/www.cerakotesa.com\/wp-content\/uploads\/2025\/05\/03cerakotefortitaniumfullwidth1170x400-dt20250501200554085032-300x103.jpg 300w, https:\/\/www.cerakotesa.com\/wp-content\/uploads\/2025\/05\/03cerakotefortitaniumfullwidth1170x400-dt20250501200554085032-768x263.jpg 768w, https:\/\/www.cerakotesa.com\/wp-content\/uploads\/2025\/05\/03cerakotefortitaniumfullwidth1170x400-dt20250501200554085032-18x6.jpg 18w, https:\/\/www.cerakotesa.com\/wp-content\/uploads\/2025\/05\/03cerakotefortitaniumfullwidth1170x400-dt20250501200554085032-32x11.jpg 32w, https:\/\/www.cerakotesa.com\/wp-content\/uploads\/2025\/05\/03cerakotefortitaniumfullwidth1170x400-dt20250501200554085032-31x11.jpg 31w, https:\/\/www.cerakotesa.com\/wp-content\/uploads\/2025\/05\/03cerakotefortitaniumfullwidth1170x400-dt20250501200554085032-247x84.jpg 247w, https:\/\/www.cerakotesa.com\/wp-content\/uploads\/2025\/05\/03cerakotefortitaniumfullwidth1170x400-dt20250501200554085032-510x174.jpg 510w, https:\/\/www.cerakotesa.com\/wp-content\/uploads\/2025\/05\/03cerakotefortitaniumfullwidth1170x400-dt20250501200554085032.avif 1170w\" sizes=\"auto, (max-width: 1020px) 100vw, 1020px\" \/>\t\t\t\t\t\t\n\t\t\t\t\t<\/div>\n\t\t\t\t\t\t\t\t\n<style>\n#image_116616708 {\n  width: 100%;\n}\n<\/style>\n\t<\/div>\n\t\n\n<h2>Applicazioni per Cerakote su titanio<\/h2>\n<ul>\n<li><strong><span style=\"color: #f69422;\">Parti di ricambio per autoveicoli:<\/strong>\u00a0Collettori, sistemi di scarico e componenti del motore personalizzati.<\/li>\n<li><strong><span style=\"color: #f69422;\">1TP233Armi e equipaggiamento tattico:<\/strong>\u00a0Telai, canne e accessori.<\/li>\n<li><strong><span style=\"color: #f69422;\">Attrezzatura per l'outdoor e l'EDC:<\/strong>\u00a0Coltelli, utensili e ferramenta.<\/li>\n<li><strong><span style=\"color: #f69422;\">Componenti aerospaziali:<\/strong>\u00a0Componenti leggeri e durevoli che richiedono resistenza al calore e alla corrosione.<\/li>\n<li><strong><span style=\"color: #f69422;\">Dispositivi medici:<\/strong>\u00a0Superfici non reattive e facili da pulire.<\/li>\n<\/ul>\n\n\t<div class=\"img has-hover x md-x lg-x y md-y lg-y\" id=\"image_1577881345\">\n\t\t\t\t\t\t\t\t<div class=\"img-inner dark\" >\n\t\t\t<img loading=\"lazy\" decoding=\"async\" width=\"1020\" height=\"567\" src=\"https:\/\/www.cerakotesa.com\/wp-content\/uploads\/2025\/05\/04cerakotefortitaniumcarousel11170x650-dt20250501200547335025-1024x569.jpg\" class=\"attachment-large size-large\" alt=\"\" srcset=\"https:\/\/www.cerakotesa.com\/wp-content\/uploads\/2025\/05\/04cerakotefortitaniumcarousel11170x650-dt20250501200547335025-1024x569.jpg 1024w, https:\/\/www.cerakotesa.com\/wp-content\/uploads\/2025\/05\/04cerakotefortitaniumcarousel11170x650-dt20250501200547335025-300x167.jpg 300w, https:\/\/www.cerakotesa.com\/wp-content\/uploads\/2025\/05\/04cerakotefortitaniumcarousel11170x650-dt20250501200547335025-768x427.jpg 768w, https:\/\/www.cerakotesa.com\/wp-content\/uploads\/2025\/05\/04cerakotefortitaniumcarousel11170x650-dt20250501200547335025-18x10.jpg 18w, https:\/\/www.cerakotesa.com\/wp-content\/uploads\/2025\/05\/04cerakotefortitaniumcarousel11170x650-dt20250501200547335025-32x18.jpg 32w, https:\/\/www.cerakotesa.com\/wp-content\/uploads\/2025\/05\/04cerakotefortitaniumcarousel11170x650-dt20250501200547335025-31x17.jpg 31w, https:\/\/www.cerakotesa.com\/wp-content\/uploads\/2025\/05\/04cerakotefortitaniumcarousel11170x650-dt20250501200547335025-247x137.jpg 247w, https:\/\/www.cerakotesa.com\/wp-content\/uploads\/2025\/05\/04cerakotefortitaniumcarousel11170x650-dt20250501200547335025-510x283.jpg 510w, https:\/\/www.cerakotesa.com\/wp-content\/uploads\/2025\/05\/04cerakotefortitaniumcarousel11170x650-dt20250501200547335025.avif 1170w\" sizes=\"auto, (max-width: 1020px) 100vw, 1020px\" \/>\t\t\t\t\t\t\n\t\t\t\t\t<\/div>\n\t\t\t\t\t\t\t\t\n<style>\n#image_1577881345 {\n  width: 100%;\n}\n<\/style>\n\t<\/div>\n\t\n\n<h2>Contattateci per sapere come il Cerakote pu\u00f2 essere incorporato nel vostro prodotto o progetto.<\/h2>\n<p>La combinazione della resistenza intrinseca del titanio con le propriet\u00e0 protettive avanzate di Cerakote crea una potente sinergia. Che si tratti di prestazioni, protezione o personalizzazione, Cerakote sul titanio offre vantaggi ineguagliabili che prolungano la vita, la funzionalit\u00e0 e il fascino dei vostri prodotti.<\/p>\n<p> Contattate un Account Manager al seguente indirizzo <\/span><a style=\"font-size: 14.4px;\" href=\"mailto:enquiries@cerakoteeu.com\" target=\"_blank\" rel=\"noopener\">enquiries@cerakoteeu.com<\/a>e scoprire come Cerakote pu\u00f2 essere personalizzato per la vostra specifica applicazione Titanium!<\/span><\/h2>\n\n\t\t<\/div>\n\t\t\t\t\t<\/div>\n\n\t\n\n<\/div>\n\n\t\t<\/div>\n\n\t\t\n<style>\n#section_823165951 {\n  padding-top: 0px;\n  padding-bottom: 0px;\n  background-color: rgb(255,255,255);\n}\n<\/style>\n\t<\/section>","protected":false},"excerpt":{"rendered":"","protected":false},"author":1,"featured_media":0,"parent":0,"menu_order":0,"comment_status":"closed","ping_status":"closed","template":"","meta":{"_acf_changed":false,"footnotes":""},"class_list":["post-22111","page","type-page","status-publish","hentry"],"yoast_head":"<!-- This site is optimized with the Yoast SEO plugin v26.7 - https:\/\/yoast.com\/wordpress\/plugins\/seo\/ -->\n<title>Cerakote for Titanium - Cerakote South Africa<\/title>\n<meta name=\"robots\" content=\"index, follow, max-snippet:-1, max-image-preview:large, max-video-preview:-1\" \/>\n<link rel=\"canonical\" href=\"https:\/\/www.cerakotesa.com\/it\/cerakote-for-titanium\/\" \/>\n<meta property=\"og:locale\" content=\"it_IT\" \/>\n<meta property=\"og:type\" content=\"article\" \/>\n<meta property=\"og:title\" content=\"Cerakote for Titanium - Cerakote South Africa\" \/>\n<meta property=\"og:url\" content=\"https:\/\/www.cerakotesa.com\/it\/cerakote-for-titanium\/\" \/>\n<meta property=\"og:site_name\" content=\"Cerakote South Africa\" \/>\n<meta property=\"article:modified_time\" content=\"2025-05-26T12:15:10+00:00\" \/>\n<meta name=\"twitter:card\" content=\"summary_large_image\" \/>\n<script type=\"application\/ld+json\" class=\"yoast-schema-graph\">{\"@context\":\"https:\/\/schema.org\",\"@graph\":[{\"@type\":\"WebPage\",\"@id\":\"https:\/\/www.cerakotesa.com\/cerakote-for-titanium\/\",\"url\":\"https:\/\/www.cerakotesa.com\/cerakote-for-titanium\/\",\"name\":\"Cerakote for Titanium - Cerakote South Africa\",\"isPartOf\":{\"@id\":\"https:\/\/www.cerakotesa.com\/#website\"},\"datePublished\":\"2025-05-22T14:33:18+00:00\",\"dateModified\":\"2025-05-26T12:15:10+00:00\",\"breadcrumb\":{\"@id\":\"https:\/\/www.cerakotesa.com\/cerakote-for-titanium\/#breadcrumb\"},\"inLanguage\":\"it-IT\",\"potentialAction\":[{\"@type\":\"ReadAction\",\"target\":[\"https:\/\/www.cerakotesa.com\/cerakote-for-titanium\/\"]}]},{\"@type\":\"BreadcrumbList\",\"@id\":\"https:\/\/www.cerakotesa.com\/cerakote-for-titanium\/#breadcrumb\",\"itemListElement\":[{\"@type\":\"ListItem\",\"position\":1,\"name\":\"Home\",\"item\":\"https:\/\/www.cerakotesa.com\/\"},{\"@type\":\"ListItem\",\"position\":2,\"name\":\"Cerakote for Titanium\"}]},{\"@type\":\"WebSite\",\"@id\":\"https:\/\/www.cerakotesa.com\/#website\",\"url\":\"https:\/\/www.cerakotesa.com\/\",\"name\":\"Cerakote South Africa\",\"description\":\"Cerakote is a global leader in the manufacturing of thin-film protective ceramic coatings\",\"potentialAction\":[{\"@type\":\"SearchAction\",\"target\":{\"@type\":\"EntryPoint\",\"urlTemplate\":\"https:\/\/www.cerakotesa.com\/?s={search_term_string}\"},\"query-input\":{\"@type\":\"PropertyValueSpecification\",\"valueRequired\":true,\"valueName\":\"search_term_string\"}}],\"inLanguage\":\"it-IT\"}]}<\/script>\n<!-- \/ Yoast SEO plugin. -->","yoast_head_json":{"title":"Cerakote for Titanium - Cerakote South Africa","robots":{"index":"index","follow":"follow","max-snippet":"max-snippet:-1","max-image-preview":"max-image-preview:large","max-video-preview":"max-video-preview:-1"},"canonical":"https:\/\/www.cerakotesa.com\/it\/cerakote-for-titanium\/","og_locale":"it_IT","og_type":"article","og_title":"Cerakote for Titanium - Cerakote South Africa","og_url":"https:\/\/www.cerakotesa.com\/it\/cerakote-for-titanium\/","og_site_name":"Cerakote South Africa","article_modified_time":"2025-05-26T12:15:10+00:00","twitter_card":"summary_large_image","schema":{"@context":"https:\/\/schema.org","@graph":[{"@type":"WebPage","@id":"https:\/\/www.cerakotesa.com\/cerakote-for-titanium\/","url":"https:\/\/www.cerakotesa.com\/cerakote-for-titanium\/","name":"Cerakote for Titanium - Cerakote South Africa","isPartOf":{"@id":"https:\/\/www.cerakotesa.com\/#website"},"datePublished":"2025-05-22T14:33:18+00:00","dateModified":"2025-05-26T12:15:10+00:00","breadcrumb":{"@id":"https:\/\/www.cerakotesa.com\/cerakote-for-titanium\/#breadcrumb"},"inLanguage":"it-IT","potentialAction":[{"@type":"ReadAction","target":["https:\/\/www.cerakotesa.com\/cerakote-for-titanium\/"]}]},{"@type":"BreadcrumbList","@id":"https:\/\/www.cerakotesa.com\/cerakote-for-titanium\/#breadcrumb","itemListElement":[{"@type":"ListItem","position":1,"name":"Home","item":"https:\/\/www.cerakotesa.com\/"},{"@type":"ListItem","position":2,"name":"Cerakote for Titanium"}]},{"@type":"WebSite","@id":"https:\/\/www.cerakotesa.com\/#website","url":"https:\/\/www.cerakotesa.com\/","name":"Cerakote South Africa","description":"Cerakote \u00e8 leader mondiale nella produzione di rivestimenti ceramici protettivi a film sottile.","potentialAction":[{"@type":"SearchAction","target":{"@type":"EntryPoint","urlTemplate":"https:\/\/www.cerakotesa.com\/?s={search_term_string}"},"query-input":{"@type":"PropertyValueSpecification","valueRequired":true,"valueName":"search_term_string"}}],"inLanguage":"it-IT"}]}},"acf":[],"_links":{"self":[{"href":"https:\/\/www.cerakotesa.com\/it\/wp-json\/wp\/v2\/pages\/22111","targetHints":{"allow":["GET"]}}],"collection":[{"href":"https:\/\/www.cerakotesa.com\/it\/wp-json\/wp\/v2\/pages"}],"about":[{"href":"https:\/\/www.cerakotesa.com\/it\/wp-json\/wp\/v2\/types\/page"}],"author":[{"embeddable":true,"href":"https:\/\/www.cerakotesa.com\/it\/wp-json\/wp\/v2\/users\/1"}],"replies":[{"embeddable":true,"href":"https:\/\/www.cerakotesa.com\/it\/wp-json\/wp\/v2\/comments?post=22111"}],"version-history":[{"count":0,"href":"https:\/\/www.cerakotesa.com\/it\/wp-json\/wp\/v2\/pages\/22111\/revisions"}],"wp:attachment":[{"href":"https:\/\/www.cerakotesa.com\/it\/wp-json\/wp\/v2\/media?parent=22111"}],"curies":[{"name":"wp","href":"https:\/\/api.w.org\/{rel}","templated":true}]}}