{"id":4074,"date":"2020-07-31T21:36:50","date_gmt":"2020-07-31T20:36:50","guid":{"rendered":"https:\/\/www.cerakote.co.uk\/?page_id=4074"},"modified":"2023-11-10T11:27:43","modified_gmt":"2023-11-10T11:27:43","slug":"what-equipment-do-i-need-to-start-applying-cerakote","status":"publish","type":"page","link":"https:\/\/www.cerakotesa.com\/it\/knowledge-base\/what-equipment-do-i-need-to-start-applying-cerakote\/","title":{"rendered":"Di quale attrezzatura ho bisogno per iniziare ad applicare il Cerakote?"},"content":{"rendered":"<h2>ATTREZZATURA CONSIGLIATA<\/h2>\n<p>Raccomandiamo sempre di utilizzare attrezzature di qualit\u00e0 per ottenere i migliori risultati quando si utilizzano i prodotti Cerakote. L'attrezzatura elencata \u00e8 quella che raccomandiamo e utilizziamo presso la sede centrale di Cerakote. Per i produttori che applicano Cerakote a livello professionale, consigliamo vivamente di investire nell'attrezzatura consigliata, o in qualcosa di simile per qualit\u00e0 e qualit\u00e0. L'investimento in attrezzature di qualit\u00e0 garantir\u00e0 una finitura e prestazioni soddisfacenti, aumentando al contempo l'efficienza produttiva e riducendo i costi grazie alla riduzione della manutenzione e dei tempi di inattivit\u00e0.<\/p>\n<p>Ecco un elenco delle attrezzature professionali che consigliamo per iniziare ad applicare il Cerakote:<\/p>\n\t<div class=\"img has-hover x md-x lg-x y md-y lg-y\" id=\"image_963194178\">\n\t\t\t\t\t\t\t\t<div class=\"img-inner dark\" >\n\t\t\t<img loading=\"lazy\" decoding=\"async\" width=\"1020\" height=\"680\" src=\"https:\/\/www.cerakotesa.com\/wp-content\/uploads\/2020\/07\/equipment_1-1024x683.jpg\" class=\"attachment-large size-large\" alt=\"Attrezzatura Cerakote\" srcset=\"https:\/\/www.cerakotesa.com\/wp-content\/uploads\/2020\/07\/equipment_1-1024x683.jpg 1024w, https:\/\/www.cerakotesa.com\/wp-content\/uploads\/2020\/07\/equipment_1-247x165.jpg 247w, https:\/\/www.cerakotesa.com\/wp-content\/uploads\/2020\/07\/equipment_1-510x340.jpg 510w, https:\/\/www.cerakotesa.com\/wp-content\/uploads\/2020\/07\/equipment_1-300x200.jpg 300w, https:\/\/www.cerakotesa.com\/wp-content\/uploads\/2020\/07\/equipment_1-768x512.jpg 768w, https:\/\/www.cerakotesa.com\/wp-content\/uploads\/2020\/07\/equipment_1.jpg 1200w\" sizes=\"auto, (max-width: 1020px) 100vw, 1020px\" \/>\t\t\t\t\t\t\n\t\t\t\t\t<\/div>\n\t\t\t\t\t\t\t\t\n<style>\n#image_963194178 {\n  width: 96%;\n}\n<\/style>\n\t<\/div>\n\t\n\n\t<div class=\"img has-hover x md-x lg-x y md-y lg-y\" id=\"image_653454905\">\n\t\t\t\t\t\t\t\t<div class=\"img-inner dark\" >\n\t\t\t<img loading=\"lazy\" decoding=\"async\" width=\"1020\" height=\"600\" src=\"https:\/\/www.cerakotesa.com\/wp-content\/uploads\/2020\/07\/equipment_12-1024x602.jpg\" class=\"attachment-large size-large\" alt=\"\" srcset=\"https:\/\/www.cerakotesa.com\/wp-content\/uploads\/2020\/07\/equipment_12-1024x602.jpg 1024w, https:\/\/www.cerakotesa.com\/wp-content\/uploads\/2020\/07\/equipment_12-247x145.jpg 247w, https:\/\/www.cerakotesa.com\/wp-content\/uploads\/2020\/07\/equipment_12-510x300.jpg 510w, https:\/\/www.cerakotesa.com\/wp-content\/uploads\/2020\/07\/equipment_12-300x177.jpg 300w, https:\/\/www.cerakotesa.com\/wp-content\/uploads\/2020\/07\/equipment_12-768x452.jpg 768w, https:\/\/www.cerakotesa.com\/wp-content\/uploads\/2020\/07\/equipment_12.jpg 1200w\" sizes=\"auto, (max-width: 1020px) 100vw, 1020px\" \/>\t\t\t\t\t\t\n\t\t\t\t\t<\/div>\n\t\t\t\t\t\t\t\t\n<style>\n#image_653454905 {\n  width: 100%;\n}\n<\/style>\n\t<\/div>\n\t\n\n<p><strong>Altre parti\/strumenti necessari:<\/strong><\/p>\n<ul>\n<li><a href=\"\/product\/degreasing-tank-se-272\/\">Serbatoio di sgrassaggio<\/a><\/li>\n<li>Solvente per sgrassare e pulire<\/li>\n<li>Guanti in lattice senza polvere<\/li>\n<li><a href=\"\/product\/iwata-lph80-spray-gun-kit-se-138\/\">Kit pistola a spruzzo IWATA LPH-80<\/a><\/li>\n<li>Tubo dell'aria<\/li>\n<li><a href=\"http:\/\/product\/iwata-lph80-spray-gun-kit-se-138\/\" data-wplink-url-error=\"true\">Kit di pulizia per pistole a spruzzo IWATA<\/a><\/li>\n<li><a href=\"http:\/\/product\/cerakote-hook-kit-se-195\/\" data-wplink-url-error=\"true\">Kit gancio Cerakote<\/a><\/li>\n<li><a href=\"\/product\/mil-thickness-gauge-se-321\/\">Misuratore di spessore Cerakote Mil<\/a><\/li>\n<li>Sand Mezzi di sabbiatura (# ossido di alluminio o sabbia granata con grana 100)<\/li>\n<li>DPI (dispositivi di protezione individuale)<\/li>\n<\/ul>\n<p>Per ulteriori domande sulle attrezzature, non esitate a contattarci via e-mail all'indirizzo technicalsupport@cerakote.com o a chiamarci al numero 1-866-774-7628.<\/p>\n<p>Per una corretta applicazione del Cerakote, fare riferimento alle istruzioni per l'uso. <a href=\"https:\/\/www.cerakotesa.com\/wp-content\/uploads\/2020\/08\/training-manual-dt20200117031124869.pdf\">Manuale di formazione Cerakote<\/a> o consultare il manuale su <a href=\"https:\/\/www.youtube.com\/watch?v=cuqo8f_7foU\">YouTube<\/a>.<\/p>","protected":false},"excerpt":{"rendered":"","protected":false},"author":1,"featured_media":0,"parent":3966,"menu_order":0,"comment_status":"closed","ping_status":"closed","template":"","meta":{"_acf_changed":false,"footnotes":""},"class_list":["post-4074","page","type-page","status-publish","hentry"],"yoast_head":"<!-- This site is optimized with the Yoast SEO plugin v26.7 - https:\/\/yoast.com\/wordpress\/plugins\/seo\/ -->\n<title>What Equipment Do I Need to Start Applying Cerakote? - Cerakote South Africa<\/title>\n<meta name=\"robots\" content=\"index, follow, max-snippet:-1, max-image-preview:large, max-video-preview:-1\" \/>\n<link rel=\"canonical\" href=\"https:\/\/www.cerakotesa.com\/it\/knowledge-base\/what-equipment-do-i-need-to-start-applying-cerakote\/\" \/>\n<meta property=\"og:locale\" content=\"it_IT\" \/>\n<meta property=\"og:type\" content=\"article\" \/>\n<meta property=\"og:title\" content=\"What Equipment Do I Need to Start Applying Cerakote? - Cerakote South Africa\" \/>\n<meta property=\"og:url\" content=\"https:\/\/www.cerakotesa.com\/it\/knowledge-base\/what-equipment-do-i-need-to-start-applying-cerakote\/\" \/>\n<meta property=\"og:site_name\" content=\"Cerakote South Africa\" \/>\n<meta property=\"article:modified_time\" content=\"2023-11-10T11:27:43+00:00\" \/>\n<meta name=\"twitter:card\" content=\"summary_large_image\" \/>\n<meta name=\"twitter:label1\" content=\"Tempo di lettura stimato\" \/>\n\t<meta name=\"twitter:data1\" content=\"1 minuto\" \/>\n<script type=\"application\/ld+json\" class=\"yoast-schema-graph\">{\"@context\":\"https:\/\/schema.org\",\"@graph\":[{\"@type\":\"WebPage\",\"@id\":\"https:\/\/www.cerakotesa.com\/knowledge-base\/what-equipment-do-i-need-to-start-applying-cerakote\/\",\"url\":\"https:\/\/www.cerakotesa.com\/knowledge-base\/what-equipment-do-i-need-to-start-applying-cerakote\/\",\"name\":\"What Equipment Do I Need to Start Applying Cerakote? - Cerakote South Africa\",\"isPartOf\":{\"@id\":\"https:\/\/www.cerakotesa.com\/#website\"},\"datePublished\":\"2020-07-31T20:36:50+00:00\",\"dateModified\":\"2023-11-10T11:27:43+00:00\",\"breadcrumb\":{\"@id\":\"https:\/\/www.cerakotesa.com\/knowledge-base\/what-equipment-do-i-need-to-start-applying-cerakote\/#breadcrumb\"},\"inLanguage\":\"it-IT\",\"potentialAction\":[{\"@type\":\"ReadAction\",\"target\":[\"https:\/\/www.cerakotesa.com\/knowledge-base\/what-equipment-do-i-need-to-start-applying-cerakote\/\"]}]},{\"@type\":\"BreadcrumbList\",\"@id\":\"https:\/\/www.cerakotesa.com\/knowledge-base\/what-equipment-do-i-need-to-start-applying-cerakote\/#breadcrumb\",\"itemListElement\":[{\"@type\":\"ListItem\",\"position\":1,\"name\":\"Home\",\"item\":\"https:\/\/www.cerakotesa.com\/\"},{\"@type\":\"ListItem\",\"position\":2,\"name\":\"Knowledge Base\",\"item\":\"https:\/\/www.cerakotesa.com\/knowledge-base\/\"},{\"@type\":\"ListItem\",\"position\":3,\"name\":\"What Equipment Do I Need to Start Applying Cerakote?\"}]},{\"@type\":\"WebSite\",\"@id\":\"https:\/\/www.cerakotesa.com\/#website\",\"url\":\"https:\/\/www.cerakotesa.com\/\",\"name\":\"Cerakote South Africa\",\"description\":\"Cerakote is a global leader in the manufacturing of thin-film protective ceramic coatings\",\"potentialAction\":[{\"@type\":\"SearchAction\",\"target\":{\"@type\":\"EntryPoint\",\"urlTemplate\":\"https:\/\/www.cerakotesa.com\/?s={search_term_string}\"},\"query-input\":{\"@type\":\"PropertyValueSpecification\",\"valueRequired\":true,\"valueName\":\"search_term_string\"}}],\"inLanguage\":\"it-IT\"}]}<\/script>\n<!-- \/ Yoast SEO plugin. -->","yoast_head_json":{"title":"What Equipment Do I Need to Start Applying Cerakote? - Cerakote South Africa","robots":{"index":"index","follow":"follow","max-snippet":"max-snippet:-1","max-image-preview":"max-image-preview:large","max-video-preview":"max-video-preview:-1"},"canonical":"https:\/\/www.cerakotesa.com\/it\/knowledge-base\/what-equipment-do-i-need-to-start-applying-cerakote\/","og_locale":"it_IT","og_type":"article","og_title":"What Equipment Do I Need to Start Applying Cerakote? - Cerakote South Africa","og_url":"https:\/\/www.cerakotesa.com\/it\/knowledge-base\/what-equipment-do-i-need-to-start-applying-cerakote\/","og_site_name":"Cerakote South Africa","article_modified_time":"2023-11-10T11:27:43+00:00","twitter_card":"summary_large_image","twitter_misc":{"Tempo di lettura stimato":"1 minuto"},"schema":{"@context":"https:\/\/schema.org","@graph":[{"@type":"WebPage","@id":"https:\/\/www.cerakotesa.com\/knowledge-base\/what-equipment-do-i-need-to-start-applying-cerakote\/","url":"https:\/\/www.cerakotesa.com\/knowledge-base\/what-equipment-do-i-need-to-start-applying-cerakote\/","name":"What Equipment Do I Need to Start Applying Cerakote? - Cerakote South Africa","isPartOf":{"@id":"https:\/\/www.cerakotesa.com\/#website"},"datePublished":"2020-07-31T20:36:50+00:00","dateModified":"2023-11-10T11:27:43+00:00","breadcrumb":{"@id":"https:\/\/www.cerakotesa.com\/knowledge-base\/what-equipment-do-i-need-to-start-applying-cerakote\/#breadcrumb"},"inLanguage":"it-IT","potentialAction":[{"@type":"ReadAction","target":["https:\/\/www.cerakotesa.com\/knowledge-base\/what-equipment-do-i-need-to-start-applying-cerakote\/"]}]},{"@type":"BreadcrumbList","@id":"https:\/\/www.cerakotesa.com\/knowledge-base\/what-equipment-do-i-need-to-start-applying-cerakote\/#breadcrumb","itemListElement":[{"@type":"ListItem","position":1,"name":"Home","item":"https:\/\/www.cerakotesa.com\/"},{"@type":"ListItem","position":2,"name":"Knowledge Base","item":"https:\/\/www.cerakotesa.com\/knowledge-base\/"},{"@type":"ListItem","position":3,"name":"What Equipment Do I Need to Start Applying Cerakote?"}]},{"@type":"WebSite","@id":"https:\/\/www.cerakotesa.com\/#website","url":"https:\/\/www.cerakotesa.com\/","name":"Cerakote South Africa","description":"Cerakote \u00e8 leader mondiale nella produzione di rivestimenti ceramici protettivi a film sottile.","potentialAction":[{"@type":"SearchAction","target":{"@type":"EntryPoint","urlTemplate":"https:\/\/www.cerakotesa.com\/?s={search_term_string}"},"query-input":{"@type":"PropertyValueSpecification","valueRequired":true,"valueName":"search_term_string"}}],"inLanguage":"it-IT"}]}},"acf":[],"_links":{"self":[{"href":"https:\/\/www.cerakotesa.com\/it\/wp-json\/wp\/v2\/pages\/4074","targetHints":{"allow":["GET"]}}],"collection":[{"href":"https:\/\/www.cerakotesa.com\/it\/wp-json\/wp\/v2\/pages"}],"about":[{"href":"https:\/\/www.cerakotesa.com\/it\/wp-json\/wp\/v2\/types\/page"}],"author":[{"embeddable":true,"href":"https:\/\/www.cerakotesa.com\/it\/wp-json\/wp\/v2\/users\/1"}],"replies":[{"embeddable":true,"href":"https:\/\/www.cerakotesa.com\/it\/wp-json\/wp\/v2\/comments?post=4074"}],"version-history":[{"count":0,"href":"https:\/\/www.cerakotesa.com\/it\/wp-json\/wp\/v2\/pages\/4074\/revisions"}],"up":[{"embeddable":true,"href":"https:\/\/www.cerakotesa.com\/it\/wp-json\/wp\/v2\/pages\/3966"}],"wp:attachment":[{"href":"https:\/\/www.cerakotesa.com\/it\/wp-json\/wp\/v2\/media?parent=4074"}],"curies":[{"name":"wp","href":"https:\/\/api.w.org\/{rel}","templated":true}]}}