{"id":6949,"date":"2021-06-15T20:12:08","date_gmt":"2021-06-15T19:12:08","guid":{"rendered":"https:\/\/www.cerakote.co.uk\/cerakote-industries\/automotive-copy\/"},"modified":"2023-07-26T11:29:33","modified_gmt":"2023-07-26T11:29:33","slug":"oil-and-gas","status":"publish","type":"page","link":"https:\/\/www.cerakotesa.com\/it\/cerakote-industries\/oil-and-gas\/","title":{"rendered":"Protezione Cerakote per le industrie del petrolio e del gas | Cerakote nell'industria"},"content":{"rendered":"<section class=\"section\" id=\"section_736095947\">\n\t\t<div class=\"section-bg fill\" >\n\t\t\t\t\t\t\t\t\t\n\t\t\t\n\n\t\t<\/div>\n\n\t\t\n\n\t\t<div class=\"section-content relative\">\n\t\t\t\n\n<div class=\"row\" style=\"max-width:1170px\" id=\"row-2103434809\">\n\n\n\t<div id=\"col-1850215200\" class=\"col small-12 large-12\"  >\n\t\t\t\t<div class=\"col-inner\"  >\n\t\t\t\n\t\t\t\n\n\n  <div class=\"banner has-hover\" id=\"banner-286687458\">\n          <div class=\"banner-inner fill\">\n        <div class=\"banner-bg fill\" >\n            <img loading=\"lazy\" decoding=\"async\" width=\"1170\" height=\"400\" src=\"https:\/\/www.cerakotesa.com\/wp-content\/uploads\/2022\/07\/oil-gashero1170x400-dt20210203184929477.webp\" class=\"bg attachment-original size-original\" alt=\"\" \/>                                    \n                    <\/div>\n\t\t\n        <div class=\"banner-layers container\">\n            <div class=\"fill banner-link\"><\/div>            \n\n   <div id=\"text-box-1850493679\" class=\"text-box banner-layer x50 md-x50 lg-x50 y50 md-y50 lg-y50 res-text\">\n                                <div class=\"text-box-content text dark\">\n              \n              <div class=\"text-inner text-center\">\n                  \n\n\t<div id=\"text-3685285448\" class=\"text\">\n\t\t\n\n<div class=\"row h1\"><h1><strong>PROTEZIONE DALLA CORROSIONE PER L'INDUSTRIA PETROLIFERA E DEL GAS<\/strong><\/span><\/h1><\/div>\n\t\t\n<style>\n#text-3685285448 {\n  color: rgb(255, 255, 255);\n}\n#text-3685285448 > * {\n  color: rgb(255, 255, 255);\n}\n<\/style>\n\t<\/div>\n\t\n\n              <\/div>\n           <\/div>\n                            \n<style>\n#text-box-1850493679 {\n  margin: 1px 0px 0px 0px;\n  width: 60%;\n}\n#text-box-1850493679 .text-box-content {\n  background-color: rgba(0, 0, 0, 0.75);\n  font-size: 100%;\n}\n#text-box-1850493679 .text-inner {\n  padding: 28px 19px 18px 19px;\n}\n<\/style>\n    <\/div>\n \n\n        <\/div>\n      <\/div>\n\n            \n<style>\n#banner-286687458 {\n  padding-top: 500px;\n}\n<\/style>\n  <\/div>\n\n\n\n\t\t<\/div>\n\t\t\t\t\t<\/div>\n\n\t\n\n<\/div>\n\n\t\t<\/div>\n\n\t\t\n<style>\n#section_736095947 {\n  padding-top: 0px;\n  padding-bottom: 0px;\n}\n<\/style>\n\t<\/section>\n\t\n\n\t<section class=\"section\" id=\"section_603687525\">\n\t\t<div class=\"section-bg fill\" >\n\t\t\t\t\t\t\t\t\t\n\t\t\t\n\n\t\t<\/div>\n\n\t\t\n\n\t\t<div class=\"section-content relative\">\n\t\t\t\n\n<div class=\"row\" style=\"max-width:1170px\" id=\"row-1575607022\">\n\n\n\t<div id=\"col-36818843\" class=\"col small-12 large-12\"  >\n\t\t\t\t<div class=\"col-inner\"  >\n\t\t\t\n\t\t\t\n\n<p>I rivestimenti ceramici Cerakote aumentano la longevit\u00e0 dei componenti aggiungendo la migliore protezione anticorrosione del settore in un rivestimento a film sottile ultraresistente. Sebbene altri rivestimenti dichiarino grandi numeri in termini di corrosione, semplicemente non sono in grado di garantire i risultati sulle parti pi\u00f9 importanti.<\/p>\n<p>Le parti a tolleranza stretta, come filettature e valvole, sono generalmente non rivestite a causa dei limiti di tolleranza delle vernici spesse, delle vernici in polvere e dello spray al plasma. Ci\u00f2 lascia esposte e non protette le aree pi\u00f9 critiche della vostra attivit\u00e0. Cerakote non solo offre la migliore protezione contro la corrosione del settore, ma pu\u00f2 anche essere applicato all'intero pezzo (esterno e interno, senza bisogno di costose mascherature), comprese le filettature, le valvole e le giranti pi\u00f9 difficili.<\/p>\n<h2><span style=\"color: #f69422\">IL CERAKOTE \u00c8 NOTO PER:<\/strong><\/h2>\n<ul>\n<li>Protezione dalla corrosione ineguagliabile: con uno spessore di 1 mil, i nostri rivestimenti superano senza problemi le 4.000 ore di test di corrosione in nebbia salina (ASTM B117).<\/li>\n<li>Eccellente protezione chimica - ideale per l'esposizione ad acidi, soluzioni alcaline, fluidi di perforazione, oli grezzi e sottoprodotti, fluidi idraulici e altro ancora.<\/li>\n<li>Eccellente resistenza all'abrasione - gestisce ambienti ad alta ciclicit\u00e0 e alta usura. Durezza 9H e oltre 5.000 cicli per millimetro di resistenza all'abrasione (ASTM D4060).<\/li>\n<li>Flessibilit\u00e0 - Il design a film sottile di Cerakote consente al rivestimento di flettersi con il substrato. Ottimo per l'espansione termica e gli ambienti ad alta vibrazione.<\/li>\n<li>Non \u00e8 necessaria la mascheratura - Risparmiate tempo e denaro eliminando la costosa mascheratura durante il processo di verniciatura.<\/li>\n<li>Applicazioni con tolleranze strette - eccellente per l'uso su filettature, elementi di fissaggio, valori, pompe e parti interne dove non \u00e8 possibile applicare vernici e rivestimenti in polvere.<\/li>\n<li>Applicazioni ad alta temperatura - Rivestimenti formulati per resistere a temperature fino a 1.800\u00b0 F, compresa la resistenza agli shock termici, senza effetti negativi.<\/li>\n<li>Coefficiente di attrito superiore - CoF di 0,11 che supera i rivestimenti in PTFE attualmente in commercio.<\/li>\n<\/ul>\n<p>Le aziende di tutto il mondo utilizzano Cerakote per la sua resistenza chimica, la protezione dalla corrosione, la durata e le finiture con tolleranze ridotte. Cerakote viene applicato al 100% del pezzo senza alcuna mascheratura, garantendo cos\u00ec una protezione e una durata leader nel settore senza eccezioni.<\/p>\n<p>Questa testimonianza proviene da uno dei nostri clienti del Bacino Permiano che ha testato i nostri prodotti sul campo e ha deciso di passare a Cerakote grazie al radicale aumento dei tempi di attivit\u00e0 e delle prestazioni:<\/p>\n\t<div id=\"text-1451759240\" class=\"text\">\n\t\t\n\n<blockquote>Abbiamo iniziato a utilizzare Cerakote circa due anni fa. In passato, abbiamo utilizzato un rivestimento epossidico per proteggere i nostri componenti in acciaio e ghisa duttile. La maggior parte dei guasti si verificava nelle filettature che non potevano essere rivestite. Utilizzando Cerakote, che ci permette di rivestire le filettature, abbiamo aumentato la durata delle nostre connessioni. Ci\u00f2 che veniva cambiato ogni due o quattro mesi, ora dura pi\u00f9 di diciotto mesi. Stiamo passando dai raccordi filettati con rivestimento epossidico al Cerakote, man mano che i raccordi in acciaio si usurano e vengono sostituiti. - Chris Vestal (Supervisore della produzione; Layline Energy)<\/blockquote>\n\t\t\n<style>\n#text-1451759240 {\n  font-size: 0.75rem;\n}\n<\/style>\n\t<\/div>\n\t\n\n\t\t<\/div>\n\t\t\t\t\t<\/div>\n\n\t\n\n<\/div>\n\n\t\t<\/div>\n\n\t\t\n<style>\n#section_603687525 {\n  padding-top: 30px;\n  padding-bottom: 30px;\n}\n<\/style>\n\t<\/section>\n\t\n\n\t<section class=\"section\" id=\"section_1781246540\">\n\t\t<div class=\"section-bg fill\" >\n\t\t\t\t\t\t\t\t\t\n\t\t\t\n\n\t\t<\/div>\n\n\t\t\n\n\t\t<div class=\"section-content relative\">\n\t\t\t\n\n<div class=\"row\" style=\"max-width:1170px\" id=\"row-292450007\">\n\n\n\t<div id=\"col-383939952\" class=\"col small-12 large-12\"  >\n\t\t\t\t<div class=\"col-inner\"  >\n\t\t\t\n\t\t\t\n\n\t<div class=\"img has-hover x md-x lg-x y md-y lg-y\" id=\"image_481879096\">\n\t\t\t\t\t\t\t\t<div class=\"img-inner dark\" >\n\t\t\t<img loading=\"lazy\" decoding=\"async\" width=\"1020\" height=\"349\" src=\"https:\/\/www.cerakotesa.com\/wp-content\/uploads\/2021\/06\/expoxy_vs_cerakote_corrosion_test-1024x350.jpg\" class=\"attachment-large size-large\" alt=\"Test di corrosione epossidica vs. Cerakote\" srcset=\"https:\/\/www.cerakotesa.com\/wp-content\/uploads\/2021\/06\/expoxy_vs_cerakote_corrosion_test-1024x350.jpg 1024w, https:\/\/www.cerakotesa.com\/wp-content\/uploads\/2021\/06\/expoxy_vs_cerakote_corrosion_test-247x84.jpg 247w, https:\/\/www.cerakotesa.com\/wp-content\/uploads\/2021\/06\/expoxy_vs_cerakote_corrosion_test-510x174.jpg 510w, https:\/\/www.cerakotesa.com\/wp-content\/uploads\/2021\/06\/expoxy_vs_cerakote_corrosion_test-300x103.jpg 300w, https:\/\/www.cerakotesa.com\/wp-content\/uploads\/2021\/06\/expoxy_vs_cerakote_corrosion_test-768x263.jpg 768w, https:\/\/www.cerakotesa.com\/wp-content\/uploads\/2021\/06\/expoxy_vs_cerakote_corrosion_test.jpg 1170w\" sizes=\"auto, (max-width: 1020px) 100vw, 1020px\" \/>\t\t\t\t\t\t\n\t\t\t\t\t<\/div>\n\t\t\t\t\t\t\t\t\n<style>\n#image_481879096 {\n  width: 100%;\n}\n<\/style>\n\t<\/div>\n\t\n\n\n\t\t<\/div>\n\t\t\t\t\t<\/div>\n\n\t\n\n\t<div id=\"col-512183948\" class=\"col medium-6 small-12 large-6\"  >\n\t\t\t\t<div class=\"col-inner\"  >\n\t\t\t\n\t\t\t\n\n<p><span style=\"color:#f69422\"><strong>Rivestimenti e pretrattamenti comuni che Cerakote sostituisce:<\/strong><\/p>\n<ul>\n<li>Tutte le vernici<\/li>\n<li>Anodizzazione<\/li>\n<li>Fosfato di ferro<\/li>\n<li>Fosfato di zinco<\/li>\n<li>Primer epossidici<\/li>\n<li>Cromato<\/li>\n<li>Xylan\u00ae<\/li>\n<li>Rivestimento in polvere<\/li>\n<li>Epossidico legato per fusione<\/li>\n<li>Nichelaturav\n<li>Nitrurazione a bagno di sale<\/li>\n<li>Zincatura<\/li>\n<li>PTFE<\/li>\n<\/ul>\n\n\t\t<\/div>\n\t\t\t\t\t<\/div>\n\n\t\n\n\t<div id=\"col-1331489948\" class=\"col medium-6 small-12 large-6\"  >\n\t\t\t\t<div class=\"col-inner\"  >\n\t\t\t\n\t\t\t\n\n<p><span style=\"color:#f69422\"><strong>Sui substrati si pu\u00f2 applicare Cerakote:<\/strong><\/p>\n<ul>\n<li>Alluminio - Tutti i gradi<\/li>\n<li>Acciaio dolce<\/li>\n<li>Acciaio Stainless - Tutti i gradi<\/li>\n<li>Inconel - Tutti i gradi<\/li>\n<li>Superlega<\/li>\n<li>Ferro duttile o ghisa<\/li>\n<li>Titanium<\/li>\n<li>Magnesio<\/li>\n<\/ul>\n\n\t\t<\/div>\n\t\t\t\t\t<\/div>\n\n\t\n\n<\/div>\n<div class=\"row\" style=\"max-width:1170px\" id=\"row-148469868\">\n\n\n\t<div id=\"col-1618138275\" class=\"col small-12 large-12\"  >\n\t\t\t\t<div class=\"col-inner\"  >\n\t\t\t\n\t\t\t\n\n<p>Che si tratti di utensili, flange, valvole o aree filettate, Cerakote \u00e8 la soluzione ai problemi di corrosione e durata.<\/p>\n<p>Cerakote si dedica alla produzione di prodotti di altissima qualit\u00e0 per i propri clienti. Tutti i nostri prodotti sono fabbricati, prodotti e spediti proprio qui negli Stati Uniti. Sappiamo che il risultato finale \u00e8 importante. Se per voi \u00e8 importante, Finish Strong\u2122 con Cerakote.<\/p>\n<h2><span style=\"color: #f69422;\">COME POSSO INIZIARE A LAVORARE CON IL CERAKOTE?<\/span><\/h2>\n<p>Produttori, proprietari e operatori, contattateci per discutere una dimostrazione gratuita di Cerakote sulle vostre apparecchiature. Cerakote \u00e8 disponibile in oltre 85 paesi e pu\u00f2 essere integrato economicamente nel vostro attuale processo di finitura o affidato a uno dei nostri applicatori certificati formati in fabbrica in tutto il mondo.<\/p>\n<p>Inviateci un'e-mail all'indirizzo <a href=\"mailto:enquiries@cerakoteeu.com\">enquiries@cerakoteeu.com\u00a0<\/a>per saperne di pi\u00f9!<\/p>\n\n\t\t<\/div>\n\t\t\t\t\t<\/div>\n\n\t\n\n<\/div>\n\n\t\t<\/div>\n\n\t\t\n<style>\n#section_1781246540 {\n  padding-top: 30px;\n  padding-bottom: 30px;\n}\n<\/style>\n\t<\/section>\n\t\n\n\t<section class=\"section\" id=\"section_2127179471\">\n\t\t<div class=\"section-bg fill\" >\n\t\t\t\t\t\t\t\t\t\n\t\t\t\n\n\t\t<\/div>\n\n\t\t\n\n\t\t<div class=\"section-content relative\">\n\t\t\t\n\n<div class=\"row\" style=\"max-width:1170px\" id=\"row-1312379092\">\n\n\n\t<div id=\"col-942612607\" class=\"col small-12 large-12\"  >\n\t\t\t\t<div class=\"col-inner\"  >\n\t\t\t\n\t\t\t\n\n\t<div class=\"img has-hover x md-x lg-x y md-y lg-y\" id=\"image_967806205\">\n\t\t\t\t\t\t\t\t<div class=\"img-inner dark\" >\n\t\t\t<img loading=\"lazy\" decoding=\"async\" width=\"1020\" height=\"349\" src=\"https:\/\/www.cerakotesa.com\/wp-content\/uploads\/2021\/06\/cerakote_corrosion_test-1024x350.jpg\" class=\"attachment-large size-large\" alt=\"Test di corrosione Cerakote\" srcset=\"https:\/\/www.cerakotesa.com\/wp-content\/uploads\/2021\/06\/cerakote_corrosion_test-1024x350.jpg 1024w, https:\/\/www.cerakotesa.com\/wp-content\/uploads\/2021\/06\/cerakote_corrosion_test-247x84.jpg 247w, https:\/\/www.cerakotesa.com\/wp-content\/uploads\/2021\/06\/cerakote_corrosion_test-510x174.jpg 510w, https:\/\/www.cerakotesa.com\/wp-content\/uploads\/2021\/06\/cerakote_corrosion_test-300x103.jpg 300w, https:\/\/www.cerakotesa.com\/wp-content\/uploads\/2021\/06\/cerakote_corrosion_test-768x263.jpg 768w, https:\/\/www.cerakotesa.com\/wp-content\/uploads\/2021\/06\/cerakote_corrosion_test.jpg 1170w\" sizes=\"auto, (max-width: 1020px) 100vw, 1020px\" \/>\t\t\t\t\t\t\n\t\t\t\t\t<\/div>\n\t\t\t\t\t\t\t\t\n<style>\n#image_967806205 {\n  width: 100%;\n}\n<\/style>\n\t<\/div>\n\t\n\n\n\t\t<\/div>\n\t\t\t\t\t<\/div>\n\n\t\n\n<\/div>\n\n\t\t<\/div>\n\n\t\t\n<style>\n#section_2127179471 {\n  padding-top: 30px;\n  padding-bottom: 30px;\n}\n<\/style>\n\t<\/section>\n\t\n\n\t<section class=\"section\" id=\"section_518497622\">\n\t\t<div class=\"section-bg fill\" >\n\t\t\t\t\t\t\t\t\t\n\t\t\t\n\n\t\t<\/div>\n\n\t\t\n\n\t\t<div class=\"section-content relative\">\n\t\t\t\n\n<div class=\"row\" style=\"max-width:1170px\" id=\"row-586880411\">\n\n\n\t<div id=\"col-1495705689\" class=\"col small-12 large-12\"  >\n\t\t\t\t<div class=\"col-inner\"  >\n\t\t\t\n\t\t\t\n\n\n  <div class=\"banner has-hover\" id=\"banner-1658633053\">\n          <div class=\"banner-inner fill\">\n        <div class=\"banner-bg fill\" >\n                                                \n                    <\/div>\n\t\t\n        <div class=\"banner-layers container\">\n            <div class=\"fill banner-link\"><\/div>            \n\n   <div id=\"text-box-679650583\" class=\"text-box banner-layer x50 md-x50 lg-x50 y50 md-y50 lg-y50 res-text\">\n                                <div class=\"text-box-content text dark\">\n              \n              <div class=\"text-inner text-center\">\n                  \n\n<p><span style=\"color:#ffffff; font-size:38px\">Estendete la protezione dei vostri prodotti ad alte prestazioni...<\/span> <span style=\"color:#1788e4; font-size:38px\">FINALMENTE FORTE<\/span><span style=\"color:#ffffff; font-size:38px\"> con Cerakote oggi stesso!<\/span><\/p>\n<a href=\"\/contact\" class=\"button primary\" >\n\t\t<span>CONTATTO<\/span>\n\t<\/a>\n\n\n\n              <\/div>\n           <\/div>\n                            \n<style>\n#text-box-679650583 {\n  width: 60%;\n}\n#text-box-679650583 .text-box-content {\n  font-size: 100%;\n}\n<\/style>\n    <\/div>\n \n\n        <\/div>\n      <\/div>\n\n            \n<style>\n#banner-1658633053 {\n  padding-top: 500px;\n  background-color: rgb(29, 25, 25);\n}\n<\/style>\n  <\/div>\n\n\n\n\t\t<\/div>\n\t\t\t\t\t<\/div>\n\n\t\n\n<\/div>\n\n\t\t<\/div>\n\n\t\t\n<style>\n#section_518497622 {\n  padding-top: 30px;\n  padding-bottom: 30px;\n}\n<\/style>\n\t<\/section>","protected":false},"excerpt":{"rendered":"","protected":false},"author":1,"featured_media":0,"parent":6831,"menu_order":0,"comment_status":"closed","ping_status":"closed","template":"page-blank.php","meta":{"_acf_changed":false,"footnotes":""},"class_list":["post-6949","page","type-page","status-publish","hentry"],"yoast_head":"<!-- This site is optimized with the Yoast SEO plugin v26.7 - https:\/\/yoast.com\/wordpress\/plugins\/seo\/ -->\n<title>Cerakote Protection for Oil &amp; Gas Industries | Cerakote in Industry - Cerakote South Africa<\/title>\n<meta name=\"robots\" content=\"index, follow, max-snippet:-1, max-image-preview:large, max-video-preview:-1\" \/>\n<link rel=\"canonical\" href=\"https:\/\/www.cerakotesa.com\/it\/cerakote-industries\/oil-and-gas\/\" \/>\n<meta property=\"og:locale\" content=\"it_IT\" \/>\n<meta property=\"og:type\" content=\"article\" \/>\n<meta property=\"og:title\" content=\"Cerakote Protection for Oil &amp; Gas Industries | Cerakote in Industry - Cerakote South Africa\" \/>\n<meta property=\"og:url\" content=\"https:\/\/www.cerakotesa.com\/it\/cerakote-industries\/oil-and-gas\/\" \/>\n<meta property=\"og:site_name\" content=\"Cerakote South Africa\" \/>\n<meta property=\"article:modified_time\" content=\"2023-07-26T11:29:33+00:00\" \/>\n<meta name=\"twitter:card\" content=\"summary_large_image\" \/>\n<meta name=\"twitter:label1\" content=\"Tempo di lettura stimato\" \/>\n\t<meta name=\"twitter:data1\" content=\"4 minuti\" \/>\n<script type=\"application\/ld+json\" class=\"yoast-schema-graph\">{\"@context\":\"https:\/\/schema.org\",\"@graph\":[{\"@type\":\"WebPage\",\"@id\":\"https:\/\/www.cerakotesa.com\/cerakote-industries\/oil-and-gas\/\",\"url\":\"https:\/\/www.cerakotesa.com\/cerakote-industries\/oil-and-gas\/\",\"name\":\"Cerakote Protection for Oil & Gas Industries | Cerakote in Industry - Cerakote South Africa\",\"isPartOf\":{\"@id\":\"https:\/\/www.cerakotesa.com\/#website\"},\"datePublished\":\"2021-06-15T19:12:08+00:00\",\"dateModified\":\"2023-07-26T11:29:33+00:00\",\"breadcrumb\":{\"@id\":\"https:\/\/www.cerakotesa.com\/cerakote-industries\/oil-and-gas\/#breadcrumb\"},\"inLanguage\":\"it-IT\",\"potentialAction\":[{\"@type\":\"ReadAction\",\"target\":[\"https:\/\/www.cerakotesa.com\/cerakote-industries\/oil-and-gas\/\"]}]},{\"@type\":\"BreadcrumbList\",\"@id\":\"https:\/\/www.cerakotesa.com\/cerakote-industries\/oil-and-gas\/#breadcrumb\",\"itemListElement\":[{\"@type\":\"ListItem\",\"position\":1,\"name\":\"Home\",\"item\":\"https:\/\/www.cerakotesa.com\/\"},{\"@type\":\"ListItem\",\"position\":2,\"name\":\"Industries\",\"item\":\"https:\/\/www.cerakotesa.com\/cerakote-industries\/\"},{\"@type\":\"ListItem\",\"position\":3,\"name\":\"Cerakote Protection for Oil &#038; Gas Industries | Cerakote in Industry\"}]},{\"@type\":\"WebSite\",\"@id\":\"https:\/\/www.cerakotesa.com\/#website\",\"url\":\"https:\/\/www.cerakotesa.com\/\",\"name\":\"Cerakote South Africa\",\"description\":\"Cerakote is a global leader in the manufacturing of thin-film protective ceramic coatings\",\"potentialAction\":[{\"@type\":\"SearchAction\",\"target\":{\"@type\":\"EntryPoint\",\"urlTemplate\":\"https:\/\/www.cerakotesa.com\/?s={search_term_string}\"},\"query-input\":{\"@type\":\"PropertyValueSpecification\",\"valueRequired\":true,\"valueName\":\"search_term_string\"}}],\"inLanguage\":\"it-IT\"}]}<\/script>\n<!-- \/ Yoast SEO plugin. -->","yoast_head_json":{"title":"Cerakote Protection for Oil & Gas Industries | Cerakote in Industry - Cerakote South Africa","robots":{"index":"index","follow":"follow","max-snippet":"max-snippet:-1","max-image-preview":"max-image-preview:large","max-video-preview":"max-video-preview:-1"},"canonical":"https:\/\/www.cerakotesa.com\/it\/cerakote-industries\/oil-and-gas\/","og_locale":"it_IT","og_type":"article","og_title":"Cerakote Protection for Oil & Gas Industries | Cerakote in Industry - Cerakote South Africa","og_url":"https:\/\/www.cerakotesa.com\/it\/cerakote-industries\/oil-and-gas\/","og_site_name":"Cerakote South Africa","article_modified_time":"2023-07-26T11:29:33+00:00","twitter_card":"summary_large_image","twitter_misc":{"Tempo di lettura stimato":"4 minuti"},"schema":{"@context":"https:\/\/schema.org","@graph":[{"@type":"WebPage","@id":"https:\/\/www.cerakotesa.com\/cerakote-industries\/oil-and-gas\/","url":"https:\/\/www.cerakotesa.com\/cerakote-industries\/oil-and-gas\/","name":"Cerakote Protection for Oil & Gas Industries | Cerakote in Industry - Cerakote South Africa","isPartOf":{"@id":"https:\/\/www.cerakotesa.com\/#website"},"datePublished":"2021-06-15T19:12:08+00:00","dateModified":"2023-07-26T11:29:33+00:00","breadcrumb":{"@id":"https:\/\/www.cerakotesa.com\/cerakote-industries\/oil-and-gas\/#breadcrumb"},"inLanguage":"it-IT","potentialAction":[{"@type":"ReadAction","target":["https:\/\/www.cerakotesa.com\/cerakote-industries\/oil-and-gas\/"]}]},{"@type":"BreadcrumbList","@id":"https:\/\/www.cerakotesa.com\/cerakote-industries\/oil-and-gas\/#breadcrumb","itemListElement":[{"@type":"ListItem","position":1,"name":"Home","item":"https:\/\/www.cerakotesa.com\/"},{"@type":"ListItem","position":2,"name":"Industries","item":"https:\/\/www.cerakotesa.com\/cerakote-industries\/"},{"@type":"ListItem","position":3,"name":"Cerakote Protection for Oil &#038; Gas Industries | Cerakote in Industry"}]},{"@type":"WebSite","@id":"https:\/\/www.cerakotesa.com\/#website","url":"https:\/\/www.cerakotesa.com\/","name":"Cerakote South Africa","description":"Cerakote \u00e8 leader mondiale nella produzione di rivestimenti ceramici protettivi a film sottile.","potentialAction":[{"@type":"SearchAction","target":{"@type":"EntryPoint","urlTemplate":"https:\/\/www.cerakotesa.com\/?s={search_term_string}"},"query-input":{"@type":"PropertyValueSpecification","valueRequired":true,"valueName":"search_term_string"}}],"inLanguage":"it-IT"}]}},"acf":[],"_links":{"self":[{"href":"https:\/\/www.cerakotesa.com\/it\/wp-json\/wp\/v2\/pages\/6949","targetHints":{"allow":["GET"]}}],"collection":[{"href":"https:\/\/www.cerakotesa.com\/it\/wp-json\/wp\/v2\/pages"}],"about":[{"href":"https:\/\/www.cerakotesa.com\/it\/wp-json\/wp\/v2\/types\/page"}],"author":[{"embeddable":true,"href":"https:\/\/www.cerakotesa.com\/it\/wp-json\/wp\/v2\/users\/1"}],"replies":[{"embeddable":true,"href":"https:\/\/www.cerakotesa.com\/it\/wp-json\/wp\/v2\/comments?post=6949"}],"version-history":[{"count":0,"href":"https:\/\/www.cerakotesa.com\/it\/wp-json\/wp\/v2\/pages\/6949\/revisions"}],"up":[{"embeddable":true,"href":"https:\/\/www.cerakotesa.com\/it\/wp-json\/wp\/v2\/pages\/6831"}],"wp:attachment":[{"href":"https:\/\/www.cerakotesa.com\/it\/wp-json\/wp\/v2\/media?parent=6949"}],"curies":[{"name":"wp","href":"https:\/\/api.w.org\/{rel}","templated":true}]}}